{"id":101791,"date":"2026-02-04T15:43:35","date_gmt":"2026-02-04T15:43:35","guid":{"rendered":"https:\/\/beta.truzzer.com\/legal-information\/"},"modified":"2026-02-13T08:21:36","modified_gmt":"2026-02-13T08:21:36","slug":"legal-information","status":"publish","type":"page","link":"https:\/\/www.truzzer.com\/da\/legal-information\/","title":{"rendered":"Juridisk information"},"content":{"rendered":"<article class=\"entry-content post-22029 page type-page status-publish hentry\" id=\"post-22029\">\n<p><strong>\u00a0<\/strong><\/p>\n<p>truzzer.com, et produkt fra eKomi Inc.<\/p>\n<p>9100 Wilshire Boulevard, #725 E<br \/>\nBeverly Hills, CA 90210<\/p>\n<p><strong>Arbejdsgiver-id-nummer 46-3575280\u00a0 <\/strong><\/p>\n<h4><strong>Kontakt:<\/strong><\/h4>\n<p>Telefon:<\/p>\n<p>NL: +31 0137009709<\/p>\n<p>USA: +1 844-356-6487<br \/>\nIT: +39 800727483<br \/>\nFR: +33-185149756<br \/>\nStorbritannien: +49 030 2000 444 999<br \/>\nES: +34 911238286<\/p>\n<p>(Sp\u00f8rgsm\u00e5l vil blive besvaret inden for 24 timer)<\/p>\n<p>Fax: +49 030 2000 444 998<\/p>\n<p>E-mail: <a class=\"__cf_email__\" data-cfemail=\"a2cac7cececde2d6d0d7d8d8c7d08cc1cdcf\" href=\"\/cdn-cgi\/l\/email-protection\">[email\u00a0beskyttet]<\/a><\/p>\n<p>I overensstemmelse med artikel 36 i den tyske lov om forbrugertvistbil\u00e6ggelse (Verbraucherstreitbeilegungsgesetz) er vi forpligtet til at informere dig om den europ\u00e6iske online-tvistbil\u00e6ggelsesplatform (ODR-platform), som leveres af Europa-Kommissionen, som kan findes p\u00e5:<\/p>\n<p>https:\/\/ec.europa.eu\/consumers\/odr.<\/p>\n<p>eKomi Holding GmbH deltager ikke i sager p\u00e5 denne platform eller i andre tvistbil\u00e6ggelsessager, der f\u00f8res af et voldgiftsorgan, og er heller ikke forpligtet\u00a0til\u00a0det.<\/p>\n<p><\/artikel><\/p>\n","protected":false},"excerpt":{"rendered":"<p>\u00a0 truzzer.com, et produkt fra eKomi Inc. 9100 Wilshire Boulevard, #725 E Beverly Hills, CA 90210 Arbejdsgiver-id-nummer 46-3575280\u00a0 Kontakt: Telefon:<\/p>\n","protected":false},"author":1,"featured_media":0,"parent":0,"menu_order":0,"comment_status":"closed","ping_status":"closed","template":"","meta":{"_acf_changed":false,"_yoast_wpseo_focuskw":"","_yoast_wpseo_title":"","_yoast_wpseo_metadesc":"","footnotes":""},"class_list":["post-101791","page","type-page","status-publish","hentry"],"acf":[],"yoast_head":"<!-- This site is optimized with the Yoast SEO plugin v27.0 - https:\/\/yoast.com\/product\/yoast-seo-wordpress\/ -->\n<title>Juridisk information | truzzer<\/title>\n<meta name=\"robots\" content=\"index, follow, max-snippet:-1, max-image-preview:large, max-video-preview:-1\" \/>\n<link rel=\"canonical\" href=\"https:\/\/www.truzzer.com\/da\/legal-information\/\" \/>\n<meta property=\"og:locale\" content=\"da_DK\" \/>\n<meta property=\"og:type\" content=\"article\" \/>\n<meta property=\"og:title\" content=\"Juridisk information | truzzer\" \/>\n<meta property=\"og:description\" content=\"\u00a0 truzzer.com, et produkt fra eKomi Inc. 9100 Wilshire Boulevard, #725 E Beverly Hills, CA 90210 Arbejdsgiver-id-nummer 46-3575280\u00a0 Kontakt: Telefon:\" \/>\n<meta property=\"og:url\" content=\"https:\/\/www.truzzer.com\/da\/legal-information\/\" \/>\n<meta property=\"og:site_name\" content=\"truzzer\" \/>\n<meta property=\"article:modified_time\" content=\"2026-02-13T08:21:36+00:00\" \/>\n<meta name=\"twitter:card\" content=\"summary_large_image\" \/>\n<meta name=\"twitter:label1\" content=\"Estimeret l\u00e6setid\" \/>\n\t<meta name=\"twitter:data1\" content=\"1 minut\" \/>\n<script type=\"application\/ld+json\" class=\"yoast-schema-graph\">{\"@context\":\"https:\/\/schema.org\",\"@graph\":[{\"@type\":\"WebPage\",\"@id\":\"https:\/\/www.truzzer.com\/da\/legal-information\/\",\"url\":\"https:\/\/www.truzzer.com\/da\/legal-information\/\",\"name\":\"Juridisk information | truzzer\",\"isPartOf\":{\"@id\":\"https:\/\/www.truzzer.com\/da\/#website\"},\"datePublished\":\"2026-02-04T15:43:35+00:00\",\"dateModified\":\"2026-02-13T08:21:36+00:00\",\"breadcrumb\":{\"@id\":\"https:\/\/www.truzzer.com\/da\/legal-information\/#breadcrumb\"},\"inLanguage\":\"da-DK\",\"potentialAction\":[{\"@type\":\"ReadAction\",\"target\":[\"https:\/\/www.truzzer.com\/da\/legal-information\/\"]}]},{\"@type\":\"BreadcrumbList\",\"@id\":\"https:\/\/www.truzzer.com\/da\/legal-information\/#breadcrumb\",\"itemListElement\":[{\"@type\":\"ListItem\",\"position\":1,\"name\":\"Home\",\"item\":\"https:\/\/www.truzzer.com\/da\/\"},{\"@type\":\"ListItem\",\"position\":2,\"name\":\"Juridisk information\"}]},{\"@type\":\"WebSite\",\"@id\":\"https:\/\/www.truzzer.com\/da\/#website\",\"url\":\"https:\/\/www.truzzer.com\/da\/\",\"name\":\"truzzer\",\"description\":\"Experts for customer trust\",\"publisher\":{\"@id\":\"https:\/\/www.truzzer.com\/da\/#organization\"},\"potentialAction\":[{\"@type\":\"SearchAction\",\"target\":{\"@type\":\"EntryPoint\",\"urlTemplate\":\"https:\/\/www.truzzer.com\/da\/?s={search_term_string}\"},\"query-input\":{\"@type\":\"PropertyValueSpecification\",\"valueRequired\":true,\"valueName\":\"search_term_string\"}}],\"inLanguage\":\"da-DK\"},{\"@type\":\"Organization\",\"@id\":\"https:\/\/www.truzzer.com\/da\/#organization\",\"name\":\"truzzer\",\"url\":\"https:\/\/www.truzzer.com\/da\/\",\"logo\":{\"@type\":\"ImageObject\",\"inLanguage\":\"da-DK\",\"@id\":\"https:\/\/www.truzzer.com\/da\/#\/schema\/logo\/image\/\",\"url\":\"https:\/\/truzzer.com\/wp-content\/uploads\/2026\/01\/truzzer-logo-black-1.svg\",\"contentUrl\":\"https:\/\/truzzer.com\/wp-content\/uploads\/2026\/01\/truzzer-logo-black-1.svg\",\"width\":938,\"height\":199,\"caption\":\"truzzer\"},\"image\":{\"@id\":\"https:\/\/www.truzzer.com\/da\/#\/schema\/logo\/image\/\"}}]}<\/script>\n<!-- \/ Yoast SEO plugin. -->","yoast_head_json":{"title":"Juridisk information | truzzer","robots":{"index":"index","follow":"follow","max-snippet":"max-snippet:-1","max-image-preview":"max-image-preview:large","max-video-preview":"max-video-preview:-1"},"canonical":"https:\/\/www.truzzer.com\/da\/legal-information\/","og_locale":"da_DK","og_type":"article","og_title":"Juridisk information | truzzer","og_description":"\u00a0 truzzer.com, et produkt fra eKomi Inc. 9100 Wilshire Boulevard, #725 E Beverly Hills, CA 90210 Arbejdsgiver-id-nummer 46-3575280\u00a0 Kontakt: Telefon:","og_url":"https:\/\/www.truzzer.com\/da\/legal-information\/","og_site_name":"truzzer","article_modified_time":"2026-02-13T08:21:36+00:00","twitter_card":"summary_large_image","twitter_misc":{"Estimeret l\u00e6setid":"1 minut"},"schema":{"@context":"https:\/\/schema.org","@graph":[{"@type":"WebPage","@id":"https:\/\/www.truzzer.com\/da\/legal-information\/","url":"https:\/\/www.truzzer.com\/da\/legal-information\/","name":"Juridisk information | truzzer","isPartOf":{"@id":"https:\/\/www.truzzer.com\/da\/#website"},"datePublished":"2026-02-04T15:43:35+00:00","dateModified":"2026-02-13T08:21:36+00:00","breadcrumb":{"@id":"https:\/\/www.truzzer.com\/da\/legal-information\/#breadcrumb"},"inLanguage":"da-DK","potentialAction":[{"@type":"ReadAction","target":["https:\/\/www.truzzer.com\/da\/legal-information\/"]}]},{"@type":"BreadcrumbList","@id":"https:\/\/www.truzzer.com\/da\/legal-information\/#breadcrumb","itemListElement":[{"@type":"ListItem","position":1,"name":"Home","item":"https:\/\/www.truzzer.com\/da\/"},{"@type":"ListItem","position":2,"name":"Juridisk information"}]},{"@type":"WebSite","@id":"https:\/\/www.truzzer.com\/da\/#website","url":"https:\/\/www.truzzer.com\/da\/","name":"truzzer","description":"Experts for customer trust","publisher":{"@id":"https:\/\/www.truzzer.com\/da\/#organization"},"potentialAction":[{"@type":"SearchAction","target":{"@type":"EntryPoint","urlTemplate":"https:\/\/www.truzzer.com\/da\/?s={search_term_string}"},"query-input":{"@type":"PropertyValueSpecification","valueRequired":true,"valueName":"search_term_string"}}],"inLanguage":"da-DK"},{"@type":"Organization","@id":"https:\/\/www.truzzer.com\/da\/#organization","name":"truzzer","url":"https:\/\/www.truzzer.com\/da\/","logo":{"@type":"ImageObject","inLanguage":"da-DK","@id":"https:\/\/www.truzzer.com\/da\/#\/schema\/logo\/image\/","url":"https:\/\/truzzer.com\/wp-content\/uploads\/2026\/01\/truzzer-logo-black-1.svg","contentUrl":"https:\/\/truzzer.com\/wp-content\/uploads\/2026\/01\/truzzer-logo-black-1.svg","width":938,"height":199,"caption":"truzzer"},"image":{"@id":"https:\/\/www.truzzer.com\/da\/#\/schema\/logo\/image\/"}}]}},"_links":{"self":[{"href":"https:\/\/www.truzzer.com\/da\/wp-json\/wp\/v2\/pages\/101791","targetHints":{"allow":["GET"]}}],"collection":[{"href":"https:\/\/www.truzzer.com\/da\/wp-json\/wp\/v2\/pages"}],"about":[{"href":"https:\/\/www.truzzer.com\/da\/wp-json\/wp\/v2\/types\/page"}],"author":[{"embeddable":true,"href":"https:\/\/www.truzzer.com\/da\/wp-json\/wp\/v2\/users\/1"}],"replies":[{"embeddable":true,"href":"https:\/\/www.truzzer.com\/da\/wp-json\/wp\/v2\/comments?post=101791"}],"version-history":[{"count":0,"href":"https:\/\/www.truzzer.com\/da\/wp-json\/wp\/v2\/pages\/101791\/revisions"}],"wp:attachment":[{"href":"https:\/\/www.truzzer.com\/da\/wp-json\/wp\/v2\/media?parent=101791"}],"curies":[{"name":"wp","href":"https:\/\/api.w.org\/{rel}","templated":true}]}}