{"id":101794,"date":"2026-02-04T15:43:10","date_gmt":"2026-02-04T15:43:10","guid":{"rendered":"https:\/\/beta.truzzer.com\/revocation\/"},"modified":"2026-02-13T08:22:26","modified_gmt":"2026-02-13T08:22:26","slug":"revocation","status":"publish","type":"page","link":"https:\/\/www.truzzer.com\/da\/revocation\/","title":{"rendered":"Tilbagekaldelse"},"content":{"rendered":"<article class=\"entry-content post-22031 page type-page status-publish hentry\" id=\"post-22031\">\n<p><strong>\u00a0<\/strong><\/p>\n<p><strong>Meddelelse til forbrugere om annullering af kontrakter for varer leveret i en enkelt forsendelse<\/strong><\/p>\n<p><em>Afbestillingspolitik<\/em><br \/>\nEn forbruger er enhver fysisk person, der gennemf\u00f8rer en juridisk transaktion til form\u00e5l, der for st\u00f8rstedelens vedkommende ikke kan henf\u00f8res til nogen erhvervsm\u00e6ssig aktivitet af hverken kommerciel eller selvst\u00e6ndig karakter, de deltager i.<\/p>\n<p><em>Fortrydelsesret<\/em><br \/>\nDu har ret til at annullere denne kontrakt uden at angive grunde inden for en fortrydelsesfrist p\u00e5 fjorten dage, der begynder p\u00e5 den dag, hvor du eller en tredjepart, som er udpeget af dig (du kan ikke udpege transport\u00f8ren) modtager varerne. For at ud\u00f8ve din fortrydelsesret skal du give os besked (<\/p>\n<p>).<\/p>\n<p><strong>truzzer.com<\/strong><br \/>\nASMUS&amp;HOCK GbR<br \/>\nMoltkestr. 25<br \/>\n42799 Tyskland Telefonnummer: +49 2175 978 366 3<br \/>\nE-mailadresse: <a class=\"__cf_email__\" data-cfemail=\"d7bfb2bbbbb897a3a5a2adadb2a5f9b4b8ba\" href=\"\/cdn-cgi\/l\/email-protection\">[email\u00a0beskyttet]<\/a><\/p>\n<p>). Du kan \u2013 men er ikke forpligtet til \u2013 at bruge den fortrydelsesformularskabelon, der er vedlagt denne fortrydelsespolitik. Du vil blive anset for at have overholdt den f\u00f8rn\u00e6vnte fortrydelsesfrist, hvis dit brev, fax eller e-mail, der giver os besked om brugen af din fortrydelsesret, blev sendt inden udl\u00f8bet af fortrydelsesfristen.<\/p>\n<p><em>Konsekvenser af annullering<\/em><br \/>\nHvis du annullerer denne kontrakt, er vi forpligtet til at tilbagebetale alle betalinger, vi har modtaget fra dig (inklusive forsendelsesomkostninger, men eksklusive ekstra omkostninger, der er p\u00e5l\u00f8bet som f\u00f8lge af, at du har valgt en anden forsendelsesmulighed end den standard, laveste forsendelsesmulighed, vi tilbyder) uden forsinkelse og inden for en periode p\u00e5 h\u00f8jst fjorten dage fra den dato, hvor vi modtager dit brev, fax eller e-mail, der giver os besked om annulleringen. Tilbagebetaling sker ved brug af den samme betalingstype, som du brugte til den oprindelige transaktion, medmindre andet er aftalt med dig; du vil under ingen omst\u00e6ndigheder blive opkr\u00e6vet gebyrer i forbindelse med tilbagebetaling. Vi forbeholder os retten til at n\u00e6gte tilbagebetaling indtil det tidspunkt, hvor vi har modtaget de returnerede varer, eller indtil du har fremlagt bevis for, at du har returneret varerne (alt efter hvad der er det tidligste tidspunkt). Du er forpligtet til at returnere varerne til os uden forsinkelse og inden for en maksimal periode p\u00e5 fjorten dage fra den dato, hvor du meddeler os annulleringen af \u200b\u200bdenne kontrakt. Du vil blive anset for at have overholdt ovenn\u00e6vnte returperiode, hvis du afsender varerne inden udl\u00f8bet af den fjorten dages frist.<\/p>\n<p>Du er ansvarlig for de direkte omkostninger ved at returnere varerne.<br \/>\nDu er kun ansvarlig for enhver v\u00e6rdiforringelse af varernes v\u00e6rdi, hvis en s\u00e5dan v\u00e6rdiforringelse kan tilskrives din ikke-v\u00e6sentlige h\u00e5ndtering af varerne til andre form\u00e5l end verifikation af arten, egenskaberne og funktionaliteten deraf.<\/p>\n<p><em>Skabelon til annulleringsformular<\/em><br \/>\n(Hvis du \u00f8nsker at annullere kontrakten, bedes du udfylde denne formular og sende den tilbage til os.)<br \/>\n\u2013 Til<\/p>\n<p><strong>truzzer.com<\/strong><br \/>\nASMUS&amp;HOCK GbR<br \/>\nMoltkestr. 25<br \/>\n42799 Tyskland Telefonnummer: +49 2175 978 366 3<br \/>\nE-mailadresse: <a class=\"__cf_email__\" data-cfemail=\"2e464b4242416e5a5c5b54544b5c004d4143\" href=\"\/cdn-cgi\/l\/email-protection\">[e-mail\u00a0beskyttet]<\/a><\/p>\n<p>:<br \/>\n\u2013 Jeg\/vi (*) annullerer hermed den kontrakt, jeg\/vi (*) har indg\u00e5et om k\u00f8b af f\u00f8lgende varer (*)\/ levering af f\u00f8lgende service (*)<br \/>\n\u2013 Bestilt (*)\/Modtaget (*)<br \/>\n\u2013 Navn p\u00e5 forbruger(e)<br \/>\n\u2013 Adresse p\u00e5 forbruger(e)<br \/>\n\u2013 Underskrift af forbruger(e) (kun p\u00e5kr\u00e6vet, hvis annulleringen er indgivet i papirform)<br \/>\n\u2013 Dato<br \/>\n\u2014\u2014\u2014\u2014\u2014\u2014\u2014\u2014\u2014\u2014\u2014\u2014\u2014<br \/>\n(*) Slet som relevant.<\/p>\n<p><em>Udelukkelse og for tidligt udl\u00f8b af fortrydelsesretten<\/em><br \/>\nFortrydelsesretten g\u00e6lder ikke kontrakter for<br \/>\nlevering af varer, der ikke er pr\u00e6fabrikerede, og hvis fremstilling enten er defineret af de valgte muligheder og form\u00e5l, som forbrugeren har tilt\u00e6nkt, eller tydeligt skr\u00e6ddersyet til forbrugerens personlige behov;<br \/>\nlevering af varer, der kan g\u00e5 til grunde hurtigt eller hurtigt overskride deres udl\u00f8bsdato;<br \/>\nlevering af alkoholholdige drikkevarer, for hvilke der blev aftalt en pris p\u00e5 tidspunktet for kontraktens indg\u00e5else, men som tidligst kan leveres 30 dage efter kontraktens indg\u00e5else, og hvis aktuelle v\u00e6rdi er underlagt udsving p\u00e5 markedet, som iv\u00e6rks\u00e6tteren ikke har indflydelse p\u00e5;<br \/>\nlevering af aviser, tidsskrifter eller glossy magasiner med undtagelse af dem, der er abonnement p\u00e5. Fortrydelsesretten bortfalder f\u00f8r tid i tilf\u00e6lde af aftaler om levering af lukkede varer, som af sundhedsbeskyttelses- eller hygiejnehensyn anses for uegnede til returnering, for s\u00e5 vidt deres forsegling er brudt efter leveringen, som f\u00f8lge af levering af varer, som er ensartet sammensat med andre varer, levering;levering af lyd- eller videooptagelser eller computersoftware i en forseglet pakke, i det omfang deres segl blev fjernet efter levering.<\/p>\n<p><strong>Meddelelse til forbrugere om annullering af kontrakter om levering af flere varer bestilt som en enkelt ordre, men leveret separat<\/strong><\/p>\n<p><em>Afbestillingspolitik<\/em><br \/>\nEn forbruger er enhver fysisk person, der gennemf\u00f8rer en juridisk transaktion til form\u00e5l, der for st\u00f8rstedelens vedkommende ikke kan henf\u00f8res til nogen erhvervsm\u00e6ssig aktivitet af hverken kommerciel eller selvst\u00e6ndig karakter, de deltager i.<\/p>\n<p><em>Fortrydelsesret<\/em><br \/>\nDu har ret til at annullere denne kontrakt uden at angive grunde inden for en fortrydelsesperiode p\u00e5 fjorten dage, der begynder p\u00e5 den dag, hvor du eller en tredjepart, som du har udpeget (du kan ikke udpege transport\u00f8ren), modtager de sidste varer. For at ud\u00f8ve din fortrydelsesret skal du give os besked (<\/p>\n<p>).<\/p>\n<p><strong>truzzer.com<\/strong><br \/>\nASMUS&amp;HOCK GbR<br \/>\nMoltkestr. 25<br \/>\n42799 Tyskland Telefonnummer: +49 2175 978 366 3<br \/>\nE-mailadresse: <a class=\"__cf_email__\" data-cfemail=\"375f525b5b58774345424d4d52451954585a\" href=\"\/cdn-cgi\/l\/email-protection\">[email\u00a0beskyttet]<\/a>) p\u00e5 din beslutning om at annullere denne kontrakt ved at annullere denne form. et brev sendt med post, fax eller e-mail). Du kan \u2013 men er ikke forpligtet til \u2013 at bruge den fortrydelsesformularskabelon, der er vedlagt denne fortrydelsespolitik. Du vil blive anset for at have overholdt den f\u00f8rn\u00e6vnte fortrydelsesfrist, hvis dit brev, fax eller e-mail, der giver os besked om brugen af din fortrydelsesret, blev sendt inden udl\u00f8bet af fortrydelsesfristen.<\/p>\n<p><em>Konsekvenser af annullering<\/em><br \/>\nHvis du annullerer denne kontrakt, er vi forpligtet til at tilbagebetale alle betalinger, vi har modtaget fra dig (inklusive forsendelsesomkostninger, men ekskl. ekstra omkostninger, der er p\u00e5l\u00f8bet som f\u00f8lge af, at du har valgt en anden forsendelsesmulighed end den standard, laveste forsendelsesmulighed, vi tilbyder) uden forsinkelse og inden for en periode p\u00e5 h\u00f8jst fjorten dage fra den dato, hvor vi modtager dit brev, fax eller e-mail, der giver os besked om annulleringen af denne kontrakt. Tilbagebetaling sker ved brug af den samme betalingstype, som du brugte til den oprindelige transaktion, medmindre andet er aftalt med dig; du vil under ingen omst\u00e6ndigheder blive opkr\u00e6vet gebyrer i forbindelse med tilbagebetaling. Vi forbeholder os retten til at n\u00e6gte tilbagebetaling indtil det tidspunkt, hvor vi har modtaget de returnerede varer, eller indtil du har fremlagt bevis for, at du har returneret varerne (alt efter hvad der er det tidligste tidspunkt). Du er forpligtet til at returnere varerne til os uden forsinkelse og inden for en maksimal periode p\u00e5 fjorten dage fra den dato, hvor du meddeler os annulleringen af \u200b\u200bdenne kontrakt. Du vil blive anset for at have overholdt ovenn\u00e6vnte returperiode, hvis du afsender varerne inden udl\u00f8bet af den fjorten dages frist.<\/p>\n<p>Du er ansvarlig for de direkte omkostninger ved at returnere varerne. Du er kun ansvarlig for enhver v\u00e6rdiforringelse af varernes v\u00e6rdi, hvis en s\u00e5dan v\u00e6rdiforringelse kan tilskrives din ikke-v\u00e6sentlige h\u00e5ndtering af varerne til andre form\u00e5l end verifikation af arten, egenskaberne og funktionaliteten deraf.<\/p>\n<p><em>Skabelon til annulleringsformular<\/em><br \/>\n(Hvis du \u00f8nsker at annullere kontrakten, bedes du udfylde denne formular og sende den tilbage til os.)<br \/>\n\u2013 Til<\/p>\n<p><strong>truzzer.com<\/strong><br \/>\nASMUS&amp;HOCK GbR<br \/>\nMoltkestr. 25<br \/>\n42799 Tyskland Telefonnummer: +49 2175 978 366 3<br \/>\nE-mailadresse: <a class=\"__cf_email__\" data-cfemail=\"1f777a7373705f6b6d6a65657a6d317c7072\" href=\"\/cdn-cgi\/l\/email-protection\">[e-mail\u00a0beskyttet]<\/a><\/p>\n<p>:<br \/>\n\u2013 Jeg\/vi (*) annullerer hermed den kontrakt, jeg\/vi (*) har indg\u00e5et om k\u00f8b af f\u00f8lgende varer (*)\/ levering af f\u00f8lgende service (*)<br \/>\n\u2013 Bestilt (*)\/Modtaget (*)<br \/>\n\u2013 Navn p\u00e5 forbruger(e)<br \/>\n\u2013 Adresse p\u00e5 forbruger(e)<br \/>\n\u2013 Underskrift af forbruger(e) (kun p\u00e5kr\u00e6vet, hvis annulleringen er indgivet i papirform)<br \/>\n\u2013 Dato<br \/>\n\u2014\u2014\u2014\u2014\u2014\u2014\u2014\u2014\u2014\u2014\u2014\u2014\u2014<br \/>\n(*) Slet som relevant.<\/p>\n<p><em>Udelukkelse og for tidligt udl\u00f8b af fortrydelsesretten<\/em><br \/>\nFortrydelsesretten g\u00e6lder ikke for kontrakter om levering af varer, der ikke er pr\u00e6fabrikerede, og hvis fremstilling enten er defineret af de valgte muligheder og form\u00e5l, som forbrugeren har tilt\u00e6nkt, eller tydeligt skr\u00e6ddersyet til forbrugerens personlige behov;<br \/>\nlevering af varer, der kan g\u00e5 til grunde hurtigt eller hurtigt overskride deres udl\u00f8bsdato;<br \/>\nlevering af alkoholholdige drikkevarer, for hvilke der blev aftalt en pris p\u00e5 tidspunktet for kontraktens indg\u00e5else, men som tidligst kan leveres 30 dage efter kontraktens indg\u00e5else, og hvis aktuelle v\u00e6rdi er underlagt udsving p\u00e5 markedet, som iv\u00e6rks\u00e6tteren ikke har indflydelse p\u00e5;<br \/>\nlevering af aviser, tidsskrifter eller glossy magasiner med undtagelse af dem, der er abonnement p\u00e5. Fortrydelsesretten bortfalder f\u00f8r tid i tilf\u00e6lde af aftaler om levering af lukkede varer, som af sundhedsbeskyttelses- eller hygiejnehensyn anses for uegnede til returnering, for s\u00e5 vidt deres forsegling er brudt efter leveringen, som f\u00f8lge af levering af varer, som er ensartet sammensat med andre varer, levering;levering af lyd- eller videooptagelser eller computersoftware i en forseglet pakke, i det omfang deres segl blev fjernet efter levering.<\/p>\n<p><strong>Meddelelse til forbrugere om annullering af kontrakter for varer leveret i flere forsendelser eller dele<\/strong><\/p>\n<p><em>Afbestillingspolitik<\/em><br \/>\nEn forbruger er enhver fysisk person, der gennemf\u00f8rer en juridisk transaktion til form\u00e5l, der for st\u00f8rstedelens vedkommende ikke kan henf\u00f8res til nogen erhvervsm\u00e6ssig aktivitet af hverken kommerciel eller selvst\u00e6ndig karakter, de deltager i.<\/p>\n<p><em>Fortrydelsesret<\/em><br \/>\nDu har ret til at annullere denne kontrakt uden at angive grunde inden for en fortrydelsesperiode p\u00e5 fjorten dage, der begynder p\u00e5 den dag, hvor du eller en tredjepart udpeget af dig (du kan ikke udpege transport\u00f8ren) modtager den sidste forsendelse eller den sidste del af de bestilte varer. For at ud\u00f8ve din fortrydelsesret skal du give os besked (<\/p>\n<p>).<\/p>\n<p><strong>truzzer.com<\/strong><br \/>\nASMUS&amp;HOCK GbR<br \/>\nMoltkestr. 25<br \/>\n42799 Tyskland Telefonnummer: +49 2175 978 366 3<br \/>\nE-mailadresse: <a class=\"__cf_email__\" data-cfemail=\"640c0108080b241016111e1e01164a070b09\" href=\"\/cdn-cgi\/l\/email-protection\">[e-mail\u00a0beskyttet]<\/a><\/p>\n<p>) om din beslutning om at annullere denne kontrakt ved hj\u00e6lp af en utvetydig erkl\u00e6ring (f.eks. i form af et brev sendt pr. post, en fax eller en e-mail). Du kan \u2013 men er ikke forpligtet til \u2013 at bruge den fortrydelsesformularskabelon, der er vedlagt denne fortrydelsespolitik. Du vil blive anset for at have overholdt den f\u00f8rn\u00e6vnte fortrydelsesfrist, hvis dit brev, fax eller e-mail, der giver os besked om brugen af \u200b\u200bdin fortrydelsesret, blev sendt inden udl\u00f8bet af fortrydelsesfristen.<\/p>\n<p><em>Konsekvenser af annullering<\/em><br \/>\nHvis du annullerer denne kontrakt, er vi forpligtet til at tilbagebetale alle betalinger, vi har modtaget fra dig (inklusive forsendelsesomkostninger, men ekskl. ekstra omkostninger, der er p\u00e5l\u00f8bet som f\u00f8lge af, at du har valgt en anden forsendelsesmulighed end den standard, laveste forsendelsesmulighed, vi tilbyder) uden forsinkelse og inden for en periode p\u00e5 h\u00f8jst fjorten dage fra den dato, hvor vi modtager dit brev, fax eller e-mail, der giver os besked om annulleringen af denne kontrakt. Tilbagebetaling sker ved brug af den samme betalingstype, som du brugte til den oprindelige transaktion, medmindre andet er aftalt med dig; du vil under ingen omst\u00e6ndigheder blive opkr\u00e6vet gebyrer i forbindelse med tilbagebetaling. Vi forbeholder os retten til at n\u00e6gte tilbagebetaling indtil det tidspunkt, hvor vi har modtaget de returnerede varer, eller indtil du har fremlagt bevis for, at du har returneret varerne (alt efter hvad der er det tidligste tidspunkt). Du er forpligtet til at returnere varerne til os uden forsinkelse og inden for en maksimal periode p\u00e5 fjorten dage fra den dato, hvor du informerer os om annulleringen af \u200b\u200bdenne kontrakt. Du vil blive anset for at have overholdt ovenn\u00e6vnte returperiode, hvis du afsender varerne inden udl\u00f8bet af den fjorten dages frist.<\/p>\n<p>Du er ansvarlig for de direkte omkostninger ved at returnere varerne. Du er kun ansvarlig for enhver v\u00e6rdiforringelse af varernes v\u00e6rdi, hvis en s\u00e5dan v\u00e6rdiforringelse kan tilskrives din ikke-v\u00e6sentlige h\u00e5ndtering af varerne til andre form\u00e5l end verifikation af arten, egenskaberne og funktionaliteten deraf.<em>Fortrydelsesformularskabelon<\/em>(Hvis du \u00f8nsker at annullere kontrakten, bedes du udfylde denne formular og sende den tilbage til os.)<br \/>\n\u2013 Til :<\/p>\n<p><strong>truzzer.com<\/strong><br \/>\nASMUS&amp;HOCK GbR<br \/>\nMoltkestr. 25<br \/>\n42799 Tyskland Telefonnummer: +49 2175 978 366 3<br \/>\nE-mailadresse: <a class=\"__cf_email__\" data-cfemail=\"5f373a3333301f2b2d2a25253a2d713c3032\" href=\"\/cdn-cgi\/l\/email-protection\">[e-mail\u00a0beskyttet]<\/a><\/p>\n<p>\u2013 Jeg\/vi (*) annullerer hermed den kontrakt, jeg\/vi (*) har indg\u00e5et om k\u00f8b af f\u00f8lgende varer (*)\/ levering af f\u00f8lgende service (*)<br \/>\n\u2013 Bestilt (*)\/Modtaget (*)<br \/>\n\u2013 Navn p\u00e5 forbruger(e)<br \/>\n\u2013 Adresse p\u00e5 forbruger(e)<br \/>\n\u2013 Underskrift af forbruger(e) (kun p\u00e5kr\u00e6vet, hvis annulleringen er indgivet i papirform)<br \/>\n\u2013 Dato<br \/>\n\u2014\u2014\u2014\u2014\u2014\u2014\u2014\u2014\u2014\u2014\u2014\u2014\u2014<br \/>\n(*) Slet som relevant.<\/p>\n<p><em>Udelukkelse og for tidligt udl\u00f8b af fortrydelsesretten<\/em><br \/>\nFortrydelsesretten g\u00e6lder ikke kontrakter for<br \/>\nlevering af varer, der ikke er pr\u00e6fabrikerede, og hvis fremstilling enten er defineret af de valgte muligheder og form\u00e5l, som forbrugeren har tilt\u00e6nkt, eller tydeligt skr\u00e6ddersyet til forbrugerens personlige behov;<br \/>\nlevering af varer, der kan g\u00e5 til grunde hurtigt eller hurtigt overskride deres udl\u00f8bsdato;<br \/>\nlevering af alkoholholdige drikkevarer, for hvilke der blev aftalt en pris p\u00e5 tidspunktet for kontraktens indg\u00e5else, men som tidligst kan leveres 30 dage efter kontraktens indg\u00e5else, og hvis aktuelle v\u00e6rdi er underlagt udsving p\u00e5 markedet, som iv\u00e6rks\u00e6tteren ikke har indflydelse p\u00e5;<br \/>\nlevering af aviser, tidsskrifter eller glossy magasiner med undtagelse af dem, der er abonnement p\u00e5. Fortrydelsesretten bortfalder f\u00f8r tid i tilf\u00e6lde af aftaler om levering af lukkede varer, som af sundhedsbeskyttelses- eller hygiejnehensyn anses for uegnede til returnering, for s\u00e5 vidt deres forsegling er brudt efter leveringen, som f\u00f8lge af levering af varer, som er ensartet sammensat med andre varer, levering;levering af lyd- eller videooptagelser eller computersoftware i en forseglet pakke, i det omfang deres segl blev fjernet efter levering.<\/p>\n<p><\/artikel><\/p>\n","protected":false},"excerpt":{"rendered":"<p>\u00a0 Meddelelse til forbrugere om annullering af kontrakter for varer leveret i en enkelt forsendelse Afbestillingspolitik En forbruger er enhver<\/p>\n","protected":false},"author":1,"featured_media":0,"parent":0,"menu_order":0,"comment_status":"closed","ping_status":"closed","template":"","meta":{"_acf_changed":false,"_yoast_wpseo_focuskw":"","_yoast_wpseo_title":"","_yoast_wpseo_metadesc":"","footnotes":""},"class_list":["post-101794","page","type-page","status-publish","hentry"],"acf":[],"yoast_head":"<!-- This site is optimized with the Yoast SEO plugin v27.0 - https:\/\/yoast.com\/product\/yoast-seo-wordpress\/ -->\n<title>Tilbagekaldelse | truzzer<\/title>\n<meta name=\"robots\" content=\"index, follow, max-snippet:-1, max-image-preview:large, max-video-preview:-1\" \/>\n<link rel=\"canonical\" href=\"https:\/\/www.truzzer.com\/da\/revocation\/\" \/>\n<meta property=\"og:locale\" content=\"da_DK\" \/>\n<meta property=\"og:type\" content=\"article\" \/>\n<meta property=\"og:title\" content=\"Tilbagekaldelse | truzzer\" \/>\n<meta property=\"og:description\" content=\"\u00a0 Meddelelse til forbrugere om annullering af kontrakter for varer leveret i en enkelt forsendelse Afbestillingspolitik En forbruger er enhver\" \/>\n<meta property=\"og:url\" content=\"https:\/\/www.truzzer.com\/da\/revocation\/\" \/>\n<meta property=\"og:site_name\" content=\"truzzer\" \/>\n<meta property=\"article:modified_time\" content=\"2026-02-13T08:22:26+00:00\" \/>\n<meta name=\"twitter:card\" content=\"summary_large_image\" \/>\n<meta name=\"twitter:label1\" content=\"Estimeret l\u00e6setid\" \/>\n\t<meta name=\"twitter:data1\" content=\"11 minutter\" \/>\n<script type=\"application\/ld+json\" class=\"yoast-schema-graph\">{\"@context\":\"https:\/\/schema.org\",\"@graph\":[{\"@type\":\"WebPage\",\"@id\":\"https:\/\/www.truzzer.com\/da\/revocation\/\",\"url\":\"https:\/\/www.truzzer.com\/da\/revocation\/\",\"name\":\"Tilbagekaldelse | truzzer\",\"isPartOf\":{\"@id\":\"https:\/\/www.truzzer.com\/da\/#website\"},\"datePublished\":\"2026-02-04T15:43:10+00:00\",\"dateModified\":\"2026-02-13T08:22:26+00:00\",\"breadcrumb\":{\"@id\":\"https:\/\/www.truzzer.com\/da\/revocation\/#breadcrumb\"},\"inLanguage\":\"da-DK\",\"potentialAction\":[{\"@type\":\"ReadAction\",\"target\":[\"https:\/\/www.truzzer.com\/da\/revocation\/\"]}]},{\"@type\":\"BreadcrumbList\",\"@id\":\"https:\/\/www.truzzer.com\/da\/revocation\/#breadcrumb\",\"itemListElement\":[{\"@type\":\"ListItem\",\"position\":1,\"name\":\"Home\",\"item\":\"https:\/\/www.truzzer.com\/da\/\"},{\"@type\":\"ListItem\",\"position\":2,\"name\":\"Tilbagekaldelse\"}]},{\"@type\":\"WebSite\",\"@id\":\"https:\/\/www.truzzer.com\/da\/#website\",\"url\":\"https:\/\/www.truzzer.com\/da\/\",\"name\":\"truzzer\",\"description\":\"Experts for customer trust\",\"publisher\":{\"@id\":\"https:\/\/www.truzzer.com\/da\/#organization\"},\"potentialAction\":[{\"@type\":\"SearchAction\",\"target\":{\"@type\":\"EntryPoint\",\"urlTemplate\":\"https:\/\/www.truzzer.com\/da\/?s={search_term_string}\"},\"query-input\":{\"@type\":\"PropertyValueSpecification\",\"valueRequired\":true,\"valueName\":\"search_term_string\"}}],\"inLanguage\":\"da-DK\"},{\"@type\":\"Organization\",\"@id\":\"https:\/\/www.truzzer.com\/da\/#organization\",\"name\":\"truzzer\",\"url\":\"https:\/\/www.truzzer.com\/da\/\",\"logo\":{\"@type\":\"ImageObject\",\"inLanguage\":\"da-DK\",\"@id\":\"https:\/\/www.truzzer.com\/da\/#\/schema\/logo\/image\/\",\"url\":\"https:\/\/truzzer.com\/wp-content\/uploads\/2026\/01\/truzzer-logo-black-1.svg\",\"contentUrl\":\"https:\/\/truzzer.com\/wp-content\/uploads\/2026\/01\/truzzer-logo-black-1.svg\",\"width\":938,\"height\":199,\"caption\":\"truzzer\"},\"image\":{\"@id\":\"https:\/\/www.truzzer.com\/da\/#\/schema\/logo\/image\/\"}}]}<\/script>\n<!-- \/ Yoast SEO plugin. -->","yoast_head_json":{"title":"Tilbagekaldelse | truzzer","robots":{"index":"index","follow":"follow","max-snippet":"max-snippet:-1","max-image-preview":"max-image-preview:large","max-video-preview":"max-video-preview:-1"},"canonical":"https:\/\/www.truzzer.com\/da\/revocation\/","og_locale":"da_DK","og_type":"article","og_title":"Tilbagekaldelse | truzzer","og_description":"\u00a0 Meddelelse til forbrugere om annullering af kontrakter for varer leveret i en enkelt forsendelse Afbestillingspolitik En forbruger er enhver","og_url":"https:\/\/www.truzzer.com\/da\/revocation\/","og_site_name":"truzzer","article_modified_time":"2026-02-13T08:22:26+00:00","twitter_card":"summary_large_image","twitter_misc":{"Estimeret l\u00e6setid":"11 minutter"},"schema":{"@context":"https:\/\/schema.org","@graph":[{"@type":"WebPage","@id":"https:\/\/www.truzzer.com\/da\/revocation\/","url":"https:\/\/www.truzzer.com\/da\/revocation\/","name":"Tilbagekaldelse | truzzer","isPartOf":{"@id":"https:\/\/www.truzzer.com\/da\/#website"},"datePublished":"2026-02-04T15:43:10+00:00","dateModified":"2026-02-13T08:22:26+00:00","breadcrumb":{"@id":"https:\/\/www.truzzer.com\/da\/revocation\/#breadcrumb"},"inLanguage":"da-DK","potentialAction":[{"@type":"ReadAction","target":["https:\/\/www.truzzer.com\/da\/revocation\/"]}]},{"@type":"BreadcrumbList","@id":"https:\/\/www.truzzer.com\/da\/revocation\/#breadcrumb","itemListElement":[{"@type":"ListItem","position":1,"name":"Home","item":"https:\/\/www.truzzer.com\/da\/"},{"@type":"ListItem","position":2,"name":"Tilbagekaldelse"}]},{"@type":"WebSite","@id":"https:\/\/www.truzzer.com\/da\/#website","url":"https:\/\/www.truzzer.com\/da\/","name":"truzzer","description":"Experts for customer trust","publisher":{"@id":"https:\/\/www.truzzer.com\/da\/#organization"},"potentialAction":[{"@type":"SearchAction","target":{"@type":"EntryPoint","urlTemplate":"https:\/\/www.truzzer.com\/da\/?s={search_term_string}"},"query-input":{"@type":"PropertyValueSpecification","valueRequired":true,"valueName":"search_term_string"}}],"inLanguage":"da-DK"},{"@type":"Organization","@id":"https:\/\/www.truzzer.com\/da\/#organization","name":"truzzer","url":"https:\/\/www.truzzer.com\/da\/","logo":{"@type":"ImageObject","inLanguage":"da-DK","@id":"https:\/\/www.truzzer.com\/da\/#\/schema\/logo\/image\/","url":"https:\/\/truzzer.com\/wp-content\/uploads\/2026\/01\/truzzer-logo-black-1.svg","contentUrl":"https:\/\/truzzer.com\/wp-content\/uploads\/2026\/01\/truzzer-logo-black-1.svg","width":938,"height":199,"caption":"truzzer"},"image":{"@id":"https:\/\/www.truzzer.com\/da\/#\/schema\/logo\/image\/"}}]}},"_links":{"self":[{"href":"https:\/\/www.truzzer.com\/da\/wp-json\/wp\/v2\/pages\/101794","targetHints":{"allow":["GET"]}}],"collection":[{"href":"https:\/\/www.truzzer.com\/da\/wp-json\/wp\/v2\/pages"}],"about":[{"href":"https:\/\/www.truzzer.com\/da\/wp-json\/wp\/v2\/types\/page"}],"author":[{"embeddable":true,"href":"https:\/\/www.truzzer.com\/da\/wp-json\/wp\/v2\/users\/1"}],"replies":[{"embeddable":true,"href":"https:\/\/www.truzzer.com\/da\/wp-json\/wp\/v2\/comments?post=101794"}],"version-history":[{"count":0,"href":"https:\/\/www.truzzer.com\/da\/wp-json\/wp\/v2\/pages\/101794\/revisions"}],"wp:attachment":[{"href":"https:\/\/www.truzzer.com\/da\/wp-json\/wp\/v2\/media?parent=101794"}],"curies":[{"name":"wp","href":"https:\/\/api.w.org\/{rel}","templated":true}]}}