{"id":101800,"date":"2026-02-04T15:42:54","date_gmt":"2026-02-04T15:42:54","guid":{"rendered":"https:\/\/beta.truzzer.com\/payment-methods\/"},"modified":"2026-02-13T08:24:27","modified_gmt":"2026-02-13T08:24:27","slug":"payment-methods","status":"publish","type":"page","link":"https:\/\/www.truzzer.com\/da\/payment-methods\/","title":{"rendered":"Betalingsmetoder"},"content":{"rendered":"<article class=\"entry-content post-22034 page type-page status-publish hentry\" id=\"post-22034\">\n<p><strong>\u00a0<\/strong><\/p>\n<p><strong>Betalingstyper<\/strong><\/p>\n<p>Vi tilbyder dig f\u00f8lgende betalingstyper. Du skal blot gennemse listen for den bedste betalingstype for dig. Forsendelsesomkostninger kan variere afh\u00e6ngigt af den valgte betalingstype. Priserne angivet i de respektive tilbud er endelige og inkluderer alle priskomponenter (inklusive eventuelle g\u00e6ldende afgifter s\u00e5som moms (moms)). Andre skatter (f.eks. dem, der g\u00e6lder for k\u00f8b inden for F\u00e6llesskabet) og\/eller afgifter (f.eks. told) p\u00e5l\u00f8ber kun i forbindelse med gr\u00e6nseoverskridende transaktioner og skal betales til de respektive told- og\/eller skattemyndigheder og ikke s\u00e6lgeren. Omkostningerne til fragt og levering er ikke inkluderet i k\u00f8bsprisen og kan ses p\u00e5 siden &#8220;Forsendelsesomkostninger&#8221;. De er angivet separat under bestillingsprocessen og skal betales af dig ud over k\u00f8bsprisen.<\/p>\n<p><em>amazon pay<\/em><\/p>\n<p><em>ideelt<\/em><\/p>\n<p><em>Direkte bankoverf\u00f8rsel<\/em><\/p>\n<p>EPS<\/p>\n<p><\/artikel><\/p>\n","protected":false},"excerpt":{"rendered":"<p>\u00a0 Betalingstyper Vi tilbyder dig f\u00f8lgende betalingstyper. Du skal blot gennemse listen for den bedste betalingstype for dig. Forsendelsesomkostninger kan<\/p>\n","protected":false},"author":1,"featured_media":0,"parent":0,"menu_order":0,"comment_status":"closed","ping_status":"closed","template":"","meta":{"_acf_changed":false,"_yoast_wpseo_focuskw":"","_yoast_wpseo_title":"","_yoast_wpseo_metadesc":"","footnotes":""},"class_list":["post-101800","page","type-page","status-publish","hentry"],"acf":[],"yoast_head":"<!-- This site is optimized with the Yoast SEO plugin v27.0 - https:\/\/yoast.com\/product\/yoast-seo-wordpress\/ -->\n<title>Betalingsmetoder | truzzer<\/title>\n<meta name=\"robots\" content=\"index, follow, max-snippet:-1, max-image-preview:large, max-video-preview:-1\" \/>\n<link rel=\"canonical\" href=\"https:\/\/www.truzzer.com\/da\/payment-methods\/\" \/>\n<meta property=\"og:locale\" content=\"da_DK\" \/>\n<meta property=\"og:type\" content=\"article\" \/>\n<meta property=\"og:title\" content=\"Betalingsmetoder | truzzer\" \/>\n<meta property=\"og:description\" content=\"\u00a0 Betalingstyper Vi tilbyder dig f\u00f8lgende betalingstyper. Du skal blot gennemse listen for den bedste betalingstype for dig. Forsendelsesomkostninger kan\" \/>\n<meta property=\"og:url\" content=\"https:\/\/www.truzzer.com\/da\/payment-methods\/\" \/>\n<meta property=\"og:site_name\" content=\"truzzer\" \/>\n<meta property=\"article:modified_time\" content=\"2026-02-13T08:24:27+00:00\" \/>\n<meta name=\"twitter:card\" content=\"summary_large_image\" \/>\n<meta name=\"twitter:label1\" content=\"Estimeret l\u00e6setid\" \/>\n\t<meta name=\"twitter:data1\" content=\"1 minut\" \/>\n<script type=\"application\/ld+json\" class=\"yoast-schema-graph\">{\"@context\":\"https:\/\/schema.org\",\"@graph\":[{\"@type\":\"WebPage\",\"@id\":\"https:\/\/www.truzzer.com\/da\/payment-methods\/\",\"url\":\"https:\/\/www.truzzer.com\/da\/payment-methods\/\",\"name\":\"Betalingsmetoder | truzzer\",\"isPartOf\":{\"@id\":\"https:\/\/www.truzzer.com\/da\/#website\"},\"datePublished\":\"2026-02-04T15:42:54+00:00\",\"dateModified\":\"2026-02-13T08:24:27+00:00\",\"breadcrumb\":{\"@id\":\"https:\/\/www.truzzer.com\/da\/payment-methods\/#breadcrumb\"},\"inLanguage\":\"da-DK\",\"potentialAction\":[{\"@type\":\"ReadAction\",\"target\":[\"https:\/\/www.truzzer.com\/da\/payment-methods\/\"]}]},{\"@type\":\"BreadcrumbList\",\"@id\":\"https:\/\/www.truzzer.com\/da\/payment-methods\/#breadcrumb\",\"itemListElement\":[{\"@type\":\"ListItem\",\"position\":1,\"name\":\"Home\",\"item\":\"https:\/\/www.truzzer.com\/da\/\"},{\"@type\":\"ListItem\",\"position\":2,\"name\":\"Betalingsmetoder\"}]},{\"@type\":\"WebSite\",\"@id\":\"https:\/\/www.truzzer.com\/da\/#website\",\"url\":\"https:\/\/www.truzzer.com\/da\/\",\"name\":\"truzzer\",\"description\":\"Experts for customer trust\",\"publisher\":{\"@id\":\"https:\/\/www.truzzer.com\/da\/#organization\"},\"potentialAction\":[{\"@type\":\"SearchAction\",\"target\":{\"@type\":\"EntryPoint\",\"urlTemplate\":\"https:\/\/www.truzzer.com\/da\/?s={search_term_string}\"},\"query-input\":{\"@type\":\"PropertyValueSpecification\",\"valueRequired\":true,\"valueName\":\"search_term_string\"}}],\"inLanguage\":\"da-DK\"},{\"@type\":\"Organization\",\"@id\":\"https:\/\/www.truzzer.com\/da\/#organization\",\"name\":\"truzzer\",\"url\":\"https:\/\/www.truzzer.com\/da\/\",\"logo\":{\"@type\":\"ImageObject\",\"inLanguage\":\"da-DK\",\"@id\":\"https:\/\/www.truzzer.com\/da\/#\/schema\/logo\/image\/\",\"url\":\"https:\/\/truzzer.com\/wp-content\/uploads\/2026\/01\/truzzer-logo-black-1.svg\",\"contentUrl\":\"https:\/\/truzzer.com\/wp-content\/uploads\/2026\/01\/truzzer-logo-black-1.svg\",\"width\":938,\"height\":199,\"caption\":\"truzzer\"},\"image\":{\"@id\":\"https:\/\/www.truzzer.com\/da\/#\/schema\/logo\/image\/\"}}]}<\/script>\n<!-- \/ Yoast SEO plugin. -->","yoast_head_json":{"title":"Betalingsmetoder | truzzer","robots":{"index":"index","follow":"follow","max-snippet":"max-snippet:-1","max-image-preview":"max-image-preview:large","max-video-preview":"max-video-preview:-1"},"canonical":"https:\/\/www.truzzer.com\/da\/payment-methods\/","og_locale":"da_DK","og_type":"article","og_title":"Betalingsmetoder | truzzer","og_description":"\u00a0 Betalingstyper Vi tilbyder dig f\u00f8lgende betalingstyper. Du skal blot gennemse listen for den bedste betalingstype for dig. Forsendelsesomkostninger kan","og_url":"https:\/\/www.truzzer.com\/da\/payment-methods\/","og_site_name":"truzzer","article_modified_time":"2026-02-13T08:24:27+00:00","twitter_card":"summary_large_image","twitter_misc":{"Estimeret l\u00e6setid":"1 minut"},"schema":{"@context":"https:\/\/schema.org","@graph":[{"@type":"WebPage","@id":"https:\/\/www.truzzer.com\/da\/payment-methods\/","url":"https:\/\/www.truzzer.com\/da\/payment-methods\/","name":"Betalingsmetoder | truzzer","isPartOf":{"@id":"https:\/\/www.truzzer.com\/da\/#website"},"datePublished":"2026-02-04T15:42:54+00:00","dateModified":"2026-02-13T08:24:27+00:00","breadcrumb":{"@id":"https:\/\/www.truzzer.com\/da\/payment-methods\/#breadcrumb"},"inLanguage":"da-DK","potentialAction":[{"@type":"ReadAction","target":["https:\/\/www.truzzer.com\/da\/payment-methods\/"]}]},{"@type":"BreadcrumbList","@id":"https:\/\/www.truzzer.com\/da\/payment-methods\/#breadcrumb","itemListElement":[{"@type":"ListItem","position":1,"name":"Home","item":"https:\/\/www.truzzer.com\/da\/"},{"@type":"ListItem","position":2,"name":"Betalingsmetoder"}]},{"@type":"WebSite","@id":"https:\/\/www.truzzer.com\/da\/#website","url":"https:\/\/www.truzzer.com\/da\/","name":"truzzer","description":"Experts for customer trust","publisher":{"@id":"https:\/\/www.truzzer.com\/da\/#organization"},"potentialAction":[{"@type":"SearchAction","target":{"@type":"EntryPoint","urlTemplate":"https:\/\/www.truzzer.com\/da\/?s={search_term_string}"},"query-input":{"@type":"PropertyValueSpecification","valueRequired":true,"valueName":"search_term_string"}}],"inLanguage":"da-DK"},{"@type":"Organization","@id":"https:\/\/www.truzzer.com\/da\/#organization","name":"truzzer","url":"https:\/\/www.truzzer.com\/da\/","logo":{"@type":"ImageObject","inLanguage":"da-DK","@id":"https:\/\/www.truzzer.com\/da\/#\/schema\/logo\/image\/","url":"https:\/\/truzzer.com\/wp-content\/uploads\/2026\/01\/truzzer-logo-black-1.svg","contentUrl":"https:\/\/truzzer.com\/wp-content\/uploads\/2026\/01\/truzzer-logo-black-1.svg","width":938,"height":199,"caption":"truzzer"},"image":{"@id":"https:\/\/www.truzzer.com\/da\/#\/schema\/logo\/image\/"}}]}},"_links":{"self":[{"href":"https:\/\/www.truzzer.com\/da\/wp-json\/wp\/v2\/pages\/101800","targetHints":{"allow":["GET"]}}],"collection":[{"href":"https:\/\/www.truzzer.com\/da\/wp-json\/wp\/v2\/pages"}],"about":[{"href":"https:\/\/www.truzzer.com\/da\/wp-json\/wp\/v2\/types\/page"}],"author":[{"embeddable":true,"href":"https:\/\/www.truzzer.com\/da\/wp-json\/wp\/v2\/users\/1"}],"replies":[{"embeddable":true,"href":"https:\/\/www.truzzer.com\/da\/wp-json\/wp\/v2\/comments?post=101800"}],"version-history":[{"count":0,"href":"https:\/\/www.truzzer.com\/da\/wp-json\/wp\/v2\/pages\/101800\/revisions"}],"wp:attachment":[{"href":"https:\/\/www.truzzer.com\/da\/wp-json\/wp\/v2\/media?parent=101800"}],"curies":[{"name":"wp","href":"https:\/\/api.w.org\/{rel}","templated":true}]}}