{"id":101803,"date":"2026-02-04T15:42:46","date_gmt":"2026-02-04T15:42:46","guid":{"rendered":"https:\/\/beta.truzzer.com\/terms-and-conditions\/"},"modified":"2026-02-13T08:25:18","modified_gmt":"2026-02-13T08:25:18","slug":"terms-and-conditions","status":"publish","type":"page","link":"https:\/\/www.truzzer.com\/da\/terms-and-conditions\/","title":{"rendered":"Vilk\u00e5r og betingelser"},"content":{"rendered":"<article class=\"entry-content post-22036 page type-page status-publish hentry\" id=\"post-22036\">\n<p><strong>\u00a0<\/strong><\/p>\n<p><strong>Generelle vilk\u00e5r og betingelser (herunder oplysninger til kunder)<\/strong><\/p>\n<p>1. Anvendelighed<br \/>\n2. Tilbud, servicebeskrivelser<br \/>\n3. Ordreproces, indg\u00e5else af kontrakten<br \/>\n4. Priser, leveringsomkostninger<br \/>\n5. Levering, produkttilg\u00e6ngelighed<br \/>\n6. Betalingsbetingelser<br \/>\n7. Ejendomsforbehold<br \/>\n8. Produktgaranti, garanti<br \/>\n9. Ansvar<br \/>\n10. Opbevaring af selve kontrakten<br \/>\n11. Afsluttende bem\u00e6rkninger<\/p>\n<p><strong>1. Anvendelse<\/strong><br \/>\n1.1. Forretningsforholdet mellem<\/p>\n<p>truzzer.com, et produkt fra eKomi Inc.<\/p>\n<p>9100 Wilshire Boulevard, #725 E<br \/>\nBeverly Hills, CA 90210<\/p>\n<p>Telefonnummer: +1 844-356-6487<br \/>\nE-mailadresse: <a class=\"__cf_email__\" data-cfemail=\"0b636e6767644b7f797e71716e7925686466\" href=\"\/cdn-cgi\/l\/email-protection\">[e-mail\u00a0beskyttet]<\/a><\/p>\n<p>(herefter ben\u00e6vnt &#8220;leverand\u00f8ren&#8221;) og kunden (herefter ben\u00e6vnt &#8220;kunden&#8221;) er udelukkende underlagt f\u00f8lgende generelle vilk\u00e5r og betingelser i den version, der er gyldig p\u00e5 tidspunktet for ordreafgivelsen.<\/p>\n<p>1.2. En forbruger i henhold til disse generelle vilk\u00e5r og betingelser er enhver fysisk person, der indg\u00e5r en juridisk transaktion med et form\u00e5l, der i overvejende grad hverken kan henf\u00f8res til hans kommercielle eller hans selvst\u00e6ndige erhvervsm\u00e6ssige aktivitet. En iv\u00e6rks\u00e6tter er en fysisk eller juridisk person eller et interessentskab med retsevne, der ved indg\u00e5else af en juridisk transaktion handler i ud\u00f8velsen af sin kommercielle eller selvst\u00e6ndige erhvervsm\u00e6ssige aktivitet.<\/p>\n<p>1.3. Kundens afvigende vilk\u00e5r og betingelser anerkendes ikke, medmindre s\u00e6lgeren udtrykkeligt accepterer deres gyldighed.<\/p>\n<p><strong>2. Tilbud, servicebeskrivelser<\/strong><br \/>\n2.1. Visning af produkter i onlineshoppen er at sidestille med en opfordring til at afgive en ordre og ikke et juridisk bindende tilbud. Servicebeskrivelser inkluderet i kataloger eller p\u00e5 leverand\u00f8rens hjemmesider skal ikke sidestilles med hverken et l\u00f8fte eller en garanti.<\/p>\n<p>2.2. Alle tilbud er g\u00e6ldende &#8220;s\u00e5 l\u00e6nge lager haves&#8221;, medmindre andet er angivet i den respektive produktbeskrivelse. Der tages forbehold for fejl.<\/p>\n<p><strong>NB: Indtast venligst de korrekte knapetiketter i det f\u00f8lgende afsnit.<\/strong><br \/>\n<strong>3. Ordreproces, indg\u00e5else af kontrakt<\/strong><br \/>\n3.1. Kunden kan frit v\u00e6lge de produkter efter eget valg fra leverand\u00f8rens produktsortiment og samle dem i en s\u00e5kaldt &#8220;kurv&#8221; ved at bruge knappen Tilf\u00f8j i indk\u00f8bskurv. Kunden kan derefter g\u00e5 videre til sin kurv og \u00e6ndre sit valg efter behov, for eksempel ved at fjerne et produkt fra kurven. N\u00e5r de er tilfredse med deres valg, kan kunden forts\u00e6tte til det sidste trin i ordreprocessen ved at bruge knappen Forts\u00e6t til kassen.<\/p>\n<p>3.2. N\u00e5r kunden klikker p\u00e5 knappen Placer ordre (betaling vil blive taget) frems\u00e6tter de en bindende anmodning om at k\u00f8be varerne i deres indk\u00f8bskurv. Forud for ordreafgivelse er kunden i stand til at se og \u00e6ndre deres ordredata til enhver tid og kan ogs\u00e5 bruge deres browsers &#8220;Tilbage&#8221;-funktion til at vende tilbage til deres indk\u00f8bskurv eller afbryde ordreprocessen. Vigtige poster er markeret med en stjerne (*).<\/p>\n<p>3.3. S\u00e6lgeren svarer ved at e-maile kunden en automatisk bekr\u00e6ftelse p\u00e5 modtagelsen; e-mailen rekapitulerer den ordre, kunden har afgivet, og kan udskrives ved hj\u00e6lp af &#8220;Udskriv&#8221;-funktionen (ordrebekr\u00e6ftelse). Den automatiske bekr\u00e6ftelse af modtagelse dokumenterer kun leverand\u00f8rens modtagelse af kundens ordre og er ikke at sidestille med ordreaccept. En bindende k\u00f8bsaftale anses kun for indg\u00e5et, hvis s\u00e6lgeren afsender eller afleverer det bestilte produkt til kunden inden for 2 dage eller bekr\u00e6fter afsendelsen af det bestilte produkt inden for 2 dage ved at sende kunden en anden e-mail, ordrebekr\u00e6ftelse eller en faktura.<\/p>\n<p>3.4. For kunder, der er virksomheder, er den f\u00f8rn\u00e6vnte frist for afsendelse, levering eller ordrebekr\u00e6ftelse syv dage i stedet for to.<\/p>\n<p>3.5. Hvis s\u00e6lger tilbyder en forudbetalingsmulighed, anses kontrakten for indg\u00e5et p\u00e5 det tidspunkt, hvor kunden oplyser sine bankoplysninger og opfylder betalingsanmodningen. S\u00e5fremt betaling p\u00e5 trods af forfald og p\u00e5 trods af, at kunden har modtaget rykker, ikke er modtaget af s\u00e6lger inden for 10 kalenderdage efter afsendelsen af \u200b\u200bordrebekr\u00e6ftelsen, er s\u00e6lger berettiget til at tr\u00e6de tilbage fra kontrakten, hvorved ordren bliver ugyldig og dermed fritager s\u00e6lger for leveringspligten. P\u00e5 dette tidspunkt anses ordren for at v\u00e6re afsluttet uden yderligere konsekvenser for hverken kunden eller s\u00e6lgeren. Produkter, for hvilke der tilbydes forudbetaling, kan derfor reserveres i maks. 10 kalenderdage.<\/p>\n<p><strong>4. Priser, leveringsomkostninger<\/strong><br \/>\n4.1. Alle priser, der er angivet p\u00e5 leverand\u00f8rens hjemmeside, er inklusive lovbestemt moms (moms) til den g\u00e6ldende sats.<\/p>\n<p>4.2. S\u00e6lgeren opkr\u00e6ver leveringsomkostninger ud over de angivne priser. Leveringsomkostninger er tydeligt forklaret for kunden p\u00e5 en separat webside og under selve bestillingsprocessen.<\/p>\n<p><strong>5. Levering, produkttilg\u00e6ngelighed<\/strong><br \/>\n5.1. Hvis kunden v\u00e6lger forudbetaling, sker levering efter modtagelse af fakturabel\u00f8bet.<\/p>\n<p>5.2. S\u00e6lger er berettiget til at tr\u00e6de tilbage fra kontrakten, hvis leveringen af \u200b\u200bvaren p\u00e5 kundens skyld mislykkes trods tre leveringsfors\u00f8g. Eventuelle betalinger, der allerede er foretaget af kunden, vil blive refunderet uden forsinkelse.<\/p>\n<p>5.3. S\u00e6lger er berettiget til at tr\u00e6de tilbage fra kontrakten, hvis det bestilte produkt ikke er tilg\u00e6ngeligt, fordi s\u00e6lgeren uden egen skyld ikke har f\u00e5et leveret det p\u00e5g\u00e6ldende produkt af deres leverand\u00f8r. Hvis denne situation opst\u00e5r, vil s\u00e6lgeren straks informere kunden og, hvor det er n\u00f8dvendigt, tilbyde at forsyne dem med et sammenligneligt produkt. Hvis der ikke er sammenlignelige produkter tilg\u00e6ngelige, eller hvis kunden ikke \u00f8nsker at blive leveret med et sammenligneligt produkt, refunderer s\u00e6lgeren enhver allerede modtaget betaling til kunden uden forsinkelse.<\/p>\n<p>5.4. Kunder f\u00e5r besked om leveringsperioder og leveringsbegr\u00e6nsninger (f.eks. levering til bestemte lande med undtagelse af andre) p\u00e5 en separat webside eller i den respektive produktbeskrivelse.<\/p>\n<p>5.5 For kunder, der er virksomheder, overg\u00e5r risikoen for h\u00e6ndeligt tab og h\u00e6ndelig forringelse af varen til k\u00f8berne, s\u00e5 snart s\u00e6lger har leveret varen til spedit\u00f8ren, transport\u00f8ren eller den person eller institution, der i \u00f8vrigt er udpeget til at udf\u00f8re forsendelsen; de angivne leveringsdatoer og -frister, med forbehold af andre l\u00f8fter og aftaler, er ikke faste datoer.<\/p>\n<p>5.6 S\u00e6lger er ikke ansvarlig for forsinkelser i levering og udf\u00f8relse som f\u00f8lge af force majeure og p\u00e5 grund af uforudsigelige h\u00e6ndelser, der g\u00f8r levering v\u00e6sentligt vanskeligere eller umuligt for S\u00e6lger over for kunder, der er iv\u00e6rks\u00e6ttere, heller ikke i tilf\u00e6lde af bindende aftalte frister og datoer. I dette tilf\u00e6lde er S\u00e6lger berettiget til at udskyde leveringen eller ydelsen med hindringens varighed plus en rimelig opstartsperiode. Retten til at udskyde fristen g\u00e6lder ogs\u00e5 for kunder, der er iv\u00e6rks\u00e6ttere i tilf\u00e6lde af uforudsete h\u00e6ndelser, der p\u00e5virker en forleverand\u00f8rs drift, og som hverken forudleverand\u00f8ren eller S\u00e6lger er ansvarlige for. I perioden med en s\u00e5dan hindring er kunden ogs\u00e5 fritaget for sine kontraktlige forpligtelser, is\u00e6r betaling. Hvis forsinkelsen er urimelig for kunden, kan kunden tr\u00e6de tilbage fra kontrakten ved skriftlig erkl\u00e6ring efter en rimelig frist fastsat af kunden eller efter gensidig h\u00f8ring med s\u00e6lger.<\/p>\n<p><strong>6. Betalingsbetingelser<\/strong><br \/>\n6.1. Kunden kan frit v\u00e6lge en af \u200b\u200bde tilg\u00e6ngelige betalingstyper under bestillingsprocessen; deres valg foretages inden afslutningen af \u200b\u200bordreprocessen. Kunder informeres om tilg\u00e6ngelige betalingstyper p\u00e5 en separat webside.<\/p>\n<p>6.2. Hvis der foreligger acontobetaling, skal betaling ske inden for 30 dage efter modtagelse af varen og den tilh\u00f8rende faktura. Fuld betaling skal ske forud for alle andre betalingstyper.<\/p>\n<p>6.3. Hvis tredjepartsudbydere f\u00e5r til opgave at behandle betalingen (f.eks. PayPal), g\u00e6lder de generelle vilk\u00e5r og betingelser, som drives af disse udbydere.<\/p>\n<p>6.4. Hvis forfaldsdatoen, inden for hvilken betalingen skal foretages, er defineret som en kalenderdato, vil kunden blive anset for at v\u00e6re i restance, s\u00e5 snart de ikke overholder denne forfaldsdato og h\u00e6fte for lovbestemte morarenter.<\/p>\n<p>6.5. Kundens forpligtelse til at betale morarenter udelukker ikke tvangsfuldbyrdelse af andre krav om forsinkelsesrelaterede skader fra s\u00e6lgers side.<\/p>\n<p>6.6. Kunden har kun ret til modregning, hvis deres modkrav er juridisk gyldige eller anerkendt af s\u00e6lger. Kunden kan kun g\u00f8re en tilbageholdelsesret g\u00e6ldende, hvis deres krav skyldes det samme kontraktforhold som s\u00e6lgerens krav.<\/p>\n<p><strong>7. Ejendomsforbehold<\/strong><br \/>\nS\u00e6lgeren bevarer ejendomsretten til de leverede varer, indtil fuld betaling er sket.<br \/>\nFor kunder, der er iv\u00e6rks\u00e6ttere, g\u00e6lder desuden f\u00f8lgende: S\u00e6lger bevarer ejendomsretten til varerne, indtil alle krav, der udspringer af et igangv\u00e6rende forretningsforhold, er fuldt ud afgjort; k\u00f8ber er forpligtet til at behandle den k\u00f8bte vare varsomt, s\u00e5 l\u00e6nge ejendomsretten endnu ikke er overg\u00e5et til ham. Han er is\u00e6r forpligtet til for egen regning at forsikre det tilstr\u00e6kkeligt mod tyveri, brand- og vandskader til genanskaffelsesv\u00e6rdi, hvis dette er hensigtsm\u00e6ssigt eller s\u00e6dvanligt i branchen. S\u00e5fremt der skal udf\u00f8res vedligeholdelses- og eftersynsarbejder, skal k\u00f8ber udf\u00f8re dette rettidigt for egen regning. Kundens forarbejdning eller omdannelse af de reserverede varer skal altid udf\u00f8res for s\u00e6lgeren. S\u00e5fremt de forbeholdte varer forarbejdes med andre varer, der ikke tilh\u00f8rer s\u00e6lger, erhverver s\u00e6lger medejendomsretten til den nye vare i forholdet mellem v\u00e6rdien af \u200b\u200bde forbeholdte varer og de \u00f8vrige forarbejdede varer p\u00e5 forarbejdningstidspunktet. I alle andre henseender g\u00e6lder det samme for den ved forarbejdning frembragte vare som for de varer, der er omfattet af ejendomsforbehold. Kunden overdrager endvidere kravet til sikring af de krav mod ham, som opst\u00e5r mod tredjemand gennem forbeholdet godsets forbindelse med en ejendom. Tredjemands adgang til de varer, der ejes eller medejes af s\u00e6lger, skal straks anmeldes af kunden. Kunden skal afholde eventuelle omkostninger til en tredjeparts handling eller omkostninger til en udenretslig frigivelse som f\u00f8lge af s\u00e5danne indgreb. Kunden er berettiget til at videres\u00e6lge de varer, der er underlagt ejendomsforbehold, i den s\u00e6dvanlige drift. Kunden overdrager allerede som sikkerhed s\u00e6lgeren alle krav, der opst\u00e5r som f\u00f8lge af videresalg eller andre juridiske grunde med hensyn til de forbeholdte varer (herunder alle saldokrav fra foliokonto). S\u00e6lger bemyndiger genkaldeligt Kunden til at inddrive de krav, der er overdraget til S\u00e6lger, for dennes regning og i eget navn. Denne direkte debiteringsautorisation kan tilbagekaldes, hvis kunden ikke korrekt opfylder sine betalingsforpligtelser. S\u00e6lger forpligter sig til at frigive de sikkerheder, som S\u00e6lger er berettiget til efter Kundens anmodning, n\u00e5r deres samlede salgsv\u00e6rdi overstiger summen af \u200b\u200balle S\u00e6lgers udest\u00e5ende krav, der opst\u00e5r som f\u00f8lge af forretningsforholdet, med mere end 10 % (eller med mere end 50 %, hvis der er risiko for likvidation). Udv\u00e6lgelsen af \u200b\u200bde v\u00e6rdipapirer, der skal frigives, p\u00e5hviler S\u00e6lger. Ved afvikling af alle krav fra s\u00e6lger fra leveringstransaktioner overg\u00e5r ejendomsretten til de varer, der er underlagt ejendomsforbehold, og de overdragne krav til k\u00f8ber. Valget af de v\u00e6rdipapirer, der skal frigives, p\u00e5hviler s\u00e6lgeren.<\/p>\n<p><strong>8. Produktgaranti og garanti<\/strong><br \/>\n8.1. Garantien (ansvaret for defekter) bestemmes i overensstemmelse med lovbestemmelser, med forbehold af f\u00f8lgende bestemmelser.<\/p>\n<p>8.2. De varer, der leveres af s\u00e6lgeren, er kun omfattet af en garanti, hvis kunden udtrykkeligt blev informeret om en s\u00e5dan garanti og vilk\u00e5rene herfor f\u00f8r p\u00e5begyndelsen af ordreprocessen.<\/p>\n<p>8.3. Hvis kunden er iv\u00e6rks\u00e6tter, skal han uden un\u00f8dig forsinkelse, uanset lovbestemte forpligtelser til at give meddelelse om mangler, efterse varerne og skal senest inden to uger efter levering skriftligt meddele leverand\u00f8ren eventuelle synlige materielle mangler, senest inden for to uger efter levering, og om eventuelle ikke-synlige v\u00e6sentlige fejl uden un\u00f8dig forsinkelse, senest to uger efter opdagelsen. Afvigelser i kvalitet, v\u00e6gt, st\u00f8rrelse, tykkelse, bredde, udstyr, m\u00f8nster og farve, der er s\u00e6dvanlige i branchen og tilladte i henhold til kvalitetsstandarder eller mindre afvigelser, skal ikke betragtes som mangler.<\/p>\n<p>8.4. Hvis kunden er iv\u00e6rks\u00e6tter, st\u00e5r valget mellem udbedring eller efterf\u00f8lgende levering af defekte varer af s\u00e6lger.<\/p>\n<p>8.5. Uanset ansvarsbestemmelserne i disse vilk\u00e5r og betingelser for\u00e6ldes materielle mangler et \u00e5r efter risikoovergang for kunder, der er iv\u00e6rks\u00e6ttere, medmindre l\u00e6ngere frister er foreskrevet ved lov, is\u00e6r i tilf\u00e6lde af s\u00e6rlige bestemmelser om regres for iv\u00e6rks\u00e6tteren. For brugte varer er garantien for kunder, der er iv\u00e6rks\u00e6ttere, udelukket.<\/p>\n<p>8.6. Hvis kunden, som er en iv\u00e6rks\u00e6tter, har installeret den defekte vare i henhold til \u00a7 439 (3) i den tyske civillovbog (BGB) i en anden vare eller knyttet den til en anden vare i overensstemmelse med dens type og p\u00e5t\u00e6nkte anvendelse, er s\u00e6lgeren, med forbehold af en udtrykkelig aftale og uden at det ber\u00f8rer de \u00f8vrige garantiforpligtelser, ikke forpligtet til at refundere kundens udgifter til den defekte vare og den n\u00f8dvendige installation for den defekte vare eller den n\u00f8dvendige installation. vedh\u00e6ftning af den reparerede eller leverede vare fri for fejl inden for rammerne af efterf\u00f8lgende ydelse. S\u00e6lger er derfor heller ikke forpligtet til at godtg\u00f8re udgifter til fjernelse af den defekte vare og installation eller fastg\u00f8relse af den reparerede eller leverede fejlfrie vare inden for rammerne af en regres fra Kunden inden for forsyningsk\u00e6den (dvs. mellem Kunden og dennes kunder).<\/p>\n<p><strong>9. Ansvar<\/strong><br \/>\n9.1. F\u00f8lgende undtagelser og begr\u00e6nsninger af ansvar i forbindelse med s\u00e6lgers erstatningsansvar g\u00e6lder uanset andre lovbestemte berettigelseskriterier.<\/p>\n<p>9.2. S\u00e6lgeren er ansvarlig uden begr\u00e6nsninger, hvis skaden er for\u00e5rsaget med fors\u00e6t eller groft uagtsomhed.<\/p>\n<p>9.3. S\u00e6lger er ogs\u00e5 ansvarlig for mindre uagtsomhed, der f\u00f8rer til kr\u00e6nkelse af grundl\u00e6ggende forpligtelser, hvis overtr\u00e6delse bringer opfyldelsen af \u200b\u200bkontraktform\u00e5let i fare, og kr\u00e6nkelse af forpligtelser, hvis opfyldelse er en foruds\u00e6tning for korrekt opfyldelse af kontrakten og normalt kan p\u00e5ber\u00e5bes af kunden. I dette tilf\u00e6lde er s\u00e6lgers ansvar ikke desto mindre begr\u00e6nset til forudsigelige skader, der er typiske for den p\u00e5g\u00e6ldende kontrakttype. S\u00e6lger er ikke ansvarlig for mindre uagtsomhed, der f\u00f8rer til misligholdelse af andre forpligtelser end dem, der er n\u00e6vnt i de foreg\u00e5ende s\u00e6tninger.<\/p>\n<p>9.4. Ovenst\u00e5ende ansvarsbegr\u00e6nsninger g\u00e6lder ikke skader p\u00e5 liv, lemmer eller helbred, defekter, der er identificeret efter accept af en garanti vedr\u00f8rende produktets art, eller mangler, der holdes hemmelige med fors\u00e6tligt bedrag. Ansvar i henhold til vilk\u00e5rene i den tyske lov om ansvar for defekte produkter forbliver up\u00e5virket.<\/p>\n<p>9,5. I det omfang s\u00e6lgers ansvar er udelukket eller begr\u00e6nset, g\u00e6lder en s\u00e5dan udelukkelse og\/eller begr\u00e6nsning ogs\u00e5 for medarbejderes, repr\u00e6sentanters og agenters personlige ansvar.<\/p>\n<p><strong>10. Opbevaring af selve kontrakten<\/strong><br \/>\n10.1. Kunden er i stand til at udskrive kontrakten ved hj\u00e6lp af deres browsers printfunktion under det sidste trin af ordreprocessen (dvs. inden de afgiver deres ordre hos leverand\u00f8ren).<\/p>\n<p>10.2. S\u00e6lgeren sender ogs\u00e5 kunden en ordrebekr\u00e6ftelse indeholdende alle ordredata til den e-mailadresse, som kunden har oplyst. Derudover vil kunden modtage en kopi af leverand\u00f8rens generelle vilk\u00e5r og betingelser (inklusive leverand\u00f8rens annulleringspolitik og oplysninger om forsendelsesomkostninger og leverand\u00f8rens forsendelses- og betalingsbetingelser) sammen med ordrebekr\u00e6ftelsen eller senest ved levering af varerne. Hvis du er registreret i vores butik, kan du se de ordrer, du har afgivet, i din profil. Vi gemmer ogs\u00e5 kontrakten i din profil, men g\u00f8r den ikke tilg\u00e6ngelig p\u00e5 internettet.<\/p>\n<p>10.3. Kunder, der er iv\u00e6rks\u00e6ttere, kan modtage kontraktdokumenterne via e-mail, skriftligt eller ved henvisning til en onlinekilde.<\/p>\n<p><strong>11. Afsluttende bem\u00e6rkninger<\/strong><br \/>\n11.1. Hvis k\u00f8beren er en iv\u00e6rks\u00e6tter, i henhold til andre aftaler eller ufravigelige lovbestemmelser, er opfyldelsesstedet s\u00e6lgers hjemsted, mens v\u00e6rnetinget er s\u00e6lgers hjemsted, hvis kunden er en k\u00f8bmand, en offentligretlig juridisk enhed eller en s\u00e6rlig offentligretlig fond, eller k\u00f8beren er i det land, hvor s\u00e6lgeren har bop\u00e6l, ikke har noget generelt v\u00e6rneting. S\u00e6lgers ret til at v\u00e6lge et andet tilladt v\u00e6rneting er forbeholdt.<\/p>\n<p>11.2. I tilf\u00e6lde af iv\u00e6rks\u00e6ttere g\u00e6lder loven i Forbundsrepublikken Tyskland\u00a0 med undtagelse af FN&#8217;s salgslov, s\u00e5 l\u00e6nge der ikke er nogen tvingende lovbestemmelser om det modsatte.<\/p>\n<p>11.3. Kontraktsproget er tysk.<\/p>\n<p><strong>NB: Bem\u00e6rk venligst i det f\u00f8lgende, at linket til <a href=\"https:\/\/ec.europa.eu\/consumers\/odr\/\">https:\/\/ec.europa.eu\/consumers\/odr\/<\/a> skal v\u00e6re klikbart<\/strong><br \/>\n11.4. Vi er hverken villige eller forpligtede til at deltage i tvistbil\u00e6ggelsesprocedurer foran et forbrugervoldgiftsn\u00e6vn.<\/p>\n<p><\/artikel><\/p>\n","protected":false},"excerpt":{"rendered":"<p>\u00a0 Generelle vilk\u00e5r og betingelser (herunder oplysninger til kunder) 1. Anvendelighed 2. Tilbud, servicebeskrivelser 3. Ordreproces, indg\u00e5else af kontrakten 4.<\/p>\n","protected":false},"author":1,"featured_media":0,"parent":0,"menu_order":0,"comment_status":"closed","ping_status":"closed","template":"","meta":{"_acf_changed":false,"_yoast_wpseo_focuskw":"","_yoast_wpseo_title":"","_yoast_wpseo_metadesc":"","footnotes":""},"class_list":["post-101803","page","type-page","status-publish","hentry"],"acf":[],"yoast_head":"<!-- This site is optimized with the Yoast SEO plugin v27.0 - https:\/\/yoast.com\/product\/yoast-seo-wordpress\/ -->\n<title>Vilk\u00e5r og betingelser | truzzer<\/title>\n<meta name=\"robots\" content=\"index, follow, max-snippet:-1, max-image-preview:large, max-video-preview:-1\" \/>\n<link rel=\"canonical\" href=\"https:\/\/www.truzzer.com\/da\/terms-and-conditions\/\" \/>\n<meta property=\"og:locale\" content=\"da_DK\" \/>\n<meta property=\"og:type\" content=\"article\" \/>\n<meta property=\"og:title\" content=\"Vilk\u00e5r og betingelser | truzzer\" \/>\n<meta property=\"og:description\" content=\"\u00a0 Generelle vilk\u00e5r og betingelser (herunder oplysninger til kunder) 1. Anvendelighed 2. Tilbud, servicebeskrivelser 3. Ordreproces, indg\u00e5else af kontrakten 4.\" \/>\n<meta property=\"og:url\" content=\"https:\/\/www.truzzer.com\/da\/terms-and-conditions\/\" \/>\n<meta property=\"og:site_name\" content=\"truzzer\" \/>\n<meta property=\"article:modified_time\" content=\"2026-02-13T08:25:18+00:00\" \/>\n<meta name=\"twitter:card\" content=\"summary_large_image\" \/>\n<meta name=\"twitter:label1\" content=\"Estimeret l\u00e6setid\" \/>\n\t<meta name=\"twitter:data1\" content=\"13 minutter\" \/>\n<script type=\"application\/ld+json\" class=\"yoast-schema-graph\">{\"@context\":\"https:\/\/schema.org\",\"@graph\":[{\"@type\":\"WebPage\",\"@id\":\"https:\/\/www.truzzer.com\/da\/terms-and-conditions\/\",\"url\":\"https:\/\/www.truzzer.com\/da\/terms-and-conditions\/\",\"name\":\"Vilk\u00e5r og betingelser | truzzer\",\"isPartOf\":{\"@id\":\"https:\/\/www.truzzer.com\/da\/#website\"},\"datePublished\":\"2026-02-04T15:42:46+00:00\",\"dateModified\":\"2026-02-13T08:25:18+00:00\",\"breadcrumb\":{\"@id\":\"https:\/\/www.truzzer.com\/da\/terms-and-conditions\/#breadcrumb\"},\"inLanguage\":\"da-DK\",\"potentialAction\":[{\"@type\":\"ReadAction\",\"target\":[\"https:\/\/www.truzzer.com\/da\/terms-and-conditions\/\"]}]},{\"@type\":\"BreadcrumbList\",\"@id\":\"https:\/\/www.truzzer.com\/da\/terms-and-conditions\/#breadcrumb\",\"itemListElement\":[{\"@type\":\"ListItem\",\"position\":1,\"name\":\"Home\",\"item\":\"https:\/\/www.truzzer.com\/da\/\"},{\"@type\":\"ListItem\",\"position\":2,\"name\":\"Vilk\u00e5r og betingelser\"}]},{\"@type\":\"WebSite\",\"@id\":\"https:\/\/www.truzzer.com\/da\/#website\",\"url\":\"https:\/\/www.truzzer.com\/da\/\",\"name\":\"truzzer\",\"description\":\"Experts for customer trust\",\"publisher\":{\"@id\":\"https:\/\/www.truzzer.com\/da\/#organization\"},\"potentialAction\":[{\"@type\":\"SearchAction\",\"target\":{\"@type\":\"EntryPoint\",\"urlTemplate\":\"https:\/\/www.truzzer.com\/da\/?s={search_term_string}\"},\"query-input\":{\"@type\":\"PropertyValueSpecification\",\"valueRequired\":true,\"valueName\":\"search_term_string\"}}],\"inLanguage\":\"da-DK\"},{\"@type\":\"Organization\",\"@id\":\"https:\/\/www.truzzer.com\/da\/#organization\",\"name\":\"truzzer\",\"url\":\"https:\/\/www.truzzer.com\/da\/\",\"logo\":{\"@type\":\"ImageObject\",\"inLanguage\":\"da-DK\",\"@id\":\"https:\/\/www.truzzer.com\/da\/#\/schema\/logo\/image\/\",\"url\":\"https:\/\/truzzer.com\/wp-content\/uploads\/2026\/01\/truzzer-logo-black-1.svg\",\"contentUrl\":\"https:\/\/truzzer.com\/wp-content\/uploads\/2026\/01\/truzzer-logo-black-1.svg\",\"width\":938,\"height\":199,\"caption\":\"truzzer\"},\"image\":{\"@id\":\"https:\/\/www.truzzer.com\/da\/#\/schema\/logo\/image\/\"}}]}<\/script>\n<!-- \/ Yoast SEO plugin. -->","yoast_head_json":{"title":"Vilk\u00e5r og betingelser | truzzer","robots":{"index":"index","follow":"follow","max-snippet":"max-snippet:-1","max-image-preview":"max-image-preview:large","max-video-preview":"max-video-preview:-1"},"canonical":"https:\/\/www.truzzer.com\/da\/terms-and-conditions\/","og_locale":"da_DK","og_type":"article","og_title":"Vilk\u00e5r og betingelser | truzzer","og_description":"\u00a0 Generelle vilk\u00e5r og betingelser (herunder oplysninger til kunder) 1. Anvendelighed 2. Tilbud, servicebeskrivelser 3. Ordreproces, indg\u00e5else af kontrakten 4.","og_url":"https:\/\/www.truzzer.com\/da\/terms-and-conditions\/","og_site_name":"truzzer","article_modified_time":"2026-02-13T08:25:18+00:00","twitter_card":"summary_large_image","twitter_misc":{"Estimeret l\u00e6setid":"13 minutter"},"schema":{"@context":"https:\/\/schema.org","@graph":[{"@type":"WebPage","@id":"https:\/\/www.truzzer.com\/da\/terms-and-conditions\/","url":"https:\/\/www.truzzer.com\/da\/terms-and-conditions\/","name":"Vilk\u00e5r og betingelser | truzzer","isPartOf":{"@id":"https:\/\/www.truzzer.com\/da\/#website"},"datePublished":"2026-02-04T15:42:46+00:00","dateModified":"2026-02-13T08:25:18+00:00","breadcrumb":{"@id":"https:\/\/www.truzzer.com\/da\/terms-and-conditions\/#breadcrumb"},"inLanguage":"da-DK","potentialAction":[{"@type":"ReadAction","target":["https:\/\/www.truzzer.com\/da\/terms-and-conditions\/"]}]},{"@type":"BreadcrumbList","@id":"https:\/\/www.truzzer.com\/da\/terms-and-conditions\/#breadcrumb","itemListElement":[{"@type":"ListItem","position":1,"name":"Home","item":"https:\/\/www.truzzer.com\/da\/"},{"@type":"ListItem","position":2,"name":"Vilk\u00e5r og betingelser"}]},{"@type":"WebSite","@id":"https:\/\/www.truzzer.com\/da\/#website","url":"https:\/\/www.truzzer.com\/da\/","name":"truzzer","description":"Experts for customer trust","publisher":{"@id":"https:\/\/www.truzzer.com\/da\/#organization"},"potentialAction":[{"@type":"SearchAction","target":{"@type":"EntryPoint","urlTemplate":"https:\/\/www.truzzer.com\/da\/?s={search_term_string}"},"query-input":{"@type":"PropertyValueSpecification","valueRequired":true,"valueName":"search_term_string"}}],"inLanguage":"da-DK"},{"@type":"Organization","@id":"https:\/\/www.truzzer.com\/da\/#organization","name":"truzzer","url":"https:\/\/www.truzzer.com\/da\/","logo":{"@type":"ImageObject","inLanguage":"da-DK","@id":"https:\/\/www.truzzer.com\/da\/#\/schema\/logo\/image\/","url":"https:\/\/truzzer.com\/wp-content\/uploads\/2026\/01\/truzzer-logo-black-1.svg","contentUrl":"https:\/\/truzzer.com\/wp-content\/uploads\/2026\/01\/truzzer-logo-black-1.svg","width":938,"height":199,"caption":"truzzer"},"image":{"@id":"https:\/\/www.truzzer.com\/da\/#\/schema\/logo\/image\/"}}]}},"_links":{"self":[{"href":"https:\/\/www.truzzer.com\/da\/wp-json\/wp\/v2\/pages\/101803","targetHints":{"allow":["GET"]}}],"collection":[{"href":"https:\/\/www.truzzer.com\/da\/wp-json\/wp\/v2\/pages"}],"about":[{"href":"https:\/\/www.truzzer.com\/da\/wp-json\/wp\/v2\/types\/page"}],"author":[{"embeddable":true,"href":"https:\/\/www.truzzer.com\/da\/wp-json\/wp\/v2\/users\/1"}],"replies":[{"embeddable":true,"href":"https:\/\/www.truzzer.com\/da\/wp-json\/wp\/v2\/comments?post=101803"}],"version-history":[{"count":0,"href":"https:\/\/www.truzzer.com\/da\/wp-json\/wp\/v2\/pages\/101803\/revisions"}],"wp:attachment":[{"href":"https:\/\/www.truzzer.com\/da\/wp-json\/wp\/v2\/media?parent=101803"}],"curies":[{"name":"wp","href":"https:\/\/api.w.org\/{rel}","templated":true}]}}