{"id":105389,"date":"2026-02-12T21:08:01","date_gmt":"2026-02-12T21:08:01","guid":{"rendered":"https:\/\/beta.truzzer.com\/forsendelse-og-levering\/"},"modified":"2026-02-14T12:51:36","modified_gmt":"2026-02-14T12:51:36","slug":"forsendelse-og-levering","status":"publish","type":"page","link":"https:\/\/www.truzzer.com\/da\/forsendelse-og-levering\/","title":{"rendered":"Forsendelse og levering"},"content":{"rendered":"\n<p id=\"wd-0497ba0d\" class=\"wp-block-wd-paragraph\"><strong>Priser, forsendelsesomkostninger og leveringsoplysninger<\/strong><\/p>\n\n<p id=\"wd-d677542c\" class=\"wp-block-wd-paragraph\">De priser, der er angivet p\u00e5 produktsiderne, er inklusive lovpligtig merv\u00e6rdiafgift (moms) og andre priskomponenter.<\/p>\n\n<p id=\"wd-ede6de23\" class=\"wp-block-wd-paragraph\">Vi sender til adresser i Europa, USA og Canada.<\/p>\n\n<p id=\"wd-9a7126c1\" class=\"wp-block-wd-paragraph\">Ud over de angivne produktpriser opkr\u00e6ver vi ogs\u00e5 en fast forsendelsespris for levering inden for:<\/p>\n\n<p id=\"wd-1a0a7c46\" class=\"wp-block-wd-paragraph\">USA (US), Canada EUR 4,99 pr. ordre<\/p>\n\n<p id=\"wd-e50f1d11\" class=\"wp-block-wd-paragraph\">Belgien, Danmark, Frankrig, Tyskland, Italien, Luxembourg, Nederlandene, Sverige, Schweiz, Storbritannien (UK), \u00d8strig EUR 11,90 pr. ordre<\/p>\n\n<p id=\"wd-9dd3ef05\" class=\"wp-block-wd-paragraph\">Finland, Irland, Norge, Portugal, Spanien EUR 13,19 pr. ordre<\/p>\n\n<p id=\"wd-f8761c96\" class=\"wp-block-wd-paragraph\">Bulgarien, Estland, Letland, Litauen, Polen, Rum\u00e6nien, Tjekkiet, Ungarn EUR 14,38 pr. ordre<\/p>\n\n<p id=\"wd-8f79f917\" class=\"wp-block-wd-paragraph\">Gr\u00e6kenland EUR 25,77 pr. ordre<\/p>\n\n<p id=\"wd-0a74763f\" class=\"wp-block-wd-paragraph\">Finland, Irland, Norge, Portugal, Spanien EUR 13,19 pr. ordre<\/p>\n\n<p id=\"wd-53ee0a90\" class=\"wp-block-wd-paragraph\">Forsendelsesomkostningerne oplyses under checkout-processen og bekr\u00e6ftes igen p\u00e5 ordresiden.<\/p>\n\n<p id=\"wd-ec8d50e8\" class=\"wp-block-wd-paragraph\">Der opkr\u00e6ves ingen forsendelsesomkostninger i forbindelse med digitalt indhold (f.eks. e-b\u00f8ger, software osv.).<\/p>\n\n<p id=\"wd-5ce13332\" class=\"wp-block-wd-paragraph\">Forsendelsesomkostninger opkr\u00e6ves som en fast sats p\u00e5<\/p>\n\n<p id=\"wd-2636744d\" class=\"wp-block-wd-paragraph\">USA (US), Canada 4,99 pr. ordre<\/p>\n\n<p id=\"wd-ecd360da\" class=\"wp-block-wd-paragraph\">Belgien, Danmark, Frankrig, Tyskland, Italien, Luxembourg, Nederlandene, Sverige, Schweiz, Storbritannien (UK), \u00d8strig EUR 11,90 pr. ordre<\/p>\n\n<p id=\"wd-7b7af6ab\" class=\"wp-block-wd-paragraph\">Finland, Irland, Norge, Portugal, Spanien EUR 13,19 pr. ordre<\/p>\n\n<p id=\"wd-89dd7009\" class=\"wp-block-wd-paragraph\">Bulgarien, Estland, Letland, Litauen, Polen, Rum\u00e6nien, Tjekkiet, Ungarn EUR 14,38 pr. ordre<\/p>\n\n<p id=\"wd-ff313409\" class=\"wp-block-wd-paragraph\">Gr\u00e6kenland EUR 25,77 pr. ordre<\/p>\n\n<p id=\"wd-5c7e595b\" class=\"wp-block-wd-paragraph\">Finland, Irland, Norge, Portugal, Spanien EUR 13,19 pr. ordre<\/p>\n\n<p id=\"wd-9f7fb2d6\" class=\"wp-block-wd-paragraph\">og er inklusive lovpligtig merv\u00e6rdiafgift (moms). Det forhold, at momsbel\u00f8bet i forsendelsesomkostningerne beregnes p\u00e5 grundlag af de k\u00f8bte varer, betyder, at det kan falde, hvis de k\u00f8bte varer er omfattet af en lavere momssats (f.eks. b\u00f8ger). Dette betyder igen    <\/p>\n\n<p><\/p>\n","protected":false},"excerpt":{"rendered":"","protected":false},"author":1,"featured_media":0,"parent":0,"menu_order":0,"comment_status":"closed","ping_status":"closed","template":"","meta":{"_acf_changed":false,"_yoast_wpseo_focuskw":"","_yoast_wpseo_title":"","_yoast_wpseo_metadesc":"","footnotes":""},"class_list":["post-105389","page","type-page","status-publish","hentry"],"acf":[],"yoast_head":"<!-- This site is optimized with the Yoast SEO plugin v27.0 - https:\/\/yoast.com\/product\/yoast-seo-wordpress\/ -->\n<title>Forsendelse og levering | truzzer<\/title>\n<meta name=\"robots\" content=\"index, follow, max-snippet:-1, max-image-preview:large, max-video-preview:-1\" \/>\n<link rel=\"canonical\" href=\"https:\/\/www.truzzer.com\/da\/forsendelse-og-levering\/\" \/>\n<meta property=\"og:locale\" content=\"da_DK\" \/>\n<meta property=\"og:type\" content=\"article\" \/>\n<meta property=\"og:title\" content=\"Forsendelse og levering | truzzer\" \/>\n<meta property=\"og:url\" content=\"https:\/\/www.truzzer.com\/da\/forsendelse-og-levering\/\" \/>\n<meta property=\"og:site_name\" content=\"truzzer\" \/>\n<meta property=\"article:modified_time\" content=\"2026-02-14T12:51:36+00:00\" \/>\n<meta name=\"twitter:card\" content=\"summary_large_image\" \/>\n<meta name=\"twitter:label1\" content=\"Estimeret l\u00e6setid\" \/>\n\t<meta name=\"twitter:data1\" content=\"1 minut\" \/>\n<script type=\"application\/ld+json\" class=\"yoast-schema-graph\">{\"@context\":\"https:\/\/schema.org\",\"@graph\":[{\"@type\":\"WebPage\",\"@id\":\"https:\/\/www.truzzer.com\/da\/forsendelse-og-levering\/\",\"url\":\"https:\/\/www.truzzer.com\/da\/forsendelse-og-levering\/\",\"name\":\"Forsendelse og levering | truzzer\",\"isPartOf\":{\"@id\":\"https:\/\/www.truzzer.com\/da\/#website\"},\"datePublished\":\"2026-02-12T21:08:01+00:00\",\"dateModified\":\"2026-02-14T12:51:36+00:00\",\"breadcrumb\":{\"@id\":\"https:\/\/www.truzzer.com\/da\/forsendelse-og-levering\/#breadcrumb\"},\"inLanguage\":\"da-DK\",\"potentialAction\":[{\"@type\":\"ReadAction\",\"target\":[\"https:\/\/www.truzzer.com\/da\/forsendelse-og-levering\/\"]}]},{\"@type\":\"BreadcrumbList\",\"@id\":\"https:\/\/www.truzzer.com\/da\/forsendelse-og-levering\/#breadcrumb\",\"itemListElement\":[{\"@type\":\"ListItem\",\"position\":1,\"name\":\"Home\",\"item\":\"https:\/\/www.truzzer.com\/da\/\"},{\"@type\":\"ListItem\",\"position\":2,\"name\":\"Forsendelse og levering\"}]},{\"@type\":\"WebSite\",\"@id\":\"https:\/\/www.truzzer.com\/da\/#website\",\"url\":\"https:\/\/www.truzzer.com\/da\/\",\"name\":\"truzzer\",\"description\":\"Experts for customer trust\",\"publisher\":{\"@id\":\"https:\/\/www.truzzer.com\/da\/#organization\"},\"potentialAction\":[{\"@type\":\"SearchAction\",\"target\":{\"@type\":\"EntryPoint\",\"urlTemplate\":\"https:\/\/www.truzzer.com\/da\/?s={search_term_string}\"},\"query-input\":{\"@type\":\"PropertyValueSpecification\",\"valueRequired\":true,\"valueName\":\"search_term_string\"}}],\"inLanguage\":\"da-DK\"},{\"@type\":\"Organization\",\"@id\":\"https:\/\/www.truzzer.com\/da\/#organization\",\"name\":\"truzzer\",\"url\":\"https:\/\/www.truzzer.com\/da\/\",\"logo\":{\"@type\":\"ImageObject\",\"inLanguage\":\"da-DK\",\"@id\":\"https:\/\/www.truzzer.com\/da\/#\/schema\/logo\/image\/\",\"url\":\"https:\/\/truzzer.com\/wp-content\/uploads\/2026\/01\/truzzer-logo-black-1.svg\",\"contentUrl\":\"https:\/\/truzzer.com\/wp-content\/uploads\/2026\/01\/truzzer-logo-black-1.svg\",\"width\":938,\"height\":199,\"caption\":\"truzzer\"},\"image\":{\"@id\":\"https:\/\/www.truzzer.com\/da\/#\/schema\/logo\/image\/\"}}]}<\/script>\n<!-- \/ Yoast SEO plugin. -->","yoast_head_json":{"title":"Forsendelse og levering | truzzer","robots":{"index":"index","follow":"follow","max-snippet":"max-snippet:-1","max-image-preview":"max-image-preview:large","max-video-preview":"max-video-preview:-1"},"canonical":"https:\/\/www.truzzer.com\/da\/forsendelse-og-levering\/","og_locale":"da_DK","og_type":"article","og_title":"Forsendelse og levering | truzzer","og_url":"https:\/\/www.truzzer.com\/da\/forsendelse-og-levering\/","og_site_name":"truzzer","article_modified_time":"2026-02-14T12:51:36+00:00","twitter_card":"summary_large_image","twitter_misc":{"Estimeret l\u00e6setid":"1 minut"},"schema":{"@context":"https:\/\/schema.org","@graph":[{"@type":"WebPage","@id":"https:\/\/www.truzzer.com\/da\/forsendelse-og-levering\/","url":"https:\/\/www.truzzer.com\/da\/forsendelse-og-levering\/","name":"Forsendelse og levering | truzzer","isPartOf":{"@id":"https:\/\/www.truzzer.com\/da\/#website"},"datePublished":"2026-02-12T21:08:01+00:00","dateModified":"2026-02-14T12:51:36+00:00","breadcrumb":{"@id":"https:\/\/www.truzzer.com\/da\/forsendelse-og-levering\/#breadcrumb"},"inLanguage":"da-DK","potentialAction":[{"@type":"ReadAction","target":["https:\/\/www.truzzer.com\/da\/forsendelse-og-levering\/"]}]},{"@type":"BreadcrumbList","@id":"https:\/\/www.truzzer.com\/da\/forsendelse-og-levering\/#breadcrumb","itemListElement":[{"@type":"ListItem","position":1,"name":"Home","item":"https:\/\/www.truzzer.com\/da\/"},{"@type":"ListItem","position":2,"name":"Forsendelse og levering"}]},{"@type":"WebSite","@id":"https:\/\/www.truzzer.com\/da\/#website","url":"https:\/\/www.truzzer.com\/da\/","name":"truzzer","description":"Experts for customer trust","publisher":{"@id":"https:\/\/www.truzzer.com\/da\/#organization"},"potentialAction":[{"@type":"SearchAction","target":{"@type":"EntryPoint","urlTemplate":"https:\/\/www.truzzer.com\/da\/?s={search_term_string}"},"query-input":{"@type":"PropertyValueSpecification","valueRequired":true,"valueName":"search_term_string"}}],"inLanguage":"da-DK"},{"@type":"Organization","@id":"https:\/\/www.truzzer.com\/da\/#organization","name":"truzzer","url":"https:\/\/www.truzzer.com\/da\/","logo":{"@type":"ImageObject","inLanguage":"da-DK","@id":"https:\/\/www.truzzer.com\/da\/#\/schema\/logo\/image\/","url":"https:\/\/truzzer.com\/wp-content\/uploads\/2026\/01\/truzzer-logo-black-1.svg","contentUrl":"https:\/\/truzzer.com\/wp-content\/uploads\/2026\/01\/truzzer-logo-black-1.svg","width":938,"height":199,"caption":"truzzer"},"image":{"@id":"https:\/\/www.truzzer.com\/da\/#\/schema\/logo\/image\/"}}]}},"_links":{"self":[{"href":"https:\/\/www.truzzer.com\/da\/wp-json\/wp\/v2\/pages\/105389","targetHints":{"allow":["GET"]}}],"collection":[{"href":"https:\/\/www.truzzer.com\/da\/wp-json\/wp\/v2\/pages"}],"about":[{"href":"https:\/\/www.truzzer.com\/da\/wp-json\/wp\/v2\/types\/page"}],"author":[{"embeddable":true,"href":"https:\/\/www.truzzer.com\/da\/wp-json\/wp\/v2\/users\/1"}],"replies":[{"embeddable":true,"href":"https:\/\/www.truzzer.com\/da\/wp-json\/wp\/v2\/comments?post=105389"}],"version-history":[{"count":0,"href":"https:\/\/www.truzzer.com\/da\/wp-json\/wp\/v2\/pages\/105389\/revisions"}],"wp:attachment":[{"href":"https:\/\/www.truzzer.com\/da\/wp-json\/wp\/v2\/media?parent=105389"}],"curies":[{"name":"wp","href":"https:\/\/api.w.org\/{rel}","templated":true}]}}