{"id":100113,"date":"2026-02-01T19:55:10","date_gmt":"2026-02-01T19:55:10","guid":{"rendered":"https:\/\/beta.truzzer.com\/product\/wifi-qr-code-table-stand-clean\/"},"modified":"2026-02-13T08:24:22","modified_gmt":"2026-02-13T08:24:22","slug":"wifi-qr-code-table-stand-clean","status":"publish","type":"product","link":"https:\/\/www.truzzer.com\/da\/vare\/wifi-qr-code-table-stand-clean\/","title":{"rendered":"WIFI QR Kode Bordstativ Rens"},"content":{"rendered":"<h3>Bordstativ &#8220;Rent&#8221; med WIFI QR-kode \u2013 Den ukomplicerede Wi-Fi-adgang til dine kunder<\/h3>\n<p><strong>Giv dine kunder hurtig og problemfri adgang til dit Wi-Fi med det minimalistiske &#8220;Clean&#8221; bordstativ.<\/strong> Ingen komplicerede adgangskoder eller un\u00f8dvendige trin \u2013 dine kunder scanner blot den tydeligt designede QR-kode og er online med det samme. &#8220;Clean&#8221;-standeren er kendetegnet ved sit s\u00e6rligt enkle, moderne design, der passer perfekt ind i ethvert milj\u00f8 og samtidig sikre h\u00f8j brugervenlighed.<\/p>\n<hr \/>\n<h3>Hvad er det &#8220;rene&#8221; bordstativ med WIFI QR-kode?<\/h3>\n<p>Det &#8220;rene&#8221; bordstativ tilbyder en elegant og ligetil m\u00e5de at give dine kunder eller g\u00e6ster hurtig adgang til dit Wi-Fi. Dette minimalistiske stativ integreres problemfrit i enhver indstilling og imponerer med et diskret, men funktionelt design. Den tydeligt placerede QR-kode giver dine kunder adgang til dit Wi-Fi med det samme uden komplicerede adgangskodeindtastninger. Ideel til restauranter, caf\u00e9er, hoteller, kontorer og andre virksomheder, der v\u00e6rds\u00e6tter et elegant og kundevenligt udseende.<\/p>\n<hr \/>\n<h3>Fordele ved det &#8220;rene&#8221; bordstativ med WIFI QR-kode<\/h3>\n<p><strong>1. Hurtig og bekvem Wi-Fi-adgang:<\/strong><\/p>\n<ul>\n<li>Dine kunder scanner blot den klare QR-kode med deres smartphone-kamera og er direkte forbundet til Wi-Fi. Ingen adgangskoder, ingen komplicerede login-processer \u2013 kun \u00f8jeblikkelige forbindelser.<\/li>\n<\/ul>\n<p><strong>2. Reduceret, elegant design:<\/strong><\/p>\n<ul>\n<li>Det &#8220;rene&#8221; bordstativ passer diskret ind i dine omgivelser. Dets minimalistiske design er perfekt til virksomheder, der prioriterer et klart, moderne udseende. QR-koden er tydeligt synlig og ikke skjult af un\u00f8dvendige designelementer.<\/li>\n<\/ul>\n<p><strong>3. Tidsbesparelser for dig og dine kunder:<\/strong><\/p>\n<ul>\n<li>Med dens klare, brugervenlige h\u00e5ndtering undg\u00e5r du foresp\u00f8rgsler eller supportanmodninger fra kunder, der har brug for hj\u00e6lp til Wi-Fi-adgang. Alt er designet til enkelhed og effektivitet.<\/li>\n<\/ul>\n<p><strong>4. Holdbar og robust:<\/strong><\/p>\n<ul>\n<li>&#8220;Clean&#8221; bordstativet er lavet af materialer af h\u00f8j kvalitet, der ikke kun ser stilfulde ud, men ogs\u00e5 er robuste nok til daglig brug. Uanset om det er p\u00e5 borde, receptionsskranker eller arbejdsstationer &#8211; det er designet til kontinuerlig brug.<\/li>\n<\/ul>\n<p><strong>5. Ingen yderligere hardware p\u00e5kr\u00e6vet:<\/strong><\/p>\n<ul>\n<li>&#8220;Rens&#8221;-stativet fungerer sammen med dit eksisterende Wi-Fi-netv\u00e6rk. Du beh\u00f8ver ikke yderligere enheder eller routere. QR-koden leder dine kunder direkte til dit eksisterende netv\u00e6rk \u2013 uden tekniske forhindringer.<\/li>\n<\/ul>\n<hr \/>\n<h2>Hvorfor skal du bruge det &#8220;rene&#8221; bordstativ med WIFI QR-kode?<\/h2>\n<p>I dagens verden forventer kunderne hurtig og ukompliceret adgang til Wi-Fi, is\u00e6r i restauranter, caf\u00e9er eller offentlige faciliteter. Med &#8220;Clean&#8221; bordstativet kan du ikke kun tilbyde denne service, men ogs\u00e5 sikre, at din virksomhed forbliver stilfuld og professionel. &#8220;Clean&#8221; standen kombinerer funktionalitet og \u00e6stetik og giver en helt igennem positiv kundeoplevelse.<\/p>\n<p><strong>Ideel til virksomheder som:<\/strong><\/p>\n<ul>\n<li><strong>Restauranter &amp; Caf\u00e9er:<\/strong> Perfekt til bord- eller diskplaceringer for at give dine g\u00e6ster nem Wi-Fi-adgang.<\/li>\n<li><strong>Hoteller &amp; Vandrerhjem:<\/strong> Ideel til receptioner eller loungeomr\u00e5der for at tilbyde g\u00e6sterne \u00f8jeblikkelig internetadgang.<\/li>\n<li><strong>Kontorer &amp; Co-Working Spaces:<\/strong> Giv bes\u00f8gende og forretningspartnere hurtig internetadgang \u2013 stilfuldt og professionelt.<\/li>\n<li><strong>Detailhandel:<\/strong> For\u00f8g dine kunders opholdstid ved at tilbyde gratis Wi-Fi direkte.<\/li>\n<\/ul>\n<hr \/>\n<h3>Hvordan fungerer bordet med WIFI QR-kode?<\/h3>\n<p><strong>1. Nem ops\u00e6tning:<\/strong><\/p>\n<ul>\n<li>Placer bordstativet et synligt sted i din virksomhed, f.eks. p\u00e5 et bord, en disk eller i receptionen.<\/li>\n<\/ul>\n<p><strong>2. Scan QR-koden:<\/strong><\/p>\n<ul>\n<li>Dine kunder \u00e5bner blot kameraappen p\u00e5 deres smartphone, retter den mod QR-koden p\u00e5 stativet og klikker p\u00e5 notifikationen for at oprette forbindelse til Wi-Fi.<\/li>\n<\/ul>\n<p><strong>3. \u00d8jeblikkelig forbindelse:<\/strong><\/p>\n<ul>\n<li>Efter scanning er dine kunder automatisk forbundet til dit Wi-Fi-netv\u00e6rk uden at skulle indtaste en adgangskode eller gennemg\u00e5 lange registreringsformularer.<\/li>\n<\/ul>\n<p><strong>4. Wi-Fi-adgang til alle enheder:<\/strong><\/p>\n<ul>\n<li>For Android- og iOS-enheder oprettes forbindelsen med det samme. Laptop- og tabletbrugere kan ogs\u00e5 scanne QR-koden for manuelt at indtaste Wi-Fi-legitimationsoplysningerne.<\/li>\n<\/ul>\n","protected":false},"excerpt":{"rendered":"<p><strong>Bordstativ &#8220;Rent&#8221; med WIFI QR-kode \u2013 stilfuldt design, ukompliceret Wi-Fi-adgang<\/strong><\/p>\n<p>Med &#8220;Clean&#8221; bordstativ, tilbyder du dine kunder hurtig og nem adgang til dit Wi-Fi. Den klare QR-kode giver dine g\u00e6ster mulighed for at oprette forbindelse direkte til Wi-Fi uden komplicerede login-processer. Du skal bare scanne med et smartphone-kamera og v\u00e6re online med det samme \u2013 ingen adgangskode kr\u00e6ves. Denne stand har et minimalistisk, moderne design, der problemfrit passer ind i ethvert milj\u00f8 \u2013 uanset om det er p\u00e5 caf\u00e9er, restauranter, hoteller eller kontorer.<\/p>\n<p><strong>Fordele ved &#8220;Clean&#8221; Bordstativ:<\/strong><\/p>\n<ul>\n<li><strong>\u00d8jeblikkelig Wi-Fi-adgang:<\/strong> Du skal blot scanne QR-koden og oprette forbindelse direkte til Wi-Fi \u2013 ingen adgangskode n\u00f8dvendig.<\/li>\n<li><strong>Elegant og minimalistisk design:<\/strong> Passer perfekt ind i alle omgivelser og giver et ryddeligt, professionelt udseende.<\/li>\n<li><strong>Tidsbesparelse:<\/strong> Ikke mere at forklare Wi-Fi-detaljer \u2013 dine kunder kan oprette forbindelse uafh\u00e6ngigt og hurtigt.<\/li>\n<li><strong>Robust og holdbar:<\/strong> Materialer af h\u00f8j kvalitet g\u00f8r stativet ideelt til daglig brug.<\/li>\n<li><strong>Kompatibel med alle enheder:<\/strong> Fungerer med Android, iOS og viser Wi-Fi-detaljer for b\u00e6rbare computere.<\/li>\n<\/ul>\n<p>Med &#8220;Clean&#8221; bordstativ giver du ikke kun en praktisk l\u00f8sning til Wi-Fi-adgang, men skaber ogs\u00e5 en stilfuld og brugervenlig kundeoplevelse.<\/p>\n","protected":false},"featured_media":100121,"comment_status":"open","ping_status":"closed","template":"","meta":{"_acf_changed":false,"_yoast_wpseo_focuskw":"WiFi QR-kode Bordstander","_yoast_wpseo_title":"WIFI QR Code Table Stand Clean | truzzer","_yoast_wpseo_metadesc":"Nem WiFi-adgang for dine g\u00e6ster med WIFI QR Code Table Stand Clean fra truzzer. Nem ops\u00e6tning, klar til brug. Bestil nu!"},"product_brand":[],"product_cat":[961,466,1495],"product_tag":[],"class_list":{"0":"post-100113","1":"product","2":"type-product","3":"status-publish","4":"has-post-thumbnail","6":"product_cat-qr-kode-displays-standere","7":"product_cat-qr-kode-produkter","8":"product_cat-wifi-bordstandere-med-qr-kode","9":"pa_industry-hotel","10":"pa_industry-medische-praktijk","11":"pa_industry-restaurant-cafe","12":"pa_material-karton","13":"pa_placement-balie-receptie","14":"pa_placement-kassa-pos","15":"pa_placement-tafel","16":"pa_product-type-displays-og-stativer","17":"pa_technology-qr-code","18":"pa_technology-qr-kode","20":"first","21":"instock","22":"taxable","23":"shipping-taxable","24":"product-type-simple"},"acf":[],"yoast_head":"<!-- This site is optimized with the Yoast SEO plugin v27.0 - https:\/\/yoast.com\/product\/yoast-seo-wordpress\/ -->\n<title>WIFI QR Code Table Stand Clean | truzzer<\/title>\n<meta name=\"description\" content=\"Nem WiFi-adgang for dine g\u00e6ster med WIFI QR Code Table Stand Clean fra truzzer. Nem ops\u00e6tning, klar til brug. Bestil nu!\" \/>\n<meta name=\"robots\" content=\"index, follow, max-snippet:-1, max-image-preview:large, max-video-preview:-1\" \/>\n<link rel=\"canonical\" href=\"https:\/\/www.truzzer.com\/da\/vare\/wifi-qr-code-table-stand-clean\/\" \/>\n<meta property=\"og:locale\" content=\"da_DK\" \/>\n<meta property=\"og:type\" content=\"article\" \/>\n<meta property=\"og:title\" content=\"WIFI QR Code Table Stand Clean | truzzer\" \/>\n<meta property=\"og:description\" content=\"Nem WiFi-adgang for dine g\u00e6ster med WIFI QR Code Table Stand Clean fra truzzer. Nem ops\u00e6tning, klar til brug. Bestil nu!\" \/>\n<meta property=\"og:url\" content=\"https:\/\/www.truzzer.com\/da\/vare\/wifi-qr-code-table-stand-clean\/\" \/>\n<meta property=\"og:site_name\" content=\"truzzer\" \/>\n<meta property=\"article:modified_time\" content=\"2026-02-13T08:24:22+00:00\" \/>\n<meta property=\"og:image\" content=\"https:\/\/www.truzzer.com\/wp-content\/uploads\/2026\/02\/empfehlio-truzzer-wifi-stand-clean-5-1200x1200-1-jpg-2.webp\" \/>\n\t<meta property=\"og:image:width\" content=\"1200\" \/>\n\t<meta property=\"og:image:height\" content=\"1200\" \/>\n\t<meta property=\"og:image:type\" content=\"image\/webp\" \/>\n<meta name=\"twitter:card\" content=\"summary_large_image\" \/>\n<meta name=\"twitter:label1\" content=\"Estimeret l\u00e6setid\" \/>\n\t<meta name=\"twitter:data1\" content=\"3 minutter\" \/>\n<script type=\"application\/ld+json\" class=\"yoast-schema-graph\">{\"@context\":\"https:\/\/schema.org\",\"@graph\":[{\"@type\":\"WebPage\",\"@id\":\"https:\/\/www.truzzer.com\/da\/vare\/wifi-qr-code-table-stand-clean\/\",\"url\":\"https:\/\/www.truzzer.com\/da\/vare\/wifi-qr-code-table-stand-clean\/\",\"name\":\"WIFI QR Code Table Stand Clean | truzzer\",\"isPartOf\":{\"@id\":\"https:\/\/www.truzzer.com\/da\/#website\"},\"primaryImageOfPage\":{\"@id\":\"https:\/\/www.truzzer.com\/da\/vare\/wifi-qr-code-table-stand-clean\/#primaryimage\"},\"image\":{\"@id\":\"https:\/\/www.truzzer.com\/da\/vare\/wifi-qr-code-table-stand-clean\/#primaryimage\"},\"thumbnailUrl\":\"https:\/\/www.truzzer.com\/wp-content\/uploads\/2026\/02\/empfehlio-truzzer-wifi-stand-clean-5-1200x1200-1-jpg-2.webp\",\"datePublished\":\"2026-02-01T19:55:10+00:00\",\"dateModified\":\"2026-02-13T08:24:22+00:00\",\"description\":\"Nem WiFi-adgang for dine g\u00e6ster med WIFI QR Code Table Stand Clean fra truzzer. Nem ops\u00e6tning, klar til brug. Bestil nu!\",\"breadcrumb\":{\"@id\":\"https:\/\/www.truzzer.com\/da\/vare\/wifi-qr-code-table-stand-clean\/#breadcrumb\"},\"inLanguage\":\"da-DK\",\"potentialAction\":[{\"@type\":\"ReadAction\",\"target\":[\"https:\/\/www.truzzer.com\/da\/vare\/wifi-qr-code-table-stand-clean\/\"]}]},{\"@type\":\"ImageObject\",\"inLanguage\":\"da-DK\",\"@id\":\"https:\/\/www.truzzer.com\/da\/vare\/wifi-qr-code-table-stand-clean\/#primaryimage\",\"url\":\"https:\/\/www.truzzer.com\/wp-content\/uploads\/2026\/02\/empfehlio-truzzer-wifi-stand-clean-5-1200x1200-1-jpg-2.webp\",\"contentUrl\":\"https:\/\/www.truzzer.com\/wp-content\/uploads\/2026\/02\/empfehlio-truzzer-wifi-stand-clean-5-1200x1200-1-jpg-2.webp\",\"width\":1200,\"height\":1200},{\"@type\":\"BreadcrumbList\",\"@id\":\"https:\/\/www.truzzer.com\/da\/vare\/wifi-qr-code-table-stand-clean\/#breadcrumb\",\"itemListElement\":[{\"@type\":\"ListItem\",\"position\":1,\"name\":\"Home\",\"item\":\"https:\/\/www.truzzer.com\/da\/\"},{\"@type\":\"ListItem\",\"position\":2,\"name\":\"Butik\",\"item\":\"https:\/\/www.truzzer.com\/da\/shop\/\"},{\"@type\":\"ListItem\",\"position\":3,\"name\":\"WIFI QR Kode Bordstativ Rens\"}]},{\"@type\":\"WebSite\",\"@id\":\"https:\/\/www.truzzer.com\/da\/#website\",\"url\":\"https:\/\/www.truzzer.com\/da\/\",\"name\":\"truzzer\",\"description\":\"Experts for customer trust\",\"publisher\":{\"@id\":\"https:\/\/www.truzzer.com\/da\/#organization\"},\"potentialAction\":[{\"@type\":\"SearchAction\",\"target\":{\"@type\":\"EntryPoint\",\"urlTemplate\":\"https:\/\/www.truzzer.com\/da\/?s={search_term_string}\"},\"query-input\":{\"@type\":\"PropertyValueSpecification\",\"valueRequired\":true,\"valueName\":\"search_term_string\"}}],\"inLanguage\":\"da-DK\"},{\"@type\":\"Organization\",\"@id\":\"https:\/\/www.truzzer.com\/da\/#organization\",\"name\":\"truzzer\",\"url\":\"https:\/\/www.truzzer.com\/da\/\",\"logo\":{\"@type\":\"ImageObject\",\"inLanguage\":\"da-DK\",\"@id\":\"https:\/\/www.truzzer.com\/da\/#\/schema\/logo\/image\/\",\"url\":\"https:\/\/truzzer.com\/wp-content\/uploads\/2026\/01\/truzzer-logo-black-1.svg\",\"contentUrl\":\"https:\/\/truzzer.com\/wp-content\/uploads\/2026\/01\/truzzer-logo-black-1.svg\",\"width\":938,\"height\":199,\"caption\":\"truzzer\"},\"image\":{\"@id\":\"https:\/\/www.truzzer.com\/da\/#\/schema\/logo\/image\/\"}}]}<\/script>\n<!-- \/ Yoast SEO plugin. -->","yoast_head_json":{"title":"WIFI QR Code Table Stand Clean | truzzer","description":"Nem WiFi-adgang for dine g\u00e6ster med WIFI QR Code Table Stand Clean fra truzzer. Nem ops\u00e6tning, klar til brug. Bestil nu!","robots":{"index":"index","follow":"follow","max-snippet":"max-snippet:-1","max-image-preview":"max-image-preview:large","max-video-preview":"max-video-preview:-1"},"canonical":"https:\/\/www.truzzer.com\/da\/vare\/wifi-qr-code-table-stand-clean\/","og_locale":"da_DK","og_type":"article","og_title":"WIFI QR Code Table Stand Clean | truzzer","og_description":"Nem WiFi-adgang for dine g\u00e6ster med WIFI QR Code Table Stand Clean fra truzzer. Nem ops\u00e6tning, klar til brug. Bestil nu!","og_url":"https:\/\/www.truzzer.com\/da\/vare\/wifi-qr-code-table-stand-clean\/","og_site_name":"truzzer","article_modified_time":"2026-02-13T08:24:22+00:00","og_image":[{"width":1200,"height":1200,"url":"https:\/\/www.truzzer.com\/wp-content\/uploads\/2026\/02\/empfehlio-truzzer-wifi-stand-clean-5-1200x1200-1-jpg-2.webp","type":"image\/webp"}],"twitter_card":"summary_large_image","twitter_misc":{"Estimeret l\u00e6setid":"3 minutter"},"schema":{"@context":"https:\/\/schema.org","@graph":[{"@type":"WebPage","@id":"https:\/\/www.truzzer.com\/da\/vare\/wifi-qr-code-table-stand-clean\/","url":"https:\/\/www.truzzer.com\/da\/vare\/wifi-qr-code-table-stand-clean\/","name":"WIFI QR Code Table Stand Clean | truzzer","isPartOf":{"@id":"https:\/\/www.truzzer.com\/da\/#website"},"primaryImageOfPage":{"@id":"https:\/\/www.truzzer.com\/da\/vare\/wifi-qr-code-table-stand-clean\/#primaryimage"},"image":{"@id":"https:\/\/www.truzzer.com\/da\/vare\/wifi-qr-code-table-stand-clean\/#primaryimage"},"thumbnailUrl":"https:\/\/www.truzzer.com\/wp-content\/uploads\/2026\/02\/empfehlio-truzzer-wifi-stand-clean-5-1200x1200-1-jpg-2.webp","datePublished":"2026-02-01T19:55:10+00:00","dateModified":"2026-02-13T08:24:22+00:00","description":"Nem WiFi-adgang for dine g\u00e6ster med WIFI QR Code Table Stand Clean fra truzzer. Nem ops\u00e6tning, klar til brug. Bestil nu!","breadcrumb":{"@id":"https:\/\/www.truzzer.com\/da\/vare\/wifi-qr-code-table-stand-clean\/#breadcrumb"},"inLanguage":"da-DK","potentialAction":[{"@type":"ReadAction","target":["https:\/\/www.truzzer.com\/da\/vare\/wifi-qr-code-table-stand-clean\/"]}]},{"@type":"ImageObject","inLanguage":"da-DK","@id":"https:\/\/www.truzzer.com\/da\/vare\/wifi-qr-code-table-stand-clean\/#primaryimage","url":"https:\/\/www.truzzer.com\/wp-content\/uploads\/2026\/02\/empfehlio-truzzer-wifi-stand-clean-5-1200x1200-1-jpg-2.webp","contentUrl":"https:\/\/www.truzzer.com\/wp-content\/uploads\/2026\/02\/empfehlio-truzzer-wifi-stand-clean-5-1200x1200-1-jpg-2.webp","width":1200,"height":1200},{"@type":"BreadcrumbList","@id":"https:\/\/www.truzzer.com\/da\/vare\/wifi-qr-code-table-stand-clean\/#breadcrumb","itemListElement":[{"@type":"ListItem","position":1,"name":"Home","item":"https:\/\/www.truzzer.com\/da\/"},{"@type":"ListItem","position":2,"name":"Butik","item":"https:\/\/www.truzzer.com\/da\/shop\/"},{"@type":"ListItem","position":3,"name":"WIFI QR Kode Bordstativ Rens"}]},{"@type":"WebSite","@id":"https:\/\/www.truzzer.com\/da\/#website","url":"https:\/\/www.truzzer.com\/da\/","name":"truzzer","description":"Experts for customer trust","publisher":{"@id":"https:\/\/www.truzzer.com\/da\/#organization"},"potentialAction":[{"@type":"SearchAction","target":{"@type":"EntryPoint","urlTemplate":"https:\/\/www.truzzer.com\/da\/?s={search_term_string}"},"query-input":{"@type":"PropertyValueSpecification","valueRequired":true,"valueName":"search_term_string"}}],"inLanguage":"da-DK"},{"@type":"Organization","@id":"https:\/\/www.truzzer.com\/da\/#organization","name":"truzzer","url":"https:\/\/www.truzzer.com\/da\/","logo":{"@type":"ImageObject","inLanguage":"da-DK","@id":"https:\/\/www.truzzer.com\/da\/#\/schema\/logo\/image\/","url":"https:\/\/truzzer.com\/wp-content\/uploads\/2026\/01\/truzzer-logo-black-1.svg","contentUrl":"https:\/\/truzzer.com\/wp-content\/uploads\/2026\/01\/truzzer-logo-black-1.svg","width":938,"height":199,"caption":"truzzer"},"image":{"@id":"https:\/\/www.truzzer.com\/da\/#\/schema\/logo\/image\/"}}]}},"tiered_pricing_type":"fixed","tiered_pricing_fixed_rules":[],"tiered_pricing_product_settings":{"layout":"default","base_unit_name":{"singular":null,"plural":null},"default_variation":null},"tiered_pricing_minimum_quantity":null,"tiered_pricing_roles_data":[],"tiered_pricing_percentage_rules":[],"tiered_pricing_maximum_quantity":null,"tiered_pricing_quantity_step":null,"_links":{"self":[{"href":"https:\/\/www.truzzer.com\/da\/wp-json\/wp\/v2\/product\/100113","targetHints":{"allow":["GET"]}}],"collection":[{"href":"https:\/\/www.truzzer.com\/da\/wp-json\/wp\/v2\/product"}],"about":[{"href":"https:\/\/www.truzzer.com\/da\/wp-json\/wp\/v2\/types\/product"}],"replies":[{"embeddable":true,"href":"https:\/\/www.truzzer.com\/da\/wp-json\/wp\/v2\/comments?post=100113"}],"wp:featuredmedia":[{"embeddable":true,"href":"https:\/\/www.truzzer.com\/da\/wp-json\/wp\/v2\/media\/100121"}],"wp:attachment":[{"href":"https:\/\/www.truzzer.com\/da\/wp-json\/wp\/v2\/media?parent=100113"}],"wp:term":[{"taxonomy":"product_brand","embeddable":true,"href":"https:\/\/www.truzzer.com\/da\/wp-json\/wp\/v2\/product_brand?post=100113"},{"taxonomy":"product_cat","embeddable":true,"href":"https:\/\/www.truzzer.com\/da\/wp-json\/wp\/v2\/product_cat?post=100113"},{"taxonomy":"product_tag","embeddable":true,"href":"https:\/\/www.truzzer.com\/da\/wp-json\/wp\/v2\/product_tag?post=100113"}],"curies":[{"name":"wp","href":"https:\/\/api.w.org\/{rel}","templated":true}]}}