{"id":100146,"date":"2026-02-01T19:54:34","date_gmt":"2026-02-01T19:54:34","guid":{"rendered":"https:\/\/beta.truzzer.com\/product\/google-review-qr-code-sticker-roll-with-google-review-qr-code\/"},"modified":"2026-02-13T08:27:53","modified_gmt":"2026-02-13T08:27:53","slug":"google-review-qr-code-sticker-roll-with-google-review-qr-code","status":"publish","type":"product","link":"https:\/\/www.truzzer.com\/da\/vare\/google-review-qr-code-sticker-roll-with-google-review-qr-code\/","title":{"rendered":"Google anmeldelse QR Kode Klisterm\u00e6rkerulle med Google anmeldelse QR kode"},"content":{"rendered":"<p data-start=\"0\" data-end=\"80\"><strong data-start=\"0\" data-end=\"80\">Vurder os p\u00e5 Google-klisterm\u00e6rker som rulleetiketter med QR-kode til forsendelsespakker<\/strong><\/p>\n<p data-start=\"82\" data-end=\"206\">Med truzzer&#8217;s &#8220;Vurder os p\u00e5 Google&#8221;-etiketter med et link til en anmeldelse \u2013 QR-kode, vil du uden besv\u00e6r indsamle nye Google-anmeldelser!<\/p>\n<ul data-start=\"208\" data-end=\"374\">\n<li data-start=\"208\" data-end=\"289\">\n<p data-start=\"210\" data-end=\"289\">I et praktisk rundt format g\u00f8r du Google anmeldelser h\u00e5ndgribelige for dine kunder.<\/p>\n<\/li>\n<li data-start=\"290\" data-end=\"374\">\n<p data-start=\"292\" data-end=\"374\">Placer klisterm\u00e6rkerne p\u00e5 dine pakker \u2013 eller hvor som helst dine kunder vil bem\u00e6rke dem.<\/p>\n<\/li>\n<\/ul>\n<hr data-start=\"376\" data-end=\"379\" \/>\n<h3 data-start=\"381\" data-end=\"432\">Brug af dem som hj\u00f8rneklisterm\u00e6rker p\u00e5 forsendelseskasser<\/h3>\n<p data-start=\"434\" data-end=\"654\">Vil du s\u00e6tte klisterm\u00e6rkerne p\u00e5 hj\u00f8rnerne af dine kasser? Intet problem! De er designet, s\u00e5 der er nok tom plads mellem opfordringen til handling og QR-koden til at tillade den &#8220;foldning&#8221; uden at b\u00f8je nogen af elementerne.<\/p>\n<hr data-start=\"656\" data-end=\"659\" \/>\n<p data-start=\"661\" data-end=\"753\">Vores &#8220;Vurder os p\u00e5 Google&#8221;-produkter er nemme at bruge. S\u00e5dan fungerer det med vores anmeldelseskort:<\/p>\n<p data-start=\"755\" data-end=\"895\"><strong data-start=\"755\" data-end=\"793\">Trin 1: Kunden scanner QR-koden<\/strong><br data-start=\"793\" data-end=\"796\" \/>For at skrive en anmeldelse peger kunden blot med sit smartphone-kamera mod koden p\u00e5 m\u00e6rkaten.<\/p>\n<blockquote data-start=\"897\" data-end=\"1004\">\n<p data-start=\"899\" data-end=\"1004\">\u2022 P\u00e5 iPhone vises en pop op p\u00e5 sk\u00e6rmen.<br data-start=\"943\" data-end=\"946\" \/>\u2022 P\u00e5 Android\/Google-telefoner vises et QR-kodeikon.<\/p>\n<\/blockquote>\n<p data-start=\"1006\" data-end=\"1159\"><strong data-start=\"1006\" data-end=\"1063\">Trin 2: Kunden f\u00f8res direkte til anmeldelsesformularen<\/strong><br data-start=\"1063\" data-end=\"1066\" \/>Anmeldelsesformularen \u00e5bner med det samme, og kunden kan indsende deres feedback!<\/p>\n<hr data-start=\"1161\" data-end=\"1164\" \/>\n<blockquote data-start=\"1166\" data-end=\"1377\" data-is-last-node=\"\" data-is-only-node=\"\">\n<p data-start=\"1168\" data-end=\"1377\" data-is-last-node=\"\"><strong data-start=\"1168\" data-end=\"1177\">Bem\u00e6rk:<\/strong><br data-start=\"1177\" data-end=\"1180\" \/>Du skal bruge din egen Google My Business-dataprofil for at modtage data-anmeldelser. \/>Hvis du endnu ikke har et, kan vores eksperter konfigurere det for dig \u2013 klik bare her, n\u00e5r du har tilf\u00f8jet dit Google review-kort til indk\u00f8bskurven.<\/p>\n<\/blockquote>\n","protected":false},"excerpt":{"rendered":"<p><strong>Fuld af flair \u2013 &#8220;Vurder os p\u00e5 Google&#8221;-etiketterne fra truzzer, komplet med en Google Review QR-kode!<\/strong><\/p>\n<p>Den perfekte prikken over i&#8217;et til dine pakker og et blikfang p\u00e5 enhver overflade! F\u00e5 flere Google-anmeldelser fra dine kunder med personlige &#8220;Vurder os p\u00e5 Google&#8221;-etiketter med et QR-link til direkte Google-anmeldelser.<\/p>\n<ul>\n<li>Ideel til forsendelseskasser<\/li>\n<li>Velegnet til enhver glat overflade<\/li>\n<li>Perfekt til emballage, detailbutikker, fakturam\u00e6rkater, eller hvor det nu passer<\/li>\n<li>Viser dine kunder, hvor nemt det er at anmelde dig p\u00e5 Google<\/li>\n<li>Skr\u00e6ddersyet til dig<\/li>\n<li>F\u00e5s i tre st\u00f8rrelser<\/li>\n<\/ul>\n<p>Vi opretter og linker QR-koden til direkte anmeldelser p\u00e5 din Google-profil!<\/p>\n","protected":false},"featured_media":100148,"comment_status":"open","ping_status":"closed","template":"","meta":{"_acf_changed":false,"_yoast_wpseo_focuskw":"Google Anmeldelse Klisterm\u00e6rkerulle","_yoast_wpseo_title":"Google Review QR Code Sticker Roll with Google ... | truzzer","_yoast_wpseo_metadesc":"Flere Google-anmeldelser med Google Review QR Code Sticker Roll with Google Review QR Code fra truzzer. Nem ops\u00e6tning. Bestil nu!"},"product_brand":[1631],"product_cat":[1496,856,731,1497,467,1177,466],"product_tag":[],"class_list":{"0":"post-100146","1":"product","2":"type-product","3":"status-publish","4":"has-post-thumbnail","6":"product_brand-google","7":"product_cat-google-anmeldelse-klistermaerker","8":"product_cat-google-anmeldelse-klistermaerker-med-qr-kode","9":"product_cat-google-anmeldelse-produkter","10":"product_cat-google-anmeldelse-roll-ups-med-qr-kode","11":"product_cat-qr-kode-klistermaerker","12":"product_cat-qr-kode-klistermaerkeruller","13":"product_cat-qr-kode-produkter","14":"pa_industry-detailhandel","15":"pa_industry-events-entertainment","16":"pa_industry-restaurant-cafe","17":"pa_material-karton","18":"pa_placement-bon","19":"pa_placement-brochure","20":"pa_placement-verpakking","21":"pa_product-type-klistermaerke","22":"pa_product-type-sticker-roll","23":"pa_shape-rond","24":"pa_technology-qr-code","25":"pa_technology-qr-kode","27":"first","28":"instock","29":"taxable","30":"shipping-taxable","31":"purchasable","32":"product-type-variable","33":"has-default-attributes"},"acf":[],"yoast_head":"<!-- This site is optimized with the Yoast SEO plugin v27.0 - https:\/\/yoast.com\/product\/yoast-seo-wordpress\/ -->\n<title>Google Review QR Code Sticker Roll with Google ... | truzzer<\/title>\n<meta name=\"description\" content=\"Flere Google-anmeldelser med Google Review QR Code Sticker Roll with Google Review QR Code fra truzzer. Nem ops\u00e6tning. Bestil nu!\" \/>\n<meta name=\"robots\" content=\"index, follow, max-snippet:-1, max-image-preview:large, max-video-preview:-1\" \/>\n<link rel=\"canonical\" href=\"https:\/\/www.truzzer.com\/da\/vare\/google-review-qr-code-sticker-roll-with-google-review-qr-code\/\" \/>\n<meta property=\"og:locale\" content=\"da_DK\" \/>\n<meta property=\"og:type\" content=\"article\" \/>\n<meta property=\"og:title\" content=\"Google Review QR Code Sticker Roll with Google ... | truzzer\" \/>\n<meta property=\"og:description\" content=\"Flere Google-anmeldelser med Google Review QR Code Sticker Roll with Google Review QR Code fra truzzer. Nem ops\u00e6tning. Bestil nu!\" \/>\n<meta property=\"og:url\" content=\"https:\/\/www.truzzer.com\/da\/vare\/google-review-qr-code-sticker-roll-with-google-review-qr-code\/\" \/>\n<meta property=\"og:site_name\" content=\"truzzer\" \/>\n<meta property=\"article:modified_time\" content=\"2026-02-13T08:27:53+00:00\" \/>\n<meta property=\"og:image\" content=\"https:\/\/www.truzzer.com\/wp-content\/uploads\/2026\/02\/review-us-on-google-sticker-roll-with-qr-code-eng-s-5.jpg\" \/>\n\t<meta property=\"og:image:width\" content=\"1200\" \/>\n\t<meta property=\"og:image:height\" content=\"1200\" \/>\n\t<meta property=\"og:image:type\" content=\"image\/jpeg\" \/>\n<meta name=\"twitter:card\" content=\"summary_large_image\" \/>\n<meta name=\"twitter:label1\" content=\"Estimeret l\u00e6setid\" \/>\n\t<meta name=\"twitter:data1\" content=\"1 minut\" \/>\n<script type=\"application\/ld+json\" class=\"yoast-schema-graph\">{\"@context\":\"https:\/\/schema.org\",\"@graph\":[{\"@type\":\"WebPage\",\"@id\":\"https:\/\/www.truzzer.com\/da\/vare\/google-review-qr-code-sticker-roll-with-google-review-qr-code\/\",\"url\":\"https:\/\/www.truzzer.com\/da\/vare\/google-review-qr-code-sticker-roll-with-google-review-qr-code\/\",\"name\":\"Google Review QR Code Sticker Roll with Google ... | truzzer\",\"isPartOf\":{\"@id\":\"https:\/\/www.truzzer.com\/da\/#website\"},\"primaryImageOfPage\":{\"@id\":\"https:\/\/www.truzzer.com\/da\/vare\/google-review-qr-code-sticker-roll-with-google-review-qr-code\/#primaryimage\"},\"image\":{\"@id\":\"https:\/\/www.truzzer.com\/da\/vare\/google-review-qr-code-sticker-roll-with-google-review-qr-code\/#primaryimage\"},\"thumbnailUrl\":\"https:\/\/www.truzzer.com\/wp-content\/uploads\/2026\/02\/review-us-on-google-sticker-roll-with-qr-code-eng-s-5.jpg\",\"datePublished\":\"2026-02-01T19:54:34+00:00\",\"dateModified\":\"2026-02-13T08:27:53+00:00\",\"description\":\"Flere Google-anmeldelser med Google Review QR Code Sticker Roll with Google Review QR Code fra truzzer. Nem ops\u00e6tning. Bestil nu!\",\"breadcrumb\":{\"@id\":\"https:\/\/www.truzzer.com\/da\/vare\/google-review-qr-code-sticker-roll-with-google-review-qr-code\/#breadcrumb\"},\"inLanguage\":\"da-DK\",\"potentialAction\":[{\"@type\":\"ReadAction\",\"target\":[\"https:\/\/www.truzzer.com\/da\/vare\/google-review-qr-code-sticker-roll-with-google-review-qr-code\/\"]}]},{\"@type\":\"ImageObject\",\"inLanguage\":\"da-DK\",\"@id\":\"https:\/\/www.truzzer.com\/da\/vare\/google-review-qr-code-sticker-roll-with-google-review-qr-code\/#primaryimage\",\"url\":\"https:\/\/www.truzzer.com\/wp-content\/uploads\/2026\/02\/review-us-on-google-sticker-roll-with-qr-code-eng-s-5.jpg\",\"contentUrl\":\"https:\/\/www.truzzer.com\/wp-content\/uploads\/2026\/02\/review-us-on-google-sticker-roll-with-qr-code-eng-s-5.jpg\",\"width\":1200,\"height\":1200},{\"@type\":\"BreadcrumbList\",\"@id\":\"https:\/\/www.truzzer.com\/da\/vare\/google-review-qr-code-sticker-roll-with-google-review-qr-code\/#breadcrumb\",\"itemListElement\":[{\"@type\":\"ListItem\",\"position\":1,\"name\":\"Home\",\"item\":\"https:\/\/www.truzzer.com\/da\/\"},{\"@type\":\"ListItem\",\"position\":2,\"name\":\"Butik\",\"item\":\"https:\/\/www.truzzer.com\/da\/shop\/\"},{\"@type\":\"ListItem\",\"position\":3,\"name\":\"Google anmeldelse QR Kode Klisterm\u00e6rkerulle med Google anmeldelse QR kode\"}]},{\"@type\":\"WebSite\",\"@id\":\"https:\/\/www.truzzer.com\/da\/#website\",\"url\":\"https:\/\/www.truzzer.com\/da\/\",\"name\":\"truzzer\",\"description\":\"Experts for customer trust\",\"publisher\":{\"@id\":\"https:\/\/www.truzzer.com\/da\/#organization\"},\"potentialAction\":[{\"@type\":\"SearchAction\",\"target\":{\"@type\":\"EntryPoint\",\"urlTemplate\":\"https:\/\/www.truzzer.com\/da\/?s={search_term_string}\"},\"query-input\":{\"@type\":\"PropertyValueSpecification\",\"valueRequired\":true,\"valueName\":\"search_term_string\"}}],\"inLanguage\":\"da-DK\"},{\"@type\":\"Organization\",\"@id\":\"https:\/\/www.truzzer.com\/da\/#organization\",\"name\":\"truzzer\",\"url\":\"https:\/\/www.truzzer.com\/da\/\",\"logo\":{\"@type\":\"ImageObject\",\"inLanguage\":\"da-DK\",\"@id\":\"https:\/\/www.truzzer.com\/da\/#\/schema\/logo\/image\/\",\"url\":\"https:\/\/truzzer.com\/wp-content\/uploads\/2026\/01\/truzzer-logo-black-1.svg\",\"contentUrl\":\"https:\/\/truzzer.com\/wp-content\/uploads\/2026\/01\/truzzer-logo-black-1.svg\",\"width\":938,\"height\":199,\"caption\":\"truzzer\"},\"image\":{\"@id\":\"https:\/\/www.truzzer.com\/da\/#\/schema\/logo\/image\/\"}}]}<\/script>\n<!-- \/ Yoast SEO plugin. -->","yoast_head_json":{"title":"Google Review QR Code Sticker Roll with Google ... | truzzer","description":"Flere Google-anmeldelser med Google Review QR Code Sticker Roll with Google Review QR Code fra truzzer. Nem ops\u00e6tning. Bestil nu!","robots":{"index":"index","follow":"follow","max-snippet":"max-snippet:-1","max-image-preview":"max-image-preview:large","max-video-preview":"max-video-preview:-1"},"canonical":"https:\/\/www.truzzer.com\/da\/vare\/google-review-qr-code-sticker-roll-with-google-review-qr-code\/","og_locale":"da_DK","og_type":"article","og_title":"Google Review QR Code Sticker Roll with Google ... | truzzer","og_description":"Flere Google-anmeldelser med Google Review QR Code Sticker Roll with Google Review QR Code fra truzzer. Nem ops\u00e6tning. Bestil nu!","og_url":"https:\/\/www.truzzer.com\/da\/vare\/google-review-qr-code-sticker-roll-with-google-review-qr-code\/","og_site_name":"truzzer","article_modified_time":"2026-02-13T08:27:53+00:00","og_image":[{"width":1200,"height":1200,"url":"https:\/\/www.truzzer.com\/wp-content\/uploads\/2026\/02\/review-us-on-google-sticker-roll-with-qr-code-eng-s-5.jpg","type":"image\/jpeg"}],"twitter_card":"summary_large_image","twitter_misc":{"Estimeret l\u00e6setid":"1 minut"},"schema":{"@context":"https:\/\/schema.org","@graph":[{"@type":"WebPage","@id":"https:\/\/www.truzzer.com\/da\/vare\/google-review-qr-code-sticker-roll-with-google-review-qr-code\/","url":"https:\/\/www.truzzer.com\/da\/vare\/google-review-qr-code-sticker-roll-with-google-review-qr-code\/","name":"Google Review QR Code Sticker Roll with Google ... | truzzer","isPartOf":{"@id":"https:\/\/www.truzzer.com\/da\/#website"},"primaryImageOfPage":{"@id":"https:\/\/www.truzzer.com\/da\/vare\/google-review-qr-code-sticker-roll-with-google-review-qr-code\/#primaryimage"},"image":{"@id":"https:\/\/www.truzzer.com\/da\/vare\/google-review-qr-code-sticker-roll-with-google-review-qr-code\/#primaryimage"},"thumbnailUrl":"https:\/\/www.truzzer.com\/wp-content\/uploads\/2026\/02\/review-us-on-google-sticker-roll-with-qr-code-eng-s-5.jpg","datePublished":"2026-02-01T19:54:34+00:00","dateModified":"2026-02-13T08:27:53+00:00","description":"Flere Google-anmeldelser med Google Review QR Code Sticker Roll with Google Review QR Code fra truzzer. Nem ops\u00e6tning. Bestil nu!","breadcrumb":{"@id":"https:\/\/www.truzzer.com\/da\/vare\/google-review-qr-code-sticker-roll-with-google-review-qr-code\/#breadcrumb"},"inLanguage":"da-DK","potentialAction":[{"@type":"ReadAction","target":["https:\/\/www.truzzer.com\/da\/vare\/google-review-qr-code-sticker-roll-with-google-review-qr-code\/"]}]},{"@type":"ImageObject","inLanguage":"da-DK","@id":"https:\/\/www.truzzer.com\/da\/vare\/google-review-qr-code-sticker-roll-with-google-review-qr-code\/#primaryimage","url":"https:\/\/www.truzzer.com\/wp-content\/uploads\/2026\/02\/review-us-on-google-sticker-roll-with-qr-code-eng-s-5.jpg","contentUrl":"https:\/\/www.truzzer.com\/wp-content\/uploads\/2026\/02\/review-us-on-google-sticker-roll-with-qr-code-eng-s-5.jpg","width":1200,"height":1200},{"@type":"BreadcrumbList","@id":"https:\/\/www.truzzer.com\/da\/vare\/google-review-qr-code-sticker-roll-with-google-review-qr-code\/#breadcrumb","itemListElement":[{"@type":"ListItem","position":1,"name":"Home","item":"https:\/\/www.truzzer.com\/da\/"},{"@type":"ListItem","position":2,"name":"Butik","item":"https:\/\/www.truzzer.com\/da\/shop\/"},{"@type":"ListItem","position":3,"name":"Google anmeldelse QR Kode Klisterm\u00e6rkerulle med Google anmeldelse QR kode"}]},{"@type":"WebSite","@id":"https:\/\/www.truzzer.com\/da\/#website","url":"https:\/\/www.truzzer.com\/da\/","name":"truzzer","description":"Experts for customer trust","publisher":{"@id":"https:\/\/www.truzzer.com\/da\/#organization"},"potentialAction":[{"@type":"SearchAction","target":{"@type":"EntryPoint","urlTemplate":"https:\/\/www.truzzer.com\/da\/?s={search_term_string}"},"query-input":{"@type":"PropertyValueSpecification","valueRequired":true,"valueName":"search_term_string"}}],"inLanguage":"da-DK"},{"@type":"Organization","@id":"https:\/\/www.truzzer.com\/da\/#organization","name":"truzzer","url":"https:\/\/www.truzzer.com\/da\/","logo":{"@type":"ImageObject","inLanguage":"da-DK","@id":"https:\/\/www.truzzer.com\/da\/#\/schema\/logo\/image\/","url":"https:\/\/truzzer.com\/wp-content\/uploads\/2026\/01\/truzzer-logo-black-1.svg","contentUrl":"https:\/\/truzzer.com\/wp-content\/uploads\/2026\/01\/truzzer-logo-black-1.svg","width":938,"height":199,"caption":"truzzer"},"image":{"@id":"https:\/\/www.truzzer.com\/da\/#\/schema\/logo\/image\/"}}]}},"tiered_pricing_type":"fixed","tiered_pricing_fixed_rules":[],"tiered_pricing_product_settings":{"layout":"default","base_unit_name":{"singular":null,"plural":null},"default_variation":null},"tiered_pricing_minimum_quantity":null,"tiered_pricing_roles_data":[],"tiered_pricing_percentage_rules":[],"tiered_pricing_maximum_quantity":null,"tiered_pricing_quantity_step":null,"_links":{"self":[{"href":"https:\/\/www.truzzer.com\/da\/wp-json\/wp\/v2\/product\/100146","targetHints":{"allow":["GET"]}}],"collection":[{"href":"https:\/\/www.truzzer.com\/da\/wp-json\/wp\/v2\/product"}],"about":[{"href":"https:\/\/www.truzzer.com\/da\/wp-json\/wp\/v2\/types\/product"}],"replies":[{"embeddable":true,"href":"https:\/\/www.truzzer.com\/da\/wp-json\/wp\/v2\/comments?post=100146"}],"wp:featuredmedia":[{"embeddable":true,"href":"https:\/\/www.truzzer.com\/da\/wp-json\/wp\/v2\/media\/100148"}],"wp:attachment":[{"href":"https:\/\/www.truzzer.com\/da\/wp-json\/wp\/v2\/media?parent=100146"}],"wp:term":[{"taxonomy":"product_brand","embeddable":true,"href":"https:\/\/www.truzzer.com\/da\/wp-json\/wp\/v2\/product_brand?post=100146"},{"taxonomy":"product_cat","embeddable":true,"href":"https:\/\/www.truzzer.com\/da\/wp-json\/wp\/v2\/product_cat?post=100146"},{"taxonomy":"product_tag","embeddable":true,"href":"https:\/\/www.truzzer.com\/da\/wp-json\/wp\/v2\/product_tag?post=100146"}],"curies":[{"name":"wp","href":"https:\/\/api.w.org\/{rel}","templated":true}]}}