{"id":100164,"date":"2026-02-01T19:53:32","date_gmt":"2026-02-01T19:53:32","guid":{"rendered":"https:\/\/beta.truzzer.com\/product\/paypal-pay-qr-code-sticker-brand-refresh\/"},"modified":"2026-02-13T08:30:32","modified_gmt":"2026-02-13T08:30:32","slug":"paypal-pay-qr-code-sticker-brand-refresh","status":"publish","type":"product","link":"https:\/\/www.truzzer.com\/da\/vare\/paypal-pay-qr-code-sticker-brand-refresh\/","title":{"rendered":"PayPal betale QR kode m\u00e6rkat m\u00e6rke opdatering"},"content":{"rendered":"<p><strong>Vi pr\u00e6senterer PayPal QR Code Sticker \u2013 Din gateway til nemme kontaktl\u00f8se betalinger<\/strong><\/p>\n<p>Accelerer og forenkle betalinger for dine kunder med PayPal QR Code-m\u00e6rkatet. Dette klisterm\u00e6rke er den perfekte l\u00f8sning til alle slags virksomheder &#8211; fra detailhandel og g\u00e6stfrihed til begivenheder. Det letter hurtige, sikre og kontaktl\u00f8se betalinger via PayPal. En simpel scanning af QR-koden og transaktionen udf\u00f8res inden for f\u00e5 sekunder.<\/p>\n<h3><strong>Produktegenskaber:<\/strong><\/h3>\n<ul>\n<li><strong>Hurtig og problemfri betaling:<\/strong> Kunder skal blot scanne QR-koden med deres smartphones, inds\u00e6tte bel\u00f8bet og bekr\u00e6fte betalingen. Det er effektivt og eliminerer behovet for kontanter eller kort.<\/li>\n<li><strong>Alsidig brug:<\/strong> PayPal QR Code-m\u00e6rkatet passer perfekt ved kassesteder, p\u00e5 diske, borde eller d\u00f8re. Dens tilpasningsevne str\u00e6kker sig til b\u00e5de indend\u00f8rs og udend\u00f8rs brug.<\/li>\n<li><strong>Vejrt\u00e6t og vandt\u00e6t:<\/strong> Klisterm\u00e6rkets h\u00f8jkvalitetsmateriale g\u00f8r den modstandsdygtig over for vand og vejr, ideel til langvarig brug selv under udfordrende forhold.<\/li>\n<li><strong>Subtil, professionel \u00e6stetik:<\/strong> Det enkle klisterm\u00e6rke med PayPal QR-koden blander sig problemfrit ind i enhver indstilling uden at v\u00e6re p\u00e5tr\u00e6ngende og giver et professionelt udseende, mens synlighed for dine kunder bevares.<\/li>\n<\/ul>\n<h3><strong>Hvorfor din virksomhed har brug for et PayPal QR-kodeklisterm\u00e6rke<\/strong><\/h3>\n<p>N\u00e5r vi navigerer gennem en stadig mere digital verden, bliver betydningen af <strong>kontaktl\u00f8se betalinger<\/strong> ved med at vokse. PayPal QR Code-m\u00e6rkatet giver dine kunder en moderne, hygiejnisk og bekvem betalingsmulighed. Med deres smartphones kan de nemt foretage transaktioner uden at v\u00e6re afh\u00e6ngige af kontanter eller kort. I en tid, hvor hygiejne og kontaktl\u00f8se interaktioner er af yderste vigtighed, er QR-kodeklisterm\u00e6rket den ideelle l\u00f8sning.<\/p>\n<h3><strong>Fordele ved PayPal QR Code Sticker:<\/strong><\/h3>\n<ul>\n<li><strong>Kontaktl\u00f8s betaling:<\/strong> Minimer brugen af kontanter og kort ved at tilbyde en sikker og hygiejnisk betalingsl\u00f8sning.<\/li>\n<li><strong>Nem at installere:<\/strong> Det selvkl\u00e6bende klisterm\u00e6rke kan nemt fastg\u00f8res til enhver glat overflade \u2013 hvad enten det er ved kassen, indgangsd\u00f8ren eller direkte p\u00e5 bordene.<\/li>\n<li><strong>\u00d8g kundetilfredsheden:<\/strong> Giv dine kunder mulighed for at betale nemt og hurtigt ved hj\u00e6lp af deres foretrukne digitale betalingstjeneste.<\/li>\n<li><strong>Omkostningseffektiv l\u00f8sning:<\/strong> Undg\u00e5 behovet for yderligere enheder eller dyre systemer \u2013 PayPal QR Code-m\u00e6rkatet forenkler accepten af moderne betalingsmetoder.<\/li>\n<\/ul>\n<h3><strong>Perfekt til restauranter, detailhandel, tjenester og mere<\/strong><\/h3>\n<p>PayPal QR Code-m\u00e6rkatet er velegnet til forskellige applikationer. Uanset om du driver en <strong>restaurant, caf\u00e9, butik eller markedsbod,<\/strong> giver klisterm\u00e6rket dig mulighed for at modtage digitale betalinger direkte via PayPal. Den er ogs\u00e5 ideel til <strong>tjenesteudbydere<\/strong> eller <strong>kiosker<\/strong>, der kr\u00e6ver hurtige og fleksible betalingsmuligheder.<\/p>\n<hr \/>\n<p>Ved at implementere <strong>PayPal QR Code-m\u00e6rkatet<\/strong> giver du ikke kun en moderne betalingsmulighed til dine kunder, du sikrer ogs\u00e5 en problemfri og bekvem betalingsproces. Begynd at omfavne fremtidens betalinger i dag!<\/p>\n","protected":false},"excerpt":{"rendered":"<p><strong>PayPal QR-kodem\u00e6rkat \u2013 g\u00f8r kontaktl\u00f8se betalinger nemme<\/strong><\/p>\n<p>Introducer dine kunder til en hurtig, ligetil og sikker betalingsm\u00e5de med PayPal QR Code-m\u00e6rkatet. Du skal blot placere den ved kassen, p\u00e5 skranker eller d\u00f8r\u00e5bninger \u2013 dette klisterm\u00e6rke muligg\u00f8r problemfri kontaktl\u00f8s betaling via smartphones. Scan, indtast bel\u00f8bet, og betalingen behandles. Det er perfekt til forskellige virksomheder, herunder restauranter, detailbutikker og tjenesteudbydere. Klisterm\u00e6rket, der er vand- og vejrbestandigt, kan tilpasses og garanterer en friktionsfri betalingsproces uden behov for kontanter eller kort. Oplev modernitet, hygiejne og effektivitet i betalinger!<\/p>\n<ul>\n<li><strong>Kontaktl\u00f8s betaling:<\/strong> Reducer behovet for kontanter og kort, mens du tilbyder et sikkert og hygiejnisk betalingsalternativ.<\/li>\n<li><strong>Simpel p\u00e5f\u00f8ring:<\/strong> Det selvkl\u00e6bende klisterm\u00e6rke kan nemt kl\u00e6bes p\u00e5 enhver glat overflade \u2013 uanset om det er ved kassen, indgangsd\u00f8ren eller direkte p\u00e5 bordene.<\/li>\n<li><strong>Forbedret kundetilfredshed:<\/strong> Giv dine kunder mulighed for at betale hurtigt og nemt ved hj\u00e6lp af deres valgte digitale betalingstjeneste.<\/li>\n<li><strong>Omkostningseffektiv l\u00f8sning:<\/strong> Undg\u00e5 behovet for yderligere enheder eller komplekse systemer \u2013 PayPal QR Code-m\u00e6rkatet forenkler accept af moderne betalingsm\u00e5der.<\/li>\n<\/ul>\n","protected":false},"featured_media":100167,"comment_status":"open","ping_status":"closed","template":"","meta":{"_acf_changed":false,"_yoast_wpseo_focuskw":"PayPal QR-kode Klisterm\u00e6rke","_yoast_wpseo_title":"PayPal pay QR code sticker brand refresh | truzzer","_yoast_wpseo_metadesc":"Modtag PayPal-betalinger nemt med PayPal pay QR code sticker brand refresh fra truzzer. Nem ops\u00e6tning, klar til brug. Bestil nu!"},"product_brand":[1676],"product_cat":[1500,467,466],"product_tag":[],"class_list":{"0":"post-100164","1":"product","2":"type-product","3":"status-publish","4":"has-post-thumbnail","6":"product_brand-paypal","7":"product_cat-paypal-betaling-klistermaerker-med-qr-kode","8":"product_cat-qr-kode-klistermaerker","9":"product_cat-qr-kode-produkter","10":"pa_material-vinyl","11":"pa_product-type-klistermaerke","12":"pa_shape-rechthoek","13":"pa_technology-qr-code","14":"pa_technology-qr-kode","16":"first","17":"instock","18":"taxable","19":"shipping-taxable","20":"purchasable","21":"product-type-variable","22":"has-default-attributes"},"acf":[],"yoast_head":"<!-- This site is optimized with the Yoast SEO plugin v27.0 - https:\/\/yoast.com\/product\/yoast-seo-wordpress\/ -->\n<title>PayPal pay QR code sticker brand refresh | truzzer<\/title>\n<meta name=\"description\" content=\"Modtag PayPal-betalinger nemt med PayPal pay QR code sticker brand refresh fra truzzer. Nem ops\u00e6tning, klar til brug. Bestil nu!\" \/>\n<meta name=\"robots\" content=\"index, follow, max-snippet:-1, max-image-preview:large, max-video-preview:-1\" \/>\n<link rel=\"canonical\" href=\"https:\/\/www.truzzer.com\/da\/vare\/paypal-pay-qr-code-sticker-brand-refresh\/\" \/>\n<meta property=\"og:locale\" content=\"da_DK\" \/>\n<meta property=\"og:type\" content=\"article\" \/>\n<meta property=\"og:title\" content=\"PayPal pay QR code sticker brand refresh | truzzer\" \/>\n<meta property=\"og:description\" content=\"Modtag PayPal-betalinger nemt med PayPal pay QR code sticker brand refresh fra truzzer. Nem ops\u00e6tning, klar til brug. Bestil nu!\" \/>\n<meta property=\"og:url\" content=\"https:\/\/www.truzzer.com\/da\/vare\/paypal-pay-qr-code-sticker-brand-refresh\/\" \/>\n<meta property=\"og:site_name\" content=\"truzzer\" \/>\n<meta property=\"article:modified_time\" content=\"2026-02-13T08:30:32+00:00\" \/>\n<meta property=\"og:image\" content=\"https:\/\/www.truzzer.com\/wp-content\/uploads\/2026\/02\/paypal-bezahlen-qr-code-sticker-new-design-empfehlio-truzzer-single-2.jpg\" \/>\n\t<meta property=\"og:image:width\" content=\"1600\" \/>\n\t<meta property=\"og:image:height\" content=\"1600\" \/>\n\t<meta property=\"og:image:type\" content=\"image\/jpeg\" \/>\n<meta name=\"twitter:card\" content=\"summary_large_image\" \/>\n<meta name=\"twitter:label1\" content=\"Estimeret l\u00e6setid\" \/>\n\t<meta name=\"twitter:data1\" content=\"2 minutter\" \/>\n<script type=\"application\/ld+json\" class=\"yoast-schema-graph\">{\"@context\":\"https:\/\/schema.org\",\"@graph\":[{\"@type\":\"WebPage\",\"@id\":\"https:\/\/www.truzzer.com\/da\/vare\/paypal-pay-qr-code-sticker-brand-refresh\/\",\"url\":\"https:\/\/www.truzzer.com\/da\/vare\/paypal-pay-qr-code-sticker-brand-refresh\/\",\"name\":\"PayPal pay QR code sticker brand refresh | truzzer\",\"isPartOf\":{\"@id\":\"https:\/\/www.truzzer.com\/da\/#website\"},\"primaryImageOfPage\":{\"@id\":\"https:\/\/www.truzzer.com\/da\/vare\/paypal-pay-qr-code-sticker-brand-refresh\/#primaryimage\"},\"image\":{\"@id\":\"https:\/\/www.truzzer.com\/da\/vare\/paypal-pay-qr-code-sticker-brand-refresh\/#primaryimage\"},\"thumbnailUrl\":\"https:\/\/www.truzzer.com\/wp-content\/uploads\/2026\/02\/paypal-bezahlen-qr-code-sticker-new-design-empfehlio-truzzer-single-2.jpg\",\"datePublished\":\"2026-02-01T19:53:32+00:00\",\"dateModified\":\"2026-02-13T08:30:32+00:00\",\"description\":\"Modtag PayPal-betalinger nemt med PayPal pay QR code sticker brand refresh fra truzzer. Nem ops\u00e6tning, klar til brug. Bestil nu!\",\"breadcrumb\":{\"@id\":\"https:\/\/www.truzzer.com\/da\/vare\/paypal-pay-qr-code-sticker-brand-refresh\/#breadcrumb\"},\"inLanguage\":\"da-DK\",\"potentialAction\":[{\"@type\":\"ReadAction\",\"target\":[\"https:\/\/www.truzzer.com\/da\/vare\/paypal-pay-qr-code-sticker-brand-refresh\/\"]}]},{\"@type\":\"ImageObject\",\"inLanguage\":\"da-DK\",\"@id\":\"https:\/\/www.truzzer.com\/da\/vare\/paypal-pay-qr-code-sticker-brand-refresh\/#primaryimage\",\"url\":\"https:\/\/www.truzzer.com\/wp-content\/uploads\/2026\/02\/paypal-bezahlen-qr-code-sticker-new-design-empfehlio-truzzer-single-2.jpg\",\"contentUrl\":\"https:\/\/www.truzzer.com\/wp-content\/uploads\/2026\/02\/paypal-bezahlen-qr-code-sticker-new-design-empfehlio-truzzer-single-2.jpg\",\"width\":1600,\"height\":1600},{\"@type\":\"BreadcrumbList\",\"@id\":\"https:\/\/www.truzzer.com\/da\/vare\/paypal-pay-qr-code-sticker-brand-refresh\/#breadcrumb\",\"itemListElement\":[{\"@type\":\"ListItem\",\"position\":1,\"name\":\"Home\",\"item\":\"https:\/\/www.truzzer.com\/da\/\"},{\"@type\":\"ListItem\",\"position\":2,\"name\":\"Butik\",\"item\":\"https:\/\/www.truzzer.com\/da\/shop\/\"},{\"@type\":\"ListItem\",\"position\":3,\"name\":\"PayPal betale QR kode m\u00e6rkat m\u00e6rke opdatering\"}]},{\"@type\":\"WebSite\",\"@id\":\"https:\/\/www.truzzer.com\/da\/#website\",\"url\":\"https:\/\/www.truzzer.com\/da\/\",\"name\":\"truzzer\",\"description\":\"Experts for customer trust\",\"publisher\":{\"@id\":\"https:\/\/www.truzzer.com\/da\/#organization\"},\"potentialAction\":[{\"@type\":\"SearchAction\",\"target\":{\"@type\":\"EntryPoint\",\"urlTemplate\":\"https:\/\/www.truzzer.com\/da\/?s={search_term_string}\"},\"query-input\":{\"@type\":\"PropertyValueSpecification\",\"valueRequired\":true,\"valueName\":\"search_term_string\"}}],\"inLanguage\":\"da-DK\"},{\"@type\":\"Organization\",\"@id\":\"https:\/\/www.truzzer.com\/da\/#organization\",\"name\":\"truzzer\",\"url\":\"https:\/\/www.truzzer.com\/da\/\",\"logo\":{\"@type\":\"ImageObject\",\"inLanguage\":\"da-DK\",\"@id\":\"https:\/\/www.truzzer.com\/da\/#\/schema\/logo\/image\/\",\"url\":\"https:\/\/truzzer.com\/wp-content\/uploads\/2026\/01\/truzzer-logo-black-1.svg\",\"contentUrl\":\"https:\/\/truzzer.com\/wp-content\/uploads\/2026\/01\/truzzer-logo-black-1.svg\",\"width\":938,\"height\":199,\"caption\":\"truzzer\"},\"image\":{\"@id\":\"https:\/\/www.truzzer.com\/da\/#\/schema\/logo\/image\/\"}}]}<\/script>\n<!-- \/ Yoast SEO plugin. -->","yoast_head_json":{"title":"PayPal pay QR code sticker brand refresh | truzzer","description":"Modtag PayPal-betalinger nemt med PayPal pay QR code sticker brand refresh fra truzzer. Nem ops\u00e6tning, klar til brug. Bestil nu!","robots":{"index":"index","follow":"follow","max-snippet":"max-snippet:-1","max-image-preview":"max-image-preview:large","max-video-preview":"max-video-preview:-1"},"canonical":"https:\/\/www.truzzer.com\/da\/vare\/paypal-pay-qr-code-sticker-brand-refresh\/","og_locale":"da_DK","og_type":"article","og_title":"PayPal pay QR code sticker brand refresh | truzzer","og_description":"Modtag PayPal-betalinger nemt med PayPal pay QR code sticker brand refresh fra truzzer. Nem ops\u00e6tning, klar til brug. Bestil nu!","og_url":"https:\/\/www.truzzer.com\/da\/vare\/paypal-pay-qr-code-sticker-brand-refresh\/","og_site_name":"truzzer","article_modified_time":"2026-02-13T08:30:32+00:00","og_image":[{"width":1600,"height":1600,"url":"https:\/\/www.truzzer.com\/wp-content\/uploads\/2026\/02\/paypal-bezahlen-qr-code-sticker-new-design-empfehlio-truzzer-single-2.jpg","type":"image\/jpeg"}],"twitter_card":"summary_large_image","twitter_misc":{"Estimeret l\u00e6setid":"2 minutter"},"schema":{"@context":"https:\/\/schema.org","@graph":[{"@type":"WebPage","@id":"https:\/\/www.truzzer.com\/da\/vare\/paypal-pay-qr-code-sticker-brand-refresh\/","url":"https:\/\/www.truzzer.com\/da\/vare\/paypal-pay-qr-code-sticker-brand-refresh\/","name":"PayPal pay QR code sticker brand refresh | truzzer","isPartOf":{"@id":"https:\/\/www.truzzer.com\/da\/#website"},"primaryImageOfPage":{"@id":"https:\/\/www.truzzer.com\/da\/vare\/paypal-pay-qr-code-sticker-brand-refresh\/#primaryimage"},"image":{"@id":"https:\/\/www.truzzer.com\/da\/vare\/paypal-pay-qr-code-sticker-brand-refresh\/#primaryimage"},"thumbnailUrl":"https:\/\/www.truzzer.com\/wp-content\/uploads\/2026\/02\/paypal-bezahlen-qr-code-sticker-new-design-empfehlio-truzzer-single-2.jpg","datePublished":"2026-02-01T19:53:32+00:00","dateModified":"2026-02-13T08:30:32+00:00","description":"Modtag PayPal-betalinger nemt med PayPal pay QR code sticker brand refresh fra truzzer. Nem ops\u00e6tning, klar til brug. Bestil nu!","breadcrumb":{"@id":"https:\/\/www.truzzer.com\/da\/vare\/paypal-pay-qr-code-sticker-brand-refresh\/#breadcrumb"},"inLanguage":"da-DK","potentialAction":[{"@type":"ReadAction","target":["https:\/\/www.truzzer.com\/da\/vare\/paypal-pay-qr-code-sticker-brand-refresh\/"]}]},{"@type":"ImageObject","inLanguage":"da-DK","@id":"https:\/\/www.truzzer.com\/da\/vare\/paypal-pay-qr-code-sticker-brand-refresh\/#primaryimage","url":"https:\/\/www.truzzer.com\/wp-content\/uploads\/2026\/02\/paypal-bezahlen-qr-code-sticker-new-design-empfehlio-truzzer-single-2.jpg","contentUrl":"https:\/\/www.truzzer.com\/wp-content\/uploads\/2026\/02\/paypal-bezahlen-qr-code-sticker-new-design-empfehlio-truzzer-single-2.jpg","width":1600,"height":1600},{"@type":"BreadcrumbList","@id":"https:\/\/www.truzzer.com\/da\/vare\/paypal-pay-qr-code-sticker-brand-refresh\/#breadcrumb","itemListElement":[{"@type":"ListItem","position":1,"name":"Home","item":"https:\/\/www.truzzer.com\/da\/"},{"@type":"ListItem","position":2,"name":"Butik","item":"https:\/\/www.truzzer.com\/da\/shop\/"},{"@type":"ListItem","position":3,"name":"PayPal betale QR kode m\u00e6rkat m\u00e6rke opdatering"}]},{"@type":"WebSite","@id":"https:\/\/www.truzzer.com\/da\/#website","url":"https:\/\/www.truzzer.com\/da\/","name":"truzzer","description":"Experts for customer trust","publisher":{"@id":"https:\/\/www.truzzer.com\/da\/#organization"},"potentialAction":[{"@type":"SearchAction","target":{"@type":"EntryPoint","urlTemplate":"https:\/\/www.truzzer.com\/da\/?s={search_term_string}"},"query-input":{"@type":"PropertyValueSpecification","valueRequired":true,"valueName":"search_term_string"}}],"inLanguage":"da-DK"},{"@type":"Organization","@id":"https:\/\/www.truzzer.com\/da\/#organization","name":"truzzer","url":"https:\/\/www.truzzer.com\/da\/","logo":{"@type":"ImageObject","inLanguage":"da-DK","@id":"https:\/\/www.truzzer.com\/da\/#\/schema\/logo\/image\/","url":"https:\/\/truzzer.com\/wp-content\/uploads\/2026\/01\/truzzer-logo-black-1.svg","contentUrl":"https:\/\/truzzer.com\/wp-content\/uploads\/2026\/01\/truzzer-logo-black-1.svg","width":938,"height":199,"caption":"truzzer"},"image":{"@id":"https:\/\/www.truzzer.com\/da\/#\/schema\/logo\/image\/"}}]}},"tiered_pricing_type":"fixed","tiered_pricing_fixed_rules":[],"tiered_pricing_product_settings":{"layout":"default","base_unit_name":{"singular":null,"plural":null},"default_variation":null},"tiered_pricing_minimum_quantity":null,"tiered_pricing_roles_data":[],"tiered_pricing_percentage_rules":[],"tiered_pricing_maximum_quantity":null,"tiered_pricing_quantity_step":null,"_links":{"self":[{"href":"https:\/\/www.truzzer.com\/da\/wp-json\/wp\/v2\/product\/100164","targetHints":{"allow":["GET"]}}],"collection":[{"href":"https:\/\/www.truzzer.com\/da\/wp-json\/wp\/v2\/product"}],"about":[{"href":"https:\/\/www.truzzer.com\/da\/wp-json\/wp\/v2\/types\/product"}],"replies":[{"embeddable":true,"href":"https:\/\/www.truzzer.com\/da\/wp-json\/wp\/v2\/comments?post=100164"}],"wp:featuredmedia":[{"embeddable":true,"href":"https:\/\/www.truzzer.com\/da\/wp-json\/wp\/v2\/media\/100167"}],"wp:attachment":[{"href":"https:\/\/www.truzzer.com\/da\/wp-json\/wp\/v2\/media?parent=100164"}],"wp:term":[{"taxonomy":"product_brand","embeddable":true,"href":"https:\/\/www.truzzer.com\/da\/wp-json\/wp\/v2\/product_brand?post=100164"},{"taxonomy":"product_cat","embeddable":true,"href":"https:\/\/www.truzzer.com\/da\/wp-json\/wp\/v2\/product_cat?post=100164"},{"taxonomy":"product_tag","embeddable":true,"href":"https:\/\/www.truzzer.com\/da\/wp-json\/wp\/v2\/product_tag?post=100164"}],"curies":[{"name":"wp","href":"https:\/\/api.w.org\/{rel}","templated":true}]}}