{"id":100182,"date":"2026-02-01T19:51:27","date_gmt":"2026-02-01T19:51:27","guid":{"rendered":"https:\/\/beta.truzzer.com\/product\/banking-check-trust-stand-trophy-2\/"},"modified":"2026-02-13T08:34:08","modified_gmt":"2026-02-13T08:34:08","slug":"banking-check-trust-stand-trophy-2","status":"publish","type":"product","link":"https:\/\/www.truzzer.com\/da\/vare\/banking-check-trust-stand-trophy-2\/","title":{"rendered":"Bankcheck Trust Stand \/ Trof\u00e6"},"content":{"rendered":"","protected":false},"excerpt":{"rendered":"<p>F\u00e5 mere tillid fra dine kunder, g\u00e6ster og patienter med vores tillidssk\u00e6rme\/trof\u00e6er med din anmeldelsesscore.<\/p>\n<p>Du skal blot angive dit anmeldelsesresultat og bestille din sk\u00e6rm.<\/p>\n<p>Hver sk\u00e6rm er lavet af \u00e6gte glas med partituret pr\u00e6cisionsgraveret med laser.<\/p>\n","protected":false},"featured_media":100183,"comment_status":"open","ping_status":"closed","template":"","meta":{"_acf_changed":false,"_yoast_wpseo_focuskw":"Tillidsstand Tillidsstand","_yoast_wpseo_title":"Banking Check Trust Stand \/ Trophy | truzzer","_yoast_wpseo_metadesc":"Opbyg kundetillid med Banking Check Trust Stand \/ Trophy fra truzzer. Nem ops\u00e6tning, klar til brug. Bestil nu!"},"product_brand":[],"product_cat":[327],"product_tag":[],"class_list":{"0":"post-100182","1":"product","2":"type-product","3":"status-publish","4":"has-post-thumbnail","6":"product_cat-ikke-kategoriseret","7":"pa_material-karton","8":"pa_product-type-displays-og-stativer","9":"pa_technology-qr-code","11":"first","12":"instock","13":"taxable","14":"shipping-taxable","15":"purchasable","16":"product-type-simple"},"acf":[],"yoast_head":"<!-- This site is optimized with the Yoast SEO plugin v27.0 - https:\/\/yoast.com\/product\/yoast-seo-wordpress\/ -->\n<title>Banking Check Trust Stand \/ Trophy | truzzer<\/title>\n<meta name=\"description\" content=\"Opbyg kundetillid med Banking Check Trust Stand \/ Trophy fra truzzer. Nem ops\u00e6tning, klar til brug. Bestil nu!\" \/>\n<meta name=\"robots\" content=\"index, follow, max-snippet:-1, max-image-preview:large, max-video-preview:-1\" \/>\n<link rel=\"canonical\" href=\"https:\/\/www.truzzer.com\/da\/vare\/banking-check-trust-stand-trophy-2\/\" \/>\n<meta property=\"og:locale\" content=\"da_DK\" \/>\n<meta property=\"og:type\" content=\"article\" \/>\n<meta property=\"og:title\" content=\"Banking Check Trust Stand \/ Trophy | truzzer\" \/>\n<meta property=\"og:description\" content=\"Opbyg kundetillid med Banking Check Trust Stand \/ Trophy fra truzzer. Nem ops\u00e6tning, klar til brug. Bestil nu!\" \/>\n<meta property=\"og:url\" content=\"https:\/\/www.truzzer.com\/da\/vare\/banking-check-trust-stand-trophy-2\/\" \/>\n<meta property=\"og:site_name\" content=\"truzzer\" \/>\n<meta property=\"article:modified_time\" content=\"2026-02-13T08:34:08+00:00\" \/>\n<meta property=\"og:image\" content=\"https:\/\/www.truzzer.com\/wp-content\/uploads\/2026\/02\/banking-check-trophaee-1-empfehlio-full-jpg-1.webp\" \/>\n\t<meta property=\"og:image:width\" content=\"1199\" \/>\n\t<meta property=\"og:image:height\" content=\"1199\" \/>\n\t<meta property=\"og:image:type\" content=\"image\/webp\" \/>\n<meta name=\"twitter:card\" content=\"summary_large_image\" \/>\n<script type=\"application\/ld+json\" class=\"yoast-schema-graph\">{\"@context\":\"https:\/\/schema.org\",\"@graph\":[{\"@type\":\"WebPage\",\"@id\":\"https:\/\/www.truzzer.com\/da\/vare\/banking-check-trust-stand-trophy-2\/\",\"url\":\"https:\/\/www.truzzer.com\/da\/vare\/banking-check-trust-stand-trophy-2\/\",\"name\":\"Banking Check Trust Stand \/ Trophy | truzzer\",\"isPartOf\":{\"@id\":\"https:\/\/www.truzzer.com\/da\/#website\"},\"primaryImageOfPage\":{\"@id\":\"https:\/\/www.truzzer.com\/da\/vare\/banking-check-trust-stand-trophy-2\/#primaryimage\"},\"image\":{\"@id\":\"https:\/\/www.truzzer.com\/da\/vare\/banking-check-trust-stand-trophy-2\/#primaryimage\"},\"thumbnailUrl\":\"https:\/\/www.truzzer.com\/wp-content\/uploads\/2026\/02\/banking-check-trophaee-1-empfehlio-full-jpg-1.webp\",\"datePublished\":\"2026-02-01T19:51:27+00:00\",\"dateModified\":\"2026-02-13T08:34:08+00:00\",\"description\":\"Opbyg kundetillid med Banking Check Trust Stand \/ Trophy fra truzzer. Nem ops\u00e6tning, klar til brug. Bestil nu!\",\"breadcrumb\":{\"@id\":\"https:\/\/www.truzzer.com\/da\/vare\/banking-check-trust-stand-trophy-2\/#breadcrumb\"},\"inLanguage\":\"da-DK\",\"potentialAction\":[{\"@type\":\"ReadAction\",\"target\":[\"https:\/\/www.truzzer.com\/da\/vare\/banking-check-trust-stand-trophy-2\/\"]}]},{\"@type\":\"ImageObject\",\"inLanguage\":\"da-DK\",\"@id\":\"https:\/\/www.truzzer.com\/da\/vare\/banking-check-trust-stand-trophy-2\/#primaryimage\",\"url\":\"https:\/\/www.truzzer.com\/wp-content\/uploads\/2026\/02\/banking-check-trophaee-1-empfehlio-full-jpg-1.webp\",\"contentUrl\":\"https:\/\/www.truzzer.com\/wp-content\/uploads\/2026\/02\/banking-check-trophaee-1-empfehlio-full-jpg-1.webp\",\"width\":1199,\"height\":1199},{\"@type\":\"BreadcrumbList\",\"@id\":\"https:\/\/www.truzzer.com\/da\/vare\/banking-check-trust-stand-trophy-2\/#breadcrumb\",\"itemListElement\":[{\"@type\":\"ListItem\",\"position\":1,\"name\":\"Home\",\"item\":\"https:\/\/www.truzzer.com\/da\/\"},{\"@type\":\"ListItem\",\"position\":2,\"name\":\"Butik\",\"item\":\"https:\/\/www.truzzer.com\/da\/shop\/\"},{\"@type\":\"ListItem\",\"position\":3,\"name\":\"Bankcheck Trust Stand \/ Trof\u00e6\"}]},{\"@type\":\"WebSite\",\"@id\":\"https:\/\/www.truzzer.com\/da\/#website\",\"url\":\"https:\/\/www.truzzer.com\/da\/\",\"name\":\"truzzer\",\"description\":\"Experts for customer trust\",\"publisher\":{\"@id\":\"https:\/\/www.truzzer.com\/da\/#organization\"},\"potentialAction\":[{\"@type\":\"SearchAction\",\"target\":{\"@type\":\"EntryPoint\",\"urlTemplate\":\"https:\/\/www.truzzer.com\/da\/?s={search_term_string}\"},\"query-input\":{\"@type\":\"PropertyValueSpecification\",\"valueRequired\":true,\"valueName\":\"search_term_string\"}}],\"inLanguage\":\"da-DK\"},{\"@type\":\"Organization\",\"@id\":\"https:\/\/www.truzzer.com\/da\/#organization\",\"name\":\"truzzer\",\"url\":\"https:\/\/www.truzzer.com\/da\/\",\"logo\":{\"@type\":\"ImageObject\",\"inLanguage\":\"da-DK\",\"@id\":\"https:\/\/www.truzzer.com\/da\/#\/schema\/logo\/image\/\",\"url\":\"https:\/\/truzzer.com\/wp-content\/uploads\/2026\/01\/truzzer-logo-black-1.svg\",\"contentUrl\":\"https:\/\/truzzer.com\/wp-content\/uploads\/2026\/01\/truzzer-logo-black-1.svg\",\"width\":938,\"height\":199,\"caption\":\"truzzer\"},\"image\":{\"@id\":\"https:\/\/www.truzzer.com\/da\/#\/schema\/logo\/image\/\"}}]}<\/script>\n<!-- \/ Yoast SEO plugin. -->","yoast_head_json":{"title":"Banking Check Trust Stand \/ Trophy | truzzer","description":"Opbyg kundetillid med Banking Check Trust Stand \/ Trophy fra truzzer. Nem ops\u00e6tning, klar til brug. Bestil nu!","robots":{"index":"index","follow":"follow","max-snippet":"max-snippet:-1","max-image-preview":"max-image-preview:large","max-video-preview":"max-video-preview:-1"},"canonical":"https:\/\/www.truzzer.com\/da\/vare\/banking-check-trust-stand-trophy-2\/","og_locale":"da_DK","og_type":"article","og_title":"Banking Check Trust Stand \/ Trophy | truzzer","og_description":"Opbyg kundetillid med Banking Check Trust Stand \/ Trophy fra truzzer. Nem ops\u00e6tning, klar til brug. Bestil nu!","og_url":"https:\/\/www.truzzer.com\/da\/vare\/banking-check-trust-stand-trophy-2\/","og_site_name":"truzzer","article_modified_time":"2026-02-13T08:34:08+00:00","og_image":[{"width":1199,"height":1199,"url":"https:\/\/www.truzzer.com\/wp-content\/uploads\/2026\/02\/banking-check-trophaee-1-empfehlio-full-jpg-1.webp","type":"image\/webp"}],"twitter_card":"summary_large_image","schema":{"@context":"https:\/\/schema.org","@graph":[{"@type":"WebPage","@id":"https:\/\/www.truzzer.com\/da\/vare\/banking-check-trust-stand-trophy-2\/","url":"https:\/\/www.truzzer.com\/da\/vare\/banking-check-trust-stand-trophy-2\/","name":"Banking Check Trust Stand \/ Trophy | truzzer","isPartOf":{"@id":"https:\/\/www.truzzer.com\/da\/#website"},"primaryImageOfPage":{"@id":"https:\/\/www.truzzer.com\/da\/vare\/banking-check-trust-stand-trophy-2\/#primaryimage"},"image":{"@id":"https:\/\/www.truzzer.com\/da\/vare\/banking-check-trust-stand-trophy-2\/#primaryimage"},"thumbnailUrl":"https:\/\/www.truzzer.com\/wp-content\/uploads\/2026\/02\/banking-check-trophaee-1-empfehlio-full-jpg-1.webp","datePublished":"2026-02-01T19:51:27+00:00","dateModified":"2026-02-13T08:34:08+00:00","description":"Opbyg kundetillid med Banking Check Trust Stand \/ Trophy fra truzzer. Nem ops\u00e6tning, klar til brug. Bestil nu!","breadcrumb":{"@id":"https:\/\/www.truzzer.com\/da\/vare\/banking-check-trust-stand-trophy-2\/#breadcrumb"},"inLanguage":"da-DK","potentialAction":[{"@type":"ReadAction","target":["https:\/\/www.truzzer.com\/da\/vare\/banking-check-trust-stand-trophy-2\/"]}]},{"@type":"ImageObject","inLanguage":"da-DK","@id":"https:\/\/www.truzzer.com\/da\/vare\/banking-check-trust-stand-trophy-2\/#primaryimage","url":"https:\/\/www.truzzer.com\/wp-content\/uploads\/2026\/02\/banking-check-trophaee-1-empfehlio-full-jpg-1.webp","contentUrl":"https:\/\/www.truzzer.com\/wp-content\/uploads\/2026\/02\/banking-check-trophaee-1-empfehlio-full-jpg-1.webp","width":1199,"height":1199},{"@type":"BreadcrumbList","@id":"https:\/\/www.truzzer.com\/da\/vare\/banking-check-trust-stand-trophy-2\/#breadcrumb","itemListElement":[{"@type":"ListItem","position":1,"name":"Home","item":"https:\/\/www.truzzer.com\/da\/"},{"@type":"ListItem","position":2,"name":"Butik","item":"https:\/\/www.truzzer.com\/da\/shop\/"},{"@type":"ListItem","position":3,"name":"Bankcheck Trust Stand \/ Trof\u00e6"}]},{"@type":"WebSite","@id":"https:\/\/www.truzzer.com\/da\/#website","url":"https:\/\/www.truzzer.com\/da\/","name":"truzzer","description":"Experts for customer trust","publisher":{"@id":"https:\/\/www.truzzer.com\/da\/#organization"},"potentialAction":[{"@type":"SearchAction","target":{"@type":"EntryPoint","urlTemplate":"https:\/\/www.truzzer.com\/da\/?s={search_term_string}"},"query-input":{"@type":"PropertyValueSpecification","valueRequired":true,"valueName":"search_term_string"}}],"inLanguage":"da-DK"},{"@type":"Organization","@id":"https:\/\/www.truzzer.com\/da\/#organization","name":"truzzer","url":"https:\/\/www.truzzer.com\/da\/","logo":{"@type":"ImageObject","inLanguage":"da-DK","@id":"https:\/\/www.truzzer.com\/da\/#\/schema\/logo\/image\/","url":"https:\/\/truzzer.com\/wp-content\/uploads\/2026\/01\/truzzer-logo-black-1.svg","contentUrl":"https:\/\/truzzer.com\/wp-content\/uploads\/2026\/01\/truzzer-logo-black-1.svg","width":938,"height":199,"caption":"truzzer"},"image":{"@id":"https:\/\/www.truzzer.com\/da\/#\/schema\/logo\/image\/"}}]}},"tiered_pricing_type":"fixed","tiered_pricing_fixed_rules":[],"tiered_pricing_product_settings":{"layout":"default","base_unit_name":{"singular":null,"plural":null},"default_variation":null},"tiered_pricing_minimum_quantity":null,"tiered_pricing_roles_data":[],"tiered_pricing_percentage_rules":[],"tiered_pricing_maximum_quantity":null,"tiered_pricing_quantity_step":null,"_links":{"self":[{"href":"https:\/\/www.truzzer.com\/da\/wp-json\/wp\/v2\/product\/100182","targetHints":{"allow":["GET"]}}],"collection":[{"href":"https:\/\/www.truzzer.com\/da\/wp-json\/wp\/v2\/product"}],"about":[{"href":"https:\/\/www.truzzer.com\/da\/wp-json\/wp\/v2\/types\/product"}],"replies":[{"embeddable":true,"href":"https:\/\/www.truzzer.com\/da\/wp-json\/wp\/v2\/comments?post=100182"}],"wp:featuredmedia":[{"embeddable":true,"href":"https:\/\/www.truzzer.com\/da\/wp-json\/wp\/v2\/media\/100183"}],"wp:attachment":[{"href":"https:\/\/www.truzzer.com\/da\/wp-json\/wp\/v2\/media?parent=100182"}],"wp:term":[{"taxonomy":"product_brand","embeddable":true,"href":"https:\/\/www.truzzer.com\/da\/wp-json\/wp\/v2\/product_brand?post=100182"},{"taxonomy":"product_cat","embeddable":true,"href":"https:\/\/www.truzzer.com\/da\/wp-json\/wp\/v2\/product_cat?post=100182"},{"taxonomy":"product_tag","embeddable":true,"href":"https:\/\/www.truzzer.com\/da\/wp-json\/wp\/v2\/product_tag?post=100182"}],"curies":[{"name":"wp","href":"https:\/\/api.w.org\/{rel}","templated":true}]}}