{"id":100184,"date":"2026-02-01T19:49:41","date_gmt":"2026-02-01T19:49:41","guid":{"rendered":"https:\/\/beta.truzzer.com\/product\/paypal-pay-qr-code-table-display-color\/"},"modified":"2026-02-13T08:35:11","modified_gmt":"2026-02-13T08:35:11","slug":"paypal-pay-qr-code-table-display-color","status":"publish","type":"product","link":"https:\/\/www.truzzer.com\/da\/vare\/paypal-pay-qr-code-table-display-color\/","title":{"rendered":"PayPal Pay QR Kode Tabel Display Farve"},"content":{"rendered":"<p><strong>Vi pr\u00e6senterer dit tilpassede PayPal QR kodebordtelt med personligt logo<\/strong><\/p>\n<p>Forvandl betalingsoplevelsen for dine kunder som aldrig f\u00f8r! Med vores skr\u00e6ddersyede PayPal QR Code bordtelt kan du tilbyde en bekvem betalingsl\u00f8sning uden kontanter eller kort.<\/p>\n<p><strong>Produktegenskaber:<\/strong><\/p>\n<ul>\n<li><strong>Personlig logo-funktion:<\/strong> Vis dit unikke logo p\u00e5 bordteltet for at skabe et professionelt og str\u00f8mlinet look i hele din virksomhed.<\/li>\n<li><strong>Besv\u00e6rfri betaling:<\/strong> Kunder kan nemt scanne PayPal QR-koden med deres smartphones og overf\u00f8re det \u00f8nskede bel\u00f8b med det samme. Det er sikkert, hurtigt og problemfrit.<\/li>\n<li><strong>Materiale af overlegen kvalitet:<\/strong> Konstrueret af robust, h\u00f8jkvalitets karton, t\u00e5ler bordteltet ubesv\u00e6ret dagligt slid, hvilket g\u00f8r det ideelt til restauranter, caf\u00e9er, butikker eller messer.<\/li>\n<li><strong>Slankt design:<\/strong> Det slanke, moderne design passer diskret ind i alle omgivelser og vil med garanti sl\u00e5 hovedet p\u00e5 ethvert bord.<\/li>\n<li><strong>Bred anvendelse:<\/strong> Den er perfekt til hotelbranchen, detailhandelen eller begivenheder, hvor en enkel og hurtig betalingsl\u00f8sning er afg\u00f8rende.<\/li>\n<\/ul>\n<p><strong>Fordele:<\/strong><\/p>\n<ul>\n<li>Reducer ventetider og undg\u00e5 ulejligheden ved kontanttransaktioner.<\/li>\n<li>Fremf\u00f8r din virksomhed med en moderne og innovativ flair.<\/li>\n<li>Optjen tillid ved at integrere dit brandlogo i betalingsprocessen.<\/li>\n<\/ul>\n<p>Invester i dit personlige PayPal QR Code bordtelt i dag, og introducer dine kunder til fremtidens ubesv\u00e6rede og moderne betalingsmetode!<\/p>\n","protected":false},"excerpt":{"rendered":"<p><strong>Vi pr\u00e6senterer dit tilpassede PayPal QR kodebordtelt med personligt logo<\/strong><\/p>\n<p>Forvandl betalingsoplevelsen for dine kunder som aldrig f\u00f8r! Med vores skr\u00e6ddersyede PayPal QR Code bordtelt kan du tilbyde en bekvem betalingsl\u00f8sning uden kontanter eller kort.<\/p>\n<p><strong>Produktegenskaber:<\/strong><\/p>\n<ul>\n<li><strong>Personlig logo-funktion:<\/strong> Vis dit unikke logo p\u00e5 bordteltet for at skabe et professionelt og str\u00f8mlinet look i hele din virksomhed.<\/li>\n<li><strong>Besv\u00e6rfri betaling:<\/strong> Kunder kan nemt scanne PayPal QR-koden med deres smartphones og overf\u00f8re det \u00f8nskede bel\u00f8b med det samme. Det er sikkert, hurtigt og problemfrit.<\/li>\n<li><strong>Materiale af overlegen kvalitet:<\/strong> Konstrueret af robust, h\u00f8jkvalitets karton, t\u00e5ler bordteltet ubesv\u00e6ret dagligt slid, hvilket g\u00f8r det ideelt til restauranter, caf\u00e9er, butikker eller messer.<\/li>\n<li><strong>Slankt design:<\/strong> Det slanke, moderne design passer diskret ind i alle omgivelser og vil med garanti sl\u00e5 hovedet p\u00e5 ethvert bord.<\/li>\n<li><strong>Bred anvendelse:<\/strong> Det er perfekt til hotelbranchen, detailhandelen eller begivenheder, hvor en enkel og hurtig betalingsl\u00f8sning er afg\u00f8rende.<\/li>\n<li><strong>For- og bagside identiske:<\/strong> Begge sider af bordteltet har samme design.<\/li>\n<\/ul>\n<p><strong>Fordele:<\/strong><\/p>\n<ul>\n<li>Reducer ventetider og undg\u00e5 ulejligheden ved kontanttransaktioner.<\/li>\n<li>Fremf\u00f8r din virksomhed med en moderne og innovativ flair.<\/li>\n<li>Optjen tillid ved at integrere dit brandlogo i betalingsprocessen.<\/li>\n<\/ul>\n<p>Invester i dit personlige PayPal QR Code bordtelt i dag, og introducer dine kunder til fremtidens ubesv\u00e6rede og moderne betalingsmetode!<\/p>\n","protected":false},"featured_media":100188,"comment_status":"open","ping_status":"closed","template":"","meta":{"_acf_changed":false,"_yoast_wpseo_focuskw":"PayPal QR-kode Bordstander","_yoast_wpseo_title":"PayPal Pay QR Code Table Display Color | truzzer","_yoast_wpseo_metadesc":"Modtag PayPal-betalinger nemt med PayPal Pay QR Code Table Display Color fra truzzer. Nem ops\u00e6tning, klar til brug. Bestil nu!"},"product_brand":[1676],"product_cat":[1502,961,466],"product_tag":[],"class_list":{"0":"post-100184","1":"product","2":"type-product","3":"status-publish","4":"has-post-thumbnail","6":"product_brand-paypal","7":"product_cat-paypal-betaling-bordstandere-med-qr-kode","8":"product_cat-qr-kode-displays-standere","9":"product_cat-qr-kode-produkter","10":"pa_material-karton","11":"pa_product-type-displays-og-stativer","12":"pa_technology-qr-code","13":"pa_technology-qr-kode","15":"first","16":"instock","17":"taxable","18":"shipping-taxable","19":"purchasable","20":"product-type-simple"},"acf":[],"yoast_head":"<!-- This site is optimized with the Yoast SEO plugin v27.0 - https:\/\/yoast.com\/product\/yoast-seo-wordpress\/ -->\n<title>PayPal Pay QR Code Table Display Color | truzzer<\/title>\n<meta name=\"description\" content=\"Modtag PayPal-betalinger nemt med PayPal Pay QR Code Table Display Color fra truzzer. Nem ops\u00e6tning, klar til brug. Bestil nu!\" \/>\n<meta name=\"robots\" content=\"index, follow, max-snippet:-1, max-image-preview:large, max-video-preview:-1\" \/>\n<link rel=\"canonical\" href=\"https:\/\/www.truzzer.com\/da\/vare\/paypal-pay-qr-code-table-display-color\/\" \/>\n<meta property=\"og:locale\" content=\"da_DK\" \/>\n<meta property=\"og:type\" content=\"article\" \/>\n<meta property=\"og:title\" content=\"PayPal Pay QR Code Table Display Color | truzzer\" \/>\n<meta property=\"og:description\" content=\"Modtag PayPal-betalinger nemt med PayPal Pay QR Code Table Display Color fra truzzer. Nem ops\u00e6tning, klar til brug. Bestil nu!\" \/>\n<meta property=\"og:url\" content=\"https:\/\/www.truzzer.com\/da\/vare\/paypal-pay-qr-code-table-display-color\/\" \/>\n<meta property=\"og:site_name\" content=\"truzzer\" \/>\n<meta property=\"article:modified_time\" content=\"2026-02-13T08:35:11+00:00\" \/>\n<meta property=\"og:image\" content=\"https:\/\/www.truzzer.com\/wp-content\/uploads\/2026\/02\/paypal-pay-bezahlen-qr-code-table-tent-old-design-empfehlio-truzzer-b-iso-2.jpg\" \/>\n\t<meta property=\"og:image:width\" content=\"1400\" \/>\n\t<meta property=\"og:image:height\" content=\"1400\" \/>\n\t<meta property=\"og:image:type\" content=\"image\/jpeg\" \/>\n<meta name=\"twitter:card\" content=\"summary_large_image\" \/>\n<meta name=\"twitter:label1\" content=\"Estimeret l\u00e6setid\" \/>\n\t<meta name=\"twitter:data1\" content=\"1 minut\" \/>\n<script type=\"application\/ld+json\" class=\"yoast-schema-graph\">{\"@context\":\"https:\/\/schema.org\",\"@graph\":[{\"@type\":\"WebPage\",\"@id\":\"https:\/\/www.truzzer.com\/da\/vare\/paypal-pay-qr-code-table-display-color\/\",\"url\":\"https:\/\/www.truzzer.com\/da\/vare\/paypal-pay-qr-code-table-display-color\/\",\"name\":\"PayPal Pay QR Code Table Display Color | truzzer\",\"isPartOf\":{\"@id\":\"https:\/\/www.truzzer.com\/da\/#website\"},\"primaryImageOfPage\":{\"@id\":\"https:\/\/www.truzzer.com\/da\/vare\/paypal-pay-qr-code-table-display-color\/#primaryimage\"},\"image\":{\"@id\":\"https:\/\/www.truzzer.com\/da\/vare\/paypal-pay-qr-code-table-display-color\/#primaryimage\"},\"thumbnailUrl\":\"https:\/\/www.truzzer.com\/wp-content\/uploads\/2026\/02\/paypal-pay-bezahlen-qr-code-table-tent-old-design-empfehlio-truzzer-b-iso-2.jpg\",\"datePublished\":\"2026-02-01T19:49:41+00:00\",\"dateModified\":\"2026-02-13T08:35:11+00:00\",\"description\":\"Modtag PayPal-betalinger nemt med PayPal Pay QR Code Table Display Color fra truzzer. Nem ops\u00e6tning, klar til brug. Bestil nu!\",\"breadcrumb\":{\"@id\":\"https:\/\/www.truzzer.com\/da\/vare\/paypal-pay-qr-code-table-display-color\/#breadcrumb\"},\"inLanguage\":\"da-DK\",\"potentialAction\":[{\"@type\":\"ReadAction\",\"target\":[\"https:\/\/www.truzzer.com\/da\/vare\/paypal-pay-qr-code-table-display-color\/\"]}]},{\"@type\":\"ImageObject\",\"inLanguage\":\"da-DK\",\"@id\":\"https:\/\/www.truzzer.com\/da\/vare\/paypal-pay-qr-code-table-display-color\/#primaryimage\",\"url\":\"https:\/\/www.truzzer.com\/wp-content\/uploads\/2026\/02\/paypal-pay-bezahlen-qr-code-table-tent-old-design-empfehlio-truzzer-b-iso-2.jpg\",\"contentUrl\":\"https:\/\/www.truzzer.com\/wp-content\/uploads\/2026\/02\/paypal-pay-bezahlen-qr-code-table-tent-old-design-empfehlio-truzzer-b-iso-2.jpg\",\"width\":1400,\"height\":1400},{\"@type\":\"BreadcrumbList\",\"@id\":\"https:\/\/www.truzzer.com\/da\/vare\/paypal-pay-qr-code-table-display-color\/#breadcrumb\",\"itemListElement\":[{\"@type\":\"ListItem\",\"position\":1,\"name\":\"Home\",\"item\":\"https:\/\/www.truzzer.com\/da\/\"},{\"@type\":\"ListItem\",\"position\":2,\"name\":\"Butik\",\"item\":\"https:\/\/www.truzzer.com\/da\/shop\/\"},{\"@type\":\"ListItem\",\"position\":3,\"name\":\"PayPal Pay QR Kode Tabel Display Farve\"}]},{\"@type\":\"WebSite\",\"@id\":\"https:\/\/www.truzzer.com\/da\/#website\",\"url\":\"https:\/\/www.truzzer.com\/da\/\",\"name\":\"truzzer\",\"description\":\"Experts for customer trust\",\"publisher\":{\"@id\":\"https:\/\/www.truzzer.com\/da\/#organization\"},\"potentialAction\":[{\"@type\":\"SearchAction\",\"target\":{\"@type\":\"EntryPoint\",\"urlTemplate\":\"https:\/\/www.truzzer.com\/da\/?s={search_term_string}\"},\"query-input\":{\"@type\":\"PropertyValueSpecification\",\"valueRequired\":true,\"valueName\":\"search_term_string\"}}],\"inLanguage\":\"da-DK\"},{\"@type\":\"Organization\",\"@id\":\"https:\/\/www.truzzer.com\/da\/#organization\",\"name\":\"truzzer\",\"url\":\"https:\/\/www.truzzer.com\/da\/\",\"logo\":{\"@type\":\"ImageObject\",\"inLanguage\":\"da-DK\",\"@id\":\"https:\/\/www.truzzer.com\/da\/#\/schema\/logo\/image\/\",\"url\":\"https:\/\/truzzer.com\/wp-content\/uploads\/2026\/01\/truzzer-logo-black-1.svg\",\"contentUrl\":\"https:\/\/truzzer.com\/wp-content\/uploads\/2026\/01\/truzzer-logo-black-1.svg\",\"width\":938,\"height\":199,\"caption\":\"truzzer\"},\"image\":{\"@id\":\"https:\/\/www.truzzer.com\/da\/#\/schema\/logo\/image\/\"}}]}<\/script>\n<!-- \/ Yoast SEO plugin. -->","yoast_head_json":{"title":"PayPal Pay QR Code Table Display Color | truzzer","description":"Modtag PayPal-betalinger nemt med PayPal Pay QR Code Table Display Color fra truzzer. Nem ops\u00e6tning, klar til brug. Bestil nu!","robots":{"index":"index","follow":"follow","max-snippet":"max-snippet:-1","max-image-preview":"max-image-preview:large","max-video-preview":"max-video-preview:-1"},"canonical":"https:\/\/www.truzzer.com\/da\/vare\/paypal-pay-qr-code-table-display-color\/","og_locale":"da_DK","og_type":"article","og_title":"PayPal Pay QR Code Table Display Color | truzzer","og_description":"Modtag PayPal-betalinger nemt med PayPal Pay QR Code Table Display Color fra truzzer. Nem ops\u00e6tning, klar til brug. Bestil nu!","og_url":"https:\/\/www.truzzer.com\/da\/vare\/paypal-pay-qr-code-table-display-color\/","og_site_name":"truzzer","article_modified_time":"2026-02-13T08:35:11+00:00","og_image":[{"width":1400,"height":1400,"url":"https:\/\/www.truzzer.com\/wp-content\/uploads\/2026\/02\/paypal-pay-bezahlen-qr-code-table-tent-old-design-empfehlio-truzzer-b-iso-2.jpg","type":"image\/jpeg"}],"twitter_card":"summary_large_image","twitter_misc":{"Estimeret l\u00e6setid":"1 minut"},"schema":{"@context":"https:\/\/schema.org","@graph":[{"@type":"WebPage","@id":"https:\/\/www.truzzer.com\/da\/vare\/paypal-pay-qr-code-table-display-color\/","url":"https:\/\/www.truzzer.com\/da\/vare\/paypal-pay-qr-code-table-display-color\/","name":"PayPal Pay QR Code Table Display Color | truzzer","isPartOf":{"@id":"https:\/\/www.truzzer.com\/da\/#website"},"primaryImageOfPage":{"@id":"https:\/\/www.truzzer.com\/da\/vare\/paypal-pay-qr-code-table-display-color\/#primaryimage"},"image":{"@id":"https:\/\/www.truzzer.com\/da\/vare\/paypal-pay-qr-code-table-display-color\/#primaryimage"},"thumbnailUrl":"https:\/\/www.truzzer.com\/wp-content\/uploads\/2026\/02\/paypal-pay-bezahlen-qr-code-table-tent-old-design-empfehlio-truzzer-b-iso-2.jpg","datePublished":"2026-02-01T19:49:41+00:00","dateModified":"2026-02-13T08:35:11+00:00","description":"Modtag PayPal-betalinger nemt med PayPal Pay QR Code Table Display Color fra truzzer. Nem ops\u00e6tning, klar til brug. Bestil nu!","breadcrumb":{"@id":"https:\/\/www.truzzer.com\/da\/vare\/paypal-pay-qr-code-table-display-color\/#breadcrumb"},"inLanguage":"da-DK","potentialAction":[{"@type":"ReadAction","target":["https:\/\/www.truzzer.com\/da\/vare\/paypal-pay-qr-code-table-display-color\/"]}]},{"@type":"ImageObject","inLanguage":"da-DK","@id":"https:\/\/www.truzzer.com\/da\/vare\/paypal-pay-qr-code-table-display-color\/#primaryimage","url":"https:\/\/www.truzzer.com\/wp-content\/uploads\/2026\/02\/paypal-pay-bezahlen-qr-code-table-tent-old-design-empfehlio-truzzer-b-iso-2.jpg","contentUrl":"https:\/\/www.truzzer.com\/wp-content\/uploads\/2026\/02\/paypal-pay-bezahlen-qr-code-table-tent-old-design-empfehlio-truzzer-b-iso-2.jpg","width":1400,"height":1400},{"@type":"BreadcrumbList","@id":"https:\/\/www.truzzer.com\/da\/vare\/paypal-pay-qr-code-table-display-color\/#breadcrumb","itemListElement":[{"@type":"ListItem","position":1,"name":"Home","item":"https:\/\/www.truzzer.com\/da\/"},{"@type":"ListItem","position":2,"name":"Butik","item":"https:\/\/www.truzzer.com\/da\/shop\/"},{"@type":"ListItem","position":3,"name":"PayPal Pay QR Kode Tabel Display Farve"}]},{"@type":"WebSite","@id":"https:\/\/www.truzzer.com\/da\/#website","url":"https:\/\/www.truzzer.com\/da\/","name":"truzzer","description":"Experts for customer trust","publisher":{"@id":"https:\/\/www.truzzer.com\/da\/#organization"},"potentialAction":[{"@type":"SearchAction","target":{"@type":"EntryPoint","urlTemplate":"https:\/\/www.truzzer.com\/da\/?s={search_term_string}"},"query-input":{"@type":"PropertyValueSpecification","valueRequired":true,"valueName":"search_term_string"}}],"inLanguage":"da-DK"},{"@type":"Organization","@id":"https:\/\/www.truzzer.com\/da\/#organization","name":"truzzer","url":"https:\/\/www.truzzer.com\/da\/","logo":{"@type":"ImageObject","inLanguage":"da-DK","@id":"https:\/\/www.truzzer.com\/da\/#\/schema\/logo\/image\/","url":"https:\/\/truzzer.com\/wp-content\/uploads\/2026\/01\/truzzer-logo-black-1.svg","contentUrl":"https:\/\/truzzer.com\/wp-content\/uploads\/2026\/01\/truzzer-logo-black-1.svg","width":938,"height":199,"caption":"truzzer"},"image":{"@id":"https:\/\/www.truzzer.com\/da\/#\/schema\/logo\/image\/"}}]}},"tiered_pricing_type":"fixed","tiered_pricing_fixed_rules":[],"tiered_pricing_product_settings":{"layout":"default","base_unit_name":{"singular":null,"plural":null},"default_variation":null},"tiered_pricing_minimum_quantity":null,"tiered_pricing_roles_data":[],"tiered_pricing_percentage_rules":[],"tiered_pricing_maximum_quantity":null,"tiered_pricing_quantity_step":null,"_links":{"self":[{"href":"https:\/\/www.truzzer.com\/da\/wp-json\/wp\/v2\/product\/100184","targetHints":{"allow":["GET"]}}],"collection":[{"href":"https:\/\/www.truzzer.com\/da\/wp-json\/wp\/v2\/product"}],"about":[{"href":"https:\/\/www.truzzer.com\/da\/wp-json\/wp\/v2\/types\/product"}],"replies":[{"embeddable":true,"href":"https:\/\/www.truzzer.com\/da\/wp-json\/wp\/v2\/comments?post=100184"}],"wp:featuredmedia":[{"embeddable":true,"href":"https:\/\/www.truzzer.com\/da\/wp-json\/wp\/v2\/media\/100188"}],"wp:attachment":[{"href":"https:\/\/www.truzzer.com\/da\/wp-json\/wp\/v2\/media?parent=100184"}],"wp:term":[{"taxonomy":"product_brand","embeddable":true,"href":"https:\/\/www.truzzer.com\/da\/wp-json\/wp\/v2\/product_brand?post=100184"},{"taxonomy":"product_cat","embeddable":true,"href":"https:\/\/www.truzzer.com\/da\/wp-json\/wp\/v2\/product_cat?post=100184"},{"taxonomy":"product_tag","embeddable":true,"href":"https:\/\/www.truzzer.com\/da\/wp-json\/wp\/v2\/product_tag?post=100184"}],"curies":[{"name":"wp","href":"https:\/\/api.w.org\/{rel}","templated":true}]}}