{"id":100191,"date":"2026-02-01T19:49:30","date_gmt":"2026-02-01T19:49:30","guid":{"rendered":"https:\/\/beta.truzzer.com\/product\/paypal-pay-qr-code-table-tent\/"},"modified":"2026-02-13T08:36:22","modified_gmt":"2026-02-13T08:36:22","slug":"paypal-pay-qr-code-table-tent","status":"publish","type":"product","link":"https:\/\/www.truzzer.com\/da\/vare\/paypal-pay-qr-code-table-tent\/","title":{"rendered":"PayPal Pay QR Kode Bordtelt"},"content":{"rendered":"<p><strong>Vi pr\u00e6senterer dit tilpassede PayPal QR kodebordtelt med personligt logo<\/strong><\/p>\n<p>Forenkle betalinger for dine kunder som aldrig f\u00f8r! Med vores skr\u00e6ddersyede PayPal QR Code bordtelt kan dine kunder nemt betale med QR-kode &#8211; en kontantl\u00f8s, kortl\u00f8s l\u00f8sning.<\/p>\n<p><strong>Produktegenskaber:<\/strong><\/p>\n<ul>\n<li><strong>Personlig logointegration:<\/strong> Fremh\u00e6v dit unikke logo p\u00e5 bordteltet for at pr\u00e6sentere et professionelt og sammenh\u00e6ngende image i hele din virksomhed.<\/li>\n<li><strong>S\u00f8ml\u00f8s betaling:<\/strong> Kunder kan hurtigt scanne PayPal QR-koden med deres smartphones og straks betale det \u00f8nskede bel\u00f8b. Det er sikkert, hurtigt og nemt.<\/li>\n<li><strong>Materiale af overlegen kvalitet:<\/strong> Bordteltet, der er lavet af robust, h\u00f8jkvalitets karton, t\u00e5ler nemt hverdagsbrug. Det er perfekt til restauranter, caf\u00e9er, butikker eller messer.<\/li>\n<li><strong>Moderne design:<\/strong> Det slanke, moderne design smelter ubesv\u00e6ret ind i enhver indretning og vil helt sikkert tiltr\u00e6kke opm\u00e6rksomhed p\u00e5 ethvert bord.<\/li>\n<li><strong>Bredt brug:<\/strong> Ideel til hotelbranchen, detailhandelen eller begivenheder, hvor en hurtig og nem betalingsmulighed er n\u00f8dvendig.<\/li>\n<\/ul>\n<p><strong>Fordele:<\/strong><\/p>\n<ul>\n<li>Minimer ventetider og besv\u00e6ret ved at h\u00e5ndtere kontanter.<\/li>\n<li>Inds\u00e6t et moderne og innovativt touch til din virksomhed.<\/li>\n<li>Fremme tillid ved at integrere dit brandlogo i betalingsprocessen.<\/li>\n<\/ul>\n<p>Invester i dit personlige PayPal QR Code bordtelt i dag, og udstyr dine kunder med fremtidens problemfri og nutidige betalingsmetode!<\/p>\n","protected":false},"excerpt":{"rendered":"<p><strong>Vi pr\u00e6senterer dit tilpassede PayPal QR kodebordtelt med personligt logo<\/strong><\/p>\n<p>Forenkle betalinger for dine kunder som aldrig f\u00f8r! Med vores skr\u00e6ddersyede PayPal QR Code bordtelt kan dine kunder nemt betale med QR-kode &#8211; en kontantl\u00f8s, kortl\u00f8s l\u00f8sning.<\/p>\n<p><strong>Produktegenskaber:<\/strong><\/p>\n<ul>\n<li><strong>Personlig logointegration:<\/strong> Fremh\u00e6v dit unikke logo p\u00e5 bordteltet for at pr\u00e6sentere et professionelt og sammenh\u00e6ngende image i hele din virksomhed.<\/li>\n<li><strong>S\u00f8ml\u00f8s betaling:<\/strong> Kunder kan hurtigt scanne PayPal QR-koden med deres smartphones og straks betale det \u00f8nskede bel\u00f8b. Det er sikkert, hurtigt og nemt.<\/li>\n<li><strong>Materiale af overlegen kvalitet:<\/strong> Bordteltet, der er lavet af robust, h\u00f8jkvalitets karton, t\u00e5ler nemt hverdagsbrug. Den er perfekt til restauranter, caf\u00e9er, butikker eller messer.<\/li>\n<li><strong>Moderne design:<\/strong> Det slanke, moderne design smelter ubesv\u00e6ret ind i enhver indretning og vil helt sikkert tiltr\u00e6kke opm\u00e6rksomhed p\u00e5 ethvert bord.<\/li>\n<li><strong>Bredt brug:<\/strong> Ideel til hotelbranchen, detailhandelen eller begivenheder, hvor en hurtig og nem betalingsmulighed er n\u00f8dvendig.<\/li>\n<\/ul>\n<p><strong>Fordele:<\/strong><\/p>\n<ul>\n<li>Minimer ventetider og besv\u00e6ret ved at h\u00e5ndtere kontanter.<\/li>\n<li>Inds\u00e6t et moderne og innovativt touch til din virksomhed.<\/li>\n<li>Fremme tillid ved at integrere dit brandlogo i betalingsprocessen.<\/li>\n<\/ul>\n<p>Invester i dit personlige PayPal QR Code bordtelt i dag, og udstyr dine kunder med fremtidens problemfri og nutidige betalingsmetode!<\/p>\n","protected":false},"featured_media":100197,"comment_status":"open","ping_status":"closed","template":"","meta":{"_acf_changed":false,"_yoast_wpseo_focuskw":"PayPal QR-kode Bordtelt","_yoast_wpseo_title":"PayPal Pay QR Code Table Tent | truzzer","_yoast_wpseo_metadesc":"Modtag PayPal-betalinger nemt med PayPal Pay QR Code Table Tent fra truzzer. Nem ops\u00e6tning, klar til brug. Bestil nu!"},"product_brand":[1676],"product_cat":[1502,961,466],"product_tag":[],"class_list":{"0":"post-100191","1":"product","2":"type-product","3":"status-publish","4":"has-post-thumbnail","6":"product_brand-paypal","7":"product_cat-paypal-betaling-bordstandere-med-qr-kode","8":"product_cat-qr-kode-displays-standere","9":"product_cat-qr-kode-produkter","10":"pa_material-karton","11":"pa_product-type-displays-og-stativer","12":"pa_technology-qr-code","13":"pa_technology-qr-kode","15":"first","16":"instock","17":"taxable","18":"shipping-taxable","19":"purchasable","20":"product-type-simple"},"acf":[],"yoast_head":"<!-- This site is optimized with the Yoast SEO plugin v27.0 - https:\/\/yoast.com\/product\/yoast-seo-wordpress\/ -->\n<title>PayPal Pay QR Code Table Tent | truzzer<\/title>\n<meta name=\"description\" content=\"Modtag PayPal-betalinger nemt med PayPal Pay QR Code Table Tent fra truzzer. Nem ops\u00e6tning, klar til brug. Bestil nu!\" \/>\n<meta name=\"robots\" content=\"index, follow, max-snippet:-1, max-image-preview:large, max-video-preview:-1\" \/>\n<link rel=\"canonical\" href=\"https:\/\/www.truzzer.com\/da\/vare\/paypal-pay-qr-code-table-tent\/\" \/>\n<meta property=\"og:locale\" content=\"da_DK\" \/>\n<meta property=\"og:type\" content=\"article\" \/>\n<meta property=\"og:title\" content=\"PayPal Pay QR Code Table Tent | truzzer\" \/>\n<meta property=\"og:description\" content=\"Modtag PayPal-betalinger nemt med PayPal Pay QR Code Table Tent fra truzzer. Nem ops\u00e6tning, klar til brug. Bestil nu!\" \/>\n<meta property=\"og:url\" content=\"https:\/\/www.truzzer.com\/da\/vare\/paypal-pay-qr-code-table-tent\/\" \/>\n<meta property=\"og:site_name\" content=\"truzzer\" \/>\n<meta property=\"article:modified_time\" content=\"2026-02-13T08:36:22+00:00\" \/>\n<meta property=\"og:image\" content=\"https:\/\/www.truzzer.com\/wp-content\/uploads\/2026\/02\/paypal-pay-bezahlen-qr-code-table-tent-old-design-empfehlio-truzzer-a-iso-2.jpg\" \/>\n\t<meta property=\"og:image:width\" content=\"1400\" \/>\n\t<meta property=\"og:image:height\" content=\"1400\" \/>\n\t<meta property=\"og:image:type\" content=\"image\/jpeg\" \/>\n<meta name=\"twitter:card\" content=\"summary_large_image\" \/>\n<meta name=\"twitter:label1\" content=\"Estimeret l\u00e6setid\" \/>\n\t<meta name=\"twitter:data1\" content=\"1 minut\" \/>\n<script type=\"application\/ld+json\" class=\"yoast-schema-graph\">{\"@context\":\"https:\/\/schema.org\",\"@graph\":[{\"@type\":\"WebPage\",\"@id\":\"https:\/\/www.truzzer.com\/da\/vare\/paypal-pay-qr-code-table-tent\/\",\"url\":\"https:\/\/www.truzzer.com\/da\/vare\/paypal-pay-qr-code-table-tent\/\",\"name\":\"PayPal Pay QR Code Table Tent | truzzer\",\"isPartOf\":{\"@id\":\"https:\/\/www.truzzer.com\/da\/#website\"},\"primaryImageOfPage\":{\"@id\":\"https:\/\/www.truzzer.com\/da\/vare\/paypal-pay-qr-code-table-tent\/#primaryimage\"},\"image\":{\"@id\":\"https:\/\/www.truzzer.com\/da\/vare\/paypal-pay-qr-code-table-tent\/#primaryimage\"},\"thumbnailUrl\":\"https:\/\/www.truzzer.com\/wp-content\/uploads\/2026\/02\/paypal-pay-bezahlen-qr-code-table-tent-old-design-empfehlio-truzzer-a-iso-2.jpg\",\"datePublished\":\"2026-02-01T19:49:30+00:00\",\"dateModified\":\"2026-02-13T08:36:22+00:00\",\"description\":\"Modtag PayPal-betalinger nemt med PayPal Pay QR Code Table Tent fra truzzer. Nem ops\u00e6tning, klar til brug. Bestil nu!\",\"breadcrumb\":{\"@id\":\"https:\/\/www.truzzer.com\/da\/vare\/paypal-pay-qr-code-table-tent\/#breadcrumb\"},\"inLanguage\":\"da-DK\",\"potentialAction\":[{\"@type\":\"ReadAction\",\"target\":[\"https:\/\/www.truzzer.com\/da\/vare\/paypal-pay-qr-code-table-tent\/\"]}]},{\"@type\":\"ImageObject\",\"inLanguage\":\"da-DK\",\"@id\":\"https:\/\/www.truzzer.com\/da\/vare\/paypal-pay-qr-code-table-tent\/#primaryimage\",\"url\":\"https:\/\/www.truzzer.com\/wp-content\/uploads\/2026\/02\/paypal-pay-bezahlen-qr-code-table-tent-old-design-empfehlio-truzzer-a-iso-2.jpg\",\"contentUrl\":\"https:\/\/www.truzzer.com\/wp-content\/uploads\/2026\/02\/paypal-pay-bezahlen-qr-code-table-tent-old-design-empfehlio-truzzer-a-iso-2.jpg\",\"width\":1400,\"height\":1400},{\"@type\":\"BreadcrumbList\",\"@id\":\"https:\/\/www.truzzer.com\/da\/vare\/paypal-pay-qr-code-table-tent\/#breadcrumb\",\"itemListElement\":[{\"@type\":\"ListItem\",\"position\":1,\"name\":\"Home\",\"item\":\"https:\/\/www.truzzer.com\/da\/\"},{\"@type\":\"ListItem\",\"position\":2,\"name\":\"Butik\",\"item\":\"https:\/\/www.truzzer.com\/da\/shop\/\"},{\"@type\":\"ListItem\",\"position\":3,\"name\":\"PayPal Pay QR Kode Bordtelt\"}]},{\"@type\":\"WebSite\",\"@id\":\"https:\/\/www.truzzer.com\/da\/#website\",\"url\":\"https:\/\/www.truzzer.com\/da\/\",\"name\":\"truzzer\",\"description\":\"Experts for customer trust\",\"publisher\":{\"@id\":\"https:\/\/www.truzzer.com\/da\/#organization\"},\"potentialAction\":[{\"@type\":\"SearchAction\",\"target\":{\"@type\":\"EntryPoint\",\"urlTemplate\":\"https:\/\/www.truzzer.com\/da\/?s={search_term_string}\"},\"query-input\":{\"@type\":\"PropertyValueSpecification\",\"valueRequired\":true,\"valueName\":\"search_term_string\"}}],\"inLanguage\":\"da-DK\"},{\"@type\":\"Organization\",\"@id\":\"https:\/\/www.truzzer.com\/da\/#organization\",\"name\":\"truzzer\",\"url\":\"https:\/\/www.truzzer.com\/da\/\",\"logo\":{\"@type\":\"ImageObject\",\"inLanguage\":\"da-DK\",\"@id\":\"https:\/\/www.truzzer.com\/da\/#\/schema\/logo\/image\/\",\"url\":\"https:\/\/truzzer.com\/wp-content\/uploads\/2026\/01\/truzzer-logo-black-1.svg\",\"contentUrl\":\"https:\/\/truzzer.com\/wp-content\/uploads\/2026\/01\/truzzer-logo-black-1.svg\",\"width\":938,\"height\":199,\"caption\":\"truzzer\"},\"image\":{\"@id\":\"https:\/\/www.truzzer.com\/da\/#\/schema\/logo\/image\/\"}}]}<\/script>\n<!-- \/ Yoast SEO plugin. -->","yoast_head_json":{"title":"PayPal Pay QR Code Table Tent | truzzer","description":"Modtag PayPal-betalinger nemt med PayPal Pay QR Code Table Tent fra truzzer. Nem ops\u00e6tning, klar til brug. Bestil nu!","robots":{"index":"index","follow":"follow","max-snippet":"max-snippet:-1","max-image-preview":"max-image-preview:large","max-video-preview":"max-video-preview:-1"},"canonical":"https:\/\/www.truzzer.com\/da\/vare\/paypal-pay-qr-code-table-tent\/","og_locale":"da_DK","og_type":"article","og_title":"PayPal Pay QR Code Table Tent | truzzer","og_description":"Modtag PayPal-betalinger nemt med PayPal Pay QR Code Table Tent fra truzzer. Nem ops\u00e6tning, klar til brug. Bestil nu!","og_url":"https:\/\/www.truzzer.com\/da\/vare\/paypal-pay-qr-code-table-tent\/","og_site_name":"truzzer","article_modified_time":"2026-02-13T08:36:22+00:00","og_image":[{"width":1400,"height":1400,"url":"https:\/\/www.truzzer.com\/wp-content\/uploads\/2026\/02\/paypal-pay-bezahlen-qr-code-table-tent-old-design-empfehlio-truzzer-a-iso-2.jpg","type":"image\/jpeg"}],"twitter_card":"summary_large_image","twitter_misc":{"Estimeret l\u00e6setid":"1 minut"},"schema":{"@context":"https:\/\/schema.org","@graph":[{"@type":"WebPage","@id":"https:\/\/www.truzzer.com\/da\/vare\/paypal-pay-qr-code-table-tent\/","url":"https:\/\/www.truzzer.com\/da\/vare\/paypal-pay-qr-code-table-tent\/","name":"PayPal Pay QR Code Table Tent | truzzer","isPartOf":{"@id":"https:\/\/www.truzzer.com\/da\/#website"},"primaryImageOfPage":{"@id":"https:\/\/www.truzzer.com\/da\/vare\/paypal-pay-qr-code-table-tent\/#primaryimage"},"image":{"@id":"https:\/\/www.truzzer.com\/da\/vare\/paypal-pay-qr-code-table-tent\/#primaryimage"},"thumbnailUrl":"https:\/\/www.truzzer.com\/wp-content\/uploads\/2026\/02\/paypal-pay-bezahlen-qr-code-table-tent-old-design-empfehlio-truzzer-a-iso-2.jpg","datePublished":"2026-02-01T19:49:30+00:00","dateModified":"2026-02-13T08:36:22+00:00","description":"Modtag PayPal-betalinger nemt med PayPal Pay QR Code Table Tent fra truzzer. Nem ops\u00e6tning, klar til brug. Bestil nu!","breadcrumb":{"@id":"https:\/\/www.truzzer.com\/da\/vare\/paypal-pay-qr-code-table-tent\/#breadcrumb"},"inLanguage":"da-DK","potentialAction":[{"@type":"ReadAction","target":["https:\/\/www.truzzer.com\/da\/vare\/paypal-pay-qr-code-table-tent\/"]}]},{"@type":"ImageObject","inLanguage":"da-DK","@id":"https:\/\/www.truzzer.com\/da\/vare\/paypal-pay-qr-code-table-tent\/#primaryimage","url":"https:\/\/www.truzzer.com\/wp-content\/uploads\/2026\/02\/paypal-pay-bezahlen-qr-code-table-tent-old-design-empfehlio-truzzer-a-iso-2.jpg","contentUrl":"https:\/\/www.truzzer.com\/wp-content\/uploads\/2026\/02\/paypal-pay-bezahlen-qr-code-table-tent-old-design-empfehlio-truzzer-a-iso-2.jpg","width":1400,"height":1400},{"@type":"BreadcrumbList","@id":"https:\/\/www.truzzer.com\/da\/vare\/paypal-pay-qr-code-table-tent\/#breadcrumb","itemListElement":[{"@type":"ListItem","position":1,"name":"Home","item":"https:\/\/www.truzzer.com\/da\/"},{"@type":"ListItem","position":2,"name":"Butik","item":"https:\/\/www.truzzer.com\/da\/shop\/"},{"@type":"ListItem","position":3,"name":"PayPal Pay QR Kode Bordtelt"}]},{"@type":"WebSite","@id":"https:\/\/www.truzzer.com\/da\/#website","url":"https:\/\/www.truzzer.com\/da\/","name":"truzzer","description":"Experts for customer trust","publisher":{"@id":"https:\/\/www.truzzer.com\/da\/#organization"},"potentialAction":[{"@type":"SearchAction","target":{"@type":"EntryPoint","urlTemplate":"https:\/\/www.truzzer.com\/da\/?s={search_term_string}"},"query-input":{"@type":"PropertyValueSpecification","valueRequired":true,"valueName":"search_term_string"}}],"inLanguage":"da-DK"},{"@type":"Organization","@id":"https:\/\/www.truzzer.com\/da\/#organization","name":"truzzer","url":"https:\/\/www.truzzer.com\/da\/","logo":{"@type":"ImageObject","inLanguage":"da-DK","@id":"https:\/\/www.truzzer.com\/da\/#\/schema\/logo\/image\/","url":"https:\/\/truzzer.com\/wp-content\/uploads\/2026\/01\/truzzer-logo-black-1.svg","contentUrl":"https:\/\/truzzer.com\/wp-content\/uploads\/2026\/01\/truzzer-logo-black-1.svg","width":938,"height":199,"caption":"truzzer"},"image":{"@id":"https:\/\/www.truzzer.com\/da\/#\/schema\/logo\/image\/"}}]}},"tiered_pricing_type":"fixed","tiered_pricing_fixed_rules":[],"tiered_pricing_product_settings":{"layout":"default","base_unit_name":{"singular":null,"plural":null},"default_variation":null},"tiered_pricing_minimum_quantity":null,"tiered_pricing_roles_data":[],"tiered_pricing_percentage_rules":[],"tiered_pricing_maximum_quantity":null,"tiered_pricing_quantity_step":null,"_links":{"self":[{"href":"https:\/\/www.truzzer.com\/da\/wp-json\/wp\/v2\/product\/100191","targetHints":{"allow":["GET"]}}],"collection":[{"href":"https:\/\/www.truzzer.com\/da\/wp-json\/wp\/v2\/product"}],"about":[{"href":"https:\/\/www.truzzer.com\/da\/wp-json\/wp\/v2\/types\/product"}],"replies":[{"embeddable":true,"href":"https:\/\/www.truzzer.com\/da\/wp-json\/wp\/v2\/comments?post=100191"}],"wp:featuredmedia":[{"embeddable":true,"href":"https:\/\/www.truzzer.com\/da\/wp-json\/wp\/v2\/media\/100197"}],"wp:attachment":[{"href":"https:\/\/www.truzzer.com\/da\/wp-json\/wp\/v2\/media?parent=100191"}],"wp:term":[{"taxonomy":"product_brand","embeddable":true,"href":"https:\/\/www.truzzer.com\/da\/wp-json\/wp\/v2\/product_brand?post=100191"},{"taxonomy":"product_cat","embeddable":true,"href":"https:\/\/www.truzzer.com\/da\/wp-json\/wp\/v2\/product_cat?post=100191"},{"taxonomy":"product_tag","embeddable":true,"href":"https:\/\/www.truzzer.com\/da\/wp-json\/wp\/v2\/product_tag?post=100191"}],"curies":[{"name":"wp","href":"https:\/\/api.w.org\/{rel}","templated":true}]}}