{"id":100806,"date":"2026-02-01T20:00:38","date_gmt":"2026-02-01T20:00:38","guid":{"rendered":"https:\/\/beta.truzzer.com\/product\/whatsapp-chat-nfc-business-card-tap\/"},"modified":"2026-02-13T07:59:49","modified_gmt":"2026-02-13T07:59:49","slug":"whatsapp-chat-nfc-business-card-tap","status":"publish","type":"product","link":"https:\/\/www.truzzer.com\/da\/vare\/whatsapp-chat-nfc-business-card-tap\/","title":{"rendered":"WhatsApp Chat NFC visitkort &#8220;Tap&#8221;"},"content":{"rendered":"","protected":false},"excerpt":{"rendered":"<h2>Yderligere service med kontaktl\u00f8se NFC WhatsApp visitkort.<\/h2>\n<p>G\u00f8r det nemt for dine kunder at n\u00e5 dig p\u00e5 WhatsApp med de kontaktl\u00f8se WhatsApp Chat NFC visitkort.<br \/>\nPersonliggjort med din egen QR-kode og NFC-link, der f\u00f8rer dine kunder direkte til din WhatsApp-chat.<br \/>\nDet eneste, dine kunder skal g\u00f8re, er at holde deres smartphone t\u00e6t p\u00e5 kortet. WhatsApp-chatten med dig \u00e5bnes \u00f8jeblikkeligt.<br \/>\nVi h\u00e5ndterer sammenk\u00e6dningen af NFC &amp; QR koder til din WhatsApp profil for dig!<\/p>\n<h3><strong>Hvordan NFC-kort hj\u00e6lper dig med at forbedre kundeservice<\/strong><\/h3>\n<ul>\n<li>Ingen flere s\u00f8gninger eller problemer: <strong>NFC-linket og WhatsApp QR-koden f\u00f8rer direkte til din chat<\/strong> (vi opretter dette til dig).<\/li>\n<li><strong>H\u00e5ndgribelig<\/strong>: NFC-kortene g\u00f8r din WhatsApp-underst\u00f8ttelse let tilg\u00e6ngelig.<\/li>\n<li>Der kr\u00e6ves ingen ekstra app.<\/li>\n<li>B\u00f8jefang: Moderne design.<\/li>\n<\/ul>\n<p><strong>Vi s\u00f8rger for at oprette og linke NFC-linket samt QR-koden til din WhatsApp-chatprofil for dig!<\/strong><\/p>\n","protected":false},"featured_media":100815,"comment_status":"open","ping_status":"closed","template":"","meta":{"_acf_changed":false,"_yoast_wpseo_focuskw":"WhatsApp QR-kode NFC Kort","_yoast_wpseo_title":"WhatsApp Chat NFC Business Card \u201cTap\u201d | truzzer","_yoast_wpseo_metadesc":"Forbind direkte via WhatsApp med WhatsApp Chat NFC Business Card \u201cTap\u201d fra truzzer. Nem ops\u00e6tning, klar til brug. Bestil nu!"},"product_brand":[1704],"product_cat":[552,553,919,940,1522],"product_tag":[],"class_list":{"0":"post-100806","1":"product","2":"type-product","3":"status-publish","4":"has-post-thumbnail","6":"product_brand-whatsapp","7":"product_cat-nfc-produkter","8":"product_cat-nfc-visitkort","9":"product_cat-whatsapp-chat-produkter","10":"product_cat-whatsapp-chat-visitkort","11":"product_cat-whatsapp-chat-visitkort-med-nfc","12":"pa_industry-bureau-radgivning","13":"pa_industry-ejendom-goed","14":"pa_industry-lokale-diensten","15":"pa_material-karton","16":"pa_material-plastic","17":"pa_orientation-portrett","18":"pa_placement-balie-receptie","19":"pa_placement-brochure","20":"pa_placement-portemonnee-persoonlijk","21":"pa_product-type-visitekaartjes","22":"pa_shape-rechthoek","23":"pa_technology-nfc","24":"pa_technology-qr-nfc","26":"first","27":"instock","28":"taxable","29":"shipping-taxable","30":"purchasable","31":"product-type-simple"},"acf":[],"yoast_head":"<!-- This site is optimized with the Yoast SEO plugin v27.0 - https:\/\/yoast.com\/product\/yoast-seo-wordpress\/ -->\n<title>WhatsApp Chat NFC Business Card \u201cTap\u201d | truzzer<\/title>\n<meta name=\"description\" content=\"Forbind direkte via WhatsApp med WhatsApp Chat NFC Business Card \u201cTap\u201d fra truzzer. Nem ops\u00e6tning, klar til brug. Bestil nu!\" \/>\n<meta name=\"robots\" content=\"index, follow, max-snippet:-1, max-image-preview:large, max-video-preview:-1\" \/>\n<link rel=\"canonical\" href=\"https:\/\/www.truzzer.com\/da\/vare\/whatsapp-chat-nfc-business-card-tap\/\" \/>\n<meta property=\"og:locale\" content=\"da_DK\" \/>\n<meta property=\"og:type\" content=\"article\" \/>\n<meta property=\"og:title\" content=\"WhatsApp Chat NFC Business Card \u201cTap\u201d | truzzer\" \/>\n<meta property=\"og:description\" content=\"Forbind direkte via WhatsApp med WhatsApp Chat NFC Business Card \u201cTap\u201d fra truzzer. Nem ops\u00e6tning, klar til brug. Bestil nu!\" \/>\n<meta property=\"og:url\" content=\"https:\/\/www.truzzer.com\/da\/vare\/whatsapp-chat-nfc-business-card-tap\/\" \/>\n<meta property=\"og:site_name\" content=\"truzzer\" \/>\n<meta property=\"article:modified_time\" content=\"2026-02-13T07:59:49+00:00\" \/>\n<meta property=\"og:image\" content=\"https:\/\/www.truzzer.com\/wp-content\/uploads\/2026\/02\/WHATSAPP-CHAT-NFC-VISITENKARTE-EMPFEHLIO-FRONT-1-1.jpg\" \/>\n\t<meta property=\"og:image:width\" content=\"1200\" \/>\n\t<meta property=\"og:image:height\" content=\"1200\" \/>\n\t<meta property=\"og:image:type\" content=\"image\/jpeg\" \/>\n<meta name=\"twitter:card\" content=\"summary_large_image\" \/>\n<script type=\"application\/ld+json\" class=\"yoast-schema-graph\">{\"@context\":\"https:\/\/schema.org\",\"@graph\":[{\"@type\":\"WebPage\",\"@id\":\"https:\/\/www.truzzer.com\/da\/vare\/whatsapp-chat-nfc-business-card-tap\/\",\"url\":\"https:\/\/www.truzzer.com\/da\/vare\/whatsapp-chat-nfc-business-card-tap\/\",\"name\":\"WhatsApp Chat NFC Business Card \u201cTap\u201d | truzzer\",\"isPartOf\":{\"@id\":\"https:\/\/www.truzzer.com\/da\/#website\"},\"primaryImageOfPage\":{\"@id\":\"https:\/\/www.truzzer.com\/da\/vare\/whatsapp-chat-nfc-business-card-tap\/#primaryimage\"},\"image\":{\"@id\":\"https:\/\/www.truzzer.com\/da\/vare\/whatsapp-chat-nfc-business-card-tap\/#primaryimage\"},\"thumbnailUrl\":\"https:\/\/www.truzzer.com\/wp-content\/uploads\/2026\/02\/WHATSAPP-CHAT-NFC-VISITENKARTE-EMPFEHLIO-FRONT-1-1.jpg\",\"datePublished\":\"2026-02-01T20:00:38+00:00\",\"dateModified\":\"2026-02-13T07:59:49+00:00\",\"description\":\"Forbind direkte via WhatsApp med WhatsApp Chat NFC Business Card \u201cTap\u201d fra truzzer. Nem ops\u00e6tning, klar til brug. Bestil nu!\",\"breadcrumb\":{\"@id\":\"https:\/\/www.truzzer.com\/da\/vare\/whatsapp-chat-nfc-business-card-tap\/#breadcrumb\"},\"inLanguage\":\"da-DK\",\"potentialAction\":[{\"@type\":\"ReadAction\",\"target\":[\"https:\/\/www.truzzer.com\/da\/vare\/whatsapp-chat-nfc-business-card-tap\/\"]}]},{\"@type\":\"ImageObject\",\"inLanguage\":\"da-DK\",\"@id\":\"https:\/\/www.truzzer.com\/da\/vare\/whatsapp-chat-nfc-business-card-tap\/#primaryimage\",\"url\":\"https:\/\/www.truzzer.com\/wp-content\/uploads\/2026\/02\/WHATSAPP-CHAT-NFC-VISITENKARTE-EMPFEHLIO-FRONT-1-1.jpg\",\"contentUrl\":\"https:\/\/www.truzzer.com\/wp-content\/uploads\/2026\/02\/WHATSAPP-CHAT-NFC-VISITENKARTE-EMPFEHLIO-FRONT-1-1.jpg\",\"width\":1200,\"height\":1200},{\"@type\":\"BreadcrumbList\",\"@id\":\"https:\/\/www.truzzer.com\/da\/vare\/whatsapp-chat-nfc-business-card-tap\/#breadcrumb\",\"itemListElement\":[{\"@type\":\"ListItem\",\"position\":1,\"name\":\"Home\",\"item\":\"https:\/\/www.truzzer.com\/da\/\"},{\"@type\":\"ListItem\",\"position\":2,\"name\":\"Butik\",\"item\":\"https:\/\/www.truzzer.com\/da\/shop\/\"},{\"@type\":\"ListItem\",\"position\":3,\"name\":\"WhatsApp Chat NFC visitkort &#8220;Tap&#8221;\"}]},{\"@type\":\"WebSite\",\"@id\":\"https:\/\/www.truzzer.com\/da\/#website\",\"url\":\"https:\/\/www.truzzer.com\/da\/\",\"name\":\"truzzer\",\"description\":\"Experts for customer trust\",\"publisher\":{\"@id\":\"https:\/\/www.truzzer.com\/da\/#organization\"},\"potentialAction\":[{\"@type\":\"SearchAction\",\"target\":{\"@type\":\"EntryPoint\",\"urlTemplate\":\"https:\/\/www.truzzer.com\/da\/?s={search_term_string}\"},\"query-input\":{\"@type\":\"PropertyValueSpecification\",\"valueRequired\":true,\"valueName\":\"search_term_string\"}}],\"inLanguage\":\"da-DK\"},{\"@type\":\"Organization\",\"@id\":\"https:\/\/www.truzzer.com\/da\/#organization\",\"name\":\"truzzer\",\"url\":\"https:\/\/www.truzzer.com\/da\/\",\"logo\":{\"@type\":\"ImageObject\",\"inLanguage\":\"da-DK\",\"@id\":\"https:\/\/www.truzzer.com\/da\/#\/schema\/logo\/image\/\",\"url\":\"https:\/\/truzzer.com\/wp-content\/uploads\/2026\/01\/truzzer-logo-black-1.svg\",\"contentUrl\":\"https:\/\/truzzer.com\/wp-content\/uploads\/2026\/01\/truzzer-logo-black-1.svg\",\"width\":938,\"height\":199,\"caption\":\"truzzer\"},\"image\":{\"@id\":\"https:\/\/www.truzzer.com\/da\/#\/schema\/logo\/image\/\"}}]}<\/script>\n<!-- \/ Yoast SEO plugin. -->","yoast_head_json":{"title":"WhatsApp Chat NFC Business Card \u201cTap\u201d | truzzer","description":"Forbind direkte via WhatsApp med WhatsApp Chat NFC Business Card \u201cTap\u201d fra truzzer. Nem ops\u00e6tning, klar til brug. Bestil nu!","robots":{"index":"index","follow":"follow","max-snippet":"max-snippet:-1","max-image-preview":"max-image-preview:large","max-video-preview":"max-video-preview:-1"},"canonical":"https:\/\/www.truzzer.com\/da\/vare\/whatsapp-chat-nfc-business-card-tap\/","og_locale":"da_DK","og_type":"article","og_title":"WhatsApp Chat NFC Business Card \u201cTap\u201d | truzzer","og_description":"Forbind direkte via WhatsApp med WhatsApp Chat NFC Business Card \u201cTap\u201d fra truzzer. Nem ops\u00e6tning, klar til brug. Bestil nu!","og_url":"https:\/\/www.truzzer.com\/da\/vare\/whatsapp-chat-nfc-business-card-tap\/","og_site_name":"truzzer","article_modified_time":"2026-02-13T07:59:49+00:00","og_image":[{"width":1200,"height":1200,"url":"https:\/\/www.truzzer.com\/wp-content\/uploads\/2026\/02\/WHATSAPP-CHAT-NFC-VISITENKARTE-EMPFEHLIO-FRONT-1-1.jpg","type":"image\/jpeg"}],"twitter_card":"summary_large_image","schema":{"@context":"https:\/\/schema.org","@graph":[{"@type":"WebPage","@id":"https:\/\/www.truzzer.com\/da\/vare\/whatsapp-chat-nfc-business-card-tap\/","url":"https:\/\/www.truzzer.com\/da\/vare\/whatsapp-chat-nfc-business-card-tap\/","name":"WhatsApp Chat NFC Business Card \u201cTap\u201d | truzzer","isPartOf":{"@id":"https:\/\/www.truzzer.com\/da\/#website"},"primaryImageOfPage":{"@id":"https:\/\/www.truzzer.com\/da\/vare\/whatsapp-chat-nfc-business-card-tap\/#primaryimage"},"image":{"@id":"https:\/\/www.truzzer.com\/da\/vare\/whatsapp-chat-nfc-business-card-tap\/#primaryimage"},"thumbnailUrl":"https:\/\/www.truzzer.com\/wp-content\/uploads\/2026\/02\/WHATSAPP-CHAT-NFC-VISITENKARTE-EMPFEHLIO-FRONT-1-1.jpg","datePublished":"2026-02-01T20:00:38+00:00","dateModified":"2026-02-13T07:59:49+00:00","description":"Forbind direkte via WhatsApp med WhatsApp Chat NFC Business Card \u201cTap\u201d fra truzzer. Nem ops\u00e6tning, klar til brug. Bestil nu!","breadcrumb":{"@id":"https:\/\/www.truzzer.com\/da\/vare\/whatsapp-chat-nfc-business-card-tap\/#breadcrumb"},"inLanguage":"da-DK","potentialAction":[{"@type":"ReadAction","target":["https:\/\/www.truzzer.com\/da\/vare\/whatsapp-chat-nfc-business-card-tap\/"]}]},{"@type":"ImageObject","inLanguage":"da-DK","@id":"https:\/\/www.truzzer.com\/da\/vare\/whatsapp-chat-nfc-business-card-tap\/#primaryimage","url":"https:\/\/www.truzzer.com\/wp-content\/uploads\/2026\/02\/WHATSAPP-CHAT-NFC-VISITENKARTE-EMPFEHLIO-FRONT-1-1.jpg","contentUrl":"https:\/\/www.truzzer.com\/wp-content\/uploads\/2026\/02\/WHATSAPP-CHAT-NFC-VISITENKARTE-EMPFEHLIO-FRONT-1-1.jpg","width":1200,"height":1200},{"@type":"BreadcrumbList","@id":"https:\/\/www.truzzer.com\/da\/vare\/whatsapp-chat-nfc-business-card-tap\/#breadcrumb","itemListElement":[{"@type":"ListItem","position":1,"name":"Home","item":"https:\/\/www.truzzer.com\/da\/"},{"@type":"ListItem","position":2,"name":"Butik","item":"https:\/\/www.truzzer.com\/da\/shop\/"},{"@type":"ListItem","position":3,"name":"WhatsApp Chat NFC visitkort &#8220;Tap&#8221;"}]},{"@type":"WebSite","@id":"https:\/\/www.truzzer.com\/da\/#website","url":"https:\/\/www.truzzer.com\/da\/","name":"truzzer","description":"Experts for customer trust","publisher":{"@id":"https:\/\/www.truzzer.com\/da\/#organization"},"potentialAction":[{"@type":"SearchAction","target":{"@type":"EntryPoint","urlTemplate":"https:\/\/www.truzzer.com\/da\/?s={search_term_string}"},"query-input":{"@type":"PropertyValueSpecification","valueRequired":true,"valueName":"search_term_string"}}],"inLanguage":"da-DK"},{"@type":"Organization","@id":"https:\/\/www.truzzer.com\/da\/#organization","name":"truzzer","url":"https:\/\/www.truzzer.com\/da\/","logo":{"@type":"ImageObject","inLanguage":"da-DK","@id":"https:\/\/www.truzzer.com\/da\/#\/schema\/logo\/image\/","url":"https:\/\/truzzer.com\/wp-content\/uploads\/2026\/01\/truzzer-logo-black-1.svg","contentUrl":"https:\/\/truzzer.com\/wp-content\/uploads\/2026\/01\/truzzer-logo-black-1.svg","width":938,"height":199,"caption":"truzzer"},"image":{"@id":"https:\/\/www.truzzer.com\/da\/#\/schema\/logo\/image\/"}}]}},"tiered_pricing_type":"fixed","tiered_pricing_fixed_rules":[],"tiered_pricing_product_settings":{"layout":"default","base_unit_name":{"singular":null,"plural":null},"default_variation":null},"tiered_pricing_minimum_quantity":null,"tiered_pricing_roles_data":[],"tiered_pricing_percentage_rules":[],"tiered_pricing_maximum_quantity":null,"tiered_pricing_quantity_step":null,"_links":{"self":[{"href":"https:\/\/www.truzzer.com\/da\/wp-json\/wp\/v2\/product\/100806","targetHints":{"allow":["GET"]}}],"collection":[{"href":"https:\/\/www.truzzer.com\/da\/wp-json\/wp\/v2\/product"}],"about":[{"href":"https:\/\/www.truzzer.com\/da\/wp-json\/wp\/v2\/types\/product"}],"replies":[{"embeddable":true,"href":"https:\/\/www.truzzer.com\/da\/wp-json\/wp\/v2\/comments?post=100806"}],"wp:featuredmedia":[{"embeddable":true,"href":"https:\/\/www.truzzer.com\/da\/wp-json\/wp\/v2\/media\/100815"}],"wp:attachment":[{"href":"https:\/\/www.truzzer.com\/da\/wp-json\/wp\/v2\/media?parent=100806"}],"wp:term":[{"taxonomy":"product_brand","embeddable":true,"href":"https:\/\/www.truzzer.com\/da\/wp-json\/wp\/v2\/product_brand?post=100806"},{"taxonomy":"product_cat","embeddable":true,"href":"https:\/\/www.truzzer.com\/da\/wp-json\/wp\/v2\/product_cat?post=100806"},{"taxonomy":"product_tag","embeddable":true,"href":"https:\/\/www.truzzer.com\/da\/wp-json\/wp\/v2\/product_tag?post=100806"}],"curies":[{"name":"wp","href":"https:\/\/api.w.org\/{rel}","templated":true}]}}