{"id":100827,"date":"2026-02-01T20:00:29","date_gmt":"2026-02-01T20:00:29","guid":{"rendered":"https:\/\/beta.truzzer.com\/product\/review-us-on-tripadvisor-hotel-door-hanger-with-tripadvisor-review-qr-code\/"},"modified":"2026-02-13T08:01:07","modified_gmt":"2026-02-13T08:01:07","slug":"review-us-on-tripadvisor-hotel-door-hanger-with-tripadvisor-review-qr-code","status":"publish","type":"product","link":"https:\/\/www.truzzer.com\/da\/vare\/review-us-on-tripadvisor-hotel-door-hanger-with-tripadvisor-review-qr-code\/","title":{"rendered":"Anmeld os om TripAdvisor hotel d\u00f8rb\u00f8jle med TripAdvisor anmeldelse QR kode"},"content":{"rendered":"<h2>Simpel l\u00f8sning til at generere flere TripAdvisor-anmeldelser til dit hotel<\/h2>\n<p>For hotelbranchen er g\u00e6steanmeldelser en af de mest indflydelsesrige faktorer, der bidrager til bookingbeslutninger \u2013 is\u00e6r anmeldelser p\u00e5 TripAdvisor.<br \/>\nMed vores &#8220;Anmeld os p\u00e5 TripAdvisor &#8221; d\u00f8rb\u00f8jler designet til hoteller g\u00f8r vi det nemt for hotelvirksomheder hurtigt og ubesv\u00e6ret at indsamle adskillige TripAdvisor anmeldelser.<br \/>\nProcessen er utrolig ligetil, og animationen til gennemgang p\u00e5 stedet sikrer, at g\u00e6sterne ikke glemmer at anmelde dit hotel efter deres ophold.<br \/>\nTripAdvisor gennemgangsd\u00f8rh\u00e6ngere kan personligg\u00f8res med dit logo.<\/p>\n","protected":false},"excerpt":{"rendered":"<h2>D\u00f8rb\u00f8jler til TripAdvisor-anmeldelser<\/h2>\n<p>G\u00f8r det nemt for dine hotelg\u00e6ster at anmelde dit hotel p\u00e5 TripAdvisor med d\u00f8rb\u00f8jlerne til TripAdvisor anmeldelser fra Truzzer!<br \/>\nD\u00f8rb\u00f8jlerne forenkler processen med at anmelde dit hotel direkte ved at have et QR-kodelink, der f\u00f8rer dig direkte til anmeldelsesformularen for din TripAdvisor-fortegnelse.<br \/>\nForsiden indeholder en opfordring til handling, der opfordrer dine g\u00e6ster til at anmelde os p\u00e5 TripAdvisor.<br \/>\nP\u00e5 bagsiden finder du QR-koden sammen med en kort forklaring p\u00e5, hvordan gennemgangsprocessen fungerer.<br \/>\nTag det n\u00e6ste skridt i omd\u00f8mmemarkedsf\u00f8ring med &#8220;Anmeld os p\u00e5 TripAdvisor&#8221; d\u00f8rb\u00f8jler til hoteller!<\/p>\n","protected":false},"featured_media":100831,"comment_status":"open","ping_status":"closed","template":"","meta":{"_acf_changed":false,"_yoast_wpseo_focuskw":"TripAdvisor Anmeldelse D\u00f8rh\u00e6nger","_yoast_wpseo_title":"Review us on TripAdvisor hotel door hanger with... | truzzer","_yoast_wpseo_metadesc":"Flere TripAdvisor-anmeldelser med Review us on TripAdvisor hotel door hanger with TripAdvisor review QR code fra truzzer. Nem ops\u00e6tning. Bestil nu!"},"product_brand":[1686],"product_cat":[1517,466,1525,1524],"product_tag":[],"class_list":{"0":"post-100827","1":"product","2":"type-product","3":"status-publish","4":"has-post-thumbnail","6":"product_brand-tripadvisor","7":"product_cat-qr-kode-dorhaengere","8":"product_cat-qr-kode-produkter","9":"product_cat-tripadvisor-anmeldelser-anmeldelseskort","10":"product_cat-tripadvisor-anmeldelser-produkter","11":"pa_industry-bureau-radgivning","12":"pa_industry-ejendom-goed","13":"pa_industry-lokale-diensten","14":"pa_material-karton","15":"pa_placement-balie-receptie","16":"pa_placement-brochure","17":"pa_placement-portemonnee-persoonlijk","18":"pa_product-type-door-hangers","19":"pa_technology-qr-code","21":"first","22":"instock","23":"taxable","24":"shipping-taxable","25":"purchasable","26":"product-type-simple"},"acf":[],"yoast_head":"<!-- This site is optimized with the Yoast SEO plugin v27.0 - https:\/\/yoast.com\/product\/yoast-seo-wordpress\/ -->\n<title>Review us on TripAdvisor hotel door hanger with... | truzzer<\/title>\n<meta name=\"description\" content=\"Flere TripAdvisor-anmeldelser med Review us on TripAdvisor hotel door hanger with TripAdvisor review QR code fra truzzer. Nem ops\u00e6tning. Bestil nu!\" \/>\n<meta name=\"robots\" content=\"index, follow, max-snippet:-1, max-image-preview:large, max-video-preview:-1\" \/>\n<link rel=\"canonical\" href=\"https:\/\/www.truzzer.com\/da\/vare\/review-us-on-tripadvisor-hotel-door-hanger-with-tripadvisor-review-qr-code\/\" \/>\n<meta property=\"og:locale\" content=\"da_DK\" \/>\n<meta property=\"og:type\" content=\"article\" \/>\n<meta property=\"og:title\" content=\"Review us on TripAdvisor hotel door hanger with... | truzzer\" \/>\n<meta property=\"og:description\" content=\"Flere TripAdvisor-anmeldelser med Review us on TripAdvisor hotel door hanger with TripAdvisor review QR code fra truzzer. Nem ops\u00e6tning. Bestil nu!\" \/>\n<meta property=\"og:url\" content=\"https:\/\/www.truzzer.com\/da\/vare\/review-us-on-tripadvisor-hotel-door-hanger-with-tripadvisor-review-qr-code\/\" \/>\n<meta property=\"og:site_name\" content=\"truzzer\" \/>\n<meta property=\"article:modified_time\" content=\"2026-02-13T08:01:07+00:00\" \/>\n<meta property=\"og:image\" content=\"https:\/\/www.truzzer.com\/wp-content\/uploads\/2026\/02\/tripadvisor-review-door-hanger-for-hotels-truzzer-s-1.jpg\" \/>\n\t<meta property=\"og:image:width\" content=\"1200\" \/>\n\t<meta property=\"og:image:height\" content=\"1200\" \/>\n\t<meta property=\"og:image:type\" content=\"image\/jpeg\" \/>\n<meta name=\"twitter:card\" content=\"summary_large_image\" \/>\n<script type=\"application\/ld+json\" class=\"yoast-schema-graph\">{\"@context\":\"https:\/\/schema.org\",\"@graph\":[{\"@type\":\"WebPage\",\"@id\":\"https:\/\/www.truzzer.com\/da\/vare\/review-us-on-tripadvisor-hotel-door-hanger-with-tripadvisor-review-qr-code\/\",\"url\":\"https:\/\/www.truzzer.com\/da\/vare\/review-us-on-tripadvisor-hotel-door-hanger-with-tripadvisor-review-qr-code\/\",\"name\":\"Review us on TripAdvisor hotel door hanger with... | truzzer\",\"isPartOf\":{\"@id\":\"https:\/\/www.truzzer.com\/da\/#website\"},\"primaryImageOfPage\":{\"@id\":\"https:\/\/www.truzzer.com\/da\/vare\/review-us-on-tripadvisor-hotel-door-hanger-with-tripadvisor-review-qr-code\/#primaryimage\"},\"image\":{\"@id\":\"https:\/\/www.truzzer.com\/da\/vare\/review-us-on-tripadvisor-hotel-door-hanger-with-tripadvisor-review-qr-code\/#primaryimage\"},\"thumbnailUrl\":\"https:\/\/www.truzzer.com\/wp-content\/uploads\/2026\/02\/tripadvisor-review-door-hanger-for-hotels-truzzer-s-1.jpg\",\"datePublished\":\"2026-02-01T20:00:29+00:00\",\"dateModified\":\"2026-02-13T08:01:07+00:00\",\"description\":\"Flere TripAdvisor-anmeldelser med Review us on TripAdvisor hotel door hanger with TripAdvisor review QR code fra truzzer. Nem ops\u00e6tning. Bestil nu!\",\"breadcrumb\":{\"@id\":\"https:\/\/www.truzzer.com\/da\/vare\/review-us-on-tripadvisor-hotel-door-hanger-with-tripadvisor-review-qr-code\/#breadcrumb\"},\"inLanguage\":\"da-DK\",\"potentialAction\":[{\"@type\":\"ReadAction\",\"target\":[\"https:\/\/www.truzzer.com\/da\/vare\/review-us-on-tripadvisor-hotel-door-hanger-with-tripadvisor-review-qr-code\/\"]}]},{\"@type\":\"ImageObject\",\"inLanguage\":\"da-DK\",\"@id\":\"https:\/\/www.truzzer.com\/da\/vare\/review-us-on-tripadvisor-hotel-door-hanger-with-tripadvisor-review-qr-code\/#primaryimage\",\"url\":\"https:\/\/www.truzzer.com\/wp-content\/uploads\/2026\/02\/tripadvisor-review-door-hanger-for-hotels-truzzer-s-1.jpg\",\"contentUrl\":\"https:\/\/www.truzzer.com\/wp-content\/uploads\/2026\/02\/tripadvisor-review-door-hanger-for-hotels-truzzer-s-1.jpg\",\"width\":1200,\"height\":1200},{\"@type\":\"BreadcrumbList\",\"@id\":\"https:\/\/www.truzzer.com\/da\/vare\/review-us-on-tripadvisor-hotel-door-hanger-with-tripadvisor-review-qr-code\/#breadcrumb\",\"itemListElement\":[{\"@type\":\"ListItem\",\"position\":1,\"name\":\"Home\",\"item\":\"https:\/\/www.truzzer.com\/da\/\"},{\"@type\":\"ListItem\",\"position\":2,\"name\":\"Butik\",\"item\":\"https:\/\/www.truzzer.com\/da\/shop\/\"},{\"@type\":\"ListItem\",\"position\":3,\"name\":\"Anmeld os om TripAdvisor hotel d\u00f8rb\u00f8jle med TripAdvisor anmeldelse QR kode\"}]},{\"@type\":\"WebSite\",\"@id\":\"https:\/\/www.truzzer.com\/da\/#website\",\"url\":\"https:\/\/www.truzzer.com\/da\/\",\"name\":\"truzzer\",\"description\":\"Experts for customer trust\",\"publisher\":{\"@id\":\"https:\/\/www.truzzer.com\/da\/#organization\"},\"potentialAction\":[{\"@type\":\"SearchAction\",\"target\":{\"@type\":\"EntryPoint\",\"urlTemplate\":\"https:\/\/www.truzzer.com\/da\/?s={search_term_string}\"},\"query-input\":{\"@type\":\"PropertyValueSpecification\",\"valueRequired\":true,\"valueName\":\"search_term_string\"}}],\"inLanguage\":\"da-DK\"},{\"@type\":\"Organization\",\"@id\":\"https:\/\/www.truzzer.com\/da\/#organization\",\"name\":\"truzzer\",\"url\":\"https:\/\/www.truzzer.com\/da\/\",\"logo\":{\"@type\":\"ImageObject\",\"inLanguage\":\"da-DK\",\"@id\":\"https:\/\/www.truzzer.com\/da\/#\/schema\/logo\/image\/\",\"url\":\"https:\/\/truzzer.com\/wp-content\/uploads\/2026\/01\/truzzer-logo-black-1.svg\",\"contentUrl\":\"https:\/\/truzzer.com\/wp-content\/uploads\/2026\/01\/truzzer-logo-black-1.svg\",\"width\":938,\"height\":199,\"caption\":\"truzzer\"},\"image\":{\"@id\":\"https:\/\/www.truzzer.com\/da\/#\/schema\/logo\/image\/\"}}]}<\/script>\n<!-- \/ Yoast SEO plugin. -->","yoast_head_json":{"title":"Review us on TripAdvisor hotel door hanger with... | truzzer","description":"Flere TripAdvisor-anmeldelser med Review us on TripAdvisor hotel door hanger with TripAdvisor review QR code fra truzzer. Nem ops\u00e6tning. Bestil nu!","robots":{"index":"index","follow":"follow","max-snippet":"max-snippet:-1","max-image-preview":"max-image-preview:large","max-video-preview":"max-video-preview:-1"},"canonical":"https:\/\/www.truzzer.com\/da\/vare\/review-us-on-tripadvisor-hotel-door-hanger-with-tripadvisor-review-qr-code\/","og_locale":"da_DK","og_type":"article","og_title":"Review us on TripAdvisor hotel door hanger with... | truzzer","og_description":"Flere TripAdvisor-anmeldelser med Review us on TripAdvisor hotel door hanger with TripAdvisor review QR code fra truzzer. Nem ops\u00e6tning. Bestil nu!","og_url":"https:\/\/www.truzzer.com\/da\/vare\/review-us-on-tripadvisor-hotel-door-hanger-with-tripadvisor-review-qr-code\/","og_site_name":"truzzer","article_modified_time":"2026-02-13T08:01:07+00:00","og_image":[{"width":1200,"height":1200,"url":"https:\/\/www.truzzer.com\/wp-content\/uploads\/2026\/02\/tripadvisor-review-door-hanger-for-hotels-truzzer-s-1.jpg","type":"image\/jpeg"}],"twitter_card":"summary_large_image","schema":{"@context":"https:\/\/schema.org","@graph":[{"@type":"WebPage","@id":"https:\/\/www.truzzer.com\/da\/vare\/review-us-on-tripadvisor-hotel-door-hanger-with-tripadvisor-review-qr-code\/","url":"https:\/\/www.truzzer.com\/da\/vare\/review-us-on-tripadvisor-hotel-door-hanger-with-tripadvisor-review-qr-code\/","name":"Review us on TripAdvisor hotel door hanger with... | truzzer","isPartOf":{"@id":"https:\/\/www.truzzer.com\/da\/#website"},"primaryImageOfPage":{"@id":"https:\/\/www.truzzer.com\/da\/vare\/review-us-on-tripadvisor-hotel-door-hanger-with-tripadvisor-review-qr-code\/#primaryimage"},"image":{"@id":"https:\/\/www.truzzer.com\/da\/vare\/review-us-on-tripadvisor-hotel-door-hanger-with-tripadvisor-review-qr-code\/#primaryimage"},"thumbnailUrl":"https:\/\/www.truzzer.com\/wp-content\/uploads\/2026\/02\/tripadvisor-review-door-hanger-for-hotels-truzzer-s-1.jpg","datePublished":"2026-02-01T20:00:29+00:00","dateModified":"2026-02-13T08:01:07+00:00","description":"Flere TripAdvisor-anmeldelser med Review us on TripAdvisor hotel door hanger with TripAdvisor review QR code fra truzzer. Nem ops\u00e6tning. Bestil nu!","breadcrumb":{"@id":"https:\/\/www.truzzer.com\/da\/vare\/review-us-on-tripadvisor-hotel-door-hanger-with-tripadvisor-review-qr-code\/#breadcrumb"},"inLanguage":"da-DK","potentialAction":[{"@type":"ReadAction","target":["https:\/\/www.truzzer.com\/da\/vare\/review-us-on-tripadvisor-hotel-door-hanger-with-tripadvisor-review-qr-code\/"]}]},{"@type":"ImageObject","inLanguage":"da-DK","@id":"https:\/\/www.truzzer.com\/da\/vare\/review-us-on-tripadvisor-hotel-door-hanger-with-tripadvisor-review-qr-code\/#primaryimage","url":"https:\/\/www.truzzer.com\/wp-content\/uploads\/2026\/02\/tripadvisor-review-door-hanger-for-hotels-truzzer-s-1.jpg","contentUrl":"https:\/\/www.truzzer.com\/wp-content\/uploads\/2026\/02\/tripadvisor-review-door-hanger-for-hotels-truzzer-s-1.jpg","width":1200,"height":1200},{"@type":"BreadcrumbList","@id":"https:\/\/www.truzzer.com\/da\/vare\/review-us-on-tripadvisor-hotel-door-hanger-with-tripadvisor-review-qr-code\/#breadcrumb","itemListElement":[{"@type":"ListItem","position":1,"name":"Home","item":"https:\/\/www.truzzer.com\/da\/"},{"@type":"ListItem","position":2,"name":"Butik","item":"https:\/\/www.truzzer.com\/da\/shop\/"},{"@type":"ListItem","position":3,"name":"Anmeld os om TripAdvisor hotel d\u00f8rb\u00f8jle med TripAdvisor anmeldelse QR kode"}]},{"@type":"WebSite","@id":"https:\/\/www.truzzer.com\/da\/#website","url":"https:\/\/www.truzzer.com\/da\/","name":"truzzer","description":"Experts for customer trust","publisher":{"@id":"https:\/\/www.truzzer.com\/da\/#organization"},"potentialAction":[{"@type":"SearchAction","target":{"@type":"EntryPoint","urlTemplate":"https:\/\/www.truzzer.com\/da\/?s={search_term_string}"},"query-input":{"@type":"PropertyValueSpecification","valueRequired":true,"valueName":"search_term_string"}}],"inLanguage":"da-DK"},{"@type":"Organization","@id":"https:\/\/www.truzzer.com\/da\/#organization","name":"truzzer","url":"https:\/\/www.truzzer.com\/da\/","logo":{"@type":"ImageObject","inLanguage":"da-DK","@id":"https:\/\/www.truzzer.com\/da\/#\/schema\/logo\/image\/","url":"https:\/\/truzzer.com\/wp-content\/uploads\/2026\/01\/truzzer-logo-black-1.svg","contentUrl":"https:\/\/truzzer.com\/wp-content\/uploads\/2026\/01\/truzzer-logo-black-1.svg","width":938,"height":199,"caption":"truzzer"},"image":{"@id":"https:\/\/www.truzzer.com\/da\/#\/schema\/logo\/image\/"}}]}},"tiered_pricing_type":"fixed","tiered_pricing_fixed_rules":[],"tiered_pricing_product_settings":{"layout":"default","base_unit_name":{"singular":null,"plural":null},"default_variation":null},"tiered_pricing_minimum_quantity":null,"tiered_pricing_roles_data":[],"tiered_pricing_percentage_rules":[],"tiered_pricing_maximum_quantity":null,"tiered_pricing_quantity_step":null,"_links":{"self":[{"href":"https:\/\/www.truzzer.com\/da\/wp-json\/wp\/v2\/product\/100827","targetHints":{"allow":["GET"]}}],"collection":[{"href":"https:\/\/www.truzzer.com\/da\/wp-json\/wp\/v2\/product"}],"about":[{"href":"https:\/\/www.truzzer.com\/da\/wp-json\/wp\/v2\/types\/product"}],"replies":[{"embeddable":true,"href":"https:\/\/www.truzzer.com\/da\/wp-json\/wp\/v2\/comments?post=100827"}],"wp:featuredmedia":[{"embeddable":true,"href":"https:\/\/www.truzzer.com\/da\/wp-json\/wp\/v2\/media\/100831"}],"wp:attachment":[{"href":"https:\/\/www.truzzer.com\/da\/wp-json\/wp\/v2\/media?parent=100827"}],"wp:term":[{"taxonomy":"product_brand","embeddable":true,"href":"https:\/\/www.truzzer.com\/da\/wp-json\/wp\/v2\/product_brand?post=100827"},{"taxonomy":"product_cat","embeddable":true,"href":"https:\/\/www.truzzer.com\/da\/wp-json\/wp\/v2\/product_cat?post=100827"},{"taxonomy":"product_tag","embeddable":true,"href":"https:\/\/www.truzzer.com\/da\/wp-json\/wp\/v2\/product_tag?post=100827"}],"curies":[{"name":"wp","href":"https:\/\/api.w.org\/{rel}","templated":true}]}}