{"id":100840,"date":"2026-02-01T20:00:21","date_gmt":"2026-02-01T20:00:21","guid":{"rendered":"https:\/\/beta.truzzer.com\/product\/follow-us-on-tiktok-nfc-business-card-tap\/"},"modified":"2026-02-13T08:02:22","modified_gmt":"2026-02-13T08:02:22","slug":"follow-us-on-tiktok-nfc-business-card-tap","status":"publish","type":"product","link":"https:\/\/www.truzzer.com\/da\/vare\/follow-us-on-tiktok-nfc-business-card-tap\/","title":{"rendered":"F\u00f8lg os p\u00e5 TikTOk NFC visitkort &#8220;Tap&#8221;"},"content":{"rendered":"<p>Sociale medier er blevet en vigtig del af vores daglige liv. TikTok er en af \u200b\u200bde mest brugte platforme med over en milliard aktive brugere verden over. At have en tilstedev\u00e6relse p\u00e5 TikTok er afg\u00f8rende for, at virksomheder kan opn\u00e5 st\u00f8rre r\u00e6kkevidde og synlighed. En m\u00e5de at opn\u00e5 dette p\u00e5 er ved at bruge anbefalede F\u00f8lg os p\u00e5 TikTok NFC-kort.<\/p>\n<p>Disse NFC-kort er en effektiv m\u00e5de at f\u00e5 dine kunder til at f\u00f8lge din TikTok-konto. Kortene kan nemt placeres p\u00e5 borde eller diske, s\u00e5 kunderne kan se dem. Hvis en kunde har en NFC-aktiveret smartphone, kan de blot holde telefonen op til kortet, og de vil blive f\u00f8rt direkte til din TikTok-profil uden at skulle sl\u00e5 den op manuelt. Dette er en nem og bekvem m\u00e5de for kunder at f\u00f8lge dig p\u00e5 TikTok.<\/p>\n<p>Men hvad hvis kunden ikke har en NFC-aktiveret smartphone? Intet problem. Hvert kort indeholder ogs\u00e5 en QR-kode, som kunden blot kan scanne med sin smartphone for at blive omdirigeret til din TikTok-profil. Dette er en fantastisk mulighed for kunder, der ikke har en NFC-aktiveret smartphone eller ikke \u00f8nsker at bruge NFC-funktionen.<\/p>\n<p>Ved at bruge anbefalede F\u00f8lg os p\u00e5 TikTok NFC-kort kan virksomheder hurtigt og nemt f\u00e5 flere f\u00f8lgere p\u00e5 TikTok. Disse kort tilbyder en praktisk og effektiv m\u00e5de at booste din tilstedev\u00e6relse p\u00e5 sociale medier og \u00f8ge din r\u00e6kkevidde. Derudover er de nemme at implementere og kr\u00e6ver ingen speciel teknisk viden.<\/p>\n<p>Samlet set er det at bruge anbefalede F\u00f8lg os p\u00e5 TikTok NFC-kort en fantastisk m\u00e5de for virksomheder at \u00f8ge deres tilstedev\u00e6relse p\u00e5 sociale medier og f\u00e5 flere f\u00f8lgere p\u00e5 TikTok. Inkorporering af NFC-teknologi i din marketingstrategi kan hj\u00e6lpe din virksomhed med at skille sig ud fra konkurrenterne og tiltr\u00e6kke flere kunder.<\/p>\n<p>&nbsp;<\/p>\n","protected":false},"excerpt":{"rendered":"<h2>Vind TikTok-tilh\u00e6ngere med NFC-kort!<\/h2>\n<p><strong>Det har aldrig v\u00e6ret nemmere at konvertere kunder til TikTok-f\u00f8lgere!<\/strong><br \/>\nMed de kontaktl\u00f8se TikTok NFC-kort kan du nemt vinde nye TikTok-tilh\u00e6ngere direkte p\u00e5 stedet.<br \/>\nMed deres fede design v\u00e6kker TikTok NFC-kortene kundernes interesse, og call-to-action opfordrer dine kunder til at f\u00f8lge dig p\u00e5 TikTok.<\/p>\n<p>Alt dine kunder skal g\u00f8re er at holde deres smartphone i n\u00e6rheden af kortet, og en pop-up \u00e5bnes p\u00e5 deres telefon, som f\u00f8rer direkte til din TikTok-profil!<\/p>\n<p>Hvis kundens smartphone ikke har en NFC-funktion, er der en alternativ QR-kode p\u00e5 udstilleren, som kan scannes direkte med smartphone-kameraet <strong>&#8211; i begge tilf\u00e6lde er det ikke n\u00f8dvendigt med en separat app!<\/strong><\/p>\n<h3><strong>S\u00e5dan hj\u00e6lper NFC-kortene dig med at f\u00e5 flere f\u00f8lgere<br \/>\n<\/strong><\/h3>\n<p>&nbsp;<\/p>\n<ul>\n<li>Ingen akavede sp\u00f8rgsm\u00e5l &amp; Anmodning. <strong>Call-to-action<\/strong> opfordrer dine kunder til at f\u00f8lge dig<\/li>\n<li>Glem det ikke, for kunderne vil blive gjort opm\u00e6rksomme p\u00e5 din TikTok-profil<\/li>\n<li>Ingen s\u00f8gning og ingen problemer: <strong>NFC-linket og TikTok QR-koden f\u00f8rer direkte til din profil<\/strong>(vi opretter dette til dig)<strong><br \/>\n<\/strong><\/li>\n<li><strong>Tilg\u00e6ngelig<\/strong>: NFC-kortene g\u00f8r din TikTok-profil h\u00e5ndgribelig.<\/li>\n<li>Der kr\u00e6ves ingen ekstra app.<\/li>\n<li>B\u00f8jefang: moderne design<\/li>\n<\/ul>\n<p><strong>Vi opretter og linker NFC-linket og QR-koden til din TikTok-profil for dig!<\/strong><strong><br \/>\n<\/strong><\/p>\n","protected":false},"featured_media":100844,"comment_status":"open","ping_status":"closed","template":"","meta":{"_acf_changed":false,"_yoast_wpseo_focuskw":"TikTok QR-kode NFC Kort","_yoast_wpseo_title":"Follow Us On TikTOk NFC Business Card \u201cTap\u201d | truzzer","_yoast_wpseo_metadesc":"\u00d8g din TikTok-r\u00e6kkevidde med Follow Us On TikTOk NFC Business Card \u201cTap\u201d fra truzzer. Nem ops\u00e6tning, klar til brug. Bestil nu!"},"product_brand":[1681],"product_cat":[552,553,618,1128,1528],"product_tag":[],"class_list":{"0":"post-100840","1":"product","2":"type-product","3":"status-publish","4":"has-post-thumbnail","6":"product_brand-tiktok","7":"product_cat-nfc-produkter","8":"product_cat-nfc-visitkort","9":"product_cat-tiktok-folgere-produkter","10":"product_cat-tiktok-folgere-visitkort","11":"product_cat-tiktok-folgere-visitkort-med-nfc","12":"pa_industry-bureau-radgivning","13":"pa_industry-ejendom-goed","14":"pa_industry-lokale-diensten","15":"pa_material-plastic","16":"pa_orientation-portrett","17":"pa_placement-balie-receptie","18":"pa_placement-brochure","19":"pa_placement-portemonnee-persoonlijk","20":"pa_product-type-visitekaartjes","21":"pa_shape-rechthoek","22":"pa_technology-nfc","23":"pa_technology-qr-nfc","25":"first","26":"instock","27":"taxable","28":"shipping-taxable","29":"purchasable","30":"product-type-simple"},"acf":[],"yoast_head":"<!-- This site is optimized with the Yoast SEO plugin v27.0 - https:\/\/yoast.com\/product\/yoast-seo-wordpress\/ -->\n<title>Follow Us On TikTOk NFC Business Card \u201cTap\u201d | truzzer<\/title>\n<meta name=\"description\" content=\"\u00d8g din TikTok-r\u00e6kkevidde med Follow Us On TikTOk NFC Business Card \u201cTap\u201d fra truzzer. Nem ops\u00e6tning, klar til brug. Bestil nu!\" \/>\n<meta name=\"robots\" content=\"index, follow, max-snippet:-1, max-image-preview:large, max-video-preview:-1\" \/>\n<link rel=\"canonical\" href=\"https:\/\/www.truzzer.com\/da\/vare\/follow-us-on-tiktok-nfc-business-card-tap\/\" \/>\n<meta property=\"og:locale\" content=\"da_DK\" \/>\n<meta property=\"og:type\" content=\"article\" \/>\n<meta property=\"og:title\" content=\"Follow Us On TikTOk NFC Business Card \u201cTap\u201d | truzzer\" \/>\n<meta property=\"og:description\" content=\"\u00d8g din TikTok-r\u00e6kkevidde med Follow Us On TikTOk NFC Business Card \u201cTap\u201d fra truzzer. Nem ops\u00e6tning, klar til brug. Bestil nu!\" \/>\n<meta property=\"og:url\" content=\"https:\/\/www.truzzer.com\/da\/vare\/follow-us-on-tiktok-nfc-business-card-tap\/\" \/>\n<meta property=\"og:site_name\" content=\"truzzer\" \/>\n<meta property=\"article:modified_time\" content=\"2026-02-13T08:02:22+00:00\" \/>\n<meta property=\"og:image\" content=\"https:\/\/www.truzzer.com\/wp-content\/uploads\/2026\/02\/tiktok-nfc-follower-card-truzzer-1.jpg\" \/>\n\t<meta property=\"og:image:width\" content=\"1200\" \/>\n\t<meta property=\"og:image:height\" content=\"1200\" \/>\n\t<meta property=\"og:image:type\" content=\"image\/jpeg\" \/>\n<meta name=\"twitter:card\" content=\"summary_large_image\" \/>\n<meta name=\"twitter:label1\" content=\"Estimeret l\u00e6setid\" \/>\n\t<meta name=\"twitter:data1\" content=\"2 minutter\" \/>\n<script type=\"application\/ld+json\" class=\"yoast-schema-graph\">{\"@context\":\"https:\/\/schema.org\",\"@graph\":[{\"@type\":\"WebPage\",\"@id\":\"https:\/\/www.truzzer.com\/da\/vare\/follow-us-on-tiktok-nfc-business-card-tap\/\",\"url\":\"https:\/\/www.truzzer.com\/da\/vare\/follow-us-on-tiktok-nfc-business-card-tap\/\",\"name\":\"Follow Us On TikTOk NFC Business Card \u201cTap\u201d | truzzer\",\"isPartOf\":{\"@id\":\"https:\/\/www.truzzer.com\/da\/#website\"},\"primaryImageOfPage\":{\"@id\":\"https:\/\/www.truzzer.com\/da\/vare\/follow-us-on-tiktok-nfc-business-card-tap\/#primaryimage\"},\"image\":{\"@id\":\"https:\/\/www.truzzer.com\/da\/vare\/follow-us-on-tiktok-nfc-business-card-tap\/#primaryimage\"},\"thumbnailUrl\":\"https:\/\/www.truzzer.com\/wp-content\/uploads\/2026\/02\/tiktok-nfc-follower-card-truzzer-1.jpg\",\"datePublished\":\"2026-02-01T20:00:21+00:00\",\"dateModified\":\"2026-02-13T08:02:22+00:00\",\"description\":\"\u00d8g din TikTok-r\u00e6kkevidde med Follow Us On TikTOk NFC Business Card \u201cTap\u201d fra truzzer. Nem ops\u00e6tning, klar til brug. Bestil nu!\",\"breadcrumb\":{\"@id\":\"https:\/\/www.truzzer.com\/da\/vare\/follow-us-on-tiktok-nfc-business-card-tap\/#breadcrumb\"},\"inLanguage\":\"da-DK\",\"potentialAction\":[{\"@type\":\"ReadAction\",\"target\":[\"https:\/\/www.truzzer.com\/da\/vare\/follow-us-on-tiktok-nfc-business-card-tap\/\"]}]},{\"@type\":\"ImageObject\",\"inLanguage\":\"da-DK\",\"@id\":\"https:\/\/www.truzzer.com\/da\/vare\/follow-us-on-tiktok-nfc-business-card-tap\/#primaryimage\",\"url\":\"https:\/\/www.truzzer.com\/wp-content\/uploads\/2026\/02\/tiktok-nfc-follower-card-truzzer-1.jpg\",\"contentUrl\":\"https:\/\/www.truzzer.com\/wp-content\/uploads\/2026\/02\/tiktok-nfc-follower-card-truzzer-1.jpg\",\"width\":1200,\"height\":1200},{\"@type\":\"BreadcrumbList\",\"@id\":\"https:\/\/www.truzzer.com\/da\/vare\/follow-us-on-tiktok-nfc-business-card-tap\/#breadcrumb\",\"itemListElement\":[{\"@type\":\"ListItem\",\"position\":1,\"name\":\"Home\",\"item\":\"https:\/\/www.truzzer.com\/da\/\"},{\"@type\":\"ListItem\",\"position\":2,\"name\":\"Butik\",\"item\":\"https:\/\/www.truzzer.com\/da\/shop\/\"},{\"@type\":\"ListItem\",\"position\":3,\"name\":\"F\u00f8lg os p\u00e5 TikTOk NFC visitkort &#8220;Tap&#8221;\"}]},{\"@type\":\"WebSite\",\"@id\":\"https:\/\/www.truzzer.com\/da\/#website\",\"url\":\"https:\/\/www.truzzer.com\/da\/\",\"name\":\"truzzer\",\"description\":\"Experts for customer trust\",\"publisher\":{\"@id\":\"https:\/\/www.truzzer.com\/da\/#organization\"},\"potentialAction\":[{\"@type\":\"SearchAction\",\"target\":{\"@type\":\"EntryPoint\",\"urlTemplate\":\"https:\/\/www.truzzer.com\/da\/?s={search_term_string}\"},\"query-input\":{\"@type\":\"PropertyValueSpecification\",\"valueRequired\":true,\"valueName\":\"search_term_string\"}}],\"inLanguage\":\"da-DK\"},{\"@type\":\"Organization\",\"@id\":\"https:\/\/www.truzzer.com\/da\/#organization\",\"name\":\"truzzer\",\"url\":\"https:\/\/www.truzzer.com\/da\/\",\"logo\":{\"@type\":\"ImageObject\",\"inLanguage\":\"da-DK\",\"@id\":\"https:\/\/www.truzzer.com\/da\/#\/schema\/logo\/image\/\",\"url\":\"https:\/\/truzzer.com\/wp-content\/uploads\/2026\/01\/truzzer-logo-black-1.svg\",\"contentUrl\":\"https:\/\/truzzer.com\/wp-content\/uploads\/2026\/01\/truzzer-logo-black-1.svg\",\"width\":938,\"height\":199,\"caption\":\"truzzer\"},\"image\":{\"@id\":\"https:\/\/www.truzzer.com\/da\/#\/schema\/logo\/image\/\"}}]}<\/script>\n<!-- \/ Yoast SEO plugin. -->","yoast_head_json":{"title":"Follow Us On TikTOk NFC Business Card \u201cTap\u201d | truzzer","description":"\u00d8g din TikTok-r\u00e6kkevidde med Follow Us On TikTOk NFC Business Card \u201cTap\u201d fra truzzer. Nem ops\u00e6tning, klar til brug. Bestil nu!","robots":{"index":"index","follow":"follow","max-snippet":"max-snippet:-1","max-image-preview":"max-image-preview:large","max-video-preview":"max-video-preview:-1"},"canonical":"https:\/\/www.truzzer.com\/da\/vare\/follow-us-on-tiktok-nfc-business-card-tap\/","og_locale":"da_DK","og_type":"article","og_title":"Follow Us On TikTOk NFC Business Card \u201cTap\u201d | truzzer","og_description":"\u00d8g din TikTok-r\u00e6kkevidde med Follow Us On TikTOk NFC Business Card \u201cTap\u201d fra truzzer. Nem ops\u00e6tning, klar til brug. Bestil nu!","og_url":"https:\/\/www.truzzer.com\/da\/vare\/follow-us-on-tiktok-nfc-business-card-tap\/","og_site_name":"truzzer","article_modified_time":"2026-02-13T08:02:22+00:00","og_image":[{"width":1200,"height":1200,"url":"https:\/\/www.truzzer.com\/wp-content\/uploads\/2026\/02\/tiktok-nfc-follower-card-truzzer-1.jpg","type":"image\/jpeg"}],"twitter_card":"summary_large_image","twitter_misc":{"Estimeret l\u00e6setid":"2 minutter"},"schema":{"@context":"https:\/\/schema.org","@graph":[{"@type":"WebPage","@id":"https:\/\/www.truzzer.com\/da\/vare\/follow-us-on-tiktok-nfc-business-card-tap\/","url":"https:\/\/www.truzzer.com\/da\/vare\/follow-us-on-tiktok-nfc-business-card-tap\/","name":"Follow Us On TikTOk NFC Business Card \u201cTap\u201d | truzzer","isPartOf":{"@id":"https:\/\/www.truzzer.com\/da\/#website"},"primaryImageOfPage":{"@id":"https:\/\/www.truzzer.com\/da\/vare\/follow-us-on-tiktok-nfc-business-card-tap\/#primaryimage"},"image":{"@id":"https:\/\/www.truzzer.com\/da\/vare\/follow-us-on-tiktok-nfc-business-card-tap\/#primaryimage"},"thumbnailUrl":"https:\/\/www.truzzer.com\/wp-content\/uploads\/2026\/02\/tiktok-nfc-follower-card-truzzer-1.jpg","datePublished":"2026-02-01T20:00:21+00:00","dateModified":"2026-02-13T08:02:22+00:00","description":"\u00d8g din TikTok-r\u00e6kkevidde med Follow Us On TikTOk NFC Business Card \u201cTap\u201d fra truzzer. Nem ops\u00e6tning, klar til brug. Bestil nu!","breadcrumb":{"@id":"https:\/\/www.truzzer.com\/da\/vare\/follow-us-on-tiktok-nfc-business-card-tap\/#breadcrumb"},"inLanguage":"da-DK","potentialAction":[{"@type":"ReadAction","target":["https:\/\/www.truzzer.com\/da\/vare\/follow-us-on-tiktok-nfc-business-card-tap\/"]}]},{"@type":"ImageObject","inLanguage":"da-DK","@id":"https:\/\/www.truzzer.com\/da\/vare\/follow-us-on-tiktok-nfc-business-card-tap\/#primaryimage","url":"https:\/\/www.truzzer.com\/wp-content\/uploads\/2026\/02\/tiktok-nfc-follower-card-truzzer-1.jpg","contentUrl":"https:\/\/www.truzzer.com\/wp-content\/uploads\/2026\/02\/tiktok-nfc-follower-card-truzzer-1.jpg","width":1200,"height":1200},{"@type":"BreadcrumbList","@id":"https:\/\/www.truzzer.com\/da\/vare\/follow-us-on-tiktok-nfc-business-card-tap\/#breadcrumb","itemListElement":[{"@type":"ListItem","position":1,"name":"Home","item":"https:\/\/www.truzzer.com\/da\/"},{"@type":"ListItem","position":2,"name":"Butik","item":"https:\/\/www.truzzer.com\/da\/shop\/"},{"@type":"ListItem","position":3,"name":"F\u00f8lg os p\u00e5 TikTOk NFC visitkort &#8220;Tap&#8221;"}]},{"@type":"WebSite","@id":"https:\/\/www.truzzer.com\/da\/#website","url":"https:\/\/www.truzzer.com\/da\/","name":"truzzer","description":"Experts for customer trust","publisher":{"@id":"https:\/\/www.truzzer.com\/da\/#organization"},"potentialAction":[{"@type":"SearchAction","target":{"@type":"EntryPoint","urlTemplate":"https:\/\/www.truzzer.com\/da\/?s={search_term_string}"},"query-input":{"@type":"PropertyValueSpecification","valueRequired":true,"valueName":"search_term_string"}}],"inLanguage":"da-DK"},{"@type":"Organization","@id":"https:\/\/www.truzzer.com\/da\/#organization","name":"truzzer","url":"https:\/\/www.truzzer.com\/da\/","logo":{"@type":"ImageObject","inLanguage":"da-DK","@id":"https:\/\/www.truzzer.com\/da\/#\/schema\/logo\/image\/","url":"https:\/\/truzzer.com\/wp-content\/uploads\/2026\/01\/truzzer-logo-black-1.svg","contentUrl":"https:\/\/truzzer.com\/wp-content\/uploads\/2026\/01\/truzzer-logo-black-1.svg","width":938,"height":199,"caption":"truzzer"},"image":{"@id":"https:\/\/www.truzzer.com\/da\/#\/schema\/logo\/image\/"}}]}},"tiered_pricing_type":"fixed","tiered_pricing_fixed_rules":[],"tiered_pricing_product_settings":{"layout":"default","base_unit_name":{"singular":null,"plural":null},"default_variation":null},"tiered_pricing_minimum_quantity":null,"tiered_pricing_roles_data":[],"tiered_pricing_percentage_rules":[],"tiered_pricing_maximum_quantity":null,"tiered_pricing_quantity_step":null,"_links":{"self":[{"href":"https:\/\/www.truzzer.com\/da\/wp-json\/wp\/v2\/product\/100840","targetHints":{"allow":["GET"]}}],"collection":[{"href":"https:\/\/www.truzzer.com\/da\/wp-json\/wp\/v2\/product"}],"about":[{"href":"https:\/\/www.truzzer.com\/da\/wp-json\/wp\/v2\/types\/product"}],"replies":[{"embeddable":true,"href":"https:\/\/www.truzzer.com\/da\/wp-json\/wp\/v2\/comments?post=100840"}],"wp:featuredmedia":[{"embeddable":true,"href":"https:\/\/www.truzzer.com\/da\/wp-json\/wp\/v2\/media\/100844"}],"wp:attachment":[{"href":"https:\/\/www.truzzer.com\/da\/wp-json\/wp\/v2\/media?parent=100840"}],"wp:term":[{"taxonomy":"product_brand","embeddable":true,"href":"https:\/\/www.truzzer.com\/da\/wp-json\/wp\/v2\/product_brand?post=100840"},{"taxonomy":"product_cat","embeddable":true,"href":"https:\/\/www.truzzer.com\/da\/wp-json\/wp\/v2\/product_cat?post=100840"},{"taxonomy":"product_tag","embeddable":true,"href":"https:\/\/www.truzzer.com\/da\/wp-json\/wp\/v2\/product_tag?post=100840"}],"curies":[{"name":"wp","href":"https:\/\/api.w.org\/{rel}","templated":true}]}}