{"id":100868,"date":"2026-02-01T20:00:04","date_gmt":"2026-02-01T20:00:04","guid":{"rendered":"https:\/\/beta.truzzer.com\/product\/google-review-nfc-action-button\/"},"modified":"2026-02-13T08:04:50","modified_gmt":"2026-02-13T08:04:50","slug":"google-review-nfc-action-button","status":"publish","type":"product","link":"https:\/\/www.truzzer.com\/da\/vare\/google-review-nfc-action-button\/","title":{"rendered":"Google anmeldelse NFC handlingsknap"},"content":{"rendered":"","protected":false},"excerpt":{"rendered":"<p>Opdag truzzer NFC handlingsknapper. truzzers NFC Action Buttons er boostet i lokal digital markedsf\u00f8ring for din virksomhed og g\u00f8r det nemt for dine kunder at komme i kontakt med dig, da NFC Action Buttons fjerner barrieren mellem offline og online.<\/p>\n<p>Alt dine kunder skal g\u00f8re er at holde deres smartphone i n\u00e6rheden af handlingsknappen, og den direkte Google-gennemgang \u00e5bner p\u00e5 dine kunders smartphones \u2013 ingen s\u00f8gning, ingen anmodninger, ingen sp\u00f8rgsm\u00e5l.<\/p>\n<p>Nem at bruge, hold blot smartphonen i n\u00e6rheden af handlingsknappen, og handlingen \u00e5bnes p\u00e5 kundernes smartphones.<br \/>\nReng\u00f8r: Action-knapperne er vandt\u00e6tte og kan t\u00f8rres af.<br \/>\nHoldbar: Den kl\u00e6bende bel\u00e6gning kl\u00e6ber til alle flade overflader (borde, vinduer osv.).<br \/>\nI\u00f8jnefaldende &amp; Fremtr\u00e6dende: Med en h\u00f8jde p\u00e5 knap 1 centimeter skiller Action-knapperne sig ud og er et rigtigt blikfang.<br \/>\nPraktisk for dig: Angiv dine oplysninger i konfigurationen nedenfor, s\u00e5 tager vi os af linkningen.<\/p>\n","protected":false},"featured_media":100872,"comment_status":"open","ping_status":"closed","template":"","meta":{"_acf_changed":false,"_yoast_wpseo_focuskw":"Google Anmeldelse Produkt","_yoast_wpseo_title":"Google review NFC action Button | truzzer","_yoast_wpseo_metadesc":"F\u00e5 flere 5-stjernede Google-anmeldelser med Google review NFC action Button fra truzzer. Nem ops\u00e6tning, klar til brug. Bestil nu!"},"product_brand":[1631],"product_cat":[1496,1534,1535,552,1536],"product_tag":[],"class_list":{"0":"post-100868","1":"product","2":"type-product","3":"status-publish","4":"has-post-thumbnail","6":"product_brand-google","7":"product_cat-google-anmeldelse-klistermaerker","8":"product_cat-google-anmeldelse-klistermaerker-med-nfc","9":"product_cat-nfc-klistermaerker","10":"product_cat-nfc-produkter","11":"product_cat-nfc-tags-knapper","12":"pa_material-plastic","13":"pa_product-type-nfc-tags","14":"pa_technology-nfc","16":"first","17":"instock","18":"taxable","19":"shipping-taxable","20":"purchasable","21":"product-type-simple"},"acf":[],"yoast_head":"<!-- This site is optimized with the Yoast SEO plugin v27.0 - https:\/\/yoast.com\/product\/yoast-seo-wordpress\/ -->\n<title>Google review NFC action Button | truzzer<\/title>\n<meta name=\"description\" content=\"F\u00e5 flere 5-stjernede Google-anmeldelser med Google review NFC action Button fra truzzer. Nem ops\u00e6tning, klar til brug. Bestil nu!\" \/>\n<meta name=\"robots\" content=\"index, follow, max-snippet:-1, max-image-preview:large, max-video-preview:-1\" \/>\n<link rel=\"canonical\" href=\"https:\/\/www.truzzer.com\/da\/vare\/google-review-nfc-action-button\/\" \/>\n<meta property=\"og:locale\" content=\"da_DK\" \/>\n<meta property=\"og:type\" content=\"article\" \/>\n<meta property=\"og:title\" content=\"Google review NFC action Button | truzzer\" \/>\n<meta property=\"og:description\" content=\"F\u00e5 flere 5-stjernede Google-anmeldelser med Google review NFC action Button fra truzzer. Nem ops\u00e6tning, klar til brug. Bestil nu!\" \/>\n<meta property=\"og:url\" content=\"https:\/\/www.truzzer.com\/da\/vare\/google-review-nfc-action-button\/\" \/>\n<meta property=\"og:site_name\" content=\"truzzer\" \/>\n<meta property=\"article:modified_time\" content=\"2026-02-13T08:04:50+00:00\" \/>\n<meta property=\"og:image\" content=\"https:\/\/www.truzzer.com\/wp-content\/uploads\/2026\/02\/NFC-ACTION-BUTTON-GOogle-review-truzzer-1-S-2.jpg\" \/>\n\t<meta property=\"og:image:width\" content=\"1400\" \/>\n\t<meta property=\"og:image:height\" content=\"1400\" \/>\n\t<meta property=\"og:image:type\" content=\"image\/jpeg\" \/>\n<meta name=\"twitter:card\" content=\"summary_large_image\" \/>\n<script type=\"application\/ld+json\" class=\"yoast-schema-graph\">{\"@context\":\"https:\/\/schema.org\",\"@graph\":[{\"@type\":\"WebPage\",\"@id\":\"https:\/\/www.truzzer.com\/da\/vare\/google-review-nfc-action-button\/\",\"url\":\"https:\/\/www.truzzer.com\/da\/vare\/google-review-nfc-action-button\/\",\"name\":\"Google review NFC action Button | truzzer\",\"isPartOf\":{\"@id\":\"https:\/\/www.truzzer.com\/da\/#website\"},\"primaryImageOfPage\":{\"@id\":\"https:\/\/www.truzzer.com\/da\/vare\/google-review-nfc-action-button\/#primaryimage\"},\"image\":{\"@id\":\"https:\/\/www.truzzer.com\/da\/vare\/google-review-nfc-action-button\/#primaryimage\"},\"thumbnailUrl\":\"https:\/\/www.truzzer.com\/wp-content\/uploads\/2026\/02\/NFC-ACTION-BUTTON-GOogle-review-truzzer-1-S-2.jpg\",\"datePublished\":\"2026-02-01T20:00:04+00:00\",\"dateModified\":\"2026-02-13T08:04:50+00:00\",\"description\":\"F\u00e5 flere 5-stjernede Google-anmeldelser med Google review NFC action Button fra truzzer. Nem ops\u00e6tning, klar til brug. Bestil nu!\",\"breadcrumb\":{\"@id\":\"https:\/\/www.truzzer.com\/da\/vare\/google-review-nfc-action-button\/#breadcrumb\"},\"inLanguage\":\"da-DK\",\"potentialAction\":[{\"@type\":\"ReadAction\",\"target\":[\"https:\/\/www.truzzer.com\/da\/vare\/google-review-nfc-action-button\/\"]}]},{\"@type\":\"ImageObject\",\"inLanguage\":\"da-DK\",\"@id\":\"https:\/\/www.truzzer.com\/da\/vare\/google-review-nfc-action-button\/#primaryimage\",\"url\":\"https:\/\/www.truzzer.com\/wp-content\/uploads\/2026\/02\/NFC-ACTION-BUTTON-GOogle-review-truzzer-1-S-2.jpg\",\"contentUrl\":\"https:\/\/www.truzzer.com\/wp-content\/uploads\/2026\/02\/NFC-ACTION-BUTTON-GOogle-review-truzzer-1-S-2.jpg\",\"width\":1400,\"height\":1400},{\"@type\":\"BreadcrumbList\",\"@id\":\"https:\/\/www.truzzer.com\/da\/vare\/google-review-nfc-action-button\/#breadcrumb\",\"itemListElement\":[{\"@type\":\"ListItem\",\"position\":1,\"name\":\"Home\",\"item\":\"https:\/\/www.truzzer.com\/da\/\"},{\"@type\":\"ListItem\",\"position\":2,\"name\":\"Butik\",\"item\":\"https:\/\/www.truzzer.com\/da\/shop\/\"},{\"@type\":\"ListItem\",\"position\":3,\"name\":\"Google anmeldelse NFC handlingsknap\"}]},{\"@type\":\"WebSite\",\"@id\":\"https:\/\/www.truzzer.com\/da\/#website\",\"url\":\"https:\/\/www.truzzer.com\/da\/\",\"name\":\"truzzer\",\"description\":\"Experts for customer trust\",\"publisher\":{\"@id\":\"https:\/\/www.truzzer.com\/da\/#organization\"},\"potentialAction\":[{\"@type\":\"SearchAction\",\"target\":{\"@type\":\"EntryPoint\",\"urlTemplate\":\"https:\/\/www.truzzer.com\/da\/?s={search_term_string}\"},\"query-input\":{\"@type\":\"PropertyValueSpecification\",\"valueRequired\":true,\"valueName\":\"search_term_string\"}}],\"inLanguage\":\"da-DK\"},{\"@type\":\"Organization\",\"@id\":\"https:\/\/www.truzzer.com\/da\/#organization\",\"name\":\"truzzer\",\"url\":\"https:\/\/www.truzzer.com\/da\/\",\"logo\":{\"@type\":\"ImageObject\",\"inLanguage\":\"da-DK\",\"@id\":\"https:\/\/www.truzzer.com\/da\/#\/schema\/logo\/image\/\",\"url\":\"https:\/\/truzzer.com\/wp-content\/uploads\/2026\/01\/truzzer-logo-black-1.svg\",\"contentUrl\":\"https:\/\/truzzer.com\/wp-content\/uploads\/2026\/01\/truzzer-logo-black-1.svg\",\"width\":938,\"height\":199,\"caption\":\"truzzer\"},\"image\":{\"@id\":\"https:\/\/www.truzzer.com\/da\/#\/schema\/logo\/image\/\"}}]}<\/script>\n<!-- \/ Yoast SEO plugin. -->","yoast_head_json":{"title":"Google review NFC action Button | truzzer","description":"F\u00e5 flere 5-stjernede Google-anmeldelser med Google review NFC action Button fra truzzer. Nem ops\u00e6tning, klar til brug. Bestil nu!","robots":{"index":"index","follow":"follow","max-snippet":"max-snippet:-1","max-image-preview":"max-image-preview:large","max-video-preview":"max-video-preview:-1"},"canonical":"https:\/\/www.truzzer.com\/da\/vare\/google-review-nfc-action-button\/","og_locale":"da_DK","og_type":"article","og_title":"Google review NFC action Button | truzzer","og_description":"F\u00e5 flere 5-stjernede Google-anmeldelser med Google review NFC action Button fra truzzer. Nem ops\u00e6tning, klar til brug. Bestil nu!","og_url":"https:\/\/www.truzzer.com\/da\/vare\/google-review-nfc-action-button\/","og_site_name":"truzzer","article_modified_time":"2026-02-13T08:04:50+00:00","og_image":[{"width":1400,"height":1400,"url":"https:\/\/www.truzzer.com\/wp-content\/uploads\/2026\/02\/NFC-ACTION-BUTTON-GOogle-review-truzzer-1-S-2.jpg","type":"image\/jpeg"}],"twitter_card":"summary_large_image","schema":{"@context":"https:\/\/schema.org","@graph":[{"@type":"WebPage","@id":"https:\/\/www.truzzer.com\/da\/vare\/google-review-nfc-action-button\/","url":"https:\/\/www.truzzer.com\/da\/vare\/google-review-nfc-action-button\/","name":"Google review NFC action Button | truzzer","isPartOf":{"@id":"https:\/\/www.truzzer.com\/da\/#website"},"primaryImageOfPage":{"@id":"https:\/\/www.truzzer.com\/da\/vare\/google-review-nfc-action-button\/#primaryimage"},"image":{"@id":"https:\/\/www.truzzer.com\/da\/vare\/google-review-nfc-action-button\/#primaryimage"},"thumbnailUrl":"https:\/\/www.truzzer.com\/wp-content\/uploads\/2026\/02\/NFC-ACTION-BUTTON-GOogle-review-truzzer-1-S-2.jpg","datePublished":"2026-02-01T20:00:04+00:00","dateModified":"2026-02-13T08:04:50+00:00","description":"F\u00e5 flere 5-stjernede Google-anmeldelser med Google review NFC action Button fra truzzer. Nem ops\u00e6tning, klar til brug. Bestil nu!","breadcrumb":{"@id":"https:\/\/www.truzzer.com\/da\/vare\/google-review-nfc-action-button\/#breadcrumb"},"inLanguage":"da-DK","potentialAction":[{"@type":"ReadAction","target":["https:\/\/www.truzzer.com\/da\/vare\/google-review-nfc-action-button\/"]}]},{"@type":"ImageObject","inLanguage":"da-DK","@id":"https:\/\/www.truzzer.com\/da\/vare\/google-review-nfc-action-button\/#primaryimage","url":"https:\/\/www.truzzer.com\/wp-content\/uploads\/2026\/02\/NFC-ACTION-BUTTON-GOogle-review-truzzer-1-S-2.jpg","contentUrl":"https:\/\/www.truzzer.com\/wp-content\/uploads\/2026\/02\/NFC-ACTION-BUTTON-GOogle-review-truzzer-1-S-2.jpg","width":1400,"height":1400},{"@type":"BreadcrumbList","@id":"https:\/\/www.truzzer.com\/da\/vare\/google-review-nfc-action-button\/#breadcrumb","itemListElement":[{"@type":"ListItem","position":1,"name":"Home","item":"https:\/\/www.truzzer.com\/da\/"},{"@type":"ListItem","position":2,"name":"Butik","item":"https:\/\/www.truzzer.com\/da\/shop\/"},{"@type":"ListItem","position":3,"name":"Google anmeldelse NFC handlingsknap"}]},{"@type":"WebSite","@id":"https:\/\/www.truzzer.com\/da\/#website","url":"https:\/\/www.truzzer.com\/da\/","name":"truzzer","description":"Experts for customer trust","publisher":{"@id":"https:\/\/www.truzzer.com\/da\/#organization"},"potentialAction":[{"@type":"SearchAction","target":{"@type":"EntryPoint","urlTemplate":"https:\/\/www.truzzer.com\/da\/?s={search_term_string}"},"query-input":{"@type":"PropertyValueSpecification","valueRequired":true,"valueName":"search_term_string"}}],"inLanguage":"da-DK"},{"@type":"Organization","@id":"https:\/\/www.truzzer.com\/da\/#organization","name":"truzzer","url":"https:\/\/www.truzzer.com\/da\/","logo":{"@type":"ImageObject","inLanguage":"da-DK","@id":"https:\/\/www.truzzer.com\/da\/#\/schema\/logo\/image\/","url":"https:\/\/truzzer.com\/wp-content\/uploads\/2026\/01\/truzzer-logo-black-1.svg","contentUrl":"https:\/\/truzzer.com\/wp-content\/uploads\/2026\/01\/truzzer-logo-black-1.svg","width":938,"height":199,"caption":"truzzer"},"image":{"@id":"https:\/\/www.truzzer.com\/da\/#\/schema\/logo\/image\/"}}]}},"tiered_pricing_type":"fixed","tiered_pricing_fixed_rules":[],"tiered_pricing_product_settings":{"layout":"default","base_unit_name":{"singular":null,"plural":null},"default_variation":null},"tiered_pricing_minimum_quantity":null,"tiered_pricing_roles_data":[],"tiered_pricing_percentage_rules":[],"tiered_pricing_maximum_quantity":null,"tiered_pricing_quantity_step":null,"_links":{"self":[{"href":"https:\/\/www.truzzer.com\/da\/wp-json\/wp\/v2\/product\/100868","targetHints":{"allow":["GET"]}}],"collection":[{"href":"https:\/\/www.truzzer.com\/da\/wp-json\/wp\/v2\/product"}],"about":[{"href":"https:\/\/www.truzzer.com\/da\/wp-json\/wp\/v2\/types\/product"}],"replies":[{"embeddable":true,"href":"https:\/\/www.truzzer.com\/da\/wp-json\/wp\/v2\/comments?post=100868"}],"wp:featuredmedia":[{"embeddable":true,"href":"https:\/\/www.truzzer.com\/da\/wp-json\/wp\/v2\/media\/100872"}],"wp:attachment":[{"href":"https:\/\/www.truzzer.com\/da\/wp-json\/wp\/v2\/media?parent=100868"}],"wp:term":[{"taxonomy":"product_brand","embeddable":true,"href":"https:\/\/www.truzzer.com\/da\/wp-json\/wp\/v2\/product_brand?post=100868"},{"taxonomy":"product_cat","embeddable":true,"href":"https:\/\/www.truzzer.com\/da\/wp-json\/wp\/v2\/product_cat?post=100868"},{"taxonomy":"product_tag","embeddable":true,"href":"https:\/\/www.truzzer.com\/da\/wp-json\/wp\/v2\/product_tag?post=100868"}],"curies":[{"name":"wp","href":"https:\/\/api.w.org\/{rel}","templated":true}]}}