{"id":100907,"date":"2026-02-01T19:59:26","date_gmt":"2026-02-01T19:59:26","guid":{"rendered":"https:\/\/beta.truzzer.com\/product\/tripadvisor-recensie-nfc-tag-actieknop\/"},"modified":"2026-02-13T08:07:18","modified_gmt":"2026-02-13T08:07:18","slug":"tripadvisor-recensie-nfc-tag-actieknop","status":"publish","type":"product","link":"https:\/\/www.truzzer.com\/da\/vare\/tripadvisor-recensie-nfc-tag-actieknop\/","title":{"rendered":"TripAdvisor-recensie NFC-tag Actieknop"},"content":{"rendered":"","protected":false},"excerpt":{"rendered":"<p>Ontdek de NFC-aktionsknoppen af \u200b\u200btruzzer. De NFC-aktionsknapper af truzzer giver din lokale digitale marketing et l\u00f8ft og g\u00f8r kunderne nemme at kontakte med, hvad du kan bruge. De NFC-aktionsknoppen tage en barriere mellem offline og online vej. Dine kunder har kun en smartphone med en handlingsknap, der skal holdes p\u00e5 TripAdvisor-recensionen, som er direkte p\u00e5 din smartphone af dine kunder \u00e5bnet \u2013 uden at s\u00f8ge, uden anmodninger, uden foresp\u00f8rgsler.<\/p>\n<ul>\n<li> Brugervenligt: Hold smartphonen bare ved handlingsknappen og de handlinger bliver startet p\u00e5 smartphones fra kunderne.<\/li>\n<li> Skoon: De aktionsknoppen er vandt\u00e6t og kan blive lavet med et afwasmiddel.<\/li>\n<li> Duurzaam: De kleeflaag hecht op alle flade overflader (borde, ramen, enz.).<\/li>\n<li> Opvallend &amp; Fremtr\u00e6dende: Met en h\u00f8jde af noget mindre og 1 centimeter vallen af Action Buttons er en rigtig blikvanger.<\/li>\n<li> Handig for u: Se nedenfor dine data, og s\u00f8rger for, at vi for koblingen.<\/li>\n<\/ul>\n","protected":false},"featured_media":100909,"comment_status":"open","ping_status":"closed","template":"","meta":{"_acf_changed":false,"_yoast_wpseo_focuskw":"TripAdvisor Anmeldelse NFC Tag","_yoast_wpseo_title":"TripAdvisor-recensie NFC-tag Actieknop | truzzer","_yoast_wpseo_metadesc":"Styrk dit TripAdvisor-omd\u00f8mme med TripAdvisor-recensie NFC-tag Actieknop fra truzzer. Nem ops\u00e6tning, klar til brug. Bestil nu!"},"product_brand":[1686],"product_cat":[552,1540],"product_tag":[],"class_list":{"0":"post-100907","1":"product","2":"type-product","3":"status-publish","4":"has-post-thumbnail","6":"product_brand-tripadvisor","7":"product_cat-nfc-produkter","8":"product_cat-tripadvisor-anmeldelser-visitkort-med-nfc","9":"pa_industry-bureau-radgivning","10":"pa_industry-ejendom-goed","11":"pa_industry-lokale-diensten","12":"pa_material-karton","13":"pa_placement-balie-receptie","14":"pa_placement-brochure","15":"pa_placement-portemonnee-persoonlijk","16":"pa_product-type-nfc-tags","17":"pa_technology-nfc","19":"first","20":"instock","21":"taxable","22":"shipping-taxable","23":"purchasable","24":"product-type-simple"},"acf":[],"yoast_head":"<!-- This site is optimized with the Yoast SEO plugin v27.0 - https:\/\/yoast.com\/product\/yoast-seo-wordpress\/ -->\n<title>TripAdvisor-recensie NFC-tag Actieknop | truzzer<\/title>\n<meta name=\"description\" content=\"Styrk dit TripAdvisor-omd\u00f8mme med TripAdvisor-recensie NFC-tag Actieknop fra truzzer. Nem ops\u00e6tning, klar til brug. Bestil nu!\" \/>\n<meta name=\"robots\" content=\"index, follow, max-snippet:-1, max-image-preview:large, max-video-preview:-1\" \/>\n<link rel=\"canonical\" href=\"https:\/\/www.truzzer.com\/da\/vare\/tripadvisor-recensie-nfc-tag-actieknop\/\" \/>\n<meta property=\"og:locale\" content=\"da_DK\" \/>\n<meta property=\"og:type\" content=\"article\" \/>\n<meta property=\"og:title\" content=\"TripAdvisor-recensie NFC-tag Actieknop | truzzer\" \/>\n<meta property=\"og:description\" content=\"Styrk dit TripAdvisor-omd\u00f8mme med TripAdvisor-recensie NFC-tag Actieknop fra truzzer. Nem ops\u00e6tning, klar til brug. Bestil nu!\" \/>\n<meta property=\"og:url\" content=\"https:\/\/www.truzzer.com\/da\/vare\/tripadvisor-recensie-nfc-tag-actieknop\/\" \/>\n<meta property=\"og:site_name\" content=\"truzzer\" \/>\n<meta property=\"article:modified_time\" content=\"2026-02-13T08:07:18+00:00\" \/>\n<meta property=\"og:image\" content=\"https:\/\/www.truzzer.com\/wp-content\/uploads\/2026\/02\/nfc-action-button-tripadvisor-bewertungen-empfehlio-truzzer-3.jpg\" \/>\n\t<meta property=\"og:image:width\" content=\"1400\" \/>\n\t<meta property=\"og:image:height\" content=\"1400\" \/>\n\t<meta property=\"og:image:type\" content=\"image\/jpeg\" \/>\n<meta name=\"twitter:card\" content=\"summary_large_image\" \/>\n<script type=\"application\/ld+json\" class=\"yoast-schema-graph\">{\"@context\":\"https:\/\/schema.org\",\"@graph\":[{\"@type\":\"WebPage\",\"@id\":\"https:\/\/www.truzzer.com\/da\/vare\/tripadvisor-recensie-nfc-tag-actieknop\/\",\"url\":\"https:\/\/www.truzzer.com\/da\/vare\/tripadvisor-recensie-nfc-tag-actieknop\/\",\"name\":\"TripAdvisor-recensie NFC-tag Actieknop | truzzer\",\"isPartOf\":{\"@id\":\"https:\/\/www.truzzer.com\/da\/#website\"},\"primaryImageOfPage\":{\"@id\":\"https:\/\/www.truzzer.com\/da\/vare\/tripadvisor-recensie-nfc-tag-actieknop\/#primaryimage\"},\"image\":{\"@id\":\"https:\/\/www.truzzer.com\/da\/vare\/tripadvisor-recensie-nfc-tag-actieknop\/#primaryimage\"},\"thumbnailUrl\":\"https:\/\/www.truzzer.com\/wp-content\/uploads\/2026\/02\/nfc-action-button-tripadvisor-bewertungen-empfehlio-truzzer-3.jpg\",\"datePublished\":\"2026-02-01T19:59:26+00:00\",\"dateModified\":\"2026-02-13T08:07:18+00:00\",\"description\":\"Styrk dit TripAdvisor-omd\u00f8mme med TripAdvisor-recensie NFC-tag Actieknop fra truzzer. Nem ops\u00e6tning, klar til brug. Bestil nu!\",\"breadcrumb\":{\"@id\":\"https:\/\/www.truzzer.com\/da\/vare\/tripadvisor-recensie-nfc-tag-actieknop\/#breadcrumb\"},\"inLanguage\":\"da-DK\",\"potentialAction\":[{\"@type\":\"ReadAction\",\"target\":[\"https:\/\/www.truzzer.com\/da\/vare\/tripadvisor-recensie-nfc-tag-actieknop\/\"]}]},{\"@type\":\"ImageObject\",\"inLanguage\":\"da-DK\",\"@id\":\"https:\/\/www.truzzer.com\/da\/vare\/tripadvisor-recensie-nfc-tag-actieknop\/#primaryimage\",\"url\":\"https:\/\/www.truzzer.com\/wp-content\/uploads\/2026\/02\/nfc-action-button-tripadvisor-bewertungen-empfehlio-truzzer-3.jpg\",\"contentUrl\":\"https:\/\/www.truzzer.com\/wp-content\/uploads\/2026\/02\/nfc-action-button-tripadvisor-bewertungen-empfehlio-truzzer-3.jpg\",\"width\":1400,\"height\":1400},{\"@type\":\"BreadcrumbList\",\"@id\":\"https:\/\/www.truzzer.com\/da\/vare\/tripadvisor-recensie-nfc-tag-actieknop\/#breadcrumb\",\"itemListElement\":[{\"@type\":\"ListItem\",\"position\":1,\"name\":\"Home\",\"item\":\"https:\/\/www.truzzer.com\/da\/\"},{\"@type\":\"ListItem\",\"position\":2,\"name\":\"Butik\",\"item\":\"https:\/\/www.truzzer.com\/da\/shop\/\"},{\"@type\":\"ListItem\",\"position\":3,\"name\":\"TripAdvisor-recensie NFC-tag Actieknop\"}]},{\"@type\":\"WebSite\",\"@id\":\"https:\/\/www.truzzer.com\/da\/#website\",\"url\":\"https:\/\/www.truzzer.com\/da\/\",\"name\":\"truzzer\",\"description\":\"Experts for customer trust\",\"publisher\":{\"@id\":\"https:\/\/www.truzzer.com\/da\/#organization\"},\"potentialAction\":[{\"@type\":\"SearchAction\",\"target\":{\"@type\":\"EntryPoint\",\"urlTemplate\":\"https:\/\/www.truzzer.com\/da\/?s={search_term_string}\"},\"query-input\":{\"@type\":\"PropertyValueSpecification\",\"valueRequired\":true,\"valueName\":\"search_term_string\"}}],\"inLanguage\":\"da-DK\"},{\"@type\":\"Organization\",\"@id\":\"https:\/\/www.truzzer.com\/da\/#organization\",\"name\":\"truzzer\",\"url\":\"https:\/\/www.truzzer.com\/da\/\",\"logo\":{\"@type\":\"ImageObject\",\"inLanguage\":\"da-DK\",\"@id\":\"https:\/\/www.truzzer.com\/da\/#\/schema\/logo\/image\/\",\"url\":\"https:\/\/truzzer.com\/wp-content\/uploads\/2026\/01\/truzzer-logo-black-1.svg\",\"contentUrl\":\"https:\/\/truzzer.com\/wp-content\/uploads\/2026\/01\/truzzer-logo-black-1.svg\",\"width\":938,\"height\":199,\"caption\":\"truzzer\"},\"image\":{\"@id\":\"https:\/\/www.truzzer.com\/da\/#\/schema\/logo\/image\/\"}}]}<\/script>\n<!-- \/ Yoast SEO plugin. -->","yoast_head_json":{"title":"TripAdvisor-recensie NFC-tag Actieknop | truzzer","description":"Styrk dit TripAdvisor-omd\u00f8mme med TripAdvisor-recensie NFC-tag Actieknop fra truzzer. Nem ops\u00e6tning, klar til brug. Bestil nu!","robots":{"index":"index","follow":"follow","max-snippet":"max-snippet:-1","max-image-preview":"max-image-preview:large","max-video-preview":"max-video-preview:-1"},"canonical":"https:\/\/www.truzzer.com\/da\/vare\/tripadvisor-recensie-nfc-tag-actieknop\/","og_locale":"da_DK","og_type":"article","og_title":"TripAdvisor-recensie NFC-tag Actieknop | truzzer","og_description":"Styrk dit TripAdvisor-omd\u00f8mme med TripAdvisor-recensie NFC-tag Actieknop fra truzzer. Nem ops\u00e6tning, klar til brug. Bestil nu!","og_url":"https:\/\/www.truzzer.com\/da\/vare\/tripadvisor-recensie-nfc-tag-actieknop\/","og_site_name":"truzzer","article_modified_time":"2026-02-13T08:07:18+00:00","og_image":[{"width":1400,"height":1400,"url":"https:\/\/www.truzzer.com\/wp-content\/uploads\/2026\/02\/nfc-action-button-tripadvisor-bewertungen-empfehlio-truzzer-3.jpg","type":"image\/jpeg"}],"twitter_card":"summary_large_image","schema":{"@context":"https:\/\/schema.org","@graph":[{"@type":"WebPage","@id":"https:\/\/www.truzzer.com\/da\/vare\/tripadvisor-recensie-nfc-tag-actieknop\/","url":"https:\/\/www.truzzer.com\/da\/vare\/tripadvisor-recensie-nfc-tag-actieknop\/","name":"TripAdvisor-recensie NFC-tag Actieknop | truzzer","isPartOf":{"@id":"https:\/\/www.truzzer.com\/da\/#website"},"primaryImageOfPage":{"@id":"https:\/\/www.truzzer.com\/da\/vare\/tripadvisor-recensie-nfc-tag-actieknop\/#primaryimage"},"image":{"@id":"https:\/\/www.truzzer.com\/da\/vare\/tripadvisor-recensie-nfc-tag-actieknop\/#primaryimage"},"thumbnailUrl":"https:\/\/www.truzzer.com\/wp-content\/uploads\/2026\/02\/nfc-action-button-tripadvisor-bewertungen-empfehlio-truzzer-3.jpg","datePublished":"2026-02-01T19:59:26+00:00","dateModified":"2026-02-13T08:07:18+00:00","description":"Styrk dit TripAdvisor-omd\u00f8mme med TripAdvisor-recensie NFC-tag Actieknop fra truzzer. Nem ops\u00e6tning, klar til brug. Bestil nu!","breadcrumb":{"@id":"https:\/\/www.truzzer.com\/da\/vare\/tripadvisor-recensie-nfc-tag-actieknop\/#breadcrumb"},"inLanguage":"da-DK","potentialAction":[{"@type":"ReadAction","target":["https:\/\/www.truzzer.com\/da\/vare\/tripadvisor-recensie-nfc-tag-actieknop\/"]}]},{"@type":"ImageObject","inLanguage":"da-DK","@id":"https:\/\/www.truzzer.com\/da\/vare\/tripadvisor-recensie-nfc-tag-actieknop\/#primaryimage","url":"https:\/\/www.truzzer.com\/wp-content\/uploads\/2026\/02\/nfc-action-button-tripadvisor-bewertungen-empfehlio-truzzer-3.jpg","contentUrl":"https:\/\/www.truzzer.com\/wp-content\/uploads\/2026\/02\/nfc-action-button-tripadvisor-bewertungen-empfehlio-truzzer-3.jpg","width":1400,"height":1400},{"@type":"BreadcrumbList","@id":"https:\/\/www.truzzer.com\/da\/vare\/tripadvisor-recensie-nfc-tag-actieknop\/#breadcrumb","itemListElement":[{"@type":"ListItem","position":1,"name":"Home","item":"https:\/\/www.truzzer.com\/da\/"},{"@type":"ListItem","position":2,"name":"Butik","item":"https:\/\/www.truzzer.com\/da\/shop\/"},{"@type":"ListItem","position":3,"name":"TripAdvisor-recensie NFC-tag Actieknop"}]},{"@type":"WebSite","@id":"https:\/\/www.truzzer.com\/da\/#website","url":"https:\/\/www.truzzer.com\/da\/","name":"truzzer","description":"Experts for customer trust","publisher":{"@id":"https:\/\/www.truzzer.com\/da\/#organization"},"potentialAction":[{"@type":"SearchAction","target":{"@type":"EntryPoint","urlTemplate":"https:\/\/www.truzzer.com\/da\/?s={search_term_string}"},"query-input":{"@type":"PropertyValueSpecification","valueRequired":true,"valueName":"search_term_string"}}],"inLanguage":"da-DK"},{"@type":"Organization","@id":"https:\/\/www.truzzer.com\/da\/#organization","name":"truzzer","url":"https:\/\/www.truzzer.com\/da\/","logo":{"@type":"ImageObject","inLanguage":"da-DK","@id":"https:\/\/www.truzzer.com\/da\/#\/schema\/logo\/image\/","url":"https:\/\/truzzer.com\/wp-content\/uploads\/2026\/01\/truzzer-logo-black-1.svg","contentUrl":"https:\/\/truzzer.com\/wp-content\/uploads\/2026\/01\/truzzer-logo-black-1.svg","width":938,"height":199,"caption":"truzzer"},"image":{"@id":"https:\/\/www.truzzer.com\/da\/#\/schema\/logo\/image\/"}}]}},"tiered_pricing_type":"fixed","tiered_pricing_fixed_rules":[],"tiered_pricing_product_settings":{"layout":"default","base_unit_name":{"singular":null,"plural":null},"default_variation":null},"tiered_pricing_minimum_quantity":null,"tiered_pricing_roles_data":[],"tiered_pricing_percentage_rules":[],"tiered_pricing_maximum_quantity":null,"tiered_pricing_quantity_step":null,"_links":{"self":[{"href":"https:\/\/www.truzzer.com\/da\/wp-json\/wp\/v2\/product\/100907","targetHints":{"allow":["GET"]}}],"collection":[{"href":"https:\/\/www.truzzer.com\/da\/wp-json\/wp\/v2\/product"}],"about":[{"href":"https:\/\/www.truzzer.com\/da\/wp-json\/wp\/v2\/types\/product"}],"replies":[{"embeddable":true,"href":"https:\/\/www.truzzer.com\/da\/wp-json\/wp\/v2\/comments?post=100907"}],"wp:featuredmedia":[{"embeddable":true,"href":"https:\/\/www.truzzer.com\/da\/wp-json\/wp\/v2\/media\/100909"}],"wp:attachment":[{"href":"https:\/\/www.truzzer.com\/da\/wp-json\/wp\/v2\/media?parent=100907"}],"wp:term":[{"taxonomy":"product_brand","embeddable":true,"href":"https:\/\/www.truzzer.com\/da\/wp-json\/wp\/v2\/product_brand?post=100907"},{"taxonomy":"product_cat","embeddable":true,"href":"https:\/\/www.truzzer.com\/da\/wp-json\/wp\/v2\/product_cat?post=100907"},{"taxonomy":"product_tag","embeddable":true,"href":"https:\/\/www.truzzer.com\/da\/wp-json\/wp\/v2\/product_tag?post=100907"}],"curies":[{"name":"wp","href":"https:\/\/api.w.org\/{rel}","templated":true}]}}