{"id":101030,"date":"2026-02-01T19:58:13","date_gmt":"2026-02-01T19:58:13","guid":{"rendered":"https:\/\/beta.truzzer.com\/product\/trustband-google-review-nfc-wristband\/"},"modified":"2026-02-13T08:16:57","modified_gmt":"2026-02-13T08:16:57","slug":"trustband-google-review-nfc-wristband","status":"publish","type":"product","link":"https:\/\/www.truzzer.com\/da\/vare\/trustband-google-review-nfc-wristband\/","title":{"rendered":"tillidsb\u00e5nd. &#8211; Google anmeldelse NFC armb\u00e5nd"},"content":{"rendered":"","protected":false},"excerpt":{"rendered":"<div class=\"woocommerce-product-details__short-description\">\n<div class=\"wp-video\" style=\"width: 1920px\"><video autoplay=\"\" class=\"wp-video-shortcode\" controls=\"controls\" height=\"1080\" id=\"video-0-1\" preload=\"metadata\" width=\"1920\"><a href=\"https:\/\/www.truzzer.com\/wp-content\/uploads\/2024\/03\/trustband-eng.mp4\">https:\/\/www.truzzer.com\/wp-content\/uploads\/2024\/03\/trustband-eng.mp4<\/a><\/video><\/div>\n<h2>Bare modtag flere Google anmeldelser i kundekontakt med NFC trustband!<\/h2>\n<p>Udnyt NFC-teknologien og generer flere anmeldelser om Google gennem dine servitricer og medarbejdere med empheilo trustband. Med det vandt\u00e6tte og elastiske NFC silikonearmb\u00e5nd med integreret NFC taglink til direkte Google anmeldelser, f\u00e5r du ubesv\u00e6ret flere Google anmeldelser. Det eneste, dine kunder skal g\u00f8re, er at holde deres smartphone til armb\u00e5ndet, og en pop-up med Google-anmeldelsen vises p\u00e5 deres smartphone.<\/p>\n<p>Anmeldelsen kan s\u00e5ledes nemt integreres i betalingsprocessen, og med en venlig henvendelse fra personalet, vil g\u00e6ster og kunder gerne efterkomme det.<\/p>\n<p><strong>Dine fordele p\u00e5 et \u00f8jeblik:<\/strong><\/p>\n<ul>\n<li>F\u00e5 hurtigt flere Google-anmeldelser<\/li>\n<li>Ingen minimumskontraktperiode<\/li>\n<li>Vandt\u00e6t armb\u00e5nd og chip<\/li>\n<li>Fleksibel st\u00f8rrelse, velegnet til b\u00e5de kvinder og m\u00e6nd<\/li>\n<li>Et simpelt hvidt Google-ikon med 5 stjerner pryder armb\u00e5ndet.<\/li>\n<li>Vi h\u00e5ndterer anmeldelseslinket og kodningen for dig<\/li>\n<\/ul>\n<p><strong>Vi h\u00e5ndterer oprettelsen og sammenk\u00e6dningen af NFC-linket og QR-koden til direkte anmeldelser p\u00e5 din Google-profil!<\/strong><strong><br \/>\n<\/strong><\/p>\n<\/div>\n","protected":false},"featured_media":101039,"comment_status":"open","ping_status":"closed","template":"","meta":{"_acf_changed":false,"_yoast_wpseo_focuskw":"Google Anmeldelse NFC Armb\u00e5nd","_yoast_wpseo_title":"trustband. \u2013 Google review NFC wristband | truzzer","_yoast_wpseo_metadesc":"F\u00e5 flere 5-stjernede Google-anmeldelser med trustband. \u2013 Google review NFC wristband fra truzzer. Nem ops\u00e6tning, klar til brug. Bestil nu!"},"product_brand":[1631],"product_cat":[1543,1544,731,1545,552],"product_tag":[],"class_list":{"0":"post-101030","1":"product","2":"type-product","3":"status-publish","4":"has-post-thumbnail","6":"product_brand-google","7":"product_cat-google-anmeldelse-andet","8":"product_cat-google-anmeldelse-andet-med-nfc","9":"product_cat-google-anmeldelse-produkter","10":"product_cat-nfc-armband","11":"product_cat-nfc-produkter","12":"pa_industry-bureau-radgivning","13":"pa_industry-ejendom-goed","14":"pa_industry-lokale-diensten","15":"pa_material-karton","16":"pa_placement-balie-receptie","17":"pa_placement-brochure","18":"pa_placement-portemonnee-persoonlijk","19":"pa_product-type-wristbands","20":"pa_technology-nfc","22":"first","23":"instock","24":"taxable","25":"shipping-taxable","26":"purchasable","27":"product-type-simple"},"acf":[],"yoast_head":"<!-- This site is optimized with the Yoast SEO plugin v27.0 - https:\/\/yoast.com\/product\/yoast-seo-wordpress\/ -->\n<title>trustband. \u2013 Google review NFC wristband | truzzer<\/title>\n<meta name=\"description\" content=\"F\u00e5 flere 5-stjernede Google-anmeldelser med trustband. \u2013 Google review NFC wristband fra truzzer. Nem ops\u00e6tning, klar til brug. Bestil nu!\" \/>\n<meta name=\"robots\" content=\"index, follow, max-snippet:-1, max-image-preview:large, max-video-preview:-1\" \/>\n<link rel=\"canonical\" href=\"https:\/\/www.truzzer.com\/da\/vare\/trustband-google-review-nfc-wristband\/\" \/>\n<meta property=\"og:locale\" content=\"da_DK\" \/>\n<meta property=\"og:type\" content=\"article\" \/>\n<meta property=\"og:title\" content=\"trustband. \u2013 Google review NFC wristband | truzzer\" \/>\n<meta property=\"og:description\" content=\"F\u00e5 flere 5-stjernede Google-anmeldelser med trustband. \u2013 Google review NFC wristband fra truzzer. Nem ops\u00e6tning, klar til brug. Bestil nu!\" \/>\n<meta property=\"og:url\" content=\"https:\/\/www.truzzer.com\/da\/vare\/trustband-google-review-nfc-wristband\/\" \/>\n<meta property=\"og:site_name\" content=\"truzzer\" \/>\n<meta property=\"article:modified_time\" content=\"2026-02-13T08:16:57+00:00\" \/>\n<meta property=\"og:image\" content=\"https:\/\/www.truzzer.com\/wp-content\/uploads\/2026\/02\/trustband-nfc-google-review-wristband-truzzer-2-4.jpg\" \/>\n\t<meta property=\"og:image:width\" content=\"1200\" \/>\n\t<meta property=\"og:image:height\" content=\"1200\" \/>\n\t<meta property=\"og:image:type\" content=\"image\/jpeg\" \/>\n<meta name=\"twitter:card\" content=\"summary_large_image\" \/>\n<script type=\"application\/ld+json\" class=\"yoast-schema-graph\">{\"@context\":\"https:\/\/schema.org\",\"@graph\":[{\"@type\":\"WebPage\",\"@id\":\"https:\/\/www.truzzer.com\/da\/vare\/trustband-google-review-nfc-wristband\/\",\"url\":\"https:\/\/www.truzzer.com\/da\/vare\/trustband-google-review-nfc-wristband\/\",\"name\":\"trustband. \u2013 Google review NFC wristband | truzzer\",\"isPartOf\":{\"@id\":\"https:\/\/www.truzzer.com\/da\/#website\"},\"primaryImageOfPage\":{\"@id\":\"https:\/\/www.truzzer.com\/da\/vare\/trustband-google-review-nfc-wristband\/#primaryimage\"},\"image\":{\"@id\":\"https:\/\/www.truzzer.com\/da\/vare\/trustband-google-review-nfc-wristband\/#primaryimage\"},\"thumbnailUrl\":\"https:\/\/www.truzzer.com\/wp-content\/uploads\/2026\/02\/trustband-nfc-google-review-wristband-truzzer-2-4.jpg\",\"datePublished\":\"2026-02-01T19:58:13+00:00\",\"dateModified\":\"2026-02-13T08:16:57+00:00\",\"description\":\"F\u00e5 flere 5-stjernede Google-anmeldelser med trustband. \u2013 Google review NFC wristband fra truzzer. Nem ops\u00e6tning, klar til brug. Bestil nu!\",\"breadcrumb\":{\"@id\":\"https:\/\/www.truzzer.com\/da\/vare\/trustband-google-review-nfc-wristband\/#breadcrumb\"},\"inLanguage\":\"da-DK\",\"potentialAction\":[{\"@type\":\"ReadAction\",\"target\":[\"https:\/\/www.truzzer.com\/da\/vare\/trustband-google-review-nfc-wristband\/\"]}]},{\"@type\":\"ImageObject\",\"inLanguage\":\"da-DK\",\"@id\":\"https:\/\/www.truzzer.com\/da\/vare\/trustband-google-review-nfc-wristband\/#primaryimage\",\"url\":\"https:\/\/www.truzzer.com\/wp-content\/uploads\/2026\/02\/trustband-nfc-google-review-wristband-truzzer-2-4.jpg\",\"contentUrl\":\"https:\/\/www.truzzer.com\/wp-content\/uploads\/2026\/02\/trustband-nfc-google-review-wristband-truzzer-2-4.jpg\",\"width\":1200,\"height\":1200},{\"@type\":\"BreadcrumbList\",\"@id\":\"https:\/\/www.truzzer.com\/da\/vare\/trustband-google-review-nfc-wristband\/#breadcrumb\",\"itemListElement\":[{\"@type\":\"ListItem\",\"position\":1,\"name\":\"Home\",\"item\":\"https:\/\/www.truzzer.com\/da\/\"},{\"@type\":\"ListItem\",\"position\":2,\"name\":\"Butik\",\"item\":\"https:\/\/www.truzzer.com\/da\/shop\/\"},{\"@type\":\"ListItem\",\"position\":3,\"name\":\"tillidsb\u00e5nd. &#8211; Google anmeldelse NFC armb\u00e5nd\"}]},{\"@type\":\"WebSite\",\"@id\":\"https:\/\/www.truzzer.com\/da\/#website\",\"url\":\"https:\/\/www.truzzer.com\/da\/\",\"name\":\"truzzer\",\"description\":\"Experts for customer trust\",\"publisher\":{\"@id\":\"https:\/\/www.truzzer.com\/da\/#organization\"},\"potentialAction\":[{\"@type\":\"SearchAction\",\"target\":{\"@type\":\"EntryPoint\",\"urlTemplate\":\"https:\/\/www.truzzer.com\/da\/?s={search_term_string}\"},\"query-input\":{\"@type\":\"PropertyValueSpecification\",\"valueRequired\":true,\"valueName\":\"search_term_string\"}}],\"inLanguage\":\"da-DK\"},{\"@type\":\"Organization\",\"@id\":\"https:\/\/www.truzzer.com\/da\/#organization\",\"name\":\"truzzer\",\"url\":\"https:\/\/www.truzzer.com\/da\/\",\"logo\":{\"@type\":\"ImageObject\",\"inLanguage\":\"da-DK\",\"@id\":\"https:\/\/www.truzzer.com\/da\/#\/schema\/logo\/image\/\",\"url\":\"https:\/\/truzzer.com\/wp-content\/uploads\/2026\/01\/truzzer-logo-black-1.svg\",\"contentUrl\":\"https:\/\/truzzer.com\/wp-content\/uploads\/2026\/01\/truzzer-logo-black-1.svg\",\"width\":938,\"height\":199,\"caption\":\"truzzer\"},\"image\":{\"@id\":\"https:\/\/www.truzzer.com\/da\/#\/schema\/logo\/image\/\"}}]}<\/script>\n<!-- \/ Yoast SEO plugin. -->","yoast_head_json":{"title":"trustband. \u2013 Google review NFC wristband | truzzer","description":"F\u00e5 flere 5-stjernede Google-anmeldelser med trustband. \u2013 Google review NFC wristband fra truzzer. Nem ops\u00e6tning, klar til brug. Bestil nu!","robots":{"index":"index","follow":"follow","max-snippet":"max-snippet:-1","max-image-preview":"max-image-preview:large","max-video-preview":"max-video-preview:-1"},"canonical":"https:\/\/www.truzzer.com\/da\/vare\/trustband-google-review-nfc-wristband\/","og_locale":"da_DK","og_type":"article","og_title":"trustband. \u2013 Google review NFC wristband | truzzer","og_description":"F\u00e5 flere 5-stjernede Google-anmeldelser med trustband. \u2013 Google review NFC wristband fra truzzer. Nem ops\u00e6tning, klar til brug. Bestil nu!","og_url":"https:\/\/www.truzzer.com\/da\/vare\/trustband-google-review-nfc-wristband\/","og_site_name":"truzzer","article_modified_time":"2026-02-13T08:16:57+00:00","og_image":[{"width":1200,"height":1200,"url":"https:\/\/www.truzzer.com\/wp-content\/uploads\/2026\/02\/trustband-nfc-google-review-wristband-truzzer-2-4.jpg","type":"image\/jpeg"}],"twitter_card":"summary_large_image","schema":{"@context":"https:\/\/schema.org","@graph":[{"@type":"WebPage","@id":"https:\/\/www.truzzer.com\/da\/vare\/trustband-google-review-nfc-wristband\/","url":"https:\/\/www.truzzer.com\/da\/vare\/trustband-google-review-nfc-wristband\/","name":"trustband. \u2013 Google review NFC wristband | truzzer","isPartOf":{"@id":"https:\/\/www.truzzer.com\/da\/#website"},"primaryImageOfPage":{"@id":"https:\/\/www.truzzer.com\/da\/vare\/trustband-google-review-nfc-wristband\/#primaryimage"},"image":{"@id":"https:\/\/www.truzzer.com\/da\/vare\/trustband-google-review-nfc-wristband\/#primaryimage"},"thumbnailUrl":"https:\/\/www.truzzer.com\/wp-content\/uploads\/2026\/02\/trustband-nfc-google-review-wristband-truzzer-2-4.jpg","datePublished":"2026-02-01T19:58:13+00:00","dateModified":"2026-02-13T08:16:57+00:00","description":"F\u00e5 flere 5-stjernede Google-anmeldelser med trustband. \u2013 Google review NFC wristband fra truzzer. Nem ops\u00e6tning, klar til brug. Bestil nu!","breadcrumb":{"@id":"https:\/\/www.truzzer.com\/da\/vare\/trustband-google-review-nfc-wristband\/#breadcrumb"},"inLanguage":"da-DK","potentialAction":[{"@type":"ReadAction","target":["https:\/\/www.truzzer.com\/da\/vare\/trustband-google-review-nfc-wristband\/"]}]},{"@type":"ImageObject","inLanguage":"da-DK","@id":"https:\/\/www.truzzer.com\/da\/vare\/trustband-google-review-nfc-wristband\/#primaryimage","url":"https:\/\/www.truzzer.com\/wp-content\/uploads\/2026\/02\/trustband-nfc-google-review-wristband-truzzer-2-4.jpg","contentUrl":"https:\/\/www.truzzer.com\/wp-content\/uploads\/2026\/02\/trustband-nfc-google-review-wristband-truzzer-2-4.jpg","width":1200,"height":1200},{"@type":"BreadcrumbList","@id":"https:\/\/www.truzzer.com\/da\/vare\/trustband-google-review-nfc-wristband\/#breadcrumb","itemListElement":[{"@type":"ListItem","position":1,"name":"Home","item":"https:\/\/www.truzzer.com\/da\/"},{"@type":"ListItem","position":2,"name":"Butik","item":"https:\/\/www.truzzer.com\/da\/shop\/"},{"@type":"ListItem","position":3,"name":"tillidsb\u00e5nd. &#8211; Google anmeldelse NFC armb\u00e5nd"}]},{"@type":"WebSite","@id":"https:\/\/www.truzzer.com\/da\/#website","url":"https:\/\/www.truzzer.com\/da\/","name":"truzzer","description":"Experts for customer trust","publisher":{"@id":"https:\/\/www.truzzer.com\/da\/#organization"},"potentialAction":[{"@type":"SearchAction","target":{"@type":"EntryPoint","urlTemplate":"https:\/\/www.truzzer.com\/da\/?s={search_term_string}"},"query-input":{"@type":"PropertyValueSpecification","valueRequired":true,"valueName":"search_term_string"}}],"inLanguage":"da-DK"},{"@type":"Organization","@id":"https:\/\/www.truzzer.com\/da\/#organization","name":"truzzer","url":"https:\/\/www.truzzer.com\/da\/","logo":{"@type":"ImageObject","inLanguage":"da-DK","@id":"https:\/\/www.truzzer.com\/da\/#\/schema\/logo\/image\/","url":"https:\/\/truzzer.com\/wp-content\/uploads\/2026\/01\/truzzer-logo-black-1.svg","contentUrl":"https:\/\/truzzer.com\/wp-content\/uploads\/2026\/01\/truzzer-logo-black-1.svg","width":938,"height":199,"caption":"truzzer"},"image":{"@id":"https:\/\/www.truzzer.com\/da\/#\/schema\/logo\/image\/"}}]}},"tiered_pricing_type":"fixed","tiered_pricing_fixed_rules":[],"tiered_pricing_product_settings":{"layout":"default","base_unit_name":{"singular":null,"plural":null},"default_variation":null},"tiered_pricing_minimum_quantity":null,"tiered_pricing_roles_data":[],"tiered_pricing_percentage_rules":[],"tiered_pricing_maximum_quantity":null,"tiered_pricing_quantity_step":null,"_links":{"self":[{"href":"https:\/\/www.truzzer.com\/da\/wp-json\/wp\/v2\/product\/101030","targetHints":{"allow":["GET"]}}],"collection":[{"href":"https:\/\/www.truzzer.com\/da\/wp-json\/wp\/v2\/product"}],"about":[{"href":"https:\/\/www.truzzer.com\/da\/wp-json\/wp\/v2\/types\/product"}],"replies":[{"embeddable":true,"href":"https:\/\/www.truzzer.com\/da\/wp-json\/wp\/v2\/comments?post=101030"}],"wp:featuredmedia":[{"embeddable":true,"href":"https:\/\/www.truzzer.com\/da\/wp-json\/wp\/v2\/media\/101039"}],"wp:attachment":[{"href":"https:\/\/www.truzzer.com\/da\/wp-json\/wp\/v2\/media?parent=101030"}],"wp:term":[{"taxonomy":"product_brand","embeddable":true,"href":"https:\/\/www.truzzer.com\/da\/wp-json\/wp\/v2\/product_brand?post=101030"},{"taxonomy":"product_cat","embeddable":true,"href":"https:\/\/www.truzzer.com\/da\/wp-json\/wp\/v2\/product_cat?post=101030"},{"taxonomy":"product_tag","embeddable":true,"href":"https:\/\/www.truzzer.com\/da\/wp-json\/wp\/v2\/product_tag?post=101030"}],"curies":[{"name":"wp","href":"https:\/\/api.w.org\/{rel}","templated":true}]}}