{"id":101053,"date":"2026-02-01T19:56:08","date_gmt":"2026-02-01T19:56:08","guid":{"rendered":"https:\/\/beta.truzzer.com\/product\/wifi-qr-code-sticker-clean\/"},"modified":"2026-02-13T08:18:11","modified_gmt":"2026-02-13T08:18:11","slug":"wifi-qr-code-sticker-clean","status":"publish","type":"product","link":"https:\/\/www.truzzer.com\/da\/vare\/wifi-qr-code-sticker-clean\/","title":{"rendered":"WIFI QR Code Sticker Clean"},"content":{"rendered":"<h3>WIFI QR Code Sticker \u2013 Den smarte, nemme m\u00e5de til hurtig WLAN-adgang<\/h3>\n<p>Med vores <strong>WIFI QR-kodem\u00e6rkat<\/strong> giver du dine kunder problemfri og ukompliceret adgang til dit WLAN. I stedet for at indtaste adgangskoder eller bede om loginoplysninger, kan dine g\u00e6ster blot scanne den udskrevne QR-kode med deres smartphone-kamera og v\u00e6re online p\u00e5 f\u00e5 sekunder. Klisterm\u00e6rket kan fleksibelt placeres p\u00e5 n\u00e6sten enhver glat overflade, hvilket g\u00f8r det ideelt til alle typer virksomheder, der \u00f8nsker at tilbyde deres kunder en hurtig, brugervenlig WLAN-oplevelse \u2013 fra restauranter og caf\u00e9er til hoteller, kontorer eller ventev\u00e6relser.<\/p>\n<hr \/>\n<h3><strong>Hvordan fungerer WIFI QR Code Sticker?<\/strong><\/h3>\n<p>H\u00e5ndtering kunne ikke v\u00e6re nemmere: Placer m\u00e6rkaten p\u00e5 fremtr\u00e6dende steder s\u00e5som borde, diske eller v\u00e6gge. Dine kunder scanner QR-koden med deres smartphone-kamera, hvorefter de straks tilbydes muligheden for at oprette forbindelse til dit WLAN. Manuel indtastning af adgangskode er ikke p\u00e5kr\u00e6vet, hvilket v\u00e6sentligt forenkler og fremskynder adgangen.<\/p>\n<hr \/>\n<h3>Fordele ved WIFI QR Code Sticker<\/h3>\n<p><strong>1. \u00d8jeblikkelig WLAN-forbindelse:<\/strong><\/p>\n<ul>\n<li>QR-koden giver dine kunder mulighed for at oprette forbindelse til dit WLAN p\u00e5 f\u00e5 sekunder. Du skal blot scanne koden, og de er online \u2013 ingen kedelige indtastninger af lange adgangskoder eller s\u00f8gning efter legitimationsoplysninger.<\/li>\n<\/ul>\n<p><strong>2. Fleksibel brug:<\/strong><\/p>\n<ul>\n<li>Klisterm\u00e6rket kl\u00e6ber p\u00e5 alle glatte overflader s\u00e5som borde, v\u00e6gge, d\u00f8re eller diske. Dette giver dig mulighed for at placere det, hvor det er mest bekvemt for dine kunder. Uanset om det er p\u00e5 en caf\u00e9, restaurant, hotel, fitnesscenter, ventev\u00e6relse eller kontor \u2013 m\u00e6rkatet er universelt anvendeligt.<\/li>\n<\/ul>\n<p><strong>3. Omkostningseffektiv l\u00f8sning:<\/strong><\/p>\n<ul>\n<li>WIFI QR Code-m\u00e6rkatet er en enkel, men effektiv m\u00e5de at tilbyde WLAN-adgang uden at skulle k\u00f8be dyr hardware eller specielle systemer. Du bruger blot dit eksisterende WLAN-netv\u00e6rk uden ekstra omkostninger eller komplicerede installationer.<\/li>\n<\/ul>\n<p><strong>4. Diskret design:<\/strong><\/p>\n<ul>\n<li>Klisterm\u00e6rket er diskret og forstyrrer ikke det overordnede udseende af dit rum, mens QR-koden er tydeligt synlig for dine kunder. Dette holder dit interi\u00f8rdesign intakt, samtidig med at du yder en v\u00e6rdifuld service.<\/li>\n<\/ul>\n<p><strong>5. Enhedskompatibilitet:<\/strong><\/p>\n<ul>\n<li>WIFI QR Code-m\u00e6rkatet fungerer med alle almindelige enheder. Det giver problemfri, direkte adgang til WLAN for Android- og iOS-brugere. Laptop- og tabletbrugere kan ogs\u00e5 scanne QR-koden og se legitimationsoplysningerne til manuel indtastning.<\/li>\n<\/ul>\n<p><strong>6. Mere bekvemmelighed for dine kunder:<\/strong><\/p>\n<ul>\n<li>Giv dine g\u00e6ster og kunder en problemfri og bekvem WLAN-oplevelse. De beh\u00f8ver ikke at besk\u00e6ftige sig med lange adgangskoder eller bede om WLAN-detaljer \u2013 alt er klart og let tilg\u00e6ngeligt.<\/li>\n<\/ul>\n<hr \/>\n<h3>Tilf\u00e6lde, hvor WIFI QR Code Sticker kan bruges<\/h3>\n<p>WIFI QR Code-m\u00e6rkatet er ideelt til forskellige typer virksomheder og milj\u00f8er:<\/p>\n<ul>\n<li><strong>Restauranter og caf\u00e9er:<\/strong> Placer m\u00e6rkaten p\u00e5 borde eller diske for at give dine g\u00e6ster hurtig internetadgang, mens de nyder deres mad og drikkevarer.<\/li>\n<li><strong>Hoteller og vandrehjem:<\/strong> Brug klisterm\u00e6rket i lobbyer, v\u00e6relser eller f\u00e6llesomr\u00e5der for at give dine g\u00e6ster mulighed for nemt at g\u00e5 online uden brug af personaleassistance.<\/li>\n<li><strong>Kontorer og Co-Working Spaces:<\/strong> Giv bes\u00f8gende eller forretningspartnere nem adgang til dit WLAN, uden at de skal bede om adgangskoder.<\/li>\n<li><strong>Detailbutikker:<\/strong> For\u00f8g dine kunders opholdstid ved at tilbyde dem nem adgang til dit WLAN, mens de er i din butik.<\/li>\n<li><strong>Modrum og fris\u00f8rsaloner:<\/strong> Giv dine kunder hurtigt internet under deres ophold uden at belaste dem med komplicerede login-processer.<\/li>\n<\/ul>\n<hr \/>\n<h3>Hvorfor er WIFI QR Code Sticker det rigtige valg for din virksomhed?<\/h3>\n<p>I en digitalt forbundet verden forventer kunderne mulighed for hurtigt og nemt at f\u00e5 adgang til internettet n\u00e6sten overalt. Med <strong>WIFI QR Code-m\u00e6rkatet<\/strong> tilbyder du netop det \u2013 p\u00e5 en yderst brugervenlig m\u00e5de. Du muligg\u00f8r ikke kun nem WLAN-forbindelse, men du \u00f8ger ogs\u00e5 kundetilfredsheden ved at g\u00f8re deres oplevelse i din virksomhed mere behagelig.<\/p>\n<p>Derudover indsamler du v\u00e6rdifulde kundeemner, hvis du kombinerer klisterm\u00e6rket med en l\u00f8sning, der kr\u00e6ver, at kunderne angiver deres e-mailadresse, f\u00f8r de f\u00e5r adgang til WLAN. Dette giver dig mulighed for at styrke kundeengagementet gennem m\u00e5lrettede marketinginitiativer.<\/p>\n","protected":false},"excerpt":{"rendered":"<h3>WIFI QR Code Sticker \u2013 \u00d8jeblikkelig WLAN-adgang til dine kunder<\/h3>\n<p>Med vores <strong>WIFI QR-kodeklisterm\u00e6rke<\/strong> giver du dine kunder adgang til dit WLAN lynhurtigt \u2013 ikke n\u00f8dvendigt at indtaste adgangskode. Du skal blot scanne QR-koden med et smartphone-kamera, og dine g\u00e6ster er online. Dette praktiske og diskrete klisterm\u00e6rke kan placeres hvor som helst, s\u00e5som p\u00e5 borde, diske eller v\u00e6gge, og er ideelt til restauranter, caf\u00e9er, hoteller, kontorer eller offentlige rum.<\/p>\n<p><strong>Fordele ved WIFI QR Code Sticker:<\/strong><\/p>\n<ul>\n<li><strong>Hurtig WLAN-adgang:<\/strong> Bare scan og tilslut \u2013 ikke mere kedelig adgangskodeindtastning.<\/li>\n<li><strong>Alsidig brug:<\/strong> Kl\u00e6ber til alle glatte overflader, perfekt til borde, d\u00f8re, v\u00e6gge eller diske.<\/li>\n<li><strong>Omkostningseffektiv og effektiv:<\/strong> En enkel m\u00e5de at tilbyde WLAN-adgang uden yderligere hardware eller dyre systemer.<\/li>\n<li><strong>Diskret design:<\/strong> Diskret, men let at finde \u2013 QR-koden er tydelig og synlig for dine kunder.<\/li>\n<li><strong>Kompatibel med alle enheder:<\/strong> Fungerer med Android- og iOS-enheder, og b\u00e6rbare brugere kan manuelt indtaste loginoplysningerne.<\/li>\n<\/ul>\n<p>Placer WIFI QR Code-m\u00e6rkatet p\u00e5 strategiske steder i din virksomhed, og g\u00f8r det nemt for dine kunder at oprette forbindelse hurtigt og ubesv\u00e6ret til dit WLAN.<\/p>\n","protected":false},"featured_media":101056,"comment_status":"open","ping_status":"closed","template":"","meta":{"_acf_changed":false,"_yoast_wpseo_focuskw":"WiFi QR-kode Klisterm\u00e6rke","_yoast_wpseo_title":"WIFI QR Code Sticker Clean | truzzer","_yoast_wpseo_metadesc":"Nem WiFi-adgang for dine g\u00e6ster med WIFI QR Code Sticker Clean fra truzzer. Nem ops\u00e6tning, klar til brug. Bestil nu!"},"product_brand":[],"product_cat":[467,466,1550],"product_tag":[],"class_list":{"0":"post-101053","1":"product","2":"type-product","3":"status-publish","4":"has-post-thumbnail","6":"product_cat-qr-kode-klistermaerker","7":"product_cat-qr-kode-produkter","8":"product_cat-wifi-klistermaerker-med-qr-kode","9":"pa_industry-detailhandel","10":"pa_industry-fitness-gym","11":"pa_industry-restaurant-cafe","12":"pa_material-vinyl","13":"pa_placement-balie-receptie","14":"pa_placement-verpakking","15":"pa_placement-window-door","16":"pa_product-type-klistermaerke","17":"pa_shape-vierkant","18":"pa_technology-qr-code","19":"pa_technology-qr-kode","21":"first","22":"instock","23":"taxable","24":"shipping-taxable","25":"purchasable","26":"product-type-variable","27":"has-default-attributes"},"acf":[],"yoast_head":"<!-- This site is optimized with the Yoast SEO plugin v27.0 - https:\/\/yoast.com\/product\/yoast-seo-wordpress\/ -->\n<title>WIFI QR Code Sticker Clean | truzzer<\/title>\n<meta name=\"description\" content=\"Nem WiFi-adgang for dine g\u00e6ster med WIFI QR Code Sticker Clean fra truzzer. Nem ops\u00e6tning, klar til brug. Bestil nu!\" \/>\n<meta name=\"robots\" content=\"index, follow, max-snippet:-1, max-image-preview:large, max-video-preview:-1\" \/>\n<link rel=\"canonical\" href=\"https:\/\/www.truzzer.com\/da\/vare\/wifi-qr-code-sticker-clean\/\" \/>\n<meta property=\"og:locale\" content=\"da_DK\" \/>\n<meta property=\"og:type\" content=\"article\" \/>\n<meta property=\"og:title\" content=\"WIFI QR Code Sticker Clean | truzzer\" \/>\n<meta property=\"og:description\" content=\"Nem WiFi-adgang for dine g\u00e6ster med WIFI QR Code Sticker Clean fra truzzer. Nem ops\u00e6tning, klar til brug. Bestil nu!\" \/>\n<meta property=\"og:url\" content=\"https:\/\/www.truzzer.com\/da\/vare\/wifi-qr-code-sticker-clean\/\" \/>\n<meta property=\"og:site_name\" content=\"truzzer\" \/>\n<meta property=\"article:modified_time\" content=\"2026-02-13T08:18:11+00:00\" \/>\n<meta property=\"og:image\" content=\"https:\/\/www.truzzer.com\/wp-content\/uploads\/2026\/02\/sticker-wifi-regular-2.jpg\" \/>\n\t<meta property=\"og:image:width\" content=\"1400\" \/>\n\t<meta property=\"og:image:height\" content=\"1400\" \/>\n\t<meta property=\"og:image:type\" content=\"image\/jpeg\" \/>\n<meta name=\"twitter:card\" content=\"summary_large_image\" \/>\n<meta name=\"twitter:label1\" content=\"Estimeret l\u00e6setid\" \/>\n\t<meta name=\"twitter:data1\" content=\"3 minutter\" \/>\n<script type=\"application\/ld+json\" class=\"yoast-schema-graph\">{\"@context\":\"https:\/\/schema.org\",\"@graph\":[{\"@type\":\"WebPage\",\"@id\":\"https:\/\/www.truzzer.com\/da\/vare\/wifi-qr-code-sticker-clean\/\",\"url\":\"https:\/\/www.truzzer.com\/da\/vare\/wifi-qr-code-sticker-clean\/\",\"name\":\"WIFI QR Code Sticker Clean | truzzer\",\"isPartOf\":{\"@id\":\"https:\/\/www.truzzer.com\/da\/#website\"},\"primaryImageOfPage\":{\"@id\":\"https:\/\/www.truzzer.com\/da\/vare\/wifi-qr-code-sticker-clean\/#primaryimage\"},\"image\":{\"@id\":\"https:\/\/www.truzzer.com\/da\/vare\/wifi-qr-code-sticker-clean\/#primaryimage\"},\"thumbnailUrl\":\"https:\/\/www.truzzer.com\/wp-content\/uploads\/2026\/02\/sticker-wifi-regular-2.jpg\",\"datePublished\":\"2026-02-01T19:56:08+00:00\",\"dateModified\":\"2026-02-13T08:18:11+00:00\",\"description\":\"Nem WiFi-adgang for dine g\u00e6ster med WIFI QR Code Sticker Clean fra truzzer. Nem ops\u00e6tning, klar til brug. Bestil nu!\",\"breadcrumb\":{\"@id\":\"https:\/\/www.truzzer.com\/da\/vare\/wifi-qr-code-sticker-clean\/#breadcrumb\"},\"inLanguage\":\"da-DK\",\"potentialAction\":[{\"@type\":\"ReadAction\",\"target\":[\"https:\/\/www.truzzer.com\/da\/vare\/wifi-qr-code-sticker-clean\/\"]}]},{\"@type\":\"ImageObject\",\"inLanguage\":\"da-DK\",\"@id\":\"https:\/\/www.truzzer.com\/da\/vare\/wifi-qr-code-sticker-clean\/#primaryimage\",\"url\":\"https:\/\/www.truzzer.com\/wp-content\/uploads\/2026\/02\/sticker-wifi-regular-2.jpg\",\"contentUrl\":\"https:\/\/www.truzzer.com\/wp-content\/uploads\/2026\/02\/sticker-wifi-regular-2.jpg\",\"width\":1400,\"height\":1400},{\"@type\":\"BreadcrumbList\",\"@id\":\"https:\/\/www.truzzer.com\/da\/vare\/wifi-qr-code-sticker-clean\/#breadcrumb\",\"itemListElement\":[{\"@type\":\"ListItem\",\"position\":1,\"name\":\"Home\",\"item\":\"https:\/\/www.truzzer.com\/da\/\"},{\"@type\":\"ListItem\",\"position\":2,\"name\":\"Butik\",\"item\":\"https:\/\/www.truzzer.com\/da\/shop\/\"},{\"@type\":\"ListItem\",\"position\":3,\"name\":\"WIFI QR Code Sticker Clean\"}]},{\"@type\":\"WebSite\",\"@id\":\"https:\/\/www.truzzer.com\/da\/#website\",\"url\":\"https:\/\/www.truzzer.com\/da\/\",\"name\":\"truzzer\",\"description\":\"Experts for customer trust\",\"publisher\":{\"@id\":\"https:\/\/www.truzzer.com\/da\/#organization\"},\"potentialAction\":[{\"@type\":\"SearchAction\",\"target\":{\"@type\":\"EntryPoint\",\"urlTemplate\":\"https:\/\/www.truzzer.com\/da\/?s={search_term_string}\"},\"query-input\":{\"@type\":\"PropertyValueSpecification\",\"valueRequired\":true,\"valueName\":\"search_term_string\"}}],\"inLanguage\":\"da-DK\"},{\"@type\":\"Organization\",\"@id\":\"https:\/\/www.truzzer.com\/da\/#organization\",\"name\":\"truzzer\",\"url\":\"https:\/\/www.truzzer.com\/da\/\",\"logo\":{\"@type\":\"ImageObject\",\"inLanguage\":\"da-DK\",\"@id\":\"https:\/\/www.truzzer.com\/da\/#\/schema\/logo\/image\/\",\"url\":\"https:\/\/truzzer.com\/wp-content\/uploads\/2026\/01\/truzzer-logo-black-1.svg\",\"contentUrl\":\"https:\/\/truzzer.com\/wp-content\/uploads\/2026\/01\/truzzer-logo-black-1.svg\",\"width\":938,\"height\":199,\"caption\":\"truzzer\"},\"image\":{\"@id\":\"https:\/\/www.truzzer.com\/da\/#\/schema\/logo\/image\/\"}}]}<\/script>\n<!-- \/ Yoast SEO plugin. -->","yoast_head_json":{"title":"WIFI QR Code Sticker Clean | truzzer","description":"Nem WiFi-adgang for dine g\u00e6ster med WIFI QR Code Sticker Clean fra truzzer. Nem ops\u00e6tning, klar til brug. Bestil nu!","robots":{"index":"index","follow":"follow","max-snippet":"max-snippet:-1","max-image-preview":"max-image-preview:large","max-video-preview":"max-video-preview:-1"},"canonical":"https:\/\/www.truzzer.com\/da\/vare\/wifi-qr-code-sticker-clean\/","og_locale":"da_DK","og_type":"article","og_title":"WIFI QR Code Sticker Clean | truzzer","og_description":"Nem WiFi-adgang for dine g\u00e6ster med WIFI QR Code Sticker Clean fra truzzer. Nem ops\u00e6tning, klar til brug. Bestil nu!","og_url":"https:\/\/www.truzzer.com\/da\/vare\/wifi-qr-code-sticker-clean\/","og_site_name":"truzzer","article_modified_time":"2026-02-13T08:18:11+00:00","og_image":[{"width":1400,"height":1400,"url":"https:\/\/www.truzzer.com\/wp-content\/uploads\/2026\/02\/sticker-wifi-regular-2.jpg","type":"image\/jpeg"}],"twitter_card":"summary_large_image","twitter_misc":{"Estimeret l\u00e6setid":"3 minutter"},"schema":{"@context":"https:\/\/schema.org","@graph":[{"@type":"WebPage","@id":"https:\/\/www.truzzer.com\/da\/vare\/wifi-qr-code-sticker-clean\/","url":"https:\/\/www.truzzer.com\/da\/vare\/wifi-qr-code-sticker-clean\/","name":"WIFI QR Code Sticker Clean | truzzer","isPartOf":{"@id":"https:\/\/www.truzzer.com\/da\/#website"},"primaryImageOfPage":{"@id":"https:\/\/www.truzzer.com\/da\/vare\/wifi-qr-code-sticker-clean\/#primaryimage"},"image":{"@id":"https:\/\/www.truzzer.com\/da\/vare\/wifi-qr-code-sticker-clean\/#primaryimage"},"thumbnailUrl":"https:\/\/www.truzzer.com\/wp-content\/uploads\/2026\/02\/sticker-wifi-regular-2.jpg","datePublished":"2026-02-01T19:56:08+00:00","dateModified":"2026-02-13T08:18:11+00:00","description":"Nem WiFi-adgang for dine g\u00e6ster med WIFI QR Code Sticker Clean fra truzzer. Nem ops\u00e6tning, klar til brug. Bestil nu!","breadcrumb":{"@id":"https:\/\/www.truzzer.com\/da\/vare\/wifi-qr-code-sticker-clean\/#breadcrumb"},"inLanguage":"da-DK","potentialAction":[{"@type":"ReadAction","target":["https:\/\/www.truzzer.com\/da\/vare\/wifi-qr-code-sticker-clean\/"]}]},{"@type":"ImageObject","inLanguage":"da-DK","@id":"https:\/\/www.truzzer.com\/da\/vare\/wifi-qr-code-sticker-clean\/#primaryimage","url":"https:\/\/www.truzzer.com\/wp-content\/uploads\/2026\/02\/sticker-wifi-regular-2.jpg","contentUrl":"https:\/\/www.truzzer.com\/wp-content\/uploads\/2026\/02\/sticker-wifi-regular-2.jpg","width":1400,"height":1400},{"@type":"BreadcrumbList","@id":"https:\/\/www.truzzer.com\/da\/vare\/wifi-qr-code-sticker-clean\/#breadcrumb","itemListElement":[{"@type":"ListItem","position":1,"name":"Home","item":"https:\/\/www.truzzer.com\/da\/"},{"@type":"ListItem","position":2,"name":"Butik","item":"https:\/\/www.truzzer.com\/da\/shop\/"},{"@type":"ListItem","position":3,"name":"WIFI QR Code Sticker Clean"}]},{"@type":"WebSite","@id":"https:\/\/www.truzzer.com\/da\/#website","url":"https:\/\/www.truzzer.com\/da\/","name":"truzzer","description":"Experts for customer trust","publisher":{"@id":"https:\/\/www.truzzer.com\/da\/#organization"},"potentialAction":[{"@type":"SearchAction","target":{"@type":"EntryPoint","urlTemplate":"https:\/\/www.truzzer.com\/da\/?s={search_term_string}"},"query-input":{"@type":"PropertyValueSpecification","valueRequired":true,"valueName":"search_term_string"}}],"inLanguage":"da-DK"},{"@type":"Organization","@id":"https:\/\/www.truzzer.com\/da\/#organization","name":"truzzer","url":"https:\/\/www.truzzer.com\/da\/","logo":{"@type":"ImageObject","inLanguage":"da-DK","@id":"https:\/\/www.truzzer.com\/da\/#\/schema\/logo\/image\/","url":"https:\/\/truzzer.com\/wp-content\/uploads\/2026\/01\/truzzer-logo-black-1.svg","contentUrl":"https:\/\/truzzer.com\/wp-content\/uploads\/2026\/01\/truzzer-logo-black-1.svg","width":938,"height":199,"caption":"truzzer"},"image":{"@id":"https:\/\/www.truzzer.com\/da\/#\/schema\/logo\/image\/"}}]}},"tiered_pricing_type":"fixed","tiered_pricing_fixed_rules":[],"tiered_pricing_product_settings":{"layout":"default","base_unit_name":{"singular":null,"plural":null},"default_variation":null},"tiered_pricing_minimum_quantity":null,"tiered_pricing_roles_data":[],"tiered_pricing_percentage_rules":[],"tiered_pricing_maximum_quantity":null,"tiered_pricing_quantity_step":null,"_links":{"self":[{"href":"https:\/\/www.truzzer.com\/da\/wp-json\/wp\/v2\/product\/101053","targetHints":{"allow":["GET"]}}],"collection":[{"href":"https:\/\/www.truzzer.com\/da\/wp-json\/wp\/v2\/product"}],"about":[{"href":"https:\/\/www.truzzer.com\/da\/wp-json\/wp\/v2\/types\/product"}],"replies":[{"embeddable":true,"href":"https:\/\/www.truzzer.com\/da\/wp-json\/wp\/v2\/comments?post=101053"}],"wp:featuredmedia":[{"embeddable":true,"href":"https:\/\/www.truzzer.com\/da\/wp-json\/wp\/v2\/media\/101056"}],"wp:attachment":[{"href":"https:\/\/www.truzzer.com\/da\/wp-json\/wp\/v2\/media?parent=101053"}],"wp:term":[{"taxonomy":"product_brand","embeddable":true,"href":"https:\/\/www.truzzer.com\/da\/wp-json\/wp\/v2\/product_brand?post=101053"},{"taxonomy":"product_cat","embeddable":true,"href":"https:\/\/www.truzzer.com\/da\/wp-json\/wp\/v2\/product_cat?post=101053"},{"taxonomy":"product_tag","embeddable":true,"href":"https:\/\/www.truzzer.com\/da\/wp-json\/wp\/v2\/product_tag?post=101053"}],"curies":[{"name":"wp","href":"https:\/\/api.w.org\/{rel}","templated":true}]}}