{"id":101069,"date":"2026-02-01T19:55:57","date_gmt":"2026-02-01T19:55:57","guid":{"rendered":"https:\/\/beta.truzzer.com\/product\/smart-nfc-vcard-business-card-personal-2\/"},"modified":"2026-02-13T08:19:31","modified_gmt":"2026-02-13T08:19:31","slug":"smart-nfc-vcard-business-card-personal-2","status":"publish","type":"product","link":"https:\/\/www.truzzer.com\/da\/vare\/smart-nfc-vcard-business-card-personal-2\/","title":{"rendered":"Smart NFC VCARD Visitkort Personligt"},"content":{"rendered":"<p><strong>Vi introducerer Truzzer NFC visitkort \u2013 Netv\u00e6rkets smarte fremtid<\/strong><\/p>\n<p data-pm-slice=\"1 1 []\">I en stadig mere digital verden er det vigtigt at pr\u00e6sentere dig selv p\u00e5 en moderne og professionel m\u00e5de. De nye <strong>Truzzer NFC visitkort<\/strong> tilbyder pr\u00e6cis det: en innovativ, b\u00e6redygtig og ubesv\u00e6ret m\u00e5de at dele dine kontaktoplysninger p\u00e5. Sig farvel til store stakke papir eller den kedelige opgave at skrive detaljer \u2013 overf\u00f8r i stedet dit digitale visitkort med et enkelt tryk og efterlad et varigt indtryk.<\/p>\n<h3>Hvorfor v\u00e6lge Truzzer NFC visitkort?<\/h3>\n<p>Traditionelle visitkort har v\u00e6ret en fast bestanddel i forretningsverdenen i \u00e5rhundreder, men der er en smartere, mere effektiv og milj\u00f8venlig l\u00f8sning: NFC-teknologi. NFC st\u00e5r for Near Field Communication og muligg\u00f8r hurtig, tr\u00e5dl\u00f8s dataudveksling ved at tillade to enheder i umiddelbar n\u00e6rhed at kommunikere. Truzzer integrerer denne avancerede teknologi i sine visitkort og bringer dine kontaktoplysninger direkte til modtagerens smartphone \u2013 p\u00e5 f\u00e5 sekunder og uden nogen manuel indsats.<\/p>\n<p>Med <strong>Truzzer NFC visitkort<\/strong> bidrager du ikke kun til digitaliseringen af dit netv\u00e6rk, men giver ogs\u00e5 en klar erkl\u00e6ring om b\u00e6redygtighed. Du fjerner papirspild og reducerer dit \u00f8kologiske fodaftryk, da kortene kan bruges flere gange uden behov for genoptryk.<\/p>\n<h3>Din personlige vCard-profil \u2013 en afspejling af din professionalisme<\/h3>\n<p>Truzzer NFC visitkort giver dig muligheden for at oprette en vCard-profil, der er skr\u00e6ddersyet specifikt til dine behov. Dit vCard indeholder alle de vigtige oplysninger, du \u00f8nsker at dele \u2013 i et attraktivt og let tilg\u00e6ngeligt format. Uanset om det er dit telefonnummer, e-mailadresse, links til websteder, profiler p\u00e5 sociale medier eller virksomhedsoplysninger, samler dit vCard alt p\u00e5 \u00e9t sted.<\/p>\n<p>Hos Truzzer betyder individuel virkelig individuel: du har friheden til at tilpasse layoutet og indholdet af dit vCard, som du \u00f8nsker. Dette sikrer, at dit digitale visitkort ikke kun er funktionelt, men ogs\u00e5 afspejler din personlige eller virksomhedsstil. Hvert tryk p\u00e5 dit NFC visitkort er ikke bare en udveksling af information, men en erkl\u00e6ring om dit brand eller din persona.<\/p>\n<h3>S\u00e5 enkelt er det<\/h3>\n<p>Brug af Truzzer NFC visitkort kunne ikke v\u00e6re nemmere: Tryk blot p\u00e5 en NFC-aktiveret smartphone med kortet, og dit vCard \u00e5bner automatisk. Modtageren kan gemme dine oplysninger i deres adressebog med et enkelt klik \u2013 ingen besv\u00e6rlig indtastning eller scanning af QR-koder. Dette sparer v\u00e6rdifuld tid og g\u00f8r udveksling af kontakter mere effektiv og problemfri end nogensinde f\u00f8r.<\/p>\n<ul>\n<li>\n<p data-pm-slice=\"1 1 []\"><strong>Hurtig kontaktoverf\u00f8rsel:<\/strong> Dine kontaktoplysninger overf\u00f8res til modtagerens smartphone p\u00e5 f\u00e5 sekunder.<\/p>\n<\/li>\n<li>\n<p data-pm-slice=\"1 1 []\"><strong>Kompatibel med de fleste enheder:<\/strong> NFC-teknologien fungerer p\u00e5 alle moderne smartphones, uanset om det er Android eller iOS.<\/p>\n<\/li>\n<li>\n<p data-pm-slice=\"1 1 []\"><strong>Ingen flere papirproblemer:<\/strong> Sig farvel til glemte eller forlagte visitkort \u2013 dit digitale vCard er altid lige ved h\u00e5nden og forbliver opdateret.<\/p>\n<\/li>\n<\/ul>\n<h3>B\u00e6redygtighed og genbrugelighed<\/h3>\n<p>Et andet st\u00e6rkt argument for Truzzer NFC visitkort er deres milj\u00f8venlighed. Papir er en begr\u00e6nset ressource, og traditionelle visitkort kasseres ofte efter en enkelt brug. Med vores NFC mulighed kan du undg\u00e5 dette un\u00f8dvendige spild. Da kortene kan genbruges flere gange, og der ikke er nogen l\u00f8bende omkostninger til genoptryk, sparer du ressourcer og penge.<\/p>\n<p>Desuden kan du opdatere dit NFC visitkort til enhver tid. \u00c6ndringer i din stilling, virksomhed eller nye kontaktoplysninger? Intet problem! Din vCard-profil kan justeres i realtid uden behov for et nyt kort. Det betyder, at n\u00e5r dit Truzzer NFC visitkort er oprettet, forbliver det altid opdateret.<\/p>\n<h3>G\u00f8r et professionelt indtryk p\u00e5 messer og begivenheder<\/h3>\n<p>Uanset om det er p\u00e5 messer, konferencer eller forretningsm\u00f8der &#8211; med Truzzer NFC visitkort skiller du dig ud fra m\u00e6ngden. Du demonstrerer ikke kun din tekniske indsigt, men ogs\u00e5 din vilje til at forbinde ved hj\u00e6lp af moderne, digitale l\u00f8sninger. Med en enkelt gestus deler du dine data professionelt og b\u00e6redygtigt, hvilket efterlader et varigt indtryk p\u00e5 potentielle forretningspartnere.<\/p>\n<p>I en verden, hvor f\u00f8rste indtryk t\u00e6ller, tilbyder Truzzer dig den perfekte m\u00e5de at optimere dette indtryk p\u00e5. Vores NFC visitkort er mere end blot et praktisk v\u00e6rkt\u00f8j &#8211; de understreger din professionalisme, innovation og milj\u00f8ansvar.<\/p>\n","protected":false},"excerpt":{"rendered":"<p><strong>Vi introducerer Truzzer NFC visitkort \u2013 Smart Card med personlig vCard-profil<\/strong><\/p>\n<p data-pm-slice=\"1 1 []\">Presenter dig selv og din virksomhed p\u00e5 den mest moderne m\u00e5de som muligt &#8211; med de nye <strong>Truzzer NFC visitkort<\/strong>. Dette innovative kort giver dig mulighed for at overf\u00f8re dine kontaktoplysninger direkte til din modparts smartphone via NFC (Near Field Communication). Intet papir, ingen scanning, ingen skrivning \u2013 du skal blot trykke, og dit digitale visitkort vises med det samme.<\/p>\n<h3>Dine fordele p\u00e5 et \u00f8jeblik:<\/h3>\n<ul>\n<li><strong>Personlig tilpasset vCard-profil: <\/strong>Tilpas dit NFC-visitkort med dine personlige eller professionelle kontaktoplysninger \u2013 fra telefonnummer og e-mailadresse til sociale netv\u00e6rk og webstedslinks.<\/li>\n<li><strong>Nem at bruge: <\/strong>Bare et hurtigt tryk, og dine kontaktoplysninger gemmes automatisk p\u00e5 modtagerens smartphone.<\/li>\n<li><strong>Milj\u00f8venlig og b\u00e6redygtig: <\/strong>Spar papir og ressourcer ved at v\u00e6lge dette fremtidssikrede digitale alternativ.<\/li>\n<li><strong>Genbrugelig: <\/strong>N\u00e5r det er oprettet, kan du bruge dit NFC-visitkort gentagne gange \u2013 ideelt til netv\u00e6rksbegivenheder, m\u00f8der eller messer.<\/li>\n<li><strong>Professionelt udseende: <\/strong>Vis dine forretningspartnere og kunder, at du omfavner innovative teknologier og altid er et skridt foran.<\/li>\n<\/ul>\n<h3>S\u00e5dan virker det:<\/h3>\n<ol>\n<li>\n<p data-pm-slice=\"1 1 []\">Tryk NFC-visitkortet til modtagerens smartphone: NFC-teknologien starter overf\u00f8rslen med det samme.<\/p>\n<\/li>\n<li>\n<p data-pm-slice=\"1 1 []\">Kontaktoplysninger vises automatisk: Dine oplysninger vises som et vCard p\u00e5 modtagerens sk\u00e6rm.<\/p>\n<\/li>\n<li>\n<p data-pm-slice=\"1 1 []\">Besv\u00e6r med at gemme: Modtageren kan nemt gemme dine oplysninger i deres adressebog \u2013 ingen manuel input n\u00f8dvendig.<\/p>\n<\/li>\n<\/ol>\n<p data-pm-slice=\"1 1 []\">Oplev netv\u00e6rk p\u00e5 et nyt niveau og g\u00f8r et varigt indtryk med <strong>Truzzer NFC visitkort<\/strong>!<\/p>\n<p data-pm-slice=\"1 1 []\">Du kan tilpasse din vCard-profil umiddelbart efter at have modtaget den, lige efter den f\u00f8rste scanning.<\/p>\n<p data-pm-slice=\"1 1 []\">Opdag de forskellige profiltyper, du kan v\u00e6lge nedenfor:<\/p>\n<p><a href=\"https:\/\/truzzer.ekomiapps.de\/test_personal\" target=\"_blank\" rel=\"noopener\">Personlig &gt;<\/a><br \/>\n<a href=\"https:\/\/truzzer.ekomiapps.de\/test_restaurant\" target=\"_blank\" rel=\"noopener\">Restaurant &gt;<\/a><br \/>\n<a href=\"https:\/\/truzzer.ekomiapps.de\/test_real_estate\" target=\"_blank\" rel=\"noopener\">M\u00e6gler &gt;<\/a><br \/>\n<a href=\"https:\/\/truzzer.ekomiapps.de\/test_shop\" target=\"_blank\" rel=\"noopener\">Shop &gt;<\/a><br \/>\n<a href=\"https:\/\/truzzer.ekomiapps.de\/test_appointment\" target=\"_blank\" rel=\"noopener\">Aftaleplanl\u00e6gning &gt;<\/a><\/p>\n","protected":false},"featured_media":101083,"comment_status":"open","ping_status":"closed","template":"","meta":{"_acf_changed":false,"_yoast_wpseo_focuskw":"NFC VCARD NFC Kort","_yoast_wpseo_title":"Smart NFC VCARD Business Card Personal | truzzer","_yoast_wpseo_metadesc":"Del dine kontaktoplysninger digitalt med Smart NFC VCARD Business Card Personal fra truzzer. Nem ops\u00e6tning, klar til brug. Bestil nu!"},"product_brand":[],"product_cat":[327,552],"product_tag":[],"class_list":{"0":"post-101069","1":"product","2":"type-product","3":"status-publish","4":"has-post-thumbnail","6":"product_cat-ikke-kategoriseret","7":"product_cat-nfc-produkter","8":"pa_industry-bureau-radgivning","9":"pa_industry-ejendom-goed","10":"pa_industry-lokale-diensten","11":"pa_material-plastic","12":"pa_placement-balie-receptie","13":"pa_placement-brochure","14":"pa_placement-portemonnee-persoonlijk","15":"pa_product-type-visitekaartjes","16":"pa_technology-nfc","18":"first","19":"instock","20":"taxable","21":"shipping-taxable","22":"product-type-simple"},"acf":[],"yoast_head":"<!-- This site is optimized with the Yoast SEO plugin v27.0 - https:\/\/yoast.com\/product\/yoast-seo-wordpress\/ -->\n<title>Smart NFC VCARD Business Card Personal | truzzer<\/title>\n<meta name=\"description\" content=\"Del dine kontaktoplysninger digitalt med Smart NFC VCARD Business Card Personal fra truzzer. Nem ops\u00e6tning, klar til brug. Bestil nu!\" \/>\n<meta name=\"robots\" content=\"index, follow, max-snippet:-1, max-image-preview:large, max-video-preview:-1\" \/>\n<link rel=\"canonical\" href=\"https:\/\/www.truzzer.com\/da\/vare\/smart-nfc-vcard-business-card-personal-2\/\" \/>\n<meta property=\"og:locale\" content=\"da_DK\" \/>\n<meta property=\"og:type\" content=\"article\" \/>\n<meta property=\"og:title\" content=\"Smart NFC VCARD Business Card Personal | truzzer\" \/>\n<meta property=\"og:description\" content=\"Del dine kontaktoplysninger digitalt med Smart NFC VCARD Business Card Personal fra truzzer. Nem ops\u00e6tning, klar til brug. Bestil nu!\" \/>\n<meta property=\"og:url\" content=\"https:\/\/www.truzzer.com\/da\/vare\/smart-nfc-vcard-business-card-personal-2\/\" \/>\n<meta property=\"og:site_name\" content=\"truzzer\" \/>\n<meta property=\"article:modified_time\" content=\"2026-02-13T08:19:31+00:00\" \/>\n<meta property=\"og:image\" content=\"https:\/\/www.truzzer.com\/wp-content\/uploads\/2026\/02\/smart-nfc-vcard-placeholder-back-2.jpg\" \/>\n\t<meta property=\"og:image:width\" content=\"1400\" \/>\n\t<meta property=\"og:image:height\" content=\"1400\" \/>\n\t<meta property=\"og:image:type\" content=\"image\/jpeg\" \/>\n<meta name=\"twitter:card\" content=\"summary_large_image\" \/>\n<meta name=\"twitter:label1\" content=\"Estimeret l\u00e6setid\" \/>\n\t<meta name=\"twitter:data1\" content=\"3 minutter\" \/>\n<script type=\"application\/ld+json\" class=\"yoast-schema-graph\">{\"@context\":\"https:\/\/schema.org\",\"@graph\":[{\"@type\":\"WebPage\",\"@id\":\"https:\/\/www.truzzer.com\/da\/vare\/smart-nfc-vcard-business-card-personal-2\/\",\"url\":\"https:\/\/www.truzzer.com\/da\/vare\/smart-nfc-vcard-business-card-personal-2\/\",\"name\":\"Smart NFC VCARD Business Card Personal | truzzer\",\"isPartOf\":{\"@id\":\"https:\/\/www.truzzer.com\/da\/#website\"},\"primaryImageOfPage\":{\"@id\":\"https:\/\/www.truzzer.com\/da\/vare\/smart-nfc-vcard-business-card-personal-2\/#primaryimage\"},\"image\":{\"@id\":\"https:\/\/www.truzzer.com\/da\/vare\/smart-nfc-vcard-business-card-personal-2\/#primaryimage\"},\"thumbnailUrl\":\"https:\/\/www.truzzer.com\/wp-content\/uploads\/2026\/02\/smart-nfc-vcard-placeholder-back-2.jpg\",\"datePublished\":\"2026-02-01T19:55:57+00:00\",\"dateModified\":\"2026-02-13T08:19:31+00:00\",\"description\":\"Del dine kontaktoplysninger digitalt med Smart NFC VCARD Business Card Personal fra truzzer. Nem ops\u00e6tning, klar til brug. Bestil nu!\",\"breadcrumb\":{\"@id\":\"https:\/\/www.truzzer.com\/da\/vare\/smart-nfc-vcard-business-card-personal-2\/#breadcrumb\"},\"inLanguage\":\"da-DK\",\"potentialAction\":[{\"@type\":\"ReadAction\",\"target\":[\"https:\/\/www.truzzer.com\/da\/vare\/smart-nfc-vcard-business-card-personal-2\/\"]}]},{\"@type\":\"ImageObject\",\"inLanguage\":\"da-DK\",\"@id\":\"https:\/\/www.truzzer.com\/da\/vare\/smart-nfc-vcard-business-card-personal-2\/#primaryimage\",\"url\":\"https:\/\/www.truzzer.com\/wp-content\/uploads\/2026\/02\/smart-nfc-vcard-placeholder-back-2.jpg\",\"contentUrl\":\"https:\/\/www.truzzer.com\/wp-content\/uploads\/2026\/02\/smart-nfc-vcard-placeholder-back-2.jpg\",\"width\":1400,\"height\":1400},{\"@type\":\"BreadcrumbList\",\"@id\":\"https:\/\/www.truzzer.com\/da\/vare\/smart-nfc-vcard-business-card-personal-2\/#breadcrumb\",\"itemListElement\":[{\"@type\":\"ListItem\",\"position\":1,\"name\":\"Home\",\"item\":\"https:\/\/www.truzzer.com\/da\/\"},{\"@type\":\"ListItem\",\"position\":2,\"name\":\"Butik\",\"item\":\"https:\/\/www.truzzer.com\/da\/shop\/\"},{\"@type\":\"ListItem\",\"position\":3,\"name\":\"Smart NFC VCARD Visitkort Personligt\"}]},{\"@type\":\"WebSite\",\"@id\":\"https:\/\/www.truzzer.com\/da\/#website\",\"url\":\"https:\/\/www.truzzer.com\/da\/\",\"name\":\"truzzer\",\"description\":\"Experts for customer trust\",\"publisher\":{\"@id\":\"https:\/\/www.truzzer.com\/da\/#organization\"},\"potentialAction\":[{\"@type\":\"SearchAction\",\"target\":{\"@type\":\"EntryPoint\",\"urlTemplate\":\"https:\/\/www.truzzer.com\/da\/?s={search_term_string}\"},\"query-input\":{\"@type\":\"PropertyValueSpecification\",\"valueRequired\":true,\"valueName\":\"search_term_string\"}}],\"inLanguage\":\"da-DK\"},{\"@type\":\"Organization\",\"@id\":\"https:\/\/www.truzzer.com\/da\/#organization\",\"name\":\"truzzer\",\"url\":\"https:\/\/www.truzzer.com\/da\/\",\"logo\":{\"@type\":\"ImageObject\",\"inLanguage\":\"da-DK\",\"@id\":\"https:\/\/www.truzzer.com\/da\/#\/schema\/logo\/image\/\",\"url\":\"https:\/\/truzzer.com\/wp-content\/uploads\/2026\/01\/truzzer-logo-black-1.svg\",\"contentUrl\":\"https:\/\/truzzer.com\/wp-content\/uploads\/2026\/01\/truzzer-logo-black-1.svg\",\"width\":938,\"height\":199,\"caption\":\"truzzer\"},\"image\":{\"@id\":\"https:\/\/www.truzzer.com\/da\/#\/schema\/logo\/image\/\"}}]}<\/script>\n<!-- \/ Yoast SEO plugin. -->","yoast_head_json":{"title":"Smart NFC VCARD Business Card Personal | truzzer","description":"Del dine kontaktoplysninger digitalt med Smart NFC VCARD Business Card Personal fra truzzer. Nem ops\u00e6tning, klar til brug. Bestil nu!","robots":{"index":"index","follow":"follow","max-snippet":"max-snippet:-1","max-image-preview":"max-image-preview:large","max-video-preview":"max-video-preview:-1"},"canonical":"https:\/\/www.truzzer.com\/da\/vare\/smart-nfc-vcard-business-card-personal-2\/","og_locale":"da_DK","og_type":"article","og_title":"Smart NFC VCARD Business Card Personal | truzzer","og_description":"Del dine kontaktoplysninger digitalt med Smart NFC VCARD Business Card Personal fra truzzer. Nem ops\u00e6tning, klar til brug. Bestil nu!","og_url":"https:\/\/www.truzzer.com\/da\/vare\/smart-nfc-vcard-business-card-personal-2\/","og_site_name":"truzzer","article_modified_time":"2026-02-13T08:19:31+00:00","og_image":[{"width":1400,"height":1400,"url":"https:\/\/www.truzzer.com\/wp-content\/uploads\/2026\/02\/smart-nfc-vcard-placeholder-back-2.jpg","type":"image\/jpeg"}],"twitter_card":"summary_large_image","twitter_misc":{"Estimeret l\u00e6setid":"3 minutter"},"schema":{"@context":"https:\/\/schema.org","@graph":[{"@type":"WebPage","@id":"https:\/\/www.truzzer.com\/da\/vare\/smart-nfc-vcard-business-card-personal-2\/","url":"https:\/\/www.truzzer.com\/da\/vare\/smart-nfc-vcard-business-card-personal-2\/","name":"Smart NFC VCARD Business Card Personal | truzzer","isPartOf":{"@id":"https:\/\/www.truzzer.com\/da\/#website"},"primaryImageOfPage":{"@id":"https:\/\/www.truzzer.com\/da\/vare\/smart-nfc-vcard-business-card-personal-2\/#primaryimage"},"image":{"@id":"https:\/\/www.truzzer.com\/da\/vare\/smart-nfc-vcard-business-card-personal-2\/#primaryimage"},"thumbnailUrl":"https:\/\/www.truzzer.com\/wp-content\/uploads\/2026\/02\/smart-nfc-vcard-placeholder-back-2.jpg","datePublished":"2026-02-01T19:55:57+00:00","dateModified":"2026-02-13T08:19:31+00:00","description":"Del dine kontaktoplysninger digitalt med Smart NFC VCARD Business Card Personal fra truzzer. Nem ops\u00e6tning, klar til brug. Bestil nu!","breadcrumb":{"@id":"https:\/\/www.truzzer.com\/da\/vare\/smart-nfc-vcard-business-card-personal-2\/#breadcrumb"},"inLanguage":"da-DK","potentialAction":[{"@type":"ReadAction","target":["https:\/\/www.truzzer.com\/da\/vare\/smart-nfc-vcard-business-card-personal-2\/"]}]},{"@type":"ImageObject","inLanguage":"da-DK","@id":"https:\/\/www.truzzer.com\/da\/vare\/smart-nfc-vcard-business-card-personal-2\/#primaryimage","url":"https:\/\/www.truzzer.com\/wp-content\/uploads\/2026\/02\/smart-nfc-vcard-placeholder-back-2.jpg","contentUrl":"https:\/\/www.truzzer.com\/wp-content\/uploads\/2026\/02\/smart-nfc-vcard-placeholder-back-2.jpg","width":1400,"height":1400},{"@type":"BreadcrumbList","@id":"https:\/\/www.truzzer.com\/da\/vare\/smart-nfc-vcard-business-card-personal-2\/#breadcrumb","itemListElement":[{"@type":"ListItem","position":1,"name":"Home","item":"https:\/\/www.truzzer.com\/da\/"},{"@type":"ListItem","position":2,"name":"Butik","item":"https:\/\/www.truzzer.com\/da\/shop\/"},{"@type":"ListItem","position":3,"name":"Smart NFC VCARD Visitkort Personligt"}]},{"@type":"WebSite","@id":"https:\/\/www.truzzer.com\/da\/#website","url":"https:\/\/www.truzzer.com\/da\/","name":"truzzer","description":"Experts for customer trust","publisher":{"@id":"https:\/\/www.truzzer.com\/da\/#organization"},"potentialAction":[{"@type":"SearchAction","target":{"@type":"EntryPoint","urlTemplate":"https:\/\/www.truzzer.com\/da\/?s={search_term_string}"},"query-input":{"@type":"PropertyValueSpecification","valueRequired":true,"valueName":"search_term_string"}}],"inLanguage":"da-DK"},{"@type":"Organization","@id":"https:\/\/www.truzzer.com\/da\/#organization","name":"truzzer","url":"https:\/\/www.truzzer.com\/da\/","logo":{"@type":"ImageObject","inLanguage":"da-DK","@id":"https:\/\/www.truzzer.com\/da\/#\/schema\/logo\/image\/","url":"https:\/\/truzzer.com\/wp-content\/uploads\/2026\/01\/truzzer-logo-black-1.svg","contentUrl":"https:\/\/truzzer.com\/wp-content\/uploads\/2026\/01\/truzzer-logo-black-1.svg","width":938,"height":199,"caption":"truzzer"},"image":{"@id":"https:\/\/www.truzzer.com\/da\/#\/schema\/logo\/image\/"}}]}},"tiered_pricing_type":"fixed","tiered_pricing_fixed_rules":[],"tiered_pricing_product_settings":{"layout":"default","base_unit_name":{"singular":null,"plural":null},"default_variation":null},"tiered_pricing_minimum_quantity":null,"tiered_pricing_roles_data":[],"tiered_pricing_percentage_rules":[],"tiered_pricing_maximum_quantity":null,"tiered_pricing_quantity_step":null,"_links":{"self":[{"href":"https:\/\/www.truzzer.com\/da\/wp-json\/wp\/v2\/product\/101069","targetHints":{"allow":["GET"]}}],"collection":[{"href":"https:\/\/www.truzzer.com\/da\/wp-json\/wp\/v2\/product"}],"about":[{"href":"https:\/\/www.truzzer.com\/da\/wp-json\/wp\/v2\/types\/product"}],"replies":[{"embeddable":true,"href":"https:\/\/www.truzzer.com\/da\/wp-json\/wp\/v2\/comments?post=101069"}],"wp:featuredmedia":[{"embeddable":true,"href":"https:\/\/www.truzzer.com\/da\/wp-json\/wp\/v2\/media\/101083"}],"wp:attachment":[{"href":"https:\/\/www.truzzer.com\/da\/wp-json\/wp\/v2\/media?parent=101069"}],"wp:term":[{"taxonomy":"product_brand","embeddable":true,"href":"https:\/\/www.truzzer.com\/da\/wp-json\/wp\/v2\/product_brand?post=101069"},{"taxonomy":"product_cat","embeddable":true,"href":"https:\/\/www.truzzer.com\/da\/wp-json\/wp\/v2\/product_cat?post=101069"},{"taxonomy":"product_tag","embeddable":true,"href":"https:\/\/www.truzzer.com\/da\/wp-json\/wp\/v2\/product_tag?post=101069"}],"curies":[{"name":"wp","href":"https:\/\/api.w.org\/{rel}","templated":true}]}}