{"id":101119,"date":"2026-02-01T19:55:27","date_gmt":"2026-02-01T19:55:27","guid":{"rendered":"https:\/\/beta.truzzer.com\/product\/wifi-qr-code-table-stand-fancy\/"},"modified":"2026-02-13T08:21:57","modified_gmt":"2026-02-13T08:21:57","slug":"wifi-qr-code-table-stand-fancy","status":"publish","type":"product","link":"https:\/\/www.truzzer.com\/da\/vare\/wifi-qr-code-table-stand-fancy\/","title":{"rendered":"WIFI QR Code Bordstand Fancy"},"content":{"rendered":"<h3>Bordstativ med WIFI QR-kode \u2013 Den nemmeste m\u00e5de at levere Wi-Fi til dine kunder p\u00e5<\/h3>\n<p><strong>Tilbyd dine kunder den enkleste og hurtigste adgang til dit Wi-Fi med vores praktiske bordstativ med en WIFI QR-kode<\/strong>. Ingen besv\u00e6rlig adgangskodeindtastning, ingen un\u00f8dvendige forhindringer \u2013 dine kunder scanner blot QR-koden med deres smartphone-kamera og er online p\u00e5 f\u00e5 sekunder. Denne stand er den perfekte l\u00f8sning til virksomheder, der \u00f8nsker at give deres g\u00e6ster eller kunder en brugervenlig og \u00f8jeblikkelig tilg\u00e6ngelig Wi-Fi-oplevelse.<\/p>\n<hr \/>\n<h3>Hvad er bordstativet med WIFI QR-kode?<\/h3>\n<p>Bordstativet med WIFI QR-kode er et innovativt og ukompliceret produkt designet til at give dine kunder eller g\u00e6ster hurtig adgang til dit Wi-Fi-netv\u00e6rk. Den er ideel til restauranter, caf\u00e9er, hoteller, kontorer, ventev\u00e6relser, fitnesscentre, fris\u00f8rsaloner og alle andre typer virksomheder, der \u00f8nsker at give deres bes\u00f8gende en behagelig Wi-Fi-oplevelse. Bordstativet viser tydeligt en QR-kode, som kunder nemt kan scanne med deres smartphones for automatisk at oprette forbindelse til dit Wi-Fi \u2013 ingen adgangskode kr\u00e6vet!<\/p>\n<hr \/>\n<h3>Fordele ved bordstativet med WIFI QR-kode<\/h3>\n<p><strong>1. \u00d8jeblikkelig Wi-Fi-adgang:<\/strong><\/p>\n<ul>\n<li>Dine kunder kan oprette forbindelse til dit Wi-Fi \u00f8jeblikkeligt og uden forhindringer. Ved at scanne QR-koden p\u00e5 bordstativet med deres smartphone-kamera, eliminerer de behovet for manuelt at indtaste lange og komplicerede adgangskoder. Dette forbedrer ikke kun kundeoplevelsen, men \u00f8ger ogs\u00e5 sandsynligheden for, at dine kunder bliver l\u00e6ngere i din virksomhed og bruger dine tjenester.<\/li>\n<\/ul>\n<p><strong>2. Nem betjening af alle enheder:<\/strong><\/p>\n<ul>\n<li>QR-koden fungerer med b\u00e5de Android- og iOS-enheder (iPhones). Brugere skal blot \u00e5bne kamera-appen og scanne koden. Dette vil straks bede dem om at oprette forbindelse til Wi-Fi, som de blot skal bekr\u00e6fte. Brugere af b\u00e6rbare computere og tablets har ogs\u00e5 fordel, da adgangsoplysningerne vil blive vist til manuel indtastning efter scanning.<\/li>\n<\/ul>\n<p><strong>3. Brugervenlig og tidsbesparende:<\/strong><\/p>\n<ul>\n<li>Bordstativet eliminerer un\u00f8dvendige login-processer og reducerer indsatsen for dine kunder ved at give en problemfri overgang til Wi-Fi. Dette sparer ikke kun tid, men g\u00f8r det ogs\u00e5 nemmere for dit personale at fokusere p\u00e5 det, der betyder noget, da ingen individuelle anmodninger om Wi-Fi-adgangsoplysninger skal h\u00e5ndteres.<\/li>\n<\/ul>\n<p><strong>4. Professionelt og moderne design:<\/strong><\/p>\n<ul>\n<li>Bordstativet er ikke kun funktionelt, men ogs\u00e5 visuelt tiltalende. Dens enkle, moderne design passer perfekt ind i enhver virksomheds eller restaurants \u00e6stetik, mens den fremst\u00e5r professionel. QR-koden er klar og let synlig, hvilket g\u00f8r det nemt for kunderne at finde og scanne.<\/li>\n<\/ul>\n<p><strong>5. Robust materiale til daglig brug:<\/strong><\/p>\n<ul>\n<li>Bordstativet er lavet af h\u00f8jkvalitets, holdbare materialer, der er perfekte til daglig brug i milj\u00f8er med meget trafik. Uanset om det er p\u00e5 restaurantborde, receptionsdiske eller skriveborde \u2013 stativet er robust og robust.<\/li>\n<\/ul>\n<p><strong>6. Ingen yderligere hardware eller kompliceret ops\u00e6tning p\u00e5kr\u00e6vet:<\/strong><\/p>\n<ul>\n<li>Bordstativet med WIFI QR-kode fungerer med dit eksisterende Wi-Fi-netv\u00e6rk. Du beh\u00f8ver ikke at k\u00f8be ekstra hardware eller lave komplicerede netv\u00e6rksindstillinger. QR-koden er simpelthen trykt p\u00e5 standeren, s\u00e5 dine kunder kan f\u00e5 adgang til dit netv\u00e6rk med det samme.<\/li>\n<\/ul>\n<hr \/>\n<h2>Hvorfor skal du bruge bordstativet med WIFI QR-kode?<\/h2>\n<p>I en stadig mere digital verden forventer kunderne hurtig og nem adgang til internettet overalt. Ved at tilbyde gratis Wi-Fi i din virksomhed skaber du ikke kun en behagelig kundeoplevelse, men \u00f8ger ogs\u00e5 opholdstiden og kundetilfredsheden. WIFI QR kodebordsstativ fra Truzzer er den optimale l\u00f8sning til at levere denne service p\u00e5 den mest effektive m\u00e5de.<\/p>\n<p><strong>Hvilke virksomheder er ideelle til bordstativet med WIFI QR-kode?<\/strong><\/p>\n<ul>\n<li><strong>Restauranter og caf\u00e9er:<\/strong> Kunder kan hurtigt oprette forbindelse til Wi-Fi, mens de venter p\u00e5 deres ordrer, hvilket f\u00f8rer til forbedret kundetilfredshed.<\/li>\n<li><strong>Hoteller:<\/strong> Giv dine g\u00e6ster nem internetadgang i lobbyen eller morgenmadsomr\u00e5det.<\/li>\n<li><strong>Kontorer og ventev\u00e6relser:<\/strong> Skab en behagelig atmosf\u00e6re for bes\u00f8gende eller kunder, der venter p\u00e5 aftaler eller m\u00f8der.<\/li>\n<li><strong>Detailbutikker:<\/strong> Giv dine kunder mulighed for at forblive bekvemt online, mens de surfer i din butik.<\/li>\n<li><strong>Fris\u00f8rsaloner og fitnesscentre:<\/strong> S\u00f8rg for, at dine kunder kan surfe p\u00e5 internettet problemfrit under deres bes\u00f8g.<\/li>\n<\/ul>\n<hr \/>\n<h2><strong>Hvordan fungerer bordet med WIFI QR-kode?<\/strong><\/h2>\n<ol>\n<li><strong>Simpel ops\u00e6tning:<\/strong>\n<p>Placer bordstativet et synligt sted i din virksomhed, f.eks. p\u00e5 et bord, en disk eller et receptionsomr\u00e5de.<\/li>\n<li><strong>Scan QR-koden:<\/strong>\n<p>Dine kunder \u00e5bner blot kameraappen p\u00e5 deres smartphone, retter den mod QR-koden p\u00e5 stativet og klikker p\u00e5 den meddelelse, der vises for at oprette forbindelse til Wi-Fi.<\/li>\n<li><strong>\u00d8jeblikkelig forbindelse:<\/strong>\n<p>Efter scanning er dine kunder automatisk forbundet til dit Wi-Fi-netv\u00e6rk \u2013 uden at skulle indtaste en adgangskode eller navigere gennem en lang login-formular.<\/li>\n<li><strong>Wi-Fi-adgang til alle enheder:<\/strong>\n<p>For Android- og iOS-enheder oprettes forbindelsen \u00f8jeblikkeligt. Brugere af b\u00e6rbare computere og tablets kan ogs\u00e5 scanne QR-koden for manuelt at indtaste adgangsoplysningerne.<\/li>\n<\/ol>\n","protected":false},"excerpt":{"rendered":"<h3>Bordstativ med WIFI QR-kode \u2013 Enkel Wi-Fi til dine kunder<\/h3>\n<p><strong>S\u00f8rg for en problemfri Wi-Fi-oplevelse i din virksomhed med vores bordstander med en WIFI QR-kode.<\/strong><\/p>\n<p>Med dette slanke og praktiske stativ giver du dine kunder \u00f8jeblikkelig adgang til dit Wi-Fi. Det eneste, de skal g\u00f8re, er at scanne den tydeligt synlige QR-kode med deres smartphone-kamera. Ikke mere kedelig adgangskode eller komplicerede login-processer! Dine kunder vil v\u00e6re online p\u00e5 f\u00e5 sekunder.<\/p>\n<p><strong>Funktioner:<\/strong><\/p>\n<ul>\n<li><strong>\u00d8jeblikkelig Wi-Fi-forbindelse:<\/strong> Nem forbindelse ved at scanne QR-koden med smartphone-kameraet.<\/li>\n<li><strong>Slankt og moderne design:<\/strong> Standeren passer problemfrit ind i ethvert milj\u00f8 \u2013 ideel til caf\u00e9er, restauranter, kontorer, hoteller og butikker.<\/li>\n<li><strong>Brugervenlig:<\/strong> Ingen adgangskode p\u00e5kr\u00e6vet; QR-koden f\u00f8rer direkte til Wi-Fi-forbindelsen.<\/li>\n<li><strong>Holdbare materialer:<\/strong> Bordstativet er langtidsholdbart og robust, perfekt til daglig brug.<\/li>\n<li><strong>Alsidig brug:<\/strong> Perfekt til borde, skranker eller receptionsomr\u00e5der.<\/li>\n<\/ul>\n<p><strong>S\u00e5dan virker det:<\/strong><\/p>\n<ol>\n<li>Placer bordstativet et synligt sted.<\/li>\n<li>Dine kunder scanner QR-koden med deres smartphone-kamera.<\/li>\n<li>Efter scanning er de \u00f8jeblikkeligt forbundet til dit Wi-Fi \u2013 hurtigt, sikkert og praktisk.<\/li>\n<\/ol>\n","protected":false},"featured_media":101127,"comment_status":"open","ping_status":"closed","template":"","meta":{"_acf_changed":false,"_yoast_wpseo_focuskw":"WiFi QR-kode Bordstander","_yoast_wpseo_title":"WIFI QR Code Table Stand Fancy | truzzer","_yoast_wpseo_metadesc":"Nem WiFi-adgang for dine g\u00e6ster med WIFI QR Code Table Stand Fancy fra truzzer. Nem ops\u00e6tning, klar til brug. Bestil nu!"},"product_brand":[],"product_cat":[1495],"product_tag":[],"class_list":{"0":"post-101119","1":"product","2":"type-product","3":"status-publish","4":"has-post-thumbnail","6":"product_cat-wifi-bordstandere-med-qr-kode","7":"pa_industry-hotel","8":"pa_industry-medische-praktijk","9":"pa_industry-restaurant-cafe","10":"pa_material-karton","11":"pa_placement-balie-receptie","12":"pa_placement-kassa-pos","13":"pa_placement-tafel","14":"pa_product-type-displays-og-stativer","15":"pa_technology-qr-code","17":"first","18":"instock","19":"taxable","20":"shipping-taxable","21":"product-type-simple"},"acf":[],"yoast_head":"<!-- This site is optimized with the Yoast SEO plugin v27.0 - https:\/\/yoast.com\/product\/yoast-seo-wordpress\/ -->\n<title>WIFI QR Code Table Stand Fancy | truzzer<\/title>\n<meta name=\"description\" content=\"Nem WiFi-adgang for dine g\u00e6ster med WIFI QR Code Table Stand Fancy fra truzzer. Nem ops\u00e6tning, klar til brug. Bestil nu!\" \/>\n<meta name=\"robots\" content=\"index, follow, max-snippet:-1, max-image-preview:large, max-video-preview:-1\" \/>\n<link rel=\"canonical\" href=\"https:\/\/www.truzzer.com\/da\/vare\/wifi-qr-code-table-stand-fancy\/\" \/>\n<meta property=\"og:locale\" content=\"da_DK\" \/>\n<meta property=\"og:type\" content=\"article\" \/>\n<meta property=\"og:title\" content=\"WIFI QR Code Table Stand Fancy | truzzer\" \/>\n<meta property=\"og:description\" content=\"Nem WiFi-adgang for dine g\u00e6ster med WIFI QR Code Table Stand Fancy fra truzzer. Nem ops\u00e6tning, klar til brug. Bestil nu!\" \/>\n<meta property=\"og:url\" content=\"https:\/\/www.truzzer.com\/da\/vare\/wifi-qr-code-table-stand-fancy\/\" \/>\n<meta property=\"og:site_name\" content=\"truzzer\" \/>\n<meta property=\"article:modified_time\" content=\"2026-02-13T08:21:57+00:00\" \/>\n<meta property=\"og:image\" content=\"https:\/\/www.truzzer.com\/wp-content\/uploads\/2026\/02\/empfehlio-truzzer-wifi-stand-future-3-jpg-2.webp\" \/>\n\t<meta property=\"og:image:width\" content=\"1400\" \/>\n\t<meta property=\"og:image:height\" content=\"1400\" \/>\n\t<meta property=\"og:image:type\" content=\"image\/webp\" \/>\n<meta name=\"twitter:card\" content=\"summary_large_image\" \/>\n<meta name=\"twitter:label1\" content=\"Estimeret l\u00e6setid\" \/>\n\t<meta name=\"twitter:data1\" content=\"4 minutter\" \/>\n<script type=\"application\/ld+json\" class=\"yoast-schema-graph\">{\"@context\":\"https:\/\/schema.org\",\"@graph\":[{\"@type\":\"WebPage\",\"@id\":\"https:\/\/www.truzzer.com\/da\/vare\/wifi-qr-code-table-stand-fancy\/\",\"url\":\"https:\/\/www.truzzer.com\/da\/vare\/wifi-qr-code-table-stand-fancy\/\",\"name\":\"WIFI QR Code Table Stand Fancy | truzzer\",\"isPartOf\":{\"@id\":\"https:\/\/www.truzzer.com\/da\/#website\"},\"primaryImageOfPage\":{\"@id\":\"https:\/\/www.truzzer.com\/da\/vare\/wifi-qr-code-table-stand-fancy\/#primaryimage\"},\"image\":{\"@id\":\"https:\/\/www.truzzer.com\/da\/vare\/wifi-qr-code-table-stand-fancy\/#primaryimage\"},\"thumbnailUrl\":\"https:\/\/www.truzzer.com\/wp-content\/uploads\/2026\/02\/empfehlio-truzzer-wifi-stand-future-3-jpg-2.webp\",\"datePublished\":\"2026-02-01T19:55:27+00:00\",\"dateModified\":\"2026-02-13T08:21:57+00:00\",\"description\":\"Nem WiFi-adgang for dine g\u00e6ster med WIFI QR Code Table Stand Fancy fra truzzer. Nem ops\u00e6tning, klar til brug. Bestil nu!\",\"breadcrumb\":{\"@id\":\"https:\/\/www.truzzer.com\/da\/vare\/wifi-qr-code-table-stand-fancy\/#breadcrumb\"},\"inLanguage\":\"da-DK\",\"potentialAction\":[{\"@type\":\"ReadAction\",\"target\":[\"https:\/\/www.truzzer.com\/da\/vare\/wifi-qr-code-table-stand-fancy\/\"]}]},{\"@type\":\"ImageObject\",\"inLanguage\":\"da-DK\",\"@id\":\"https:\/\/www.truzzer.com\/da\/vare\/wifi-qr-code-table-stand-fancy\/#primaryimage\",\"url\":\"https:\/\/www.truzzer.com\/wp-content\/uploads\/2026\/02\/empfehlio-truzzer-wifi-stand-future-3-jpg-2.webp\",\"contentUrl\":\"https:\/\/www.truzzer.com\/wp-content\/uploads\/2026\/02\/empfehlio-truzzer-wifi-stand-future-3-jpg-2.webp\",\"width\":1400,\"height\":1400},{\"@type\":\"BreadcrumbList\",\"@id\":\"https:\/\/www.truzzer.com\/da\/vare\/wifi-qr-code-table-stand-fancy\/#breadcrumb\",\"itemListElement\":[{\"@type\":\"ListItem\",\"position\":1,\"name\":\"Home\",\"item\":\"https:\/\/www.truzzer.com\/da\/\"},{\"@type\":\"ListItem\",\"position\":2,\"name\":\"Butik\",\"item\":\"https:\/\/www.truzzer.com\/da\/shop\/\"},{\"@type\":\"ListItem\",\"position\":3,\"name\":\"WIFI QR Code Bordstand Fancy\"}]},{\"@type\":\"WebSite\",\"@id\":\"https:\/\/www.truzzer.com\/da\/#website\",\"url\":\"https:\/\/www.truzzer.com\/da\/\",\"name\":\"truzzer\",\"description\":\"Experts for customer trust\",\"publisher\":{\"@id\":\"https:\/\/www.truzzer.com\/da\/#organization\"},\"potentialAction\":[{\"@type\":\"SearchAction\",\"target\":{\"@type\":\"EntryPoint\",\"urlTemplate\":\"https:\/\/www.truzzer.com\/da\/?s={search_term_string}\"},\"query-input\":{\"@type\":\"PropertyValueSpecification\",\"valueRequired\":true,\"valueName\":\"search_term_string\"}}],\"inLanguage\":\"da-DK\"},{\"@type\":\"Organization\",\"@id\":\"https:\/\/www.truzzer.com\/da\/#organization\",\"name\":\"truzzer\",\"url\":\"https:\/\/www.truzzer.com\/da\/\",\"logo\":{\"@type\":\"ImageObject\",\"inLanguage\":\"da-DK\",\"@id\":\"https:\/\/www.truzzer.com\/da\/#\/schema\/logo\/image\/\",\"url\":\"https:\/\/truzzer.com\/wp-content\/uploads\/2026\/01\/truzzer-logo-black-1.svg\",\"contentUrl\":\"https:\/\/truzzer.com\/wp-content\/uploads\/2026\/01\/truzzer-logo-black-1.svg\",\"width\":938,\"height\":199,\"caption\":\"truzzer\"},\"image\":{\"@id\":\"https:\/\/www.truzzer.com\/da\/#\/schema\/logo\/image\/\"}}]}<\/script>\n<!-- \/ Yoast SEO plugin. -->","yoast_head_json":{"title":"WIFI QR Code Table Stand Fancy | truzzer","description":"Nem WiFi-adgang for dine g\u00e6ster med WIFI QR Code Table Stand Fancy fra truzzer. Nem ops\u00e6tning, klar til brug. Bestil nu!","robots":{"index":"index","follow":"follow","max-snippet":"max-snippet:-1","max-image-preview":"max-image-preview:large","max-video-preview":"max-video-preview:-1"},"canonical":"https:\/\/www.truzzer.com\/da\/vare\/wifi-qr-code-table-stand-fancy\/","og_locale":"da_DK","og_type":"article","og_title":"WIFI QR Code Table Stand Fancy | truzzer","og_description":"Nem WiFi-adgang for dine g\u00e6ster med WIFI QR Code Table Stand Fancy fra truzzer. Nem ops\u00e6tning, klar til brug. Bestil nu!","og_url":"https:\/\/www.truzzer.com\/da\/vare\/wifi-qr-code-table-stand-fancy\/","og_site_name":"truzzer","article_modified_time":"2026-02-13T08:21:57+00:00","og_image":[{"width":1400,"height":1400,"url":"https:\/\/www.truzzer.com\/wp-content\/uploads\/2026\/02\/empfehlio-truzzer-wifi-stand-future-3-jpg-2.webp","type":"image\/webp"}],"twitter_card":"summary_large_image","twitter_misc":{"Estimeret l\u00e6setid":"4 minutter"},"schema":{"@context":"https:\/\/schema.org","@graph":[{"@type":"WebPage","@id":"https:\/\/www.truzzer.com\/da\/vare\/wifi-qr-code-table-stand-fancy\/","url":"https:\/\/www.truzzer.com\/da\/vare\/wifi-qr-code-table-stand-fancy\/","name":"WIFI QR Code Table Stand Fancy | truzzer","isPartOf":{"@id":"https:\/\/www.truzzer.com\/da\/#website"},"primaryImageOfPage":{"@id":"https:\/\/www.truzzer.com\/da\/vare\/wifi-qr-code-table-stand-fancy\/#primaryimage"},"image":{"@id":"https:\/\/www.truzzer.com\/da\/vare\/wifi-qr-code-table-stand-fancy\/#primaryimage"},"thumbnailUrl":"https:\/\/www.truzzer.com\/wp-content\/uploads\/2026\/02\/empfehlio-truzzer-wifi-stand-future-3-jpg-2.webp","datePublished":"2026-02-01T19:55:27+00:00","dateModified":"2026-02-13T08:21:57+00:00","description":"Nem WiFi-adgang for dine g\u00e6ster med WIFI QR Code Table Stand Fancy fra truzzer. Nem ops\u00e6tning, klar til brug. Bestil nu!","breadcrumb":{"@id":"https:\/\/www.truzzer.com\/da\/vare\/wifi-qr-code-table-stand-fancy\/#breadcrumb"},"inLanguage":"da-DK","potentialAction":[{"@type":"ReadAction","target":["https:\/\/www.truzzer.com\/da\/vare\/wifi-qr-code-table-stand-fancy\/"]}]},{"@type":"ImageObject","inLanguage":"da-DK","@id":"https:\/\/www.truzzer.com\/da\/vare\/wifi-qr-code-table-stand-fancy\/#primaryimage","url":"https:\/\/www.truzzer.com\/wp-content\/uploads\/2026\/02\/empfehlio-truzzer-wifi-stand-future-3-jpg-2.webp","contentUrl":"https:\/\/www.truzzer.com\/wp-content\/uploads\/2026\/02\/empfehlio-truzzer-wifi-stand-future-3-jpg-2.webp","width":1400,"height":1400},{"@type":"BreadcrumbList","@id":"https:\/\/www.truzzer.com\/da\/vare\/wifi-qr-code-table-stand-fancy\/#breadcrumb","itemListElement":[{"@type":"ListItem","position":1,"name":"Home","item":"https:\/\/www.truzzer.com\/da\/"},{"@type":"ListItem","position":2,"name":"Butik","item":"https:\/\/www.truzzer.com\/da\/shop\/"},{"@type":"ListItem","position":3,"name":"WIFI QR Code Bordstand Fancy"}]},{"@type":"WebSite","@id":"https:\/\/www.truzzer.com\/da\/#website","url":"https:\/\/www.truzzer.com\/da\/","name":"truzzer","description":"Experts for customer trust","publisher":{"@id":"https:\/\/www.truzzer.com\/da\/#organization"},"potentialAction":[{"@type":"SearchAction","target":{"@type":"EntryPoint","urlTemplate":"https:\/\/www.truzzer.com\/da\/?s={search_term_string}"},"query-input":{"@type":"PropertyValueSpecification","valueRequired":true,"valueName":"search_term_string"}}],"inLanguage":"da-DK"},{"@type":"Organization","@id":"https:\/\/www.truzzer.com\/da\/#organization","name":"truzzer","url":"https:\/\/www.truzzer.com\/da\/","logo":{"@type":"ImageObject","inLanguage":"da-DK","@id":"https:\/\/www.truzzer.com\/da\/#\/schema\/logo\/image\/","url":"https:\/\/truzzer.com\/wp-content\/uploads\/2026\/01\/truzzer-logo-black-1.svg","contentUrl":"https:\/\/truzzer.com\/wp-content\/uploads\/2026\/01\/truzzer-logo-black-1.svg","width":938,"height":199,"caption":"truzzer"},"image":{"@id":"https:\/\/www.truzzer.com\/da\/#\/schema\/logo\/image\/"}}]}},"tiered_pricing_type":"fixed","tiered_pricing_fixed_rules":[],"tiered_pricing_product_settings":{"layout":"default","base_unit_name":{"singular":null,"plural":null},"default_variation":null},"tiered_pricing_minimum_quantity":null,"tiered_pricing_roles_data":[],"tiered_pricing_percentage_rules":[],"tiered_pricing_maximum_quantity":null,"tiered_pricing_quantity_step":null,"_links":{"self":[{"href":"https:\/\/www.truzzer.com\/da\/wp-json\/wp\/v2\/product\/101119","targetHints":{"allow":["GET"]}}],"collection":[{"href":"https:\/\/www.truzzer.com\/da\/wp-json\/wp\/v2\/product"}],"about":[{"href":"https:\/\/www.truzzer.com\/da\/wp-json\/wp\/v2\/types\/product"}],"replies":[{"embeddable":true,"href":"https:\/\/www.truzzer.com\/da\/wp-json\/wp\/v2\/comments?post=101119"}],"wp:featuredmedia":[{"embeddable":true,"href":"https:\/\/www.truzzer.com\/da\/wp-json\/wp\/v2\/media\/101127"}],"wp:attachment":[{"href":"https:\/\/www.truzzer.com\/da\/wp-json\/wp\/v2\/media?parent=101119"}],"wp:term":[{"taxonomy":"product_brand","embeddable":true,"href":"https:\/\/www.truzzer.com\/da\/wp-json\/wp\/v2\/product_brand?post=101119"},{"taxonomy":"product_cat","embeddable":true,"href":"https:\/\/www.truzzer.com\/da\/wp-json\/wp\/v2\/product_cat?post=101119"},{"taxonomy":"product_tag","embeddable":true,"href":"https:\/\/www.truzzer.com\/da\/wp-json\/wp\/v2\/product_tag?post=101119"}],"curies":[{"name":"wp","href":"https:\/\/api.w.org\/{rel}","templated":true}]}}