{"id":101143,"date":"2026-02-01T19:55:19","date_gmt":"2026-02-01T19:55:19","guid":{"rendered":"https:\/\/beta.truzzer.com\/product\/tiktok-follower-nfc-tag-and-qr-code-table-stand\/"},"modified":"2026-02-13T08:23:06","modified_gmt":"2026-02-13T08:23:06","slug":"tiktok-follower-nfc-tag-and-qr-code-table-stand","status":"publish","type":"product","link":"https:\/\/www.truzzer.com\/da\/vare\/tiktok-follower-nfc-tag-and-qr-code-table-stand\/","title":{"rendered":"TikTok Follower NFC Tag og QR Code Bordstand"},"content":{"rendered":"<p><strong>TikTok NFC Tag og QR Code Table Stand \u2013 Den smarte l\u00f8sning til at promovere din TikTok-profil<\/strong><\/p>\n<p>I nutidens digitale verden er det stadig vigtigere at bruge innovative og effektive metoder til at styrke din online tilstedev\u00e6relse. <strong>TikTok NFC Tag og QR Code Table Stand<\/strong>\u00a0giver en enkel, men effektiv m\u00e5de til hurtigt at dele din TikTok-profil med potentielle f\u00f8lgere og kunder.<\/p>\n<h3>Hvad er et TikTok NFC Tag-bordstativ?<\/h3>\n<p>Vores TikTok NFC Tag-bordstativ er en moderne og interaktiv l\u00f8sning, der letter kommunikationen mellem din fysiske placering og din digitale TikTok-profil. Den kombinerer fordelene ved NFC-teknologi (Near Field Communication) med en QR-kode, hvilket giver brugerne to forskellige m\u00e5der at f\u00e5 adgang til din profil med det samme. Det eneste, en kunde skal g\u00f8re, er enten at holde sin smartphone i n\u00e6rheden af \u200b\u200bNFC-chippen eller scanne den udskrevne QR-kode. I begge tilf\u00e6lde vil de blive dirigeret direkte til din TikTok-profil \u2013 ingen yderligere apps eller komplicerede trin p\u00e5kr\u00e6vet.<\/p>\n<h3>Hvordan fungerer TikTok NFC Tag-bordstativ?<\/h3>\n<p>Funktionaliteten er enkel og brugervenlig:<\/p>\n<ol>\n<li><strong>NFC-teknologi:<\/strong> NFC-aktiverede smartphones skal blot holdes i n\u00e6rheden af standen for at begynde at omdirigere til din TikTok-profil. Ingen app eller ekstra udstyr er n\u00f8dvendigt. Kunder f\u00e5r \u00f8jeblikkelig adgang til dine oplysninger eller f\u00f8res direkte til din profil.<\/li>\n<li><strong>QR-kodeintegration:<\/strong> For enheder, der ikke underst\u00f8tter NFC, eller hvis kunden foretr\u00e6kker en anden mulighed, kan de blot scanne den integrerede QR-kode. Denne QR-kode f\u00f8rer ogs\u00e5 direkte til din TikTok-profil.<\/li>\n<\/ol>\n<p>Med denne kombination d\u00e6kker du alle baser og g\u00f8r det ekstremt nemt for dine kunder at komme i kontakt med dig.<\/p>\n<h3>Hvorfor er TikTok NFC Tag-bordstativet et must-have for din marketingstrategi<\/h3>\n<p>I TikTok&#8217;s verden er hastighed og enkelhed n\u00f8glen. Folk vil have \u00f8jeblikkelig og problemfri adgang til indhold. Det er her TikTok NFC Tag Table Stand skinner. Med dens lette betjening og \u00f8jeblikkelige adgang til din TikTok-profil kan du:<\/p>\n<ul>\n<li><strong>F\u00e5 flere f\u00f8lgere:<\/strong> Ved at g\u00f8re det nemt for kunderne at finde dig, \u00f8ger du sandsynligheden for, at de f\u00f8lger dig og interagerer med dit indhold.<\/li>\n<li><strong>\u00d8g engagementet:<\/strong> Med en hurtig scanning eller NFC-ber\u00f8ring kan dine kunder f\u00e5 adgang til dine videoer og interagere med dig med det samme \u2013 det v\u00e6re sig gennem kommentarer, likes eller deling af dit indhold.<\/li>\n<li><strong>Styrk dit brand:<\/strong> Pr\u00e6senter din TikTok-profil professionelt og vis dine kunder, at du er opdateret i den digitale verden.<\/li>\n<\/ul>\n<h3>Perfekt til virksomheder, begivenheder og influencers<\/h3>\n<p>Uanset om du driver en virksomhed, er til stede ved en messe eller begivenhed, eller blot \u00f8nsker at \u00f8ge din r\u00e6kkevidde som influencer, er <strong>TikTok NFC Tag-bordstativet<\/strong>\u00a0den ideelle ledsager. Placer den ved din salgsstand, i din butik eller ved dit arrangement, og giv dine kunder mulighed for at interagere med dig med det samme. Kombinationen af NFC og QR kode n\u00e5r ud til et bredt publikum, uanset deres tekniske muligheder.<\/p>\n<h3>Fordele ved TikTok NFC Tag-bordstativ p\u00e5 et \u00f8jeblik:<\/h3>\n<ul>\n<li><strong>\u00d8jeblikkelig adgang til din TikTok-profil:<\/strong> Med et enkelt klik eller scanning bliver dine kunder dirigeret til din TikTok-profil.<\/li>\n<li><strong>Ingen installationsbesv\u00e6r:<\/strong> Kunder beh\u00f8ver ikke at installere yderligere apps \u2013 denne teknologi er klar til brug med det samme.<\/li>\n<li><strong>Tidsbesparelser for dine kunder:<\/strong> Hurtig og nem adgang til dit indhold uden lange s\u00f8gninger eller indtastning.<\/li>\n<li><strong>Dobbelt teknologi:<\/strong> NFC- og QR-koden giver to m\u00e5der at sikre, at alle kan f\u00e5 adgang til den.<\/li>\n<li><strong>Fleksibel og alsidig:<\/strong> Perfekt til brug i butikker, p\u00e5 messer, begivenheder eller som en del af din digitale marketingstrategi.<\/li>\n<\/ul>\n<h3>Konklusion: TikTok NFC Tag-bordstativet \u2013 din n\u00f8gle til st\u00f8rre r\u00e6kkevidde og succes<\/h3>\n<p>I nutidens digitale tidsalder, hvor TikTok f\u00e5r mere og mere betydning, er det vigtigt at bruge enkle og effektive m\u00e5der at promovere din profil p\u00e5. Med <strong>TikTok NFC Tag Table Stand<\/strong> med en integreret QR-kode, tilbyder du dine kunder en moderne og hurtig m\u00e5de at finde og interagere med dig p\u00e5 TikTok. Uanset om det er til detailhandel, events eller influencers \u2013 denne stand er det ideelle v\u00e6rkt\u00f8j til at \u00f8ge din online tilstedev\u00e6relse.<\/p>\n<p>Invester i <strong>TikTok NFC Tag Table Stand<\/strong>\u00a0nu og se, hvor nemt det kan v\u00e6re at f\u00e5 flere f\u00f8lgere og promovere din TikTok-profil!<\/p>\n","protected":false},"excerpt":{"rendered":"<p><strong>Opdag TikTok NFC-stativet \u2013 dit direkte link til din TikTok-profil!<\/strong><\/p>\n<p>Med vores TikTok NFC stand har det aldrig v\u00e6ret nemmere for dine kunder at opdage din profil. Det eneste, de skal g\u00f8re, er at holde deres smartphone op til stativet eller scanne den integrerede QR-kode \u2013 og de f\u00f8res direkte til din TikTok-profil. Ingen skrivning, ingen s\u00f8gning, bare en hurtig, smart m\u00e5de at f\u00e5 flere f\u00f8lgere og engagement.<\/p>\n<p>Perfekt til virksomheder, begivenheder eller enhver, der \u00f8nsker at fremme deres TikTok-tilstedev\u00e6relse uden besv\u00e6r. Bare placer den, s\u00e5 er du klar!<\/p>\n","protected":false},"featured_media":101153,"comment_status":"open","ping_status":"closed","template":"","meta":{"_acf_changed":false,"_yoast_wpseo_focuskw":"TikTok QR-kode Bordstander","_yoast_wpseo_title":"TikTok Follower NFC Tag and QR Code Table Stand | truzzer","_yoast_wpseo_metadesc":"\u00d8g din TikTok-r\u00e6kkevidde med TikTok Follower NFC Tag and QR Code Table Stand fra truzzer. Nem ops\u00e6tning, klar til brug. Bestil nu!"},"product_brand":[1681],"product_cat":[552,1558,1556,1557,618],"product_tag":[],"class_list":{"0":"post-101143","1":"product","2":"type-product","3":"status-publish","4":"has-post-thumbnail","6":"product_brand-tiktok","7":"product_cat-nfc-produkter","8":"product_cat-nfc-standere","9":"product_cat-tiktok-folgere-bordstandere","10":"product_cat-tiktok-folgere-bordstandere-med-qr-nfc","11":"product_cat-tiktok-folgere-produkter","12":"pa_industry-hotel","13":"pa_industry-medische-praktijk","14":"pa_industry-restaurant-cafe","15":"pa_material-acrylic","16":"pa_placement-balie-receptie","17":"pa_placement-kassa-pos","18":"pa_placement-tafel","19":"pa_product-type-displays-og-stativer","20":"pa_technology-nfc","21":"pa_technology-qr-nfc-2","23":"first","24":"instock","25":"taxable","26":"shipping-taxable","27":"purchasable","28":"product-type-simple"},"acf":[],"yoast_head":"<!-- This site is optimized with the Yoast SEO plugin v27.0 - https:\/\/yoast.com\/product\/yoast-seo-wordpress\/ -->\n<title>TikTok Follower NFC Tag and QR Code Table Stand | truzzer<\/title>\n<meta name=\"description\" content=\"\u00d8g din TikTok-r\u00e6kkevidde med TikTok Follower NFC Tag and QR Code Table Stand fra truzzer. Nem ops\u00e6tning, klar til brug. Bestil nu!\" \/>\n<meta name=\"robots\" content=\"index, follow, max-snippet:-1, max-image-preview:large, max-video-preview:-1\" \/>\n<link rel=\"canonical\" href=\"https:\/\/www.truzzer.com\/da\/vare\/tiktok-follower-nfc-tag-and-qr-code-table-stand\/\" \/>\n<meta property=\"og:locale\" content=\"da_DK\" \/>\n<meta property=\"og:type\" content=\"article\" \/>\n<meta property=\"og:title\" content=\"TikTok Follower NFC Tag and QR Code Table Stand | truzzer\" \/>\n<meta property=\"og:description\" content=\"\u00d8g din TikTok-r\u00e6kkevidde med TikTok Follower NFC Tag and QR Code Table Stand fra truzzer. Nem ops\u00e6tning, klar til brug. Bestil nu!\" \/>\n<meta property=\"og:url\" content=\"https:\/\/www.truzzer.com\/da\/vare\/tiktok-follower-nfc-tag-and-qr-code-table-stand\/\" \/>\n<meta property=\"og:site_name\" content=\"truzzer\" \/>\n<meta property=\"article:modified_time\" content=\"2026-02-13T08:23:06+00:00\" \/>\n<meta property=\"og:image\" content=\"https:\/\/www.truzzer.com\/wp-content\/uploads\/2026\/02\/tiktok-nfc-qr-stand-silver-s-jpg-8.webp\" \/>\n\t<meta property=\"og:image:width\" content=\"1400\" \/>\n\t<meta property=\"og:image:height\" content=\"1400\" \/>\n\t<meta property=\"og:image:type\" content=\"image\/webp\" \/>\n<meta name=\"twitter:card\" content=\"summary_large_image\" \/>\n<meta name=\"twitter:label1\" content=\"Estimeret l\u00e6setid\" \/>\n\t<meta name=\"twitter:data1\" content=\"4 minutter\" \/>\n<script type=\"application\/ld+json\" class=\"yoast-schema-graph\">{\"@context\":\"https:\/\/schema.org\",\"@graph\":[{\"@type\":\"WebPage\",\"@id\":\"https:\/\/www.truzzer.com\/da\/vare\/tiktok-follower-nfc-tag-and-qr-code-table-stand\/\",\"url\":\"https:\/\/www.truzzer.com\/da\/vare\/tiktok-follower-nfc-tag-and-qr-code-table-stand\/\",\"name\":\"TikTok Follower NFC Tag and QR Code Table Stand | truzzer\",\"isPartOf\":{\"@id\":\"https:\/\/www.truzzer.com\/da\/#website\"},\"primaryImageOfPage\":{\"@id\":\"https:\/\/www.truzzer.com\/da\/vare\/tiktok-follower-nfc-tag-and-qr-code-table-stand\/#primaryimage\"},\"image\":{\"@id\":\"https:\/\/www.truzzer.com\/da\/vare\/tiktok-follower-nfc-tag-and-qr-code-table-stand\/#primaryimage\"},\"thumbnailUrl\":\"https:\/\/www.truzzer.com\/wp-content\/uploads\/2026\/02\/tiktok-nfc-qr-stand-silver-s-jpg-8.webp\",\"datePublished\":\"2026-02-01T19:55:19+00:00\",\"dateModified\":\"2026-02-13T08:23:06+00:00\",\"description\":\"\u00d8g din TikTok-r\u00e6kkevidde med TikTok Follower NFC Tag and QR Code Table Stand fra truzzer. Nem ops\u00e6tning, klar til brug. Bestil nu!\",\"breadcrumb\":{\"@id\":\"https:\/\/www.truzzer.com\/da\/vare\/tiktok-follower-nfc-tag-and-qr-code-table-stand\/#breadcrumb\"},\"inLanguage\":\"da-DK\",\"potentialAction\":[{\"@type\":\"ReadAction\",\"target\":[\"https:\/\/www.truzzer.com\/da\/vare\/tiktok-follower-nfc-tag-and-qr-code-table-stand\/\"]}]},{\"@type\":\"ImageObject\",\"inLanguage\":\"da-DK\",\"@id\":\"https:\/\/www.truzzer.com\/da\/vare\/tiktok-follower-nfc-tag-and-qr-code-table-stand\/#primaryimage\",\"url\":\"https:\/\/www.truzzer.com\/wp-content\/uploads\/2026\/02\/tiktok-nfc-qr-stand-silver-s-jpg-8.webp\",\"contentUrl\":\"https:\/\/www.truzzer.com\/wp-content\/uploads\/2026\/02\/tiktok-nfc-qr-stand-silver-s-jpg-8.webp\",\"width\":1400,\"height\":1400},{\"@type\":\"BreadcrumbList\",\"@id\":\"https:\/\/www.truzzer.com\/da\/vare\/tiktok-follower-nfc-tag-and-qr-code-table-stand\/#breadcrumb\",\"itemListElement\":[{\"@type\":\"ListItem\",\"position\":1,\"name\":\"Home\",\"item\":\"https:\/\/www.truzzer.com\/da\/\"},{\"@type\":\"ListItem\",\"position\":2,\"name\":\"Butik\",\"item\":\"https:\/\/www.truzzer.com\/da\/shop\/\"},{\"@type\":\"ListItem\",\"position\":3,\"name\":\"TikTok Follower NFC Tag og QR Code Bordstand\"}]},{\"@type\":\"WebSite\",\"@id\":\"https:\/\/www.truzzer.com\/da\/#website\",\"url\":\"https:\/\/www.truzzer.com\/da\/\",\"name\":\"truzzer\",\"description\":\"Experts for customer trust\",\"publisher\":{\"@id\":\"https:\/\/www.truzzer.com\/da\/#organization\"},\"potentialAction\":[{\"@type\":\"SearchAction\",\"target\":{\"@type\":\"EntryPoint\",\"urlTemplate\":\"https:\/\/www.truzzer.com\/da\/?s={search_term_string}\"},\"query-input\":{\"@type\":\"PropertyValueSpecification\",\"valueRequired\":true,\"valueName\":\"search_term_string\"}}],\"inLanguage\":\"da-DK\"},{\"@type\":\"Organization\",\"@id\":\"https:\/\/www.truzzer.com\/da\/#organization\",\"name\":\"truzzer\",\"url\":\"https:\/\/www.truzzer.com\/da\/\",\"logo\":{\"@type\":\"ImageObject\",\"inLanguage\":\"da-DK\",\"@id\":\"https:\/\/www.truzzer.com\/da\/#\/schema\/logo\/image\/\",\"url\":\"https:\/\/truzzer.com\/wp-content\/uploads\/2026\/01\/truzzer-logo-black-1.svg\",\"contentUrl\":\"https:\/\/truzzer.com\/wp-content\/uploads\/2026\/01\/truzzer-logo-black-1.svg\",\"width\":938,\"height\":199,\"caption\":\"truzzer\"},\"image\":{\"@id\":\"https:\/\/www.truzzer.com\/da\/#\/schema\/logo\/image\/\"}}]}<\/script>\n<!-- \/ Yoast SEO plugin. -->","yoast_head_json":{"title":"TikTok Follower NFC Tag and QR Code Table Stand | truzzer","description":"\u00d8g din TikTok-r\u00e6kkevidde med TikTok Follower NFC Tag and QR Code Table Stand fra truzzer. Nem ops\u00e6tning, klar til brug. Bestil nu!","robots":{"index":"index","follow":"follow","max-snippet":"max-snippet:-1","max-image-preview":"max-image-preview:large","max-video-preview":"max-video-preview:-1"},"canonical":"https:\/\/www.truzzer.com\/da\/vare\/tiktok-follower-nfc-tag-and-qr-code-table-stand\/","og_locale":"da_DK","og_type":"article","og_title":"TikTok Follower NFC Tag and QR Code Table Stand | truzzer","og_description":"\u00d8g din TikTok-r\u00e6kkevidde med TikTok Follower NFC Tag and QR Code Table Stand fra truzzer. Nem ops\u00e6tning, klar til brug. Bestil nu!","og_url":"https:\/\/www.truzzer.com\/da\/vare\/tiktok-follower-nfc-tag-and-qr-code-table-stand\/","og_site_name":"truzzer","article_modified_time":"2026-02-13T08:23:06+00:00","og_image":[{"width":1400,"height":1400,"url":"https:\/\/www.truzzer.com\/wp-content\/uploads\/2026\/02\/tiktok-nfc-qr-stand-silver-s-jpg-8.webp","type":"image\/webp"}],"twitter_card":"summary_large_image","twitter_misc":{"Estimeret l\u00e6setid":"4 minutter"},"schema":{"@context":"https:\/\/schema.org","@graph":[{"@type":"WebPage","@id":"https:\/\/www.truzzer.com\/da\/vare\/tiktok-follower-nfc-tag-and-qr-code-table-stand\/","url":"https:\/\/www.truzzer.com\/da\/vare\/tiktok-follower-nfc-tag-and-qr-code-table-stand\/","name":"TikTok Follower NFC Tag and QR Code Table Stand | truzzer","isPartOf":{"@id":"https:\/\/www.truzzer.com\/da\/#website"},"primaryImageOfPage":{"@id":"https:\/\/www.truzzer.com\/da\/vare\/tiktok-follower-nfc-tag-and-qr-code-table-stand\/#primaryimage"},"image":{"@id":"https:\/\/www.truzzer.com\/da\/vare\/tiktok-follower-nfc-tag-and-qr-code-table-stand\/#primaryimage"},"thumbnailUrl":"https:\/\/www.truzzer.com\/wp-content\/uploads\/2026\/02\/tiktok-nfc-qr-stand-silver-s-jpg-8.webp","datePublished":"2026-02-01T19:55:19+00:00","dateModified":"2026-02-13T08:23:06+00:00","description":"\u00d8g din TikTok-r\u00e6kkevidde med TikTok Follower NFC Tag and QR Code Table Stand fra truzzer. Nem ops\u00e6tning, klar til brug. Bestil nu!","breadcrumb":{"@id":"https:\/\/www.truzzer.com\/da\/vare\/tiktok-follower-nfc-tag-and-qr-code-table-stand\/#breadcrumb"},"inLanguage":"da-DK","potentialAction":[{"@type":"ReadAction","target":["https:\/\/www.truzzer.com\/da\/vare\/tiktok-follower-nfc-tag-and-qr-code-table-stand\/"]}]},{"@type":"ImageObject","inLanguage":"da-DK","@id":"https:\/\/www.truzzer.com\/da\/vare\/tiktok-follower-nfc-tag-and-qr-code-table-stand\/#primaryimage","url":"https:\/\/www.truzzer.com\/wp-content\/uploads\/2026\/02\/tiktok-nfc-qr-stand-silver-s-jpg-8.webp","contentUrl":"https:\/\/www.truzzer.com\/wp-content\/uploads\/2026\/02\/tiktok-nfc-qr-stand-silver-s-jpg-8.webp","width":1400,"height":1400},{"@type":"BreadcrumbList","@id":"https:\/\/www.truzzer.com\/da\/vare\/tiktok-follower-nfc-tag-and-qr-code-table-stand\/#breadcrumb","itemListElement":[{"@type":"ListItem","position":1,"name":"Home","item":"https:\/\/www.truzzer.com\/da\/"},{"@type":"ListItem","position":2,"name":"Butik","item":"https:\/\/www.truzzer.com\/da\/shop\/"},{"@type":"ListItem","position":3,"name":"TikTok Follower NFC Tag og QR Code Bordstand"}]},{"@type":"WebSite","@id":"https:\/\/www.truzzer.com\/da\/#website","url":"https:\/\/www.truzzer.com\/da\/","name":"truzzer","description":"Experts for customer trust","publisher":{"@id":"https:\/\/www.truzzer.com\/da\/#organization"},"potentialAction":[{"@type":"SearchAction","target":{"@type":"EntryPoint","urlTemplate":"https:\/\/www.truzzer.com\/da\/?s={search_term_string}"},"query-input":{"@type":"PropertyValueSpecification","valueRequired":true,"valueName":"search_term_string"}}],"inLanguage":"da-DK"},{"@type":"Organization","@id":"https:\/\/www.truzzer.com\/da\/#organization","name":"truzzer","url":"https:\/\/www.truzzer.com\/da\/","logo":{"@type":"ImageObject","inLanguage":"da-DK","@id":"https:\/\/www.truzzer.com\/da\/#\/schema\/logo\/image\/","url":"https:\/\/truzzer.com\/wp-content\/uploads\/2026\/01\/truzzer-logo-black-1.svg","contentUrl":"https:\/\/truzzer.com\/wp-content\/uploads\/2026\/01\/truzzer-logo-black-1.svg","width":938,"height":199,"caption":"truzzer"},"image":{"@id":"https:\/\/www.truzzer.com\/da\/#\/schema\/logo\/image\/"}}]}},"tiered_pricing_type":"fixed","tiered_pricing_fixed_rules":[],"tiered_pricing_product_settings":{"layout":"default","base_unit_name":{"singular":null,"plural":null},"default_variation":null},"tiered_pricing_minimum_quantity":null,"tiered_pricing_roles_data":[],"tiered_pricing_percentage_rules":[],"tiered_pricing_maximum_quantity":null,"tiered_pricing_quantity_step":null,"_links":{"self":[{"href":"https:\/\/www.truzzer.com\/da\/wp-json\/wp\/v2\/product\/101143","targetHints":{"allow":["GET"]}}],"collection":[{"href":"https:\/\/www.truzzer.com\/da\/wp-json\/wp\/v2\/product"}],"about":[{"href":"https:\/\/www.truzzer.com\/da\/wp-json\/wp\/v2\/types\/product"}],"replies":[{"embeddable":true,"href":"https:\/\/www.truzzer.com\/da\/wp-json\/wp\/v2\/comments?post=101143"}],"wp:featuredmedia":[{"embeddable":true,"href":"https:\/\/www.truzzer.com\/da\/wp-json\/wp\/v2\/media\/101153"}],"wp:attachment":[{"href":"https:\/\/www.truzzer.com\/da\/wp-json\/wp\/v2\/media?parent=101143"}],"wp:term":[{"taxonomy":"product_brand","embeddable":true,"href":"https:\/\/www.truzzer.com\/da\/wp-json\/wp\/v2\/product_brand?post=101143"},{"taxonomy":"product_cat","embeddable":true,"href":"https:\/\/www.truzzer.com\/da\/wp-json\/wp\/v2\/product_cat?post=101143"},{"taxonomy":"product_tag","embeddable":true,"href":"https:\/\/www.truzzer.com\/da\/wp-json\/wp\/v2\/product_tag?post=101143"}],"curies":[{"name":"wp","href":"https:\/\/api.w.org\/{rel}","templated":true}]}}