{"id":101167,"date":"2026-02-01T20:03:56","date_gmt":"2026-02-01T20:03:56","guid":{"rendered":"https:\/\/beta.truzzer.com\/product\/whatsapp-business-card-simple-with-whatsapp-chat-qr-code\/"},"modified":"2026-02-13T09:43:24","modified_gmt":"2026-02-13T09:43:24","slug":"whatsapp-business-card-simple-with-whatsapp-chat-qr-code","status":"publish","type":"product","link":"https:\/\/www.truzzer.com\/da\/vare\/whatsapp-business-card-simple-with-whatsapp-chat-qr-code\/","title":{"rendered":"WhatsApp visitkort Enkelt med WhatsApp Chat QR kode"},"content":{"rendered":"<h2>G\u00f8r WhatsApp h\u00e5ndgribelig!<\/h2>\n<p>Med truzzer WhatsApp visitkortene kan du nemt opfordre dine kunder til at kontakte dig via WhatsApp. Du kan nemt lave aftaler, udveksle ideer eller informere kunder om \u00e6ndringer.<\/p>\n<p>I det praktiske visitkortformat g\u00f8r du din WhatsApp-kontakt tilg\u00e6ngelig for dine kunder n\u00e5r som helst og hvor som helst, uden at de f\u00f8rst skal gemme dit nummer m\u00f8jsommeligt.<br \/>\nL\u00e6g truzzer WhatsApp visitkortene i dine kunders indk\u00f8bsposer, giv dem til fakturaen eller giv dem direkte til kunden. F\u00e6rdig.<\/p>\n<p>Kunder kan bruge QR-koden til at g\u00e5 direkte til din WhatsApp-chat.<\/p>\n<p>Du kan nemt tilpasse WhatsApp visitkortene med dit logo og tilpasse dem til din virksomhed.<\/p>\n<p><strong>Bem\u00e6rk:<\/strong><br \/>\nBem\u00e6rk venligst, at din egen WhatsApp-profil er p\u00e5kr\u00e6vet, s\u00e5 kunderne kan kommunikere med dig via WhatsApp.<\/p>\n<p>&nbsp;<\/p>\n","protected":false},"excerpt":{"rendered":"<p><strong>Kom nemmere til at kommunikere med dine kunder med WhatsApp visitkort med QR-kode!<\/strong><\/p>\n<p>G\u00f8r det nemt for dine kunder at kontakte dig p\u00e5 WhatsApp med de smukt designede WhatsApp visitkort.<br \/>\nPersonliggjort med din egen QR-kode, som leder dine kunder direkte til din WhatsApp-chat, dit WhatsApp-telefonnummer og dit eget logo.<br \/>\nVi vil linke QR-koden til din WhatsApp-profil for dig!<br \/>\nTilf\u00f8j venligst dit logo ved hj\u00e6lp af upload-funktionen og indtast dit telefonnummer.<\/p>\n","protected":false},"featured_media":101168,"comment_status":"open","ping_status":"closed","template":"","meta":{"_acf_changed":false,"_yoast_wpseo_focuskw":"WhatsApp QR-kode Visitkort","_yoast_wpseo_title":"WhatsApp business card Simple with WhatsApp Cha... | truzzer","_yoast_wpseo_metadesc":"Forbind direkte via WhatsApp med WhatsApp business card Simple with WhatsApp Chat QR code fra truzzer. Nem ops\u00e6tning, klar til brug. Bestil nu!"},"product_brand":[1704],"product_cat":[466,592,919,940,941],"product_tag":[],"class_list":{"0":"post-101167","1":"product","2":"type-product","3":"status-publish","4":"has-post-thumbnail","6":"product_brand-whatsapp","7":"product_cat-qr-kode-produkter","8":"product_cat-qr-kode-visitkort","9":"product_cat-whatsapp-chat-produkter","10":"product_cat-whatsapp-chat-visitkort","11":"product_cat-whatsapp-chat-visitkort-med-qr-kode","12":"pa_industry-bureau-radgivning","13":"pa_industry-ejendom-goed","14":"pa_industry-lokale-diensten","15":"pa_material-karton","16":"pa_placement-balie-receptie","17":"pa_placement-brochure","18":"pa_placement-portemonnee-persoonlijk","19":"pa_product-type-visitekaartjes","20":"pa_technology-qr-code","22":"first","23":"instock","24":"taxable","25":"shipping-taxable","26":"purchasable","27":"product-type-simple"},"acf":[],"yoast_head":"<!-- This site is optimized with the Yoast SEO plugin v27.0 - https:\/\/yoast.com\/product\/yoast-seo-wordpress\/ -->\n<title>WhatsApp business card Simple with WhatsApp Cha... | truzzer<\/title>\n<meta name=\"description\" content=\"Forbind direkte via WhatsApp med WhatsApp business card Simple with WhatsApp Chat QR code fra truzzer. Nem ops\u00e6tning, klar til brug. Bestil nu!\" \/>\n<meta name=\"robots\" content=\"index, follow, max-snippet:-1, max-image-preview:large, max-video-preview:-1\" \/>\n<link rel=\"canonical\" href=\"https:\/\/www.truzzer.com\/da\/vare\/whatsapp-business-card-simple-with-whatsapp-chat-qr-code\/\" \/>\n<meta property=\"og:locale\" content=\"da_DK\" \/>\n<meta property=\"og:type\" content=\"article\" \/>\n<meta property=\"og:title\" content=\"WhatsApp business card Simple with WhatsApp Cha... | truzzer\" \/>\n<meta property=\"og:description\" content=\"Forbind direkte via WhatsApp med WhatsApp business card Simple with WhatsApp Chat QR code fra truzzer. Nem ops\u00e6tning, klar til brug. Bestil nu!\" \/>\n<meta property=\"og:url\" content=\"https:\/\/www.truzzer.com\/da\/vare\/whatsapp-business-card-simple-with-whatsapp-chat-qr-code\/\" \/>\n<meta property=\"og:site_name\" content=\"truzzer\" \/>\n<meta property=\"article:modified_time\" content=\"2026-02-13T09:43:24+00:00\" \/>\n<meta property=\"og:image\" content=\"https:\/\/www.truzzer.com\/wp-content\/uploads\/2026\/02\/whatsapp-business-card-with-chat-qr-code-simple-truzzer-2.jpg\" \/>\n\t<meta property=\"og:image:width\" content=\"1200\" \/>\n\t<meta property=\"og:image:height\" content=\"1197\" \/>\n\t<meta property=\"og:image:type\" content=\"image\/jpeg\" \/>\n<meta name=\"twitter:card\" content=\"summary_large_image\" \/>\n<meta name=\"twitter:label1\" content=\"Estimeret l\u00e6setid\" \/>\n\t<meta name=\"twitter:data1\" content=\"1 minut\" \/>\n<script type=\"application\/ld+json\" class=\"yoast-schema-graph\">{\"@context\":\"https:\/\/schema.org\",\"@graph\":[{\"@type\":\"WebPage\",\"@id\":\"https:\/\/www.truzzer.com\/da\/vare\/whatsapp-business-card-simple-with-whatsapp-chat-qr-code\/\",\"url\":\"https:\/\/www.truzzer.com\/da\/vare\/whatsapp-business-card-simple-with-whatsapp-chat-qr-code\/\",\"name\":\"WhatsApp business card Simple with WhatsApp Cha... | truzzer\",\"isPartOf\":{\"@id\":\"https:\/\/www.truzzer.com\/da\/#website\"},\"primaryImageOfPage\":{\"@id\":\"https:\/\/www.truzzer.com\/da\/vare\/whatsapp-business-card-simple-with-whatsapp-chat-qr-code\/#primaryimage\"},\"image\":{\"@id\":\"https:\/\/www.truzzer.com\/da\/vare\/whatsapp-business-card-simple-with-whatsapp-chat-qr-code\/#primaryimage\"},\"thumbnailUrl\":\"https:\/\/www.truzzer.com\/wp-content\/uploads\/2026\/02\/whatsapp-business-card-with-chat-qr-code-simple-truzzer-2.jpg\",\"datePublished\":\"2026-02-01T20:03:56+00:00\",\"dateModified\":\"2026-02-13T09:43:24+00:00\",\"description\":\"Forbind direkte via WhatsApp med WhatsApp business card Simple with WhatsApp Chat QR code fra truzzer. Nem ops\u00e6tning, klar til brug. Bestil nu!\",\"breadcrumb\":{\"@id\":\"https:\/\/www.truzzer.com\/da\/vare\/whatsapp-business-card-simple-with-whatsapp-chat-qr-code\/#breadcrumb\"},\"inLanguage\":\"da-DK\",\"potentialAction\":[{\"@type\":\"ReadAction\",\"target\":[\"https:\/\/www.truzzer.com\/da\/vare\/whatsapp-business-card-simple-with-whatsapp-chat-qr-code\/\"]}]},{\"@type\":\"ImageObject\",\"inLanguage\":\"da-DK\",\"@id\":\"https:\/\/www.truzzer.com\/da\/vare\/whatsapp-business-card-simple-with-whatsapp-chat-qr-code\/#primaryimage\",\"url\":\"https:\/\/www.truzzer.com\/wp-content\/uploads\/2026\/02\/whatsapp-business-card-with-chat-qr-code-simple-truzzer-2.jpg\",\"contentUrl\":\"https:\/\/www.truzzer.com\/wp-content\/uploads\/2026\/02\/whatsapp-business-card-with-chat-qr-code-simple-truzzer-2.jpg\",\"width\":1200,\"height\":1197},{\"@type\":\"BreadcrumbList\",\"@id\":\"https:\/\/www.truzzer.com\/da\/vare\/whatsapp-business-card-simple-with-whatsapp-chat-qr-code\/#breadcrumb\",\"itemListElement\":[{\"@type\":\"ListItem\",\"position\":1,\"name\":\"Home\",\"item\":\"https:\/\/www.truzzer.com\/da\/\"},{\"@type\":\"ListItem\",\"position\":2,\"name\":\"Butik\",\"item\":\"https:\/\/www.truzzer.com\/da\/shop\/\"},{\"@type\":\"ListItem\",\"position\":3,\"name\":\"WhatsApp visitkort Enkelt med WhatsApp Chat QR kode\"}]},{\"@type\":\"WebSite\",\"@id\":\"https:\/\/www.truzzer.com\/da\/#website\",\"url\":\"https:\/\/www.truzzer.com\/da\/\",\"name\":\"truzzer\",\"description\":\"Experts for customer trust\",\"publisher\":{\"@id\":\"https:\/\/www.truzzer.com\/da\/#organization\"},\"potentialAction\":[{\"@type\":\"SearchAction\",\"target\":{\"@type\":\"EntryPoint\",\"urlTemplate\":\"https:\/\/www.truzzer.com\/da\/?s={search_term_string}\"},\"query-input\":{\"@type\":\"PropertyValueSpecification\",\"valueRequired\":true,\"valueName\":\"search_term_string\"}}],\"inLanguage\":\"da-DK\"},{\"@type\":\"Organization\",\"@id\":\"https:\/\/www.truzzer.com\/da\/#organization\",\"name\":\"truzzer\",\"url\":\"https:\/\/www.truzzer.com\/da\/\",\"logo\":{\"@type\":\"ImageObject\",\"inLanguage\":\"da-DK\",\"@id\":\"https:\/\/www.truzzer.com\/da\/#\/schema\/logo\/image\/\",\"url\":\"https:\/\/truzzer.com\/wp-content\/uploads\/2026\/01\/truzzer-logo-black-1.svg\",\"contentUrl\":\"https:\/\/truzzer.com\/wp-content\/uploads\/2026\/01\/truzzer-logo-black-1.svg\",\"width\":938,\"height\":199,\"caption\":\"truzzer\"},\"image\":{\"@id\":\"https:\/\/www.truzzer.com\/da\/#\/schema\/logo\/image\/\"}}]}<\/script>\n<!-- \/ Yoast SEO plugin. -->","yoast_head_json":{"title":"WhatsApp business card Simple with WhatsApp Cha... | truzzer","description":"Forbind direkte via WhatsApp med WhatsApp business card Simple with WhatsApp Chat QR code fra truzzer. Nem ops\u00e6tning, klar til brug. Bestil nu!","robots":{"index":"index","follow":"follow","max-snippet":"max-snippet:-1","max-image-preview":"max-image-preview:large","max-video-preview":"max-video-preview:-1"},"canonical":"https:\/\/www.truzzer.com\/da\/vare\/whatsapp-business-card-simple-with-whatsapp-chat-qr-code\/","og_locale":"da_DK","og_type":"article","og_title":"WhatsApp business card Simple with WhatsApp Cha... | truzzer","og_description":"Forbind direkte via WhatsApp med WhatsApp business card Simple with WhatsApp Chat QR code fra truzzer. Nem ops\u00e6tning, klar til brug. Bestil nu!","og_url":"https:\/\/www.truzzer.com\/da\/vare\/whatsapp-business-card-simple-with-whatsapp-chat-qr-code\/","og_site_name":"truzzer","article_modified_time":"2026-02-13T09:43:24+00:00","og_image":[{"width":1200,"height":1197,"url":"https:\/\/www.truzzer.com\/wp-content\/uploads\/2026\/02\/whatsapp-business-card-with-chat-qr-code-simple-truzzer-2.jpg","type":"image\/jpeg"}],"twitter_card":"summary_large_image","twitter_misc":{"Estimeret l\u00e6setid":"1 minut"},"schema":{"@context":"https:\/\/schema.org","@graph":[{"@type":"WebPage","@id":"https:\/\/www.truzzer.com\/da\/vare\/whatsapp-business-card-simple-with-whatsapp-chat-qr-code\/","url":"https:\/\/www.truzzer.com\/da\/vare\/whatsapp-business-card-simple-with-whatsapp-chat-qr-code\/","name":"WhatsApp business card Simple with WhatsApp Cha... | truzzer","isPartOf":{"@id":"https:\/\/www.truzzer.com\/da\/#website"},"primaryImageOfPage":{"@id":"https:\/\/www.truzzer.com\/da\/vare\/whatsapp-business-card-simple-with-whatsapp-chat-qr-code\/#primaryimage"},"image":{"@id":"https:\/\/www.truzzer.com\/da\/vare\/whatsapp-business-card-simple-with-whatsapp-chat-qr-code\/#primaryimage"},"thumbnailUrl":"https:\/\/www.truzzer.com\/wp-content\/uploads\/2026\/02\/whatsapp-business-card-with-chat-qr-code-simple-truzzer-2.jpg","datePublished":"2026-02-01T20:03:56+00:00","dateModified":"2026-02-13T09:43:24+00:00","description":"Forbind direkte via WhatsApp med WhatsApp business card Simple with WhatsApp Chat QR code fra truzzer. Nem ops\u00e6tning, klar til brug. Bestil nu!","breadcrumb":{"@id":"https:\/\/www.truzzer.com\/da\/vare\/whatsapp-business-card-simple-with-whatsapp-chat-qr-code\/#breadcrumb"},"inLanguage":"da-DK","potentialAction":[{"@type":"ReadAction","target":["https:\/\/www.truzzer.com\/da\/vare\/whatsapp-business-card-simple-with-whatsapp-chat-qr-code\/"]}]},{"@type":"ImageObject","inLanguage":"da-DK","@id":"https:\/\/www.truzzer.com\/da\/vare\/whatsapp-business-card-simple-with-whatsapp-chat-qr-code\/#primaryimage","url":"https:\/\/www.truzzer.com\/wp-content\/uploads\/2026\/02\/whatsapp-business-card-with-chat-qr-code-simple-truzzer-2.jpg","contentUrl":"https:\/\/www.truzzer.com\/wp-content\/uploads\/2026\/02\/whatsapp-business-card-with-chat-qr-code-simple-truzzer-2.jpg","width":1200,"height":1197},{"@type":"BreadcrumbList","@id":"https:\/\/www.truzzer.com\/da\/vare\/whatsapp-business-card-simple-with-whatsapp-chat-qr-code\/#breadcrumb","itemListElement":[{"@type":"ListItem","position":1,"name":"Home","item":"https:\/\/www.truzzer.com\/da\/"},{"@type":"ListItem","position":2,"name":"Butik","item":"https:\/\/www.truzzer.com\/da\/shop\/"},{"@type":"ListItem","position":3,"name":"WhatsApp visitkort Enkelt med WhatsApp Chat QR kode"}]},{"@type":"WebSite","@id":"https:\/\/www.truzzer.com\/da\/#website","url":"https:\/\/www.truzzer.com\/da\/","name":"truzzer","description":"Experts for customer trust","publisher":{"@id":"https:\/\/www.truzzer.com\/da\/#organization"},"potentialAction":[{"@type":"SearchAction","target":{"@type":"EntryPoint","urlTemplate":"https:\/\/www.truzzer.com\/da\/?s={search_term_string}"},"query-input":{"@type":"PropertyValueSpecification","valueRequired":true,"valueName":"search_term_string"}}],"inLanguage":"da-DK"},{"@type":"Organization","@id":"https:\/\/www.truzzer.com\/da\/#organization","name":"truzzer","url":"https:\/\/www.truzzer.com\/da\/","logo":{"@type":"ImageObject","inLanguage":"da-DK","@id":"https:\/\/www.truzzer.com\/da\/#\/schema\/logo\/image\/","url":"https:\/\/truzzer.com\/wp-content\/uploads\/2026\/01\/truzzer-logo-black-1.svg","contentUrl":"https:\/\/truzzer.com\/wp-content\/uploads\/2026\/01\/truzzer-logo-black-1.svg","width":938,"height":199,"caption":"truzzer"},"image":{"@id":"https:\/\/www.truzzer.com\/da\/#\/schema\/logo\/image\/"}}]}},"tiered_pricing_type":"fixed","tiered_pricing_fixed_rules":[],"tiered_pricing_product_settings":{"layout":"default","base_unit_name":{"singular":null,"plural":null},"default_variation":null},"tiered_pricing_minimum_quantity":null,"tiered_pricing_roles_data":[],"tiered_pricing_percentage_rules":[],"tiered_pricing_maximum_quantity":null,"tiered_pricing_quantity_step":null,"_links":{"self":[{"href":"https:\/\/www.truzzer.com\/da\/wp-json\/wp\/v2\/product\/101167","targetHints":{"allow":["GET"]}}],"collection":[{"href":"https:\/\/www.truzzer.com\/da\/wp-json\/wp\/v2\/product"}],"about":[{"href":"https:\/\/www.truzzer.com\/da\/wp-json\/wp\/v2\/types\/product"}],"replies":[{"embeddable":true,"href":"https:\/\/www.truzzer.com\/da\/wp-json\/wp\/v2\/comments?post=101167"}],"wp:featuredmedia":[{"embeddable":true,"href":"https:\/\/www.truzzer.com\/da\/wp-json\/wp\/v2\/media\/101168"}],"wp:attachment":[{"href":"https:\/\/www.truzzer.com\/da\/wp-json\/wp\/v2\/media?parent=101167"}],"wp:term":[{"taxonomy":"product_brand","embeddable":true,"href":"https:\/\/www.truzzer.com\/da\/wp-json\/wp\/v2\/product_brand?post=101167"},{"taxonomy":"product_cat","embeddable":true,"href":"https:\/\/www.truzzer.com\/da\/wp-json\/wp\/v2\/product_cat?post=101167"},{"taxonomy":"product_tag","embeddable":true,"href":"https:\/\/www.truzzer.com\/da\/wp-json\/wp\/v2\/product_tag?post=101167"}],"curies":[{"name":"wp","href":"https:\/\/api.w.org\/{rel}","templated":true}]}}