{"id":101234,"date":"2026-02-01T20:03:11","date_gmt":"2026-02-01T20:03:11","guid":{"rendered":"https:\/\/beta.truzzer.com\/product\/instagram-nfc-sticker-square-with-instagram-qr-code\/"},"modified":"2026-02-13T09:49:43","modified_gmt":"2026-02-13T09:49:43","slug":"instagram-nfc-sticker-square-with-instagram-qr-code","status":"publish","type":"product","link":"https:\/\/www.truzzer.com\/da\/vare\/instagram-nfc-sticker-square-with-instagram-qr-code\/","title":{"rendered":"Instagram NFC Klisterm\u00e6rke &#8220;Square&#8221; med Instagram QR-kode"},"content":{"rendered":"<p>Med <strong>truzzer Instagram-klisterm\u00e6rkerne<\/strong> med NFC-link kan du nemt f\u00e5 nye f\u00f8lgere p\u00e5 Instagram!<\/p>\n<p>I det kvadratiske format g\u00f8r du <strong>din konto<\/strong> h\u00e5ndgribelig for dine kunder.<br \/>\nPlacer klisterm\u00e6rkerne fremtr\u00e6dende i kassen, p\u00e5 hovedd\u00f8ren eller hvor som helst dine kunder kan se klisterm\u00e6rkerne.<\/p>\n<p>&#8211; Velegnet til indend\u00f8rs og udend\u00f8rs brug<br \/>\n&#8211; Vejrbestandig<br \/>\n&#8211; Velegnet til enhver glat overflade<br \/>\n-Til detailbutikker, d\u00f8re eller som bil Instagram klisterm\u00e6rke<br \/>\n-Viser dine kunder, at de ogs\u00e5 kan finde dig p\u00e5 Instagram<br \/>\n&#8211; Individuelt lavet til dig<\/p>\n<p>Linket <strong>F\u00f8lg os p\u00e5 Instagram<\/strong> med NFC leder dine kunder til din profil.<\/p>\n<p>&nbsp;<\/p>\n","protected":false},"excerpt":{"rendered":"<h2>F\u00e5 Instagram f\u00f8lgere med NFC!<\/h2>\n<p><strong>Det har aldrig v\u00e6ret nemmere at konvertere kunder til Instagram-f\u00f8lgere!<\/strong><br \/>\nMed de kontaktl\u00f8se Instagram NFC stande\/sk\u00e6rme kan du nemt vinde nye Instagram f\u00f8lgere direkte p\u00e5 stedet.<br \/>\nMed sit cool design v\u00e6kker Instagram NFC bordstandee kundernes interesse, og call-to-action opfordrer dine kunder til at f\u00f8lge dig p\u00e5 Instagram.<\/p>\n<p>Alt dine kunder skal g\u00f8re er at holde deres smartphone t\u00e6t p\u00e5 standen, og en pop-up \u00e5bnes p\u00e5 deres mobiltelefon, som vil f\u00f8re direkte til din Instagram-profil!<\/p>\n<p>Hvis kundens smartphone ikke har en NFC-funktion, er der en alternativ QR-kode p\u00e5 udstilleren, som kan scannes direkte med smartphone-kameraet <strong>&#8211; i begge tilf\u00e6lde er det ikke n\u00f8dvendigt med en separat app!<\/strong><\/p>\n<h3><strong>S\u00e5dan hj\u00e6lper NFC-klisterm\u00e6rkerne dig med at f\u00e5 flere f\u00f8lgere<br \/>\n<\/strong><\/h3>\n<p>&nbsp;<\/p>\n<ul>\n<li>Ingen akavede sp\u00f8rgsm\u00e5l &amp; Sp\u00f8rg, bare l\u00e6g p\u00e5 stedet. <strong>Call-to-action<\/strong> opfordrer dine kunder til at f\u00f8lge dig<\/li>\n<li>Glem det ikke, for kunderne vil blive gjort opm\u00e6rksomme p\u00e5 din Instagram-profil<\/li>\n<li>Ingen s\u00f8gning og ingen problemer: <strong>NFC-linket og Instagram QR-koden f\u00f8rer direkte til din profil<\/strong>(vi opretter dette til dig)<strong><br \/>\n<\/strong><\/li>\n<li><strong>Tagbar<\/strong>: Klisterm\u00e6rkerne g\u00f8r din Instagram-profil h\u00e5ndgribelig.<\/li>\n<li>Der kr\u00e6ves ingen ekstra app.<\/li>\n<li>B\u00f8jefang: moderne design<\/li>\n<\/ul>\n<p><strong>Vi opretter og linker NFC-linket og QR-koden til din Instagram-profil for dig!<\/strong><strong><br \/>\n<\/strong><\/p>\n","protected":false},"featured_media":101241,"comment_status":"open","ping_status":"closed","template":"","meta":{"_acf_changed":false,"_yoast_wpseo_focuskw":"Instagram QR-kode NFC Tag","_yoast_wpseo_title":"Instagram NFC Sticker \u201cSquare\u201d with Instagram Q... | truzzer","_yoast_wpseo_metadesc":"F\u00e5 flere Instagram-f\u00f8lgere med Instagram NFC Sticker \u201cSquare\u201d with Instagram QR Code fra truzzer. Nem ops\u00e6tning, klar til brug. Bestil nu!"},"product_brand":[1624],"product_cat":[1559,1535,552],"product_tag":[],"class_list":{"0":"post-101234","1":"product","2":"type-product","3":"status-publish","4":"has-post-thumbnail","6":"product_brand-instagram","7":"product_cat-instagram-folgere-klistermaerker-med-qr-nfc","8":"product_cat-nfc-klistermaerker","9":"product_cat-nfc-produkter","10":"pa_industry-detailhandel","11":"pa_industry-fitness-gym","12":"pa_industry-restaurant-cafe","13":"pa_material-vinyl","14":"pa_placement-balie-receptie","15":"pa_placement-verpakking","16":"pa_placement-window-door","17":"pa_product-type-klistermaerke","18":"pa_shape-vierkant","19":"pa_technology-nfc","20":"pa_technology-qr-nfc-2","22":"first","23":"instock","24":"taxable","25":"shipping-taxable","26":"purchasable","27":"product-type-simple"},"acf":[],"yoast_head":"<!-- This site is optimized with the Yoast SEO plugin v27.0 - https:\/\/yoast.com\/product\/yoast-seo-wordpress\/ -->\n<title>Instagram NFC Sticker \u201cSquare\u201d with Instagram Q... | truzzer<\/title>\n<meta name=\"description\" content=\"F\u00e5 flere Instagram-f\u00f8lgere med Instagram NFC Sticker \u201cSquare\u201d with Instagram QR Code fra truzzer. Nem ops\u00e6tning, klar til brug. Bestil nu!\" \/>\n<meta name=\"robots\" content=\"index, follow, max-snippet:-1, max-image-preview:large, max-video-preview:-1\" \/>\n<link rel=\"canonical\" href=\"https:\/\/www.truzzer.com\/da\/vare\/instagram-nfc-sticker-square-with-instagram-qr-code\/\" \/>\n<meta property=\"og:locale\" content=\"da_DK\" \/>\n<meta property=\"og:type\" content=\"article\" \/>\n<meta property=\"og:title\" content=\"Instagram NFC Sticker \u201cSquare\u201d with Instagram Q... | truzzer\" \/>\n<meta property=\"og:description\" content=\"F\u00e5 flere Instagram-f\u00f8lgere med Instagram NFC Sticker \u201cSquare\u201d with Instagram QR Code fra truzzer. Nem ops\u00e6tning, klar til brug. Bestil nu!\" \/>\n<meta property=\"og:url\" content=\"https:\/\/www.truzzer.com\/da\/vare\/instagram-nfc-sticker-square-with-instagram-qr-code\/\" \/>\n<meta property=\"og:site_name\" content=\"truzzer\" \/>\n<meta property=\"article:modified_time\" content=\"2026-02-13T09:49:43+00:00\" \/>\n<meta property=\"og:image\" content=\"https:\/\/www.truzzer.com\/wp-content\/uploads\/2026\/02\/folllow-us-on-instagram-nfc-qr-code-sticker-empfehlio-truzzer-border-2-1.jpg\" \/>\n\t<meta property=\"og:image:width\" content=\"1200\" \/>\n\t<meta property=\"og:image:height\" content=\"1200\" \/>\n\t<meta property=\"og:image:type\" content=\"image\/jpeg\" \/>\n<meta name=\"twitter:card\" content=\"summary_large_image\" \/>\n<meta name=\"twitter:label1\" content=\"Estimeret l\u00e6setid\" \/>\n\t<meta name=\"twitter:data1\" content=\"1 minut\" \/>\n<script type=\"application\/ld+json\" class=\"yoast-schema-graph\">{\"@context\":\"https:\/\/schema.org\",\"@graph\":[{\"@type\":\"WebPage\",\"@id\":\"https:\/\/www.truzzer.com\/da\/vare\/instagram-nfc-sticker-square-with-instagram-qr-code\/\",\"url\":\"https:\/\/www.truzzer.com\/da\/vare\/instagram-nfc-sticker-square-with-instagram-qr-code\/\",\"name\":\"Instagram NFC Sticker \u201cSquare\u201d with Instagram Q... | truzzer\",\"isPartOf\":{\"@id\":\"https:\/\/www.truzzer.com\/da\/#website\"},\"primaryImageOfPage\":{\"@id\":\"https:\/\/www.truzzer.com\/da\/vare\/instagram-nfc-sticker-square-with-instagram-qr-code\/#primaryimage\"},\"image\":{\"@id\":\"https:\/\/www.truzzer.com\/da\/vare\/instagram-nfc-sticker-square-with-instagram-qr-code\/#primaryimage\"},\"thumbnailUrl\":\"https:\/\/www.truzzer.com\/wp-content\/uploads\/2026\/02\/folllow-us-on-instagram-nfc-qr-code-sticker-empfehlio-truzzer-border-2-1.jpg\",\"datePublished\":\"2026-02-01T20:03:11+00:00\",\"dateModified\":\"2026-02-13T09:49:43+00:00\",\"description\":\"F\u00e5 flere Instagram-f\u00f8lgere med Instagram NFC Sticker \u201cSquare\u201d with Instagram QR Code fra truzzer. Nem ops\u00e6tning, klar til brug. Bestil nu!\",\"breadcrumb\":{\"@id\":\"https:\/\/www.truzzer.com\/da\/vare\/instagram-nfc-sticker-square-with-instagram-qr-code\/#breadcrumb\"},\"inLanguage\":\"da-DK\",\"potentialAction\":[{\"@type\":\"ReadAction\",\"target\":[\"https:\/\/www.truzzer.com\/da\/vare\/instagram-nfc-sticker-square-with-instagram-qr-code\/\"]}]},{\"@type\":\"ImageObject\",\"inLanguage\":\"da-DK\",\"@id\":\"https:\/\/www.truzzer.com\/da\/vare\/instagram-nfc-sticker-square-with-instagram-qr-code\/#primaryimage\",\"url\":\"https:\/\/www.truzzer.com\/wp-content\/uploads\/2026\/02\/folllow-us-on-instagram-nfc-qr-code-sticker-empfehlio-truzzer-border-2-1.jpg\",\"contentUrl\":\"https:\/\/www.truzzer.com\/wp-content\/uploads\/2026\/02\/folllow-us-on-instagram-nfc-qr-code-sticker-empfehlio-truzzer-border-2-1.jpg\",\"width\":1200,\"height\":1200},{\"@type\":\"BreadcrumbList\",\"@id\":\"https:\/\/www.truzzer.com\/da\/vare\/instagram-nfc-sticker-square-with-instagram-qr-code\/#breadcrumb\",\"itemListElement\":[{\"@type\":\"ListItem\",\"position\":1,\"name\":\"Home\",\"item\":\"https:\/\/www.truzzer.com\/da\/\"},{\"@type\":\"ListItem\",\"position\":2,\"name\":\"Butik\",\"item\":\"https:\/\/www.truzzer.com\/da\/shop\/\"},{\"@type\":\"ListItem\",\"position\":3,\"name\":\"Instagram NFC Klisterm\u00e6rke &#8220;Square&#8221; med Instagram QR-kode\"}]},{\"@type\":\"WebSite\",\"@id\":\"https:\/\/www.truzzer.com\/da\/#website\",\"url\":\"https:\/\/www.truzzer.com\/da\/\",\"name\":\"truzzer\",\"description\":\"Experts for customer trust\",\"publisher\":{\"@id\":\"https:\/\/www.truzzer.com\/da\/#organization\"},\"potentialAction\":[{\"@type\":\"SearchAction\",\"target\":{\"@type\":\"EntryPoint\",\"urlTemplate\":\"https:\/\/www.truzzer.com\/da\/?s={search_term_string}\"},\"query-input\":{\"@type\":\"PropertyValueSpecification\",\"valueRequired\":true,\"valueName\":\"search_term_string\"}}],\"inLanguage\":\"da-DK\"},{\"@type\":\"Organization\",\"@id\":\"https:\/\/www.truzzer.com\/da\/#organization\",\"name\":\"truzzer\",\"url\":\"https:\/\/www.truzzer.com\/da\/\",\"logo\":{\"@type\":\"ImageObject\",\"inLanguage\":\"da-DK\",\"@id\":\"https:\/\/www.truzzer.com\/da\/#\/schema\/logo\/image\/\",\"url\":\"https:\/\/truzzer.com\/wp-content\/uploads\/2026\/01\/truzzer-logo-black-1.svg\",\"contentUrl\":\"https:\/\/truzzer.com\/wp-content\/uploads\/2026\/01\/truzzer-logo-black-1.svg\",\"width\":938,\"height\":199,\"caption\":\"truzzer\"},\"image\":{\"@id\":\"https:\/\/www.truzzer.com\/da\/#\/schema\/logo\/image\/\"}}]}<\/script>\n<!-- \/ Yoast SEO plugin. -->","yoast_head_json":{"title":"Instagram NFC Sticker \u201cSquare\u201d with Instagram Q... | truzzer","description":"F\u00e5 flere Instagram-f\u00f8lgere med Instagram NFC Sticker \u201cSquare\u201d with Instagram QR Code fra truzzer. Nem ops\u00e6tning, klar til brug. Bestil nu!","robots":{"index":"index","follow":"follow","max-snippet":"max-snippet:-1","max-image-preview":"max-image-preview:large","max-video-preview":"max-video-preview:-1"},"canonical":"https:\/\/www.truzzer.com\/da\/vare\/instagram-nfc-sticker-square-with-instagram-qr-code\/","og_locale":"da_DK","og_type":"article","og_title":"Instagram NFC Sticker \u201cSquare\u201d with Instagram Q... | truzzer","og_description":"F\u00e5 flere Instagram-f\u00f8lgere med Instagram NFC Sticker \u201cSquare\u201d with Instagram QR Code fra truzzer. Nem ops\u00e6tning, klar til brug. Bestil nu!","og_url":"https:\/\/www.truzzer.com\/da\/vare\/instagram-nfc-sticker-square-with-instagram-qr-code\/","og_site_name":"truzzer","article_modified_time":"2026-02-13T09:49:43+00:00","og_image":[{"width":1200,"height":1200,"url":"https:\/\/www.truzzer.com\/wp-content\/uploads\/2026\/02\/folllow-us-on-instagram-nfc-qr-code-sticker-empfehlio-truzzer-border-2-1.jpg","type":"image\/jpeg"}],"twitter_card":"summary_large_image","twitter_misc":{"Estimeret l\u00e6setid":"1 minut"},"schema":{"@context":"https:\/\/schema.org","@graph":[{"@type":"WebPage","@id":"https:\/\/www.truzzer.com\/da\/vare\/instagram-nfc-sticker-square-with-instagram-qr-code\/","url":"https:\/\/www.truzzer.com\/da\/vare\/instagram-nfc-sticker-square-with-instagram-qr-code\/","name":"Instagram NFC Sticker \u201cSquare\u201d with Instagram Q... | truzzer","isPartOf":{"@id":"https:\/\/www.truzzer.com\/da\/#website"},"primaryImageOfPage":{"@id":"https:\/\/www.truzzer.com\/da\/vare\/instagram-nfc-sticker-square-with-instagram-qr-code\/#primaryimage"},"image":{"@id":"https:\/\/www.truzzer.com\/da\/vare\/instagram-nfc-sticker-square-with-instagram-qr-code\/#primaryimage"},"thumbnailUrl":"https:\/\/www.truzzer.com\/wp-content\/uploads\/2026\/02\/folllow-us-on-instagram-nfc-qr-code-sticker-empfehlio-truzzer-border-2-1.jpg","datePublished":"2026-02-01T20:03:11+00:00","dateModified":"2026-02-13T09:49:43+00:00","description":"F\u00e5 flere Instagram-f\u00f8lgere med Instagram NFC Sticker \u201cSquare\u201d with Instagram QR Code fra truzzer. Nem ops\u00e6tning, klar til brug. Bestil nu!","breadcrumb":{"@id":"https:\/\/www.truzzer.com\/da\/vare\/instagram-nfc-sticker-square-with-instagram-qr-code\/#breadcrumb"},"inLanguage":"da-DK","potentialAction":[{"@type":"ReadAction","target":["https:\/\/www.truzzer.com\/da\/vare\/instagram-nfc-sticker-square-with-instagram-qr-code\/"]}]},{"@type":"ImageObject","inLanguage":"da-DK","@id":"https:\/\/www.truzzer.com\/da\/vare\/instagram-nfc-sticker-square-with-instagram-qr-code\/#primaryimage","url":"https:\/\/www.truzzer.com\/wp-content\/uploads\/2026\/02\/folllow-us-on-instagram-nfc-qr-code-sticker-empfehlio-truzzer-border-2-1.jpg","contentUrl":"https:\/\/www.truzzer.com\/wp-content\/uploads\/2026\/02\/folllow-us-on-instagram-nfc-qr-code-sticker-empfehlio-truzzer-border-2-1.jpg","width":1200,"height":1200},{"@type":"BreadcrumbList","@id":"https:\/\/www.truzzer.com\/da\/vare\/instagram-nfc-sticker-square-with-instagram-qr-code\/#breadcrumb","itemListElement":[{"@type":"ListItem","position":1,"name":"Home","item":"https:\/\/www.truzzer.com\/da\/"},{"@type":"ListItem","position":2,"name":"Butik","item":"https:\/\/www.truzzer.com\/da\/shop\/"},{"@type":"ListItem","position":3,"name":"Instagram NFC Klisterm\u00e6rke &#8220;Square&#8221; med Instagram QR-kode"}]},{"@type":"WebSite","@id":"https:\/\/www.truzzer.com\/da\/#website","url":"https:\/\/www.truzzer.com\/da\/","name":"truzzer","description":"Experts for customer trust","publisher":{"@id":"https:\/\/www.truzzer.com\/da\/#organization"},"potentialAction":[{"@type":"SearchAction","target":{"@type":"EntryPoint","urlTemplate":"https:\/\/www.truzzer.com\/da\/?s={search_term_string}"},"query-input":{"@type":"PropertyValueSpecification","valueRequired":true,"valueName":"search_term_string"}}],"inLanguage":"da-DK"},{"@type":"Organization","@id":"https:\/\/www.truzzer.com\/da\/#organization","name":"truzzer","url":"https:\/\/www.truzzer.com\/da\/","logo":{"@type":"ImageObject","inLanguage":"da-DK","@id":"https:\/\/www.truzzer.com\/da\/#\/schema\/logo\/image\/","url":"https:\/\/truzzer.com\/wp-content\/uploads\/2026\/01\/truzzer-logo-black-1.svg","contentUrl":"https:\/\/truzzer.com\/wp-content\/uploads\/2026\/01\/truzzer-logo-black-1.svg","width":938,"height":199,"caption":"truzzer"},"image":{"@id":"https:\/\/www.truzzer.com\/da\/#\/schema\/logo\/image\/"}}]}},"tiered_pricing_type":"fixed","tiered_pricing_fixed_rules":[],"tiered_pricing_product_settings":{"layout":"default","base_unit_name":{"singular":null,"plural":null},"default_variation":null},"tiered_pricing_minimum_quantity":null,"tiered_pricing_roles_data":[],"tiered_pricing_percentage_rules":[],"tiered_pricing_maximum_quantity":null,"tiered_pricing_quantity_step":null,"_links":{"self":[{"href":"https:\/\/www.truzzer.com\/da\/wp-json\/wp\/v2\/product\/101234","targetHints":{"allow":["GET"]}}],"collection":[{"href":"https:\/\/www.truzzer.com\/da\/wp-json\/wp\/v2\/product"}],"about":[{"href":"https:\/\/www.truzzer.com\/da\/wp-json\/wp\/v2\/types\/product"}],"replies":[{"embeddable":true,"href":"https:\/\/www.truzzer.com\/da\/wp-json\/wp\/v2\/comments?post=101234"}],"wp:featuredmedia":[{"embeddable":true,"href":"https:\/\/www.truzzer.com\/da\/wp-json\/wp\/v2\/media\/101241"}],"wp:attachment":[{"href":"https:\/\/www.truzzer.com\/da\/wp-json\/wp\/v2\/media?parent=101234"}],"wp:term":[{"taxonomy":"product_brand","embeddable":true,"href":"https:\/\/www.truzzer.com\/da\/wp-json\/wp\/v2\/product_brand?post=101234"},{"taxonomy":"product_cat","embeddable":true,"href":"https:\/\/www.truzzer.com\/da\/wp-json\/wp\/v2\/product_cat?post=101234"},{"taxonomy":"product_tag","embeddable":true,"href":"https:\/\/www.truzzer.com\/da\/wp-json\/wp\/v2\/product_tag?post=101234"}],"curies":[{"name":"wp","href":"https:\/\/api.w.org\/{rel}","templated":true}]}}