{"id":101273,"date":"2026-02-01T20:03:02","date_gmt":"2026-02-01T20:03:02","guid":{"rendered":"https:\/\/beta.truzzer.com\/product\/review-us-on-google-nfc-stand-display\/"},"modified":"2026-02-13T09:50:57","modified_gmt":"2026-02-13T09:50:57","slug":"review-us-on-google-nfc-stand-display","status":"publish","type":"product","link":"https:\/\/www.truzzer.com\/da\/vare\/review-us-on-google-nfc-stand-display\/","title":{"rendered":"Anmeld os p\u00e5 Google NFC Stand \/ Display"},"content":{"rendered":"<p>Optimering af din virksomheds online tilstedev\u00e6relse og forbedring af dens lokale s\u00f8gemaskineoptimering (SEO) er afg\u00f8rende skridt i retning af at tiltr\u00e6kke flere kunder og \u00f8ge din synlighed. En innovativ m\u00e5de at opn\u00e5 dette p\u00e5 er ved at udnytte NFC-teknologien til Google-anmeldelser. Denne tilgang forenkler ikke kun processen med at indhente anmeldelser, men p\u00e5virker ogs\u00e5 din lokale SEO-indsats betydeligt. Lad os dykke ned i, hvordan NFC Google anmeldelser kan forvandle din virksomheds online fodaftryk.<\/p>\n<h3>\u00a0NFC Technology: Elevating Google Reviews<\/h3>\n<p>Near Field Communication (NFC) teknologi giver en s\u00f8ml\u00f8s bro mellem fysisk interaktion og digitalt engagement. Ved at integrere NFC-standere eller -sk\u00e6rme p\u00e5 din virksomhedsplacering kan kunder nemt f\u00e5 adgang til din Google-anmeldelserside med et enkelt tryk p\u00e5 deres smartphone. Denne kontaktl\u00f8se interaktion handler ikke kun om bekvemmelighed; det handler om at skabe en smidig vej for kunderne til at dele deres oplevelser.<\/p>\n<h3>Kraften ved Google-anmeldelser i lokal SEO<\/h3>\n<p>Google anmeldelser spiller en central rolle i lokal SEO. De p\u00e5virker, hvordan Google opfatter din virksomhed, og p\u00e5virker din s\u00f8gerangering i lokale s\u00f8gninger. En st\u00f8rre m\u00e6ngde positive anmeldelser forbedrer ikke kun din synlighed, men \u00f8ger ogs\u00e5 trov\u00e6rdigheden blandt potentielle kunder. S\u00e5dan gavner NFC Google anmeldelser specifikt din lokale SEO:<\/p>\n<ul>\n<li>\u00d8get anmeldelsesvolumen: Med NFC-standere bliver det diskret at bede kunder om at skrive en anmeldelse og integreres i deres oplevelse p\u00e5 dit sted. Denne lette adgang kan f\u00f8re til en st\u00f8rre m\u00e6ngde anmeldelser, en n\u00f8glefaktor Google bruger til at rangere virksomheder i lokale s\u00f8gninger.<\/li>\n<li>Forbedret kundeengagement: NFC-teknologi fremmer en direkte form for engagement, der tilskynder kunder til at interagere med din virksomhed p\u00e5 stedet. Denne umiddelbare feedback-loop kan f\u00f8re til mere detaljerede og autentiske anmeldelser, der beriger det indhold, som Google indekserer til SEO-form\u00e5l.<\/li>\n<li>Forbedrede tillidssignaler: Google v\u00e6rds\u00e6tter autentiske kundeinteraktioner. En lind str\u00f8m af \u00e6gte anmeldelser signalerer til Google, at din virksomhed er b\u00e5de velrenommeret og relevant, hvilket \u00f8ger din lokale SEO-rangering.<\/li>\n<li>S\u00f8geordsrigt indhold: Kunder inkluderer ofte relevante s\u00f8geord i deres anmeldelser uden selv at v\u00e6re klar over det. Uanset om det er at n\u00e6vne den &#8220;bedste kaffe i byen&#8221; eller den &#8220;mest afslappende spa-oplevelse&#8221;, kan disse uopfordrede s\u00f8geord hj\u00e6lpe med at forbedre din s\u00f8gesynlighed.<\/li>\n<\/ul>\n<h3>Implementering af NFC Google-anmeldelser for SEO-succes<\/h3>\n<p>For at udnytte det fulde potentiale af NFC til at forbedre dine Google anmeldelser og i forl\u00e6ngelse heraf din lokale SEO, skal du overveje f\u00f8lgende trin:<\/p>\n<ul>\n<li>Placer NFC-sk\u00e6rme strategisk: Uanset om det er ved kassen, p\u00e5 spiseborde eller i n\u00e6rheden af udgangen, skal du s\u00f8rge for, at dine NFC-point er synlige og tilg\u00e6ngelige for kunderne, lige n\u00e5r deres oplevelse med din tjeneste er friskest i deres sind.<\/li>\n<li>Uddan dine kunder: Informer kort dine kunder om NFC-tags, og opfordrer dem til at skrive en anmeldelse ved at forklare, hvor hurtigt og nemt det er.<\/li>\n<li>Overv\u00e5g og svar p\u00e5 anmeldelser: At engagere dig i de anmeldelser, du modtager, demonstrerer ikke kun kundernes p\u00e5sk\u00f8nnelse, men signalerer ogs\u00e5 til Google, at du v\u00e6rds\u00e6tter kundefeedback, en vigtig faktor i SEO.<\/li>\n<li>Udnyt positive anmeldelser i markedsf\u00f8ring: Vis dine positive anmeldelser p\u00e5 dit websted og i markedsf\u00f8ring p\u00e5 sociale medier for at opbygge tillid og tilskynde flere kunder til at give deres feedback.<\/li>\n<\/ul>\n<h3>Opsummering<\/h3>\n<p>Inkorporering af NFC-teknologi for at lette Google-anmeldelser er mere end blot en taktik til at indsamle kundefeedback; det er et strategisk tr\u00e6k for at booste din lokale SEO, forbedre din online synlighed og tiltr\u00e6kke flere kunder til din virksomhed. Ved at g\u00f8re det nemmere for kunderne at skrive anmeldelser forbedrer du ikke kun din service med direkte feedback, men opbygger ogs\u00e5 en st\u00e6rkere og mere synlig online tilstedev\u00e6relse, der kan skabe betydelig v\u00e6kst for din virksomhed. Omfavn NFC Google anmeldelser som en hj\u00f8rnesten i din lokale SEO-strategi, og se din virksomhed komme til tops i lokale s\u00f8geresultater.<\/p>\n","protected":false},"excerpt":{"rendered":"<h2>F\u00e5 Google-anmeldelser med NFC<\/h2>\n<p>&nbsp;<\/p>\n<h3>Forvandl kundeoplevelsen med vores NFC-stativer for Google-anmeldelser<\/h3>\n<p><strong>Maksimer dine Google-anmeldelser uden besv\u00e6r<\/strong> med vores banebrydende NFC-standere og -sk\u00e6rme. Disse kontaktl\u00f8se Google anmeldelsesforst\u00e6rkere er designet til problemfri interaktion og giver dig mulighed for at f\u00e5 nye anmeldelser direkte p\u00e5 stedet uden besv\u00e6r.<\/p>\n<h4>Hvorfor v\u00e6lge vores NFC-stativer?<\/h4>\n<ul>\n<li><strong>Brugervenlighed:<\/strong> Du skal blot placere NFC-stativet p\u00e5 dit sted. Dine kunder n\u00e6rmer sig deres smartphone til standen, og \u00f8jeblikkeligt leder en pop-up dem til din Google anmeldelsesformular. S\u00e5 nemt er det!<\/li>\n<li><strong>Design, der tiltr\u00e6kker opm\u00e6rksomhed:<\/strong> Med sit slanke design fascinerer Google-vurderingstabellen ikke kun dine kunder&#8217; renter, men opfordrer dem ogs\u00e5 aktivt til at vurdere dig p\u00e5 Google.<\/li>\n<li><strong>Ingen app n\u00f8dvendig:<\/strong> Uanset om det er gennem NFC-teknologi eller den alternative QR-kode p\u00e5 sk\u00e6rmen, beh\u00f8ver dine kunder ikke nogen separat app for at skrive en anmeldelse. Tilg\u00e6ngelighed er n\u00f8glen.<\/li>\n<li><strong>Overvindelse af forhindringer:<\/strong> Vi fjerner de st\u00f8rste forhindringer til Google-bed\u00f8mmelsen:\n<ul>\n<li>Ingen akavede sp\u00f8rgsm\u00e5l eller anmodninger; standen beder dig.<\/li>\n<li>Kunder bliver p\u00e5mindet p\u00e5 stedet, hvilket \u00f8ger sandsynligheden for at skrive en anmeldelse.<\/li>\n<li>Direkte link: NFC-link og Google Review QR-kode f\u00f8rer direkte til din anmeldelsesformular \u2013 vi konfigurerer den for dig.<\/li>\n<li>Taktilt engagement: Den fysiske interaktion med standen g\u00f8r det at efterlade en anmeldelse til en h\u00e5ndgribelig handling.<\/li>\n<li>Enest\u00e5ende design: Vores moderne design sikrer, at dit NFC-stativ ikke bare er et v\u00e6rkt\u00f8j, men et samtaleemne.<\/li>\n<\/ul>\n<\/li>\n<\/ul>\n<h4>Vores l\u00f8fte<\/h4>\n<h2>Vi tager os af alt for dig \u2013 fra oprettelse til sammenk\u00e6dning af NFC- og QR-koden til direkte anmeldelser p\u00e5 din Google-profil!<\/h2>\n<p>For\u00f8g din online tilstedev\u00e6relse og tiltr\u00e6k flere kunder i dag. Vores NFC stande er mere end blot en m\u00e5de at indsamle anmeldelser p\u00e5; de er din nye partner til at opbygge et st\u00e6rkere onlineomd\u00f8mme og \u00f8ge kundetilfredsheden.<\/p>\n<p>Invester i dit omd\u00f8mme nu, og se din virksomhed trives med positiv feedback fra dine kunder.<\/p>\n","protected":false},"featured_media":101290,"comment_status":"open","ping_status":"closed","template":"","meta":{"_acf_changed":false,"_yoast_wpseo_focuskw":"Google Anmeldelse NFC Stand","_yoast_wpseo_title":"Review us on Google NFC Stand \/ Display | truzzer","_yoast_wpseo_metadesc":"F\u00e5 flere 5-stjernede Google-anmeldelser med Review us on Google NFC Stand \/ Display fra truzzer. Nem ops\u00e6tning, klar til brug. Bestil nu!"},"product_brand":[1631],"product_cat":[1010,1562,731,552,1558],"product_tag":[],"class_list":{"0":"post-101273","1":"product","2":"type-product","3":"status-publish","4":"has-post-thumbnail","6":"product_brand-google","7":"product_cat-google-anmeldelse-bordstandere","8":"product_cat-google-anmeldelse-bordstandere-med-nfc","9":"product_cat-google-anmeldelse-produkter","10":"product_cat-nfc-produkter","11":"product_cat-nfc-standere","12":"pa_industry-hotel","13":"pa_industry-medische-praktijk","14":"pa_industry-restaurant-cafe","15":"pa_material-acrylic","16":"pa_placement-balie-receptie","17":"pa_placement-kassa-pos","18":"pa_placement-tafel","19":"pa_product-type-displays-og-stativer","20":"pa_technology-nfc","22":"first","23":"instock","24":"sale","25":"taxable","26":"shipping-taxable","27":"purchasable","28":"product-type-variable","29":"has-default-attributes"},"acf":[],"yoast_head":"<!-- This site is optimized with the Yoast SEO plugin v27.0 - https:\/\/yoast.com\/product\/yoast-seo-wordpress\/ -->\n<title>Review us on Google NFC Stand \/ Display | truzzer<\/title>\n<meta name=\"description\" content=\"F\u00e5 flere 5-stjernede Google-anmeldelser med Review us on Google NFC Stand \/ Display fra truzzer. Nem ops\u00e6tning, klar til brug. Bestil nu!\" \/>\n<meta name=\"robots\" content=\"index, follow, max-snippet:-1, max-image-preview:large, max-video-preview:-1\" \/>\n<link rel=\"canonical\" href=\"https:\/\/www.truzzer.com\/da\/vare\/review-us-on-google-nfc-stand-display\/\" \/>\n<meta property=\"og:locale\" content=\"da_DK\" \/>\n<meta property=\"og:type\" content=\"article\" \/>\n<meta property=\"og:title\" content=\"Review us on Google NFC Stand \/ Display | truzzer\" \/>\n<meta property=\"og:description\" content=\"F\u00e5 flere 5-stjernede Google-anmeldelser med Review us on Google NFC Stand \/ Display fra truzzer. Nem ops\u00e6tning, klar til brug. Bestil nu!\" \/>\n<meta property=\"og:url\" content=\"https:\/\/www.truzzer.com\/da\/vare\/review-us-on-google-nfc-stand-display\/\" \/>\n<meta property=\"og:site_name\" content=\"truzzer\" \/>\n<meta property=\"article:modified_time\" content=\"2026-02-13T09:50:57+00:00\" \/>\n<meta property=\"og:image\" content=\"https:\/\/www.truzzer.com\/wp-content\/uploads\/2026\/02\/google-review-nfc-stand-display-with-qr-code-truzzer-iso-s-2.jpg\" \/>\n\t<meta property=\"og:image:width\" content=\"1200\" \/>\n\t<meta property=\"og:image:height\" content=\"1200\" \/>\n\t<meta property=\"og:image:type\" content=\"image\/jpeg\" \/>\n<meta name=\"twitter:card\" content=\"summary_large_image\" \/>\n<meta name=\"twitter:label1\" content=\"Estimeret l\u00e6setid\" \/>\n\t<meta name=\"twitter:data1\" content=\"3 minutter\" \/>\n<script type=\"application\/ld+json\" class=\"yoast-schema-graph\">{\"@context\":\"https:\/\/schema.org\",\"@graph\":[{\"@type\":\"WebPage\",\"@id\":\"https:\/\/www.truzzer.com\/da\/vare\/review-us-on-google-nfc-stand-display\/\",\"url\":\"https:\/\/www.truzzer.com\/da\/vare\/review-us-on-google-nfc-stand-display\/\",\"name\":\"Review us on Google NFC Stand \/ Display | truzzer\",\"isPartOf\":{\"@id\":\"https:\/\/www.truzzer.com\/da\/#website\"},\"primaryImageOfPage\":{\"@id\":\"https:\/\/www.truzzer.com\/da\/vare\/review-us-on-google-nfc-stand-display\/#primaryimage\"},\"image\":{\"@id\":\"https:\/\/www.truzzer.com\/da\/vare\/review-us-on-google-nfc-stand-display\/#primaryimage\"},\"thumbnailUrl\":\"https:\/\/www.truzzer.com\/wp-content\/uploads\/2026\/02\/google-review-nfc-stand-display-with-qr-code-truzzer-iso-s-2.jpg\",\"datePublished\":\"2026-02-01T20:03:02+00:00\",\"dateModified\":\"2026-02-13T09:50:57+00:00\",\"description\":\"F\u00e5 flere 5-stjernede Google-anmeldelser med Review us on Google NFC Stand \/ Display fra truzzer. Nem ops\u00e6tning, klar til brug. Bestil nu!\",\"breadcrumb\":{\"@id\":\"https:\/\/www.truzzer.com\/da\/vare\/review-us-on-google-nfc-stand-display\/#breadcrumb\"},\"inLanguage\":\"da-DK\",\"potentialAction\":[{\"@type\":\"ReadAction\",\"target\":[\"https:\/\/www.truzzer.com\/da\/vare\/review-us-on-google-nfc-stand-display\/\"]}]},{\"@type\":\"ImageObject\",\"inLanguage\":\"da-DK\",\"@id\":\"https:\/\/www.truzzer.com\/da\/vare\/review-us-on-google-nfc-stand-display\/#primaryimage\",\"url\":\"https:\/\/www.truzzer.com\/wp-content\/uploads\/2026\/02\/google-review-nfc-stand-display-with-qr-code-truzzer-iso-s-2.jpg\",\"contentUrl\":\"https:\/\/www.truzzer.com\/wp-content\/uploads\/2026\/02\/google-review-nfc-stand-display-with-qr-code-truzzer-iso-s-2.jpg\",\"width\":1200,\"height\":1200},{\"@type\":\"BreadcrumbList\",\"@id\":\"https:\/\/www.truzzer.com\/da\/vare\/review-us-on-google-nfc-stand-display\/#breadcrumb\",\"itemListElement\":[{\"@type\":\"ListItem\",\"position\":1,\"name\":\"Home\",\"item\":\"https:\/\/www.truzzer.com\/da\/\"},{\"@type\":\"ListItem\",\"position\":2,\"name\":\"Butik\",\"item\":\"https:\/\/www.truzzer.com\/da\/shop\/\"},{\"@type\":\"ListItem\",\"position\":3,\"name\":\"Anmeld os p\u00e5 Google NFC Stand \/ Display\"}]},{\"@type\":\"WebSite\",\"@id\":\"https:\/\/www.truzzer.com\/da\/#website\",\"url\":\"https:\/\/www.truzzer.com\/da\/\",\"name\":\"truzzer\",\"description\":\"Experts for customer trust\",\"publisher\":{\"@id\":\"https:\/\/www.truzzer.com\/da\/#organization\"},\"potentialAction\":[{\"@type\":\"SearchAction\",\"target\":{\"@type\":\"EntryPoint\",\"urlTemplate\":\"https:\/\/www.truzzer.com\/da\/?s={search_term_string}\"},\"query-input\":{\"@type\":\"PropertyValueSpecification\",\"valueRequired\":true,\"valueName\":\"search_term_string\"}}],\"inLanguage\":\"da-DK\"},{\"@type\":\"Organization\",\"@id\":\"https:\/\/www.truzzer.com\/da\/#organization\",\"name\":\"truzzer\",\"url\":\"https:\/\/www.truzzer.com\/da\/\",\"logo\":{\"@type\":\"ImageObject\",\"inLanguage\":\"da-DK\",\"@id\":\"https:\/\/www.truzzer.com\/da\/#\/schema\/logo\/image\/\",\"url\":\"https:\/\/truzzer.com\/wp-content\/uploads\/2026\/01\/truzzer-logo-black-1.svg\",\"contentUrl\":\"https:\/\/truzzer.com\/wp-content\/uploads\/2026\/01\/truzzer-logo-black-1.svg\",\"width\":938,\"height\":199,\"caption\":\"truzzer\"},\"image\":{\"@id\":\"https:\/\/www.truzzer.com\/da\/#\/schema\/logo\/image\/\"}}]}<\/script>\n<!-- \/ Yoast SEO plugin. -->","yoast_head_json":{"title":"Review us on Google NFC Stand \/ Display | truzzer","description":"F\u00e5 flere 5-stjernede Google-anmeldelser med Review us on Google NFC Stand \/ Display fra truzzer. Nem ops\u00e6tning, klar til brug. Bestil nu!","robots":{"index":"index","follow":"follow","max-snippet":"max-snippet:-1","max-image-preview":"max-image-preview:large","max-video-preview":"max-video-preview:-1"},"canonical":"https:\/\/www.truzzer.com\/da\/vare\/review-us-on-google-nfc-stand-display\/","og_locale":"da_DK","og_type":"article","og_title":"Review us on Google NFC Stand \/ Display | truzzer","og_description":"F\u00e5 flere 5-stjernede Google-anmeldelser med Review us on Google NFC Stand \/ Display fra truzzer. Nem ops\u00e6tning, klar til brug. Bestil nu!","og_url":"https:\/\/www.truzzer.com\/da\/vare\/review-us-on-google-nfc-stand-display\/","og_site_name":"truzzer","article_modified_time":"2026-02-13T09:50:57+00:00","og_image":[{"width":1200,"height":1200,"url":"https:\/\/www.truzzer.com\/wp-content\/uploads\/2026\/02\/google-review-nfc-stand-display-with-qr-code-truzzer-iso-s-2.jpg","type":"image\/jpeg"}],"twitter_card":"summary_large_image","twitter_misc":{"Estimeret l\u00e6setid":"3 minutter"},"schema":{"@context":"https:\/\/schema.org","@graph":[{"@type":"WebPage","@id":"https:\/\/www.truzzer.com\/da\/vare\/review-us-on-google-nfc-stand-display\/","url":"https:\/\/www.truzzer.com\/da\/vare\/review-us-on-google-nfc-stand-display\/","name":"Review us on Google NFC Stand \/ Display | truzzer","isPartOf":{"@id":"https:\/\/www.truzzer.com\/da\/#website"},"primaryImageOfPage":{"@id":"https:\/\/www.truzzer.com\/da\/vare\/review-us-on-google-nfc-stand-display\/#primaryimage"},"image":{"@id":"https:\/\/www.truzzer.com\/da\/vare\/review-us-on-google-nfc-stand-display\/#primaryimage"},"thumbnailUrl":"https:\/\/www.truzzer.com\/wp-content\/uploads\/2026\/02\/google-review-nfc-stand-display-with-qr-code-truzzer-iso-s-2.jpg","datePublished":"2026-02-01T20:03:02+00:00","dateModified":"2026-02-13T09:50:57+00:00","description":"F\u00e5 flere 5-stjernede Google-anmeldelser med Review us on Google NFC Stand \/ Display fra truzzer. Nem ops\u00e6tning, klar til brug. Bestil nu!","breadcrumb":{"@id":"https:\/\/www.truzzer.com\/da\/vare\/review-us-on-google-nfc-stand-display\/#breadcrumb"},"inLanguage":"da-DK","potentialAction":[{"@type":"ReadAction","target":["https:\/\/www.truzzer.com\/da\/vare\/review-us-on-google-nfc-stand-display\/"]}]},{"@type":"ImageObject","inLanguage":"da-DK","@id":"https:\/\/www.truzzer.com\/da\/vare\/review-us-on-google-nfc-stand-display\/#primaryimage","url":"https:\/\/www.truzzer.com\/wp-content\/uploads\/2026\/02\/google-review-nfc-stand-display-with-qr-code-truzzer-iso-s-2.jpg","contentUrl":"https:\/\/www.truzzer.com\/wp-content\/uploads\/2026\/02\/google-review-nfc-stand-display-with-qr-code-truzzer-iso-s-2.jpg","width":1200,"height":1200},{"@type":"BreadcrumbList","@id":"https:\/\/www.truzzer.com\/da\/vare\/review-us-on-google-nfc-stand-display\/#breadcrumb","itemListElement":[{"@type":"ListItem","position":1,"name":"Home","item":"https:\/\/www.truzzer.com\/da\/"},{"@type":"ListItem","position":2,"name":"Butik","item":"https:\/\/www.truzzer.com\/da\/shop\/"},{"@type":"ListItem","position":3,"name":"Anmeld os p\u00e5 Google NFC Stand \/ Display"}]},{"@type":"WebSite","@id":"https:\/\/www.truzzer.com\/da\/#website","url":"https:\/\/www.truzzer.com\/da\/","name":"truzzer","description":"Experts for customer trust","publisher":{"@id":"https:\/\/www.truzzer.com\/da\/#organization"},"potentialAction":[{"@type":"SearchAction","target":{"@type":"EntryPoint","urlTemplate":"https:\/\/www.truzzer.com\/da\/?s={search_term_string}"},"query-input":{"@type":"PropertyValueSpecification","valueRequired":true,"valueName":"search_term_string"}}],"inLanguage":"da-DK"},{"@type":"Organization","@id":"https:\/\/www.truzzer.com\/da\/#organization","name":"truzzer","url":"https:\/\/www.truzzer.com\/da\/","logo":{"@type":"ImageObject","inLanguage":"da-DK","@id":"https:\/\/www.truzzer.com\/da\/#\/schema\/logo\/image\/","url":"https:\/\/truzzer.com\/wp-content\/uploads\/2026\/01\/truzzer-logo-black-1.svg","contentUrl":"https:\/\/truzzer.com\/wp-content\/uploads\/2026\/01\/truzzer-logo-black-1.svg","width":938,"height":199,"caption":"truzzer"},"image":{"@id":"https:\/\/www.truzzer.com\/da\/#\/schema\/logo\/image\/"}}]}},"tiered_pricing_type":"fixed","tiered_pricing_fixed_rules":[],"tiered_pricing_product_settings":{"layout":"default","base_unit_name":{"singular":null,"plural":null},"default_variation":null},"tiered_pricing_minimum_quantity":null,"tiered_pricing_roles_data":[],"tiered_pricing_percentage_rules":[],"tiered_pricing_maximum_quantity":null,"tiered_pricing_quantity_step":null,"_links":{"self":[{"href":"https:\/\/www.truzzer.com\/da\/wp-json\/wp\/v2\/product\/101273","targetHints":{"allow":["GET"]}}],"collection":[{"href":"https:\/\/www.truzzer.com\/da\/wp-json\/wp\/v2\/product"}],"about":[{"href":"https:\/\/www.truzzer.com\/da\/wp-json\/wp\/v2\/types\/product"}],"replies":[{"embeddable":true,"href":"https:\/\/www.truzzer.com\/da\/wp-json\/wp\/v2\/comments?post=101273"}],"wp:featuredmedia":[{"embeddable":true,"href":"https:\/\/www.truzzer.com\/da\/wp-json\/wp\/v2\/media\/101290"}],"wp:attachment":[{"href":"https:\/\/www.truzzer.com\/da\/wp-json\/wp\/v2\/media?parent=101273"}],"wp:term":[{"taxonomy":"product_brand","embeddable":true,"href":"https:\/\/www.truzzer.com\/da\/wp-json\/wp\/v2\/product_brand?post=101273"},{"taxonomy":"product_cat","embeddable":true,"href":"https:\/\/www.truzzer.com\/da\/wp-json\/wp\/v2\/product_cat?post=101273"},{"taxonomy":"product_tag","embeddable":true,"href":"https:\/\/www.truzzer.com\/da\/wp-json\/wp\/v2\/product_tag?post=101273"}],"curies":[{"name":"wp","href":"https:\/\/api.w.org\/{rel}","templated":true}]}}