{"id":101473,"date":"2026-02-01T20:02:07","date_gmt":"2026-02-01T20:02:07","guid":{"rendered":"https:\/\/beta.truzzer.com\/product\/wifi-nfc-sticker-square-with-qr-code\/"},"modified":"2026-02-13T09:55:46","modified_gmt":"2026-02-13T09:55:46","slug":"wifi-nfc-sticker-square-with-qr-code","status":"publish","type":"product","link":"https:\/\/www.truzzer.com\/da\/vare\/wifi-nfc-sticker-square-with-qr-code\/","title":{"rendered":"WIFI NFC Klisterm\u00e6rke &#8220;Square&#8221; med QR-kode"},"content":{"rendered":"<p>I nutidens hurtige verden leder virksomheder efter nye og innovative m\u00e5der at tiltr\u00e6kke og fastholde kunder p\u00e5. En m\u00e5de at g\u00f8re dette p\u00e5 er ved at bruge teknologi til at forbedre kundeoplevelsen. Truzzer WIFI NFC-klisterm\u00e6rker er et godt eksempel p\u00e5, hvordan virksomheder kan udnytte teknologi til at \u00f8ge kundeengagementet og fremme salget.<\/p>\n<p>Truzzer WIFI NFC klisterm\u00e6rker er sm\u00e5, selvkl\u00e6bende klisterm\u00e6rker, der kan placeres hvor som helst i en virksomhed, s\u00e5som p\u00e5 et bord, en v\u00e6g eller et produktdisplay. De indeholder b\u00e5de WIFI og NFC teknologi, som g\u00f8r det muligt for kunderne hurtigt og nemt at oprette forbindelse til virksomhedens WIFI netv\u00e6rk eller f\u00e5 adgang til relevant information om produkter eller tjenester. Klisterm\u00e6rkerne er designet til at v\u00e6re brugervenlige, og kunder kan blot trykke p\u00e5 deres NFC-aktiverede smartphone eller scanne QR-koden p\u00e5 klisterm\u00e6rket for at oprette forbindelse til netv\u00e6rket eller f\u00e5 adgang til oplysningerne.<\/p>\n<p>Fordelene ved at bruge Truzzer WIFI NFC klisterm\u00e6rker er talrige. For det f\u00f8rste g\u00f8r de det nemmere for kunderne at oprette forbindelse til virksomhedens WIFI-netv\u00e6rk, som er en n\u00f8glefaktor for kundetilfredshed. Kunder forventer i dag, at virksomheder leverer gratis WIFI, og Truzzer-klisterm\u00e6rker g\u00f8r det nemt for kunder at oprette forbindelse uden at skulle igennem en lang proces.<\/p>\n<p>Derudover kan Truzzer WIFI NFC-klisterm\u00e6rker hj\u00e6lpe virksomheder med at promovere deres produkter og tjenester mere effektivt. Ved at inkludere relevant information om et produkt eller en tjeneste p\u00e5 m\u00e6rkaten, kan virksomheder give kunderne mere information om, hvad de tilbyder. Dette kan hj\u00e6lpe kunder med at tr\u00e6ffe informerede k\u00f8bsbeslutninger, hvilket kan f\u00f8re til h\u00f8jere salg for virksomheden.<\/p>\n<p>En anden fordel ved Truzzer WIFI NFC klisterm\u00e6rker er, at de er alsidige og kan bruges i en r\u00e6kke forskellige indstillinger. De kan bruges i restauranter, caf\u00e9er, detailbutikker og endda p\u00e5 kontorer. Dette g\u00f8r dem til en fantastisk investering for virksomheder, der \u00f8nsker at forbedre kundeoplevelsen og \u00f8ge salget.<\/p>\n<p>Det er ogs\u00e5 v\u00e6rd at bem\u00e6rke, at Truzzer WIFI NFC-klisterm\u00e6rker inkluderer en alternativ QR-kode til kunder, der ikke har NFC-aktiverede smartphones. Dette sikrer, at alle kunder kan f\u00e5 adgang til oplysningerne eller oprette forbindelse til WIFI-netv\u00e6rket, uanset hvilken type smartphone de har.<\/p>\n<p>Afslutningsvis er Truzzer WIFI NFC klisterm\u00e6rker en fremragende investering for virksomheder, der \u00f8nsker at forbedre kundeoplevelsen og \u00f8ge salget. De er nemme at bruge, alsidige og giver kunderne relevante oplysninger om produkter og tjenester. Medtagelsen af \u200b\u200ben alternativ QR-kode sikrer, at alle kunder kan f\u00e5 adgang til oplysningerne eller oprette forbindelse til WIFI-netv\u00e6rket, uanset hvilken type smartphone de har. Virksomheder, der investerer i Truzzer WIFI NFC-klisterm\u00e6rker, kan forvente at se \u00f8get kundetilfredshed og salg, hvilket g\u00f8r dem til en v\u00e6rdifuld tilf\u00f8jelse til enhver virksomhed.<\/p>\n","protected":false},"excerpt":{"rendered":"<h2>Opdag de nye WLAN NFC-klisterm\u00e6rker!<\/h2>\n<p>Tilbyd dine kunder og g\u00e6ster en bedre oplevelse p\u00e5 stedet i din butik, praksis, salon eller restaurant ved at give dem nem og enkel adgang til din WiFi.<\/p>\n<p>WLAN NFC-klisterm\u00e6rkerne giver dine kunder nem adgang til din WIFI. Hold blot din smartphone til klisterm\u00e6rket, og kunderne kan oprette forbindelse til din WiFi. Hvis kundens smartphone ikke har en NFC-funktion, er der en alternativ QR-kode p\u00e5 m\u00e6rkaten, som kan scannes direkte med smartphone-kameraet <strong>&#8211; i begge tilf\u00e6lde er det ikke n\u00f8dvendigt med en separat app!<\/strong><\/p>\n<p><strong><\/strong><\/p>\n<p><strong>S\u00e5dan hj\u00e6lper NFC WLAN-klisterm\u00e6rkerne dig<\/strong><\/p>\n<p>&nbsp;<\/p>\n<ul>\n<li>Ingen s\u00f8gning og ingen problemer: <strong>NFC-linket og QR-koden forbinder kunder direkte til WLAN&#8217;et <\/strong>(vi opretter QR-koden til dig baseret p\u00e5 dine oplysninger)<\/li>\n<li><strong>R\u00f8rbar<\/strong>: Klisterm\u00e6rkerne g\u00f8r din WiFi h\u00e5ndgribelig.<\/li>\n<li>Der kr\u00e6ves ingen ekstra app.<\/li>\n<li>B\u00f8jefang: moderne design<\/li>\n<li>L\u00e6ngere tid brugt i butikken takket v\u00e6re WIFI<\/li>\n<\/ul>\n<p>&nbsp;<\/p>\n<p><strong>Vi opretter og sammenk\u00e6der NFC-linket og QR-koden for dig!<\/strong><\/p>\n<p>&nbsp;<\/p>\n<p>&nbsp;<\/p>\n","protected":false},"featured_media":101501,"comment_status":"open","ping_status":"closed","template":"","meta":{"_acf_changed":false,"_yoast_wpseo_focuskw":"WiFi QR-kode NFC Klisterm\u00e6rke","_yoast_wpseo_title":"WIFI NFC Sticker \u201cSquare\u201d with QR Code | truzzer","_yoast_wpseo_metadesc":"Nem WiFi-adgang for dine g\u00e6ster med WIFI NFC Sticker \u201cSquare\u201d with QR Code fra truzzer. Nem ops\u00e6tning, klar til brug. Bestil nu!"},"product_brand":[],"product_cat":[1535,552,1574],"product_tag":[],"class_list":{"0":"post-101473","1":"product","2":"type-product","3":"status-publish","4":"has-post-thumbnail","6":"product_cat-nfc-klistermaerker","7":"product_cat-nfc-produkter","8":"product_cat-wifi-klistermaerker-med-qr-nfc","9":"pa_industry-detailhandel","10":"pa_industry-fitness-gym","11":"pa_industry-restaurant-cafe","12":"pa_material-vinyl","13":"pa_placement-balie-receptie","14":"pa_placement-verpakking","15":"pa_placement-window-door","16":"pa_product-type-klistermaerke","17":"pa_shape-vierkant","18":"pa_technology-nfc","19":"pa_technology-qr-nfc-2","21":"first","22":"instock","23":"taxable","24":"shipping-taxable","25":"product-type-simple"},"acf":[],"yoast_head":"<!-- This site is optimized with the Yoast SEO plugin v27.0 - https:\/\/yoast.com\/product\/yoast-seo-wordpress\/ -->\n<title>WIFI NFC Sticker \u201cSquare\u201d with QR Code | truzzer<\/title>\n<meta name=\"description\" content=\"Nem WiFi-adgang for dine g\u00e6ster med WIFI NFC Sticker \u201cSquare\u201d with QR Code fra truzzer. Nem ops\u00e6tning, klar til brug. Bestil nu!\" \/>\n<meta name=\"robots\" content=\"index, follow, max-snippet:-1, max-image-preview:large, max-video-preview:-1\" \/>\n<link rel=\"canonical\" href=\"https:\/\/www.truzzer.com\/da\/vare\/wifi-nfc-sticker-square-with-qr-code\/\" \/>\n<meta property=\"og:locale\" content=\"da_DK\" \/>\n<meta property=\"og:type\" content=\"article\" \/>\n<meta property=\"og:title\" content=\"WIFI NFC Sticker \u201cSquare\u201d with QR Code | truzzer\" \/>\n<meta property=\"og:description\" content=\"Nem WiFi-adgang for dine g\u00e6ster med WIFI NFC Sticker \u201cSquare\u201d with QR Code fra truzzer. Nem ops\u00e6tning, klar til brug. Bestil nu!\" \/>\n<meta property=\"og:url\" content=\"https:\/\/www.truzzer.com\/da\/vare\/wifi-nfc-sticker-square-with-qr-code\/\" \/>\n<meta property=\"og:site_name\" content=\"truzzer\" \/>\n<meta property=\"article:modified_time\" content=\"2026-02-13T09:55:46+00:00\" \/>\n<meta property=\"og:image\" content=\"https:\/\/www.truzzer.com\/wp-content\/uploads\/2026\/02\/nfc-wifi-sticker-wlan-aufkleber-empfehlio-truzzer-social-wave-mit-wlan-qr-code-white-1.jpg\" \/>\n\t<meta property=\"og:image:width\" content=\"1200\" \/>\n\t<meta property=\"og:image:height\" content=\"1200\" \/>\n\t<meta property=\"og:image:type\" content=\"image\/jpeg\" \/>\n<meta name=\"twitter:card\" content=\"summary_large_image\" \/>\n<meta name=\"twitter:label1\" content=\"Estimeret l\u00e6setid\" \/>\n\t<meta name=\"twitter:data1\" content=\"2 minutter\" \/>\n<script type=\"application\/ld+json\" class=\"yoast-schema-graph\">{\"@context\":\"https:\/\/schema.org\",\"@graph\":[{\"@type\":\"WebPage\",\"@id\":\"https:\/\/www.truzzer.com\/da\/vare\/wifi-nfc-sticker-square-with-qr-code\/\",\"url\":\"https:\/\/www.truzzer.com\/da\/vare\/wifi-nfc-sticker-square-with-qr-code\/\",\"name\":\"WIFI NFC Sticker \u201cSquare\u201d with QR Code | truzzer\",\"isPartOf\":{\"@id\":\"https:\/\/www.truzzer.com\/da\/#website\"},\"primaryImageOfPage\":{\"@id\":\"https:\/\/www.truzzer.com\/da\/vare\/wifi-nfc-sticker-square-with-qr-code\/#primaryimage\"},\"image\":{\"@id\":\"https:\/\/www.truzzer.com\/da\/vare\/wifi-nfc-sticker-square-with-qr-code\/#primaryimage\"},\"thumbnailUrl\":\"https:\/\/www.truzzer.com\/wp-content\/uploads\/2026\/02\/nfc-wifi-sticker-wlan-aufkleber-empfehlio-truzzer-social-wave-mit-wlan-qr-code-white-1.jpg\",\"datePublished\":\"2026-02-01T20:02:07+00:00\",\"dateModified\":\"2026-02-13T09:55:46+00:00\",\"description\":\"Nem WiFi-adgang for dine g\u00e6ster med WIFI NFC Sticker \u201cSquare\u201d with QR Code fra truzzer. Nem ops\u00e6tning, klar til brug. Bestil nu!\",\"breadcrumb\":{\"@id\":\"https:\/\/www.truzzer.com\/da\/vare\/wifi-nfc-sticker-square-with-qr-code\/#breadcrumb\"},\"inLanguage\":\"da-DK\",\"potentialAction\":[{\"@type\":\"ReadAction\",\"target\":[\"https:\/\/www.truzzer.com\/da\/vare\/wifi-nfc-sticker-square-with-qr-code\/\"]}]},{\"@type\":\"ImageObject\",\"inLanguage\":\"da-DK\",\"@id\":\"https:\/\/www.truzzer.com\/da\/vare\/wifi-nfc-sticker-square-with-qr-code\/#primaryimage\",\"url\":\"https:\/\/www.truzzer.com\/wp-content\/uploads\/2026\/02\/nfc-wifi-sticker-wlan-aufkleber-empfehlio-truzzer-social-wave-mit-wlan-qr-code-white-1.jpg\",\"contentUrl\":\"https:\/\/www.truzzer.com\/wp-content\/uploads\/2026\/02\/nfc-wifi-sticker-wlan-aufkleber-empfehlio-truzzer-social-wave-mit-wlan-qr-code-white-1.jpg\",\"width\":1200,\"height\":1200},{\"@type\":\"BreadcrumbList\",\"@id\":\"https:\/\/www.truzzer.com\/da\/vare\/wifi-nfc-sticker-square-with-qr-code\/#breadcrumb\",\"itemListElement\":[{\"@type\":\"ListItem\",\"position\":1,\"name\":\"Home\",\"item\":\"https:\/\/www.truzzer.com\/da\/\"},{\"@type\":\"ListItem\",\"position\":2,\"name\":\"Butik\",\"item\":\"https:\/\/www.truzzer.com\/da\/shop\/\"},{\"@type\":\"ListItem\",\"position\":3,\"name\":\"WIFI NFC Klisterm\u00e6rke &#8220;Square&#8221; med QR-kode\"}]},{\"@type\":\"WebSite\",\"@id\":\"https:\/\/www.truzzer.com\/da\/#website\",\"url\":\"https:\/\/www.truzzer.com\/da\/\",\"name\":\"truzzer\",\"description\":\"Experts for customer trust\",\"publisher\":{\"@id\":\"https:\/\/www.truzzer.com\/da\/#organization\"},\"potentialAction\":[{\"@type\":\"SearchAction\",\"target\":{\"@type\":\"EntryPoint\",\"urlTemplate\":\"https:\/\/www.truzzer.com\/da\/?s={search_term_string}\"},\"query-input\":{\"@type\":\"PropertyValueSpecification\",\"valueRequired\":true,\"valueName\":\"search_term_string\"}}],\"inLanguage\":\"da-DK\"},{\"@type\":\"Organization\",\"@id\":\"https:\/\/www.truzzer.com\/da\/#organization\",\"name\":\"truzzer\",\"url\":\"https:\/\/www.truzzer.com\/da\/\",\"logo\":{\"@type\":\"ImageObject\",\"inLanguage\":\"da-DK\",\"@id\":\"https:\/\/www.truzzer.com\/da\/#\/schema\/logo\/image\/\",\"url\":\"https:\/\/truzzer.com\/wp-content\/uploads\/2026\/01\/truzzer-logo-black-1.svg\",\"contentUrl\":\"https:\/\/truzzer.com\/wp-content\/uploads\/2026\/01\/truzzer-logo-black-1.svg\",\"width\":938,\"height\":199,\"caption\":\"truzzer\"},\"image\":{\"@id\":\"https:\/\/www.truzzer.com\/da\/#\/schema\/logo\/image\/\"}}]}<\/script>\n<!-- \/ Yoast SEO plugin. -->","yoast_head_json":{"title":"WIFI NFC Sticker \u201cSquare\u201d with QR Code | truzzer","description":"Nem WiFi-adgang for dine g\u00e6ster med WIFI NFC Sticker \u201cSquare\u201d with QR Code fra truzzer. Nem ops\u00e6tning, klar til brug. Bestil nu!","robots":{"index":"index","follow":"follow","max-snippet":"max-snippet:-1","max-image-preview":"max-image-preview:large","max-video-preview":"max-video-preview:-1"},"canonical":"https:\/\/www.truzzer.com\/da\/vare\/wifi-nfc-sticker-square-with-qr-code\/","og_locale":"da_DK","og_type":"article","og_title":"WIFI NFC Sticker \u201cSquare\u201d with QR Code | truzzer","og_description":"Nem WiFi-adgang for dine g\u00e6ster med WIFI NFC Sticker \u201cSquare\u201d with QR Code fra truzzer. Nem ops\u00e6tning, klar til brug. Bestil nu!","og_url":"https:\/\/www.truzzer.com\/da\/vare\/wifi-nfc-sticker-square-with-qr-code\/","og_site_name":"truzzer","article_modified_time":"2026-02-13T09:55:46+00:00","og_image":[{"width":1200,"height":1200,"url":"https:\/\/www.truzzer.com\/wp-content\/uploads\/2026\/02\/nfc-wifi-sticker-wlan-aufkleber-empfehlio-truzzer-social-wave-mit-wlan-qr-code-white-1.jpg","type":"image\/jpeg"}],"twitter_card":"summary_large_image","twitter_misc":{"Estimeret l\u00e6setid":"2 minutter"},"schema":{"@context":"https:\/\/schema.org","@graph":[{"@type":"WebPage","@id":"https:\/\/www.truzzer.com\/da\/vare\/wifi-nfc-sticker-square-with-qr-code\/","url":"https:\/\/www.truzzer.com\/da\/vare\/wifi-nfc-sticker-square-with-qr-code\/","name":"WIFI NFC Sticker \u201cSquare\u201d with QR Code | truzzer","isPartOf":{"@id":"https:\/\/www.truzzer.com\/da\/#website"},"primaryImageOfPage":{"@id":"https:\/\/www.truzzer.com\/da\/vare\/wifi-nfc-sticker-square-with-qr-code\/#primaryimage"},"image":{"@id":"https:\/\/www.truzzer.com\/da\/vare\/wifi-nfc-sticker-square-with-qr-code\/#primaryimage"},"thumbnailUrl":"https:\/\/www.truzzer.com\/wp-content\/uploads\/2026\/02\/nfc-wifi-sticker-wlan-aufkleber-empfehlio-truzzer-social-wave-mit-wlan-qr-code-white-1.jpg","datePublished":"2026-02-01T20:02:07+00:00","dateModified":"2026-02-13T09:55:46+00:00","description":"Nem WiFi-adgang for dine g\u00e6ster med WIFI NFC Sticker \u201cSquare\u201d with QR Code fra truzzer. Nem ops\u00e6tning, klar til brug. Bestil nu!","breadcrumb":{"@id":"https:\/\/www.truzzer.com\/da\/vare\/wifi-nfc-sticker-square-with-qr-code\/#breadcrumb"},"inLanguage":"da-DK","potentialAction":[{"@type":"ReadAction","target":["https:\/\/www.truzzer.com\/da\/vare\/wifi-nfc-sticker-square-with-qr-code\/"]}]},{"@type":"ImageObject","inLanguage":"da-DK","@id":"https:\/\/www.truzzer.com\/da\/vare\/wifi-nfc-sticker-square-with-qr-code\/#primaryimage","url":"https:\/\/www.truzzer.com\/wp-content\/uploads\/2026\/02\/nfc-wifi-sticker-wlan-aufkleber-empfehlio-truzzer-social-wave-mit-wlan-qr-code-white-1.jpg","contentUrl":"https:\/\/www.truzzer.com\/wp-content\/uploads\/2026\/02\/nfc-wifi-sticker-wlan-aufkleber-empfehlio-truzzer-social-wave-mit-wlan-qr-code-white-1.jpg","width":1200,"height":1200},{"@type":"BreadcrumbList","@id":"https:\/\/www.truzzer.com\/da\/vare\/wifi-nfc-sticker-square-with-qr-code\/#breadcrumb","itemListElement":[{"@type":"ListItem","position":1,"name":"Home","item":"https:\/\/www.truzzer.com\/da\/"},{"@type":"ListItem","position":2,"name":"Butik","item":"https:\/\/www.truzzer.com\/da\/shop\/"},{"@type":"ListItem","position":3,"name":"WIFI NFC Klisterm\u00e6rke &#8220;Square&#8221; med QR-kode"}]},{"@type":"WebSite","@id":"https:\/\/www.truzzer.com\/da\/#website","url":"https:\/\/www.truzzer.com\/da\/","name":"truzzer","description":"Experts for customer trust","publisher":{"@id":"https:\/\/www.truzzer.com\/da\/#organization"},"potentialAction":[{"@type":"SearchAction","target":{"@type":"EntryPoint","urlTemplate":"https:\/\/www.truzzer.com\/da\/?s={search_term_string}"},"query-input":{"@type":"PropertyValueSpecification","valueRequired":true,"valueName":"search_term_string"}}],"inLanguage":"da-DK"},{"@type":"Organization","@id":"https:\/\/www.truzzer.com\/da\/#organization","name":"truzzer","url":"https:\/\/www.truzzer.com\/da\/","logo":{"@type":"ImageObject","inLanguage":"da-DK","@id":"https:\/\/www.truzzer.com\/da\/#\/schema\/logo\/image\/","url":"https:\/\/truzzer.com\/wp-content\/uploads\/2026\/01\/truzzer-logo-black-1.svg","contentUrl":"https:\/\/truzzer.com\/wp-content\/uploads\/2026\/01\/truzzer-logo-black-1.svg","width":938,"height":199,"caption":"truzzer"},"image":{"@id":"https:\/\/www.truzzer.com\/da\/#\/schema\/logo\/image\/"}}]}},"tiered_pricing_type":"fixed","tiered_pricing_fixed_rules":[],"tiered_pricing_product_settings":{"layout":"default","base_unit_name":{"singular":null,"plural":null},"default_variation":null},"tiered_pricing_minimum_quantity":null,"tiered_pricing_roles_data":[],"tiered_pricing_percentage_rules":[],"tiered_pricing_maximum_quantity":null,"tiered_pricing_quantity_step":null,"_links":{"self":[{"href":"https:\/\/www.truzzer.com\/da\/wp-json\/wp\/v2\/product\/101473","targetHints":{"allow":["GET"]}}],"collection":[{"href":"https:\/\/www.truzzer.com\/da\/wp-json\/wp\/v2\/product"}],"about":[{"href":"https:\/\/www.truzzer.com\/da\/wp-json\/wp\/v2\/types\/product"}],"replies":[{"embeddable":true,"href":"https:\/\/www.truzzer.com\/da\/wp-json\/wp\/v2\/comments?post=101473"}],"wp:featuredmedia":[{"embeddable":true,"href":"https:\/\/www.truzzer.com\/da\/wp-json\/wp\/v2\/media\/101501"}],"wp:attachment":[{"href":"https:\/\/www.truzzer.com\/da\/wp-json\/wp\/v2\/media?parent=101473"}],"wp:term":[{"taxonomy":"product_brand","embeddable":true,"href":"https:\/\/www.truzzer.com\/da\/wp-json\/wp\/v2\/product_brand?post=101473"},{"taxonomy":"product_cat","embeddable":true,"href":"https:\/\/www.truzzer.com\/da\/wp-json\/wp\/v2\/product_cat?post=101473"},{"taxonomy":"product_tag","embeddable":true,"href":"https:\/\/www.truzzer.com\/da\/wp-json\/wp\/v2\/product_tag?post=101473"}],"curies":[{"name":"wp","href":"https:\/\/api.w.org\/{rel}","templated":true}]}}