{"id":101569,"date":"2026-02-01T20:01:58","date_gmt":"2026-02-01T20:01:58","guid":{"rendered":"https:\/\/beta.truzzer.com\/product\/google-review-nfc-sticker-square-with-google-review-qr-code\/"},"modified":"2026-02-13T09:56:58","modified_gmt":"2026-02-13T09:56:58","slug":"google-review-nfc-sticker-square-with-google-review-qr-code","status":"publish","type":"product","link":"https:\/\/www.truzzer.com\/da\/vare\/google-review-nfc-sticker-square-with-google-review-qr-code\/","title":{"rendered":"Google anmeldelse NFC Klisterm\u00e6rke &#8220;Square&#8221; med Google anmeldelse QR kode"},"content":{"rendered":"<h2>F\u00e5 flere Google anmeldelser med Google Review NFC QR kodeklisterm\u00e6rker fra truzzer!<\/h2>\n<p>Med <strong>truzzer Google anmeldelsesm\u00e6rkater<\/strong> med NFC link kan du f\u00e5 hurtigere positive anmeldelser fra dine tilfredse kunder direkte i din butik.<\/p>\n<p>Placer klisterm\u00e6rkerne tydeligt i kasseomr\u00e5det, p\u00e5 hovedd\u00f8ren eller hvor som helst dine kunder kan se klisterm\u00e6rkerne.<\/p>\n<p>&#8211; Velegnet til indend\u00f8rs og udend\u00f8rs brug<br \/>\n&#8211; Vejrbestandig<br \/>\n&#8211; Velegnet til enhver glat overflade<br \/>\n-Til detailbutikker, d\u00f8re eller som bil Google klisterm\u00e6rke<br \/>\n-Viser dine kunder, at de ogs\u00e5 kan finde dig p\u00e5 Google<br \/>\n&#8211; Individuelt lavet til dig<\/p>\n<p>&nbsp;<\/p>\n<p>&nbsp;<\/p>\n","protected":false},"excerpt":{"rendered":"<h2>F\u00e5 Google-anmeldelser med NFC<\/h2>\n<p><strong>Det har aldrig v\u00e6ret s\u00e5 nemt at f\u00e5 Google-anmeldelser fra kunder!<\/strong><br \/>\nMed de kontaktl\u00f8se Google anmeldelser NFC klisterm\u00e6rker \/ klisterm\u00e6rker kan du nemt vinde nye Google anmeldelser direkte p\u00e5 stedet.<br \/>\nMed sit seje design v\u00e6kker Google-m\u00e6rkatet kundernes interesse, og call-to-action opfordrer dine kunder til at bed\u00f8mme dig p\u00e5 Google.<\/p>\n<p>Alt dine kunder skal g\u00f8re er at holde deres smartphone t\u00e6t p\u00e5 klisterm\u00e6rket, og en pop-up \u00e5bnes p\u00e5 deres telefon, som vil f\u00f8re direkte til din anmeldelsesformular!<\/p>\n<p>Hvis kundens smartphone ikke har en NFC-funktion, er der en alternativ QR-kode p\u00e5 klisterm\u00e6rket, som kan scannes direkte med smartphone-kameraet <strong>&#8211; i begge tilf\u00e6lde er det ikke n\u00f8dvendigt med en separat app!<\/strong><\/p>\n<h3><strong>S\u00e5dan hj\u00e6lper NFC-klisterm\u00e6rkerne dig med at f\u00e5 flere Google-bed\u00f8mmelser<br \/><\/strong><\/h3>\n<p>NFC-klisterm\u00e6rkerne tager dig og dine kunder de st\u00f8rste forhindringer i Google-klassificeringen:<\/p>\n<ul>\n<li>Ingen akavede sp\u00f8rgsm\u00e5l &amp; Sp\u00f8rg, bare l\u00e6g p\u00e5 stedet. <strong>Call-to-action<\/strong> overtager anmodningen om en Google-bed\u00f8mmelse til dig<\/li>\n<li>Glem det ikke, for kunderne vil blive mindet om Google-klassificeringen.<\/li>\n<li>Ingen s\u00f8gning og ingen besv\u00e6r: <strong>NFC-linket og Google Review QR-koden f\u00f8rer direkte til din anmeldelsesformular<\/strong> (vi opretter denne for dig)<strong><br \/><\/strong><\/li>\n<li><strong>Ber\u00f8rbar<\/strong>: Klisterm\u00e6rkerne g\u00f8r vurderingen ber\u00f8rbar.<\/li>\n<li>Der kr\u00e6ves ingen ekstra app.<\/li>\n<li>B\u00f8jefang: moderne design<\/li>\n<\/ul>\n<p><strong>Vi opretter og sammenk\u00e6der NFC-linket og QR-koden til direkte evaluering p\u00e5 din Google-profil for dig!<\/strong><strong><br \/><\/strong><\/p>\n","protected":false},"featured_media":101572,"comment_status":"open","ping_status":"closed","template":"","meta":{"_acf_changed":false,"_yoast_wpseo_focuskw":"Google Anmeldelse NFC Klisterm\u00e6rke","_yoast_wpseo_title":"Google Review NFC Sticker \u201cSquare\u201d with Google ... | truzzer","_yoast_wpseo_metadesc":"Flere Google-anmeldelser med Google Review NFC Sticker \u201cSquare\u201d with Google Review QR Code fra truzzer. Nem ops\u00e6tning. Bestil nu!"},"product_brand":[1631],"product_cat":[1568,1535,552],"product_tag":[],"class_list":{"0":"post-101569","1":"product","2":"type-product","3":"status-publish","4":"has-post-thumbnail","6":"product_brand-google","7":"product_cat-google-anmeldelse-klistermaerker-med-qr-nfc","8":"product_cat-nfc-klistermaerker","9":"product_cat-nfc-produkter","10":"pa_industry-detailhandel","11":"pa_industry-fitness-gym","12":"pa_industry-restaurant-cafe","13":"pa_material-vinyl","14":"pa_placement-balie-receptie","15":"pa_placement-verpakking","16":"pa_placement-window-door","17":"pa_product-type-klistermaerke","18":"pa_shape-vierkant","19":"pa_technology-nfc","20":"pa_technology-qr-nfc-2","22":"first","23":"instock","24":"taxable","25":"shipping-taxable","26":"purchasable","27":"product-type-simple"},"acf":[],"yoast_head":"<!-- This site is optimized with the Yoast SEO plugin v27.0 - https:\/\/yoast.com\/product\/yoast-seo-wordpress\/ -->\n<title>Google Review NFC Sticker \u201cSquare\u201d with Google ... | truzzer<\/title>\n<meta name=\"description\" content=\"Flere Google-anmeldelser med Google Review NFC Sticker \u201cSquare\u201d with Google Review QR Code fra truzzer. Nem ops\u00e6tning. Bestil nu!\" \/>\n<meta name=\"robots\" content=\"index, follow, max-snippet:-1, max-image-preview:large, max-video-preview:-1\" \/>\n<link rel=\"canonical\" href=\"https:\/\/www.truzzer.com\/da\/vare\/google-review-nfc-sticker-square-with-google-review-qr-code\/\" \/>\n<meta property=\"og:locale\" content=\"da_DK\" \/>\n<meta property=\"og:type\" content=\"article\" \/>\n<meta property=\"og:title\" content=\"Google Review NFC Sticker \u201cSquare\u201d with Google ... | truzzer\" \/>\n<meta property=\"og:description\" content=\"Flere Google-anmeldelser med Google Review NFC Sticker \u201cSquare\u201d with Google Review QR Code fra truzzer. Nem ops\u00e6tning. Bestil nu!\" \/>\n<meta property=\"og:url\" content=\"https:\/\/www.truzzer.com\/da\/vare\/google-review-nfc-sticker-square-with-google-review-qr-code\/\" \/>\n<meta property=\"og:site_name\" content=\"truzzer\" \/>\n<meta property=\"article:modified_time\" content=\"2026-02-13T09:56:58+00:00\" \/>\n<meta property=\"og:image\" content=\"https:\/\/www.truzzer.com\/wp-content\/uploads\/2026\/02\/google-review-nfc-sticker-google-qr-code-truzzer-1-2.jpg\" \/>\n\t<meta property=\"og:image:width\" content=\"1200\" \/>\n\t<meta property=\"og:image:height\" content=\"1200\" \/>\n\t<meta property=\"og:image:type\" content=\"image\/jpeg\" \/>\n<meta name=\"twitter:card\" content=\"summary_large_image\" \/>\n<meta name=\"twitter:label1\" content=\"Estimeret l\u00e6setid\" \/>\n\t<meta name=\"twitter:data1\" content=\"1 minut\" \/>\n<script type=\"application\/ld+json\" class=\"yoast-schema-graph\">{\"@context\":\"https:\/\/schema.org\",\"@graph\":[{\"@type\":\"WebPage\",\"@id\":\"https:\/\/www.truzzer.com\/da\/vare\/google-review-nfc-sticker-square-with-google-review-qr-code\/\",\"url\":\"https:\/\/www.truzzer.com\/da\/vare\/google-review-nfc-sticker-square-with-google-review-qr-code\/\",\"name\":\"Google Review NFC Sticker \u201cSquare\u201d with Google ... | truzzer\",\"isPartOf\":{\"@id\":\"https:\/\/www.truzzer.com\/da\/#website\"},\"primaryImageOfPage\":{\"@id\":\"https:\/\/www.truzzer.com\/da\/vare\/google-review-nfc-sticker-square-with-google-review-qr-code\/#primaryimage\"},\"image\":{\"@id\":\"https:\/\/www.truzzer.com\/da\/vare\/google-review-nfc-sticker-square-with-google-review-qr-code\/#primaryimage\"},\"thumbnailUrl\":\"https:\/\/www.truzzer.com\/wp-content\/uploads\/2026\/02\/google-review-nfc-sticker-google-qr-code-truzzer-1-2.jpg\",\"datePublished\":\"2026-02-01T20:01:58+00:00\",\"dateModified\":\"2026-02-13T09:56:58+00:00\",\"description\":\"Flere Google-anmeldelser med Google Review NFC Sticker \u201cSquare\u201d with Google Review QR Code fra truzzer. Nem ops\u00e6tning. Bestil nu!\",\"breadcrumb\":{\"@id\":\"https:\/\/www.truzzer.com\/da\/vare\/google-review-nfc-sticker-square-with-google-review-qr-code\/#breadcrumb\"},\"inLanguage\":\"da-DK\",\"potentialAction\":[{\"@type\":\"ReadAction\",\"target\":[\"https:\/\/www.truzzer.com\/da\/vare\/google-review-nfc-sticker-square-with-google-review-qr-code\/\"]}]},{\"@type\":\"ImageObject\",\"inLanguage\":\"da-DK\",\"@id\":\"https:\/\/www.truzzer.com\/da\/vare\/google-review-nfc-sticker-square-with-google-review-qr-code\/#primaryimage\",\"url\":\"https:\/\/www.truzzer.com\/wp-content\/uploads\/2026\/02\/google-review-nfc-sticker-google-qr-code-truzzer-1-2.jpg\",\"contentUrl\":\"https:\/\/www.truzzer.com\/wp-content\/uploads\/2026\/02\/google-review-nfc-sticker-google-qr-code-truzzer-1-2.jpg\",\"width\":1200,\"height\":1200},{\"@type\":\"BreadcrumbList\",\"@id\":\"https:\/\/www.truzzer.com\/da\/vare\/google-review-nfc-sticker-square-with-google-review-qr-code\/#breadcrumb\",\"itemListElement\":[{\"@type\":\"ListItem\",\"position\":1,\"name\":\"Home\",\"item\":\"https:\/\/www.truzzer.com\/da\/\"},{\"@type\":\"ListItem\",\"position\":2,\"name\":\"Butik\",\"item\":\"https:\/\/www.truzzer.com\/da\/shop\/\"},{\"@type\":\"ListItem\",\"position\":3,\"name\":\"Google anmeldelse NFC Klisterm\u00e6rke &#8220;Square&#8221; med Google anmeldelse QR kode\"}]},{\"@type\":\"WebSite\",\"@id\":\"https:\/\/www.truzzer.com\/da\/#website\",\"url\":\"https:\/\/www.truzzer.com\/da\/\",\"name\":\"truzzer\",\"description\":\"Experts for customer trust\",\"publisher\":{\"@id\":\"https:\/\/www.truzzer.com\/da\/#organization\"},\"potentialAction\":[{\"@type\":\"SearchAction\",\"target\":{\"@type\":\"EntryPoint\",\"urlTemplate\":\"https:\/\/www.truzzer.com\/da\/?s={search_term_string}\"},\"query-input\":{\"@type\":\"PropertyValueSpecification\",\"valueRequired\":true,\"valueName\":\"search_term_string\"}}],\"inLanguage\":\"da-DK\"},{\"@type\":\"Organization\",\"@id\":\"https:\/\/www.truzzer.com\/da\/#organization\",\"name\":\"truzzer\",\"url\":\"https:\/\/www.truzzer.com\/da\/\",\"logo\":{\"@type\":\"ImageObject\",\"inLanguage\":\"da-DK\",\"@id\":\"https:\/\/www.truzzer.com\/da\/#\/schema\/logo\/image\/\",\"url\":\"https:\/\/truzzer.com\/wp-content\/uploads\/2026\/01\/truzzer-logo-black-1.svg\",\"contentUrl\":\"https:\/\/truzzer.com\/wp-content\/uploads\/2026\/01\/truzzer-logo-black-1.svg\",\"width\":938,\"height\":199,\"caption\":\"truzzer\"},\"image\":{\"@id\":\"https:\/\/www.truzzer.com\/da\/#\/schema\/logo\/image\/\"}}]}<\/script>\n<!-- \/ Yoast SEO plugin. -->","yoast_head_json":{"title":"Google Review NFC Sticker \u201cSquare\u201d with Google ... | truzzer","description":"Flere Google-anmeldelser med Google Review NFC Sticker \u201cSquare\u201d with Google Review QR Code fra truzzer. Nem ops\u00e6tning. Bestil nu!","robots":{"index":"index","follow":"follow","max-snippet":"max-snippet:-1","max-image-preview":"max-image-preview:large","max-video-preview":"max-video-preview:-1"},"canonical":"https:\/\/www.truzzer.com\/da\/vare\/google-review-nfc-sticker-square-with-google-review-qr-code\/","og_locale":"da_DK","og_type":"article","og_title":"Google Review NFC Sticker \u201cSquare\u201d with Google ... | truzzer","og_description":"Flere Google-anmeldelser med Google Review NFC Sticker \u201cSquare\u201d with Google Review QR Code fra truzzer. Nem ops\u00e6tning. Bestil nu!","og_url":"https:\/\/www.truzzer.com\/da\/vare\/google-review-nfc-sticker-square-with-google-review-qr-code\/","og_site_name":"truzzer","article_modified_time":"2026-02-13T09:56:58+00:00","og_image":[{"width":1200,"height":1200,"url":"https:\/\/www.truzzer.com\/wp-content\/uploads\/2026\/02\/google-review-nfc-sticker-google-qr-code-truzzer-1-2.jpg","type":"image\/jpeg"}],"twitter_card":"summary_large_image","twitter_misc":{"Estimeret l\u00e6setid":"1 minut"},"schema":{"@context":"https:\/\/schema.org","@graph":[{"@type":"WebPage","@id":"https:\/\/www.truzzer.com\/da\/vare\/google-review-nfc-sticker-square-with-google-review-qr-code\/","url":"https:\/\/www.truzzer.com\/da\/vare\/google-review-nfc-sticker-square-with-google-review-qr-code\/","name":"Google Review NFC Sticker \u201cSquare\u201d with Google ... | truzzer","isPartOf":{"@id":"https:\/\/www.truzzer.com\/da\/#website"},"primaryImageOfPage":{"@id":"https:\/\/www.truzzer.com\/da\/vare\/google-review-nfc-sticker-square-with-google-review-qr-code\/#primaryimage"},"image":{"@id":"https:\/\/www.truzzer.com\/da\/vare\/google-review-nfc-sticker-square-with-google-review-qr-code\/#primaryimage"},"thumbnailUrl":"https:\/\/www.truzzer.com\/wp-content\/uploads\/2026\/02\/google-review-nfc-sticker-google-qr-code-truzzer-1-2.jpg","datePublished":"2026-02-01T20:01:58+00:00","dateModified":"2026-02-13T09:56:58+00:00","description":"Flere Google-anmeldelser med Google Review NFC Sticker \u201cSquare\u201d with Google Review QR Code fra truzzer. Nem ops\u00e6tning. Bestil nu!","breadcrumb":{"@id":"https:\/\/www.truzzer.com\/da\/vare\/google-review-nfc-sticker-square-with-google-review-qr-code\/#breadcrumb"},"inLanguage":"da-DK","potentialAction":[{"@type":"ReadAction","target":["https:\/\/www.truzzer.com\/da\/vare\/google-review-nfc-sticker-square-with-google-review-qr-code\/"]}]},{"@type":"ImageObject","inLanguage":"da-DK","@id":"https:\/\/www.truzzer.com\/da\/vare\/google-review-nfc-sticker-square-with-google-review-qr-code\/#primaryimage","url":"https:\/\/www.truzzer.com\/wp-content\/uploads\/2026\/02\/google-review-nfc-sticker-google-qr-code-truzzer-1-2.jpg","contentUrl":"https:\/\/www.truzzer.com\/wp-content\/uploads\/2026\/02\/google-review-nfc-sticker-google-qr-code-truzzer-1-2.jpg","width":1200,"height":1200},{"@type":"BreadcrumbList","@id":"https:\/\/www.truzzer.com\/da\/vare\/google-review-nfc-sticker-square-with-google-review-qr-code\/#breadcrumb","itemListElement":[{"@type":"ListItem","position":1,"name":"Home","item":"https:\/\/www.truzzer.com\/da\/"},{"@type":"ListItem","position":2,"name":"Butik","item":"https:\/\/www.truzzer.com\/da\/shop\/"},{"@type":"ListItem","position":3,"name":"Google anmeldelse NFC Klisterm\u00e6rke &#8220;Square&#8221; med Google anmeldelse QR kode"}]},{"@type":"WebSite","@id":"https:\/\/www.truzzer.com\/da\/#website","url":"https:\/\/www.truzzer.com\/da\/","name":"truzzer","description":"Experts for customer trust","publisher":{"@id":"https:\/\/www.truzzer.com\/da\/#organization"},"potentialAction":[{"@type":"SearchAction","target":{"@type":"EntryPoint","urlTemplate":"https:\/\/www.truzzer.com\/da\/?s={search_term_string}"},"query-input":{"@type":"PropertyValueSpecification","valueRequired":true,"valueName":"search_term_string"}}],"inLanguage":"da-DK"},{"@type":"Organization","@id":"https:\/\/www.truzzer.com\/da\/#organization","name":"truzzer","url":"https:\/\/www.truzzer.com\/da\/","logo":{"@type":"ImageObject","inLanguage":"da-DK","@id":"https:\/\/www.truzzer.com\/da\/#\/schema\/logo\/image\/","url":"https:\/\/truzzer.com\/wp-content\/uploads\/2026\/01\/truzzer-logo-black-1.svg","contentUrl":"https:\/\/truzzer.com\/wp-content\/uploads\/2026\/01\/truzzer-logo-black-1.svg","width":938,"height":199,"caption":"truzzer"},"image":{"@id":"https:\/\/www.truzzer.com\/da\/#\/schema\/logo\/image\/"}}]}},"tiered_pricing_type":"fixed","tiered_pricing_fixed_rules":[],"tiered_pricing_product_settings":{"layout":"default","base_unit_name":{"singular":null,"plural":null},"default_variation":null},"tiered_pricing_minimum_quantity":null,"tiered_pricing_roles_data":[],"tiered_pricing_percentage_rules":[],"tiered_pricing_maximum_quantity":null,"tiered_pricing_quantity_step":null,"_links":{"self":[{"href":"https:\/\/www.truzzer.com\/da\/wp-json\/wp\/v2\/product\/101569","targetHints":{"allow":["GET"]}}],"collection":[{"href":"https:\/\/www.truzzer.com\/da\/wp-json\/wp\/v2\/product"}],"about":[{"href":"https:\/\/www.truzzer.com\/da\/wp-json\/wp\/v2\/types\/product"}],"replies":[{"embeddable":true,"href":"https:\/\/www.truzzer.com\/da\/wp-json\/wp\/v2\/comments?post=101569"}],"wp:featuredmedia":[{"embeddable":true,"href":"https:\/\/www.truzzer.com\/da\/wp-json\/wp\/v2\/media\/101572"}],"wp:attachment":[{"href":"https:\/\/www.truzzer.com\/da\/wp-json\/wp\/v2\/media?parent=101569"}],"wp:term":[{"taxonomy":"product_brand","embeddable":true,"href":"https:\/\/www.truzzer.com\/da\/wp-json\/wp\/v2\/product_brand?post=101569"},{"taxonomy":"product_cat","embeddable":true,"href":"https:\/\/www.truzzer.com\/da\/wp-json\/wp\/v2\/product_cat?post=101569"},{"taxonomy":"product_tag","embeddable":true,"href":"https:\/\/www.truzzer.com\/da\/wp-json\/wp\/v2\/product_tag?post=101569"}],"curies":[{"name":"wp","href":"https:\/\/api.w.org\/{rel}","templated":true}]}}