{"id":101641,"date":"2026-02-01T20:01:31","date_gmt":"2026-02-01T20:01:31","guid":{"rendered":"https:\/\/beta.truzzer.com\/product\/google-review-nfc-business-card-tap-with-google-review-qr-code\/"},"modified":"2026-02-13T08:01:10","modified_gmt":"2026-02-13T08:01:10","slug":"google-review-nfc-business-card-tap-with-google-review-qr-code","status":"publish","type":"product","link":"https:\/\/www.truzzer.com\/da\/vare\/google-review-nfc-business-card-tap-with-google-review-qr-code\/","title":{"rendered":"Google Review NFC Visitkort &#8220;Tap&#8221; med Google Review QR-kode"},"content":{"rendered":"<h2>F\u00e5 flere Google-anmeldelser med truzzer&#8217;s Google-anmeldelse NFC QR-kodekort &#8220;Tap&#8221;!<\/h2>\n<p>Med <strong>truzzer Google Review Cards<\/strong> med NFC-links kan du hurtigt modtage positive anmeldelser fra dine tilfredse kunder lige ved din virksomhedsplacering.<br \/>\n-Vejrbestandig<br \/>\n-Viser dine kunder, at de ogs\u00e5 kan finde dig p\u00e5 Google<br \/>\n&#8211; Skr\u00e6ddersyet specifikt til dig<\/p>\n","protected":false},"excerpt":{"rendered":"<div class=\"woocommerce-product-details__short-description\">\n<div style=\"width: 1920px\" class=\"wp-video\"><video class=\"wp-video-shortcode\" id=\"video-0-1\" width=\"1920\" height=\"1080\" preload=\"metadata\" controls=\"controls\"><a href=\"https:\/\/www.truzzer.com\/wp-content\/uploads\/2023\/08\/google-version-2-eng.mp4\">https:\/\/www.truzzer.com\/wp-content\/uploads\/2023\/08\/google-version-2-eng.mp4<\/a><\/video><\/div>\n<h2>F\u00e5 flere Google-anmeldelser med anmeldelse NFC-kort<\/h2>\n<p><strong>Det har aldrig v\u00e6ret nemmere at f\u00e5 Google-anmeldelser fra kunder!<\/strong><br \/>\nMed de kontaktl\u00f8se Google Anmeldelser NFC-kort kan du nemt f\u00e5 nye Google-anmeldelser direkte p\u00e5 stedet.<br \/>\nDet i\u00f8jnefaldende design af Google Review NFC Cards s\u00e6tter gang i kunder&#8217; interesse, og Call-To-Action opfordrer dem til at anmelde din virksomhed p\u00e5 Google.<br \/>\nDet eneste, dine kunder skal g\u00f8re, er at holde deres smartphone i n\u00e6rheden af NFC-kortene, og en pop-up \u00e5bnes p\u00e5 deres telefon, der f\u00f8rer dem direkte til din anmeldelsesformular!<\/p>\n<p>Hvis kunder&#8217; smartphones har ikke NFC-funktionalitet, en alternativ QR-kode er tilg\u00e6ngelig p\u00e5 bagsiden af \u200b\u200bNFC-kortene, som kan scannes direkte ved hj\u00e6lp af smartphone-kameraet <strong>&#8211; i begge tilf\u00e6lde kr\u00e6ves der ingen separat app!<\/strong><\/p>\n<h3><strong>Hvordan NFC-kort hj\u00e6lper dig med at f\u00e5 flere Google-anmeldelser<\/strong><\/h3>\n<p>NFC-kortene fjerner de st\u00f8rste forhindringer for b\u00e5de dig og dine kunder, n\u00e5r det kommer til Google-anmeldelser:<\/p>\n<ul>\n<li>Ikke mere ubehageligt at sp\u00f8rge eller trygle. <strong>Call-to-action<\/strong> s\u00f8rger for at anmode om Google-gennemgange for dig.<\/li>\n<li>Du skal ikke glemme mere, da kunderne bliver mindet om at efterlade en Google-anmeldelse.<\/li>\n<li>Ingen s\u00f8gning eller problemer: <strong>NFC-linket og Google Review QR-koden f\u00f8rer direkte til din anmeldelsesformular<\/strong> (som vi opretter til dig)<strong><br \/><\/strong><\/li>\n<li><strong>H\u00e5ndgribeligt:<\/strong> NFC-kortene g\u00f8r gennemgangsprocessen mere h\u00e5ndgribelig.<\/li>\n<li>Der kr\u00e6ves ingen ekstra app.<\/li>\n<li>B\u00f8jefang: Moderne design<\/li>\n<\/ul>\n<p><strong>Vi h\u00e5ndterer oprettelsen og sammenk\u00e6dningen af NFC-linket og QR-koden til direkte anmeldelser p\u00e5 din Google-profil!<\/strong><strong><br \/><\/strong><\/p>\n","protected":false},"featured_media":101648,"comment_status":"open","ping_status":"closed","template":"","meta":{"_acf_changed":false,"_yoast_wpseo_focuskw":"Google Anmeldelse NFC Kort","_yoast_wpseo_title":"Google Review NFC Business Card \u201cTap\u201d with Goog... | truzzer","_yoast_wpseo_metadesc":"Flere Google-anmeldelser med Google Review NFC Business Card \u201cTap\u201d with Google Review QR Code fra truzzer. Nem ops\u00e6tning. Bestil nu!"},"product_brand":[1631],"product_cat":[731,807,1580,552,553],"product_tag":[],"class_list":{"0":"post-101641","1":"product","2":"type-product","3":"status-publish","4":"has-post-thumbnail","6":"product_brand-google","7":"product_cat-google-anmeldelse-produkter","8":"product_cat-google-anmeldelse-visitkort","9":"product_cat-google-anmeldelse-visitkort-med-qr-nfc","10":"product_cat-nfc-produkter","11":"product_cat-nfc-visitkort","12":"pa_industry-bureau-radgivning","13":"pa_industry-ejendom-goed","14":"pa_industry-lokale-diensten","15":"pa_material-karton","16":"pa_material-plastic","17":"pa_orientation-portrett","18":"pa_placement-balie-receptie","19":"pa_placement-brochure","20":"pa_placement-portemonnee-persoonlijk","21":"pa_product-type-visitekaartjes","22":"pa_shape-rechthoek","23":"pa_technology-nfc","24":"pa_technology-qr-nfc","25":"pa_technology-qr-nfc-2","27":"first","28":"instock","29":"taxable","30":"shipping-taxable","31":"purchasable","32":"product-type-simple"},"acf":[],"yoast_head":"<!-- This site is optimized with the Yoast SEO plugin v27.0 - https:\/\/yoast.com\/product\/yoast-seo-wordpress\/ -->\n<title>Google Review NFC Business Card \u201cTap\u201d with Goog... | truzzer<\/title>\n<meta name=\"description\" content=\"Flere Google-anmeldelser med Google Review NFC Business Card \u201cTap\u201d with Google Review QR Code fra truzzer. Nem ops\u00e6tning. Bestil nu!\" \/>\n<meta name=\"robots\" content=\"index, follow, max-snippet:-1, max-image-preview:large, max-video-preview:-1\" \/>\n<link rel=\"canonical\" href=\"https:\/\/www.truzzer.com\/da\/vare\/google-review-nfc-business-card-tap-with-google-review-qr-code\/\" \/>\n<meta property=\"og:locale\" content=\"da_DK\" \/>\n<meta property=\"og:type\" content=\"article\" \/>\n<meta property=\"og:title\" content=\"Google Review NFC Business Card \u201cTap\u201d with Goog... | truzzer\" \/>\n<meta property=\"og:description\" content=\"Flere Google-anmeldelser med Google Review NFC Business Card \u201cTap\u201d with Google Review QR Code fra truzzer. Nem ops\u00e6tning. Bestil nu!\" \/>\n<meta property=\"og:url\" content=\"https:\/\/www.truzzer.com\/da\/vare\/google-review-nfc-business-card-tap-with-google-review-qr-code\/\" \/>\n<meta property=\"og:site_name\" content=\"truzzer\" \/>\n<meta property=\"article:modified_time\" content=\"2026-02-13T08:01:10+00:00\" \/>\n<meta property=\"og:image\" content=\"https:\/\/www.truzzer.com\/wp-content\/uploads\/2026\/02\/GOOGLE-NFC-REVIEW-CARD-TRUZZER-FRONT-tap-S-1.jpg\" \/>\n\t<meta property=\"og:image:width\" content=\"1200\" \/>\n\t<meta property=\"og:image:height\" content=\"1200\" \/>\n\t<meta property=\"og:image:type\" content=\"image\/jpeg\" \/>\n<meta name=\"twitter:card\" content=\"summary_large_image\" \/>\n<script type=\"application\/ld+json\" class=\"yoast-schema-graph\">{\"@context\":\"https:\/\/schema.org\",\"@graph\":[{\"@type\":\"WebPage\",\"@id\":\"https:\/\/www.truzzer.com\/da\/vare\/google-review-nfc-business-card-tap-with-google-review-qr-code\/\",\"url\":\"https:\/\/www.truzzer.com\/da\/vare\/google-review-nfc-business-card-tap-with-google-review-qr-code\/\",\"name\":\"Google Review NFC Business Card \u201cTap\u201d with Goog... | truzzer\",\"isPartOf\":{\"@id\":\"https:\/\/www.truzzer.com\/da\/#website\"},\"primaryImageOfPage\":{\"@id\":\"https:\/\/www.truzzer.com\/da\/vare\/google-review-nfc-business-card-tap-with-google-review-qr-code\/#primaryimage\"},\"image\":{\"@id\":\"https:\/\/www.truzzer.com\/da\/vare\/google-review-nfc-business-card-tap-with-google-review-qr-code\/#primaryimage\"},\"thumbnailUrl\":\"https:\/\/www.truzzer.com\/wp-content\/uploads\/2026\/02\/GOOGLE-NFC-REVIEW-CARD-TRUZZER-FRONT-tap-S-1.jpg\",\"datePublished\":\"2026-02-01T20:01:31+00:00\",\"dateModified\":\"2026-02-13T08:01:10+00:00\",\"description\":\"Flere Google-anmeldelser med Google Review NFC Business Card \u201cTap\u201d with Google Review QR Code fra truzzer. Nem ops\u00e6tning. Bestil nu!\",\"breadcrumb\":{\"@id\":\"https:\/\/www.truzzer.com\/da\/vare\/google-review-nfc-business-card-tap-with-google-review-qr-code\/#breadcrumb\"},\"inLanguage\":\"da-DK\",\"potentialAction\":[{\"@type\":\"ReadAction\",\"target\":[\"https:\/\/www.truzzer.com\/da\/vare\/google-review-nfc-business-card-tap-with-google-review-qr-code\/\"]}]},{\"@type\":\"ImageObject\",\"inLanguage\":\"da-DK\",\"@id\":\"https:\/\/www.truzzer.com\/da\/vare\/google-review-nfc-business-card-tap-with-google-review-qr-code\/#primaryimage\",\"url\":\"https:\/\/www.truzzer.com\/wp-content\/uploads\/2026\/02\/GOOGLE-NFC-REVIEW-CARD-TRUZZER-FRONT-tap-S-1.jpg\",\"contentUrl\":\"https:\/\/www.truzzer.com\/wp-content\/uploads\/2026\/02\/GOOGLE-NFC-REVIEW-CARD-TRUZZER-FRONT-tap-S-1.jpg\",\"width\":1200,\"height\":1200},{\"@type\":\"BreadcrumbList\",\"@id\":\"https:\/\/www.truzzer.com\/da\/vare\/google-review-nfc-business-card-tap-with-google-review-qr-code\/#breadcrumb\",\"itemListElement\":[{\"@type\":\"ListItem\",\"position\":1,\"name\":\"Home\",\"item\":\"https:\/\/www.truzzer.com\/da\/\"},{\"@type\":\"ListItem\",\"position\":2,\"name\":\"Butik\",\"item\":\"https:\/\/www.truzzer.com\/da\/shop\/\"},{\"@type\":\"ListItem\",\"position\":3,\"name\":\"Google Review NFC Visitkort &#8220;Tap&#8221; med Google Review QR-kode\"}]},{\"@type\":\"WebSite\",\"@id\":\"https:\/\/www.truzzer.com\/da\/#website\",\"url\":\"https:\/\/www.truzzer.com\/da\/\",\"name\":\"truzzer\",\"description\":\"Experts for customer trust\",\"publisher\":{\"@id\":\"https:\/\/www.truzzer.com\/da\/#organization\"},\"potentialAction\":[{\"@type\":\"SearchAction\",\"target\":{\"@type\":\"EntryPoint\",\"urlTemplate\":\"https:\/\/www.truzzer.com\/da\/?s={search_term_string}\"},\"query-input\":{\"@type\":\"PropertyValueSpecification\",\"valueRequired\":true,\"valueName\":\"search_term_string\"}}],\"inLanguage\":\"da-DK\"},{\"@type\":\"Organization\",\"@id\":\"https:\/\/www.truzzer.com\/da\/#organization\",\"name\":\"truzzer\",\"url\":\"https:\/\/www.truzzer.com\/da\/\",\"logo\":{\"@type\":\"ImageObject\",\"inLanguage\":\"da-DK\",\"@id\":\"https:\/\/www.truzzer.com\/da\/#\/schema\/logo\/image\/\",\"url\":\"https:\/\/truzzer.com\/wp-content\/uploads\/2026\/01\/truzzer-logo-black-1.svg\",\"contentUrl\":\"https:\/\/truzzer.com\/wp-content\/uploads\/2026\/01\/truzzer-logo-black-1.svg\",\"width\":938,\"height\":199,\"caption\":\"truzzer\"},\"image\":{\"@id\":\"https:\/\/www.truzzer.com\/da\/#\/schema\/logo\/image\/\"}}]}<\/script>\n<!-- \/ Yoast SEO plugin. -->","yoast_head_json":{"title":"Google Review NFC Business Card \u201cTap\u201d with Goog... | truzzer","description":"Flere Google-anmeldelser med Google Review NFC Business Card \u201cTap\u201d with Google Review QR Code fra truzzer. Nem ops\u00e6tning. Bestil nu!","robots":{"index":"index","follow":"follow","max-snippet":"max-snippet:-1","max-image-preview":"max-image-preview:large","max-video-preview":"max-video-preview:-1"},"canonical":"https:\/\/www.truzzer.com\/da\/vare\/google-review-nfc-business-card-tap-with-google-review-qr-code\/","og_locale":"da_DK","og_type":"article","og_title":"Google Review NFC Business Card \u201cTap\u201d with Goog... | truzzer","og_description":"Flere Google-anmeldelser med Google Review NFC Business Card \u201cTap\u201d with Google Review QR Code fra truzzer. Nem ops\u00e6tning. Bestil nu!","og_url":"https:\/\/www.truzzer.com\/da\/vare\/google-review-nfc-business-card-tap-with-google-review-qr-code\/","og_site_name":"truzzer","article_modified_time":"2026-02-13T08:01:10+00:00","og_image":[{"width":1200,"height":1200,"url":"https:\/\/www.truzzer.com\/wp-content\/uploads\/2026\/02\/GOOGLE-NFC-REVIEW-CARD-TRUZZER-FRONT-tap-S-1.jpg","type":"image\/jpeg"}],"twitter_card":"summary_large_image","schema":{"@context":"https:\/\/schema.org","@graph":[{"@type":"WebPage","@id":"https:\/\/www.truzzer.com\/da\/vare\/google-review-nfc-business-card-tap-with-google-review-qr-code\/","url":"https:\/\/www.truzzer.com\/da\/vare\/google-review-nfc-business-card-tap-with-google-review-qr-code\/","name":"Google Review NFC Business Card \u201cTap\u201d with Goog... | truzzer","isPartOf":{"@id":"https:\/\/www.truzzer.com\/da\/#website"},"primaryImageOfPage":{"@id":"https:\/\/www.truzzer.com\/da\/vare\/google-review-nfc-business-card-tap-with-google-review-qr-code\/#primaryimage"},"image":{"@id":"https:\/\/www.truzzer.com\/da\/vare\/google-review-nfc-business-card-tap-with-google-review-qr-code\/#primaryimage"},"thumbnailUrl":"https:\/\/www.truzzer.com\/wp-content\/uploads\/2026\/02\/GOOGLE-NFC-REVIEW-CARD-TRUZZER-FRONT-tap-S-1.jpg","datePublished":"2026-02-01T20:01:31+00:00","dateModified":"2026-02-13T08:01:10+00:00","description":"Flere Google-anmeldelser med Google Review NFC Business Card \u201cTap\u201d with Google Review QR Code fra truzzer. Nem ops\u00e6tning. Bestil nu!","breadcrumb":{"@id":"https:\/\/www.truzzer.com\/da\/vare\/google-review-nfc-business-card-tap-with-google-review-qr-code\/#breadcrumb"},"inLanguage":"da-DK","potentialAction":[{"@type":"ReadAction","target":["https:\/\/www.truzzer.com\/da\/vare\/google-review-nfc-business-card-tap-with-google-review-qr-code\/"]}]},{"@type":"ImageObject","inLanguage":"da-DK","@id":"https:\/\/www.truzzer.com\/da\/vare\/google-review-nfc-business-card-tap-with-google-review-qr-code\/#primaryimage","url":"https:\/\/www.truzzer.com\/wp-content\/uploads\/2026\/02\/GOOGLE-NFC-REVIEW-CARD-TRUZZER-FRONT-tap-S-1.jpg","contentUrl":"https:\/\/www.truzzer.com\/wp-content\/uploads\/2026\/02\/GOOGLE-NFC-REVIEW-CARD-TRUZZER-FRONT-tap-S-1.jpg","width":1200,"height":1200},{"@type":"BreadcrumbList","@id":"https:\/\/www.truzzer.com\/da\/vare\/google-review-nfc-business-card-tap-with-google-review-qr-code\/#breadcrumb","itemListElement":[{"@type":"ListItem","position":1,"name":"Home","item":"https:\/\/www.truzzer.com\/da\/"},{"@type":"ListItem","position":2,"name":"Butik","item":"https:\/\/www.truzzer.com\/da\/shop\/"},{"@type":"ListItem","position":3,"name":"Google Review NFC Visitkort &#8220;Tap&#8221; med Google Review QR-kode"}]},{"@type":"WebSite","@id":"https:\/\/www.truzzer.com\/da\/#website","url":"https:\/\/www.truzzer.com\/da\/","name":"truzzer","description":"Experts for customer trust","publisher":{"@id":"https:\/\/www.truzzer.com\/da\/#organization"},"potentialAction":[{"@type":"SearchAction","target":{"@type":"EntryPoint","urlTemplate":"https:\/\/www.truzzer.com\/da\/?s={search_term_string}"},"query-input":{"@type":"PropertyValueSpecification","valueRequired":true,"valueName":"search_term_string"}}],"inLanguage":"da-DK"},{"@type":"Organization","@id":"https:\/\/www.truzzer.com\/da\/#organization","name":"truzzer","url":"https:\/\/www.truzzer.com\/da\/","logo":{"@type":"ImageObject","inLanguage":"da-DK","@id":"https:\/\/www.truzzer.com\/da\/#\/schema\/logo\/image\/","url":"https:\/\/truzzer.com\/wp-content\/uploads\/2026\/01\/truzzer-logo-black-1.svg","contentUrl":"https:\/\/truzzer.com\/wp-content\/uploads\/2026\/01\/truzzer-logo-black-1.svg","width":938,"height":199,"caption":"truzzer"},"image":{"@id":"https:\/\/www.truzzer.com\/da\/#\/schema\/logo\/image\/"}}]}},"tiered_pricing_type":"fixed","tiered_pricing_fixed_rules":[],"tiered_pricing_product_settings":{"layout":"default","base_unit_name":{"singular":null,"plural":null},"default_variation":null},"tiered_pricing_minimum_quantity":null,"tiered_pricing_roles_data":[],"tiered_pricing_percentage_rules":[],"tiered_pricing_maximum_quantity":null,"tiered_pricing_quantity_step":null,"_links":{"self":[{"href":"https:\/\/www.truzzer.com\/da\/wp-json\/wp\/v2\/product\/101641","targetHints":{"allow":["GET"]}}],"collection":[{"href":"https:\/\/www.truzzer.com\/da\/wp-json\/wp\/v2\/product"}],"about":[{"href":"https:\/\/www.truzzer.com\/da\/wp-json\/wp\/v2\/types\/product"}],"replies":[{"embeddable":true,"href":"https:\/\/www.truzzer.com\/da\/wp-json\/wp\/v2\/comments?post=101641"}],"wp:featuredmedia":[{"embeddable":true,"href":"https:\/\/www.truzzer.com\/da\/wp-json\/wp\/v2\/media\/101648"}],"wp:attachment":[{"href":"https:\/\/www.truzzer.com\/da\/wp-json\/wp\/v2\/media?parent=101641"}],"wp:term":[{"taxonomy":"product_brand","embeddable":true,"href":"https:\/\/www.truzzer.com\/da\/wp-json\/wp\/v2\/product_brand?post=101641"},{"taxonomy":"product_cat","embeddable":true,"href":"https:\/\/www.truzzer.com\/da\/wp-json\/wp\/v2\/product_cat?post=101641"},{"taxonomy":"product_tag","embeddable":true,"href":"https:\/\/www.truzzer.com\/da\/wp-json\/wp\/v2\/product_tag?post=101641"}],"curies":[{"name":"wp","href":"https:\/\/api.w.org\/{rel}","templated":true}]}}