{"id":101686,"date":"2026-02-01T20:01:13","date_gmt":"2026-02-01T20:01:13","guid":{"rendered":"https:\/\/beta.truzzer.com\/product\/tripadvisor-review-nfc-card-tap-with-tripadvisor-review-qr-code\/"},"modified":"2026-02-13T08:03:38","modified_gmt":"2026-02-13T08:03:38","slug":"tripadvisor-review-nfc-card-tap-with-tripadvisor-review-qr-code","status":"publish","type":"product","link":"https:\/\/www.truzzer.com\/da\/vare\/tripadvisor-review-nfc-card-tap-with-tripadvisor-review-qr-code\/","title":{"rendered":"TripAdvisor Review NFC Kort &#8220;Tap&#8221; med TripAdvisor Review QR kode"},"content":{"rendered":"<h2>F\u00e5 flere TripAdvisor-anmeldelser med truzzer&#8217;s TripAdvisor-anmeldelse NFC QR-kodekort &#8220;Tap&#8221;!<\/h2>\n<p>Med <strong>truzzer TripAdvisor Review Cards<\/strong> med NFC-links kan du hurtigt modtage positive anmeldelser fra dine tilfredse kunder lige ved din virksomhedsplacering.<br \/>\n-Vejrbestandig<br \/>\n-Viser dine kunder, at de ogs\u00e5 kan finde dig p\u00e5 TripAdvisor<br \/>\n&#8211; Skr\u00e6ddersyet specifikt til dig<\/p>\n","protected":false},"excerpt":{"rendered":"<div class=\"woocommerce-product-details__short-description\">\n<h2>F\u00e5 flere TripAdvisor-anmeldelser med anmeldelse NFC-kort<\/h2>\n<p><strong>Det har aldrig v\u00e6ret nemmere at f\u00e5 TripAdvisor-anmeldelser fra kunder!<\/strong><br \/>\nMed de kontaktl\u00f8se TripAdvisor Anmeldelser NFC-kort kan du nemt f\u00e5 nye TripAdvisor-anmeldelser direkte p\u00e5 stedet.<br \/>\nDet i\u00f8jnefaldende design af TripAdvisor Review NFC Cards s\u00e6tter gang i kunder&#8217; interesse, og Call-To-Action opfordrer dem til at anmelde din virksomhed p\u00e5 TripAdvisor.<br \/>\nDet eneste, dine kunder skal g\u00f8re, er at holde deres smartphone i n\u00e6rheden af NFC-kortene, og en pop-up \u00e5bnes p\u00e5 deres telefon, der f\u00f8rer dem direkte til din anmeldelsesformular!<\/p>\n<p>Hvis kunder&#8217; smartphones har ikke NFC-funktionalitet, en alternativ QR-kode er tilg\u00e6ngelig p\u00e5 bagsiden af \u200b\u200bNFC-kortene, som kan scannes direkte ved hj\u00e6lp af smartphone-kameraet <strong>&#8211; i begge tilf\u00e6lde kr\u00e6ves der ingen separat app!<\/strong><\/p>\n<h3><strong>Hvordan NFC-kort hj\u00e6lper dig med at f\u00e5 flere TripAdvisor-anmeldelser<\/strong><\/h3>\n<p>NFC-kortene fjerner de st\u00f8rste forhindringer for b\u00e5de dig og dine kunder, n\u00e5r det kommer til TripAdvisor-anmeldelser:<\/p>\n<ul>\n<li>Ikke mere ubehageligt at sp\u00f8rge eller trygle. <strong>Call-to-action<\/strong> s\u00f8rger for at anmode om TripAdvisor-gennemgange for dig.<\/li>\n<li>Du skal ikke glemme mere, da kunderne bliver mindet om at efterlade en TripAdvisor-anmeldelse.<\/li>\n<li>Ingen s\u00f8gning eller problemer: <strong>NFC-linket og TripAdvisor Review QR-koden f\u00f8rer direkte til din anmeldelsesformular<\/strong> (som vi opretter til dig)<strong><br \/>\n<\/strong><\/li>\n<li><strong>H\u00e5ndgribeligt:<\/strong> NFC-kortene g\u00f8r gennemgangsprocessen mere h\u00e5ndgribelig.<\/li>\n<li>Der kr\u00e6ves ingen ekstra app.<\/li>\n<li>B\u00f8jefang: Moderne design<\/li>\n<\/ul>\n<p><strong>Vi h\u00e5ndterer oprettelsen og sammenk\u00e6dningen af NFC-linket og QR-koden til direkte anmeldelser p\u00e5 din TripAdvisor-profil!<\/strong><strong><br \/>\n<\/strong><\/p>\n<\/div>\n","protected":false},"featured_media":101696,"comment_status":"open","ping_status":"closed","template":"","meta":{"_acf_changed":false,"_yoast_wpseo_focuskw":"TripAdvisor Anmeldelse NFC Kort","_yoast_wpseo_title":"TripAdvisor Review NFC Card \u201cTap\u201d with TripAdvi... | truzzer","_yoast_wpseo_metadesc":"Styrk dit TripAdvisor-omd\u00f8mme med TripAdvisor Review NFC Card \u201cTap\u201d with TripAdvisor Review QR Code fra truzzer. Nem ops\u00e6tning, klar til brug. Bestil nu!"},"product_brand":[1686],"product_cat":[552,553,1524,1583,1584],"product_tag":[],"class_list":{"0":"post-101686","1":"product","2":"type-product","3":"status-publish","4":"has-post-thumbnail","6":"product_brand-tripadvisor","7":"product_cat-nfc-produkter","8":"product_cat-nfc-visitkort","9":"product_cat-tripadvisor-anmeldelser-produkter","10":"product_cat-tripadvisor-anmeldelser-visitkort","11":"product_cat-tripadvisor-anmeldelser-visitkort-med-qr-nfc","12":"pa_industry-bureau-radgivning","13":"pa_industry-ejendom-goed","14":"pa_industry-lokale-diensten","15":"pa_material-karton","16":"pa_material-plastic","17":"pa_orientation-portrett","18":"pa_placement-balie-receptie","19":"pa_placement-brochure","20":"pa_placement-portemonnee-persoonlijk","21":"pa_product-type-visitekaartjes","22":"pa_shape-rechthoek","23":"pa_technology-nfc","24":"pa_technology-qr-nfc","25":"pa_technology-qr-nfc-2","27":"first","28":"instock","29":"taxable","30":"shipping-taxable","31":"purchasable","32":"product-type-simple"},"acf":[],"yoast_head":"<!-- This site is optimized with the Yoast SEO plugin v27.0 - https:\/\/yoast.com\/product\/yoast-seo-wordpress\/ -->\n<title>TripAdvisor Review NFC Card \u201cTap\u201d with TripAdvi... | truzzer<\/title>\n<meta name=\"description\" content=\"Styrk dit TripAdvisor-omd\u00f8mme med TripAdvisor Review NFC Card \u201cTap\u201d with TripAdvisor Review QR Code fra truzzer. Nem ops\u00e6tning, klar til brug. Bestil nu!\" \/>\n<meta name=\"robots\" content=\"index, follow, max-snippet:-1, max-image-preview:large, max-video-preview:-1\" \/>\n<link rel=\"canonical\" href=\"https:\/\/www.truzzer.com\/da\/vare\/tripadvisor-review-nfc-card-tap-with-tripadvisor-review-qr-code\/\" \/>\n<meta property=\"og:locale\" content=\"da_DK\" \/>\n<meta property=\"og:type\" content=\"article\" \/>\n<meta property=\"og:title\" content=\"TripAdvisor Review NFC Card \u201cTap\u201d with TripAdvi... | truzzer\" \/>\n<meta property=\"og:description\" content=\"Styrk dit TripAdvisor-omd\u00f8mme med TripAdvisor Review NFC Card \u201cTap\u201d with TripAdvisor Review QR Code fra truzzer. Nem ops\u00e6tning, klar til brug. Bestil nu!\" \/>\n<meta property=\"og:url\" content=\"https:\/\/www.truzzer.com\/da\/vare\/tripadvisor-review-nfc-card-tap-with-tripadvisor-review-qr-code\/\" \/>\n<meta property=\"og:site_name\" content=\"truzzer\" \/>\n<meta property=\"article:modified_time\" content=\"2026-02-13T08:03:38+00:00\" \/>\n<meta property=\"og:image\" content=\"https:\/\/www.truzzer.com\/wp-content\/uploads\/2026\/02\/tripadvisor-review-nfc-card-s-2.jpg\" \/>\n\t<meta property=\"og:image:width\" content=\"1200\" \/>\n\t<meta property=\"og:image:height\" content=\"1200\" \/>\n\t<meta property=\"og:image:type\" content=\"image\/jpeg\" \/>\n<meta name=\"twitter:card\" content=\"summary_large_image\" \/>\n<script type=\"application\/ld+json\" class=\"yoast-schema-graph\">{\"@context\":\"https:\/\/schema.org\",\"@graph\":[{\"@type\":\"WebPage\",\"@id\":\"https:\/\/www.truzzer.com\/da\/vare\/tripadvisor-review-nfc-card-tap-with-tripadvisor-review-qr-code\/\",\"url\":\"https:\/\/www.truzzer.com\/da\/vare\/tripadvisor-review-nfc-card-tap-with-tripadvisor-review-qr-code\/\",\"name\":\"TripAdvisor Review NFC Card \u201cTap\u201d with TripAdvi... | truzzer\",\"isPartOf\":{\"@id\":\"https:\/\/www.truzzer.com\/da\/#website\"},\"primaryImageOfPage\":{\"@id\":\"https:\/\/www.truzzer.com\/da\/vare\/tripadvisor-review-nfc-card-tap-with-tripadvisor-review-qr-code\/#primaryimage\"},\"image\":{\"@id\":\"https:\/\/www.truzzer.com\/da\/vare\/tripadvisor-review-nfc-card-tap-with-tripadvisor-review-qr-code\/#primaryimage\"},\"thumbnailUrl\":\"https:\/\/www.truzzer.com\/wp-content\/uploads\/2026\/02\/tripadvisor-review-nfc-card-s-2.jpg\",\"datePublished\":\"2026-02-01T20:01:13+00:00\",\"dateModified\":\"2026-02-13T08:03:38+00:00\",\"description\":\"Styrk dit TripAdvisor-omd\u00f8mme med TripAdvisor Review NFC Card \u201cTap\u201d with TripAdvisor Review QR Code fra truzzer. Nem ops\u00e6tning, klar til brug. Bestil nu!\",\"breadcrumb\":{\"@id\":\"https:\/\/www.truzzer.com\/da\/vare\/tripadvisor-review-nfc-card-tap-with-tripadvisor-review-qr-code\/#breadcrumb\"},\"inLanguage\":\"da-DK\",\"potentialAction\":[{\"@type\":\"ReadAction\",\"target\":[\"https:\/\/www.truzzer.com\/da\/vare\/tripadvisor-review-nfc-card-tap-with-tripadvisor-review-qr-code\/\"]}]},{\"@type\":\"ImageObject\",\"inLanguage\":\"da-DK\",\"@id\":\"https:\/\/www.truzzer.com\/da\/vare\/tripadvisor-review-nfc-card-tap-with-tripadvisor-review-qr-code\/#primaryimage\",\"url\":\"https:\/\/www.truzzer.com\/wp-content\/uploads\/2026\/02\/tripadvisor-review-nfc-card-s-2.jpg\",\"contentUrl\":\"https:\/\/www.truzzer.com\/wp-content\/uploads\/2026\/02\/tripadvisor-review-nfc-card-s-2.jpg\",\"width\":1200,\"height\":1200},{\"@type\":\"BreadcrumbList\",\"@id\":\"https:\/\/www.truzzer.com\/da\/vare\/tripadvisor-review-nfc-card-tap-with-tripadvisor-review-qr-code\/#breadcrumb\",\"itemListElement\":[{\"@type\":\"ListItem\",\"position\":1,\"name\":\"Home\",\"item\":\"https:\/\/www.truzzer.com\/da\/\"},{\"@type\":\"ListItem\",\"position\":2,\"name\":\"Butik\",\"item\":\"https:\/\/www.truzzer.com\/da\/shop\/\"},{\"@type\":\"ListItem\",\"position\":3,\"name\":\"TripAdvisor Review NFC Kort &#8220;Tap&#8221; med TripAdvisor Review QR kode\"}]},{\"@type\":\"WebSite\",\"@id\":\"https:\/\/www.truzzer.com\/da\/#website\",\"url\":\"https:\/\/www.truzzer.com\/da\/\",\"name\":\"truzzer\",\"description\":\"Experts for customer trust\",\"publisher\":{\"@id\":\"https:\/\/www.truzzer.com\/da\/#organization\"},\"potentialAction\":[{\"@type\":\"SearchAction\",\"target\":{\"@type\":\"EntryPoint\",\"urlTemplate\":\"https:\/\/www.truzzer.com\/da\/?s={search_term_string}\"},\"query-input\":{\"@type\":\"PropertyValueSpecification\",\"valueRequired\":true,\"valueName\":\"search_term_string\"}}],\"inLanguage\":\"da-DK\"},{\"@type\":\"Organization\",\"@id\":\"https:\/\/www.truzzer.com\/da\/#organization\",\"name\":\"truzzer\",\"url\":\"https:\/\/www.truzzer.com\/da\/\",\"logo\":{\"@type\":\"ImageObject\",\"inLanguage\":\"da-DK\",\"@id\":\"https:\/\/www.truzzer.com\/da\/#\/schema\/logo\/image\/\",\"url\":\"https:\/\/truzzer.com\/wp-content\/uploads\/2026\/01\/truzzer-logo-black-1.svg\",\"contentUrl\":\"https:\/\/truzzer.com\/wp-content\/uploads\/2026\/01\/truzzer-logo-black-1.svg\",\"width\":938,\"height\":199,\"caption\":\"truzzer\"},\"image\":{\"@id\":\"https:\/\/www.truzzer.com\/da\/#\/schema\/logo\/image\/\"}}]}<\/script>\n<!-- \/ Yoast SEO plugin. -->","yoast_head_json":{"title":"TripAdvisor Review NFC Card \u201cTap\u201d with TripAdvi... | truzzer","description":"Styrk dit TripAdvisor-omd\u00f8mme med TripAdvisor Review NFC Card \u201cTap\u201d with TripAdvisor Review QR Code fra truzzer. Nem ops\u00e6tning, klar til brug. Bestil nu!","robots":{"index":"index","follow":"follow","max-snippet":"max-snippet:-1","max-image-preview":"max-image-preview:large","max-video-preview":"max-video-preview:-1"},"canonical":"https:\/\/www.truzzer.com\/da\/vare\/tripadvisor-review-nfc-card-tap-with-tripadvisor-review-qr-code\/","og_locale":"da_DK","og_type":"article","og_title":"TripAdvisor Review NFC Card \u201cTap\u201d with TripAdvi... | truzzer","og_description":"Styrk dit TripAdvisor-omd\u00f8mme med TripAdvisor Review NFC Card \u201cTap\u201d with TripAdvisor Review QR Code fra truzzer. Nem ops\u00e6tning, klar til brug. Bestil nu!","og_url":"https:\/\/www.truzzer.com\/da\/vare\/tripadvisor-review-nfc-card-tap-with-tripadvisor-review-qr-code\/","og_site_name":"truzzer","article_modified_time":"2026-02-13T08:03:38+00:00","og_image":[{"width":1200,"height":1200,"url":"https:\/\/www.truzzer.com\/wp-content\/uploads\/2026\/02\/tripadvisor-review-nfc-card-s-2.jpg","type":"image\/jpeg"}],"twitter_card":"summary_large_image","schema":{"@context":"https:\/\/schema.org","@graph":[{"@type":"WebPage","@id":"https:\/\/www.truzzer.com\/da\/vare\/tripadvisor-review-nfc-card-tap-with-tripadvisor-review-qr-code\/","url":"https:\/\/www.truzzer.com\/da\/vare\/tripadvisor-review-nfc-card-tap-with-tripadvisor-review-qr-code\/","name":"TripAdvisor Review NFC Card \u201cTap\u201d with TripAdvi... | truzzer","isPartOf":{"@id":"https:\/\/www.truzzer.com\/da\/#website"},"primaryImageOfPage":{"@id":"https:\/\/www.truzzer.com\/da\/vare\/tripadvisor-review-nfc-card-tap-with-tripadvisor-review-qr-code\/#primaryimage"},"image":{"@id":"https:\/\/www.truzzer.com\/da\/vare\/tripadvisor-review-nfc-card-tap-with-tripadvisor-review-qr-code\/#primaryimage"},"thumbnailUrl":"https:\/\/www.truzzer.com\/wp-content\/uploads\/2026\/02\/tripadvisor-review-nfc-card-s-2.jpg","datePublished":"2026-02-01T20:01:13+00:00","dateModified":"2026-02-13T08:03:38+00:00","description":"Styrk dit TripAdvisor-omd\u00f8mme med TripAdvisor Review NFC Card \u201cTap\u201d with TripAdvisor Review QR Code fra truzzer. Nem ops\u00e6tning, klar til brug. Bestil nu!","breadcrumb":{"@id":"https:\/\/www.truzzer.com\/da\/vare\/tripadvisor-review-nfc-card-tap-with-tripadvisor-review-qr-code\/#breadcrumb"},"inLanguage":"da-DK","potentialAction":[{"@type":"ReadAction","target":["https:\/\/www.truzzer.com\/da\/vare\/tripadvisor-review-nfc-card-tap-with-tripadvisor-review-qr-code\/"]}]},{"@type":"ImageObject","inLanguage":"da-DK","@id":"https:\/\/www.truzzer.com\/da\/vare\/tripadvisor-review-nfc-card-tap-with-tripadvisor-review-qr-code\/#primaryimage","url":"https:\/\/www.truzzer.com\/wp-content\/uploads\/2026\/02\/tripadvisor-review-nfc-card-s-2.jpg","contentUrl":"https:\/\/www.truzzer.com\/wp-content\/uploads\/2026\/02\/tripadvisor-review-nfc-card-s-2.jpg","width":1200,"height":1200},{"@type":"BreadcrumbList","@id":"https:\/\/www.truzzer.com\/da\/vare\/tripadvisor-review-nfc-card-tap-with-tripadvisor-review-qr-code\/#breadcrumb","itemListElement":[{"@type":"ListItem","position":1,"name":"Home","item":"https:\/\/www.truzzer.com\/da\/"},{"@type":"ListItem","position":2,"name":"Butik","item":"https:\/\/www.truzzer.com\/da\/shop\/"},{"@type":"ListItem","position":3,"name":"TripAdvisor Review NFC Kort &#8220;Tap&#8221; med TripAdvisor Review QR kode"}]},{"@type":"WebSite","@id":"https:\/\/www.truzzer.com\/da\/#website","url":"https:\/\/www.truzzer.com\/da\/","name":"truzzer","description":"Experts for customer trust","publisher":{"@id":"https:\/\/www.truzzer.com\/da\/#organization"},"potentialAction":[{"@type":"SearchAction","target":{"@type":"EntryPoint","urlTemplate":"https:\/\/www.truzzer.com\/da\/?s={search_term_string}"},"query-input":{"@type":"PropertyValueSpecification","valueRequired":true,"valueName":"search_term_string"}}],"inLanguage":"da-DK"},{"@type":"Organization","@id":"https:\/\/www.truzzer.com\/da\/#organization","name":"truzzer","url":"https:\/\/www.truzzer.com\/da\/","logo":{"@type":"ImageObject","inLanguage":"da-DK","@id":"https:\/\/www.truzzer.com\/da\/#\/schema\/logo\/image\/","url":"https:\/\/truzzer.com\/wp-content\/uploads\/2026\/01\/truzzer-logo-black-1.svg","contentUrl":"https:\/\/truzzer.com\/wp-content\/uploads\/2026\/01\/truzzer-logo-black-1.svg","width":938,"height":199,"caption":"truzzer"},"image":{"@id":"https:\/\/www.truzzer.com\/da\/#\/schema\/logo\/image\/"}}]}},"tiered_pricing_type":"fixed","tiered_pricing_fixed_rules":[],"tiered_pricing_product_settings":{"layout":"default","base_unit_name":{"singular":null,"plural":null},"default_variation":null},"tiered_pricing_minimum_quantity":null,"tiered_pricing_roles_data":[],"tiered_pricing_percentage_rules":[],"tiered_pricing_maximum_quantity":null,"tiered_pricing_quantity_step":null,"_links":{"self":[{"href":"https:\/\/www.truzzer.com\/da\/wp-json\/wp\/v2\/product\/101686","targetHints":{"allow":["GET"]}}],"collection":[{"href":"https:\/\/www.truzzer.com\/da\/wp-json\/wp\/v2\/product"}],"about":[{"href":"https:\/\/www.truzzer.com\/da\/wp-json\/wp\/v2\/types\/product"}],"replies":[{"embeddable":true,"href":"https:\/\/www.truzzer.com\/da\/wp-json\/wp\/v2\/comments?post=101686"}],"wp:featuredmedia":[{"embeddable":true,"href":"https:\/\/www.truzzer.com\/da\/wp-json\/wp\/v2\/media\/101696"}],"wp:attachment":[{"href":"https:\/\/www.truzzer.com\/da\/wp-json\/wp\/v2\/media?parent=101686"}],"wp:term":[{"taxonomy":"product_brand","embeddable":true,"href":"https:\/\/www.truzzer.com\/da\/wp-json\/wp\/v2\/product_brand?post=101686"},{"taxonomy":"product_cat","embeddable":true,"href":"https:\/\/www.truzzer.com\/da\/wp-json\/wp\/v2\/product_cat?post=101686"},{"taxonomy":"product_tag","embeddable":true,"href":"https:\/\/www.truzzer.com\/da\/wp-json\/wp\/v2\/product_tag?post=101686"}],"curies":[{"name":"wp","href":"https:\/\/api.w.org\/{rel}","templated":true}]}}