{"id":102255,"date":"2026-02-11T10:11:58","date_gmt":"2026-02-11T10:11:58","guid":{"rendered":"https:\/\/beta.truzzer.com\/product\/google-whatsapp-starter-visitt-card-qr-kode\/"},"modified":"2026-02-13T10:35:44","modified_gmt":"2026-02-13T10:35:44","slug":"google-whatsapp-starter-visitt-card-qr-kode","status":"publish","type":"product","link":"https:\/\/www.truzzer.com\/da\/vare\/google-whatsapp-starter-visitt-card-qr-kode\/","title":{"rendered":"Google &amp; WhatsApp Starter Visitkort &#8211; QR Kode"},"content":{"rendered":"<p>\nMed Google &amp; WhatsApp Starter Visitkort, du kombinerer tillid og direkte kommunikation.<br \/>\nP\u00e5 forsiden kan kunder efterlade en Google anmeldelse; p\u00e5 bagsiden kan de kontakte dig direkte via WhatsApp.\n<\/p>\n<p>\nIdeel til servicefokuserede virksomheder, der \u00f8nsker at \u00f8ge anmeldelser og samtidig muligg\u00f8re hurtig kundekontakt.\n<\/p>\n<p>\nBare scan &#8211; ingen skrivning, ingen app-barrierer.<\/p>\n","protected":false},"excerpt":{"rendered":"<h2>\n  <img decoding=\"async\" class=\"alignnone size-full wp-image-56732\" src=\"https:\/\/truzzer.com\/wp-content\/uploads\/2026\/02\/qrscan-ezgif.com-video-to-webp-converter-1.webp\" alt=\"\" width=\"150\" height>1<br \/>\n<\/h2>\n<p>Dobbeltsidet starter visitkort:<\/p>\n<p><strong>Perfekt til tjenesteudbydere, h\u00e5ndv\u00e6rk, g\u00e6stfrihed, konsulenter &amp; servicebaserede virksomheder.<\/strong><\/p>\n<p><strong>H\u00f8jdepunkter:<\/strong><\/p>\n<ul>\n<li>Forside: Google-gennemgang via QR-kode<\/li>\n<li>Tilbage: WhatsApp-kontakt via QR-kode<\/li>\n<li>Dobbeltsidet, lodret layout<\/li>\n<li>Klassisk visitkortformat<\/li>\n<li>Velegnet til enhver smartphonebruger<\/li>\n<\/ul>\n","protected":false},"featured_media":102804,"comment_status":"open","ping_status":"closed","template":"","meta":{"_acf_changed":false,"_yoast_wpseo_focuskw":"Google WhatsApp Visitkort","_yoast_wpseo_title":"Google & WhatsApp Starter Visitt Card \u2013 QR-kode | truzzer","_yoast_wpseo_metadesc":"Forbind direkte via WhatsApp med Google & WhatsApp Starter Visitt Card \u2013 QR-kode fra truzzer. Nem ops\u00e6tning, klar til brug. Bestil nu!"},"product_brand":[1631,1704],"product_cat":[731,807,808,466,592,919,940,941],"product_tag":[],"class_list":{"0":"post-102255","1":"product","2":"type-product","3":"status-publish","4":"has-post-thumbnail","6":"product_brand-google","7":"product_brand-whatsapp","8":"product_cat-google-anmeldelse-produkter","9":"product_cat-google-anmeldelse-visitkort","10":"product_cat-google-anmeldelse-visitkort-med-qr-kode","11":"product_cat-qr-kode-produkter","12":"product_cat-qr-kode-visitkort","13":"product_cat-whatsapp-chat-produkter","14":"product_cat-whatsapp-chat-visitkort","15":"product_cat-whatsapp-chat-visitkort-med-qr-kode","16":"pa_material-karton","17":"pa_orientation-portrett","18":"pa_placement-bon","19":"pa_placement-brochure","20":"pa_placement-lommebok-personlig","21":"pa_placement-portemonnee-persoonlijk","22":"pa_product-type-visitekaartjes","23":"pa_shape-rechthoek","24":"pa_technology-qr-kode","26":"first","27":"instock","28":"taxable","29":"shipping-taxable","30":"purchasable","31":"product-type-simple"},"acf":[],"yoast_head":"<!-- This site is optimized with the Yoast SEO plugin v27.0 - https:\/\/yoast.com\/product\/yoast-seo-wordpress\/ -->\n<title>Google &amp; WhatsApp Starter Visitt Card \u2013 QR-kode | truzzer<\/title>\n<meta name=\"description\" content=\"Forbind direkte via WhatsApp med Google &amp; WhatsApp Starter Visitt Card \u2013 QR-kode fra truzzer. Nem ops\u00e6tning, klar til brug. Bestil nu!\" \/>\n<meta name=\"robots\" content=\"index, follow, max-snippet:-1, max-image-preview:large, max-video-preview:-1\" \/>\n<link rel=\"canonical\" href=\"https:\/\/www.truzzer.com\/da\/vare\/google-whatsapp-starter-visitt-card-qr-kode\/\" \/>\n<meta property=\"og:locale\" content=\"da_DK\" \/>\n<meta property=\"og:type\" content=\"article\" \/>\n<meta property=\"og:title\" content=\"Google &amp; WhatsApp Starter Visitt Card \u2013 QR-kode | truzzer\" \/>\n<meta property=\"og:description\" content=\"Forbind direkte via WhatsApp med Google &amp; WhatsApp Starter Visitt Card \u2013 QR-kode fra truzzer. Nem ops\u00e6tning, klar til brug. Bestil nu!\" \/>\n<meta property=\"og:url\" content=\"https:\/\/www.truzzer.com\/da\/vare\/google-whatsapp-starter-visitt-card-qr-kode\/\" \/>\n<meta property=\"og:site_name\" content=\"truzzer\" \/>\n<meta property=\"article:modified_time\" content=\"2026-02-13T10:35:44+00:00\" \/>\n<meta property=\"og:image\" content=\"https:\/\/www.truzzer.com\/wp-content\/uploads\/2026\/02\/gogle-whats-app-3-en.jpg\" \/>\n\t<meta property=\"og:image:width\" content=\"1024\" \/>\n\t<meta property=\"og:image:height\" content=\"1024\" \/>\n\t<meta property=\"og:image:type\" content=\"image\/jpeg\" \/>\n<meta name=\"twitter:card\" content=\"summary_large_image\" \/>\n<script type=\"application\/ld+json\" class=\"yoast-schema-graph\">{\"@context\":\"https:\/\/schema.org\",\"@graph\":[{\"@type\":\"WebPage\",\"@id\":\"https:\/\/www.truzzer.com\/da\/vare\/google-whatsapp-starter-visitt-card-qr-kode\/\",\"url\":\"https:\/\/www.truzzer.com\/da\/vare\/google-whatsapp-starter-visitt-card-qr-kode\/\",\"name\":\"Google & WhatsApp Starter Visitt Card \u2013 QR-kode | truzzer\",\"isPartOf\":{\"@id\":\"https:\/\/www.truzzer.com\/da\/#website\"},\"primaryImageOfPage\":{\"@id\":\"https:\/\/www.truzzer.com\/da\/vare\/google-whatsapp-starter-visitt-card-qr-kode\/#primaryimage\"},\"image\":{\"@id\":\"https:\/\/www.truzzer.com\/da\/vare\/google-whatsapp-starter-visitt-card-qr-kode\/#primaryimage\"},\"thumbnailUrl\":\"https:\/\/www.truzzer.com\/wp-content\/uploads\/2026\/02\/gogle-whats-app-3-en.jpg\",\"datePublished\":\"2026-02-11T10:11:58+00:00\",\"dateModified\":\"2026-02-13T10:35:44+00:00\",\"description\":\"Forbind direkte via WhatsApp med Google & WhatsApp Starter Visitt Card \u2013 QR-kode fra truzzer. Nem ops\u00e6tning, klar til brug. Bestil nu!\",\"breadcrumb\":{\"@id\":\"https:\/\/www.truzzer.com\/da\/vare\/google-whatsapp-starter-visitt-card-qr-kode\/#breadcrumb\"},\"inLanguage\":\"da-DK\",\"potentialAction\":[{\"@type\":\"ReadAction\",\"target\":[\"https:\/\/www.truzzer.com\/da\/vare\/google-whatsapp-starter-visitt-card-qr-kode\/\"]}]},{\"@type\":\"ImageObject\",\"inLanguage\":\"da-DK\",\"@id\":\"https:\/\/www.truzzer.com\/da\/vare\/google-whatsapp-starter-visitt-card-qr-kode\/#primaryimage\",\"url\":\"https:\/\/www.truzzer.com\/wp-content\/uploads\/2026\/02\/gogle-whats-app-3-en.jpg\",\"contentUrl\":\"https:\/\/www.truzzer.com\/wp-content\/uploads\/2026\/02\/gogle-whats-app-3-en.jpg\",\"width\":1024,\"height\":1024},{\"@type\":\"BreadcrumbList\",\"@id\":\"https:\/\/www.truzzer.com\/da\/vare\/google-whatsapp-starter-visitt-card-qr-kode\/#breadcrumb\",\"itemListElement\":[{\"@type\":\"ListItem\",\"position\":1,\"name\":\"Home\",\"item\":\"https:\/\/www.truzzer.com\/da\/\"},{\"@type\":\"ListItem\",\"position\":2,\"name\":\"Butik\",\"item\":\"https:\/\/www.truzzer.com\/da\/shop\/\"},{\"@type\":\"ListItem\",\"position\":3,\"name\":\"Google &amp; WhatsApp Starter Visitkort &#8211; QR Kode\"}]},{\"@type\":\"WebSite\",\"@id\":\"https:\/\/www.truzzer.com\/da\/#website\",\"url\":\"https:\/\/www.truzzer.com\/da\/\",\"name\":\"truzzer\",\"description\":\"Experts for customer trust\",\"publisher\":{\"@id\":\"https:\/\/www.truzzer.com\/da\/#organization\"},\"potentialAction\":[{\"@type\":\"SearchAction\",\"target\":{\"@type\":\"EntryPoint\",\"urlTemplate\":\"https:\/\/www.truzzer.com\/da\/?s={search_term_string}\"},\"query-input\":{\"@type\":\"PropertyValueSpecification\",\"valueRequired\":true,\"valueName\":\"search_term_string\"}}],\"inLanguage\":\"da-DK\"},{\"@type\":\"Organization\",\"@id\":\"https:\/\/www.truzzer.com\/da\/#organization\",\"name\":\"truzzer\",\"url\":\"https:\/\/www.truzzer.com\/da\/\",\"logo\":{\"@type\":\"ImageObject\",\"inLanguage\":\"da-DK\",\"@id\":\"https:\/\/www.truzzer.com\/da\/#\/schema\/logo\/image\/\",\"url\":\"https:\/\/truzzer.com\/wp-content\/uploads\/2026\/01\/truzzer-logo-black-1.svg\",\"contentUrl\":\"https:\/\/truzzer.com\/wp-content\/uploads\/2026\/01\/truzzer-logo-black-1.svg\",\"width\":938,\"height\":199,\"caption\":\"truzzer\"},\"image\":{\"@id\":\"https:\/\/www.truzzer.com\/da\/#\/schema\/logo\/image\/\"}}]}<\/script>\n<!-- \/ Yoast SEO plugin. -->","yoast_head_json":{"title":"Google & WhatsApp Starter Visitt Card \u2013 QR-kode | truzzer","description":"Forbind direkte via WhatsApp med Google & WhatsApp Starter Visitt Card \u2013 QR-kode fra truzzer. Nem ops\u00e6tning, klar til brug. Bestil nu!","robots":{"index":"index","follow":"follow","max-snippet":"max-snippet:-1","max-image-preview":"max-image-preview:large","max-video-preview":"max-video-preview:-1"},"canonical":"https:\/\/www.truzzer.com\/da\/vare\/google-whatsapp-starter-visitt-card-qr-kode\/","og_locale":"da_DK","og_type":"article","og_title":"Google & WhatsApp Starter Visitt Card \u2013 QR-kode | truzzer","og_description":"Forbind direkte via WhatsApp med Google & WhatsApp Starter Visitt Card \u2013 QR-kode fra truzzer. Nem ops\u00e6tning, klar til brug. Bestil nu!","og_url":"https:\/\/www.truzzer.com\/da\/vare\/google-whatsapp-starter-visitt-card-qr-kode\/","og_site_name":"truzzer","article_modified_time":"2026-02-13T10:35:44+00:00","og_image":[{"width":1024,"height":1024,"url":"https:\/\/www.truzzer.com\/wp-content\/uploads\/2026\/02\/gogle-whats-app-3-en.jpg","type":"image\/jpeg"}],"twitter_card":"summary_large_image","schema":{"@context":"https:\/\/schema.org","@graph":[{"@type":"WebPage","@id":"https:\/\/www.truzzer.com\/da\/vare\/google-whatsapp-starter-visitt-card-qr-kode\/","url":"https:\/\/www.truzzer.com\/da\/vare\/google-whatsapp-starter-visitt-card-qr-kode\/","name":"Google & WhatsApp Starter Visitt Card \u2013 QR-kode | truzzer","isPartOf":{"@id":"https:\/\/www.truzzer.com\/da\/#website"},"primaryImageOfPage":{"@id":"https:\/\/www.truzzer.com\/da\/vare\/google-whatsapp-starter-visitt-card-qr-kode\/#primaryimage"},"image":{"@id":"https:\/\/www.truzzer.com\/da\/vare\/google-whatsapp-starter-visitt-card-qr-kode\/#primaryimage"},"thumbnailUrl":"https:\/\/www.truzzer.com\/wp-content\/uploads\/2026\/02\/gogle-whats-app-3-en.jpg","datePublished":"2026-02-11T10:11:58+00:00","dateModified":"2026-02-13T10:35:44+00:00","description":"Forbind direkte via WhatsApp med Google & WhatsApp Starter Visitt Card \u2013 QR-kode fra truzzer. Nem ops\u00e6tning, klar til brug. Bestil nu!","breadcrumb":{"@id":"https:\/\/www.truzzer.com\/da\/vare\/google-whatsapp-starter-visitt-card-qr-kode\/#breadcrumb"},"inLanguage":"da-DK","potentialAction":[{"@type":"ReadAction","target":["https:\/\/www.truzzer.com\/da\/vare\/google-whatsapp-starter-visitt-card-qr-kode\/"]}]},{"@type":"ImageObject","inLanguage":"da-DK","@id":"https:\/\/www.truzzer.com\/da\/vare\/google-whatsapp-starter-visitt-card-qr-kode\/#primaryimage","url":"https:\/\/www.truzzer.com\/wp-content\/uploads\/2026\/02\/gogle-whats-app-3-en.jpg","contentUrl":"https:\/\/www.truzzer.com\/wp-content\/uploads\/2026\/02\/gogle-whats-app-3-en.jpg","width":1024,"height":1024},{"@type":"BreadcrumbList","@id":"https:\/\/www.truzzer.com\/da\/vare\/google-whatsapp-starter-visitt-card-qr-kode\/#breadcrumb","itemListElement":[{"@type":"ListItem","position":1,"name":"Home","item":"https:\/\/www.truzzer.com\/da\/"},{"@type":"ListItem","position":2,"name":"Butik","item":"https:\/\/www.truzzer.com\/da\/shop\/"},{"@type":"ListItem","position":3,"name":"Google &amp; WhatsApp Starter Visitkort &#8211; QR Kode"}]},{"@type":"WebSite","@id":"https:\/\/www.truzzer.com\/da\/#website","url":"https:\/\/www.truzzer.com\/da\/","name":"truzzer","description":"Experts for customer trust","publisher":{"@id":"https:\/\/www.truzzer.com\/da\/#organization"},"potentialAction":[{"@type":"SearchAction","target":{"@type":"EntryPoint","urlTemplate":"https:\/\/www.truzzer.com\/da\/?s={search_term_string}"},"query-input":{"@type":"PropertyValueSpecification","valueRequired":true,"valueName":"search_term_string"}}],"inLanguage":"da-DK"},{"@type":"Organization","@id":"https:\/\/www.truzzer.com\/da\/#organization","name":"truzzer","url":"https:\/\/www.truzzer.com\/da\/","logo":{"@type":"ImageObject","inLanguage":"da-DK","@id":"https:\/\/www.truzzer.com\/da\/#\/schema\/logo\/image\/","url":"https:\/\/truzzer.com\/wp-content\/uploads\/2026\/01\/truzzer-logo-black-1.svg","contentUrl":"https:\/\/truzzer.com\/wp-content\/uploads\/2026\/01\/truzzer-logo-black-1.svg","width":938,"height":199,"caption":"truzzer"},"image":{"@id":"https:\/\/www.truzzer.com\/da\/#\/schema\/logo\/image\/"}}]}},"tiered_pricing_type":"fixed","tiered_pricing_fixed_rules":[],"tiered_pricing_product_settings":{"layout":"default","base_unit_name":{"singular":null,"plural":null},"default_variation":null},"tiered_pricing_minimum_quantity":null,"tiered_pricing_roles_data":[],"tiered_pricing_percentage_rules":[],"tiered_pricing_maximum_quantity":null,"tiered_pricing_quantity_step":null,"_links":{"self":[{"href":"https:\/\/www.truzzer.com\/da\/wp-json\/wp\/v2\/product\/102255","targetHints":{"allow":["GET"]}}],"collection":[{"href":"https:\/\/www.truzzer.com\/da\/wp-json\/wp\/v2\/product"}],"about":[{"href":"https:\/\/www.truzzer.com\/da\/wp-json\/wp\/v2\/types\/product"}],"replies":[{"embeddable":true,"href":"https:\/\/www.truzzer.com\/da\/wp-json\/wp\/v2\/comments?post=102255"}],"wp:featuredmedia":[{"embeddable":true,"href":"https:\/\/www.truzzer.com\/da\/wp-json\/wp\/v2\/media\/102804"}],"wp:attachment":[{"href":"https:\/\/www.truzzer.com\/da\/wp-json\/wp\/v2\/media?parent=102255"}],"wp:term":[{"taxonomy":"product_brand","embeddable":true,"href":"https:\/\/www.truzzer.com\/da\/wp-json\/wp\/v2\/product_brand?post=102255"},{"taxonomy":"product_cat","embeddable":true,"href":"https:\/\/www.truzzer.com\/da\/wp-json\/wp\/v2\/product_cat?post=102255"},{"taxonomy":"product_tag","embeddable":true,"href":"https:\/\/www.truzzer.com\/da\/wp-json\/wp\/v2\/product_tag?post=102255"}],"curies":[{"name":"wp","href":"https:\/\/api.w.org\/{rel}","templated":true}]}}