{"id":102399,"date":"2026-02-11T10:12:12","date_gmt":"2026-02-11T10:12:12","guid":{"rendered":"https:\/\/beta.truzzer.com\/product\/instagram-tiktok-starter-visittkort-qr-kode\/"},"modified":"2026-02-13T10:34:25","modified_gmt":"2026-02-13T10:34:25","slug":"instagram-tiktok-starter-visittkort-qr-kode","status":"publish","type":"product","link":"https:\/\/www.truzzer.com\/da\/vare\/instagram-tiktok-starter-visittkort-qr-kode\/","title":{"rendered":"Instagram &amp; TikTok Starter Visitkort &#8211; QR Kode"},"content":{"rendered":"<p>\nInstagram &amp; TikTok Starter visitkort er perfekt til alle, der aktivt bruger sociale medier.<br \/>\nP\u00e5 forsiden linker QR-koden direkte til din Instagram-profil; p\u00e5 bagsiden f\u00f8rer det kunder til din TikTok-konto.\n<\/p>\n<p>\nDette forvandler enhver offline interaktion til f\u00f8lgere, visninger og r\u00e6kkevidde &#8211; uden s\u00f8gning, ingen indtastning og ingen omveje.\n<\/p>\n<p>\nKlassisk lodret visitkortformat for maksimal accept i hverdagen.<\/p>\n","protected":false},"excerpt":{"rendered":"<h2>\n  <img decoding=\"async\" class=\"alignnone size-full wp-image-56732\" src=\"https:\/\/truzzer.com\/wp-content\/uploads\/2026\/02\/qrscan-ezgif.com-video-to-webp-converter-1.webp\" alt=\"\" width=\"150\" height>1<br \/>\n<\/h2>\n<p>\nDobbeltsidet starter visitkort:<br \/>\nForside: Instagram \u2022 Bagside: TikTok \u2014 begge direkte via QR-kode.<br \/>\nDet ideelle starter visitkort til r\u00e6kkevidde og social v\u00e6kst.\n<\/p>\n<p><strong>Ideel til virksomheder, der \u00f8nsker at vokse p\u00e5 b\u00e5de Instagram og TikTok p\u00e5 samme tid.<\/strong><\/p>\n<p><strong>H\u00f8jdepunkter:<\/strong><\/p>\n<ul>\n<li>Forside: Instagram-profil via QR-kode<\/li>\n<li>Tilbage: TikTok-profil via QR-kode<\/li>\n<li>Lodret, standard visitkortformat<\/li>\n<li>Fungerer med enhver smartphone<\/li>\n<\/ul>\n","protected":false},"featured_media":102400,"comment_status":"open","ping_status":"closed","template":"","meta":{"_acf_changed":false,"_yoast_wpseo_focuskw":"Instagram TikTok Visitkort","_yoast_wpseo_title":"Instagram & TikTok Starter Visittkort \u2013 QR-kode | truzzer","_yoast_wpseo_metadesc":"F\u00e5 flere Instagram-f\u00f8lgere med Instagram & TikTok Starter Visittkort \u2013 QR-kode fra truzzer. Nem ops\u00e6tning, klar til brug. Bestil nu!"},"product_brand":[1624,1681],"product_cat":[821,906,466,592,618,1128,1129],"product_tag":[],"class_list":{"0":"post-102399","1":"product","2":"type-product","3":"status-publish","4":"has-post-thumbnail","6":"product_brand-instagram","7":"product_brand-tiktok","8":"product_cat-instagram-folgere-produkter","9":"product_cat-instagram-folgere-visitkort-med-qr-kode","10":"product_cat-qr-kode-produkter","11":"product_cat-qr-kode-visitkort","12":"product_cat-tiktok-folgere-produkter","13":"product_cat-tiktok-folgere-visitkort","14":"product_cat-tiktok-folgere-visitkort-med-qr-kode","15":"pa_material-karton","16":"pa_orientation-portrett","17":"pa_placement-bon","18":"pa_placement-brochure","19":"pa_placement-lommebok-personlig","20":"pa_placement-portemonnee-persoonlijk","21":"pa_product-type-visitekaartjes","22":"pa_shape-rechthoek","23":"pa_technology-qr-kode","25":"first","26":"instock","27":"taxable","28":"shipping-taxable","29":"purchasable","30":"product-type-simple"},"acf":[],"yoast_head":"<!-- This site is optimized with the Yoast SEO plugin v27.0 - https:\/\/yoast.com\/product\/yoast-seo-wordpress\/ -->\n<title>Instagram &amp; TikTok Starter Visittkort \u2013 QR-kode | truzzer<\/title>\n<meta name=\"description\" content=\"F\u00e5 flere Instagram-f\u00f8lgere med Instagram &amp; TikTok Starter Visittkort \u2013 QR-kode fra truzzer. Nem ops\u00e6tning, klar til brug. Bestil nu!\" \/>\n<meta name=\"robots\" content=\"index, follow, max-snippet:-1, max-image-preview:large, max-video-preview:-1\" \/>\n<link rel=\"canonical\" href=\"https:\/\/www.truzzer.com\/da\/vare\/instagram-tiktok-starter-visittkort-qr-kode\/\" \/>\n<meta property=\"og:locale\" content=\"da_DK\" \/>\n<meta property=\"og:type\" content=\"article\" \/>\n<meta property=\"og:title\" content=\"Instagram &amp; TikTok Starter Visittkort \u2013 QR-kode | truzzer\" \/>\n<meta property=\"og:description\" content=\"F\u00e5 flere Instagram-f\u00f8lgere med Instagram &amp; TikTok Starter Visittkort \u2013 QR-kode fra truzzer. Nem ops\u00e6tning, klar til brug. Bestil nu!\" \/>\n<meta property=\"og:url\" content=\"https:\/\/www.truzzer.com\/da\/vare\/instagram-tiktok-starter-visittkort-qr-kode\/\" \/>\n<meta property=\"og:site_name\" content=\"truzzer\" \/>\n<meta property=\"article:modified_time\" content=\"2026-02-13T10:34:25+00:00\" \/>\n<meta property=\"og:image\" content=\"https:\/\/www.truzzer.com\/wp-content\/uploads\/2026\/02\/tik-insta-3.jpg\" \/>\n\t<meta property=\"og:image:width\" content=\"1200\" \/>\n\t<meta property=\"og:image:height\" content=\"1200\" \/>\n\t<meta property=\"og:image:type\" content=\"image\/jpeg\" \/>\n<meta name=\"twitter:card\" content=\"summary_large_image\" \/>\n<script type=\"application\/ld+json\" class=\"yoast-schema-graph\">{\"@context\":\"https:\/\/schema.org\",\"@graph\":[{\"@type\":\"WebPage\",\"@id\":\"https:\/\/www.truzzer.com\/da\/vare\/instagram-tiktok-starter-visittkort-qr-kode\/\",\"url\":\"https:\/\/www.truzzer.com\/da\/vare\/instagram-tiktok-starter-visittkort-qr-kode\/\",\"name\":\"Instagram & TikTok Starter Visittkort \u2013 QR-kode | truzzer\",\"isPartOf\":{\"@id\":\"https:\/\/www.truzzer.com\/da\/#website\"},\"primaryImageOfPage\":{\"@id\":\"https:\/\/www.truzzer.com\/da\/vare\/instagram-tiktok-starter-visittkort-qr-kode\/#primaryimage\"},\"image\":{\"@id\":\"https:\/\/www.truzzer.com\/da\/vare\/instagram-tiktok-starter-visittkort-qr-kode\/#primaryimage\"},\"thumbnailUrl\":\"https:\/\/www.truzzer.com\/wp-content\/uploads\/2026\/02\/tik-insta-3.jpg\",\"datePublished\":\"2026-02-11T10:12:12+00:00\",\"dateModified\":\"2026-02-13T10:34:25+00:00\",\"description\":\"F\u00e5 flere Instagram-f\u00f8lgere med Instagram & TikTok Starter Visittkort \u2013 QR-kode fra truzzer. Nem ops\u00e6tning, klar til brug. Bestil nu!\",\"breadcrumb\":{\"@id\":\"https:\/\/www.truzzer.com\/da\/vare\/instagram-tiktok-starter-visittkort-qr-kode\/#breadcrumb\"},\"inLanguage\":\"da-DK\",\"potentialAction\":[{\"@type\":\"ReadAction\",\"target\":[\"https:\/\/www.truzzer.com\/da\/vare\/instagram-tiktok-starter-visittkort-qr-kode\/\"]}]},{\"@type\":\"ImageObject\",\"inLanguage\":\"da-DK\",\"@id\":\"https:\/\/www.truzzer.com\/da\/vare\/instagram-tiktok-starter-visittkort-qr-kode\/#primaryimage\",\"url\":\"https:\/\/www.truzzer.com\/wp-content\/uploads\/2026\/02\/tik-insta-3.jpg\",\"contentUrl\":\"https:\/\/www.truzzer.com\/wp-content\/uploads\/2026\/02\/tik-insta-3.jpg\",\"width\":1200,\"height\":1200},{\"@type\":\"BreadcrumbList\",\"@id\":\"https:\/\/www.truzzer.com\/da\/vare\/instagram-tiktok-starter-visittkort-qr-kode\/#breadcrumb\",\"itemListElement\":[{\"@type\":\"ListItem\",\"position\":1,\"name\":\"Home\",\"item\":\"https:\/\/www.truzzer.com\/da\/\"},{\"@type\":\"ListItem\",\"position\":2,\"name\":\"Butik\",\"item\":\"https:\/\/www.truzzer.com\/da\/shop\/\"},{\"@type\":\"ListItem\",\"position\":3,\"name\":\"Instagram &amp; TikTok Starter Visitkort &#8211; QR Kode\"}]},{\"@type\":\"WebSite\",\"@id\":\"https:\/\/www.truzzer.com\/da\/#website\",\"url\":\"https:\/\/www.truzzer.com\/da\/\",\"name\":\"truzzer\",\"description\":\"Experts for customer trust\",\"publisher\":{\"@id\":\"https:\/\/www.truzzer.com\/da\/#organization\"},\"potentialAction\":[{\"@type\":\"SearchAction\",\"target\":{\"@type\":\"EntryPoint\",\"urlTemplate\":\"https:\/\/www.truzzer.com\/da\/?s={search_term_string}\"},\"query-input\":{\"@type\":\"PropertyValueSpecification\",\"valueRequired\":true,\"valueName\":\"search_term_string\"}}],\"inLanguage\":\"da-DK\"},{\"@type\":\"Organization\",\"@id\":\"https:\/\/www.truzzer.com\/da\/#organization\",\"name\":\"truzzer\",\"url\":\"https:\/\/www.truzzer.com\/da\/\",\"logo\":{\"@type\":\"ImageObject\",\"inLanguage\":\"da-DK\",\"@id\":\"https:\/\/www.truzzer.com\/da\/#\/schema\/logo\/image\/\",\"url\":\"https:\/\/truzzer.com\/wp-content\/uploads\/2026\/01\/truzzer-logo-black-1.svg\",\"contentUrl\":\"https:\/\/truzzer.com\/wp-content\/uploads\/2026\/01\/truzzer-logo-black-1.svg\",\"width\":938,\"height\":199,\"caption\":\"truzzer\"},\"image\":{\"@id\":\"https:\/\/www.truzzer.com\/da\/#\/schema\/logo\/image\/\"}}]}<\/script>\n<!-- \/ Yoast SEO plugin. -->","yoast_head_json":{"title":"Instagram & TikTok Starter Visittkort \u2013 QR-kode | truzzer","description":"F\u00e5 flere Instagram-f\u00f8lgere med Instagram & TikTok Starter Visittkort \u2013 QR-kode fra truzzer. Nem ops\u00e6tning, klar til brug. Bestil nu!","robots":{"index":"index","follow":"follow","max-snippet":"max-snippet:-1","max-image-preview":"max-image-preview:large","max-video-preview":"max-video-preview:-1"},"canonical":"https:\/\/www.truzzer.com\/da\/vare\/instagram-tiktok-starter-visittkort-qr-kode\/","og_locale":"da_DK","og_type":"article","og_title":"Instagram & TikTok Starter Visittkort \u2013 QR-kode | truzzer","og_description":"F\u00e5 flere Instagram-f\u00f8lgere med Instagram & TikTok Starter Visittkort \u2013 QR-kode fra truzzer. Nem ops\u00e6tning, klar til brug. Bestil nu!","og_url":"https:\/\/www.truzzer.com\/da\/vare\/instagram-tiktok-starter-visittkort-qr-kode\/","og_site_name":"truzzer","article_modified_time":"2026-02-13T10:34:25+00:00","og_image":[{"width":1200,"height":1200,"url":"https:\/\/www.truzzer.com\/wp-content\/uploads\/2026\/02\/tik-insta-3.jpg","type":"image\/jpeg"}],"twitter_card":"summary_large_image","schema":{"@context":"https:\/\/schema.org","@graph":[{"@type":"WebPage","@id":"https:\/\/www.truzzer.com\/da\/vare\/instagram-tiktok-starter-visittkort-qr-kode\/","url":"https:\/\/www.truzzer.com\/da\/vare\/instagram-tiktok-starter-visittkort-qr-kode\/","name":"Instagram & TikTok Starter Visittkort \u2013 QR-kode | truzzer","isPartOf":{"@id":"https:\/\/www.truzzer.com\/da\/#website"},"primaryImageOfPage":{"@id":"https:\/\/www.truzzer.com\/da\/vare\/instagram-tiktok-starter-visittkort-qr-kode\/#primaryimage"},"image":{"@id":"https:\/\/www.truzzer.com\/da\/vare\/instagram-tiktok-starter-visittkort-qr-kode\/#primaryimage"},"thumbnailUrl":"https:\/\/www.truzzer.com\/wp-content\/uploads\/2026\/02\/tik-insta-3.jpg","datePublished":"2026-02-11T10:12:12+00:00","dateModified":"2026-02-13T10:34:25+00:00","description":"F\u00e5 flere Instagram-f\u00f8lgere med Instagram & TikTok Starter Visittkort \u2013 QR-kode fra truzzer. Nem ops\u00e6tning, klar til brug. Bestil nu!","breadcrumb":{"@id":"https:\/\/www.truzzer.com\/da\/vare\/instagram-tiktok-starter-visittkort-qr-kode\/#breadcrumb"},"inLanguage":"da-DK","potentialAction":[{"@type":"ReadAction","target":["https:\/\/www.truzzer.com\/da\/vare\/instagram-tiktok-starter-visittkort-qr-kode\/"]}]},{"@type":"ImageObject","inLanguage":"da-DK","@id":"https:\/\/www.truzzer.com\/da\/vare\/instagram-tiktok-starter-visittkort-qr-kode\/#primaryimage","url":"https:\/\/www.truzzer.com\/wp-content\/uploads\/2026\/02\/tik-insta-3.jpg","contentUrl":"https:\/\/www.truzzer.com\/wp-content\/uploads\/2026\/02\/tik-insta-3.jpg","width":1200,"height":1200},{"@type":"BreadcrumbList","@id":"https:\/\/www.truzzer.com\/da\/vare\/instagram-tiktok-starter-visittkort-qr-kode\/#breadcrumb","itemListElement":[{"@type":"ListItem","position":1,"name":"Home","item":"https:\/\/www.truzzer.com\/da\/"},{"@type":"ListItem","position":2,"name":"Butik","item":"https:\/\/www.truzzer.com\/da\/shop\/"},{"@type":"ListItem","position":3,"name":"Instagram &amp; TikTok Starter Visitkort &#8211; QR Kode"}]},{"@type":"WebSite","@id":"https:\/\/www.truzzer.com\/da\/#website","url":"https:\/\/www.truzzer.com\/da\/","name":"truzzer","description":"Experts for customer trust","publisher":{"@id":"https:\/\/www.truzzer.com\/da\/#organization"},"potentialAction":[{"@type":"SearchAction","target":{"@type":"EntryPoint","urlTemplate":"https:\/\/www.truzzer.com\/da\/?s={search_term_string}"},"query-input":{"@type":"PropertyValueSpecification","valueRequired":true,"valueName":"search_term_string"}}],"inLanguage":"da-DK"},{"@type":"Organization","@id":"https:\/\/www.truzzer.com\/da\/#organization","name":"truzzer","url":"https:\/\/www.truzzer.com\/da\/","logo":{"@type":"ImageObject","inLanguage":"da-DK","@id":"https:\/\/www.truzzer.com\/da\/#\/schema\/logo\/image\/","url":"https:\/\/truzzer.com\/wp-content\/uploads\/2026\/01\/truzzer-logo-black-1.svg","contentUrl":"https:\/\/truzzer.com\/wp-content\/uploads\/2026\/01\/truzzer-logo-black-1.svg","width":938,"height":199,"caption":"truzzer"},"image":{"@id":"https:\/\/www.truzzer.com\/da\/#\/schema\/logo\/image\/"}}]}},"tiered_pricing_type":"fixed","tiered_pricing_fixed_rules":[],"tiered_pricing_product_settings":{"layout":"default","base_unit_name":{"singular":null,"plural":null},"default_variation":null},"tiered_pricing_minimum_quantity":null,"tiered_pricing_roles_data":[],"tiered_pricing_percentage_rules":[],"tiered_pricing_maximum_quantity":null,"tiered_pricing_quantity_step":null,"_links":{"self":[{"href":"https:\/\/www.truzzer.com\/da\/wp-json\/wp\/v2\/product\/102399","targetHints":{"allow":["GET"]}}],"collection":[{"href":"https:\/\/www.truzzer.com\/da\/wp-json\/wp\/v2\/product"}],"about":[{"href":"https:\/\/www.truzzer.com\/da\/wp-json\/wp\/v2\/types\/product"}],"replies":[{"embeddable":true,"href":"https:\/\/www.truzzer.com\/da\/wp-json\/wp\/v2\/comments?post=102399"}],"wp:featuredmedia":[{"embeddable":true,"href":"https:\/\/www.truzzer.com\/da\/wp-json\/wp\/v2\/media\/102400"}],"wp:attachment":[{"href":"https:\/\/www.truzzer.com\/da\/wp-json\/wp\/v2\/media?parent=102399"}],"wp:term":[{"taxonomy":"product_brand","embeddable":true,"href":"https:\/\/www.truzzer.com\/da\/wp-json\/wp\/v2\/product_brand?post=102399"},{"taxonomy":"product_cat","embeddable":true,"href":"https:\/\/www.truzzer.com\/da\/wp-json\/wp\/v2\/product_cat?post=102399"},{"taxonomy":"product_tag","embeddable":true,"href":"https:\/\/www.truzzer.com\/da\/wp-json\/wp\/v2\/product_tag?post=102399"}],"curies":[{"name":"wp","href":"https:\/\/api.w.org\/{rel}","templated":true}]}}