{"id":102443,"date":"2026-02-11T10:12:53","date_gmt":"2026-02-11T10:12:53","guid":{"rendered":"https:\/\/beta.truzzer.com\/product\/instagram-qr-kode-klistremerke-foelg-oss-rund-hologram-utgave\/"},"modified":"2026-02-13T10:29:25","modified_gmt":"2026-02-13T10:29:25","slug":"instagram-qr-kode-klistremerke-foelg-oss-rund-hologram-utgave","status":"publish","type":"product","link":"https:\/\/www.truzzer.com\/da\/vare\/instagram-qr-kode-klistremerke-foelg-oss-rund-hologram-utgave\/","title":{"rendered":"Instagram QR-kodeklisterm\u00e6rke &#8220;F\u00f8lg os&#8221; \u2013 rund (hologramudgave)"},"content":{"rendered":"<p>\nMed <strong>Instagram QR Code Sticker &#8220;F\u00f8lg os&#8221; (Hologram Edition)<\/strong> tager du din markedsf\u00f8ring p\u00e5 sociale medier til n\u00e6ste niveau.<br \/>\nDet i\u00f8jnefaldende hologramdesign fanger \u00f8jeblikkeligt opm\u00e6rksomhed &#8211; og s\u00f8rger for, at ingen kunder g\u00e5r glip af din forklaring.\n<\/p>\n<p>\nHvert klisterm\u00e6rke kommer med en <strong>individuel QR-kode<\/strong>, der linker direkte til din Instagram-profil.<br \/>\nKunder beh\u00f8ver ikke l\u00e6ngere at s\u00f8ge efter dig \u2013 \u00e9n hurtig scanning med et smartphone-kamera er nok, og de lander p\u00e5 din konto med det samme.\n<\/p>\n<p><strong>Dine fordele p\u00e5 et \u00f8jeblik:<\/strong><\/p>\n<ul>\n<li>\u2728 <strong>I\u00f8jnefaldende hologramdesign<\/strong> \u2014 maksimal synlighed, uanset om det er p\u00e5 glas, diske eller emballage.<\/li>\n<li>\ud83d\udcf2 <strong>Direkte QR-kode<\/strong> \u2014 opretter \u00f8jeblikkeligt forbindelse til din Instagram-profil, ingen omveje.<\/li>\n<li>\ud83d\udccd <strong>Alsidig brug<\/strong> \u2014 ideel til butikker, restauranter, barer, saloner, begivenheder eller produktemballage.<\/li>\n<li>\ud83d\udccf <strong>F\u00e5s i 3 st\u00f8rrelser<\/strong> \u2014 9,5 cm, 14,8 cm og 21 cm.<\/li>\n<li>\ud83c\udde9\ud83c\uddea <strong>Fremstillet i Tyskland<\/strong> \u2014 holdbar kvalitet, vejrbestandig &amp; robust.<\/li>\n<\/ul>\n<p>\nDette f\u00e5r din virksomhed til at skille sig ud &#8211; samtidig med at du p\u00e5 en smart m\u00e5de vokser dit Instagram-f\u00e6llesskab.\n<\/p>\n<p>\n\u2705 <strong>Bare ans\u00f8g \u2013 lad kunderne scanne \u2013 f\u00e5 f\u00f8lgere.<\/strong>\n<\/p>\n<h3>Trin 1: Kunden scanner QR-koden<\/h3>\n<p>\nFor at f\u00f8lge dig scanner kunden blot QR-koden. Det eneste, de skal g\u00f8re, er at pege deres smartphone-kamera mod klisterm\u00e6rket.\n<\/p>\n<p>\n<img decoding=\"async\" class=\"alignnone wp-image-13588 size-full\" src=\"https:\/\/truzzer.de\/wp-content\/uploads\/2020\/12\/truzzer-so-gehts-instagram-scan-11.jpg\" alt=\"\" width=\"1200\" \/ height=\"7\"\n<\/p>\n<p>\nBagefter vises en pop-up p\u00e5 sk\u00e6rmen (iPhone) eller et QR kodeikon vises (Android \/ Google smartphones).\n<\/p>\n<h3>Trin 2: Kunden f\u00f8res direkte til din Instagram-profil<\/h3>\n<p>\nInstagram \u00e5bner, og kunden kan f\u00f8lge dig med det samme &#8211; s\u00e5 enkelt.\n<\/p>\n<p>\n<img decoding=\"async\" class=\"alignleft wp-image-13589 size-full\" src=\"https:\/\/truzzer.de\/wp-content\/uploads\/2020\/12\/truzzer-so-gehts-instagram-scan-1.jpg\" alt=\"\" width=\"1200\" \/>=&#8221;7920&#8243;\n<\/p>\n<p><strong>Bem\u00e6rk:<\/strong><\/p>\n<p>\nHusk, at en Instagram-profil er p\u00e5kr\u00e6vet for at f\u00e5 f\u00f8lgere.\n<\/p>\n<p>[elfsight_popup id=&#8221;6&#8243;]<\/p>\n","protected":false},"excerpt":{"rendered":"<p>\nMere glans, mere opm\u00e6rksomhed, flere f\u00f8lgere!<br \/>\nVores runde <strong>Instagram Hologram Stickers<\/strong> er et rigtigt blikfang. Med en integreret QR-kode guider du dine kunder direkte til din profil &#8211; bare scan &amp; f\u00f8lg.<br \/>\nIdeel til: <strong>butikker, d\u00f8re, skranker, butiksvinduer, kasser, emballage<\/strong>.\n<\/p>\n<p>\nF\u00e5s i <strong>3 st\u00f8rrelser<\/strong>: 9,5 cm, 14,8 cm, 21 cm.<\/p>\n","protected":false},"featured_media":102444,"comment_status":"open","ping_status":"closed","template":"","meta":{"_acf_changed":false,"_yoast_wpseo_focuskw":"Instagram QR-kode Klisterm\u00e6rke","_yoast_wpseo_title":"Instagram QR-kode-klistremerke \u201cF\u00f8lg oss\u201d \u2013 run... | truzzer","_yoast_wpseo_metadesc":"F\u00e5 flere Instagram-f\u00f8lgere med Instagram QR-kode-klistremerke \u201cF\u00f8lg oss\u201d \u2013 rund (hologram-utgave) fra truzzer. Nem ops\u00e6tning, klar til brug. Bestil nu!"},"product_brand":[1624],"product_cat":[732,835,836,821],"product_tag":[],"class_list":{"0":"post-102443","1":"product","2":"type-product","3":"status-publish","4":"has-post-thumbnail","6":"product_brand-instagram","7":"product_cat-google-anmeldelse-kort","8":"product_cat-instagram-folgere-klistermaerker","9":"product_cat-instagram-folgere-klistermaerker-med-qr-kode","10":"product_cat-instagram-folgere-produkter","11":"pa_material-vinyl","12":"pa_product-type-klistermaerke","13":"pa_shape-rond","14":"pa_technology-qr-kode","16":"first","17":"instock","18":"taxable","19":"shipping-taxable","20":"product-type-simple"},"acf":[],"yoast_head":"<!-- This site is optimized with the Yoast SEO plugin v27.0 - https:\/\/yoast.com\/product\/yoast-seo-wordpress\/ -->\n<title>Instagram QR-kode-klistremerke \u201cF\u00f8lg oss\u201d \u2013 run... | truzzer<\/title>\n<meta name=\"description\" content=\"F\u00e5 flere Instagram-f\u00f8lgere med Instagram QR-kode-klistremerke \u201cF\u00f8lg oss\u201d \u2013 rund (hologram-utgave) fra truzzer. Nem ops\u00e6tning, klar til brug. Bestil nu!\" \/>\n<meta name=\"robots\" content=\"index, follow, max-snippet:-1, max-image-preview:large, max-video-preview:-1\" \/>\n<link rel=\"canonical\" href=\"https:\/\/www.truzzer.com\/da\/vare\/instagram-qr-kode-klistremerke-foelg-oss-rund-hologram-utgave\/\" \/>\n<meta property=\"og:locale\" content=\"da_DK\" \/>\n<meta property=\"og:type\" content=\"article\" \/>\n<meta property=\"og:title\" content=\"Instagram QR-kode-klistremerke \u201cF\u00f8lg oss\u201d \u2013 run... | truzzer\" \/>\n<meta property=\"og:description\" content=\"F\u00e5 flere Instagram-f\u00f8lgere med Instagram QR-kode-klistremerke \u201cF\u00f8lg oss\u201d \u2013 rund (hologram-utgave) fra truzzer. Nem ops\u00e6tning, klar til brug. Bestil nu!\" \/>\n<meta property=\"og:url\" content=\"https:\/\/www.truzzer.com\/da\/vare\/instagram-qr-kode-klistremerke-foelg-oss-rund-hologram-utgave\/\" \/>\n<meta property=\"og:site_name\" content=\"truzzer\" \/>\n<meta property=\"article:modified_time\" content=\"2026-02-13T10:29:25+00:00\" \/>\n<meta property=\"og:image\" content=\"https:\/\/www.truzzer.com\/wp-content\/uploads\/2026\/02\/holo-sticker-round-color-phone-2.jpg\" \/>\n\t<meta property=\"og:image:width\" content=\"1200\" \/>\n\t<meta property=\"og:image:height\" content=\"1200\" \/>\n\t<meta property=\"og:image:type\" content=\"image\/jpeg\" \/>\n<meta name=\"twitter:card\" content=\"summary_large_image\" \/>\n<meta name=\"twitter:label1\" content=\"Estimeret l\u00e6setid\" \/>\n\t<meta name=\"twitter:data1\" content=\"1 minut\" \/>\n<script type=\"application\/ld+json\" class=\"yoast-schema-graph\">{\"@context\":\"https:\/\/schema.org\",\"@graph\":[{\"@type\":\"WebPage\",\"@id\":\"https:\/\/www.truzzer.com\/da\/vare\/instagram-qr-kode-klistremerke-foelg-oss-rund-hologram-utgave\/\",\"url\":\"https:\/\/www.truzzer.com\/da\/vare\/instagram-qr-kode-klistremerke-foelg-oss-rund-hologram-utgave\/\",\"name\":\"Instagram QR-kode-klistremerke \u201cF\u00f8lg oss\u201d \u2013 run... | truzzer\",\"isPartOf\":{\"@id\":\"https:\/\/www.truzzer.com\/da\/#website\"},\"primaryImageOfPage\":{\"@id\":\"https:\/\/www.truzzer.com\/da\/vare\/instagram-qr-kode-klistremerke-foelg-oss-rund-hologram-utgave\/#primaryimage\"},\"image\":{\"@id\":\"https:\/\/www.truzzer.com\/da\/vare\/instagram-qr-kode-klistremerke-foelg-oss-rund-hologram-utgave\/#primaryimage\"},\"thumbnailUrl\":\"https:\/\/www.truzzer.com\/wp-content\/uploads\/2026\/02\/holo-sticker-round-color-phone-2.jpg\",\"datePublished\":\"2026-02-11T10:12:53+00:00\",\"dateModified\":\"2026-02-13T10:29:25+00:00\",\"description\":\"F\u00e5 flere Instagram-f\u00f8lgere med Instagram QR-kode-klistremerke \u201cF\u00f8lg oss\u201d \u2013 rund (hologram-utgave) fra truzzer. Nem ops\u00e6tning, klar til brug. Bestil nu!\",\"breadcrumb\":{\"@id\":\"https:\/\/www.truzzer.com\/da\/vare\/instagram-qr-kode-klistremerke-foelg-oss-rund-hologram-utgave\/#breadcrumb\"},\"inLanguage\":\"da-DK\",\"potentialAction\":[{\"@type\":\"ReadAction\",\"target\":[\"https:\/\/www.truzzer.com\/da\/vare\/instagram-qr-kode-klistremerke-foelg-oss-rund-hologram-utgave\/\"]}]},{\"@type\":\"ImageObject\",\"inLanguage\":\"da-DK\",\"@id\":\"https:\/\/www.truzzer.com\/da\/vare\/instagram-qr-kode-klistremerke-foelg-oss-rund-hologram-utgave\/#primaryimage\",\"url\":\"https:\/\/www.truzzer.com\/wp-content\/uploads\/2026\/02\/holo-sticker-round-color-phone-2.jpg\",\"contentUrl\":\"https:\/\/www.truzzer.com\/wp-content\/uploads\/2026\/02\/holo-sticker-round-color-phone-2.jpg\",\"width\":1200,\"height\":1200},{\"@type\":\"BreadcrumbList\",\"@id\":\"https:\/\/www.truzzer.com\/da\/vare\/instagram-qr-kode-klistremerke-foelg-oss-rund-hologram-utgave\/#breadcrumb\",\"itemListElement\":[{\"@type\":\"ListItem\",\"position\":1,\"name\":\"Home\",\"item\":\"https:\/\/www.truzzer.com\/da\/\"},{\"@type\":\"ListItem\",\"position\":2,\"name\":\"Butik\",\"item\":\"https:\/\/www.truzzer.com\/da\/shop\/\"},{\"@type\":\"ListItem\",\"position\":3,\"name\":\"Instagram QR-kodeklisterm\u00e6rke &#8220;F\u00f8lg os&#8221; \u2013 rund (hologramudgave)\"}]},{\"@type\":\"WebSite\",\"@id\":\"https:\/\/www.truzzer.com\/da\/#website\",\"url\":\"https:\/\/www.truzzer.com\/da\/\",\"name\":\"truzzer\",\"description\":\"Experts for customer trust\",\"publisher\":{\"@id\":\"https:\/\/www.truzzer.com\/da\/#organization\"},\"potentialAction\":[{\"@type\":\"SearchAction\",\"target\":{\"@type\":\"EntryPoint\",\"urlTemplate\":\"https:\/\/www.truzzer.com\/da\/?s={search_term_string}\"},\"query-input\":{\"@type\":\"PropertyValueSpecification\",\"valueRequired\":true,\"valueName\":\"search_term_string\"}}],\"inLanguage\":\"da-DK\"},{\"@type\":\"Organization\",\"@id\":\"https:\/\/www.truzzer.com\/da\/#organization\",\"name\":\"truzzer\",\"url\":\"https:\/\/www.truzzer.com\/da\/\",\"logo\":{\"@type\":\"ImageObject\",\"inLanguage\":\"da-DK\",\"@id\":\"https:\/\/www.truzzer.com\/da\/#\/schema\/logo\/image\/\",\"url\":\"https:\/\/truzzer.com\/wp-content\/uploads\/2026\/01\/truzzer-logo-black-1.svg\",\"contentUrl\":\"https:\/\/truzzer.com\/wp-content\/uploads\/2026\/01\/truzzer-logo-black-1.svg\",\"width\":938,\"height\":199,\"caption\":\"truzzer\"},\"image\":{\"@id\":\"https:\/\/www.truzzer.com\/da\/#\/schema\/logo\/image\/\"}}]}<\/script>\n<!-- \/ Yoast SEO plugin. -->","yoast_head_json":{"title":"Instagram QR-kode-klistremerke \u201cF\u00f8lg oss\u201d \u2013 run... | truzzer","description":"F\u00e5 flere Instagram-f\u00f8lgere med Instagram QR-kode-klistremerke \u201cF\u00f8lg oss\u201d \u2013 rund (hologram-utgave) fra truzzer. Nem ops\u00e6tning, klar til brug. Bestil nu!","robots":{"index":"index","follow":"follow","max-snippet":"max-snippet:-1","max-image-preview":"max-image-preview:large","max-video-preview":"max-video-preview:-1"},"canonical":"https:\/\/www.truzzer.com\/da\/vare\/instagram-qr-kode-klistremerke-foelg-oss-rund-hologram-utgave\/","og_locale":"da_DK","og_type":"article","og_title":"Instagram QR-kode-klistremerke \u201cF\u00f8lg oss\u201d \u2013 run... | truzzer","og_description":"F\u00e5 flere Instagram-f\u00f8lgere med Instagram QR-kode-klistremerke \u201cF\u00f8lg oss\u201d \u2013 rund (hologram-utgave) fra truzzer. Nem ops\u00e6tning, klar til brug. Bestil nu!","og_url":"https:\/\/www.truzzer.com\/da\/vare\/instagram-qr-kode-klistremerke-foelg-oss-rund-hologram-utgave\/","og_site_name":"truzzer","article_modified_time":"2026-02-13T10:29:25+00:00","og_image":[{"width":1200,"height":1200,"url":"https:\/\/www.truzzer.com\/wp-content\/uploads\/2026\/02\/holo-sticker-round-color-phone-2.jpg","type":"image\/jpeg"}],"twitter_card":"summary_large_image","twitter_misc":{"Estimeret l\u00e6setid":"1 minut"},"schema":{"@context":"https:\/\/schema.org","@graph":[{"@type":"WebPage","@id":"https:\/\/www.truzzer.com\/da\/vare\/instagram-qr-kode-klistremerke-foelg-oss-rund-hologram-utgave\/","url":"https:\/\/www.truzzer.com\/da\/vare\/instagram-qr-kode-klistremerke-foelg-oss-rund-hologram-utgave\/","name":"Instagram QR-kode-klistremerke \u201cF\u00f8lg oss\u201d \u2013 run... | truzzer","isPartOf":{"@id":"https:\/\/www.truzzer.com\/da\/#website"},"primaryImageOfPage":{"@id":"https:\/\/www.truzzer.com\/da\/vare\/instagram-qr-kode-klistremerke-foelg-oss-rund-hologram-utgave\/#primaryimage"},"image":{"@id":"https:\/\/www.truzzer.com\/da\/vare\/instagram-qr-kode-klistremerke-foelg-oss-rund-hologram-utgave\/#primaryimage"},"thumbnailUrl":"https:\/\/www.truzzer.com\/wp-content\/uploads\/2026\/02\/holo-sticker-round-color-phone-2.jpg","datePublished":"2026-02-11T10:12:53+00:00","dateModified":"2026-02-13T10:29:25+00:00","description":"F\u00e5 flere Instagram-f\u00f8lgere med Instagram QR-kode-klistremerke \u201cF\u00f8lg oss\u201d \u2013 rund (hologram-utgave) fra truzzer. Nem ops\u00e6tning, klar til brug. Bestil nu!","breadcrumb":{"@id":"https:\/\/www.truzzer.com\/da\/vare\/instagram-qr-kode-klistremerke-foelg-oss-rund-hologram-utgave\/#breadcrumb"},"inLanguage":"da-DK","potentialAction":[{"@type":"ReadAction","target":["https:\/\/www.truzzer.com\/da\/vare\/instagram-qr-kode-klistremerke-foelg-oss-rund-hologram-utgave\/"]}]},{"@type":"ImageObject","inLanguage":"da-DK","@id":"https:\/\/www.truzzer.com\/da\/vare\/instagram-qr-kode-klistremerke-foelg-oss-rund-hologram-utgave\/#primaryimage","url":"https:\/\/www.truzzer.com\/wp-content\/uploads\/2026\/02\/holo-sticker-round-color-phone-2.jpg","contentUrl":"https:\/\/www.truzzer.com\/wp-content\/uploads\/2026\/02\/holo-sticker-round-color-phone-2.jpg","width":1200,"height":1200},{"@type":"BreadcrumbList","@id":"https:\/\/www.truzzer.com\/da\/vare\/instagram-qr-kode-klistremerke-foelg-oss-rund-hologram-utgave\/#breadcrumb","itemListElement":[{"@type":"ListItem","position":1,"name":"Home","item":"https:\/\/www.truzzer.com\/da\/"},{"@type":"ListItem","position":2,"name":"Butik","item":"https:\/\/www.truzzer.com\/da\/shop\/"},{"@type":"ListItem","position":3,"name":"Instagram QR-kodeklisterm\u00e6rke &#8220;F\u00f8lg os&#8221; \u2013 rund (hologramudgave)"}]},{"@type":"WebSite","@id":"https:\/\/www.truzzer.com\/da\/#website","url":"https:\/\/www.truzzer.com\/da\/","name":"truzzer","description":"Experts for customer trust","publisher":{"@id":"https:\/\/www.truzzer.com\/da\/#organization"},"potentialAction":[{"@type":"SearchAction","target":{"@type":"EntryPoint","urlTemplate":"https:\/\/www.truzzer.com\/da\/?s={search_term_string}"},"query-input":{"@type":"PropertyValueSpecification","valueRequired":true,"valueName":"search_term_string"}}],"inLanguage":"da-DK"},{"@type":"Organization","@id":"https:\/\/www.truzzer.com\/da\/#organization","name":"truzzer","url":"https:\/\/www.truzzer.com\/da\/","logo":{"@type":"ImageObject","inLanguage":"da-DK","@id":"https:\/\/www.truzzer.com\/da\/#\/schema\/logo\/image\/","url":"https:\/\/truzzer.com\/wp-content\/uploads\/2026\/01\/truzzer-logo-black-1.svg","contentUrl":"https:\/\/truzzer.com\/wp-content\/uploads\/2026\/01\/truzzer-logo-black-1.svg","width":938,"height":199,"caption":"truzzer"},"image":{"@id":"https:\/\/www.truzzer.com\/da\/#\/schema\/logo\/image\/"}}]}},"tiered_pricing_type":"fixed","tiered_pricing_fixed_rules":[],"tiered_pricing_product_settings":{"layout":"default","base_unit_name":{"singular":null,"plural":null},"default_variation":null},"tiered_pricing_minimum_quantity":null,"tiered_pricing_roles_data":[],"tiered_pricing_percentage_rules":[],"tiered_pricing_maximum_quantity":null,"tiered_pricing_quantity_step":null,"_links":{"self":[{"href":"https:\/\/www.truzzer.com\/da\/wp-json\/wp\/v2\/product\/102443","targetHints":{"allow":["GET"]}}],"collection":[{"href":"https:\/\/www.truzzer.com\/da\/wp-json\/wp\/v2\/product"}],"about":[{"href":"https:\/\/www.truzzer.com\/da\/wp-json\/wp\/v2\/types\/product"}],"replies":[{"embeddable":true,"href":"https:\/\/www.truzzer.com\/da\/wp-json\/wp\/v2\/comments?post=102443"}],"wp:featuredmedia":[{"embeddable":true,"href":"https:\/\/www.truzzer.com\/da\/wp-json\/wp\/v2\/media\/102444"}],"wp:attachment":[{"href":"https:\/\/www.truzzer.com\/da\/wp-json\/wp\/v2\/media?parent=102443"}],"wp:term":[{"taxonomy":"product_brand","embeddable":true,"href":"https:\/\/www.truzzer.com\/da\/wp-json\/wp\/v2\/product_brand?post=102443"},{"taxonomy":"product_cat","embeddable":true,"href":"https:\/\/www.truzzer.com\/da\/wp-json\/wp\/v2\/product_cat?post=102443"},{"taxonomy":"product_tag","embeddable":true,"href":"https:\/\/www.truzzer.com\/da\/wp-json\/wp\/v2\/product_tag?post=102443"}],"curies":[{"name":"wp","href":"https:\/\/api.w.org\/{rel}","templated":true}]}}