{"id":102475,"date":"2026-02-11T10:12:42","date_gmt":"2026-02-11T10:12:42","guid":{"rendered":"https:\/\/beta.truzzer.com\/product\/instagram-qr-kode-klistremerke-iconic-hologram-edition\/"},"modified":"2026-02-13T10:30:39","modified_gmt":"2026-02-13T10:30:39","slug":"instagram-qr-kode-klistremerke-iconic-hologram-edition","status":"publish","type":"product","link":"https:\/\/www.truzzer.com\/da\/vare\/instagram-qr-kode-klistremerke-iconic-hologram-edition\/","title":{"rendered":"**Instagram QR-kodeklisterm\u00e6rke &#8220;Iconic&#8221; &#8211; Hologram Edition**"},"content":{"rendered":"<p>\n<strong>Instagram QR Code Sticker &#8220;Iconic&#8221; (Hologram Edition)<\/strong> kombinerer moderne design med maksimal synlighed.<br \/>\nTakket v\u00e6re sin holografiske effekt reflekterer klisterm\u00e6rket alle regnbuens farver afh\u00e6ngigt af lyset &#8211; et \u00e6gte blikfang, der skiller sig ud med det samme.\n<\/p>\n<p>\nDin personlige <strong>QR-kode<\/strong> f\u00f8rer kunder direkte til din Instagram-profil.<br \/>\nIngen s\u00f8gning, ingen skrivning &#8211; \u00e9n scanning er alt, der skal til, og du er \u00f8jeblikkeligt til stede p\u00e5 dit publikums smartphone.\n<\/p>\n<p><strong>Fordele p\u00e5 et \u00f8jeblik:<\/strong><\/p>\n<ul>\n<li>\u2728 <strong>Hologramfinish<\/strong> \u2013 et unikt look, der tiltr\u00e6kker alle \u00f8jne.<\/li>\n<li>\ud83d\udcf2 <strong>Med QR-kode<\/strong> \u2014 direkte adgang til din Instagram-profil.<\/li>\n<li>\ud83d\udccd <strong>Fleksibel placering<\/strong> \u2014 til butiksvinduer, d\u00f8re, spejle, kasseomr\u00e5der, produktemballage eller begivenheder.<\/li>\n<li>\ud83d\udccf <strong>F\u00e5s i tre st\u00f8rrelser<\/strong> \u2014 9,5 cm, 14,8 cm, 21 cm.<\/li>\n<li>\ud83c\udde9\ud83c\uddea <strong>Premium kvalitet<\/strong> \u2014 robust, vejrbestandig og produceret i Tyskland.<\/li>\n<\/ul>\n<p>\nUanset om det er i detailhandel, g\u00e6stfrihed, studier eller til begivenheder &#8211; dette klisterm\u00e6rke hj\u00e6lper din Instagram-profil til at skille sig ud.\n<\/p>\n<p>\n\u2705 <strong>Den perfekte blanding af stil og amp; funktion for din virksomhed.<\/strong>\n<\/p>\n<h3>Trin 1: Kunden scanner QR-koden<\/h3>\n<p>\nFor at f\u00f8lge dig scanner kunden blot QR-koden. Det eneste, de skal g\u00f8re, er at pege deres smartphone-kamera mod klisterm\u00e6rket.\n<\/p>\n<p>\n<img decoding=\"async\" class=\"alignnone wp-image-13588 size-full\" src=\"https:\/\/truzzer.de\/wp-content\/uploads\/2020\/12\/truzzer-so-gehts-instagram-scan-11.jpg\" alt=\"\" width=\"1200\" \/ height=\"7\"\n<\/p>\n<p>\nBagefter vises en pop-up p\u00e5 sk\u00e6rmen (iPhone) eller et QR kodeikon vises (Android \/ Google smartphones).\n<\/p>\n<h3>Trin 2: Kunden f\u00f8res direkte til din Instagram-profil<\/h3>\n<p>\nInstagram \u00e5bner, og kunden kan f\u00f8lge dig med det samme &#8211; s\u00e5 enkelt.\n<\/p>\n<p>\n<img decoding=\"async\" class=\"alignleft wp-image-13589 size-full\" src=\"https:\/\/truzzer.de\/wp-content\/uploads\/2020\/12\/truzzer-so-gehts-instagram-scan-1.jpg\" alt=\"\" width=\"1200\" \/>=&#8221;7920&#8243;\n<\/p>\n<p><strong>Bem\u00e6rk:<\/strong><\/p>\n<p>\nHusk, at en Instagram-profil er p\u00e5kr\u00e6vet for at f\u00e5 f\u00f8lgere.<\/p>\n","protected":false},"excerpt":{"rendered":"<p>\nS\u00e6t din Instagram i s\u00f8gelyset!<br \/>\nMed <strong>Instagram Iconic Hologram Sticker<\/strong> f\u00e5r du det ultimative blikfang til din virksomhed.<br \/>\nDet holografiske design sikrer maksimal opm\u00e6rksomhed &#8211; og selvf\u00f8lgelig fungerer din QR-kode p\u00e5lideligt.<br \/>\nPerfekt til <strong>udstillingsvinduer, d\u00f8re, spejle, diske, emballage &amp; begivenheder<\/strong>.\n<\/p>\n<p>\nF\u00e5s i <strong>3 st\u00f8rrelser<\/strong>: 9,5 cm, 14,8 cm, 21 cm.<\/p>\n","protected":false},"featured_media":102476,"comment_status":"open","ping_status":"closed","template":"","meta":{"_acf_changed":false,"_yoast_wpseo_focuskw":"Instagram QR-kode Klisterm\u00e6rke","_yoast_wpseo_title":"Instagram QR-kode-klistremerke \u201cIconic\u201d \u2013 Holog... | truzzer","_yoast_wpseo_metadesc":"F\u00e5 flere Instagram-f\u00f8lgere med Instagram QR-kode-klistremerke \u201cIconic\u201d \u2013 Hologram Edition fra truzzer. Nem ops\u00e6tning, klar til brug. Bestil nu!"},"product_brand":[1624],"product_cat":[732,835,836,821],"product_tag":[],"class_list":{"0":"post-102475","1":"product","2":"type-product","3":"status-publish","4":"has-post-thumbnail","6":"product_brand-instagram","7":"product_cat-google-anmeldelse-kort","8":"product_cat-instagram-folgere-klistermaerker","9":"product_cat-instagram-folgere-klistermaerker-med-qr-kode","10":"product_cat-instagram-folgere-produkter","11":"pa_material-vinyl","12":"pa_product-type-klistermaerke","13":"pa_shape-rond","14":"pa_technology-qr-kode","16":"first","17":"instock","18":"taxable","19":"shipping-taxable","20":"purchasable","21":"product-type-variable","22":"has-default-attributes"},"acf":[],"yoast_head":"<!-- This site is optimized with the Yoast SEO plugin v27.0 - https:\/\/yoast.com\/product\/yoast-seo-wordpress\/ -->\n<title>Instagram QR-kode-klistremerke \u201cIconic\u201d \u2013 Holog... | truzzer<\/title>\n<meta name=\"description\" content=\"F\u00e5 flere Instagram-f\u00f8lgere med Instagram QR-kode-klistremerke \u201cIconic\u201d \u2013 Hologram Edition fra truzzer. Nem ops\u00e6tning, klar til brug. Bestil nu!\" \/>\n<meta name=\"robots\" content=\"index, follow, max-snippet:-1, max-image-preview:large, max-video-preview:-1\" \/>\n<link rel=\"canonical\" href=\"https:\/\/www.truzzer.com\/da\/vare\/instagram-qr-kode-klistremerke-iconic-hologram-edition\/\" \/>\n<meta property=\"og:locale\" content=\"da_DK\" \/>\n<meta property=\"og:type\" content=\"article\" \/>\n<meta property=\"og:title\" content=\"Instagram QR-kode-klistremerke \u201cIconic\u201d \u2013 Holog... | truzzer\" \/>\n<meta property=\"og:description\" content=\"F\u00e5 flere Instagram-f\u00f8lgere med Instagram QR-kode-klistremerke \u201cIconic\u201d \u2013 Hologram Edition fra truzzer. Nem ops\u00e6tning, klar til brug. Bestil nu!\" \/>\n<meta property=\"og:url\" content=\"https:\/\/www.truzzer.com\/da\/vare\/instagram-qr-kode-klistremerke-iconic-hologram-edition\/\" \/>\n<meta property=\"og:site_name\" content=\"truzzer\" \/>\n<meta property=\"article:modified_time\" content=\"2026-02-13T10:30:39+00:00\" \/>\n<meta property=\"og:image\" content=\"https:\/\/www.truzzer.com\/wp-content\/uploads\/2026\/02\/holo-sticker-icon-phone-3.jpg\" \/>\n\t<meta property=\"og:image:width\" content=\"1200\" \/>\n\t<meta property=\"og:image:height\" content=\"1200\" \/>\n\t<meta property=\"og:image:type\" content=\"image\/jpeg\" \/>\n<meta name=\"twitter:card\" content=\"summary_large_image\" \/>\n<meta name=\"twitter:label1\" content=\"Estimeret l\u00e6setid\" \/>\n\t<meta name=\"twitter:data1\" content=\"1 minut\" \/>\n<script type=\"application\/ld+json\" class=\"yoast-schema-graph\">{\"@context\":\"https:\/\/schema.org\",\"@graph\":[{\"@type\":\"WebPage\",\"@id\":\"https:\/\/www.truzzer.com\/da\/vare\/instagram-qr-kode-klistremerke-iconic-hologram-edition\/\",\"url\":\"https:\/\/www.truzzer.com\/da\/vare\/instagram-qr-kode-klistremerke-iconic-hologram-edition\/\",\"name\":\"Instagram QR-kode-klistremerke \u201cIconic\u201d \u2013 Holog... | truzzer\",\"isPartOf\":{\"@id\":\"https:\/\/www.truzzer.com\/da\/#website\"},\"primaryImageOfPage\":{\"@id\":\"https:\/\/www.truzzer.com\/da\/vare\/instagram-qr-kode-klistremerke-iconic-hologram-edition\/#primaryimage\"},\"image\":{\"@id\":\"https:\/\/www.truzzer.com\/da\/vare\/instagram-qr-kode-klistremerke-iconic-hologram-edition\/#primaryimage\"},\"thumbnailUrl\":\"https:\/\/www.truzzer.com\/wp-content\/uploads\/2026\/02\/holo-sticker-icon-phone-3.jpg\",\"datePublished\":\"2026-02-11T10:12:42+00:00\",\"dateModified\":\"2026-02-13T10:30:39+00:00\",\"description\":\"F\u00e5 flere Instagram-f\u00f8lgere med Instagram QR-kode-klistremerke \u201cIconic\u201d \u2013 Hologram Edition fra truzzer. Nem ops\u00e6tning, klar til brug. Bestil nu!\",\"breadcrumb\":{\"@id\":\"https:\/\/www.truzzer.com\/da\/vare\/instagram-qr-kode-klistremerke-iconic-hologram-edition\/#breadcrumb\"},\"inLanguage\":\"da-DK\",\"potentialAction\":[{\"@type\":\"ReadAction\",\"target\":[\"https:\/\/www.truzzer.com\/da\/vare\/instagram-qr-kode-klistremerke-iconic-hologram-edition\/\"]}]},{\"@type\":\"ImageObject\",\"inLanguage\":\"da-DK\",\"@id\":\"https:\/\/www.truzzer.com\/da\/vare\/instagram-qr-kode-klistremerke-iconic-hologram-edition\/#primaryimage\",\"url\":\"https:\/\/www.truzzer.com\/wp-content\/uploads\/2026\/02\/holo-sticker-icon-phone-3.jpg\",\"contentUrl\":\"https:\/\/www.truzzer.com\/wp-content\/uploads\/2026\/02\/holo-sticker-icon-phone-3.jpg\",\"width\":1200,\"height\":1200},{\"@type\":\"BreadcrumbList\",\"@id\":\"https:\/\/www.truzzer.com\/da\/vare\/instagram-qr-kode-klistremerke-iconic-hologram-edition\/#breadcrumb\",\"itemListElement\":[{\"@type\":\"ListItem\",\"position\":1,\"name\":\"Home\",\"item\":\"https:\/\/www.truzzer.com\/da\/\"},{\"@type\":\"ListItem\",\"position\":2,\"name\":\"Butik\",\"item\":\"https:\/\/www.truzzer.com\/da\/shop\/\"},{\"@type\":\"ListItem\",\"position\":3,\"name\":\"**Instagram QR-kodeklisterm\u00e6rke &#8220;Iconic&#8221; &#8211; Hologram Edition**\"}]},{\"@type\":\"WebSite\",\"@id\":\"https:\/\/www.truzzer.com\/da\/#website\",\"url\":\"https:\/\/www.truzzer.com\/da\/\",\"name\":\"truzzer\",\"description\":\"Experts for customer trust\",\"publisher\":{\"@id\":\"https:\/\/www.truzzer.com\/da\/#organization\"},\"potentialAction\":[{\"@type\":\"SearchAction\",\"target\":{\"@type\":\"EntryPoint\",\"urlTemplate\":\"https:\/\/www.truzzer.com\/da\/?s={search_term_string}\"},\"query-input\":{\"@type\":\"PropertyValueSpecification\",\"valueRequired\":true,\"valueName\":\"search_term_string\"}}],\"inLanguage\":\"da-DK\"},{\"@type\":\"Organization\",\"@id\":\"https:\/\/www.truzzer.com\/da\/#organization\",\"name\":\"truzzer\",\"url\":\"https:\/\/www.truzzer.com\/da\/\",\"logo\":{\"@type\":\"ImageObject\",\"inLanguage\":\"da-DK\",\"@id\":\"https:\/\/www.truzzer.com\/da\/#\/schema\/logo\/image\/\",\"url\":\"https:\/\/truzzer.com\/wp-content\/uploads\/2026\/01\/truzzer-logo-black-1.svg\",\"contentUrl\":\"https:\/\/truzzer.com\/wp-content\/uploads\/2026\/01\/truzzer-logo-black-1.svg\",\"width\":938,\"height\":199,\"caption\":\"truzzer\"},\"image\":{\"@id\":\"https:\/\/www.truzzer.com\/da\/#\/schema\/logo\/image\/\"}}]}<\/script>\n<!-- \/ Yoast SEO plugin. -->","yoast_head_json":{"title":"Instagram QR-kode-klistremerke \u201cIconic\u201d \u2013 Holog... | truzzer","description":"F\u00e5 flere Instagram-f\u00f8lgere med Instagram QR-kode-klistremerke \u201cIconic\u201d \u2013 Hologram Edition fra truzzer. Nem ops\u00e6tning, klar til brug. Bestil nu!","robots":{"index":"index","follow":"follow","max-snippet":"max-snippet:-1","max-image-preview":"max-image-preview:large","max-video-preview":"max-video-preview:-1"},"canonical":"https:\/\/www.truzzer.com\/da\/vare\/instagram-qr-kode-klistremerke-iconic-hologram-edition\/","og_locale":"da_DK","og_type":"article","og_title":"Instagram QR-kode-klistremerke \u201cIconic\u201d \u2013 Holog... | truzzer","og_description":"F\u00e5 flere Instagram-f\u00f8lgere med Instagram QR-kode-klistremerke \u201cIconic\u201d \u2013 Hologram Edition fra truzzer. Nem ops\u00e6tning, klar til brug. Bestil nu!","og_url":"https:\/\/www.truzzer.com\/da\/vare\/instagram-qr-kode-klistremerke-iconic-hologram-edition\/","og_site_name":"truzzer","article_modified_time":"2026-02-13T10:30:39+00:00","og_image":[{"width":1200,"height":1200,"url":"https:\/\/www.truzzer.com\/wp-content\/uploads\/2026\/02\/holo-sticker-icon-phone-3.jpg","type":"image\/jpeg"}],"twitter_card":"summary_large_image","twitter_misc":{"Estimeret l\u00e6setid":"1 minut"},"schema":{"@context":"https:\/\/schema.org","@graph":[{"@type":"WebPage","@id":"https:\/\/www.truzzer.com\/da\/vare\/instagram-qr-kode-klistremerke-iconic-hologram-edition\/","url":"https:\/\/www.truzzer.com\/da\/vare\/instagram-qr-kode-klistremerke-iconic-hologram-edition\/","name":"Instagram QR-kode-klistremerke \u201cIconic\u201d \u2013 Holog... | truzzer","isPartOf":{"@id":"https:\/\/www.truzzer.com\/da\/#website"},"primaryImageOfPage":{"@id":"https:\/\/www.truzzer.com\/da\/vare\/instagram-qr-kode-klistremerke-iconic-hologram-edition\/#primaryimage"},"image":{"@id":"https:\/\/www.truzzer.com\/da\/vare\/instagram-qr-kode-klistremerke-iconic-hologram-edition\/#primaryimage"},"thumbnailUrl":"https:\/\/www.truzzer.com\/wp-content\/uploads\/2026\/02\/holo-sticker-icon-phone-3.jpg","datePublished":"2026-02-11T10:12:42+00:00","dateModified":"2026-02-13T10:30:39+00:00","description":"F\u00e5 flere Instagram-f\u00f8lgere med Instagram QR-kode-klistremerke \u201cIconic\u201d \u2013 Hologram Edition fra truzzer. Nem ops\u00e6tning, klar til brug. Bestil nu!","breadcrumb":{"@id":"https:\/\/www.truzzer.com\/da\/vare\/instagram-qr-kode-klistremerke-iconic-hologram-edition\/#breadcrumb"},"inLanguage":"da-DK","potentialAction":[{"@type":"ReadAction","target":["https:\/\/www.truzzer.com\/da\/vare\/instagram-qr-kode-klistremerke-iconic-hologram-edition\/"]}]},{"@type":"ImageObject","inLanguage":"da-DK","@id":"https:\/\/www.truzzer.com\/da\/vare\/instagram-qr-kode-klistremerke-iconic-hologram-edition\/#primaryimage","url":"https:\/\/www.truzzer.com\/wp-content\/uploads\/2026\/02\/holo-sticker-icon-phone-3.jpg","contentUrl":"https:\/\/www.truzzer.com\/wp-content\/uploads\/2026\/02\/holo-sticker-icon-phone-3.jpg","width":1200,"height":1200},{"@type":"BreadcrumbList","@id":"https:\/\/www.truzzer.com\/da\/vare\/instagram-qr-kode-klistremerke-iconic-hologram-edition\/#breadcrumb","itemListElement":[{"@type":"ListItem","position":1,"name":"Home","item":"https:\/\/www.truzzer.com\/da\/"},{"@type":"ListItem","position":2,"name":"Butik","item":"https:\/\/www.truzzer.com\/da\/shop\/"},{"@type":"ListItem","position":3,"name":"**Instagram QR-kodeklisterm\u00e6rke &#8220;Iconic&#8221; &#8211; Hologram Edition**"}]},{"@type":"WebSite","@id":"https:\/\/www.truzzer.com\/da\/#website","url":"https:\/\/www.truzzer.com\/da\/","name":"truzzer","description":"Experts for customer trust","publisher":{"@id":"https:\/\/www.truzzer.com\/da\/#organization"},"potentialAction":[{"@type":"SearchAction","target":{"@type":"EntryPoint","urlTemplate":"https:\/\/www.truzzer.com\/da\/?s={search_term_string}"},"query-input":{"@type":"PropertyValueSpecification","valueRequired":true,"valueName":"search_term_string"}}],"inLanguage":"da-DK"},{"@type":"Organization","@id":"https:\/\/www.truzzer.com\/da\/#organization","name":"truzzer","url":"https:\/\/www.truzzer.com\/da\/","logo":{"@type":"ImageObject","inLanguage":"da-DK","@id":"https:\/\/www.truzzer.com\/da\/#\/schema\/logo\/image\/","url":"https:\/\/truzzer.com\/wp-content\/uploads\/2026\/01\/truzzer-logo-black-1.svg","contentUrl":"https:\/\/truzzer.com\/wp-content\/uploads\/2026\/01\/truzzer-logo-black-1.svg","width":938,"height":199,"caption":"truzzer"},"image":{"@id":"https:\/\/www.truzzer.com\/da\/#\/schema\/logo\/image\/"}}]}},"tiered_pricing_type":"fixed","tiered_pricing_fixed_rules":[],"tiered_pricing_product_settings":{"layout":"default","base_unit_name":{"singular":null,"plural":null},"default_variation":null},"tiered_pricing_minimum_quantity":null,"tiered_pricing_roles_data":[],"tiered_pricing_percentage_rules":[],"tiered_pricing_maximum_quantity":null,"tiered_pricing_quantity_step":null,"_links":{"self":[{"href":"https:\/\/www.truzzer.com\/da\/wp-json\/wp\/v2\/product\/102475","targetHints":{"allow":["GET"]}}],"collection":[{"href":"https:\/\/www.truzzer.com\/da\/wp-json\/wp\/v2\/product"}],"about":[{"href":"https:\/\/www.truzzer.com\/da\/wp-json\/wp\/v2\/types\/product"}],"replies":[{"embeddable":true,"href":"https:\/\/www.truzzer.com\/da\/wp-json\/wp\/v2\/comments?post=102475"}],"wp:featuredmedia":[{"embeddable":true,"href":"https:\/\/www.truzzer.com\/da\/wp-json\/wp\/v2\/media\/102476"}],"wp:attachment":[{"href":"https:\/\/www.truzzer.com\/da\/wp-json\/wp\/v2\/media?parent=102475"}],"wp:term":[{"taxonomy":"product_brand","embeddable":true,"href":"https:\/\/www.truzzer.com\/da\/wp-json\/wp\/v2\/product_brand?post=102475"},{"taxonomy":"product_cat","embeddable":true,"href":"https:\/\/www.truzzer.com\/da\/wp-json\/wp\/v2\/product_cat?post=102475"},{"taxonomy":"product_tag","embeddable":true,"href":"https:\/\/www.truzzer.com\/da\/wp-json\/wp\/v2\/product_tag?post=102475"}],"curies":[{"name":"wp","href":"https:\/\/api.w.org\/{rel}","templated":true}]}}