{"id":102567,"date":"2026-02-11T10:13:14","date_gmt":"2026-02-11T10:13:14","guid":{"rendered":"https:\/\/beta.truzzer.com\/product\/tiktok-follower-qr-code-sticker-label-roll-mer-rekkevidde-med-qr-klistremerker\/"},"modified":"2026-02-13T10:26:58","modified_gmt":"2026-02-13T10:26:58","slug":"tiktok-follower-qr-code-sticker-label-roll-mer-rekkevidde-med-qr-klistremerker","status":"publish","type":"product","link":"https:\/\/www.truzzer.com\/da\/vare\/tiktok-follower-qr-code-sticker-label-roll-mer-rekkevidde-med-qr-klistremerker\/","title":{"rendered":"TikTok-f\u00f8lger QR-kodem\u00e6rkatetiketrulle \u2013 st\u00f8rre r\u00e6kkevidde med QR-klisterm\u00e6rker"},"content":{"rendered":"<p>\nMed <strong>Instagram Follower QR Code Label Roll<\/strong> g\u00f8r du det nemt for kunder og fans at f\u00f8lge dig p\u00e5 Instagram.<br \/>\nHvert klisterm\u00e6rke indeholder en individuel QR-kode, der linker direkte til din Instagram-profil.<br \/>\nDette hj\u00e6lper dig med at f\u00e5 flere f\u00f8lgere, \u00f8ge din r\u00e6kkevidde og styrke dit f\u00e6llesskab.\n<\/p>\n<p>\nEtiketterne er ekstremt alsidige \u2013 perfekte til <strong>forsendelse af kasser, emballage, fakturaer, butiksdiske eller begivenheder<\/strong>.<br \/>\nDu skal blot skr\u00e6lle, kl\u00e6be og placere dem, hvor de er synlige &#8211; og dine kunder kan finde og f\u00f8lge dig p\u00e5 Instagram med en hurtig scanning.\n<\/p>\n<p><strong>Fordele:<\/strong><\/p>\n<ul>\n<li>N\u00e5 ud til flere mennesker med det samme, og f\u00e5 flere Instagram-tilh\u00e6ngere<\/li>\n<li>Ideel til detailhandlere, restauranter, servicevirksomheder &amp; begivenheder<\/li>\n<li>Velegnet til alle glatte overflader<\/li>\n<li>Fremstillet i Tyskland, f\u00f8rsteklasses printkvalitet<\/li>\n<li>F\u00e5s i tre praktiske st\u00f8rrelser<\/li>\n<\/ul>\n<p>\nMed <strong>Instagram Follower QR Code Labels<\/strong> forbinder du din offlineverden med dit onlinef\u00e6llesskab &#8211; enkelt, moderne og effektivt.<\/p>\n","protected":false},"excerpt":{"rendered":"<p>Ideel til: emballage, fakturaer, detailbutikker, restauranter, begivenheder.<\/p>\n<ul>\n<li>Velegnet til enhver glat overflade<\/li>\n<li>F\u00f8rer direkte til din TikTok-profil<\/li>\n<li>Bare scan &amp; f\u00f8lg<\/li>\n<li>Skr\u00e6ddersyet til din virksomhed<\/li>\n<li>F\u00e5s i tre st\u00f8rrelser<\/li>\n<\/ul>\n","protected":false},"featured_media":102568,"comment_status":"open","ping_status":"closed","template":"","meta":{"_acf_changed":false,"_yoast_wpseo_focuskw":"TikTok QR-kode Klisterm\u00e6rkerulle","_yoast_wpseo_title":"TikTok Follower QR Code Sticker Label Roll \u2013 Me... | truzzer","_yoast_wpseo_metadesc":"Mere TikTok-r\u00e6kkevidde med TikTok Follower QR Code Sticker Label Roll \u2013 Mer rekkevidde med QR-klistremerker fra truzzer. Nem ops\u00e6tning. Bestil nu!"},"product_brand":[1681],"product_cat":[467,1177,618,619],"product_tag":[],"class_list":{"0":"post-102567","1":"product","2":"type-product","3":"status-publish","4":"has-post-thumbnail","6":"product_brand-tiktok","7":"product_cat-qr-kode-klistermaerker","8":"product_cat-qr-kode-klistermaerkeruller","9":"product_cat-tiktok-folgere-produkter","10":"product_cat-tiktok-klistermaerker","11":"pa_material-vinyl","12":"pa_product-type-sticker-roll","13":"pa_shape-rond","14":"pa_technology-qr-kode","16":"first","17":"instock","18":"taxable","19":"shipping-taxable","20":"purchasable","21":"product-type-variable","22":"has-default-attributes"},"acf":[],"yoast_head":"<!-- This site is optimized with the Yoast SEO plugin v27.0 - https:\/\/yoast.com\/product\/yoast-seo-wordpress\/ -->\n<title>TikTok Follower QR Code Sticker Label Roll \u2013 Me... | truzzer<\/title>\n<meta name=\"description\" content=\"Mere TikTok-r\u00e6kkevidde med TikTok Follower QR Code Sticker Label Roll \u2013 Mer rekkevidde med QR-klistremerker fra truzzer. Nem ops\u00e6tning. Bestil nu!\" \/>\n<meta name=\"robots\" content=\"index, follow, max-snippet:-1, max-image-preview:large, max-video-preview:-1\" \/>\n<link rel=\"canonical\" href=\"https:\/\/www.truzzer.com\/da\/vare\/tiktok-follower-qr-code-sticker-label-roll-mer-rekkevidde-med-qr-klistremerker\/\" \/>\n<meta property=\"og:locale\" content=\"da_DK\" \/>\n<meta property=\"og:type\" content=\"article\" \/>\n<meta property=\"og:title\" content=\"TikTok Follower QR Code Sticker Label Roll \u2013 Me... | truzzer\" \/>\n<meta property=\"og:description\" content=\"Mere TikTok-r\u00e6kkevidde med TikTok Follower QR Code Sticker Label Roll \u2013 Mer rekkevidde med QR-klistremerker fra truzzer. Nem ops\u00e6tning. Bestil nu!\" \/>\n<meta property=\"og:url\" content=\"https:\/\/www.truzzer.com\/da\/vare\/tiktok-follower-qr-code-sticker-label-roll-mer-rekkevidde-med-qr-klistremerker\/\" \/>\n<meta property=\"og:site_name\" content=\"truzzer\" \/>\n<meta property=\"article:modified_time\" content=\"2026-02-13T10:26:58+00:00\" \/>\n<meta property=\"og:image\" content=\"https:\/\/www.truzzer.com\/wp-content\/uploads\/2026\/02\/tiktok-sticker-roll-3-2.jpg\" \/>\n\t<meta property=\"og:image:width\" content=\"1400\" \/>\n\t<meta property=\"og:image:height\" content=\"1400\" \/>\n\t<meta property=\"og:image:type\" content=\"image\/jpeg\" \/>\n<meta name=\"twitter:card\" content=\"summary_large_image\" \/>\n<meta name=\"twitter:label1\" content=\"Estimeret l\u00e6setid\" \/>\n\t<meta name=\"twitter:data1\" content=\"1 minut\" \/>\n<script type=\"application\/ld+json\" class=\"yoast-schema-graph\">{\"@context\":\"https:\/\/schema.org\",\"@graph\":[{\"@type\":\"WebPage\",\"@id\":\"https:\/\/www.truzzer.com\/da\/vare\/tiktok-follower-qr-code-sticker-label-roll-mer-rekkevidde-med-qr-klistremerker\/\",\"url\":\"https:\/\/www.truzzer.com\/da\/vare\/tiktok-follower-qr-code-sticker-label-roll-mer-rekkevidde-med-qr-klistremerker\/\",\"name\":\"TikTok Follower QR Code Sticker Label Roll \u2013 Me... | truzzer\",\"isPartOf\":{\"@id\":\"https:\/\/www.truzzer.com\/da\/#website\"},\"primaryImageOfPage\":{\"@id\":\"https:\/\/www.truzzer.com\/da\/vare\/tiktok-follower-qr-code-sticker-label-roll-mer-rekkevidde-med-qr-klistremerker\/#primaryimage\"},\"image\":{\"@id\":\"https:\/\/www.truzzer.com\/da\/vare\/tiktok-follower-qr-code-sticker-label-roll-mer-rekkevidde-med-qr-klistremerker\/#primaryimage\"},\"thumbnailUrl\":\"https:\/\/www.truzzer.com\/wp-content\/uploads\/2026\/02\/tiktok-sticker-roll-3-2.jpg\",\"datePublished\":\"2026-02-11T10:13:14+00:00\",\"dateModified\":\"2026-02-13T10:26:58+00:00\",\"description\":\"Mere TikTok-r\u00e6kkevidde med TikTok Follower QR Code Sticker Label Roll \u2013 Mer rekkevidde med QR-klistremerker fra truzzer. Nem ops\u00e6tning. Bestil nu!\",\"breadcrumb\":{\"@id\":\"https:\/\/www.truzzer.com\/da\/vare\/tiktok-follower-qr-code-sticker-label-roll-mer-rekkevidde-med-qr-klistremerker\/#breadcrumb\"},\"inLanguage\":\"da-DK\",\"potentialAction\":[{\"@type\":\"ReadAction\",\"target\":[\"https:\/\/www.truzzer.com\/da\/vare\/tiktok-follower-qr-code-sticker-label-roll-mer-rekkevidde-med-qr-klistremerker\/\"]}]},{\"@type\":\"ImageObject\",\"inLanguage\":\"da-DK\",\"@id\":\"https:\/\/www.truzzer.com\/da\/vare\/tiktok-follower-qr-code-sticker-label-roll-mer-rekkevidde-med-qr-klistremerker\/#primaryimage\",\"url\":\"https:\/\/www.truzzer.com\/wp-content\/uploads\/2026\/02\/tiktok-sticker-roll-3-2.jpg\",\"contentUrl\":\"https:\/\/www.truzzer.com\/wp-content\/uploads\/2026\/02\/tiktok-sticker-roll-3-2.jpg\",\"width\":1400,\"height\":1400},{\"@type\":\"BreadcrumbList\",\"@id\":\"https:\/\/www.truzzer.com\/da\/vare\/tiktok-follower-qr-code-sticker-label-roll-mer-rekkevidde-med-qr-klistremerker\/#breadcrumb\",\"itemListElement\":[{\"@type\":\"ListItem\",\"position\":1,\"name\":\"Home\",\"item\":\"https:\/\/www.truzzer.com\/da\/\"},{\"@type\":\"ListItem\",\"position\":2,\"name\":\"Butik\",\"item\":\"https:\/\/www.truzzer.com\/da\/shop\/\"},{\"@type\":\"ListItem\",\"position\":3,\"name\":\"TikTok-f\u00f8lger QR-kodem\u00e6rkatetiketrulle \u2013 st\u00f8rre r\u00e6kkevidde med QR-klisterm\u00e6rker\"}]},{\"@type\":\"WebSite\",\"@id\":\"https:\/\/www.truzzer.com\/da\/#website\",\"url\":\"https:\/\/www.truzzer.com\/da\/\",\"name\":\"truzzer\",\"description\":\"Experts for customer trust\",\"publisher\":{\"@id\":\"https:\/\/www.truzzer.com\/da\/#organization\"},\"potentialAction\":[{\"@type\":\"SearchAction\",\"target\":{\"@type\":\"EntryPoint\",\"urlTemplate\":\"https:\/\/www.truzzer.com\/da\/?s={search_term_string}\"},\"query-input\":{\"@type\":\"PropertyValueSpecification\",\"valueRequired\":true,\"valueName\":\"search_term_string\"}}],\"inLanguage\":\"da-DK\"},{\"@type\":\"Organization\",\"@id\":\"https:\/\/www.truzzer.com\/da\/#organization\",\"name\":\"truzzer\",\"url\":\"https:\/\/www.truzzer.com\/da\/\",\"logo\":{\"@type\":\"ImageObject\",\"inLanguage\":\"da-DK\",\"@id\":\"https:\/\/www.truzzer.com\/da\/#\/schema\/logo\/image\/\",\"url\":\"https:\/\/truzzer.com\/wp-content\/uploads\/2026\/01\/truzzer-logo-black-1.svg\",\"contentUrl\":\"https:\/\/truzzer.com\/wp-content\/uploads\/2026\/01\/truzzer-logo-black-1.svg\",\"width\":938,\"height\":199,\"caption\":\"truzzer\"},\"image\":{\"@id\":\"https:\/\/www.truzzer.com\/da\/#\/schema\/logo\/image\/\"}}]}<\/script>\n<!-- \/ Yoast SEO plugin. -->","yoast_head_json":{"title":"TikTok Follower QR Code Sticker Label Roll \u2013 Me... | truzzer","description":"Mere TikTok-r\u00e6kkevidde med TikTok Follower QR Code Sticker Label Roll \u2013 Mer rekkevidde med QR-klistremerker fra truzzer. Nem ops\u00e6tning. Bestil nu!","robots":{"index":"index","follow":"follow","max-snippet":"max-snippet:-1","max-image-preview":"max-image-preview:large","max-video-preview":"max-video-preview:-1"},"canonical":"https:\/\/www.truzzer.com\/da\/vare\/tiktok-follower-qr-code-sticker-label-roll-mer-rekkevidde-med-qr-klistremerker\/","og_locale":"da_DK","og_type":"article","og_title":"TikTok Follower QR Code Sticker Label Roll \u2013 Me... | truzzer","og_description":"Mere TikTok-r\u00e6kkevidde med TikTok Follower QR Code Sticker Label Roll \u2013 Mer rekkevidde med QR-klistremerker fra truzzer. Nem ops\u00e6tning. Bestil nu!","og_url":"https:\/\/www.truzzer.com\/da\/vare\/tiktok-follower-qr-code-sticker-label-roll-mer-rekkevidde-med-qr-klistremerker\/","og_site_name":"truzzer","article_modified_time":"2026-02-13T10:26:58+00:00","og_image":[{"width":1400,"height":1400,"url":"https:\/\/www.truzzer.com\/wp-content\/uploads\/2026\/02\/tiktok-sticker-roll-3-2.jpg","type":"image\/jpeg"}],"twitter_card":"summary_large_image","twitter_misc":{"Estimeret l\u00e6setid":"1 minut"},"schema":{"@context":"https:\/\/schema.org","@graph":[{"@type":"WebPage","@id":"https:\/\/www.truzzer.com\/da\/vare\/tiktok-follower-qr-code-sticker-label-roll-mer-rekkevidde-med-qr-klistremerker\/","url":"https:\/\/www.truzzer.com\/da\/vare\/tiktok-follower-qr-code-sticker-label-roll-mer-rekkevidde-med-qr-klistremerker\/","name":"TikTok Follower QR Code Sticker Label Roll \u2013 Me... | truzzer","isPartOf":{"@id":"https:\/\/www.truzzer.com\/da\/#website"},"primaryImageOfPage":{"@id":"https:\/\/www.truzzer.com\/da\/vare\/tiktok-follower-qr-code-sticker-label-roll-mer-rekkevidde-med-qr-klistremerker\/#primaryimage"},"image":{"@id":"https:\/\/www.truzzer.com\/da\/vare\/tiktok-follower-qr-code-sticker-label-roll-mer-rekkevidde-med-qr-klistremerker\/#primaryimage"},"thumbnailUrl":"https:\/\/www.truzzer.com\/wp-content\/uploads\/2026\/02\/tiktok-sticker-roll-3-2.jpg","datePublished":"2026-02-11T10:13:14+00:00","dateModified":"2026-02-13T10:26:58+00:00","description":"Mere TikTok-r\u00e6kkevidde med TikTok Follower QR Code Sticker Label Roll \u2013 Mer rekkevidde med QR-klistremerker fra truzzer. Nem ops\u00e6tning. Bestil nu!","breadcrumb":{"@id":"https:\/\/www.truzzer.com\/da\/vare\/tiktok-follower-qr-code-sticker-label-roll-mer-rekkevidde-med-qr-klistremerker\/#breadcrumb"},"inLanguage":"da-DK","potentialAction":[{"@type":"ReadAction","target":["https:\/\/www.truzzer.com\/da\/vare\/tiktok-follower-qr-code-sticker-label-roll-mer-rekkevidde-med-qr-klistremerker\/"]}]},{"@type":"ImageObject","inLanguage":"da-DK","@id":"https:\/\/www.truzzer.com\/da\/vare\/tiktok-follower-qr-code-sticker-label-roll-mer-rekkevidde-med-qr-klistremerker\/#primaryimage","url":"https:\/\/www.truzzer.com\/wp-content\/uploads\/2026\/02\/tiktok-sticker-roll-3-2.jpg","contentUrl":"https:\/\/www.truzzer.com\/wp-content\/uploads\/2026\/02\/tiktok-sticker-roll-3-2.jpg","width":1400,"height":1400},{"@type":"BreadcrumbList","@id":"https:\/\/www.truzzer.com\/da\/vare\/tiktok-follower-qr-code-sticker-label-roll-mer-rekkevidde-med-qr-klistremerker\/#breadcrumb","itemListElement":[{"@type":"ListItem","position":1,"name":"Home","item":"https:\/\/www.truzzer.com\/da\/"},{"@type":"ListItem","position":2,"name":"Butik","item":"https:\/\/www.truzzer.com\/da\/shop\/"},{"@type":"ListItem","position":3,"name":"TikTok-f\u00f8lger QR-kodem\u00e6rkatetiketrulle \u2013 st\u00f8rre r\u00e6kkevidde med QR-klisterm\u00e6rker"}]},{"@type":"WebSite","@id":"https:\/\/www.truzzer.com\/da\/#website","url":"https:\/\/www.truzzer.com\/da\/","name":"truzzer","description":"Experts for customer trust","publisher":{"@id":"https:\/\/www.truzzer.com\/da\/#organization"},"potentialAction":[{"@type":"SearchAction","target":{"@type":"EntryPoint","urlTemplate":"https:\/\/www.truzzer.com\/da\/?s={search_term_string}"},"query-input":{"@type":"PropertyValueSpecification","valueRequired":true,"valueName":"search_term_string"}}],"inLanguage":"da-DK"},{"@type":"Organization","@id":"https:\/\/www.truzzer.com\/da\/#organization","name":"truzzer","url":"https:\/\/www.truzzer.com\/da\/","logo":{"@type":"ImageObject","inLanguage":"da-DK","@id":"https:\/\/www.truzzer.com\/da\/#\/schema\/logo\/image\/","url":"https:\/\/truzzer.com\/wp-content\/uploads\/2026\/01\/truzzer-logo-black-1.svg","contentUrl":"https:\/\/truzzer.com\/wp-content\/uploads\/2026\/01\/truzzer-logo-black-1.svg","width":938,"height":199,"caption":"truzzer"},"image":{"@id":"https:\/\/www.truzzer.com\/da\/#\/schema\/logo\/image\/"}}]}},"tiered_pricing_type":"fixed","tiered_pricing_fixed_rules":[],"tiered_pricing_product_settings":{"layout":"default","base_unit_name":{"singular":null,"plural":null},"default_variation":null},"tiered_pricing_minimum_quantity":null,"tiered_pricing_roles_data":[],"tiered_pricing_percentage_rules":[],"tiered_pricing_maximum_quantity":null,"tiered_pricing_quantity_step":null,"_links":{"self":[{"href":"https:\/\/www.truzzer.com\/da\/wp-json\/wp\/v2\/product\/102567","targetHints":{"allow":["GET"]}}],"collection":[{"href":"https:\/\/www.truzzer.com\/da\/wp-json\/wp\/v2\/product"}],"about":[{"href":"https:\/\/www.truzzer.com\/da\/wp-json\/wp\/v2\/types\/product"}],"replies":[{"embeddable":true,"href":"https:\/\/www.truzzer.com\/da\/wp-json\/wp\/v2\/comments?post=102567"}],"wp:featuredmedia":[{"embeddable":true,"href":"https:\/\/www.truzzer.com\/da\/wp-json\/wp\/v2\/media\/102568"}],"wp:attachment":[{"href":"https:\/\/www.truzzer.com\/da\/wp-json\/wp\/v2\/media?parent=102567"}],"wp:term":[{"taxonomy":"product_brand","embeddable":true,"href":"https:\/\/www.truzzer.com\/da\/wp-json\/wp\/v2\/product_brand?post=102567"},{"taxonomy":"product_cat","embeddable":true,"href":"https:\/\/www.truzzer.com\/da\/wp-json\/wp\/v2\/product_cat?post=102567"},{"taxonomy":"product_tag","embeddable":true,"href":"https:\/\/www.truzzer.com\/da\/wp-json\/wp\/v2\/product_tag?post=102567"}],"curies":[{"name":"wp","href":"https:\/\/api.w.org\/{rel}","templated":true}]}}