{"id":102623,"date":"2026-02-11T10:13:03","date_gmt":"2026-02-11T10:13:03","guid":{"rendered":"https:\/\/beta.truzzer.com\/product\/instagram-follower-qr-code-sticker-label-roll\/"},"modified":"2026-02-13T10:28:13","modified_gmt":"2026-02-13T10:28:13","slug":"instagram-follower-qr-code-sticker-label-roll","status":"publish","type":"product","link":"https:\/\/www.truzzer.com\/da\/vare\/instagram-follower-qr-code-sticker-label-roll\/","title":{"rendered":"Instagram Follower QR Code Sticker Label Roll"},"content":{"rendered":"<p>\nMed <strong>Instagram Follower QR Code Sticker Label Roll<\/strong> g\u00f8r du det nemt for kunder og fans at f\u00f8lge dig p\u00e5 Instagram.<br \/>\nHvert klisterm\u00e6rke har en individuel QR-kode, der linker direkte til din Instagram-profil.<br \/>\nDette hj\u00e6lper dig med at f\u00e5 flere f\u00f8lgere, \u00f8ge din r\u00e6kkevidde og styrke dit f\u00e6llesskab.\n<\/p>\n<p>\nEtiketterne er meget alsidige \u2013 perfekte til <strong>forsendelse af kasser, emballage, fakturaer, butiksdiske eller begivenheder<\/strong>.<br \/>\nDu skal blot skr\u00e6lle, kl\u00e6be og placere dem et synligt sted &#8211; og dine kunder kan finde og f\u00f8lge dig p\u00e5 Instagram med en hurtig scanning.\n<\/p>\n<p><strong>Fordele:<\/strong><\/p>\n<ul>\n<li>F\u00e5 \u00f8jeblikkeligt st\u00f8rre r\u00e6kkevidde og Instagram f\u00f8lgere<\/li>\n<li>Ideel til detailhandlere, restauranter, servicevirksomheder &amp; begivenheder<\/li>\n<li>Velegnet til alle glatte overflader<\/li>\n<li>Fremstillet i Tyskland, f\u00f8rsteklasses printkvalitet<\/li>\n<li>F\u00e5s i tre praktiske st\u00f8rrelser<\/li>\n<\/ul>\n<p>\nMed <strong>Instagram Follower QR Code Labels<\/strong> forbinder du din offlineverden med dit onlinef\u00e6llesskab &#8211; enkelt, moderne og effektivt.<\/p>\n","protected":false},"excerpt":{"rendered":"<h2>Instagram Follower QR Code Sticker Label Roll \u2013 Mere r\u00e6kkevidde med klisterm\u00e6rker<\/h2>\n<p>Ideel til: forsendelseskasser, emballage, fakturaer, detailbutikker, begivenheder.<\/p>\n<ul>\n<li>Velegnet til enhver glat overflade<\/li>\n<li>Tager kunder direkte til din Instagram-profil<\/li>\n<li>Bare scan &amp; f\u00f8lg<\/li>\n<li>Skr\u00e6ddersyet til dig<\/li>\n<li>F\u00e5s i tre st\u00f8rrelser<\/li>\n<\/ul>\n","protected":false},"featured_media":102624,"comment_status":"open","ping_status":"closed","template":"","meta":{"_acf_changed":false,"_yoast_wpseo_focuskw":"Instagram QR-kode Klisterm\u00e6rkerulle","_yoast_wpseo_title":"Instagram Follower QR Code Sticker Label Roll | truzzer","_yoast_wpseo_metadesc":"F\u00e5 flere Instagram-f\u00f8lgere med Instagram Follower QR Code Sticker Label Roll fra truzzer. Nem ops\u00e6tning, klar til brug. Bestil nu!"},"product_brand":[1624],"product_cat":[835,836,821,467,1177],"product_tag":[],"class_list":{"0":"post-102623","1":"product","2":"type-product","3":"status-publish","4":"has-post-thumbnail","6":"product_brand-instagram","7":"product_cat-instagram-folgere-klistermaerker","8":"product_cat-instagram-folgere-klistermaerker-med-qr-kode","9":"product_cat-instagram-folgere-produkter","10":"product_cat-qr-kode-klistermaerker","11":"product_cat-qr-kode-klistermaerkeruller","12":"pa_material-vinyl","13":"pa_product-type-klistermaerke","14":"pa_product-type-sticker-roll","15":"pa_shape-rond","16":"pa_technology-qr-kode","18":"first","19":"instock","20":"taxable","21":"shipping-taxable","22":"purchasable","23":"product-type-variable","24":"has-default-attributes"},"acf":[],"yoast_head":"<!-- This site is optimized with the Yoast SEO plugin v27.0 - https:\/\/yoast.com\/product\/yoast-seo-wordpress\/ -->\n<title>Instagram Follower QR Code Sticker Label Roll | truzzer<\/title>\n<meta name=\"description\" content=\"F\u00e5 flere Instagram-f\u00f8lgere med Instagram Follower QR Code Sticker Label Roll fra truzzer. Nem ops\u00e6tning, klar til brug. Bestil nu!\" \/>\n<meta name=\"robots\" content=\"index, follow, max-snippet:-1, max-image-preview:large, max-video-preview:-1\" \/>\n<link rel=\"canonical\" href=\"https:\/\/www.truzzer.com\/da\/vare\/instagram-follower-qr-code-sticker-label-roll\/\" \/>\n<meta property=\"og:locale\" content=\"da_DK\" \/>\n<meta property=\"og:type\" content=\"article\" \/>\n<meta property=\"og:title\" content=\"Instagram Follower QR Code Sticker Label Roll | truzzer\" \/>\n<meta property=\"og:description\" content=\"F\u00e5 flere Instagram-f\u00f8lgere med Instagram Follower QR Code Sticker Label Roll fra truzzer. Nem ops\u00e6tning, klar til brug. Bestil nu!\" \/>\n<meta property=\"og:url\" content=\"https:\/\/www.truzzer.com\/da\/vare\/instagram-follower-qr-code-sticker-label-roll\/\" \/>\n<meta property=\"og:site_name\" content=\"truzzer\" \/>\n<meta property=\"article:modified_time\" content=\"2026-02-13T10:28:13+00:00\" \/>\n<meta property=\"og:image\" content=\"https:\/\/www.truzzer.com\/wp-content\/uploads\/2026\/02\/instagram-sticker-roll-3-phone-2.jpg\" \/>\n\t<meta property=\"og:image:width\" content=\"1200\" \/>\n\t<meta property=\"og:image:height\" content=\"1200\" \/>\n\t<meta property=\"og:image:type\" content=\"image\/jpeg\" \/>\n<meta name=\"twitter:card\" content=\"summary_large_image\" \/>\n<meta name=\"twitter:label1\" content=\"Estimeret l\u00e6setid\" \/>\n\t<meta name=\"twitter:data1\" content=\"1 minut\" \/>\n<script type=\"application\/ld+json\" class=\"yoast-schema-graph\">{\"@context\":\"https:\/\/schema.org\",\"@graph\":[{\"@type\":\"WebPage\",\"@id\":\"https:\/\/www.truzzer.com\/da\/vare\/instagram-follower-qr-code-sticker-label-roll\/\",\"url\":\"https:\/\/www.truzzer.com\/da\/vare\/instagram-follower-qr-code-sticker-label-roll\/\",\"name\":\"Instagram Follower QR Code Sticker Label Roll | truzzer\",\"isPartOf\":{\"@id\":\"https:\/\/www.truzzer.com\/da\/#website\"},\"primaryImageOfPage\":{\"@id\":\"https:\/\/www.truzzer.com\/da\/vare\/instagram-follower-qr-code-sticker-label-roll\/#primaryimage\"},\"image\":{\"@id\":\"https:\/\/www.truzzer.com\/da\/vare\/instagram-follower-qr-code-sticker-label-roll\/#primaryimage\"},\"thumbnailUrl\":\"https:\/\/www.truzzer.com\/wp-content\/uploads\/2026\/02\/instagram-sticker-roll-3-phone-2.jpg\",\"datePublished\":\"2026-02-11T10:13:03+00:00\",\"dateModified\":\"2026-02-13T10:28:13+00:00\",\"description\":\"F\u00e5 flere Instagram-f\u00f8lgere med Instagram Follower QR Code Sticker Label Roll fra truzzer. Nem ops\u00e6tning, klar til brug. Bestil nu!\",\"breadcrumb\":{\"@id\":\"https:\/\/www.truzzer.com\/da\/vare\/instagram-follower-qr-code-sticker-label-roll\/#breadcrumb\"},\"inLanguage\":\"da-DK\",\"potentialAction\":[{\"@type\":\"ReadAction\",\"target\":[\"https:\/\/www.truzzer.com\/da\/vare\/instagram-follower-qr-code-sticker-label-roll\/\"]}]},{\"@type\":\"ImageObject\",\"inLanguage\":\"da-DK\",\"@id\":\"https:\/\/www.truzzer.com\/da\/vare\/instagram-follower-qr-code-sticker-label-roll\/#primaryimage\",\"url\":\"https:\/\/www.truzzer.com\/wp-content\/uploads\/2026\/02\/instagram-sticker-roll-3-phone-2.jpg\",\"contentUrl\":\"https:\/\/www.truzzer.com\/wp-content\/uploads\/2026\/02\/instagram-sticker-roll-3-phone-2.jpg\",\"width\":1200,\"height\":1200},{\"@type\":\"BreadcrumbList\",\"@id\":\"https:\/\/www.truzzer.com\/da\/vare\/instagram-follower-qr-code-sticker-label-roll\/#breadcrumb\",\"itemListElement\":[{\"@type\":\"ListItem\",\"position\":1,\"name\":\"Home\",\"item\":\"https:\/\/www.truzzer.com\/da\/\"},{\"@type\":\"ListItem\",\"position\":2,\"name\":\"Butik\",\"item\":\"https:\/\/www.truzzer.com\/da\/shop\/\"},{\"@type\":\"ListItem\",\"position\":3,\"name\":\"Instagram Follower QR Code Sticker Label Roll\"}]},{\"@type\":\"WebSite\",\"@id\":\"https:\/\/www.truzzer.com\/da\/#website\",\"url\":\"https:\/\/www.truzzer.com\/da\/\",\"name\":\"truzzer\",\"description\":\"Experts for customer trust\",\"publisher\":{\"@id\":\"https:\/\/www.truzzer.com\/da\/#organization\"},\"potentialAction\":[{\"@type\":\"SearchAction\",\"target\":{\"@type\":\"EntryPoint\",\"urlTemplate\":\"https:\/\/www.truzzer.com\/da\/?s={search_term_string}\"},\"query-input\":{\"@type\":\"PropertyValueSpecification\",\"valueRequired\":true,\"valueName\":\"search_term_string\"}}],\"inLanguage\":\"da-DK\"},{\"@type\":\"Organization\",\"@id\":\"https:\/\/www.truzzer.com\/da\/#organization\",\"name\":\"truzzer\",\"url\":\"https:\/\/www.truzzer.com\/da\/\",\"logo\":{\"@type\":\"ImageObject\",\"inLanguage\":\"da-DK\",\"@id\":\"https:\/\/www.truzzer.com\/da\/#\/schema\/logo\/image\/\",\"url\":\"https:\/\/truzzer.com\/wp-content\/uploads\/2026\/01\/truzzer-logo-black-1.svg\",\"contentUrl\":\"https:\/\/truzzer.com\/wp-content\/uploads\/2026\/01\/truzzer-logo-black-1.svg\",\"width\":938,\"height\":199,\"caption\":\"truzzer\"},\"image\":{\"@id\":\"https:\/\/www.truzzer.com\/da\/#\/schema\/logo\/image\/\"}}]}<\/script>\n<!-- \/ Yoast SEO plugin. -->","yoast_head_json":{"title":"Instagram Follower QR Code Sticker Label Roll | truzzer","description":"F\u00e5 flere Instagram-f\u00f8lgere med Instagram Follower QR Code Sticker Label Roll fra truzzer. Nem ops\u00e6tning, klar til brug. Bestil nu!","robots":{"index":"index","follow":"follow","max-snippet":"max-snippet:-1","max-image-preview":"max-image-preview:large","max-video-preview":"max-video-preview:-1"},"canonical":"https:\/\/www.truzzer.com\/da\/vare\/instagram-follower-qr-code-sticker-label-roll\/","og_locale":"da_DK","og_type":"article","og_title":"Instagram Follower QR Code Sticker Label Roll | truzzer","og_description":"F\u00e5 flere Instagram-f\u00f8lgere med Instagram Follower QR Code Sticker Label Roll fra truzzer. Nem ops\u00e6tning, klar til brug. Bestil nu!","og_url":"https:\/\/www.truzzer.com\/da\/vare\/instagram-follower-qr-code-sticker-label-roll\/","og_site_name":"truzzer","article_modified_time":"2026-02-13T10:28:13+00:00","og_image":[{"width":1200,"height":1200,"url":"https:\/\/www.truzzer.com\/wp-content\/uploads\/2026\/02\/instagram-sticker-roll-3-phone-2.jpg","type":"image\/jpeg"}],"twitter_card":"summary_large_image","twitter_misc":{"Estimeret l\u00e6setid":"1 minut"},"schema":{"@context":"https:\/\/schema.org","@graph":[{"@type":"WebPage","@id":"https:\/\/www.truzzer.com\/da\/vare\/instagram-follower-qr-code-sticker-label-roll\/","url":"https:\/\/www.truzzer.com\/da\/vare\/instagram-follower-qr-code-sticker-label-roll\/","name":"Instagram Follower QR Code Sticker Label Roll | truzzer","isPartOf":{"@id":"https:\/\/www.truzzer.com\/da\/#website"},"primaryImageOfPage":{"@id":"https:\/\/www.truzzer.com\/da\/vare\/instagram-follower-qr-code-sticker-label-roll\/#primaryimage"},"image":{"@id":"https:\/\/www.truzzer.com\/da\/vare\/instagram-follower-qr-code-sticker-label-roll\/#primaryimage"},"thumbnailUrl":"https:\/\/www.truzzer.com\/wp-content\/uploads\/2026\/02\/instagram-sticker-roll-3-phone-2.jpg","datePublished":"2026-02-11T10:13:03+00:00","dateModified":"2026-02-13T10:28:13+00:00","description":"F\u00e5 flere Instagram-f\u00f8lgere med Instagram Follower QR Code Sticker Label Roll fra truzzer. Nem ops\u00e6tning, klar til brug. Bestil nu!","breadcrumb":{"@id":"https:\/\/www.truzzer.com\/da\/vare\/instagram-follower-qr-code-sticker-label-roll\/#breadcrumb"},"inLanguage":"da-DK","potentialAction":[{"@type":"ReadAction","target":["https:\/\/www.truzzer.com\/da\/vare\/instagram-follower-qr-code-sticker-label-roll\/"]}]},{"@type":"ImageObject","inLanguage":"da-DK","@id":"https:\/\/www.truzzer.com\/da\/vare\/instagram-follower-qr-code-sticker-label-roll\/#primaryimage","url":"https:\/\/www.truzzer.com\/wp-content\/uploads\/2026\/02\/instagram-sticker-roll-3-phone-2.jpg","contentUrl":"https:\/\/www.truzzer.com\/wp-content\/uploads\/2026\/02\/instagram-sticker-roll-3-phone-2.jpg","width":1200,"height":1200},{"@type":"BreadcrumbList","@id":"https:\/\/www.truzzer.com\/da\/vare\/instagram-follower-qr-code-sticker-label-roll\/#breadcrumb","itemListElement":[{"@type":"ListItem","position":1,"name":"Home","item":"https:\/\/www.truzzer.com\/da\/"},{"@type":"ListItem","position":2,"name":"Butik","item":"https:\/\/www.truzzer.com\/da\/shop\/"},{"@type":"ListItem","position":3,"name":"Instagram Follower QR Code Sticker Label Roll"}]},{"@type":"WebSite","@id":"https:\/\/www.truzzer.com\/da\/#website","url":"https:\/\/www.truzzer.com\/da\/","name":"truzzer","description":"Experts for customer trust","publisher":{"@id":"https:\/\/www.truzzer.com\/da\/#organization"},"potentialAction":[{"@type":"SearchAction","target":{"@type":"EntryPoint","urlTemplate":"https:\/\/www.truzzer.com\/da\/?s={search_term_string}"},"query-input":{"@type":"PropertyValueSpecification","valueRequired":true,"valueName":"search_term_string"}}],"inLanguage":"da-DK"},{"@type":"Organization","@id":"https:\/\/www.truzzer.com\/da\/#organization","name":"truzzer","url":"https:\/\/www.truzzer.com\/da\/","logo":{"@type":"ImageObject","inLanguage":"da-DK","@id":"https:\/\/www.truzzer.com\/da\/#\/schema\/logo\/image\/","url":"https:\/\/truzzer.com\/wp-content\/uploads\/2026\/01\/truzzer-logo-black-1.svg","contentUrl":"https:\/\/truzzer.com\/wp-content\/uploads\/2026\/01\/truzzer-logo-black-1.svg","width":938,"height":199,"caption":"truzzer"},"image":{"@id":"https:\/\/www.truzzer.com\/da\/#\/schema\/logo\/image\/"}}]}},"tiered_pricing_type":"fixed","tiered_pricing_fixed_rules":[],"tiered_pricing_product_settings":{"layout":"default","base_unit_name":{"singular":null,"plural":null},"default_variation":null},"tiered_pricing_minimum_quantity":null,"tiered_pricing_roles_data":[],"tiered_pricing_percentage_rules":[],"tiered_pricing_maximum_quantity":null,"tiered_pricing_quantity_step":null,"_links":{"self":[{"href":"https:\/\/www.truzzer.com\/da\/wp-json\/wp\/v2\/product\/102623","targetHints":{"allow":["GET"]}}],"collection":[{"href":"https:\/\/www.truzzer.com\/da\/wp-json\/wp\/v2\/product"}],"about":[{"href":"https:\/\/www.truzzer.com\/da\/wp-json\/wp\/v2\/types\/product"}],"replies":[{"embeddable":true,"href":"https:\/\/www.truzzer.com\/da\/wp-json\/wp\/v2\/comments?post=102623"}],"wp:featuredmedia":[{"embeddable":true,"href":"https:\/\/www.truzzer.com\/da\/wp-json\/wp\/v2\/media\/102624"}],"wp:attachment":[{"href":"https:\/\/www.truzzer.com\/da\/wp-json\/wp\/v2\/media?parent=102623"}],"wp:term":[{"taxonomy":"product_brand","embeddable":true,"href":"https:\/\/www.truzzer.com\/da\/wp-json\/wp\/v2\/product_brand?post=102623"},{"taxonomy":"product_cat","embeddable":true,"href":"https:\/\/www.truzzer.com\/da\/wp-json\/wp\/v2\/product_cat?post=102623"},{"taxonomy":"product_tag","embeddable":true,"href":"https:\/\/www.truzzer.com\/da\/wp-json\/wp\/v2\/product_tag?post=102623"}],"curies":[{"name":"wp","href":"https:\/\/api.w.org\/{rel}","templated":true}]}}