{"id":102651,"date":"2026-02-11T10:14:57","date_gmt":"2026-02-11T10:14:57","guid":{"rendered":"https:\/\/beta.truzzer.com\/product\/google-anmeldelse-qr-kode-visittkorttelefon\/"},"modified":"2026-02-13T10:23:09","modified_gmt":"2026-02-13T10:23:09","slug":"google-anmeldelse-qr-kode-visittkorttelefon","status":"publish","type":"product","link":"https:\/\/www.truzzer.com\/da\/vare\/google-anmeldelse-qr-kode-visittkorttelefon\/","title":{"rendered":"Google Anmeldelse QR Kode Visitkort Telefon"},"content":{"rendered":"<h2>Google Review QR Code Visitkort \u2013 PHONE Edition<\/h2>\n<p><strong>Truzzer PHONE Edition<\/strong> er det moderne n\u00e6ste generations visitkort.<br \/>\nSpecifikt designet til en enest\u00e5ende <strong>mobil kundeoplevelse<\/strong>, den tager din virksomhed direkte til dine kunders smartphones med en enkelt scanning \u2014<br \/>\nog derfra direkte til din <strong>Google-anmeldelserside<\/strong>.<br \/>\nPerfekt til alle, der \u00f8nsker at pr\u00e6sentere deres brand som mobil-f\u00f8rst, digitalt og fremtidsklart.<\/p>\n<h3>Den smarte l\u00f8sning til mobilanmeldelser<\/h3>\n<p>Med <strong>QR Code Business Card PHONE Edition<\/strong> m\u00f8der du dine kunder, hvor de allerede er &#8211; p\u00e5 deres telefoner.<br \/>\nScan, gennemg\u00e5, f\u00e6rdig.<br \/>\nUanset om det er i butikken, p\u00e5 en restaurant, p\u00e5 messer eller p\u00e5 farten &#8211; kunder kan skrive en anmeldelse p\u00e5 f\u00e5 sekunder uden at installere en app eller s\u00f8ge efter din fortegnelse.<\/p>\n<ul>\n<li><strong>Moderne, minimalistisk design<\/strong> i et smartphone-look<\/li>\n<li><strong>\u00d8jeblikkelig QR-kodeadgang<\/strong> til din Google-anmeldelserside<\/li>\n<li><strong>Individuelt konfigureret<\/strong> med dit virksomhedsnavn og logo<\/li>\n<li><strong>Fuldst\u00e6ndig ops\u00e6tning &amp; klar til brug<\/strong>med det samme<\/li>\n<li><strong>Ideel til mobiltjenesteudbydere, g\u00e6stfrihed, sk\u00f8nhed og amp; begivenheder<\/strong><\/li>\n<li><strong>Fremstillet i Tyskland<\/strong> \u2014 h\u00f8j kvalitet, testet og personlig<\/li>\n<\/ul>\n<h3>S\u00e5dan virker det<\/h3>\n<p>1. Du indtaster dit firmanavn, n\u00e5r du afgiver din ordre.<br \/>\n2. Vi opretter dit individuelle <strong>Google-anmeldelseslink<\/strong> og QR-kode.<br \/>\n3. Dit kort er fuldt opsat og sendt direkte til dig.<\/p>\n<p>Kunder scanner blot QR-koden med deres smartphone-kamera og lander med det samme p\u00e5 din anmeldelsesside \u2014<br \/>\ningen omveje, intet login p\u00e5kr\u00e6vet og ingen tekniske forhindringer.<\/p>\n<h3>Hvorfor PHONE Edition<\/h3>\n<p>PHONE Edition er designet specielt til mobilbrug.<br \/>\nDen kombinerer det velkendte udseende af en smartphone-gr\u00e6nseflade med den <strong>nemmeste gennemgangsproces i verden<\/strong>.<br \/>\nDesignet er intuitivt, i\u00f8jnefaldende og opfordrer aktivt kunderne til at skrive en anmeldelse med det samme.<\/p>\n<h3>Fordele for din virksomhed<\/h3>\n<ul>\n<li>Flere <strong>rigtige 5-stjernede anmeldelser<\/strong> p\u00e5 kortere tid<\/li>\n<li>St\u00e6rkere <strong>synlighed p\u00e5 Google<\/strong> og forbedrede placeringer<\/li>\n<li>St\u00f8rre tillid fra nye kunder<\/li>\n<li>Mindre indsats for dit team \u2013 kortet klarer markedsf\u00f8ringen for dig<\/li>\n<\/ul>\n<h3>Hvorfor Truzzer<\/h3>\n<p>Som <strong>markedsleder og opfinder<\/strong> af QR &amp; NFC produkter til Google anmeldelser,<br \/>\nTruzzer leverer alt klar til brug: fra dit personlige anmeldelseslink og design til det endelige, testede produkt.<br \/>\nVores produkter bruges over hele Tyskland &#8211; fra sm\u00e5 lokale virksomheder til store k\u00e6der.<\/p>\n<ul>\n<li>Opfinder &amp; markedsleder i Tyskland<\/li>\n<li>Tysk support &amp; personlig ops\u00e6tning<\/li>\n<li>Topbed\u00f8mt p\u00e5 Google<\/li>\n<li>Kompatibel med enhver smartphone<\/li>\n<li>Intet abonnement, ingen app, ingen teknisk viden p\u00e5kr\u00e6vet<\/li>\n<\/ul>\n<h3>Tekniske detaljer<\/h3>\n<ul>\n<li>St\u00f8rrelse: kreditkortformat i et smartphone-inspireret design<\/li>\n<li>Materiale: holdbart plastikkort, valgfri mat eller blank finish<\/li>\n<li>Teknologi: QR-kode (valgfri NFC-kombination tilg\u00e6ngelig)<\/li>\n<li>Linking: direkte link til din Google-anmeldelserprofil<\/li>\n<li>Tilpasning: logo, virksomhedsnavn &amp; farvekoncept<\/li>\n<\/ul>\n<h3>Konklusion<\/h3>\n<p><strong>Google Review QR Code Visitkort \u2013 PHONE Edition<\/strong> er det perfekte v\u00e6rkt\u00f8j<br \/>\nat generere anmeldelser lige ved salgsstedet eller i personlige interaktioner.<br \/>\nModerne design m\u00f8der m\u00e5lbar effekt &#8211; for mere r\u00e6kkevidde, tillid og v\u00e6kst.<\/p>\n<hr \/>\n<p><strong>Bestil nu \u2013 inklusive QR-kode &amp; fuld ops\u00e6tning.<\/strong><br \/>\nG\u00f8r vejen til din n\u00e6ste 5-stjernede anmeldelse lige s\u00e5 nem som en smartphone-scanning.<\/p>\n","protected":false},"excerpt":{"rendered":"<h2>\n  <img decoding=\"async\" class=\"alignnone size-full wp-image-56732\" src=\"https:\/\/truzzer.com\/wp-content\/uploads\/2026\/02\/qrscan-ezgif.com-video-to-webp-converter-1.webp\" alt=\"\" width=\"150\" height>1<br \/>\n<\/h2>\n<h2>F\u00e5 nemt flere Google anmeldelser med Google Review QR Code visitkort<\/h2>\n<p>Oplev de nye standardvisitkort, der er designet til at hj\u00e6lpe dig med at indsamle flere Google-anmeldelser &#8211; i et rent, moderne look, der passer problemfrit ind i enhver virksomhed.<\/p>\n<p>Med vores Google Review QR Code visitkort kan du f\u00e5 flere Google anmeldelser p\u00e5 ingen tid.<\/p>\n<p>Det eneste, dine kunder skal g\u00f8re, er at scanne QR-koden med deres smartphone-kamera &#8211; og de bliver f\u00f8rt direkte til din Google-anmeldelsesside.<\/p>\n<p>Indtast ogs\u00e5 din virksomhedsadresse og virksomhedsnavn i konfigurationsfeltet. Ved at bruge disse oplysninger opretter vi dit individuelle anmeldelseslink for dig &#8211; s\u00e5 du ikke beh\u00f8ver at bekymre dig om noget.<\/p>\n","protected":false},"featured_media":102773,"comment_status":"closed","ping_status":"closed","template":"","meta":{"_acf_changed":false,"_yoast_wpseo_focuskw":"Google Anmeldelse Visitkort","_yoast_wpseo_title":"Google anmeldelse QR-kode visittkorttelefon | truzzer","_yoast_wpseo_metadesc":"F\u00e5 flere 5-stjernede Google-anmeldelser med Google anmeldelse QR-kode visittkorttelefon fra truzzer. Nem ops\u00e6tning, klar til brug. Bestil nu!"},"product_brand":[1631],"product_cat":[731,807,808,466,592],"product_tag":[],"class_list":{"0":"post-102651","1":"product","2":"type-product","3":"status-publish","4":"has-post-thumbnail","6":"product_brand-google","7":"product_cat-google-anmeldelse-produkter","8":"product_cat-google-anmeldelse-visitkort","9":"product_cat-google-anmeldelse-visitkort-med-qr-kode","10":"product_cat-qr-kode-produkter","11":"product_cat-qr-kode-visitkort","12":"pa_material-karton","13":"pa_orientation-portrett","14":"pa_placement-bon","15":"pa_placement-brochure","16":"pa_placement-lommebok-personlig","17":"pa_placement-portemonnee-persoonlijk","18":"pa_product-type-visitekaartjes","19":"pa_shape-rechthoek","20":"pa_technology-qr-kode","22":"first","23":"instock","24":"taxable","25":"shipping-taxable","26":"purchasable","27":"product-type-simple"},"acf":[],"yoast_head":"<!-- This site is optimized with the Yoast SEO plugin v27.0 - https:\/\/yoast.com\/product\/yoast-seo-wordpress\/ -->\n<title>Google anmeldelse QR-kode visittkorttelefon | truzzer<\/title>\n<meta name=\"description\" content=\"F\u00e5 flere 5-stjernede Google-anmeldelser med Google anmeldelse QR-kode visittkorttelefon fra truzzer. Nem ops\u00e6tning, klar til brug. Bestil nu!\" \/>\n<meta name=\"robots\" content=\"index, follow, max-snippet:-1, max-image-preview:large, max-video-preview:-1\" \/>\n<link rel=\"canonical\" href=\"https:\/\/www.truzzer.com\/da\/vare\/google-anmeldelse-qr-kode-visittkorttelefon\/\" \/>\n<meta property=\"og:locale\" content=\"da_DK\" \/>\n<meta property=\"og:type\" content=\"article\" \/>\n<meta property=\"og:title\" content=\"Google anmeldelse QR-kode visittkorttelefon | truzzer\" \/>\n<meta property=\"og:description\" content=\"F\u00e5 flere 5-stjernede Google-anmeldelser med Google anmeldelse QR-kode visittkorttelefon fra truzzer. Nem ops\u00e6tning, klar til brug. Bestil nu!\" \/>\n<meta property=\"og:url\" content=\"https:\/\/www.truzzer.com\/da\/vare\/google-anmeldelse-qr-kode-visittkorttelefon\/\" \/>\n<meta property=\"og:site_name\" content=\"truzzer\" \/>\n<meta property=\"article:modified_time\" content=\"2026-02-13T10:23:09+00:00\" \/>\n<meta property=\"og:image\" content=\"https:\/\/www.truzzer.com\/wp-content\/uploads\/2026\/02\/Google-Bewertung-QR-Code-VIsitenkarte-Phone-2-empfehlio-3-en.jpg\" \/>\n\t<meta property=\"og:image:width\" content=\"1024\" \/>\n\t<meta property=\"og:image:height\" content=\"1024\" \/>\n\t<meta property=\"og:image:type\" content=\"image\/jpeg\" \/>\n<meta name=\"twitter:card\" content=\"summary_large_image\" \/>\n<meta name=\"twitter:label1\" content=\"Estimeret l\u00e6setid\" \/>\n\t<meta name=\"twitter:data1\" content=\"2 minutter\" \/>\n<script type=\"application\/ld+json\" class=\"yoast-schema-graph\">{\"@context\":\"https:\/\/schema.org\",\"@graph\":[{\"@type\":\"WebPage\",\"@id\":\"https:\/\/www.truzzer.com\/da\/vare\/google-anmeldelse-qr-kode-visittkorttelefon\/\",\"url\":\"https:\/\/www.truzzer.com\/da\/vare\/google-anmeldelse-qr-kode-visittkorttelefon\/\",\"name\":\"Google anmeldelse QR-kode visittkorttelefon | truzzer\",\"isPartOf\":{\"@id\":\"https:\/\/www.truzzer.com\/da\/#website\"},\"primaryImageOfPage\":{\"@id\":\"https:\/\/www.truzzer.com\/da\/vare\/google-anmeldelse-qr-kode-visittkorttelefon\/#primaryimage\"},\"image\":{\"@id\":\"https:\/\/www.truzzer.com\/da\/vare\/google-anmeldelse-qr-kode-visittkorttelefon\/#primaryimage\"},\"thumbnailUrl\":\"https:\/\/www.truzzer.com\/wp-content\/uploads\/2026\/02\/Google-Bewertung-QR-Code-VIsitenkarte-Phone-2-empfehlio-3-en.jpg\",\"datePublished\":\"2026-02-11T10:14:57+00:00\",\"dateModified\":\"2026-02-13T10:23:09+00:00\",\"description\":\"F\u00e5 flere 5-stjernede Google-anmeldelser med Google anmeldelse QR-kode visittkorttelefon fra truzzer. Nem ops\u00e6tning, klar til brug. Bestil nu!\",\"breadcrumb\":{\"@id\":\"https:\/\/www.truzzer.com\/da\/vare\/google-anmeldelse-qr-kode-visittkorttelefon\/#breadcrumb\"},\"inLanguage\":\"da-DK\",\"potentialAction\":[{\"@type\":\"ReadAction\",\"target\":[\"https:\/\/www.truzzer.com\/da\/vare\/google-anmeldelse-qr-kode-visittkorttelefon\/\"]}]},{\"@type\":\"ImageObject\",\"inLanguage\":\"da-DK\",\"@id\":\"https:\/\/www.truzzer.com\/da\/vare\/google-anmeldelse-qr-kode-visittkorttelefon\/#primaryimage\",\"url\":\"https:\/\/www.truzzer.com\/wp-content\/uploads\/2026\/02\/Google-Bewertung-QR-Code-VIsitenkarte-Phone-2-empfehlio-3-en.jpg\",\"contentUrl\":\"https:\/\/www.truzzer.com\/wp-content\/uploads\/2026\/02\/Google-Bewertung-QR-Code-VIsitenkarte-Phone-2-empfehlio-3-en.jpg\",\"width\":1024,\"height\":1024},{\"@type\":\"BreadcrumbList\",\"@id\":\"https:\/\/www.truzzer.com\/da\/vare\/google-anmeldelse-qr-kode-visittkorttelefon\/#breadcrumb\",\"itemListElement\":[{\"@type\":\"ListItem\",\"position\":1,\"name\":\"Home\",\"item\":\"https:\/\/www.truzzer.com\/da\/\"},{\"@type\":\"ListItem\",\"position\":2,\"name\":\"Butik\",\"item\":\"https:\/\/www.truzzer.com\/da\/shop\/\"},{\"@type\":\"ListItem\",\"position\":3,\"name\":\"Google Anmeldelse QR Kode Visitkort Telefon\"}]},{\"@type\":\"WebSite\",\"@id\":\"https:\/\/www.truzzer.com\/da\/#website\",\"url\":\"https:\/\/www.truzzer.com\/da\/\",\"name\":\"truzzer\",\"description\":\"Experts for customer trust\",\"publisher\":{\"@id\":\"https:\/\/www.truzzer.com\/da\/#organization\"},\"potentialAction\":[{\"@type\":\"SearchAction\",\"target\":{\"@type\":\"EntryPoint\",\"urlTemplate\":\"https:\/\/www.truzzer.com\/da\/?s={search_term_string}\"},\"query-input\":{\"@type\":\"PropertyValueSpecification\",\"valueRequired\":true,\"valueName\":\"search_term_string\"}}],\"inLanguage\":\"da-DK\"},{\"@type\":\"Organization\",\"@id\":\"https:\/\/www.truzzer.com\/da\/#organization\",\"name\":\"truzzer\",\"url\":\"https:\/\/www.truzzer.com\/da\/\",\"logo\":{\"@type\":\"ImageObject\",\"inLanguage\":\"da-DK\",\"@id\":\"https:\/\/www.truzzer.com\/da\/#\/schema\/logo\/image\/\",\"url\":\"https:\/\/truzzer.com\/wp-content\/uploads\/2026\/01\/truzzer-logo-black-1.svg\",\"contentUrl\":\"https:\/\/truzzer.com\/wp-content\/uploads\/2026\/01\/truzzer-logo-black-1.svg\",\"width\":938,\"height\":199,\"caption\":\"truzzer\"},\"image\":{\"@id\":\"https:\/\/www.truzzer.com\/da\/#\/schema\/logo\/image\/\"}}]}<\/script>\n<!-- \/ Yoast SEO plugin. -->","yoast_head_json":{"title":"Google anmeldelse QR-kode visittkorttelefon | truzzer","description":"F\u00e5 flere 5-stjernede Google-anmeldelser med Google anmeldelse QR-kode visittkorttelefon fra truzzer. Nem ops\u00e6tning, klar til brug. Bestil nu!","robots":{"index":"index","follow":"follow","max-snippet":"max-snippet:-1","max-image-preview":"max-image-preview:large","max-video-preview":"max-video-preview:-1"},"canonical":"https:\/\/www.truzzer.com\/da\/vare\/google-anmeldelse-qr-kode-visittkorttelefon\/","og_locale":"da_DK","og_type":"article","og_title":"Google anmeldelse QR-kode visittkorttelefon | truzzer","og_description":"F\u00e5 flere 5-stjernede Google-anmeldelser med Google anmeldelse QR-kode visittkorttelefon fra truzzer. Nem ops\u00e6tning, klar til brug. Bestil nu!","og_url":"https:\/\/www.truzzer.com\/da\/vare\/google-anmeldelse-qr-kode-visittkorttelefon\/","og_site_name":"truzzer","article_modified_time":"2026-02-13T10:23:09+00:00","og_image":[{"width":1024,"height":1024,"url":"https:\/\/www.truzzer.com\/wp-content\/uploads\/2026\/02\/Google-Bewertung-QR-Code-VIsitenkarte-Phone-2-empfehlio-3-en.jpg","type":"image\/jpeg"}],"twitter_card":"summary_large_image","twitter_misc":{"Estimeret l\u00e6setid":"2 minutter"},"schema":{"@context":"https:\/\/schema.org","@graph":[{"@type":"WebPage","@id":"https:\/\/www.truzzer.com\/da\/vare\/google-anmeldelse-qr-kode-visittkorttelefon\/","url":"https:\/\/www.truzzer.com\/da\/vare\/google-anmeldelse-qr-kode-visittkorttelefon\/","name":"Google anmeldelse QR-kode visittkorttelefon | truzzer","isPartOf":{"@id":"https:\/\/www.truzzer.com\/da\/#website"},"primaryImageOfPage":{"@id":"https:\/\/www.truzzer.com\/da\/vare\/google-anmeldelse-qr-kode-visittkorttelefon\/#primaryimage"},"image":{"@id":"https:\/\/www.truzzer.com\/da\/vare\/google-anmeldelse-qr-kode-visittkorttelefon\/#primaryimage"},"thumbnailUrl":"https:\/\/www.truzzer.com\/wp-content\/uploads\/2026\/02\/Google-Bewertung-QR-Code-VIsitenkarte-Phone-2-empfehlio-3-en.jpg","datePublished":"2026-02-11T10:14:57+00:00","dateModified":"2026-02-13T10:23:09+00:00","description":"F\u00e5 flere 5-stjernede Google-anmeldelser med Google anmeldelse QR-kode visittkorttelefon fra truzzer. Nem ops\u00e6tning, klar til brug. Bestil nu!","breadcrumb":{"@id":"https:\/\/www.truzzer.com\/da\/vare\/google-anmeldelse-qr-kode-visittkorttelefon\/#breadcrumb"},"inLanguage":"da-DK","potentialAction":[{"@type":"ReadAction","target":["https:\/\/www.truzzer.com\/da\/vare\/google-anmeldelse-qr-kode-visittkorttelefon\/"]}]},{"@type":"ImageObject","inLanguage":"da-DK","@id":"https:\/\/www.truzzer.com\/da\/vare\/google-anmeldelse-qr-kode-visittkorttelefon\/#primaryimage","url":"https:\/\/www.truzzer.com\/wp-content\/uploads\/2026\/02\/Google-Bewertung-QR-Code-VIsitenkarte-Phone-2-empfehlio-3-en.jpg","contentUrl":"https:\/\/www.truzzer.com\/wp-content\/uploads\/2026\/02\/Google-Bewertung-QR-Code-VIsitenkarte-Phone-2-empfehlio-3-en.jpg","width":1024,"height":1024},{"@type":"BreadcrumbList","@id":"https:\/\/www.truzzer.com\/da\/vare\/google-anmeldelse-qr-kode-visittkorttelefon\/#breadcrumb","itemListElement":[{"@type":"ListItem","position":1,"name":"Home","item":"https:\/\/www.truzzer.com\/da\/"},{"@type":"ListItem","position":2,"name":"Butik","item":"https:\/\/www.truzzer.com\/da\/shop\/"},{"@type":"ListItem","position":3,"name":"Google Anmeldelse QR Kode Visitkort Telefon"}]},{"@type":"WebSite","@id":"https:\/\/www.truzzer.com\/da\/#website","url":"https:\/\/www.truzzer.com\/da\/","name":"truzzer","description":"Experts for customer trust","publisher":{"@id":"https:\/\/www.truzzer.com\/da\/#organization"},"potentialAction":[{"@type":"SearchAction","target":{"@type":"EntryPoint","urlTemplate":"https:\/\/www.truzzer.com\/da\/?s={search_term_string}"},"query-input":{"@type":"PropertyValueSpecification","valueRequired":true,"valueName":"search_term_string"}}],"inLanguage":"da-DK"},{"@type":"Organization","@id":"https:\/\/www.truzzer.com\/da\/#organization","name":"truzzer","url":"https:\/\/www.truzzer.com\/da\/","logo":{"@type":"ImageObject","inLanguage":"da-DK","@id":"https:\/\/www.truzzer.com\/da\/#\/schema\/logo\/image\/","url":"https:\/\/truzzer.com\/wp-content\/uploads\/2026\/01\/truzzer-logo-black-1.svg","contentUrl":"https:\/\/truzzer.com\/wp-content\/uploads\/2026\/01\/truzzer-logo-black-1.svg","width":938,"height":199,"caption":"truzzer"},"image":{"@id":"https:\/\/www.truzzer.com\/da\/#\/schema\/logo\/image\/"}}]}},"tiered_pricing_type":"fixed","tiered_pricing_fixed_rules":[],"tiered_pricing_product_settings":{"layout":"default","base_unit_name":{"singular":null,"plural":null},"default_variation":null},"tiered_pricing_minimum_quantity":null,"tiered_pricing_roles_data":[],"tiered_pricing_percentage_rules":[],"tiered_pricing_maximum_quantity":null,"tiered_pricing_quantity_step":null,"_links":{"self":[{"href":"https:\/\/www.truzzer.com\/da\/wp-json\/wp\/v2\/product\/102651","targetHints":{"allow":["GET"]}}],"collection":[{"href":"https:\/\/www.truzzer.com\/da\/wp-json\/wp\/v2\/product"}],"about":[{"href":"https:\/\/www.truzzer.com\/da\/wp-json\/wp\/v2\/types\/product"}],"replies":[{"embeddable":true,"href":"https:\/\/www.truzzer.com\/da\/wp-json\/wp\/v2\/comments?post=102651"}],"wp:featuredmedia":[{"embeddable":true,"href":"https:\/\/www.truzzer.com\/da\/wp-json\/wp\/v2\/media\/102773"}],"wp:attachment":[{"href":"https:\/\/www.truzzer.com\/da\/wp-json\/wp\/v2\/media?parent=102651"}],"wp:term":[{"taxonomy":"product_brand","embeddable":true,"href":"https:\/\/www.truzzer.com\/da\/wp-json\/wp\/v2\/product_brand?post=102651"},{"taxonomy":"product_cat","embeddable":true,"href":"https:\/\/www.truzzer.com\/da\/wp-json\/wp\/v2\/product_cat?post=102651"},{"taxonomy":"product_tag","embeddable":true,"href":"https:\/\/www.truzzer.com\/da\/wp-json\/wp\/v2\/product_tag?post=102651"}],"curies":[{"name":"wp","href":"https:\/\/api.w.org\/{rel}","templated":true}]}}