{"id":92837,"date":"2026-02-05T11:45:10","date_gmt":"2026-02-05T11:45:10","guid":{"rendered":"https:\/\/beta.truzzer.com\/product\/yelp-anmeldelse-nfc-visitkort-tap\/"},"modified":"2026-02-13T08:32:33","modified_gmt":"2026-02-13T08:32:33","slug":"yelp-anmeldelse-nfc-visitkort-tap","status":"publish","type":"product","link":"https:\/\/www.truzzer.com\/da\/vare\/yelp-anmeldelse-nfc-visitkort-tap\/","title":{"rendered":"Yelp anmeldelse NFC visitkort &#8220;Tap&#8221;"},"content":{"rendered":"<h2>f\u00e5 Sie More Yelp-Reviewen with den Yelp! Anmeldelser-NFC-QR Code-Cardn &#8220;Tap&#8221; fra truzzer!<\/h2>\n<p>with den <strong>truzzer Yelp! ReviewsCardn<\/strong> with NFC-Links kan du hurtigt positive Reviewen fra youren zufriedenen Kanden direkte an yourem Standort get.  <\/p>\n<p>&#8211; Wetterfest <\/p>\n<p>&#8211; Zeigt youren Kanden, that sie Sie auch auf Yelp! fundet k\u00f6nnen <\/p>\n<p>&#8211; Speziell for Sie ma\u00dfgefertigt<\/p>\n","protected":false},"excerpt":{"rendered":"<div class=\"woocommerce-product-details__short-description\">\n<h2>f\u00e5 Sie More Yelp-Reviewen with den NFC-ReviewsCardn<\/h2>\n<p><strong>Yelp-Reviewen af Kanden for at f\u00e5 krig endnu ikke nemmere!<\/strong><\/p>\n<p>with den kontaktlosen Yelp-ReviewsCardn k\u00f6nnen Sie m\u00fchelos neue Yelp-Reviewen direkte vor Ort collect.<\/p>\n<p>Das auff\u00e4llige design der Yelp-ReviewsCardn weckt das Interesse der Kanden, and the Call-to-Action ermudigt sie, your Unternehmen auf Yelp zu bewerten.<\/p>\n<p>your Kanden m\u00fcssen nur your smartphone in the N\u00e4he der NFC-Cardn stops, and a pop-up \u00f6ffnet sich auf yourem Handy, thats sie direkte to yourem Reviewsformular f\u00fchrt!<\/p>\n<p>Falls die Smartphones yourer Kanden keine NFC-Funktion haveben, steht auf der backside der NFC-Cardn a alternative QR Code zur Verf\u00fcgung, der direkte med der Smartphone-Kamera kan skaffes <strong>&#8211; in beiden F\u00e4llen ist keine separate App erforderlich!<\/strong><\/p>\n<h3><strong>Wie NFC-Cardn Ihnen helfen, More Yelp-Reviewen to get<\/strong><\/h3>\n<p>NFC-Cardn beseitigen die gr\u00f6\u00dften H\u00fcrden sowohl for Sie as auch for youre Kanden by Yelp-Reviewen:<\/p>\n<ul>\n<li>Kin unangenehmes Bitten eller Nachfragen More. Der <strong>Call-to-Action<\/strong> \u00fcbernimmt die Aufforderung zur Yelp-Review for Sie.<\/li>\n<li>Kein Vergessen More, da Kanden an die Yelp-Review erinnert werden.<\/li>\n<li>Kein Suchen eller Schwierigkeiten: <strong>Der NFC-Link og der Yelp-Reviews-QR Code f\u00fchren direkte zu yourem Reviewsformular<\/strong> (das wir for Sie erstellen).<\/li>\n<li><strong>Greifbar:<\/strong> NFC-Cardn machen den Review Process greifbarer.<\/li>\n<li>Keine zus\u00e4tzliche App erforderlich.<\/li>\n<li>Blickfang: Mornes design<\/li>\n<\/ul>\n<p><strong>Wir \u00fcbernehmen die Erstellung and Verlinkung des NFC-Links and QR Codes for direct Reviewen auf yourem Yelp-Profil!<\/strong><strong><\/p>\n<p><\/strong><\/p>\n<\/div>\n","protected":false},"featured_media":92838,"comment_status":"open","ping_status":"closed","template":"","meta":{"_acf_changed":false,"_yoast_wpseo_focuskw":"Yelp Anmeldelse NFC Kort","_yoast_wpseo_title":"Yelp anmeldelse NFC visitkort \u201cTap\u201d | truzzer","_yoast_wpseo_metadesc":"F\u00e5 flere Yelp-anmeldelser med Yelp anmeldelse NFC visitkort \u201cTap\u201d fra truzzer. Nem ops\u00e6tning, klar til brug. Bestil nu!"},"product_brand":[1709],"product_cat":[552,553,551,468],"product_tag":[],"class_list":{"0":"post-92837","1":"product","2":"type-product","3":"status-publish","4":"has-post-thumbnail","6":"product_brand-yelp","7":"product_cat-nfc-produkter","8":"product_cat-nfc-visitkort","9":"product_cat-yelp-anmeldelse-visitkort","10":"product_cat-yelp-anmeldelser","11":"pa_material-plastic","12":"pa_orientation-portrett","13":"pa_product-type-visitekaartjes","14":"pa_shape-rechthoek","15":"pa_technology-nfc","16":"pa_technology-qr-nfc","18":"first","19":"instock","20":"taxable","21":"shipping-taxable","22":"purchasable","23":"product-type-simple"},"acf":[],"yoast_head":"<!-- This site is optimized with the Yoast SEO plugin v27.0 - https:\/\/yoast.com\/product\/yoast-seo-wordpress\/ -->\n<title>Yelp anmeldelse NFC visitkort \u201cTap\u201d | truzzer<\/title>\n<meta name=\"description\" content=\"F\u00e5 flere Yelp-anmeldelser med Yelp anmeldelse NFC visitkort \u201cTap\u201d fra truzzer. Nem ops\u00e6tning, klar til brug. Bestil nu!\" \/>\n<meta name=\"robots\" content=\"index, follow, max-snippet:-1, max-image-preview:large, max-video-preview:-1\" \/>\n<link rel=\"canonical\" href=\"https:\/\/www.truzzer.com\/da\/vare\/yelp-anmeldelse-nfc-visitkort-tap\/\" \/>\n<meta property=\"og:locale\" content=\"da_DK\" \/>\n<meta property=\"og:type\" content=\"article\" \/>\n<meta property=\"og:title\" content=\"Yelp anmeldelse NFC visitkort \u201cTap\u201d | truzzer\" \/>\n<meta property=\"og:description\" content=\"F\u00e5 flere Yelp-anmeldelser med Yelp anmeldelse NFC visitkort \u201cTap\u201d fra truzzer. Nem ops\u00e6tning, klar til brug. Bestil nu!\" \/>\n<meta property=\"og:url\" content=\"https:\/\/www.truzzer.com\/da\/vare\/yelp-anmeldelse-nfc-visitkort-tap\/\" \/>\n<meta property=\"og:site_name\" content=\"truzzer\" \/>\n<meta property=\"article:modified_time\" content=\"2026-02-13T08:32:33+00:00\" \/>\n<meta property=\"og:image\" content=\"https:\/\/www.truzzer.com\/wp-content\/uploads\/2026\/02\/yelp-nfc-review-card-truzzer-white-s-1.jpg\" \/>\n\t<meta property=\"og:image:width\" content=\"1200\" \/>\n\t<meta property=\"og:image:height\" content=\"1200\" \/>\n\t<meta property=\"og:image:type\" content=\"image\/jpeg\" \/>\n<meta name=\"twitter:card\" content=\"summary_large_image\" \/>\n<script type=\"application\/ld+json\" class=\"yoast-schema-graph\">{\"@context\":\"https:\/\/schema.org\",\"@graph\":[{\"@type\":\"WebPage\",\"@id\":\"https:\/\/www.truzzer.com\/da\/vare\/yelp-anmeldelse-nfc-visitkort-tap\/\",\"url\":\"https:\/\/www.truzzer.com\/da\/vare\/yelp-anmeldelse-nfc-visitkort-tap\/\",\"name\":\"Yelp anmeldelse NFC visitkort \u201cTap\u201d | truzzer\",\"isPartOf\":{\"@id\":\"https:\/\/www.truzzer.com\/da\/#website\"},\"primaryImageOfPage\":{\"@id\":\"https:\/\/www.truzzer.com\/da\/vare\/yelp-anmeldelse-nfc-visitkort-tap\/#primaryimage\"},\"image\":{\"@id\":\"https:\/\/www.truzzer.com\/da\/vare\/yelp-anmeldelse-nfc-visitkort-tap\/#primaryimage\"},\"thumbnailUrl\":\"https:\/\/www.truzzer.com\/wp-content\/uploads\/2026\/02\/yelp-nfc-review-card-truzzer-white-s-1.jpg\",\"datePublished\":\"2026-02-05T11:45:10+00:00\",\"dateModified\":\"2026-02-13T08:32:33+00:00\",\"description\":\"F\u00e5 flere Yelp-anmeldelser med Yelp anmeldelse NFC visitkort \u201cTap\u201d fra truzzer. Nem ops\u00e6tning, klar til brug. Bestil nu!\",\"breadcrumb\":{\"@id\":\"https:\/\/www.truzzer.com\/da\/vare\/yelp-anmeldelse-nfc-visitkort-tap\/#breadcrumb\"},\"inLanguage\":\"da-DK\",\"potentialAction\":[{\"@type\":\"ReadAction\",\"target\":[\"https:\/\/www.truzzer.com\/da\/vare\/yelp-anmeldelse-nfc-visitkort-tap\/\"]}]},{\"@type\":\"ImageObject\",\"inLanguage\":\"da-DK\",\"@id\":\"https:\/\/www.truzzer.com\/da\/vare\/yelp-anmeldelse-nfc-visitkort-tap\/#primaryimage\",\"url\":\"https:\/\/www.truzzer.com\/wp-content\/uploads\/2026\/02\/yelp-nfc-review-card-truzzer-white-s-1.jpg\",\"contentUrl\":\"https:\/\/www.truzzer.com\/wp-content\/uploads\/2026\/02\/yelp-nfc-review-card-truzzer-white-s-1.jpg\",\"width\":1200,\"height\":1200},{\"@type\":\"BreadcrumbList\",\"@id\":\"https:\/\/www.truzzer.com\/da\/vare\/yelp-anmeldelse-nfc-visitkort-tap\/#breadcrumb\",\"itemListElement\":[{\"@type\":\"ListItem\",\"position\":1,\"name\":\"Home\",\"item\":\"https:\/\/www.truzzer.com\/da\/\"},{\"@type\":\"ListItem\",\"position\":2,\"name\":\"Butik\",\"item\":\"https:\/\/www.truzzer.com\/da\/shop\/\"},{\"@type\":\"ListItem\",\"position\":3,\"name\":\"Yelp anmeldelse NFC visitkort &#8220;Tap&#8221;\"}]},{\"@type\":\"WebSite\",\"@id\":\"https:\/\/www.truzzer.com\/da\/#website\",\"url\":\"https:\/\/www.truzzer.com\/da\/\",\"name\":\"truzzer\",\"description\":\"Experts for customer trust\",\"publisher\":{\"@id\":\"https:\/\/www.truzzer.com\/da\/#organization\"},\"potentialAction\":[{\"@type\":\"SearchAction\",\"target\":{\"@type\":\"EntryPoint\",\"urlTemplate\":\"https:\/\/www.truzzer.com\/da\/?s={search_term_string}\"},\"query-input\":{\"@type\":\"PropertyValueSpecification\",\"valueRequired\":true,\"valueName\":\"search_term_string\"}}],\"inLanguage\":\"da-DK\"},{\"@type\":\"Organization\",\"@id\":\"https:\/\/www.truzzer.com\/da\/#organization\",\"name\":\"truzzer\",\"url\":\"https:\/\/www.truzzer.com\/da\/\",\"logo\":{\"@type\":\"ImageObject\",\"inLanguage\":\"da-DK\",\"@id\":\"https:\/\/www.truzzer.com\/da\/#\/schema\/logo\/image\/\",\"url\":\"https:\/\/truzzer.com\/wp-content\/uploads\/2026\/01\/truzzer-logo-black-1.svg\",\"contentUrl\":\"https:\/\/truzzer.com\/wp-content\/uploads\/2026\/01\/truzzer-logo-black-1.svg\",\"width\":938,\"height\":199,\"caption\":\"truzzer\"},\"image\":{\"@id\":\"https:\/\/www.truzzer.com\/da\/#\/schema\/logo\/image\/\"}}]}<\/script>\n<!-- \/ Yoast SEO plugin. -->","yoast_head_json":{"title":"Yelp anmeldelse NFC visitkort \u201cTap\u201d | truzzer","description":"F\u00e5 flere Yelp-anmeldelser med Yelp anmeldelse NFC visitkort \u201cTap\u201d fra truzzer. Nem ops\u00e6tning, klar til brug. Bestil nu!","robots":{"index":"index","follow":"follow","max-snippet":"max-snippet:-1","max-image-preview":"max-image-preview:large","max-video-preview":"max-video-preview:-1"},"canonical":"https:\/\/www.truzzer.com\/da\/vare\/yelp-anmeldelse-nfc-visitkort-tap\/","og_locale":"da_DK","og_type":"article","og_title":"Yelp anmeldelse NFC visitkort \u201cTap\u201d | truzzer","og_description":"F\u00e5 flere Yelp-anmeldelser med Yelp anmeldelse NFC visitkort \u201cTap\u201d fra truzzer. Nem ops\u00e6tning, klar til brug. Bestil nu!","og_url":"https:\/\/www.truzzer.com\/da\/vare\/yelp-anmeldelse-nfc-visitkort-tap\/","og_site_name":"truzzer","article_modified_time":"2026-02-13T08:32:33+00:00","og_image":[{"width":1200,"height":1200,"url":"https:\/\/www.truzzer.com\/wp-content\/uploads\/2026\/02\/yelp-nfc-review-card-truzzer-white-s-1.jpg","type":"image\/jpeg"}],"twitter_card":"summary_large_image","schema":{"@context":"https:\/\/schema.org","@graph":[{"@type":"WebPage","@id":"https:\/\/www.truzzer.com\/da\/vare\/yelp-anmeldelse-nfc-visitkort-tap\/","url":"https:\/\/www.truzzer.com\/da\/vare\/yelp-anmeldelse-nfc-visitkort-tap\/","name":"Yelp anmeldelse NFC visitkort \u201cTap\u201d | truzzer","isPartOf":{"@id":"https:\/\/www.truzzer.com\/da\/#website"},"primaryImageOfPage":{"@id":"https:\/\/www.truzzer.com\/da\/vare\/yelp-anmeldelse-nfc-visitkort-tap\/#primaryimage"},"image":{"@id":"https:\/\/www.truzzer.com\/da\/vare\/yelp-anmeldelse-nfc-visitkort-tap\/#primaryimage"},"thumbnailUrl":"https:\/\/www.truzzer.com\/wp-content\/uploads\/2026\/02\/yelp-nfc-review-card-truzzer-white-s-1.jpg","datePublished":"2026-02-05T11:45:10+00:00","dateModified":"2026-02-13T08:32:33+00:00","description":"F\u00e5 flere Yelp-anmeldelser med Yelp anmeldelse NFC visitkort \u201cTap\u201d fra truzzer. Nem ops\u00e6tning, klar til brug. Bestil nu!","breadcrumb":{"@id":"https:\/\/www.truzzer.com\/da\/vare\/yelp-anmeldelse-nfc-visitkort-tap\/#breadcrumb"},"inLanguage":"da-DK","potentialAction":[{"@type":"ReadAction","target":["https:\/\/www.truzzer.com\/da\/vare\/yelp-anmeldelse-nfc-visitkort-tap\/"]}]},{"@type":"ImageObject","inLanguage":"da-DK","@id":"https:\/\/www.truzzer.com\/da\/vare\/yelp-anmeldelse-nfc-visitkort-tap\/#primaryimage","url":"https:\/\/www.truzzer.com\/wp-content\/uploads\/2026\/02\/yelp-nfc-review-card-truzzer-white-s-1.jpg","contentUrl":"https:\/\/www.truzzer.com\/wp-content\/uploads\/2026\/02\/yelp-nfc-review-card-truzzer-white-s-1.jpg","width":1200,"height":1200},{"@type":"BreadcrumbList","@id":"https:\/\/www.truzzer.com\/da\/vare\/yelp-anmeldelse-nfc-visitkort-tap\/#breadcrumb","itemListElement":[{"@type":"ListItem","position":1,"name":"Home","item":"https:\/\/www.truzzer.com\/da\/"},{"@type":"ListItem","position":2,"name":"Butik","item":"https:\/\/www.truzzer.com\/da\/shop\/"},{"@type":"ListItem","position":3,"name":"Yelp anmeldelse NFC visitkort &#8220;Tap&#8221;"}]},{"@type":"WebSite","@id":"https:\/\/www.truzzer.com\/da\/#website","url":"https:\/\/www.truzzer.com\/da\/","name":"truzzer","description":"Experts for customer trust","publisher":{"@id":"https:\/\/www.truzzer.com\/da\/#organization"},"potentialAction":[{"@type":"SearchAction","target":{"@type":"EntryPoint","urlTemplate":"https:\/\/www.truzzer.com\/da\/?s={search_term_string}"},"query-input":{"@type":"PropertyValueSpecification","valueRequired":true,"valueName":"search_term_string"}}],"inLanguage":"da-DK"},{"@type":"Organization","@id":"https:\/\/www.truzzer.com\/da\/#organization","name":"truzzer","url":"https:\/\/www.truzzer.com\/da\/","logo":{"@type":"ImageObject","inLanguage":"da-DK","@id":"https:\/\/www.truzzer.com\/da\/#\/schema\/logo\/image\/","url":"https:\/\/truzzer.com\/wp-content\/uploads\/2026\/01\/truzzer-logo-black-1.svg","contentUrl":"https:\/\/truzzer.com\/wp-content\/uploads\/2026\/01\/truzzer-logo-black-1.svg","width":938,"height":199,"caption":"truzzer"},"image":{"@id":"https:\/\/www.truzzer.com\/da\/#\/schema\/logo\/image\/"}}]}},"tiered_pricing_type":"fixed","tiered_pricing_fixed_rules":[],"tiered_pricing_product_settings":{"layout":"default","base_unit_name":{"singular":null,"plural":null},"default_variation":null},"tiered_pricing_minimum_quantity":null,"tiered_pricing_roles_data":[],"tiered_pricing_percentage_rules":[],"tiered_pricing_maximum_quantity":null,"tiered_pricing_quantity_step":null,"_links":{"self":[{"href":"https:\/\/www.truzzer.com\/da\/wp-json\/wp\/v2\/product\/92837","targetHints":{"allow":["GET"]}}],"collection":[{"href":"https:\/\/www.truzzer.com\/da\/wp-json\/wp\/v2\/product"}],"about":[{"href":"https:\/\/www.truzzer.com\/da\/wp-json\/wp\/v2\/types\/product"}],"replies":[{"embeddable":true,"href":"https:\/\/www.truzzer.com\/da\/wp-json\/wp\/v2\/comments?post=92837"}],"wp:featuredmedia":[{"embeddable":true,"href":"https:\/\/www.truzzer.com\/da\/wp-json\/wp\/v2\/media\/92838"}],"wp:attachment":[{"href":"https:\/\/www.truzzer.com\/da\/wp-json\/wp\/v2\/media?parent=92837"}],"wp:term":[{"taxonomy":"product_brand","embeddable":true,"href":"https:\/\/www.truzzer.com\/da\/wp-json\/wp\/v2\/product_brand?post=92837"},{"taxonomy":"product_cat","embeddable":true,"href":"https:\/\/www.truzzer.com\/da\/wp-json\/wp\/v2\/product_cat?post=92837"},{"taxonomy":"product_tag","embeddable":true,"href":"https:\/\/www.truzzer.com\/da\/wp-json\/wp\/v2\/product_tag?post=92837"}],"curies":[{"name":"wp","href":"https:\/\/api.w.org\/{rel}","templated":true}]}}