{"id":92865,"date":"2026-02-05T11:44:47","date_gmt":"2026-02-05T11:44:47","guid":{"rendered":"https:\/\/beta.truzzer.com\/product\/yelp-anmeld-visitkortfarve-med-yelp-anmeldelses-qr-kode\/"},"modified":"2026-02-13T08:34:38","modified_gmt":"2026-02-13T08:34:38","slug":"yelp-anmeld-visitkortfarve-med-yelp-anmeldelses-qr-kode","status":"publish","type":"product","link":"https:\/\/www.truzzer.com\/da\/vare\/yelp-anmeld-visitkortfarve-med-yelp-anmeldelses-qr-kode\/","title":{"rendered":"Yelp! Anmeld visitkortfarve med Yelp-anmeldelses QR-kode"},"content":{"rendered":"<h2>get Sie ganz einfach More Yelp-Reviewen von Kanden<\/h2>\n<p>med den truzzer Yelp! Visitkort \u201eClean\u201c k\u00f6nnen Sie schneller positive Reviewen af youren zufriedenen Kanden get og dit image sowie youre Reputation boost.<\/p>\n<p>Forst\u00e6rke din SEO-rangering.<\/p>\n<p>Jeg har praktiske visitkortformater, som du kan bruge, mere Yelp-anmeldelse til at f\u00e5 og d\u00f8 online-anmeldelse for din Kanden zug\u00e4nglich zu machen.<\/p>\n<p>Geben Sie die truzzer Yelp Visitkort og du er Kanden, legen Sie sie in die Einkaufstasche, senden Sie sie with youren Produkten or platzieren Sie sie auf den Tischen im Restaurant. Fertig.<\/p>\n<p>Der QR Code f\u00fchrt youre Kanden direkte zu yourer Yelp-Review, OHNE that sie your Unternehmen zuerst suchen m\u00fcssen. S\u00e5 verhindern Sie Abspr\u00fcnge bei der Yelp-Review.<\/p>\n<p>Sie k\u00f6nnen die Yelp-Visitkort er meget simpelt med dit logo personligg\u00f8r og din virksomhed anpasser.<\/p>\n<p>Den \u201eBewerten Sie uns auf Yelp\u201c-Produktet er simpelt til at blive brugt, hvor Ihnen ikke er i spil der Google-ReviewsSticker zeigen.<\/p>\n<p>&nbsp;<\/p>\n<p>&nbsp;<\/p>\n<h3>Schritt 1: Der Kande scannt den QR Code<\/h3>\n<p>Um Ihnen zu folgen, muss der Kande nur den QR Code scanning. Du skal bruge kameraet til smartphones (en enkelt tilg\u00e6ngelig scanner-app) er nemt at overskue produktets kvalitet.<\/p>\n<p><img decoding=\"async\" src=\"https:\/\/www.truzzer.com\/wp-content\/uploads\/2026\/02\/how-to-use-the-product-truzzer-google.jpg.webp\" height=\"933\" width=\"1400\" class=\"alignnone wp-image-22402 size-full\" alt=\"Hand scanning a QR code for Google reviews on a smartphone.\"  > <\/p>\n<p>Ein Pop-up erscheint danner en Bildschirm (iPhone) eller en QR Code wird angezeigt (Android\/Google-Smartphones).<\/p>\n<h3>Schritt 2: Der Kande gelangt direkte zum Google-Reviewsformular<\/h3>\n<p>Das Reviewsformular \u00f6ffnet sich im Browser des Smartphones, and der Kande kan Sie direkte bewerten.<\/p>\n<p>Tips:<\/p>\n<p>Bitte beachten Sie, that a Google My Business-Profil erforderlich ist, um Google-Reviewen to get.<\/p>\n<p>&nbsp;<\/p>\n","protected":false},"excerpt":{"rendered":"<p>Machen Sie es youren Kanden leicht, Sie auf Yelp zu bewerten!<\/p>\n<p>med Yelp-Business Cards \u201eClean\u201c med Yelp-Reviews-QR Code i et enkelt reduzierten og ansprechenden design, das zu jedem Unternehmen passt, k\u00f6nnen Sie m\u00fchelos neue Yelp-Reviewen \u00fcberall gewinnen.<\/p>\n<p>Im handlichen Business Cardsformat sind die \u201eBewerten Sie uns auf Yelp\u201c-Visitkort ideelle til jedermann og jedes virksomheder.<\/p>\n<p>S\u00e5 helfen Ihnen die Yelp-anmeldelser-visitkort<\/p>\n<p>Die visitkort beseitigen die gr\u00f6\u00dften H\u00fcrden for youre Kanden bei der Yelp-Review:<\/p>\n<p>Keine unangenehmen Fragen og Bitten \u2013 einfach \u00fcberreichen. Der Call-to-Action \u00fcbernimmt das for Sie.<\/p>\n<p>Reviewen were nicht vergessen, da die Kanden and die Yelp-Review erinnert were.<\/p>\n<p>Kein Suchen og keine Schwierigkeiten: Der QR Code f\u00fchrt direkte zu yourem Reviewsformular.<\/p>\n<p>Greifbar: Die visitkort machen die Yelp-Review greifbar.<\/p>\n<p>Keine zus\u00e4tzliche App: QR-koden kan nemt bruges med smartphone-kameraet.<\/p>\n<p>Der er oprettet og verlinket den QR-kode til den direkte Anmeld p\u00e5 din Yelp-Profil! Diese Informationen entnehmen wir yourer Firmenadresse.<\/p>\n<p>Bitte f\u00fcgen Se dit logo over upload-funktionen hinzu og giv dig kontaktdata en, som auf der visitkort erscheinen sollen.<\/p>\n","protected":false},"featured_media":92866,"comment_status":"open","ping_status":"closed","template":"","meta":{"_acf_changed":false,"_yoast_wpseo_focuskw":"Yelp Anmeldelse Visitkort","_yoast_wpseo_title":"Yelp! Anmeld visitkortfarve med Yelp-anmeldelse... | truzzer","_yoast_wpseo_metadesc":"F\u00e5 flere Yelp-anmeldelser med Yelp! Anmeld visitkortfarve med Yelp-anmeldelses QR-kode fra truzzer. Nem ops\u00e6tning, klar til brug. Bestil nu!"},"product_brand":[1709],"product_cat":[466,592,593,551,468],"product_tag":[],"class_list":{"0":"post-92865","1":"product","2":"type-product","3":"status-publish","4":"has-post-thumbnail","6":"product_brand-yelp","7":"product_cat-qr-kode-produkter","8":"product_cat-qr-kode-visitkort","9":"product_cat-qr-kode-visitkort-med-kontaktoplysninger","10":"product_cat-yelp-anmeldelse-visitkort","11":"product_cat-yelp-anmeldelser","12":"pa_product-type-visitekaartjes","13":"pa_technology-qr-kode","15":"first","16":"instock","17":"taxable","18":"shipping-taxable","19":"purchasable","20":"product-type-simple"},"acf":[],"yoast_head":"<!-- This site is optimized with the Yoast SEO plugin v27.0 - https:\/\/yoast.com\/product\/yoast-seo-wordpress\/ -->\n<title>Yelp! Anmeld visitkortfarve med Yelp-anmeldelse... | truzzer<\/title>\n<meta name=\"description\" content=\"F\u00e5 flere Yelp-anmeldelser med Yelp! Anmeld visitkortfarve med Yelp-anmeldelses QR-kode fra truzzer. Nem ops\u00e6tning, klar til brug. Bestil nu!\" \/>\n<meta name=\"robots\" content=\"index, follow, max-snippet:-1, max-image-preview:large, max-video-preview:-1\" \/>\n<link rel=\"canonical\" href=\"https:\/\/www.truzzer.com\/da\/vare\/yelp-anmeld-visitkortfarve-med-yelp-anmeldelses-qr-kode\/\" \/>\n<meta property=\"og:locale\" content=\"da_DK\" \/>\n<meta property=\"og:type\" content=\"article\" \/>\n<meta property=\"og:title\" content=\"Yelp! Anmeld visitkortfarve med Yelp-anmeldelse... | truzzer\" \/>\n<meta property=\"og:description\" content=\"F\u00e5 flere Yelp-anmeldelser med Yelp! Anmeld visitkortfarve med Yelp-anmeldelses QR-kode fra truzzer. Nem ops\u00e6tning, klar til brug. Bestil nu!\" \/>\n<meta property=\"og:url\" content=\"https:\/\/www.truzzer.com\/da\/vare\/yelp-anmeld-visitkortfarve-med-yelp-anmeldelses-qr-kode\/\" \/>\n<meta property=\"og:site_name\" content=\"truzzer\" \/>\n<meta property=\"article:modified_time\" content=\"2026-02-13T08:34:38+00:00\" \/>\n<meta property=\"og:image\" content=\"https:\/\/www.truzzer.com\/wp-content\/uploads\/2026\/02\/review-us-on-yelp-business-card-color-with-review-qr-code-color-truzzer-1.jpg\" \/>\n\t<meta property=\"og:image:width\" content=\"1200\" \/>\n\t<meta property=\"og:image:height\" content=\"1200\" \/>\n\t<meta property=\"og:image:type\" content=\"image\/jpeg\" \/>\n<meta name=\"twitter:card\" content=\"summary_large_image\" \/>\n<meta name=\"twitter:label1\" content=\"Estimeret l\u00e6setid\" \/>\n\t<meta name=\"twitter:data1\" content=\"1 minut\" \/>\n<script type=\"application\/ld+json\" class=\"yoast-schema-graph\">{\"@context\":\"https:\/\/schema.org\",\"@graph\":[{\"@type\":\"WebPage\",\"@id\":\"https:\/\/www.truzzer.com\/da\/vare\/yelp-anmeld-visitkortfarve-med-yelp-anmeldelses-qr-kode\/\",\"url\":\"https:\/\/www.truzzer.com\/da\/vare\/yelp-anmeld-visitkortfarve-med-yelp-anmeldelses-qr-kode\/\",\"name\":\"Yelp! Anmeld visitkortfarve med Yelp-anmeldelse... | truzzer\",\"isPartOf\":{\"@id\":\"https:\/\/www.truzzer.com\/da\/#website\"},\"primaryImageOfPage\":{\"@id\":\"https:\/\/www.truzzer.com\/da\/vare\/yelp-anmeld-visitkortfarve-med-yelp-anmeldelses-qr-kode\/#primaryimage\"},\"image\":{\"@id\":\"https:\/\/www.truzzer.com\/da\/vare\/yelp-anmeld-visitkortfarve-med-yelp-anmeldelses-qr-kode\/#primaryimage\"},\"thumbnailUrl\":\"https:\/\/www.truzzer.com\/wp-content\/uploads\/2026\/02\/review-us-on-yelp-business-card-color-with-review-qr-code-color-truzzer-1.jpg\",\"datePublished\":\"2026-02-05T11:44:47+00:00\",\"dateModified\":\"2026-02-13T08:34:38+00:00\",\"description\":\"F\u00e5 flere Yelp-anmeldelser med Yelp! Anmeld visitkortfarve med Yelp-anmeldelses QR-kode fra truzzer. Nem ops\u00e6tning, klar til brug. Bestil nu!\",\"breadcrumb\":{\"@id\":\"https:\/\/www.truzzer.com\/da\/vare\/yelp-anmeld-visitkortfarve-med-yelp-anmeldelses-qr-kode\/#breadcrumb\"},\"inLanguage\":\"da-DK\",\"potentialAction\":[{\"@type\":\"ReadAction\",\"target\":[\"https:\/\/www.truzzer.com\/da\/vare\/yelp-anmeld-visitkortfarve-med-yelp-anmeldelses-qr-kode\/\"]}]},{\"@type\":\"ImageObject\",\"inLanguage\":\"da-DK\",\"@id\":\"https:\/\/www.truzzer.com\/da\/vare\/yelp-anmeld-visitkortfarve-med-yelp-anmeldelses-qr-kode\/#primaryimage\",\"url\":\"https:\/\/www.truzzer.com\/wp-content\/uploads\/2026\/02\/review-us-on-yelp-business-card-color-with-review-qr-code-color-truzzer-1.jpg\",\"contentUrl\":\"https:\/\/www.truzzer.com\/wp-content\/uploads\/2026\/02\/review-us-on-yelp-business-card-color-with-review-qr-code-color-truzzer-1.jpg\",\"width\":1200,\"height\":1200},{\"@type\":\"BreadcrumbList\",\"@id\":\"https:\/\/www.truzzer.com\/da\/vare\/yelp-anmeld-visitkortfarve-med-yelp-anmeldelses-qr-kode\/#breadcrumb\",\"itemListElement\":[{\"@type\":\"ListItem\",\"position\":1,\"name\":\"Home\",\"item\":\"https:\/\/www.truzzer.com\/da\/\"},{\"@type\":\"ListItem\",\"position\":2,\"name\":\"Butik\",\"item\":\"https:\/\/www.truzzer.com\/da\/shop\/\"},{\"@type\":\"ListItem\",\"position\":3,\"name\":\"Yelp! Anmeld visitkortfarve med Yelp-anmeldelses QR-kode\"}]},{\"@type\":\"WebSite\",\"@id\":\"https:\/\/www.truzzer.com\/da\/#website\",\"url\":\"https:\/\/www.truzzer.com\/da\/\",\"name\":\"truzzer\",\"description\":\"Experts for customer trust\",\"publisher\":{\"@id\":\"https:\/\/www.truzzer.com\/da\/#organization\"},\"potentialAction\":[{\"@type\":\"SearchAction\",\"target\":{\"@type\":\"EntryPoint\",\"urlTemplate\":\"https:\/\/www.truzzer.com\/da\/?s={search_term_string}\"},\"query-input\":{\"@type\":\"PropertyValueSpecification\",\"valueRequired\":true,\"valueName\":\"search_term_string\"}}],\"inLanguage\":\"da-DK\"},{\"@type\":\"Organization\",\"@id\":\"https:\/\/www.truzzer.com\/da\/#organization\",\"name\":\"truzzer\",\"url\":\"https:\/\/www.truzzer.com\/da\/\",\"logo\":{\"@type\":\"ImageObject\",\"inLanguage\":\"da-DK\",\"@id\":\"https:\/\/www.truzzer.com\/da\/#\/schema\/logo\/image\/\",\"url\":\"https:\/\/truzzer.com\/wp-content\/uploads\/2026\/01\/truzzer-logo-black-1.svg\",\"contentUrl\":\"https:\/\/truzzer.com\/wp-content\/uploads\/2026\/01\/truzzer-logo-black-1.svg\",\"width\":938,\"height\":199,\"caption\":\"truzzer\"},\"image\":{\"@id\":\"https:\/\/www.truzzer.com\/da\/#\/schema\/logo\/image\/\"}}]}<\/script>\n<!-- \/ Yoast SEO plugin. -->","yoast_head_json":{"title":"Yelp! Anmeld visitkortfarve med Yelp-anmeldelse... | truzzer","description":"F\u00e5 flere Yelp-anmeldelser med Yelp! Anmeld visitkortfarve med Yelp-anmeldelses QR-kode fra truzzer. Nem ops\u00e6tning, klar til brug. Bestil nu!","robots":{"index":"index","follow":"follow","max-snippet":"max-snippet:-1","max-image-preview":"max-image-preview:large","max-video-preview":"max-video-preview:-1"},"canonical":"https:\/\/www.truzzer.com\/da\/vare\/yelp-anmeld-visitkortfarve-med-yelp-anmeldelses-qr-kode\/","og_locale":"da_DK","og_type":"article","og_title":"Yelp! Anmeld visitkortfarve med Yelp-anmeldelse... | truzzer","og_description":"F\u00e5 flere Yelp-anmeldelser med Yelp! Anmeld visitkortfarve med Yelp-anmeldelses QR-kode fra truzzer. Nem ops\u00e6tning, klar til brug. Bestil nu!","og_url":"https:\/\/www.truzzer.com\/da\/vare\/yelp-anmeld-visitkortfarve-med-yelp-anmeldelses-qr-kode\/","og_site_name":"truzzer","article_modified_time":"2026-02-13T08:34:38+00:00","og_image":[{"width":1200,"height":1200,"url":"https:\/\/www.truzzer.com\/wp-content\/uploads\/2026\/02\/review-us-on-yelp-business-card-color-with-review-qr-code-color-truzzer-1.jpg","type":"image\/jpeg"}],"twitter_card":"summary_large_image","twitter_misc":{"Estimeret l\u00e6setid":"1 minut"},"schema":{"@context":"https:\/\/schema.org","@graph":[{"@type":"WebPage","@id":"https:\/\/www.truzzer.com\/da\/vare\/yelp-anmeld-visitkortfarve-med-yelp-anmeldelses-qr-kode\/","url":"https:\/\/www.truzzer.com\/da\/vare\/yelp-anmeld-visitkortfarve-med-yelp-anmeldelses-qr-kode\/","name":"Yelp! Anmeld visitkortfarve med Yelp-anmeldelse... | truzzer","isPartOf":{"@id":"https:\/\/www.truzzer.com\/da\/#website"},"primaryImageOfPage":{"@id":"https:\/\/www.truzzer.com\/da\/vare\/yelp-anmeld-visitkortfarve-med-yelp-anmeldelses-qr-kode\/#primaryimage"},"image":{"@id":"https:\/\/www.truzzer.com\/da\/vare\/yelp-anmeld-visitkortfarve-med-yelp-anmeldelses-qr-kode\/#primaryimage"},"thumbnailUrl":"https:\/\/www.truzzer.com\/wp-content\/uploads\/2026\/02\/review-us-on-yelp-business-card-color-with-review-qr-code-color-truzzer-1.jpg","datePublished":"2026-02-05T11:44:47+00:00","dateModified":"2026-02-13T08:34:38+00:00","description":"F\u00e5 flere Yelp-anmeldelser med Yelp! Anmeld visitkortfarve med Yelp-anmeldelses QR-kode fra truzzer. Nem ops\u00e6tning, klar til brug. Bestil nu!","breadcrumb":{"@id":"https:\/\/www.truzzer.com\/da\/vare\/yelp-anmeld-visitkortfarve-med-yelp-anmeldelses-qr-kode\/#breadcrumb"},"inLanguage":"da-DK","potentialAction":[{"@type":"ReadAction","target":["https:\/\/www.truzzer.com\/da\/vare\/yelp-anmeld-visitkortfarve-med-yelp-anmeldelses-qr-kode\/"]}]},{"@type":"ImageObject","inLanguage":"da-DK","@id":"https:\/\/www.truzzer.com\/da\/vare\/yelp-anmeld-visitkortfarve-med-yelp-anmeldelses-qr-kode\/#primaryimage","url":"https:\/\/www.truzzer.com\/wp-content\/uploads\/2026\/02\/review-us-on-yelp-business-card-color-with-review-qr-code-color-truzzer-1.jpg","contentUrl":"https:\/\/www.truzzer.com\/wp-content\/uploads\/2026\/02\/review-us-on-yelp-business-card-color-with-review-qr-code-color-truzzer-1.jpg","width":1200,"height":1200},{"@type":"BreadcrumbList","@id":"https:\/\/www.truzzer.com\/da\/vare\/yelp-anmeld-visitkortfarve-med-yelp-anmeldelses-qr-kode\/#breadcrumb","itemListElement":[{"@type":"ListItem","position":1,"name":"Home","item":"https:\/\/www.truzzer.com\/da\/"},{"@type":"ListItem","position":2,"name":"Butik","item":"https:\/\/www.truzzer.com\/da\/shop\/"},{"@type":"ListItem","position":3,"name":"Yelp! Anmeld visitkortfarve med Yelp-anmeldelses QR-kode"}]},{"@type":"WebSite","@id":"https:\/\/www.truzzer.com\/da\/#website","url":"https:\/\/www.truzzer.com\/da\/","name":"truzzer","description":"Experts for customer trust","publisher":{"@id":"https:\/\/www.truzzer.com\/da\/#organization"},"potentialAction":[{"@type":"SearchAction","target":{"@type":"EntryPoint","urlTemplate":"https:\/\/www.truzzer.com\/da\/?s={search_term_string}"},"query-input":{"@type":"PropertyValueSpecification","valueRequired":true,"valueName":"search_term_string"}}],"inLanguage":"da-DK"},{"@type":"Organization","@id":"https:\/\/www.truzzer.com\/da\/#organization","name":"truzzer","url":"https:\/\/www.truzzer.com\/da\/","logo":{"@type":"ImageObject","inLanguage":"da-DK","@id":"https:\/\/www.truzzer.com\/da\/#\/schema\/logo\/image\/","url":"https:\/\/truzzer.com\/wp-content\/uploads\/2026\/01\/truzzer-logo-black-1.svg","contentUrl":"https:\/\/truzzer.com\/wp-content\/uploads\/2026\/01\/truzzer-logo-black-1.svg","width":938,"height":199,"caption":"truzzer"},"image":{"@id":"https:\/\/www.truzzer.com\/da\/#\/schema\/logo\/image\/"}}]}},"tiered_pricing_type":"fixed","tiered_pricing_fixed_rules":[],"tiered_pricing_product_settings":{"layout":"default","base_unit_name":{"singular":null,"plural":null},"default_variation":null},"tiered_pricing_minimum_quantity":null,"tiered_pricing_roles_data":[],"tiered_pricing_percentage_rules":[],"tiered_pricing_maximum_quantity":null,"tiered_pricing_quantity_step":null,"_links":{"self":[{"href":"https:\/\/www.truzzer.com\/da\/wp-json\/wp\/v2\/product\/92865","targetHints":{"allow":["GET"]}}],"collection":[{"href":"https:\/\/www.truzzer.com\/da\/wp-json\/wp\/v2\/product"}],"about":[{"href":"https:\/\/www.truzzer.com\/da\/wp-json\/wp\/v2\/types\/product"}],"replies":[{"embeddable":true,"href":"https:\/\/www.truzzer.com\/da\/wp-json\/wp\/v2\/comments?post=92865"}],"wp:featuredmedia":[{"embeddable":true,"href":"https:\/\/www.truzzer.com\/da\/wp-json\/wp\/v2\/media\/92866"}],"wp:attachment":[{"href":"https:\/\/www.truzzer.com\/da\/wp-json\/wp\/v2\/media?parent=92865"}],"wp:term":[{"taxonomy":"product_brand","embeddable":true,"href":"https:\/\/www.truzzer.com\/da\/wp-json\/wp\/v2\/product_brand?post=92865"},{"taxonomy":"product_cat","embeddable":true,"href":"https:\/\/www.truzzer.com\/da\/wp-json\/wp\/v2\/product_cat?post=92865"},{"taxonomy":"product_tag","embeddable":true,"href":"https:\/\/www.truzzer.com\/da\/wp-json\/wp\/v2\/product_tag?post=92865"}],"curies":[{"name":"wp","href":"https:\/\/api.w.org\/{rel}","templated":true}]}}