{"id":92879,"date":"2026-02-05T11:44:39","date_gmt":"2026-02-05T11:44:39","guid":{"rendered":"https:\/\/beta.truzzer.com\/product\/yelp-anmeld-sticker-clean-med-anmeldelse-qr\/"},"modified":"2026-02-12T15:52:09","modified_gmt":"2026-02-12T15:52:09","slug":"yelp-anmeld-sticker-clean-med-anmeldelse-qr","status":"publish","type":"product","link":"https:\/\/www.truzzer.com\/da\/vare\/yelp-anmeld-sticker-clean-med-anmeldelse-qr\/","title":{"rendered":"Yelp! Anmeld Sticker Clean med anmeldelse QR"},"content":{"rendered":"<p>med den Truzzer Yelp! AnmeldelserKlisterm\u00e6rke med QR-kode-link og din egen logo k\u00f6nnen Sie schnell positive Reviewen af \u200b\u200bdin zufriedenen Kanden direkte i din Business get.<\/p>\n<p>Im praktiske randen Format machen Sie die Yelp! Anmeldelse af din Kanden greifbar. Platzieren Sie die Sticker gut sichtbar im Kassenbereich, an der Eingangst\u00fcr or \u00fcberall dort, wo youre Kanden die Sticker sehen k\u00f6nnen.<\/p>\n<ul>\n<li>Geeignet for den Innen- og Au\u00dfenbereich<\/li>\n<li>Wetterfest<\/li>\n<li>for jede glatte Oberfl\u00e4che geeignet<\/li>\n<li>til EinzelhandelsBusinesse, T\u00fcren eller als Auto-Yelp-Sticker<\/li>\n<li>S\u00e5 er du altid velkommen til at v\u00e6re p\u00e5 Yelp! finden k\u00f6nnen<\/li>\n<li>tilpasset til Sie angefertigt<\/li>\n<\/ul>\n<p>Sie k\u00f6nnen die Yelp! AnmeldelserKlisterm\u00e6rke med dit logo ganz einfach personalisieren og en din virksomhed anpassen.<\/p>\n<p>Am Beispiel der Google-Sticker kan ses, som Sticker funktionieren (identiske Funktionalit\u00e4t).<\/p>\n<p>&nbsp;<\/p>\n<p>&lt;h3&gt;Schritt 1: Der Kande scannt den QR Code&lt;\/h3&gt; Um Ihnen zu folgen, muss der Kande nur den QR Code scanning. Dazu skal kameraet til smartphones (en enkel tilg\u00e6ngelig scanner-app) er nemt at overskue produktets kvalitet. &lt;img class=&#8221;alignnone wp-image-22402 size-full&#8221; src=&#8221;https:\/\/www.truzzer.com\/wp-content\/uploads\/2026\/02\/how-to-use-the-product-truzzer-google.jpg.webp&#8221; alt=&#8221;&#8221; width=&#8221;1400&#8243; height=&#8221;933&#8243; \/&gt;<\/p>\n<p>Et pop-up-vindue er vist p\u00e5 billedet (iPhone) eller en QR-kode (Android\/Google-Smartphones).<\/p>\n<p>&lt;h3&gt;Schritt 2: Der Kande gelangt direkte zum Google-Reviewsformular&lt;\/h3&gt; Das Reviewsformular \u00f6ffnet sich im Browser des Smartphones, and der Kande kan Sie direkte bewerten.<\/p>\n","protected":false},"excerpt":{"rendered":"<p>Die \u201eBewerten Sie uns auf Yelp!\u201c-Sticker helfen Ihnen, schneller More Yelp-Reviewen von youren Kanden zu get.<\/p>\n<p>Selbstklebend pass sich die \u201eBewerten Sie uns auf Yelp!\u201c-Klisterm\u00e6rke nahtlos in jedes Unternehmen ein and haften auf jeder glatten Oberfl\u00e4che.<\/p>\n<p>Wir erstellen and verlinken den QR Code for die direkte Review auf yourem Yelp-Profil for Sie!<\/p>\n<p>Diese Informationen entnehmen wir yourer Firmenadresse.<\/p>\n","protected":false},"featured_media":92880,"comment_status":"open","ping_status":"closed","template":"","meta":{"_acf_changed":false,"_yoast_wpseo_focuskw":"Yelp Anmeldelse Klisterm\u00e6rke","_yoast_wpseo_title":"Yelp! Anmeld Sticker Clean med anmeldelse QR | truzzer","_yoast_wpseo_metadesc":"F\u00e5 flere Yelp-anmeldelser med Yelp! Anmeld Sticker Clean med anmeldelse QR fra truzzer. Nem ops\u00e6tning, klar til brug. Bestil nu!"},"product_brand":[1709],"product_cat":[467,466,469,468],"product_tag":[],"class_list":{"0":"post-92879","1":"product","2":"type-product","3":"status-publish","4":"has-post-thumbnail","6":"product_brand-yelp","7":"product_cat-qr-kode-klistermaerker","8":"product_cat-qr-kode-produkter","9":"product_cat-yelp-anmeldelse-klistermaerker","10":"product_cat-yelp-anmeldelser","11":"pa_product-type-klistermaerke","12":"pa_shape-rond","13":"pa_technology-qr-kode","15":"first","16":"instock","17":"taxable","18":"shipping-taxable","19":"purchasable","20":"product-type-variable","21":"has-default-attributes"},"acf":[],"yoast_head":"<!-- This site is optimized with the Yoast SEO plugin v27.0 - https:\/\/yoast.com\/product\/yoast-seo-wordpress\/ -->\n<title>Yelp! Anmeld Sticker Clean med anmeldelse QR | truzzer<\/title>\n<meta name=\"description\" content=\"F\u00e5 flere Yelp-anmeldelser med Yelp! Anmeld Sticker Clean med anmeldelse QR fra truzzer. Nem ops\u00e6tning, klar til brug. Bestil nu!\" \/>\n<meta name=\"robots\" content=\"index, follow, max-snippet:-1, max-image-preview:large, max-video-preview:-1\" \/>\n<link rel=\"canonical\" href=\"https:\/\/www.truzzer.com\/da\/vare\/yelp-anmeld-sticker-clean-med-anmeldelse-qr\/\" \/>\n<meta property=\"og:locale\" content=\"da_DK\" \/>\n<meta property=\"og:type\" content=\"article\" \/>\n<meta property=\"og:title\" content=\"Yelp! Anmeld Sticker Clean med anmeldelse QR | truzzer\" \/>\n<meta property=\"og:description\" content=\"F\u00e5 flere Yelp-anmeldelser med Yelp! Anmeld Sticker Clean med anmeldelse QR fra truzzer. Nem ops\u00e6tning, klar til brug. Bestil nu!\" \/>\n<meta property=\"og:url\" content=\"https:\/\/www.truzzer.com\/da\/vare\/yelp-anmeld-sticker-clean-med-anmeldelse-qr\/\" \/>\n<meta property=\"og:site_name\" content=\"truzzer\" \/>\n<meta property=\"article:modified_time\" content=\"2026-02-12T15:52:09+00:00\" \/>\n<meta property=\"og:image\" content=\"https:\/\/www.truzzer.com\/wp-content\/uploads\/2026\/02\/review-us-on-yelp-sticker-with-review-qr-code-clean-truzzer-1.jpg\" \/>\n\t<meta property=\"og:image:width\" content=\"1200\" \/>\n\t<meta property=\"og:image:height\" content=\"1200\" \/>\n\t<meta property=\"og:image:type\" content=\"image\/jpeg\" \/>\n<meta name=\"twitter:card\" content=\"summary_large_image\" \/>\n<meta name=\"twitter:label1\" content=\"Estimeret l\u00e6setid\" \/>\n\t<meta name=\"twitter:data1\" content=\"1 minut\" \/>\n<script type=\"application\/ld+json\" class=\"yoast-schema-graph\">{\"@context\":\"https:\/\/schema.org\",\"@graph\":[{\"@type\":\"WebPage\",\"@id\":\"https:\/\/www.truzzer.com\/da\/vare\/yelp-anmeld-sticker-clean-med-anmeldelse-qr\/\",\"url\":\"https:\/\/www.truzzer.com\/da\/vare\/yelp-anmeld-sticker-clean-med-anmeldelse-qr\/\",\"name\":\"Yelp! Anmeld Sticker Clean med anmeldelse QR | truzzer\",\"isPartOf\":{\"@id\":\"https:\/\/www.truzzer.com\/da\/#website\"},\"primaryImageOfPage\":{\"@id\":\"https:\/\/www.truzzer.com\/da\/vare\/yelp-anmeld-sticker-clean-med-anmeldelse-qr\/#primaryimage\"},\"image\":{\"@id\":\"https:\/\/www.truzzer.com\/da\/vare\/yelp-anmeld-sticker-clean-med-anmeldelse-qr\/#primaryimage\"},\"thumbnailUrl\":\"https:\/\/www.truzzer.com\/wp-content\/uploads\/2026\/02\/review-us-on-yelp-sticker-with-review-qr-code-clean-truzzer-1.jpg\",\"datePublished\":\"2026-02-05T11:44:39+00:00\",\"dateModified\":\"2026-02-12T15:52:09+00:00\",\"description\":\"F\u00e5 flere Yelp-anmeldelser med Yelp! Anmeld Sticker Clean med anmeldelse QR fra truzzer. Nem ops\u00e6tning, klar til brug. Bestil nu!\",\"breadcrumb\":{\"@id\":\"https:\/\/www.truzzer.com\/da\/vare\/yelp-anmeld-sticker-clean-med-anmeldelse-qr\/#breadcrumb\"},\"inLanguage\":\"da-DK\",\"potentialAction\":[{\"@type\":\"ReadAction\",\"target\":[\"https:\/\/www.truzzer.com\/da\/vare\/yelp-anmeld-sticker-clean-med-anmeldelse-qr\/\"]}]},{\"@type\":\"ImageObject\",\"inLanguage\":\"da-DK\",\"@id\":\"https:\/\/www.truzzer.com\/da\/vare\/yelp-anmeld-sticker-clean-med-anmeldelse-qr\/#primaryimage\",\"url\":\"https:\/\/www.truzzer.com\/wp-content\/uploads\/2026\/02\/review-us-on-yelp-sticker-with-review-qr-code-clean-truzzer-1.jpg\",\"contentUrl\":\"https:\/\/www.truzzer.com\/wp-content\/uploads\/2026\/02\/review-us-on-yelp-sticker-with-review-qr-code-clean-truzzer-1.jpg\",\"width\":1200,\"height\":1200},{\"@type\":\"BreadcrumbList\",\"@id\":\"https:\/\/www.truzzer.com\/da\/vare\/yelp-anmeld-sticker-clean-med-anmeldelse-qr\/#breadcrumb\",\"itemListElement\":[{\"@type\":\"ListItem\",\"position\":1,\"name\":\"Home\",\"item\":\"https:\/\/www.truzzer.com\/da\/\"},{\"@type\":\"ListItem\",\"position\":2,\"name\":\"Butik\",\"item\":\"https:\/\/www.truzzer.com\/da\/shop\/\"},{\"@type\":\"ListItem\",\"position\":3,\"name\":\"Yelp! Anmeld Sticker Clean med anmeldelse QR\"}]},{\"@type\":\"WebSite\",\"@id\":\"https:\/\/www.truzzer.com\/da\/#website\",\"url\":\"https:\/\/www.truzzer.com\/da\/\",\"name\":\"truzzer\",\"description\":\"Experts for customer trust\",\"publisher\":{\"@id\":\"https:\/\/www.truzzer.com\/da\/#organization\"},\"potentialAction\":[{\"@type\":\"SearchAction\",\"target\":{\"@type\":\"EntryPoint\",\"urlTemplate\":\"https:\/\/www.truzzer.com\/da\/?s={search_term_string}\"},\"query-input\":{\"@type\":\"PropertyValueSpecification\",\"valueRequired\":true,\"valueName\":\"search_term_string\"}}],\"inLanguage\":\"da-DK\"},{\"@type\":\"Organization\",\"@id\":\"https:\/\/www.truzzer.com\/da\/#organization\",\"name\":\"truzzer\",\"url\":\"https:\/\/www.truzzer.com\/da\/\",\"logo\":{\"@type\":\"ImageObject\",\"inLanguage\":\"da-DK\",\"@id\":\"https:\/\/www.truzzer.com\/da\/#\/schema\/logo\/image\/\",\"url\":\"https:\/\/truzzer.com\/wp-content\/uploads\/2026\/01\/truzzer-logo-black-1.svg\",\"contentUrl\":\"https:\/\/truzzer.com\/wp-content\/uploads\/2026\/01\/truzzer-logo-black-1.svg\",\"width\":938,\"height\":199,\"caption\":\"truzzer\"},\"image\":{\"@id\":\"https:\/\/www.truzzer.com\/da\/#\/schema\/logo\/image\/\"}}]}<\/script>\n<!-- \/ Yoast SEO plugin. -->","yoast_head_json":{"title":"Yelp! Anmeld Sticker Clean med anmeldelse QR | truzzer","description":"F\u00e5 flere Yelp-anmeldelser med Yelp! Anmeld Sticker Clean med anmeldelse QR fra truzzer. Nem ops\u00e6tning, klar til brug. Bestil nu!","robots":{"index":"index","follow":"follow","max-snippet":"max-snippet:-1","max-image-preview":"max-image-preview:large","max-video-preview":"max-video-preview:-1"},"canonical":"https:\/\/www.truzzer.com\/da\/vare\/yelp-anmeld-sticker-clean-med-anmeldelse-qr\/","og_locale":"da_DK","og_type":"article","og_title":"Yelp! Anmeld Sticker Clean med anmeldelse QR | truzzer","og_description":"F\u00e5 flere Yelp-anmeldelser med Yelp! Anmeld Sticker Clean med anmeldelse QR fra truzzer. Nem ops\u00e6tning, klar til brug. Bestil nu!","og_url":"https:\/\/www.truzzer.com\/da\/vare\/yelp-anmeld-sticker-clean-med-anmeldelse-qr\/","og_site_name":"truzzer","article_modified_time":"2026-02-12T15:52:09+00:00","og_image":[{"width":1200,"height":1200,"url":"https:\/\/www.truzzer.com\/wp-content\/uploads\/2026\/02\/review-us-on-yelp-sticker-with-review-qr-code-clean-truzzer-1.jpg","type":"image\/jpeg"}],"twitter_card":"summary_large_image","twitter_misc":{"Estimeret l\u00e6setid":"1 minut"},"schema":{"@context":"https:\/\/schema.org","@graph":[{"@type":"WebPage","@id":"https:\/\/www.truzzer.com\/da\/vare\/yelp-anmeld-sticker-clean-med-anmeldelse-qr\/","url":"https:\/\/www.truzzer.com\/da\/vare\/yelp-anmeld-sticker-clean-med-anmeldelse-qr\/","name":"Yelp! Anmeld Sticker Clean med anmeldelse QR | truzzer","isPartOf":{"@id":"https:\/\/www.truzzer.com\/da\/#website"},"primaryImageOfPage":{"@id":"https:\/\/www.truzzer.com\/da\/vare\/yelp-anmeld-sticker-clean-med-anmeldelse-qr\/#primaryimage"},"image":{"@id":"https:\/\/www.truzzer.com\/da\/vare\/yelp-anmeld-sticker-clean-med-anmeldelse-qr\/#primaryimage"},"thumbnailUrl":"https:\/\/www.truzzer.com\/wp-content\/uploads\/2026\/02\/review-us-on-yelp-sticker-with-review-qr-code-clean-truzzer-1.jpg","datePublished":"2026-02-05T11:44:39+00:00","dateModified":"2026-02-12T15:52:09+00:00","description":"F\u00e5 flere Yelp-anmeldelser med Yelp! Anmeld Sticker Clean med anmeldelse QR fra truzzer. Nem ops\u00e6tning, klar til brug. Bestil nu!","breadcrumb":{"@id":"https:\/\/www.truzzer.com\/da\/vare\/yelp-anmeld-sticker-clean-med-anmeldelse-qr\/#breadcrumb"},"inLanguage":"da-DK","potentialAction":[{"@type":"ReadAction","target":["https:\/\/www.truzzer.com\/da\/vare\/yelp-anmeld-sticker-clean-med-anmeldelse-qr\/"]}]},{"@type":"ImageObject","inLanguage":"da-DK","@id":"https:\/\/www.truzzer.com\/da\/vare\/yelp-anmeld-sticker-clean-med-anmeldelse-qr\/#primaryimage","url":"https:\/\/www.truzzer.com\/wp-content\/uploads\/2026\/02\/review-us-on-yelp-sticker-with-review-qr-code-clean-truzzer-1.jpg","contentUrl":"https:\/\/www.truzzer.com\/wp-content\/uploads\/2026\/02\/review-us-on-yelp-sticker-with-review-qr-code-clean-truzzer-1.jpg","width":1200,"height":1200},{"@type":"BreadcrumbList","@id":"https:\/\/www.truzzer.com\/da\/vare\/yelp-anmeld-sticker-clean-med-anmeldelse-qr\/#breadcrumb","itemListElement":[{"@type":"ListItem","position":1,"name":"Home","item":"https:\/\/www.truzzer.com\/da\/"},{"@type":"ListItem","position":2,"name":"Butik","item":"https:\/\/www.truzzer.com\/da\/shop\/"},{"@type":"ListItem","position":3,"name":"Yelp! Anmeld Sticker Clean med anmeldelse QR"}]},{"@type":"WebSite","@id":"https:\/\/www.truzzer.com\/da\/#website","url":"https:\/\/www.truzzer.com\/da\/","name":"truzzer","description":"Experts for customer trust","publisher":{"@id":"https:\/\/www.truzzer.com\/da\/#organization"},"potentialAction":[{"@type":"SearchAction","target":{"@type":"EntryPoint","urlTemplate":"https:\/\/www.truzzer.com\/da\/?s={search_term_string}"},"query-input":{"@type":"PropertyValueSpecification","valueRequired":true,"valueName":"search_term_string"}}],"inLanguage":"da-DK"},{"@type":"Organization","@id":"https:\/\/www.truzzer.com\/da\/#organization","name":"truzzer","url":"https:\/\/www.truzzer.com\/da\/","logo":{"@type":"ImageObject","inLanguage":"da-DK","@id":"https:\/\/www.truzzer.com\/da\/#\/schema\/logo\/image\/","url":"https:\/\/truzzer.com\/wp-content\/uploads\/2026\/01\/truzzer-logo-black-1.svg","contentUrl":"https:\/\/truzzer.com\/wp-content\/uploads\/2026\/01\/truzzer-logo-black-1.svg","width":938,"height":199,"caption":"truzzer"},"image":{"@id":"https:\/\/www.truzzer.com\/da\/#\/schema\/logo\/image\/"}}]}},"tiered_pricing_type":"fixed","tiered_pricing_fixed_rules":[],"tiered_pricing_product_settings":{"layout":"default","base_unit_name":{"singular":null,"plural":null},"default_variation":null},"tiered_pricing_minimum_quantity":null,"tiered_pricing_roles_data":[],"tiered_pricing_percentage_rules":[],"tiered_pricing_maximum_quantity":null,"tiered_pricing_quantity_step":null,"_links":{"self":[{"href":"https:\/\/www.truzzer.com\/da\/wp-json\/wp\/v2\/product\/92879","targetHints":{"allow":["GET"]}}],"collection":[{"href":"https:\/\/www.truzzer.com\/da\/wp-json\/wp\/v2\/product"}],"about":[{"href":"https:\/\/www.truzzer.com\/da\/wp-json\/wp\/v2\/types\/product"}],"replies":[{"embeddable":true,"href":"https:\/\/www.truzzer.com\/da\/wp-json\/wp\/v2\/comments?post=92879"}],"wp:featuredmedia":[{"embeddable":true,"href":"https:\/\/www.truzzer.com\/da\/wp-json\/wp\/v2\/media\/92880"}],"wp:attachment":[{"href":"https:\/\/www.truzzer.com\/da\/wp-json\/wp\/v2\/media?parent=92879"}],"wp:term":[{"taxonomy":"product_brand","embeddable":true,"href":"https:\/\/www.truzzer.com\/da\/wp-json\/wp\/v2\/product_brand?post=92879"},{"taxonomy":"product_cat","embeddable":true,"href":"https:\/\/www.truzzer.com\/da\/wp-json\/wp\/v2\/product_cat?post=92879"},{"taxonomy":"product_tag","embeddable":true,"href":"https:\/\/www.truzzer.com\/da\/wp-json\/wp\/v2\/product_tag?post=92879"}],"curies":[{"name":"wp","href":"https:\/\/api.w.org\/{rel}","templated":true}]}}