{"id":92914,"date":"2026-02-05T11:39:39","date_gmt":"2026-02-05T11:39:39","guid":{"rendered":"https:\/\/beta.truzzer.com\/product\/tiktok-klistermaerke-minimal\/"},"modified":"2026-02-13T08:36:10","modified_gmt":"2026-02-13T08:36:10","slug":"tiktok-klistermaerke-minimal","status":"publish","type":"product","link":"https:\/\/www.truzzer.com\/da\/vare\/tiktok-klistermaerke-minimal\/","title":{"rendered":"TikTok-klisterm\u00e6rke &#8220;Minimal&#8221;"},"content":{"rendered":"<h2>K\u00f8b TikTok-klisterm\u00e6rker online<\/h2>\n<p>Med truzzeren TikTok-klisterm\u00e6rker med QR-kodelink og dit eget brugernavn kan du nemt f\u00e5 nye f\u00f8lgere p\u00e5 TikTok!<\/p>\n<p>I det praktiske runde format g\u00f8r du din konto h\u00e5ndgribelig for dine kunder.<br \/>\nPlacer klisterm\u00e6rkerne fremtr\u00e6dende i kassen, p\u00e5 hovedd\u00f8ren, som et kofangerm\u00e6rkat p\u00e5 din bil, eller hvor som helst dine kunder kan se klisterm\u00e6rkerne.<\/p>\n<p>&#8211; Velegnet til indend\u00f8rs og udend\u00f8rs brug<br \/>\n&#8211; Vejrbestandig<br \/>\n&#8211; Velegnet til enhver glat overflade<br \/>\n-Til detailbutikker, d\u00f8re eller som Instagram-klisterm\u00e6rke til bil<br \/>\n-Viser dine kunder, at de ogs\u00e5 kan finde dig p\u00e5 Instagram<\/p>\n<p>F\u00f8lg os p\u00e5 TikTok-klisterm\u00e6rkerne med QR-kode-link leder dine kunder til din TikTok-profil, n\u00e5r de scanner QR-koden.<\/p>\n<p>&nbsp;<\/p>\n<h2>Flere oplysninger<\/h2>\n<p>I de senere \u00e5r er TikTok blevet en af de mest popul\u00e6re sociale medieplatforme med over en milliard aktive brugere verden over. Med sit kortformede videoformat har TikTok vundet popularitet blandt virksomheder og marketingfolk, der \u00f8nsker at promovere deres brand eller produkt til et bredere publikum. Som et resultat er forskellige TikTok-klisterm\u00e6rker blevet udviklet for at hj\u00e6lpe virksomheder med at f\u00e5 mere eksponering, og blandt dem er Truzzer TikTok QR-kodeklisterm\u00e6rker ved at dukke op som de bedste TikTok-klisterm\u00e6rker, der er tilg\u00e6ngelige.<\/p>\n<p>Truzzer TikTok-klisterm\u00e6rker er designet med en integreret QR-kode, der linker direkte til TikTok-profilen for den virksomhed eller person, der bruger klisterm\u00e6rket. Dette betyder, at n\u00e5r en bruger scanner QR-koden p\u00e5 klisterm\u00e6rket, bliver de straks dirigeret til TikTok-profilsiden for virksomheden eller individet. Denne funktion giver en nem og bekvem m\u00e5de for brugere at f\u00e5 adgang til virksomhedens eller individets TikTok-profil uden at skulle s\u00f8ge manuelt efter den p\u00e5 appen.<\/p>\n<p>Desuden kommer Truzzer TikTok-klisterm\u00e6rker ogs\u00e5 med mulighed for at inkludere et profilnavn sammen med QR-koden. Dette er gavnligt for virksomheder og enkeltpersoner, da det giver dem mulighed for at \u00f8ge deres brandsynlighed og anerkendelse. Brugere, der st\u00f8der p\u00e5 klisterm\u00e6rket, kan nemt identificere profilnavnet og forbinde det med m\u00e6rket eller individet, der bruger klisterm\u00e6rket.<\/p>\n<p>Brugen af \u200b\u200bTruzzer TikTok-klisterm\u00e6rker med et profilnavn og QR-kode har vist sig at \u00f8ge succesen for en virksomhed ved at f\u00e5 flere f\u00f8lgere end nogensinde. Ved at give et direkte link til TikTok-profilen kan virksomheder og enkeltpersoner \u00f8ge deres synlighed og n\u00e5 ud til et bredere publikum. Dette f\u00f8rer til en stigning i f\u00f8lgere, engagement og i sidste ende konverteringer.<\/p>\n<p>Afslutningsvis er Truzzer TikTok QR-kodeklisterm\u00e6rker de bedste TikTok-klisterm\u00e6rker, der er tilg\u00e6ngelige p\u00e5 grund af deres integrerede QR-kode og muligheden for at inkludere et profilnavn. Disse klisterm\u00e6rker giver en nem og bekvem m\u00e5de for brugere at f\u00e5 adgang til TikTok-profilen for virksomheden eller individet, der bruger klisterm\u00e6rket. Derudover hj\u00e6lper medtagelsen af \u200b\u200bet profilnavn til at \u00f8ge brandets synlighed og anerkendelse. Brug af Truzzer TikTok-klisterm\u00e6rker med et profilnavn og QR-kode kan hj\u00e6lpe virksomheder og enkeltpersoner med at f\u00e5 flere f\u00f8lgere og i sidste ende \u00f8ge deres succes p\u00e5 platformen.<\/p>\n<p>&nbsp;<\/p>\n<h3>Trin 1: Kunden scanner QR-koden<\/h3>\n<p>For at f\u00f8lge dig skal kunden kun scanne QR-koden. Alt du skal g\u00f8re er at holde smartphone-kameraet (ingen ekstra scanner-app n\u00f8dvendig) over produktet.<\/p>\n<p><img decoding=\"async\" class=\"alignnone wp-image-22380 size-full\" src=\"https:\/\/www.truzzer.com\/wp-content\/uploads\/2021\/04\/how-to-use-the-product-truzzer-tiktok.jpg\" alt=\"\" width=\"1400\" height=\"933\" \/><\/p>\n<p>Der vises en pop-up p\u00e5 sk\u00e6rmen (iPhone), eller en QR-kode vises (Android \/ Google smartphones).<\/p>\n<h3>Trin 2: Kunden g\u00e5r direkte til TikTok-profilen<\/h3>\n<p>TikTok \u00e5bner derefter, og kunden kan f\u00f8lge dig direkte. S\u00e5 nemt,<\/p>\n<p><strong>Bem\u00e6rk<\/strong>:<br \/>\nBem\u00e6rk venligst, at der kr\u00e6ves en TikTok-profil for at f\u00e5 f\u00f8lgere.<\/p>\n<p>&nbsp;<\/p>\n","protected":false},"excerpt":{"rendered":"<p>G\u00f8r dine kunder til TikTok-f\u00f8lgere med de personlige F\u00f8lg os p\u00e5 TikTok-klisterm\u00e6rker med deres eget profilnavn og scanbare QR-link til din TikTok-profil.<\/p>\n<p>&#8211; Velegnet til indend\u00f8rs og udend\u00f8rs brug<br \/>\n\u2013 Vejrbestandig<br \/>\n&#8211; Velegnet til enhver glat overflade<br \/>\n-Til detailbutikker, d\u00f8re eller som en bil TikTok-m\u00e6rkat<br \/>\n-Viser dine kunder, at de ogs\u00e5 kan finde dig p\u00e5 TikTok<br \/>\n\u2013 Individuelt lavet til dig<br \/>\n&#8211; F\u00e5s i tre st\u00f8rrelser<\/p>\n<p>Vi vil linke QR-koden til din TikTok-profil for dig!<br \/>\nTilf\u00f8j venligst dit brugernavn l\u00e6ngere nede i bestillingsprocessen, f.eks. &#8220;@Dit firma&#8221;.<\/p>\n","protected":false},"featured_media":92930,"comment_status":"open","ping_status":"closed","template":"","meta":{"_acf_changed":false,"_yoast_wpseo_focuskw":"TikTok QR-kode Klisterm\u00e6rke","_yoast_wpseo_title":"TikTok-klisterm\u00e6rke \u201cMinimal\u201d | truzzer","_yoast_wpseo_metadesc":"\u00d8g din TikTok-r\u00e6kkevidde med TikTok-klisterm\u00e6rke \u201cMinimal\u201d fra truzzer. Nem ops\u00e6tning, klar til brug. Bestil nu!"},"product_brand":[1681],"product_cat":[467,466,618,619],"product_tag":[],"class_list":{"0":"post-92914","1":"product","2":"type-product","3":"status-publish","4":"has-post-thumbnail","6":"product_brand-tiktok","7":"product_cat-qr-kode-klistermaerker","8":"product_cat-qr-kode-produkter","9":"product_cat-tiktok-folgere-produkter","10":"product_cat-tiktok-klistermaerker","11":"pa_product-type-klistermaerke","12":"pa_shape-rond","13":"pa_technology-qr-kode","15":"first","16":"instock","17":"taxable","18":"shipping-taxable","19":"purchasable","20":"product-type-variable","21":"has-default-attributes"},"acf":[],"yoast_head":"<!-- This site is optimized with the Yoast SEO plugin v27.0 - https:\/\/yoast.com\/product\/yoast-seo-wordpress\/ -->\n<title>TikTok-klisterm\u00e6rke \u201cMinimal\u201d | truzzer<\/title>\n<meta name=\"description\" content=\"\u00d8g din TikTok-r\u00e6kkevidde med TikTok-klisterm\u00e6rke \u201cMinimal\u201d fra truzzer. Nem ops\u00e6tning, klar til brug. Bestil nu!\" \/>\n<meta name=\"robots\" content=\"index, follow, max-snippet:-1, max-image-preview:large, max-video-preview:-1\" \/>\n<link rel=\"canonical\" href=\"https:\/\/www.truzzer.com\/da\/vare\/tiktok-klistermaerke-minimal\/\" \/>\n<meta property=\"og:locale\" content=\"da_DK\" \/>\n<meta property=\"og:type\" content=\"article\" \/>\n<meta property=\"og:title\" content=\"TikTok-klisterm\u00e6rke \u201cMinimal\u201d | truzzer\" \/>\n<meta property=\"og:description\" content=\"\u00d8g din TikTok-r\u00e6kkevidde med TikTok-klisterm\u00e6rke \u201cMinimal\u201d fra truzzer. Nem ops\u00e6tning, klar til brug. Bestil nu!\" \/>\n<meta property=\"og:url\" content=\"https:\/\/www.truzzer.com\/da\/vare\/tiktok-klistermaerke-minimal\/\" \/>\n<meta property=\"og:site_name\" content=\"truzzer\" \/>\n<meta property=\"article:modified_time\" content=\"2026-02-13T08:36:10+00:00\" \/>\n<meta property=\"og:image\" content=\"https:\/\/www.truzzer.com\/wp-content\/uploads\/2026\/02\/follow-us-on-tiktok-sticker-qr-code-truzzer-icon-3.jpg\" \/>\n\t<meta property=\"og:image:width\" content=\"1400\" \/>\n\t<meta property=\"og:image:height\" content=\"1400\" \/>\n\t<meta property=\"og:image:type\" content=\"image\/jpeg\" \/>\n<meta name=\"twitter:card\" content=\"summary_large_image\" \/>\n<meta name=\"twitter:label1\" content=\"Estimeret l\u00e6setid\" \/>\n\t<meta name=\"twitter:data1\" content=\"3 minutter\" \/>\n<script type=\"application\/ld+json\" class=\"yoast-schema-graph\">{\"@context\":\"https:\/\/schema.org\",\"@graph\":[{\"@type\":\"WebPage\",\"@id\":\"https:\/\/www.truzzer.com\/da\/vare\/tiktok-klistermaerke-minimal\/\",\"url\":\"https:\/\/www.truzzer.com\/da\/vare\/tiktok-klistermaerke-minimal\/\",\"name\":\"TikTok-klisterm\u00e6rke \u201cMinimal\u201d | truzzer\",\"isPartOf\":{\"@id\":\"https:\/\/www.truzzer.com\/da\/#website\"},\"primaryImageOfPage\":{\"@id\":\"https:\/\/www.truzzer.com\/da\/vare\/tiktok-klistermaerke-minimal\/#primaryimage\"},\"image\":{\"@id\":\"https:\/\/www.truzzer.com\/da\/vare\/tiktok-klistermaerke-minimal\/#primaryimage\"},\"thumbnailUrl\":\"https:\/\/www.truzzer.com\/wp-content\/uploads\/2026\/02\/follow-us-on-tiktok-sticker-qr-code-truzzer-icon-3.jpg\",\"datePublished\":\"2026-02-05T11:39:39+00:00\",\"dateModified\":\"2026-02-13T08:36:10+00:00\",\"description\":\"\u00d8g din TikTok-r\u00e6kkevidde med TikTok-klisterm\u00e6rke \u201cMinimal\u201d fra truzzer. Nem ops\u00e6tning, klar til brug. Bestil nu!\",\"breadcrumb\":{\"@id\":\"https:\/\/www.truzzer.com\/da\/vare\/tiktok-klistermaerke-minimal\/#breadcrumb\"},\"inLanguage\":\"da-DK\",\"potentialAction\":[{\"@type\":\"ReadAction\",\"target\":[\"https:\/\/www.truzzer.com\/da\/vare\/tiktok-klistermaerke-minimal\/\"]}]},{\"@type\":\"ImageObject\",\"inLanguage\":\"da-DK\",\"@id\":\"https:\/\/www.truzzer.com\/da\/vare\/tiktok-klistermaerke-minimal\/#primaryimage\",\"url\":\"https:\/\/www.truzzer.com\/wp-content\/uploads\/2026\/02\/follow-us-on-tiktok-sticker-qr-code-truzzer-icon-3.jpg\",\"contentUrl\":\"https:\/\/www.truzzer.com\/wp-content\/uploads\/2026\/02\/follow-us-on-tiktok-sticker-qr-code-truzzer-icon-3.jpg\",\"width\":1400,\"height\":1400},{\"@type\":\"BreadcrumbList\",\"@id\":\"https:\/\/www.truzzer.com\/da\/vare\/tiktok-klistermaerke-minimal\/#breadcrumb\",\"itemListElement\":[{\"@type\":\"ListItem\",\"position\":1,\"name\":\"Home\",\"item\":\"https:\/\/www.truzzer.com\/da\/\"},{\"@type\":\"ListItem\",\"position\":2,\"name\":\"Butik\",\"item\":\"https:\/\/www.truzzer.com\/da\/shop\/\"},{\"@type\":\"ListItem\",\"position\":3,\"name\":\"TikTok-klisterm\u00e6rke &#8220;Minimal&#8221;\"}]},{\"@type\":\"WebSite\",\"@id\":\"https:\/\/www.truzzer.com\/da\/#website\",\"url\":\"https:\/\/www.truzzer.com\/da\/\",\"name\":\"truzzer\",\"description\":\"Experts for customer trust\",\"publisher\":{\"@id\":\"https:\/\/www.truzzer.com\/da\/#organization\"},\"potentialAction\":[{\"@type\":\"SearchAction\",\"target\":{\"@type\":\"EntryPoint\",\"urlTemplate\":\"https:\/\/www.truzzer.com\/da\/?s={search_term_string}\"},\"query-input\":{\"@type\":\"PropertyValueSpecification\",\"valueRequired\":true,\"valueName\":\"search_term_string\"}}],\"inLanguage\":\"da-DK\"},{\"@type\":\"Organization\",\"@id\":\"https:\/\/www.truzzer.com\/da\/#organization\",\"name\":\"truzzer\",\"url\":\"https:\/\/www.truzzer.com\/da\/\",\"logo\":{\"@type\":\"ImageObject\",\"inLanguage\":\"da-DK\",\"@id\":\"https:\/\/www.truzzer.com\/da\/#\/schema\/logo\/image\/\",\"url\":\"https:\/\/truzzer.com\/wp-content\/uploads\/2026\/01\/truzzer-logo-black-1.svg\",\"contentUrl\":\"https:\/\/truzzer.com\/wp-content\/uploads\/2026\/01\/truzzer-logo-black-1.svg\",\"width\":938,\"height\":199,\"caption\":\"truzzer\"},\"image\":{\"@id\":\"https:\/\/www.truzzer.com\/da\/#\/schema\/logo\/image\/\"}}]}<\/script>\n<!-- \/ Yoast SEO plugin. -->","yoast_head_json":{"title":"TikTok-klisterm\u00e6rke \u201cMinimal\u201d | truzzer","description":"\u00d8g din TikTok-r\u00e6kkevidde med TikTok-klisterm\u00e6rke \u201cMinimal\u201d fra truzzer. Nem ops\u00e6tning, klar til brug. Bestil nu!","robots":{"index":"index","follow":"follow","max-snippet":"max-snippet:-1","max-image-preview":"max-image-preview:large","max-video-preview":"max-video-preview:-1"},"canonical":"https:\/\/www.truzzer.com\/da\/vare\/tiktok-klistermaerke-minimal\/","og_locale":"da_DK","og_type":"article","og_title":"TikTok-klisterm\u00e6rke \u201cMinimal\u201d | truzzer","og_description":"\u00d8g din TikTok-r\u00e6kkevidde med TikTok-klisterm\u00e6rke \u201cMinimal\u201d fra truzzer. Nem ops\u00e6tning, klar til brug. Bestil nu!","og_url":"https:\/\/www.truzzer.com\/da\/vare\/tiktok-klistermaerke-minimal\/","og_site_name":"truzzer","article_modified_time":"2026-02-13T08:36:10+00:00","og_image":[{"width":1400,"height":1400,"url":"https:\/\/www.truzzer.com\/wp-content\/uploads\/2026\/02\/follow-us-on-tiktok-sticker-qr-code-truzzer-icon-3.jpg","type":"image\/jpeg"}],"twitter_card":"summary_large_image","twitter_misc":{"Estimeret l\u00e6setid":"3 minutter"},"schema":{"@context":"https:\/\/schema.org","@graph":[{"@type":"WebPage","@id":"https:\/\/www.truzzer.com\/da\/vare\/tiktok-klistermaerke-minimal\/","url":"https:\/\/www.truzzer.com\/da\/vare\/tiktok-klistermaerke-minimal\/","name":"TikTok-klisterm\u00e6rke \u201cMinimal\u201d | truzzer","isPartOf":{"@id":"https:\/\/www.truzzer.com\/da\/#website"},"primaryImageOfPage":{"@id":"https:\/\/www.truzzer.com\/da\/vare\/tiktok-klistermaerke-minimal\/#primaryimage"},"image":{"@id":"https:\/\/www.truzzer.com\/da\/vare\/tiktok-klistermaerke-minimal\/#primaryimage"},"thumbnailUrl":"https:\/\/www.truzzer.com\/wp-content\/uploads\/2026\/02\/follow-us-on-tiktok-sticker-qr-code-truzzer-icon-3.jpg","datePublished":"2026-02-05T11:39:39+00:00","dateModified":"2026-02-13T08:36:10+00:00","description":"\u00d8g din TikTok-r\u00e6kkevidde med TikTok-klisterm\u00e6rke \u201cMinimal\u201d fra truzzer. Nem ops\u00e6tning, klar til brug. Bestil nu!","breadcrumb":{"@id":"https:\/\/www.truzzer.com\/da\/vare\/tiktok-klistermaerke-minimal\/#breadcrumb"},"inLanguage":"da-DK","potentialAction":[{"@type":"ReadAction","target":["https:\/\/www.truzzer.com\/da\/vare\/tiktok-klistermaerke-minimal\/"]}]},{"@type":"ImageObject","inLanguage":"da-DK","@id":"https:\/\/www.truzzer.com\/da\/vare\/tiktok-klistermaerke-minimal\/#primaryimage","url":"https:\/\/www.truzzer.com\/wp-content\/uploads\/2026\/02\/follow-us-on-tiktok-sticker-qr-code-truzzer-icon-3.jpg","contentUrl":"https:\/\/www.truzzer.com\/wp-content\/uploads\/2026\/02\/follow-us-on-tiktok-sticker-qr-code-truzzer-icon-3.jpg","width":1400,"height":1400},{"@type":"BreadcrumbList","@id":"https:\/\/www.truzzer.com\/da\/vare\/tiktok-klistermaerke-minimal\/#breadcrumb","itemListElement":[{"@type":"ListItem","position":1,"name":"Home","item":"https:\/\/www.truzzer.com\/da\/"},{"@type":"ListItem","position":2,"name":"Butik","item":"https:\/\/www.truzzer.com\/da\/shop\/"},{"@type":"ListItem","position":3,"name":"TikTok-klisterm\u00e6rke &#8220;Minimal&#8221;"}]},{"@type":"WebSite","@id":"https:\/\/www.truzzer.com\/da\/#website","url":"https:\/\/www.truzzer.com\/da\/","name":"truzzer","description":"Experts for customer trust","publisher":{"@id":"https:\/\/www.truzzer.com\/da\/#organization"},"potentialAction":[{"@type":"SearchAction","target":{"@type":"EntryPoint","urlTemplate":"https:\/\/www.truzzer.com\/da\/?s={search_term_string}"},"query-input":{"@type":"PropertyValueSpecification","valueRequired":true,"valueName":"search_term_string"}}],"inLanguage":"da-DK"},{"@type":"Organization","@id":"https:\/\/www.truzzer.com\/da\/#organization","name":"truzzer","url":"https:\/\/www.truzzer.com\/da\/","logo":{"@type":"ImageObject","inLanguage":"da-DK","@id":"https:\/\/www.truzzer.com\/da\/#\/schema\/logo\/image\/","url":"https:\/\/truzzer.com\/wp-content\/uploads\/2026\/01\/truzzer-logo-black-1.svg","contentUrl":"https:\/\/truzzer.com\/wp-content\/uploads\/2026\/01\/truzzer-logo-black-1.svg","width":938,"height":199,"caption":"truzzer"},"image":{"@id":"https:\/\/www.truzzer.com\/da\/#\/schema\/logo\/image\/"}}]}},"tiered_pricing_type":"fixed","tiered_pricing_fixed_rules":[],"tiered_pricing_product_settings":{"layout":"default","base_unit_name":{"singular":null,"plural":null},"default_variation":null},"tiered_pricing_minimum_quantity":null,"tiered_pricing_roles_data":[],"tiered_pricing_percentage_rules":[],"tiered_pricing_maximum_quantity":null,"tiered_pricing_quantity_step":null,"_links":{"self":[{"href":"https:\/\/www.truzzer.com\/da\/wp-json\/wp\/v2\/product\/92914","targetHints":{"allow":["GET"]}}],"collection":[{"href":"https:\/\/www.truzzer.com\/da\/wp-json\/wp\/v2\/product"}],"about":[{"href":"https:\/\/www.truzzer.com\/da\/wp-json\/wp\/v2\/types\/product"}],"replies":[{"embeddable":true,"href":"https:\/\/www.truzzer.com\/da\/wp-json\/wp\/v2\/comments?post=92914"}],"wp:featuredmedia":[{"embeddable":true,"href":"https:\/\/www.truzzer.com\/da\/wp-json\/wp\/v2\/media\/92930"}],"wp:attachment":[{"href":"https:\/\/www.truzzer.com\/da\/wp-json\/wp\/v2\/media?parent=92914"}],"wp:term":[{"taxonomy":"product_brand","embeddable":true,"href":"https:\/\/www.truzzer.com\/da\/wp-json\/wp\/v2\/product_brand?post=92914"},{"taxonomy":"product_cat","embeddable":true,"href":"https:\/\/www.truzzer.com\/da\/wp-json\/wp\/v2\/product_cat?post=92914"},{"taxonomy":"product_tag","embeddable":true,"href":"https:\/\/www.truzzer.com\/da\/wp-json\/wp\/v2\/product_tag?post=92914"}],"curies":[{"name":"wp","href":"https:\/\/api.w.org\/{rel}","templated":true}]}}