{"id":93075,"date":"2026-02-05T11:21:24","date_gmt":"2026-02-05T11:21:24","guid":{"rendered":"https:\/\/beta.truzzer.com\/product\/linkedin-square-sticker\/"},"modified":"2026-02-13T08:37:07","modified_gmt":"2026-02-13T08:37:07","slug":"linkedin-square-sticker","status":"publish","type":"product","link":"https:\/\/www.truzzer.com\/da\/vare\/linkedin-square-sticker\/","title":{"rendered":"LinkedIn firkantet klisterm\u00e6rke"},"content":{"rendered":"","protected":false},"excerpt":{"rendered":"<p><strong>Einfacher auf LinkedIn vernetzen with den QR Code Aufklebern for LinkedIn.<\/strong><\/p>\n<p>&nbsp;<\/p>\n<p>-for innen og au\u00dfen geeignet<\/p>\n<p>-Witterungsbest\u00e4ndig<\/p>\n<p>-for jede glatte Oberfl\u00e4che geeignet<\/p>\n<p>-for Ladengesch\u00e4fte, T\u00fcren eller als Auto LinkedIn Aufkleber<\/p>\n<p>-Zeigt deinen Kanden og Partnern, dass sie dich auch auf LinkedIn finden<\/p>\n<p>-Individuell for dich gefertigt<\/p>\n<p>-In drei Gr\u00f6\u00dfen erh\u00e4ltlich<\/p>\n<p>Die Verlinkung des QR-Codes zu deinem LinkedIn Profil \u00fcbernehmen wir for dich!<\/p>\n<p>Bitte erg\u00e4nze Deinen Nutzernamen weiter unten im Bestellprozess z.B. \u201c@DeinUnternehmen\u201d.<\/p>\n","protected":false},"featured_media":93076,"comment_status":"open","ping_status":"closed","template":"","meta":{"_acf_changed":false,"_yoast_wpseo_focuskw":"LinkedIn Klisterm\u00e6rke","_yoast_wpseo_title":"LinkedIn Square Sticker | truzzer","_yoast_wpseo_metadesc":"Udvid dit professionelle netv\u00e6rk med LinkedIn Square Sticker fra truzzer. Nem ops\u00e6tning, klar til brug. Bestil nu!"},"product_brand":[1667],"product_cat":[639,640,467,466],"product_tag":[],"class_list":{"0":"post-93075","1":"product","2":"type-product","3":"status-publish","4":"has-post-thumbnail","6":"product_brand-linkedin","7":"product_cat-linkedin-folgere","8":"product_cat-linkedin-klistermaerker","9":"product_cat-qr-kode-klistermaerker","10":"product_cat-qr-kode-produkter","11":"pa_product-type-klistermaerke","12":"pa_shape-vierkant","13":"pa_technology-qr-kode","15":"first","16":"instock","17":"taxable","18":"shipping-taxable","19":"purchasable","20":"product-type-variable","21":"has-default-attributes"},"acf":[],"yoast_head":"<!-- This site is optimized with the Yoast SEO plugin v27.0 - https:\/\/yoast.com\/product\/yoast-seo-wordpress\/ -->\n<title>LinkedIn Square Sticker | truzzer<\/title>\n<meta name=\"description\" content=\"Udvid dit professionelle netv\u00e6rk med LinkedIn Square Sticker fra truzzer. Nem ops\u00e6tning, klar til brug. Bestil nu!\" \/>\n<meta name=\"robots\" content=\"index, follow, max-snippet:-1, max-image-preview:large, max-video-preview:-1\" \/>\n<link rel=\"canonical\" href=\"https:\/\/www.truzzer.com\/da\/vare\/linkedin-square-sticker\/\" \/>\n<meta property=\"og:locale\" content=\"da_DK\" \/>\n<meta property=\"og:type\" content=\"article\" \/>\n<meta property=\"og:title\" content=\"LinkedIn Square Sticker | truzzer\" \/>\n<meta property=\"og:description\" content=\"Udvid dit professionelle netv\u00e6rk med LinkedIn Square Sticker fra truzzer. Nem ops\u00e6tning, klar til brug. Bestil nu!\" \/>\n<meta property=\"og:url\" content=\"https:\/\/www.truzzer.com\/da\/vare\/linkedin-square-sticker\/\" \/>\n<meta property=\"og:site_name\" content=\"truzzer\" \/>\n<meta property=\"article:modified_time\" content=\"2026-02-13T08:37:07+00:00\" \/>\n<meta property=\"og:image\" content=\"https:\/\/www.truzzer.com\/wp-content\/uploads\/2026\/02\/follow-us-on-linkedin-sticker-square-s-2.jpg\" \/>\n\t<meta property=\"og:image:width\" content=\"1200\" \/>\n\t<meta property=\"og:image:height\" content=\"1200\" \/>\n\t<meta property=\"og:image:type\" content=\"image\/jpeg\" \/>\n<meta name=\"twitter:card\" content=\"summary_large_image\" \/>\n<script type=\"application\/ld+json\" class=\"yoast-schema-graph\">{\"@context\":\"https:\/\/schema.org\",\"@graph\":[{\"@type\":\"WebPage\",\"@id\":\"https:\/\/www.truzzer.com\/da\/vare\/linkedin-square-sticker\/\",\"url\":\"https:\/\/www.truzzer.com\/da\/vare\/linkedin-square-sticker\/\",\"name\":\"LinkedIn Square Sticker | truzzer\",\"isPartOf\":{\"@id\":\"https:\/\/www.truzzer.com\/da\/#website\"},\"primaryImageOfPage\":{\"@id\":\"https:\/\/www.truzzer.com\/da\/vare\/linkedin-square-sticker\/#primaryimage\"},\"image\":{\"@id\":\"https:\/\/www.truzzer.com\/da\/vare\/linkedin-square-sticker\/#primaryimage\"},\"thumbnailUrl\":\"https:\/\/www.truzzer.com\/wp-content\/uploads\/2026\/02\/follow-us-on-linkedin-sticker-square-s-2.jpg\",\"datePublished\":\"2026-02-05T11:21:24+00:00\",\"dateModified\":\"2026-02-13T08:37:07+00:00\",\"description\":\"Udvid dit professionelle netv\u00e6rk med LinkedIn Square Sticker fra truzzer. Nem ops\u00e6tning, klar til brug. Bestil nu!\",\"breadcrumb\":{\"@id\":\"https:\/\/www.truzzer.com\/da\/vare\/linkedin-square-sticker\/#breadcrumb\"},\"inLanguage\":\"da-DK\",\"potentialAction\":[{\"@type\":\"ReadAction\",\"target\":[\"https:\/\/www.truzzer.com\/da\/vare\/linkedin-square-sticker\/\"]}]},{\"@type\":\"ImageObject\",\"inLanguage\":\"da-DK\",\"@id\":\"https:\/\/www.truzzer.com\/da\/vare\/linkedin-square-sticker\/#primaryimage\",\"url\":\"https:\/\/www.truzzer.com\/wp-content\/uploads\/2026\/02\/follow-us-on-linkedin-sticker-square-s-2.jpg\",\"contentUrl\":\"https:\/\/www.truzzer.com\/wp-content\/uploads\/2026\/02\/follow-us-on-linkedin-sticker-square-s-2.jpg\",\"width\":1200,\"height\":1200,\"caption\":\"LinkedIn Square Sticker\"},{\"@type\":\"BreadcrumbList\",\"@id\":\"https:\/\/www.truzzer.com\/da\/vare\/linkedin-square-sticker\/#breadcrumb\",\"itemListElement\":[{\"@type\":\"ListItem\",\"position\":1,\"name\":\"Home\",\"item\":\"https:\/\/www.truzzer.com\/da\/\"},{\"@type\":\"ListItem\",\"position\":2,\"name\":\"Butik\",\"item\":\"https:\/\/www.truzzer.com\/da\/shop\/\"},{\"@type\":\"ListItem\",\"position\":3,\"name\":\"LinkedIn firkantet klisterm\u00e6rke\"}]},{\"@type\":\"WebSite\",\"@id\":\"https:\/\/www.truzzer.com\/da\/#website\",\"url\":\"https:\/\/www.truzzer.com\/da\/\",\"name\":\"truzzer\",\"description\":\"Experts for customer trust\",\"publisher\":{\"@id\":\"https:\/\/www.truzzer.com\/da\/#organization\"},\"potentialAction\":[{\"@type\":\"SearchAction\",\"target\":{\"@type\":\"EntryPoint\",\"urlTemplate\":\"https:\/\/www.truzzer.com\/da\/?s={search_term_string}\"},\"query-input\":{\"@type\":\"PropertyValueSpecification\",\"valueRequired\":true,\"valueName\":\"search_term_string\"}}],\"inLanguage\":\"da-DK\"},{\"@type\":\"Organization\",\"@id\":\"https:\/\/www.truzzer.com\/da\/#organization\",\"name\":\"truzzer\",\"url\":\"https:\/\/www.truzzer.com\/da\/\",\"logo\":{\"@type\":\"ImageObject\",\"inLanguage\":\"da-DK\",\"@id\":\"https:\/\/www.truzzer.com\/da\/#\/schema\/logo\/image\/\",\"url\":\"https:\/\/truzzer.com\/wp-content\/uploads\/2026\/01\/truzzer-logo-black-1.svg\",\"contentUrl\":\"https:\/\/truzzer.com\/wp-content\/uploads\/2026\/01\/truzzer-logo-black-1.svg\",\"width\":938,\"height\":199,\"caption\":\"truzzer\"},\"image\":{\"@id\":\"https:\/\/www.truzzer.com\/da\/#\/schema\/logo\/image\/\"}}]}<\/script>\n<!-- \/ Yoast SEO plugin. -->","yoast_head_json":{"title":"LinkedIn Square Sticker | truzzer","description":"Udvid dit professionelle netv\u00e6rk med LinkedIn Square Sticker fra truzzer. Nem ops\u00e6tning, klar til brug. Bestil nu!","robots":{"index":"index","follow":"follow","max-snippet":"max-snippet:-1","max-image-preview":"max-image-preview:large","max-video-preview":"max-video-preview:-1"},"canonical":"https:\/\/www.truzzer.com\/da\/vare\/linkedin-square-sticker\/","og_locale":"da_DK","og_type":"article","og_title":"LinkedIn Square Sticker | truzzer","og_description":"Udvid dit professionelle netv\u00e6rk med LinkedIn Square Sticker fra truzzer. Nem ops\u00e6tning, klar til brug. Bestil nu!","og_url":"https:\/\/www.truzzer.com\/da\/vare\/linkedin-square-sticker\/","og_site_name":"truzzer","article_modified_time":"2026-02-13T08:37:07+00:00","og_image":[{"width":1200,"height":1200,"url":"https:\/\/www.truzzer.com\/wp-content\/uploads\/2026\/02\/follow-us-on-linkedin-sticker-square-s-2.jpg","type":"image\/jpeg"}],"twitter_card":"summary_large_image","schema":{"@context":"https:\/\/schema.org","@graph":[{"@type":"WebPage","@id":"https:\/\/www.truzzer.com\/da\/vare\/linkedin-square-sticker\/","url":"https:\/\/www.truzzer.com\/da\/vare\/linkedin-square-sticker\/","name":"LinkedIn Square Sticker | truzzer","isPartOf":{"@id":"https:\/\/www.truzzer.com\/da\/#website"},"primaryImageOfPage":{"@id":"https:\/\/www.truzzer.com\/da\/vare\/linkedin-square-sticker\/#primaryimage"},"image":{"@id":"https:\/\/www.truzzer.com\/da\/vare\/linkedin-square-sticker\/#primaryimage"},"thumbnailUrl":"https:\/\/www.truzzer.com\/wp-content\/uploads\/2026\/02\/follow-us-on-linkedin-sticker-square-s-2.jpg","datePublished":"2026-02-05T11:21:24+00:00","dateModified":"2026-02-13T08:37:07+00:00","description":"Udvid dit professionelle netv\u00e6rk med LinkedIn Square Sticker fra truzzer. Nem ops\u00e6tning, klar til brug. Bestil nu!","breadcrumb":{"@id":"https:\/\/www.truzzer.com\/da\/vare\/linkedin-square-sticker\/#breadcrumb"},"inLanguage":"da-DK","potentialAction":[{"@type":"ReadAction","target":["https:\/\/www.truzzer.com\/da\/vare\/linkedin-square-sticker\/"]}]},{"@type":"ImageObject","inLanguage":"da-DK","@id":"https:\/\/www.truzzer.com\/da\/vare\/linkedin-square-sticker\/#primaryimage","url":"https:\/\/www.truzzer.com\/wp-content\/uploads\/2026\/02\/follow-us-on-linkedin-sticker-square-s-2.jpg","contentUrl":"https:\/\/www.truzzer.com\/wp-content\/uploads\/2026\/02\/follow-us-on-linkedin-sticker-square-s-2.jpg","width":1200,"height":1200,"caption":"LinkedIn Square Sticker"},{"@type":"BreadcrumbList","@id":"https:\/\/www.truzzer.com\/da\/vare\/linkedin-square-sticker\/#breadcrumb","itemListElement":[{"@type":"ListItem","position":1,"name":"Home","item":"https:\/\/www.truzzer.com\/da\/"},{"@type":"ListItem","position":2,"name":"Butik","item":"https:\/\/www.truzzer.com\/da\/shop\/"},{"@type":"ListItem","position":3,"name":"LinkedIn firkantet klisterm\u00e6rke"}]},{"@type":"WebSite","@id":"https:\/\/www.truzzer.com\/da\/#website","url":"https:\/\/www.truzzer.com\/da\/","name":"truzzer","description":"Experts for customer trust","publisher":{"@id":"https:\/\/www.truzzer.com\/da\/#organization"},"potentialAction":[{"@type":"SearchAction","target":{"@type":"EntryPoint","urlTemplate":"https:\/\/www.truzzer.com\/da\/?s={search_term_string}"},"query-input":{"@type":"PropertyValueSpecification","valueRequired":true,"valueName":"search_term_string"}}],"inLanguage":"da-DK"},{"@type":"Organization","@id":"https:\/\/www.truzzer.com\/da\/#organization","name":"truzzer","url":"https:\/\/www.truzzer.com\/da\/","logo":{"@type":"ImageObject","inLanguage":"da-DK","@id":"https:\/\/www.truzzer.com\/da\/#\/schema\/logo\/image\/","url":"https:\/\/truzzer.com\/wp-content\/uploads\/2026\/01\/truzzer-logo-black-1.svg","contentUrl":"https:\/\/truzzer.com\/wp-content\/uploads\/2026\/01\/truzzer-logo-black-1.svg","width":938,"height":199,"caption":"truzzer"},"image":{"@id":"https:\/\/www.truzzer.com\/da\/#\/schema\/logo\/image\/"}}]}},"tiered_pricing_type":"fixed","tiered_pricing_fixed_rules":[],"tiered_pricing_product_settings":{"layout":"default","base_unit_name":{"singular":null,"plural":null},"default_variation":null},"tiered_pricing_minimum_quantity":null,"tiered_pricing_roles_data":[],"tiered_pricing_percentage_rules":[],"tiered_pricing_maximum_quantity":null,"tiered_pricing_quantity_step":null,"_links":{"self":[{"href":"https:\/\/www.truzzer.com\/da\/wp-json\/wp\/v2\/product\/93075","targetHints":{"allow":["GET"]}}],"collection":[{"href":"https:\/\/www.truzzer.com\/da\/wp-json\/wp\/v2\/product"}],"about":[{"href":"https:\/\/www.truzzer.com\/da\/wp-json\/wp\/v2\/types\/product"}],"replies":[{"embeddable":true,"href":"https:\/\/www.truzzer.com\/da\/wp-json\/wp\/v2\/comments?post=93075"}],"wp:featuredmedia":[{"embeddable":true,"href":"https:\/\/www.truzzer.com\/da\/wp-json\/wp\/v2\/media\/93076"}],"wp:attachment":[{"href":"https:\/\/www.truzzer.com\/da\/wp-json\/wp\/v2\/media?parent=93075"}],"wp:term":[{"taxonomy":"product_brand","embeddable":true,"href":"https:\/\/www.truzzer.com\/da\/wp-json\/wp\/v2\/product_brand?post=93075"},{"taxonomy":"product_cat","embeddable":true,"href":"https:\/\/www.truzzer.com\/da\/wp-json\/wp\/v2\/product_cat?post=93075"},{"taxonomy":"product_tag","embeddable":true,"href":"https:\/\/www.truzzer.com\/da\/wp-json\/wp\/v2\/product_tag?post=93075"}],"curies":[{"name":"wp","href":"https:\/\/api.w.org\/{rel}","templated":true}]}}