{"id":93715,"date":"2026-02-01T20:08:40","date_gmt":"2026-02-01T20:08:40","guid":{"rendered":"https:\/\/beta.truzzer.com\/product\/follow-us-on-instagram-sticker-rectangle\/"},"modified":"2026-02-13T07:59:29","modified_gmt":"2026-02-13T07:59:29","slug":"follow-us-on-instagram-sticker-rectangle","status":"publish","type":"product","link":"https:\/\/www.truzzer.com\/da\/vare\/follow-us-on-instagram-sticker-rectangle\/","title":{"rendered":"F\u00f8lg os p\u00e5 Instagram Sticker rektangel"},"content":{"rendered":"<p>Med truzzer F\u00f8lg os p\u00e5 Instagram klisterm\u00e6rker med QR kodelink og dit eget brugernavn, kan du nemt f\u00e5 nye f\u00f8lgere p\u00e5 Instagram!<\/p>\n<p>I det praktiske opretst\u00e5ende format g\u00f8r du din konto h\u00e5ndgribelig for dine kunder.<br \/>\nPlacer klisterm\u00e6rkerne fremtr\u00e6dende i kassen, p\u00e5 hovedd\u00f8ren eller hvor som helst dine kunder kan se klisterm\u00e6rkerne.<\/p>\n<p>&#8211; Velegnet til indend\u00f8rs og udend\u00f8rs brug<br \/>\n&#8211; Vejrbestandig<br \/>\n&#8211; Velegnet til enhver glat overflade<br \/>\n-Til detailbutikker, d\u00f8re eller som bil Instagram klisterm\u00e6rke<br \/>\n-Viser dine kunder, at de ogs\u00e5 kan finde dig p\u00e5 Instagram<br \/>\n&#8211; Individuelt lavet til dig<\/p>\n<p>F\u00f8lg os p\u00e5 Instagram-klisterm\u00e6rkerne med QR-kodelink leder dine kunder til din profil, n\u00e5r de scanner QR-koden.<\/p>\n<p>F\u00f8lg os p\u00e5 Instagram-produkterne er nemme at bruge, som vi gerne vil vise dig nedenfor ved at bruge &#8220;F\u00f8lg os p\u00e5 Instagram-klisterm\u00e6rker&#8221; som eksempel.<\/p>\n<p>&nbsp;<\/p>\n<h3>Trin 1: Kunden scanner QR-koden<\/h3>\n<p>For at f\u00f8lge dig skal kunden kun scanne QR-koden. Alt du skal g\u00f8re er at holde smartphone-kameraet (ingen ekstra scanner-app n\u00f8dvendig) over produktet.<\/p>\n<p><img decoding=\"async\" class=\"alignleft wp-image-22262 size-full\" src=\"https:\/\/www.truzzer.com\/wp-content\/uploads\/2026\/02\/how-to-use-the-product-truzzer.jpg.webp\" alt=\"\" width=\"1400\" height=\"9p>30&#8243; height<\/p>\n<p>Derefter vises en pop-up p\u00e5 sk\u00e6rmen (iPhone), eller en QR-kode vises (Android \/ Google smartphones).<\/p>\n<h3>Trin 2: Kunden g\u00e5r direkte til Instagram-profilen<\/h3>\n<p>Instagram \u00e5bner derefter, og kunden kan f\u00f8lge dig direkte. S\u00e5 letBem\u00e6rk:<br \/>\nBem\u00e6rk venligst, at der kr\u00e6ves en Instagram-profil for at f\u00e5 f\u00f8lgere.<\/p>\n<p>&nbsp;<\/p>\n<p>&nbsp;<\/p>\n","protected":false},"excerpt":{"rendered":"<p>G\u00f8r dine kunder til Instagram-f\u00f8lgere med de personlige F\u00f8lg os p\u00e5 Instagram-klisterm\u00e6rker med deres eget profilnavn og scanbare QR-link til din Instagram-profil.<\/p>\n<p>&#8211; Velegnet til indend\u00f8rs og udend\u00f8rs brug<br \/>\n-Vejrbestandig<br \/>\n&#8211; Velegnet til enhver glat overflade<br \/>\n-Til detailbutikker, d\u00f8re eller som bil Instagram klisterm\u00e6rke<br \/>\n-Viser dine kunder, at de ogs\u00e5 kan finde dig p\u00e5 Instagram<br \/>\n-Individuelt lavet til dig<br \/>\n-F\u00e5s i tre st\u00f8rrelser<\/p>\n<p>Vi knytter QR-koden til din Instagram-profil for dig!<br \/>\nTilf\u00f8j venligst dit brugernavn l\u00e6ngere nede i bestillingsprocessen, f.eks. &#8220;@Dit firma&#8221;.<\/p>\n","protected":false},"featured_media":93716,"comment_status":"open","ping_status":"closed","template":"","meta":{"_acf_changed":false,"_yoast_wpseo_focuskw":"Instagram QR-kode Klisterm\u00e6rke","_yoast_wpseo_title":"Follow us on Instagram Sticker rectangle | truzzer","_yoast_wpseo_metadesc":"F\u00e5 flere Instagram-f\u00f8lgere med Follow us on Instagram Sticker rectangle fra truzzer. Nem ops\u00e6tning, klar til brug. Bestil nu!"},"product_brand":[1624],"product_cat":[835,836,821,467,466],"product_tag":[],"class_list":{"0":"post-93715","1":"product","2":"type-product","3":"status-publish","4":"has-post-thumbnail","6":"product_brand-instagram","7":"product_cat-instagram-folgere-klistermaerker","8":"product_cat-instagram-folgere-klistermaerker-med-qr-kode","9":"product_cat-instagram-folgere-produkter","10":"product_cat-qr-kode-klistermaerker","11":"product_cat-qr-kode-produkter","12":"pa_product-type-klistermaerke","13":"pa_shape-rechthoek","14":"pa_technology-qr-kode","16":"first","17":"instock","18":"taxable","19":"shipping-taxable","20":"purchasable","21":"product-type-variable","22":"has-default-attributes"},"acf":[],"yoast_head":"<!-- This site is optimized with the Yoast SEO plugin v27.0 - https:\/\/yoast.com\/product\/yoast-seo-wordpress\/ -->\n<title>Follow us on Instagram Sticker rectangle | truzzer<\/title>\n<meta name=\"description\" content=\"F\u00e5 flere Instagram-f\u00f8lgere med Follow us on Instagram Sticker rectangle fra truzzer. Nem ops\u00e6tning, klar til brug. Bestil nu!\" \/>\n<meta name=\"robots\" content=\"index, follow, max-snippet:-1, max-image-preview:large, max-video-preview:-1\" \/>\n<link rel=\"canonical\" href=\"https:\/\/www.truzzer.com\/da\/vare\/follow-us-on-instagram-sticker-rectangle\/\" \/>\n<meta property=\"og:locale\" content=\"da_DK\" \/>\n<meta property=\"og:type\" content=\"article\" \/>\n<meta property=\"og:title\" content=\"Follow us on Instagram Sticker rectangle | truzzer\" \/>\n<meta property=\"og:description\" content=\"F\u00e5 flere Instagram-f\u00f8lgere med Follow us on Instagram Sticker rectangle fra truzzer. Nem ops\u00e6tning, klar til brug. Bestil nu!\" \/>\n<meta property=\"og:url\" content=\"https:\/\/www.truzzer.com\/da\/vare\/follow-us-on-instagram-sticker-rectangle\/\" \/>\n<meta property=\"og:site_name\" content=\"truzzer\" \/>\n<meta property=\"article:modified_time\" content=\"2026-02-13T07:59:29+00:00\" \/>\n<meta property=\"og:image\" content=\"https:\/\/www.truzzer.com\/wp-content\/uploads\/2026\/02\/follow-us-on-instagram-sticker-qr-code-truzzer-4-von-6-1.jpg\" \/>\n\t<meta property=\"og:image:width\" content=\"1400\" \/>\n\t<meta property=\"og:image:height\" content=\"1400\" \/>\n\t<meta property=\"og:image:type\" content=\"image\/jpeg\" \/>\n<meta name=\"twitter:card\" content=\"summary_large_image\" \/>\n<meta name=\"twitter:label1\" content=\"Estimeret l\u00e6setid\" \/>\n\t<meta name=\"twitter:data1\" content=\"1 minut\" \/>\n<script type=\"application\/ld+json\" class=\"yoast-schema-graph\">{\"@context\":\"https:\/\/schema.org\",\"@graph\":[{\"@type\":\"WebPage\",\"@id\":\"https:\/\/www.truzzer.com\/da\/vare\/follow-us-on-instagram-sticker-rectangle\/\",\"url\":\"https:\/\/www.truzzer.com\/da\/vare\/follow-us-on-instagram-sticker-rectangle\/\",\"name\":\"Follow us on Instagram Sticker rectangle | truzzer\",\"isPartOf\":{\"@id\":\"https:\/\/www.truzzer.com\/da\/#website\"},\"primaryImageOfPage\":{\"@id\":\"https:\/\/www.truzzer.com\/da\/vare\/follow-us-on-instagram-sticker-rectangle\/#primaryimage\"},\"image\":{\"@id\":\"https:\/\/www.truzzer.com\/da\/vare\/follow-us-on-instagram-sticker-rectangle\/#primaryimage\"},\"thumbnailUrl\":\"https:\/\/www.truzzer.com\/wp-content\/uploads\/2026\/02\/follow-us-on-instagram-sticker-qr-code-truzzer-4-von-6-1.jpg\",\"datePublished\":\"2026-02-01T20:08:40+00:00\",\"dateModified\":\"2026-02-13T07:59:29+00:00\",\"description\":\"F\u00e5 flere Instagram-f\u00f8lgere med Follow us on Instagram Sticker rectangle fra truzzer. Nem ops\u00e6tning, klar til brug. Bestil nu!\",\"breadcrumb\":{\"@id\":\"https:\/\/www.truzzer.com\/da\/vare\/follow-us-on-instagram-sticker-rectangle\/#breadcrumb\"},\"inLanguage\":\"da-DK\",\"potentialAction\":[{\"@type\":\"ReadAction\",\"target\":[\"https:\/\/www.truzzer.com\/da\/vare\/follow-us-on-instagram-sticker-rectangle\/\"]}]},{\"@type\":\"ImageObject\",\"inLanguage\":\"da-DK\",\"@id\":\"https:\/\/www.truzzer.com\/da\/vare\/follow-us-on-instagram-sticker-rectangle\/#primaryimage\",\"url\":\"https:\/\/www.truzzer.com\/wp-content\/uploads\/2026\/02\/follow-us-on-instagram-sticker-qr-code-truzzer-4-von-6-1.jpg\",\"contentUrl\":\"https:\/\/www.truzzer.com\/wp-content\/uploads\/2026\/02\/follow-us-on-instagram-sticker-qr-code-truzzer-4-von-6-1.jpg\",\"width\":1400,\"height\":1400},{\"@type\":\"BreadcrumbList\",\"@id\":\"https:\/\/www.truzzer.com\/da\/vare\/follow-us-on-instagram-sticker-rectangle\/#breadcrumb\",\"itemListElement\":[{\"@type\":\"ListItem\",\"position\":1,\"name\":\"Home\",\"item\":\"https:\/\/www.truzzer.com\/da\/\"},{\"@type\":\"ListItem\",\"position\":2,\"name\":\"Butik\",\"item\":\"https:\/\/www.truzzer.com\/da\/shop\/\"},{\"@type\":\"ListItem\",\"position\":3,\"name\":\"F\u00f8lg os p\u00e5 Instagram Sticker rektangel\"}]},{\"@type\":\"WebSite\",\"@id\":\"https:\/\/www.truzzer.com\/da\/#website\",\"url\":\"https:\/\/www.truzzer.com\/da\/\",\"name\":\"truzzer\",\"description\":\"Experts for customer trust\",\"publisher\":{\"@id\":\"https:\/\/www.truzzer.com\/da\/#organization\"},\"potentialAction\":[{\"@type\":\"SearchAction\",\"target\":{\"@type\":\"EntryPoint\",\"urlTemplate\":\"https:\/\/www.truzzer.com\/da\/?s={search_term_string}\"},\"query-input\":{\"@type\":\"PropertyValueSpecification\",\"valueRequired\":true,\"valueName\":\"search_term_string\"}}],\"inLanguage\":\"da-DK\"},{\"@type\":\"Organization\",\"@id\":\"https:\/\/www.truzzer.com\/da\/#organization\",\"name\":\"truzzer\",\"url\":\"https:\/\/www.truzzer.com\/da\/\",\"logo\":{\"@type\":\"ImageObject\",\"inLanguage\":\"da-DK\",\"@id\":\"https:\/\/www.truzzer.com\/da\/#\/schema\/logo\/image\/\",\"url\":\"https:\/\/truzzer.com\/wp-content\/uploads\/2026\/01\/truzzer-logo-black-1.svg\",\"contentUrl\":\"https:\/\/truzzer.com\/wp-content\/uploads\/2026\/01\/truzzer-logo-black-1.svg\",\"width\":938,\"height\":199,\"caption\":\"truzzer\"},\"image\":{\"@id\":\"https:\/\/www.truzzer.com\/da\/#\/schema\/logo\/image\/\"}}]}<\/script>\n<!-- \/ Yoast SEO plugin. -->","yoast_head_json":{"title":"Follow us on Instagram Sticker rectangle | truzzer","description":"F\u00e5 flere Instagram-f\u00f8lgere med Follow us on Instagram Sticker rectangle fra truzzer. Nem ops\u00e6tning, klar til brug. Bestil nu!","robots":{"index":"index","follow":"follow","max-snippet":"max-snippet:-1","max-image-preview":"max-image-preview:large","max-video-preview":"max-video-preview:-1"},"canonical":"https:\/\/www.truzzer.com\/da\/vare\/follow-us-on-instagram-sticker-rectangle\/","og_locale":"da_DK","og_type":"article","og_title":"Follow us on Instagram Sticker rectangle | truzzer","og_description":"F\u00e5 flere Instagram-f\u00f8lgere med Follow us on Instagram Sticker rectangle fra truzzer. Nem ops\u00e6tning, klar til brug. Bestil nu!","og_url":"https:\/\/www.truzzer.com\/da\/vare\/follow-us-on-instagram-sticker-rectangle\/","og_site_name":"truzzer","article_modified_time":"2026-02-13T07:59:29+00:00","og_image":[{"width":1400,"height":1400,"url":"https:\/\/www.truzzer.com\/wp-content\/uploads\/2026\/02\/follow-us-on-instagram-sticker-qr-code-truzzer-4-von-6-1.jpg","type":"image\/jpeg"}],"twitter_card":"summary_large_image","twitter_misc":{"Estimeret l\u00e6setid":"1 minut"},"schema":{"@context":"https:\/\/schema.org","@graph":[{"@type":"WebPage","@id":"https:\/\/www.truzzer.com\/da\/vare\/follow-us-on-instagram-sticker-rectangle\/","url":"https:\/\/www.truzzer.com\/da\/vare\/follow-us-on-instagram-sticker-rectangle\/","name":"Follow us on Instagram Sticker rectangle | truzzer","isPartOf":{"@id":"https:\/\/www.truzzer.com\/da\/#website"},"primaryImageOfPage":{"@id":"https:\/\/www.truzzer.com\/da\/vare\/follow-us-on-instagram-sticker-rectangle\/#primaryimage"},"image":{"@id":"https:\/\/www.truzzer.com\/da\/vare\/follow-us-on-instagram-sticker-rectangle\/#primaryimage"},"thumbnailUrl":"https:\/\/www.truzzer.com\/wp-content\/uploads\/2026\/02\/follow-us-on-instagram-sticker-qr-code-truzzer-4-von-6-1.jpg","datePublished":"2026-02-01T20:08:40+00:00","dateModified":"2026-02-13T07:59:29+00:00","description":"F\u00e5 flere Instagram-f\u00f8lgere med Follow us on Instagram Sticker rectangle fra truzzer. Nem ops\u00e6tning, klar til brug. Bestil nu!","breadcrumb":{"@id":"https:\/\/www.truzzer.com\/da\/vare\/follow-us-on-instagram-sticker-rectangle\/#breadcrumb"},"inLanguage":"da-DK","potentialAction":[{"@type":"ReadAction","target":["https:\/\/www.truzzer.com\/da\/vare\/follow-us-on-instagram-sticker-rectangle\/"]}]},{"@type":"ImageObject","inLanguage":"da-DK","@id":"https:\/\/www.truzzer.com\/da\/vare\/follow-us-on-instagram-sticker-rectangle\/#primaryimage","url":"https:\/\/www.truzzer.com\/wp-content\/uploads\/2026\/02\/follow-us-on-instagram-sticker-qr-code-truzzer-4-von-6-1.jpg","contentUrl":"https:\/\/www.truzzer.com\/wp-content\/uploads\/2026\/02\/follow-us-on-instagram-sticker-qr-code-truzzer-4-von-6-1.jpg","width":1400,"height":1400},{"@type":"BreadcrumbList","@id":"https:\/\/www.truzzer.com\/da\/vare\/follow-us-on-instagram-sticker-rectangle\/#breadcrumb","itemListElement":[{"@type":"ListItem","position":1,"name":"Home","item":"https:\/\/www.truzzer.com\/da\/"},{"@type":"ListItem","position":2,"name":"Butik","item":"https:\/\/www.truzzer.com\/da\/shop\/"},{"@type":"ListItem","position":3,"name":"F\u00f8lg os p\u00e5 Instagram Sticker rektangel"}]},{"@type":"WebSite","@id":"https:\/\/www.truzzer.com\/da\/#website","url":"https:\/\/www.truzzer.com\/da\/","name":"truzzer","description":"Experts for customer trust","publisher":{"@id":"https:\/\/www.truzzer.com\/da\/#organization"},"potentialAction":[{"@type":"SearchAction","target":{"@type":"EntryPoint","urlTemplate":"https:\/\/www.truzzer.com\/da\/?s={search_term_string}"},"query-input":{"@type":"PropertyValueSpecification","valueRequired":true,"valueName":"search_term_string"}}],"inLanguage":"da-DK"},{"@type":"Organization","@id":"https:\/\/www.truzzer.com\/da\/#organization","name":"truzzer","url":"https:\/\/www.truzzer.com\/da\/","logo":{"@type":"ImageObject","inLanguage":"da-DK","@id":"https:\/\/www.truzzer.com\/da\/#\/schema\/logo\/image\/","url":"https:\/\/truzzer.com\/wp-content\/uploads\/2026\/01\/truzzer-logo-black-1.svg","contentUrl":"https:\/\/truzzer.com\/wp-content\/uploads\/2026\/01\/truzzer-logo-black-1.svg","width":938,"height":199,"caption":"truzzer"},"image":{"@id":"https:\/\/www.truzzer.com\/da\/#\/schema\/logo\/image\/"}}]}},"tiered_pricing_type":"fixed","tiered_pricing_fixed_rules":[],"tiered_pricing_product_settings":{"layout":"default","base_unit_name":{"singular":null,"plural":null},"default_variation":null},"tiered_pricing_minimum_quantity":null,"tiered_pricing_roles_data":[],"tiered_pricing_percentage_rules":[],"tiered_pricing_maximum_quantity":null,"tiered_pricing_quantity_step":null,"_links":{"self":[{"href":"https:\/\/www.truzzer.com\/da\/wp-json\/wp\/v2\/product\/93715","targetHints":{"allow":["GET"]}}],"collection":[{"href":"https:\/\/www.truzzer.com\/da\/wp-json\/wp\/v2\/product"}],"about":[{"href":"https:\/\/www.truzzer.com\/da\/wp-json\/wp\/v2\/types\/product"}],"replies":[{"embeddable":true,"href":"https:\/\/www.truzzer.com\/da\/wp-json\/wp\/v2\/comments?post=93715"}],"wp:featuredmedia":[{"embeddable":true,"href":"https:\/\/www.truzzer.com\/da\/wp-json\/wp\/v2\/media\/93716"}],"wp:attachment":[{"href":"https:\/\/www.truzzer.com\/da\/wp-json\/wp\/v2\/media?parent=93715"}],"wp:term":[{"taxonomy":"product_brand","embeddable":true,"href":"https:\/\/www.truzzer.com\/da\/wp-json\/wp\/v2\/product_brand?post=93715"},{"taxonomy":"product_cat","embeddable":true,"href":"https:\/\/www.truzzer.com\/da\/wp-json\/wp\/v2\/product_cat?post=93715"},{"taxonomy":"product_tag","embeddable":true,"href":"https:\/\/www.truzzer.com\/da\/wp-json\/wp\/v2\/product_tag?post=93715"}],"curies":[{"name":"wp","href":"https:\/\/api.w.org\/{rel}","templated":true}]}}