{"id":93811,"date":"2026-02-01T20:08:22","date_gmt":"2026-02-01T20:08:22","guid":{"rendered":"https:\/\/beta.truzzer.com\/product\/google-review-business-card-icon-with-google-review-qr-code\/"},"modified":"2026-02-13T08:01:57","modified_gmt":"2026-02-13T08:01:57","slug":"google-review-business-card-icon-with-google-review-qr-code","status":"publish","type":"product","link":"https:\/\/www.truzzer.com\/da\/vare\/google-review-business-card-icon-with-google-review-qr-code\/","title":{"rendered":"Google anmeldelse visitkort ikon med Google anmeldelse QR kode"},"content":{"rendered":"<h2>F\u00e5 ganske enkelt flere Google-anmeldelser fra kunder<\/h2>\n<p>Med truzzer Google visitkort med google review QR-Code kan du hurtigere f\u00e5 positive anmeldelser fra dine tilfredse kunder og forbedre dit omd\u00f8mme.<br \/>\nDerudover \u00f8ger du b\u00e5ndet til din virksomhed og din SEO-placering gennem de positive ratings.<\/p>\n<p>I det praktiske visitkortformat har du altid mulighed for at f\u00e5 flere Google anmeldelser ved h\u00e5nden og g\u00f8re onlineanmeldelsen gennem google tilg\u00e6ngelig for dine kunder til enhver tid.<br \/>\nGiv dine kunder truzzer Google visitkortene, l\u00e6g dem i indk\u00f8bsposen, send dem med dine produkter eller l\u00e6g dem p\u00e5 bordene i restauranten. F\u00e6rdig.<\/p>\n<p>QR-koden f\u00f8rer kunder direkte til din Google-anmeldelse UDEN at skulle s\u00f8ge efter dig p\u00e5 Google f\u00f8rst. S\u00e5dan forhindrer du spring i Google-gennemgangsprocessen.<\/p>\n<p>Du kan nemt tilpasse Google visitkortene med dit logo og tilpasse dem til din virksomhed.<br \/>\nAnmeld os p\u00e5 Google-produkterne er nemme at bruge, som vi gerne vil vise dig nedenfor ved hj\u00e6lp af eksemplet med anmeldelsesm\u00e6rkater.<\/p>\n<p>&nbsp;<\/p>\n<p>&nbsp;<\/p>\n<h3>Trin 1: Kunden scanner QR-koden<\/h3>\n<p>For at f\u00f8lge dig skal kunden kun scanne QR-koden. Alt du skal g\u00f8re er at holde smartphone-kameraet (ingen ekstra scanner-app n\u00f8dvendig) over produktet.<\/p>\n<p><img decoding=\"async\" src=\"https:\/\/www.truzzer.com\/wp-content\/uploads\/2026\/02\/how-to-use-the-product-truzzer-google.jpg.webp\" width=\"p&gt;\" class=\"alignnone wp-image-22402 size-full\" alt=\"Hand scanning a QR code for Google reviews on a smartphone.\"  > 340&#8243; h\u00f8jde=&#8221;p>300&#8243; \/><\/p>\n<p>Derefter vises en pop-up p\u00e5 sk\u00e6rmen (iPhone), eller en QR-kode vises (Android \/ Google smartphones).<\/p>\n<h3>Trin 2: Kunden g\u00e5r direkte til Google anmeldelsesformularen<\/h3>\n<p>Anmeldelsesformularen \u00e5bnes i smartphones browser, og kunden kan anmelde dig direkte.<\/p>\n<p>Bem\u00e6rk:<br \/>\nBem\u00e6rk, at der kr\u00e6ves en Google My Business-profil for at f\u00e5 Google-anmeldelser.<\/p>\n<p>&nbsp;<\/p>\n","protected":false},"excerpt":{"rendered":"<p><strong>G\u00f8r det nemt for dine kunder at anmelde dig p\u00e5 Google!<\/strong><\/p>\n<p>Med Google visitkortene &#8220;Icon&#8221; med google anmeldelse QR Kode i et reduceret og attraktivt design, som passer ind i enhver virksomhed, kan du nemt vinde nye Google anmeldelser overalt.<br \/>\nI et praktisk visitkortformat er &#8220;Anmeld os p\u00e5 Google&#8221; visitkort er ideelle til alle, der rejser meget for at arbejde &#8211; f.eks. for h\u00e5ndv\u00e6rkere og s\u00e6lgere.<\/p>\n<p><strong>S\u00e5dan hj\u00e6lper google review visitkort dig<\/strong><\/p>\n<p>Visitkortene fjerner dine kunders st\u00f8rste forhindringer i Google-anmeldelsen:<\/p>\n<ul>\n<li>\u00a0Ingen ubehagelige sp\u00f8rgsm\u00e5l &amp; anmodninger, bare aflever det. Opfordringen til handling g\u00f8r det for dig<\/li>\n<li>Anmeldelser vil ikke blive glemt, fordi kunderne vil blive mindet om Google-anmeldelsen.<\/li>\n<li>Ingen s\u00f8gning og ingen problemer: QR-koden f\u00f8rer direkte til din evalueringsformular<\/li>\n<li>H\u00e5ndgribeligt: Visitkortene g\u00f8r Google-anmeldelsen h\u00e5ndgribelig.<\/li>\n<li>Ingen ekstra app: QR-koden kan scannes med smartphone-kameraet<\/li>\n<\/ul>\n<p>Vi vil oprette og linke QR-koden til direkte evaluering p\u00e5 din Google-profil for dig! Vi tager disse oplysninger fra din virksomhedsadresse.<br \/>\nDu kan finde mere information om, hvordan kortene hj\u00e6lper dig her: <a href=\"#tab-description\"><\/a><\/p>\n<p> og indtast dine kontaktoplysninger, som skal vises p\u00e5 visitkortet.<\/p>\n<p>&nbsp;<\/p>\n","protected":false},"featured_media":93812,"comment_status":"open","ping_status":"closed","template":"","meta":{"_acf_changed":false,"_yoast_wpseo_focuskw":"Google Anmeldelse Visitkort","_yoast_wpseo_title":"Google Review Business Card Icon with Google Re... | truzzer","_yoast_wpseo_metadesc":"Flere Google-anmeldelser med Google Review Business Card Icon with Google Review QR Code fra truzzer. Nem ops\u00e6tning. Bestil nu!"},"product_brand":[1631],"product_cat":[808,466,592,593],"product_tag":[],"class_list":{"0":"post-93811","1":"product","2":"type-product","3":"status-publish","4":"has-post-thumbnail","6":"product_brand-google","7":"product_cat-google-anmeldelse-visitkort-med-qr-kode","8":"product_cat-qr-kode-produkter","9":"product_cat-qr-kode-visitkort","10":"product_cat-qr-kode-visitkort-med-kontaktoplysninger","11":"pa_industry-bureau-radgivning","12":"pa_industry-ejendom-goed","13":"pa_industry-lokale-diensten","14":"pa_material-karton","15":"pa_placement-balie-receptie","16":"pa_placement-brochure","17":"pa_placement-portemonnee-persoonlijk","18":"pa_product-type-visitekaartjes","19":"pa_technology-qr-code","20":"pa_technology-qr-kode","22":"first","23":"instock","24":"taxable","25":"shipping-taxable","26":"purchasable","27":"product-type-simple"},"acf":[],"yoast_head":"<!-- This site is optimized with the Yoast SEO plugin v27.0 - https:\/\/yoast.com\/product\/yoast-seo-wordpress\/ -->\n<title>Google Review Business Card Icon with Google Re... | truzzer<\/title>\n<meta name=\"description\" content=\"Flere Google-anmeldelser med Google Review Business Card Icon with Google Review QR Code fra truzzer. Nem ops\u00e6tning. Bestil nu!\" \/>\n<meta name=\"robots\" content=\"index, follow, max-snippet:-1, max-image-preview:large, max-video-preview:-1\" \/>\n<link rel=\"canonical\" href=\"https:\/\/www.truzzer.com\/da\/vare\/google-review-business-card-icon-with-google-review-qr-code\/\" \/>\n<meta property=\"og:locale\" content=\"da_DK\" \/>\n<meta property=\"og:type\" content=\"article\" \/>\n<meta property=\"og:title\" content=\"Google Review Business Card Icon with Google Re... | truzzer\" \/>\n<meta property=\"og:description\" content=\"Flere Google-anmeldelser med Google Review Business Card Icon with Google Review QR Code fra truzzer. Nem ops\u00e6tning. Bestil nu!\" \/>\n<meta property=\"og:url\" content=\"https:\/\/www.truzzer.com\/da\/vare\/google-review-business-card-icon-with-google-review-qr-code\/\" \/>\n<meta property=\"og:site_name\" content=\"truzzer\" \/>\n<meta property=\"article:modified_time\" content=\"2026-02-13T08:01:57+00:00\" \/>\n<meta property=\"og:image\" content=\"https:\/\/www.truzzer.com\/wp-content\/uploads\/2026\/02\/google-review-business-card-icon-with-qr-code-simple-truzzer.jpg\" \/>\n\t<meta property=\"og:image:width\" content=\"1400\" \/>\n\t<meta property=\"og:image:height\" content=\"1400\" \/>\n\t<meta property=\"og:image:type\" content=\"image\/jpeg\" \/>\n<meta name=\"twitter:card\" content=\"summary_large_image\" \/>\n<meta name=\"twitter:label1\" content=\"Estimeret l\u00e6setid\" \/>\n\t<meta name=\"twitter:data1\" content=\"1 minut\" \/>\n<script type=\"application\/ld+json\" class=\"yoast-schema-graph\">{\"@context\":\"https:\/\/schema.org\",\"@graph\":[{\"@type\":\"WebPage\",\"@id\":\"https:\/\/www.truzzer.com\/da\/vare\/google-review-business-card-icon-with-google-review-qr-code\/\",\"url\":\"https:\/\/www.truzzer.com\/da\/vare\/google-review-business-card-icon-with-google-review-qr-code\/\",\"name\":\"Google Review Business Card Icon with Google Re... | truzzer\",\"isPartOf\":{\"@id\":\"https:\/\/www.truzzer.com\/da\/#website\"},\"primaryImageOfPage\":{\"@id\":\"https:\/\/www.truzzer.com\/da\/vare\/google-review-business-card-icon-with-google-review-qr-code\/#primaryimage\"},\"image\":{\"@id\":\"https:\/\/www.truzzer.com\/da\/vare\/google-review-business-card-icon-with-google-review-qr-code\/#primaryimage\"},\"thumbnailUrl\":\"https:\/\/www.truzzer.com\/wp-content\/uploads\/2026\/02\/google-review-business-card-icon-with-qr-code-simple-truzzer.jpg\",\"datePublished\":\"2026-02-01T20:08:22+00:00\",\"dateModified\":\"2026-02-13T08:01:57+00:00\",\"description\":\"Flere Google-anmeldelser med Google Review Business Card Icon with Google Review QR Code fra truzzer. Nem ops\u00e6tning. Bestil nu!\",\"breadcrumb\":{\"@id\":\"https:\/\/www.truzzer.com\/da\/vare\/google-review-business-card-icon-with-google-review-qr-code\/#breadcrumb\"},\"inLanguage\":\"da-DK\",\"potentialAction\":[{\"@type\":\"ReadAction\",\"target\":[\"https:\/\/www.truzzer.com\/da\/vare\/google-review-business-card-icon-with-google-review-qr-code\/\"]}]},{\"@type\":\"ImageObject\",\"inLanguage\":\"da-DK\",\"@id\":\"https:\/\/www.truzzer.com\/da\/vare\/google-review-business-card-icon-with-google-review-qr-code\/#primaryimage\",\"url\":\"https:\/\/www.truzzer.com\/wp-content\/uploads\/2026\/02\/google-review-business-card-icon-with-qr-code-simple-truzzer.jpg\",\"contentUrl\":\"https:\/\/www.truzzer.com\/wp-content\/uploads\/2026\/02\/google-review-business-card-icon-with-qr-code-simple-truzzer.jpg\",\"width\":1400,\"height\":1400},{\"@type\":\"BreadcrumbList\",\"@id\":\"https:\/\/www.truzzer.com\/da\/vare\/google-review-business-card-icon-with-google-review-qr-code\/#breadcrumb\",\"itemListElement\":[{\"@type\":\"ListItem\",\"position\":1,\"name\":\"Home\",\"item\":\"https:\/\/www.truzzer.com\/da\/\"},{\"@type\":\"ListItem\",\"position\":2,\"name\":\"Butik\",\"item\":\"https:\/\/www.truzzer.com\/da\/shop\/\"},{\"@type\":\"ListItem\",\"position\":3,\"name\":\"Google anmeldelse visitkort ikon med Google anmeldelse QR kode\"}]},{\"@type\":\"WebSite\",\"@id\":\"https:\/\/www.truzzer.com\/da\/#website\",\"url\":\"https:\/\/www.truzzer.com\/da\/\",\"name\":\"truzzer\",\"description\":\"Experts for customer trust\",\"publisher\":{\"@id\":\"https:\/\/www.truzzer.com\/da\/#organization\"},\"potentialAction\":[{\"@type\":\"SearchAction\",\"target\":{\"@type\":\"EntryPoint\",\"urlTemplate\":\"https:\/\/www.truzzer.com\/da\/?s={search_term_string}\"},\"query-input\":{\"@type\":\"PropertyValueSpecification\",\"valueRequired\":true,\"valueName\":\"search_term_string\"}}],\"inLanguage\":\"da-DK\"},{\"@type\":\"Organization\",\"@id\":\"https:\/\/www.truzzer.com\/da\/#organization\",\"name\":\"truzzer\",\"url\":\"https:\/\/www.truzzer.com\/da\/\",\"logo\":{\"@type\":\"ImageObject\",\"inLanguage\":\"da-DK\",\"@id\":\"https:\/\/www.truzzer.com\/da\/#\/schema\/logo\/image\/\",\"url\":\"https:\/\/truzzer.com\/wp-content\/uploads\/2026\/01\/truzzer-logo-black-1.svg\",\"contentUrl\":\"https:\/\/truzzer.com\/wp-content\/uploads\/2026\/01\/truzzer-logo-black-1.svg\",\"width\":938,\"height\":199,\"caption\":\"truzzer\"},\"image\":{\"@id\":\"https:\/\/www.truzzer.com\/da\/#\/schema\/logo\/image\/\"}}]}<\/script>\n<!-- \/ Yoast SEO plugin. -->","yoast_head_json":{"title":"Google Review Business Card Icon with Google Re... | truzzer","description":"Flere Google-anmeldelser med Google Review Business Card Icon with Google Review QR Code fra truzzer. Nem ops\u00e6tning. Bestil nu!","robots":{"index":"index","follow":"follow","max-snippet":"max-snippet:-1","max-image-preview":"max-image-preview:large","max-video-preview":"max-video-preview:-1"},"canonical":"https:\/\/www.truzzer.com\/da\/vare\/google-review-business-card-icon-with-google-review-qr-code\/","og_locale":"da_DK","og_type":"article","og_title":"Google Review Business Card Icon with Google Re... | truzzer","og_description":"Flere Google-anmeldelser med Google Review Business Card Icon with Google Review QR Code fra truzzer. Nem ops\u00e6tning. Bestil nu!","og_url":"https:\/\/www.truzzer.com\/da\/vare\/google-review-business-card-icon-with-google-review-qr-code\/","og_site_name":"truzzer","article_modified_time":"2026-02-13T08:01:57+00:00","og_image":[{"width":1400,"height":1400,"url":"https:\/\/www.truzzer.com\/wp-content\/uploads\/2026\/02\/google-review-business-card-icon-with-qr-code-simple-truzzer.jpg","type":"image\/jpeg"}],"twitter_card":"summary_large_image","twitter_misc":{"Estimeret l\u00e6setid":"1 minut"},"schema":{"@context":"https:\/\/schema.org","@graph":[{"@type":"WebPage","@id":"https:\/\/www.truzzer.com\/da\/vare\/google-review-business-card-icon-with-google-review-qr-code\/","url":"https:\/\/www.truzzer.com\/da\/vare\/google-review-business-card-icon-with-google-review-qr-code\/","name":"Google Review Business Card Icon with Google Re... | truzzer","isPartOf":{"@id":"https:\/\/www.truzzer.com\/da\/#website"},"primaryImageOfPage":{"@id":"https:\/\/www.truzzer.com\/da\/vare\/google-review-business-card-icon-with-google-review-qr-code\/#primaryimage"},"image":{"@id":"https:\/\/www.truzzer.com\/da\/vare\/google-review-business-card-icon-with-google-review-qr-code\/#primaryimage"},"thumbnailUrl":"https:\/\/www.truzzer.com\/wp-content\/uploads\/2026\/02\/google-review-business-card-icon-with-qr-code-simple-truzzer.jpg","datePublished":"2026-02-01T20:08:22+00:00","dateModified":"2026-02-13T08:01:57+00:00","description":"Flere Google-anmeldelser med Google Review Business Card Icon with Google Review QR Code fra truzzer. Nem ops\u00e6tning. Bestil nu!","breadcrumb":{"@id":"https:\/\/www.truzzer.com\/da\/vare\/google-review-business-card-icon-with-google-review-qr-code\/#breadcrumb"},"inLanguage":"da-DK","potentialAction":[{"@type":"ReadAction","target":["https:\/\/www.truzzer.com\/da\/vare\/google-review-business-card-icon-with-google-review-qr-code\/"]}]},{"@type":"ImageObject","inLanguage":"da-DK","@id":"https:\/\/www.truzzer.com\/da\/vare\/google-review-business-card-icon-with-google-review-qr-code\/#primaryimage","url":"https:\/\/www.truzzer.com\/wp-content\/uploads\/2026\/02\/google-review-business-card-icon-with-qr-code-simple-truzzer.jpg","contentUrl":"https:\/\/www.truzzer.com\/wp-content\/uploads\/2026\/02\/google-review-business-card-icon-with-qr-code-simple-truzzer.jpg","width":1400,"height":1400},{"@type":"BreadcrumbList","@id":"https:\/\/www.truzzer.com\/da\/vare\/google-review-business-card-icon-with-google-review-qr-code\/#breadcrumb","itemListElement":[{"@type":"ListItem","position":1,"name":"Home","item":"https:\/\/www.truzzer.com\/da\/"},{"@type":"ListItem","position":2,"name":"Butik","item":"https:\/\/www.truzzer.com\/da\/shop\/"},{"@type":"ListItem","position":3,"name":"Google anmeldelse visitkort ikon med Google anmeldelse QR kode"}]},{"@type":"WebSite","@id":"https:\/\/www.truzzer.com\/da\/#website","url":"https:\/\/www.truzzer.com\/da\/","name":"truzzer","description":"Experts for customer trust","publisher":{"@id":"https:\/\/www.truzzer.com\/da\/#organization"},"potentialAction":[{"@type":"SearchAction","target":{"@type":"EntryPoint","urlTemplate":"https:\/\/www.truzzer.com\/da\/?s={search_term_string}"},"query-input":{"@type":"PropertyValueSpecification","valueRequired":true,"valueName":"search_term_string"}}],"inLanguage":"da-DK"},{"@type":"Organization","@id":"https:\/\/www.truzzer.com\/da\/#organization","name":"truzzer","url":"https:\/\/www.truzzer.com\/da\/","logo":{"@type":"ImageObject","inLanguage":"da-DK","@id":"https:\/\/www.truzzer.com\/da\/#\/schema\/logo\/image\/","url":"https:\/\/truzzer.com\/wp-content\/uploads\/2026\/01\/truzzer-logo-black-1.svg","contentUrl":"https:\/\/truzzer.com\/wp-content\/uploads\/2026\/01\/truzzer-logo-black-1.svg","width":938,"height":199,"caption":"truzzer"},"image":{"@id":"https:\/\/www.truzzer.com\/da\/#\/schema\/logo\/image\/"}}]}},"tiered_pricing_type":"fixed","tiered_pricing_fixed_rules":[],"tiered_pricing_product_settings":{"layout":"default","base_unit_name":{"singular":null,"plural":null},"default_variation":null},"tiered_pricing_minimum_quantity":null,"tiered_pricing_roles_data":[],"tiered_pricing_percentage_rules":[],"tiered_pricing_maximum_quantity":null,"tiered_pricing_quantity_step":null,"_links":{"self":[{"href":"https:\/\/www.truzzer.com\/da\/wp-json\/wp\/v2\/product\/93811","targetHints":{"allow":["GET"]}}],"collection":[{"href":"https:\/\/www.truzzer.com\/da\/wp-json\/wp\/v2\/product"}],"about":[{"href":"https:\/\/www.truzzer.com\/da\/wp-json\/wp\/v2\/types\/product"}],"replies":[{"embeddable":true,"href":"https:\/\/www.truzzer.com\/da\/wp-json\/wp\/v2\/comments?post=93811"}],"wp:featuredmedia":[{"embeddable":true,"href":"https:\/\/www.truzzer.com\/da\/wp-json\/wp\/v2\/media\/93812"}],"wp:attachment":[{"href":"https:\/\/www.truzzer.com\/da\/wp-json\/wp\/v2\/media?parent=93811"}],"wp:term":[{"taxonomy":"product_brand","embeddable":true,"href":"https:\/\/www.truzzer.com\/da\/wp-json\/wp\/v2\/product_brand?post=93811"},{"taxonomy":"product_cat","embeddable":true,"href":"https:\/\/www.truzzer.com\/da\/wp-json\/wp\/v2\/product_cat?post=93811"},{"taxonomy":"product_tag","embeddable":true,"href":"https:\/\/www.truzzer.com\/da\/wp-json\/wp\/v2\/product_tag?post=93811"}],"curies":[{"name":"wp","href":"https:\/\/api.w.org\/{rel}","templated":true}]}}