{"id":93987,"date":"2026-02-01T20:07:56","date_gmt":"2026-02-01T20:07:56","guid":{"rendered":"https:\/\/beta.truzzer.com\/product\/review-us-on-google-package-bold-cards-and-stickers\/"},"modified":"2026-02-13T08:05:42","modified_gmt":"2026-02-13T08:05:42","slug":"review-us-on-google-package-bold-cards-and-stickers","status":"publish","type":"product","link":"https:\/\/www.truzzer.com\/da\/vare\/review-us-on-google-package-bold-cards-and-stickers\/","title":{"rendered":"Anmeld os p\u00e5 Google Package Bold &#8211; Cards and Stickers"},"content":{"rendered":"<h2>F\u00e5 ganske enkelt flere Google-anmeldelser fra kunder<\/h2>\n<p>Med truzzer Google anmeldelsespakke kan du hurtigere f\u00e5 positive anmeldelser fra dine tilfredse kunder og forbedre dit image og omd\u00f8mme.<br \/>\nDerudover \u00f8ger du b\u00e5ndet til din virksomhed og din SEO-placering gennem de positive anmeldelser.<\/p>\n<p>S\u00e6ttet best\u00e5r af vores bestsellere:<\/p>\n<ul>\n<li>100 Google anmeldelseskort fed med logo og QR kodelink<\/li>\n<li>5 Google-klisterm\u00e6rker (fedt design) med\u00a0 Logo og QR-kode<\/li>\n<\/ul>\n<p><strong>Google anmeldelseskort fed<br \/>\n<\/strong><\/p>\n<p>I det praktiske og samtidig sl\u00e5ende DIN A6-postkortformat g\u00f8r du onlineanmeldelsen h\u00e5ndgribelig for dine kunder.<br \/>\nL\u00e6g truzzer Google anmeldelseskortene i dine kunders indk\u00f8bsposer, giv dem til regningen, send dem sammen med dine produkter eller l\u00e6g dem p\u00e5 bordene i restauranten. F\u00e6rdig.<\/p>\n<p><strong>Google anmeldelsesm\u00e6rkater fed<br \/>\n<\/strong><\/p>\n<p>&#8211; Velegnet til indend\u00f8rs og udend\u00f8rs brug<br \/>\n&#8211; Vejrbestandig<br \/>\n&#8211; Velegnet til enhver glat overflade<br \/>\n-Til detailbutikker, d\u00f8re eller som bil Google klisterm\u00e6rke<br \/>\n-Viser dine kunder, at de ogs\u00e5 kan finde dig p\u00e5 Google<br \/>\n&#8211; Individuelt lavet til dig<\/p>\n<p>Anmeld os p\u00e5 Google-produkterne er nemme at bruge, som vi gerne vil vise dig nedenfor ved hj\u00e6lp af eksemplet med anmeldelsesm\u00e6rkater.<\/p>\n<p>&nbsp;<\/p>\n<h3>Trin 1: Kunden scanner QR-koden<\/h3>\n<p>For at f\u00f8lge dig skal kunden kun scanne QR-koden. Alt du skal g\u00f8re er at holde smartphone-kameraet (ingen ekstra scanner-app n\u00f8dvendig) over produktet.<\/p>\n<p><img decoding=\"async\" src=\"https:\/\/www.truzzer.com\/wp-content\/uploads\/2026\/02\/how-to-use-the-product-truzzer-google.jpg.webp\" width=\"p&gt;\" class=\"alignnone wp-image-22402 size-full\" alt=\"Hand scanning a QR code for Google reviews on a smartphone.\"  > 340&#8243; h\u00f8jde=&#8221;p>300&#8243; \/><\/p>\n<p>Derefter vises en pop-up p\u00e5 sk\u00e6rmen (iPhone), eller en QR-kode vises (Android \/ Google smartphones).<\/p>\n<h3>Trin 2: Kunden g\u00e5r direkte til Google anmeldelsesformularen<\/h3>\n<p>Anmeldelsesformularen \u00e5bnes i smartphones browser, og kunden kan anmelde dig direkte.<\/p>\n<p>Bem\u00e6rk:<br \/>\nBem\u00e6rk, at der kr\u00e6ves en Google My Business-profil for at f\u00e5 Google-anmeldelser.<\/p>\n<p>&nbsp;<\/p>\n","protected":false},"excerpt":{"rendered":"<p><strong>G\u00f8r Google-anmeldelsen h\u00e5ndgribelig for dine kunder<\/strong><\/p>\n<p>truzzer Google anmeldelsespakke &#8220;Fed&#8221;\u00a0 best\u00e5ende af de absolutte bestsellere i vores butik &#8211; 100 anmeld os p\u00e5 Google-kort i fedt design og 5 Google-klisterm\u00e6rker med en diameter p\u00e5 14,8 cm \/ 5,8&#8243; .<\/p>\n<p>Kortene og klisterm\u00e6rkerne er personliggjort med dit logo, og QR-koden f\u00f8rer direkte til din anmeldelsesformular p\u00e5 Google.<br \/>\nVi vil oprette og linke QR-koden til direkte evaluering p\u00e5 din Google-profil for dig!<br \/>\nVi tager disse oplysninger fra din virksomhedsadresse.<\/p>\n<p>Du kan finde flere oplysninger om, hvordan kortene hj\u00e6lper dig her:\n<\/p>\n<p>&nbsp;<\/p>\n","protected":false},"featured_media":93988,"comment_status":"open","ping_status":"closed","template":"","meta":{"_acf_changed":false,"_yoast_wpseo_focuskw":"Google Anmeldelse Pakke","_yoast_wpseo_title":"Review us on Google Package Bold \u2013 Cards and St... | truzzer","_yoast_wpseo_metadesc":"F\u00e5 flere 5-stjernede Google-anmeldelser med Review us on Google Package Bold \u2013 Cards and Stickers fra truzzer. Nem ops\u00e6tning, klar til brug. Bestil nu!"},"product_brand":[1631],"product_cat":[1088,731,1089,466],"product_tag":[],"class_list":{"0":"post-93987","1":"product","2":"type-product","3":"status-publish","4":"has-post-thumbnail","6":"product_brand-google","7":"product_cat-google-anmeldelse-pakke","8":"product_cat-google-anmeldelse-produkter","9":"product_cat-pakker","10":"product_cat-qr-kode-produkter","11":"pa_industry-detailhandel","12":"pa_industry-fitness-gym","13":"pa_industry-restaurant-cafe","14":"pa_material-vinyl","15":"pa_placement-balie-receptie","16":"pa_placement-verpakking","17":"pa_placement-window-door","18":"pa_product-type-klistermaerke","19":"pa_technology-qr-code","20":"pa_technology-qr-kode","22":"first","23":"instock","24":"taxable","25":"shipping-taxable","26":"purchasable","27":"product-type-simple"},"acf":[],"yoast_head":"<!-- This site is optimized with the Yoast SEO plugin v27.0 - https:\/\/yoast.com\/product\/yoast-seo-wordpress\/ -->\n<title>Review us on Google Package Bold \u2013 Cards and St... | truzzer<\/title>\n<meta name=\"description\" content=\"F\u00e5 flere 5-stjernede Google-anmeldelser med Review us on Google Package Bold \u2013 Cards and Stickers fra truzzer. Nem ops\u00e6tning, klar til brug. Bestil nu!\" \/>\n<meta name=\"robots\" content=\"index, follow, max-snippet:-1, max-image-preview:large, max-video-preview:-1\" \/>\n<link rel=\"canonical\" href=\"https:\/\/www.truzzer.com\/da\/vare\/review-us-on-google-package-bold-cards-and-stickers\/\" \/>\n<meta property=\"og:locale\" content=\"da_DK\" \/>\n<meta property=\"og:type\" content=\"article\" \/>\n<meta property=\"og:title\" content=\"Review us on Google Package Bold \u2013 Cards and St... | truzzer\" \/>\n<meta property=\"og:description\" content=\"F\u00e5 flere 5-stjernede Google-anmeldelser med Review us on Google Package Bold \u2013 Cards and Stickers fra truzzer. Nem ops\u00e6tning, klar til brug. Bestil nu!\" \/>\n<meta property=\"og:url\" content=\"https:\/\/www.truzzer.com\/da\/vare\/review-us-on-google-package-bold-cards-and-stickers\/\" \/>\n<meta property=\"og:site_name\" content=\"truzzer\" \/>\n<meta property=\"article:modified_time\" content=\"2026-02-13T08:05:42+00:00\" \/>\n<meta property=\"og:image\" content=\"https:\/\/www.truzzer.com\/wp-content\/uploads\/2026\/02\/review-us-on-google-package-bold-front-qr-code-truzzer-1-von-11-1.jpg\" \/>\n\t<meta property=\"og:image:width\" content=\"1400\" \/>\n\t<meta property=\"og:image:height\" content=\"1400\" \/>\n\t<meta property=\"og:image:type\" content=\"image\/jpeg\" \/>\n<meta name=\"twitter:card\" content=\"summary_large_image\" \/>\n<meta name=\"twitter:label1\" content=\"Estimeret l\u00e6setid\" \/>\n\t<meta name=\"twitter:data1\" content=\"1 minut\" \/>\n<script type=\"application\/ld+json\" class=\"yoast-schema-graph\">{\"@context\":\"https:\/\/schema.org\",\"@graph\":[{\"@type\":\"WebPage\",\"@id\":\"https:\/\/www.truzzer.com\/da\/vare\/review-us-on-google-package-bold-cards-and-stickers\/\",\"url\":\"https:\/\/www.truzzer.com\/da\/vare\/review-us-on-google-package-bold-cards-and-stickers\/\",\"name\":\"Review us on Google Package Bold \u2013 Cards and St... | truzzer\",\"isPartOf\":{\"@id\":\"https:\/\/www.truzzer.com\/da\/#website\"},\"primaryImageOfPage\":{\"@id\":\"https:\/\/www.truzzer.com\/da\/vare\/review-us-on-google-package-bold-cards-and-stickers\/#primaryimage\"},\"image\":{\"@id\":\"https:\/\/www.truzzer.com\/da\/vare\/review-us-on-google-package-bold-cards-and-stickers\/#primaryimage\"},\"thumbnailUrl\":\"https:\/\/www.truzzer.com\/wp-content\/uploads\/2026\/02\/review-us-on-google-package-bold-front-qr-code-truzzer-1-von-11-1.jpg\",\"datePublished\":\"2026-02-01T20:07:56+00:00\",\"dateModified\":\"2026-02-13T08:05:42+00:00\",\"description\":\"F\u00e5 flere 5-stjernede Google-anmeldelser med Review us on Google Package Bold \u2013 Cards and Stickers fra truzzer. Nem ops\u00e6tning, klar til brug. Bestil nu!\",\"breadcrumb\":{\"@id\":\"https:\/\/www.truzzer.com\/da\/vare\/review-us-on-google-package-bold-cards-and-stickers\/#breadcrumb\"},\"inLanguage\":\"da-DK\",\"potentialAction\":[{\"@type\":\"ReadAction\",\"target\":[\"https:\/\/www.truzzer.com\/da\/vare\/review-us-on-google-package-bold-cards-and-stickers\/\"]}]},{\"@type\":\"ImageObject\",\"inLanguage\":\"da-DK\",\"@id\":\"https:\/\/www.truzzer.com\/da\/vare\/review-us-on-google-package-bold-cards-and-stickers\/#primaryimage\",\"url\":\"https:\/\/www.truzzer.com\/wp-content\/uploads\/2026\/02\/review-us-on-google-package-bold-front-qr-code-truzzer-1-von-11-1.jpg\",\"contentUrl\":\"https:\/\/www.truzzer.com\/wp-content\/uploads\/2026\/02\/review-us-on-google-package-bold-front-qr-code-truzzer-1-von-11-1.jpg\",\"width\":1400,\"height\":1400},{\"@type\":\"BreadcrumbList\",\"@id\":\"https:\/\/www.truzzer.com\/da\/vare\/review-us-on-google-package-bold-cards-and-stickers\/#breadcrumb\",\"itemListElement\":[{\"@type\":\"ListItem\",\"position\":1,\"name\":\"Home\",\"item\":\"https:\/\/www.truzzer.com\/da\/\"},{\"@type\":\"ListItem\",\"position\":2,\"name\":\"Butik\",\"item\":\"https:\/\/www.truzzer.com\/da\/shop\/\"},{\"@type\":\"ListItem\",\"position\":3,\"name\":\"Anmeld os p\u00e5 Google Package Bold &#8211; Cards and Stickers\"}]},{\"@type\":\"WebSite\",\"@id\":\"https:\/\/www.truzzer.com\/da\/#website\",\"url\":\"https:\/\/www.truzzer.com\/da\/\",\"name\":\"truzzer\",\"description\":\"Experts for customer trust\",\"publisher\":{\"@id\":\"https:\/\/www.truzzer.com\/da\/#organization\"},\"potentialAction\":[{\"@type\":\"SearchAction\",\"target\":{\"@type\":\"EntryPoint\",\"urlTemplate\":\"https:\/\/www.truzzer.com\/da\/?s={search_term_string}\"},\"query-input\":{\"@type\":\"PropertyValueSpecification\",\"valueRequired\":true,\"valueName\":\"search_term_string\"}}],\"inLanguage\":\"da-DK\"},{\"@type\":\"Organization\",\"@id\":\"https:\/\/www.truzzer.com\/da\/#organization\",\"name\":\"truzzer\",\"url\":\"https:\/\/www.truzzer.com\/da\/\",\"logo\":{\"@type\":\"ImageObject\",\"inLanguage\":\"da-DK\",\"@id\":\"https:\/\/www.truzzer.com\/da\/#\/schema\/logo\/image\/\",\"url\":\"https:\/\/truzzer.com\/wp-content\/uploads\/2026\/01\/truzzer-logo-black-1.svg\",\"contentUrl\":\"https:\/\/truzzer.com\/wp-content\/uploads\/2026\/01\/truzzer-logo-black-1.svg\",\"width\":938,\"height\":199,\"caption\":\"truzzer\"},\"image\":{\"@id\":\"https:\/\/www.truzzer.com\/da\/#\/schema\/logo\/image\/\"}}]}<\/script>\n<!-- \/ Yoast SEO plugin. -->","yoast_head_json":{"title":"Review us on Google Package Bold \u2013 Cards and St... | truzzer","description":"F\u00e5 flere 5-stjernede Google-anmeldelser med Review us on Google Package Bold \u2013 Cards and Stickers fra truzzer. Nem ops\u00e6tning, klar til brug. Bestil nu!","robots":{"index":"index","follow":"follow","max-snippet":"max-snippet:-1","max-image-preview":"max-image-preview:large","max-video-preview":"max-video-preview:-1"},"canonical":"https:\/\/www.truzzer.com\/da\/vare\/review-us-on-google-package-bold-cards-and-stickers\/","og_locale":"da_DK","og_type":"article","og_title":"Review us on Google Package Bold \u2013 Cards and St... | truzzer","og_description":"F\u00e5 flere 5-stjernede Google-anmeldelser med Review us on Google Package Bold \u2013 Cards and Stickers fra truzzer. Nem ops\u00e6tning, klar til brug. Bestil nu!","og_url":"https:\/\/www.truzzer.com\/da\/vare\/review-us-on-google-package-bold-cards-and-stickers\/","og_site_name":"truzzer","article_modified_time":"2026-02-13T08:05:42+00:00","og_image":[{"width":1400,"height":1400,"url":"https:\/\/www.truzzer.com\/wp-content\/uploads\/2026\/02\/review-us-on-google-package-bold-front-qr-code-truzzer-1-von-11-1.jpg","type":"image\/jpeg"}],"twitter_card":"summary_large_image","twitter_misc":{"Estimeret l\u00e6setid":"1 minut"},"schema":{"@context":"https:\/\/schema.org","@graph":[{"@type":"WebPage","@id":"https:\/\/www.truzzer.com\/da\/vare\/review-us-on-google-package-bold-cards-and-stickers\/","url":"https:\/\/www.truzzer.com\/da\/vare\/review-us-on-google-package-bold-cards-and-stickers\/","name":"Review us on Google Package Bold \u2013 Cards and St... | truzzer","isPartOf":{"@id":"https:\/\/www.truzzer.com\/da\/#website"},"primaryImageOfPage":{"@id":"https:\/\/www.truzzer.com\/da\/vare\/review-us-on-google-package-bold-cards-and-stickers\/#primaryimage"},"image":{"@id":"https:\/\/www.truzzer.com\/da\/vare\/review-us-on-google-package-bold-cards-and-stickers\/#primaryimage"},"thumbnailUrl":"https:\/\/www.truzzer.com\/wp-content\/uploads\/2026\/02\/review-us-on-google-package-bold-front-qr-code-truzzer-1-von-11-1.jpg","datePublished":"2026-02-01T20:07:56+00:00","dateModified":"2026-02-13T08:05:42+00:00","description":"F\u00e5 flere 5-stjernede Google-anmeldelser med Review us on Google Package Bold \u2013 Cards and Stickers fra truzzer. Nem ops\u00e6tning, klar til brug. Bestil nu!","breadcrumb":{"@id":"https:\/\/www.truzzer.com\/da\/vare\/review-us-on-google-package-bold-cards-and-stickers\/#breadcrumb"},"inLanguage":"da-DK","potentialAction":[{"@type":"ReadAction","target":["https:\/\/www.truzzer.com\/da\/vare\/review-us-on-google-package-bold-cards-and-stickers\/"]}]},{"@type":"ImageObject","inLanguage":"da-DK","@id":"https:\/\/www.truzzer.com\/da\/vare\/review-us-on-google-package-bold-cards-and-stickers\/#primaryimage","url":"https:\/\/www.truzzer.com\/wp-content\/uploads\/2026\/02\/review-us-on-google-package-bold-front-qr-code-truzzer-1-von-11-1.jpg","contentUrl":"https:\/\/www.truzzer.com\/wp-content\/uploads\/2026\/02\/review-us-on-google-package-bold-front-qr-code-truzzer-1-von-11-1.jpg","width":1400,"height":1400},{"@type":"BreadcrumbList","@id":"https:\/\/www.truzzer.com\/da\/vare\/review-us-on-google-package-bold-cards-and-stickers\/#breadcrumb","itemListElement":[{"@type":"ListItem","position":1,"name":"Home","item":"https:\/\/www.truzzer.com\/da\/"},{"@type":"ListItem","position":2,"name":"Butik","item":"https:\/\/www.truzzer.com\/da\/shop\/"},{"@type":"ListItem","position":3,"name":"Anmeld os p\u00e5 Google Package Bold &#8211; Cards and Stickers"}]},{"@type":"WebSite","@id":"https:\/\/www.truzzer.com\/da\/#website","url":"https:\/\/www.truzzer.com\/da\/","name":"truzzer","description":"Experts for customer trust","publisher":{"@id":"https:\/\/www.truzzer.com\/da\/#organization"},"potentialAction":[{"@type":"SearchAction","target":{"@type":"EntryPoint","urlTemplate":"https:\/\/www.truzzer.com\/da\/?s={search_term_string}"},"query-input":{"@type":"PropertyValueSpecification","valueRequired":true,"valueName":"search_term_string"}}],"inLanguage":"da-DK"},{"@type":"Organization","@id":"https:\/\/www.truzzer.com\/da\/#organization","name":"truzzer","url":"https:\/\/www.truzzer.com\/da\/","logo":{"@type":"ImageObject","inLanguage":"da-DK","@id":"https:\/\/www.truzzer.com\/da\/#\/schema\/logo\/image\/","url":"https:\/\/truzzer.com\/wp-content\/uploads\/2026\/01\/truzzer-logo-black-1.svg","contentUrl":"https:\/\/truzzer.com\/wp-content\/uploads\/2026\/01\/truzzer-logo-black-1.svg","width":938,"height":199,"caption":"truzzer"},"image":{"@id":"https:\/\/www.truzzer.com\/da\/#\/schema\/logo\/image\/"}}]}},"tiered_pricing_type":"fixed","tiered_pricing_fixed_rules":[],"tiered_pricing_product_settings":{"layout":"default","base_unit_name":{"singular":null,"plural":null},"default_variation":null},"tiered_pricing_minimum_quantity":109,"tiered_pricing_roles_data":[],"tiered_pricing_percentage_rules":[],"tiered_pricing_maximum_quantity":null,"tiered_pricing_quantity_step":null,"_links":{"self":[{"href":"https:\/\/www.truzzer.com\/da\/wp-json\/wp\/v2\/product\/93987","targetHints":{"allow":["GET"]}}],"collection":[{"href":"https:\/\/www.truzzer.com\/da\/wp-json\/wp\/v2\/product"}],"about":[{"href":"https:\/\/www.truzzer.com\/da\/wp-json\/wp\/v2\/types\/product"}],"replies":[{"embeddable":true,"href":"https:\/\/www.truzzer.com\/da\/wp-json\/wp\/v2\/comments?post=93987"}],"wp:featuredmedia":[{"embeddable":true,"href":"https:\/\/www.truzzer.com\/da\/wp-json\/wp\/v2\/media\/93988"}],"wp:attachment":[{"href":"https:\/\/www.truzzer.com\/da\/wp-json\/wp\/v2\/media?parent=93987"}],"wp:term":[{"taxonomy":"product_brand","embeddable":true,"href":"https:\/\/www.truzzer.com\/da\/wp-json\/wp\/v2\/product_brand?post=93987"},{"taxonomy":"product_cat","embeddable":true,"href":"https:\/\/www.truzzer.com\/da\/wp-json\/wp\/v2\/product_cat?post=93987"},{"taxonomy":"product_tag","embeddable":true,"href":"https:\/\/www.truzzer.com\/da\/wp-json\/wp\/v2\/product_tag?post=93987"}],"curies":[{"name":"wp","href":"https:\/\/api.w.org\/{rel}","templated":true}]}}