{"id":94035,"date":"2026-02-01T20:07:39","date_gmt":"2026-02-01T20:07:39","guid":{"rendered":"https:\/\/beta.truzzer.com\/product\/google-review-card-minimal\/"},"modified":"2026-02-13T08:08:09","modified_gmt":"2026-02-13T08:08:09","slug":"google-review-card-minimal","status":"publish","type":"product","link":"https:\/\/www.truzzer.com\/da\/vare\/google-review-card-minimal\/","title":{"rendered":"Google anmeldelseskort &#8220;Minimal&#8221;"},"content":{"rendered":"<h2>F\u00e5 ganske enkelt flere Google-anmeldelser fra kunder<\/h2>\n<p>Med truzzer Google anmeldelseskort kan du hurtigere f\u00e5 positive Google anmeldelser fra dine tilfredse kunder og forbedre dit image og omd\u00f8mme.<br \/>\nDerudover \u00f8ger du b\u00e5ndet til din virksomhed og din SEO-placering gennem de positive anmeldelser.<\/p>\n<p>I det praktiske og samtidig sl\u00e5ende DIN A6-postkortformat g\u00f8r du onlinevurderingen h\u00e5ndgribelig for dine kunder.<br \/>\nL\u00e6g truzzer Google anmeldelseskortene i dine kunders indk\u00f8bsposer, giv dem til regningen, send dem sammen med dine produkter eller l\u00e6g dem p\u00e5 bordene i restauranten. F\u00e6rdig.<\/p>\n<p>QR-koden f\u00f8rer kunder direkte til din Google-anmeldelse UDEN at skulle s\u00f8ge efter dig p\u00e5 Google f\u00f8rst. S\u00e5dan reducerer du spring i Google-gennemgangsprocessen.<\/p>\n<p>Du kan nemt tilpasse Google anmeldelseskortene med dit logo og tilpasse dem til din virksomhed.<\/p>\n<p>&nbsp;<\/p>\n<p>Anmeld os p\u00e5 Google-produkterne er nemme at bruge, som vi gerne vil vise dig nedenfor ved hj\u00e6lp af eksemplet med anmeldelsesm\u00e6rkater.<\/p>\n<p>&nbsp;<\/p>\n<h3>Trin 1: Kunden scanner QR-koden<\/h3>\n<p>For at f\u00f8lge dig skal kunden kun scanne QR-koden. Alt du skal g\u00f8re er at holde smartphone-kameraet (ingen ekstra scanner-app n\u00f8dvendig) over produktet.<\/p>\n<p><img decoding=\"async\" src=\"https:\/\/www.truzzer.com\/wp-content\/uploads\/2026\/02\/how-to-use-the-product-truzzer-google.jpg.webp\" width=\"p&gt;\" class=\"alignnone wp-image-22402 size-full\" alt=\"Hand scanning a QR code for Google reviews on a smartphone.\"  > 340&#8243; h\u00f8jde=&#8221;p>300&#8243; \/><\/p>\n<p>Derefter vises en pop-up p\u00e5 sk\u00e6rmen (iPhone), eller en QR-kode vises (Android \/ Google smartphones).<\/p>\n<h3>Trin 2: Kunden g\u00e5r direkte til Google anmeldelsesformularen<\/h3>\n<p>Anmeldelsesformularen \u00e5bnes i smartphones browser, og kunden kan anmelde dig direkte.<\/p>\n<p>Bem\u00e6rk:<br \/>\nBem\u00e6rk, at der kr\u00e6ves en Google My Business-profil for at f\u00e5 Google-anmeldelser.<\/p>\n<p>&nbsp;<\/p>\n","protected":false},"excerpt":{"rendered":"<p><strong>Google-anmeldelseskortet i et slankere design<\/strong><\/p>\n<p>Med Google anmeldelseskortene tilbyder vi dig muligheden for at f\u00e5 flere anmeldelser p\u00e5 Google hurtigere og nemmere. Ikke mere at sp\u00f8rge og bede om anmeldelser. Du skal blot aflevere kortet og nemt modtage Google-anmeldelser fra kunder.<\/p>\n<p>Anmeldelseskortene er meget kundevenlige og g\u00f8r Google-anmeldelsen h\u00e5ndgribelig for dine kunder<br \/>\nDu skal blot give kortene til dine kunder, vise dem i butikken eller l\u00e6gge dem i din indk\u00f8bspose.<br \/>\nDine kunder ser anmodningen om at anmelde dig og skal kun holde smartphone-kameraet over QR-koden og anmelde dig direkte.<\/p>\n<p>Kortene er personliggjort med dit logo p\u00e5 for- og bagsiden, og QR-koden f\u00f8rer direkte til din anmeldelsesformular p\u00e5 Google.<br \/>\nVi vil oprette og linke QR-koden til direkte evaluering p\u00e5 din Google-profil for dig!<br \/>\nVi tager disse oplysninger fra din virksomhedsadresse.<\/p>\n<p>&nbsp;<\/p>\n<h3>Gennemgangskortene hj\u00e6lper dig, hvis:<\/h3>\n<ul>\n<li><strong>Du \u00f8nsker at f\u00e5 flere anmeldelser p\u00e5 Google<\/strong><\/li>\n<li><strong>Du vil tiltr\u00e6kke flere kunder og \u00f8ge dit salg<\/strong><\/li>\n<li><strong><\/strong><\/li>\n<li><strong><\/strong><\/li>\n<\/ul>\n<p>&nbsp;<\/p>\n","protected":false},"featured_media":94036,"comment_status":"open","ping_status":"closed","template":"","meta":{"_acf_changed":false,"_yoast_wpseo_focuskw":"Google Anmeldelse Visitkort","_yoast_wpseo_title":"Google Review Card \u201cMinimal\u201d | truzzer","_yoast_wpseo_metadesc":"F\u00e5 flere 5-stjernede Google-anmeldelser med Google Review Card \u201cMinimal\u201d fra truzzer. Nem ops\u00e6tning, klar til brug. Bestil nu!"},"product_brand":[1631],"product_cat":[733,732,731,734,466],"product_tag":[],"class_list":{"0":"post-94035","1":"product","2":"type-product","3":"status-publish","4":"has-post-thumbnail","6":"product_brand-google","7":"product_cat-google-anmeldelse-anmeldelseskort-med-qr-kode","8":"product_cat-google-anmeldelse-kort","9":"product_cat-google-anmeldelse-produkter","10":"product_cat-qr-kode-kort","11":"product_cat-qr-kode-produkter","12":"pa_industry-autodealer","13":"pa_industry-detailhandel","14":"pa_industry-schoonheidssalon","15":"pa_material-karton","16":"pa_placement-bon","17":"pa_placement-brochure","18":"pa_placement-verpakking","19":"pa_product-type-kaarten","20":"pa_shape-rechthoek","21":"pa_technology-qr-code","22":"pa_technology-qr-kode","24":"first","25":"instock","26":"taxable","27":"shipping-taxable","28":"purchasable","29":"product-type-simple"},"acf":[],"yoast_head":"<!-- This site is optimized with the Yoast SEO plugin v27.0 - https:\/\/yoast.com\/product\/yoast-seo-wordpress\/ -->\n<title>Google Review Card \u201cMinimal\u201d | truzzer<\/title>\n<meta name=\"description\" content=\"F\u00e5 flere 5-stjernede Google-anmeldelser med Google Review Card \u201cMinimal\u201d fra truzzer. Nem ops\u00e6tning, klar til brug. Bestil nu!\" \/>\n<meta name=\"robots\" content=\"index, follow, max-snippet:-1, max-image-preview:large, max-video-preview:-1\" \/>\n<link rel=\"canonical\" href=\"https:\/\/www.truzzer.com\/da\/vare\/google-review-card-minimal\/\" \/>\n<meta property=\"og:locale\" content=\"da_DK\" \/>\n<meta property=\"og:type\" content=\"article\" \/>\n<meta property=\"og:title\" content=\"Google Review Card \u201cMinimal\u201d | truzzer\" \/>\n<meta property=\"og:description\" content=\"F\u00e5 flere 5-stjernede Google-anmeldelser med Google Review Card \u201cMinimal\u201d fra truzzer. Nem ops\u00e6tning, klar til brug. Bestil nu!\" \/>\n<meta property=\"og:url\" content=\"https:\/\/www.truzzer.com\/da\/vare\/google-review-card-minimal\/\" \/>\n<meta property=\"og:site_name\" content=\"truzzer\" \/>\n<meta property=\"article:modified_time\" content=\"2026-02-13T08:08:09+00:00\" \/>\n<meta property=\"og:image\" content=\"https:\/\/www.truzzer.com\/wp-content\/uploads\/2026\/02\/review-us-on-google-card-minimal-front-qr-code-truzzer-4-von-11-5.jpg\" \/>\n\t<meta property=\"og:image:width\" content=\"1400\" \/>\n\t<meta property=\"og:image:height\" content=\"1400\" \/>\n\t<meta property=\"og:image:type\" content=\"image\/jpeg\" \/>\n<meta name=\"twitter:card\" content=\"summary_large_image\" \/>\n<meta name=\"twitter:label1\" content=\"Estimeret l\u00e6setid\" \/>\n\t<meta name=\"twitter:data1\" content=\"1 minut\" \/>\n<script type=\"application\/ld+json\" class=\"yoast-schema-graph\">{\"@context\":\"https:\/\/schema.org\",\"@graph\":[{\"@type\":\"WebPage\",\"@id\":\"https:\/\/www.truzzer.com\/da\/vare\/google-review-card-minimal\/\",\"url\":\"https:\/\/www.truzzer.com\/da\/vare\/google-review-card-minimal\/\",\"name\":\"Google Review Card \u201cMinimal\u201d | truzzer\",\"isPartOf\":{\"@id\":\"https:\/\/www.truzzer.com\/da\/#website\"},\"primaryImageOfPage\":{\"@id\":\"https:\/\/www.truzzer.com\/da\/vare\/google-review-card-minimal\/#primaryimage\"},\"image\":{\"@id\":\"https:\/\/www.truzzer.com\/da\/vare\/google-review-card-minimal\/#primaryimage\"},\"thumbnailUrl\":\"https:\/\/www.truzzer.com\/wp-content\/uploads\/2026\/02\/review-us-on-google-card-minimal-front-qr-code-truzzer-4-von-11-5.jpg\",\"datePublished\":\"2026-02-01T20:07:39+00:00\",\"dateModified\":\"2026-02-13T08:08:09+00:00\",\"description\":\"F\u00e5 flere 5-stjernede Google-anmeldelser med Google Review Card \u201cMinimal\u201d fra truzzer. Nem ops\u00e6tning, klar til brug. Bestil nu!\",\"breadcrumb\":{\"@id\":\"https:\/\/www.truzzer.com\/da\/vare\/google-review-card-minimal\/#breadcrumb\"},\"inLanguage\":\"da-DK\",\"potentialAction\":[{\"@type\":\"ReadAction\",\"target\":[\"https:\/\/www.truzzer.com\/da\/vare\/google-review-card-minimal\/\"]}]},{\"@type\":\"ImageObject\",\"inLanguage\":\"da-DK\",\"@id\":\"https:\/\/www.truzzer.com\/da\/vare\/google-review-card-minimal\/#primaryimage\",\"url\":\"https:\/\/www.truzzer.com\/wp-content\/uploads\/2026\/02\/review-us-on-google-card-minimal-front-qr-code-truzzer-4-von-11-5.jpg\",\"contentUrl\":\"https:\/\/www.truzzer.com\/wp-content\/uploads\/2026\/02\/review-us-on-google-card-minimal-front-qr-code-truzzer-4-von-11-5.jpg\",\"width\":1400,\"height\":1400},{\"@type\":\"BreadcrumbList\",\"@id\":\"https:\/\/www.truzzer.com\/da\/vare\/google-review-card-minimal\/#breadcrumb\",\"itemListElement\":[{\"@type\":\"ListItem\",\"position\":1,\"name\":\"Home\",\"item\":\"https:\/\/www.truzzer.com\/da\/\"},{\"@type\":\"ListItem\",\"position\":2,\"name\":\"Butik\",\"item\":\"https:\/\/www.truzzer.com\/da\/shop\/\"},{\"@type\":\"ListItem\",\"position\":3,\"name\":\"Google anmeldelseskort &#8220;Minimal&#8221;\"}]},{\"@type\":\"WebSite\",\"@id\":\"https:\/\/www.truzzer.com\/da\/#website\",\"url\":\"https:\/\/www.truzzer.com\/da\/\",\"name\":\"truzzer\",\"description\":\"Experts for customer trust\",\"publisher\":{\"@id\":\"https:\/\/www.truzzer.com\/da\/#organization\"},\"potentialAction\":[{\"@type\":\"SearchAction\",\"target\":{\"@type\":\"EntryPoint\",\"urlTemplate\":\"https:\/\/www.truzzer.com\/da\/?s={search_term_string}\"},\"query-input\":{\"@type\":\"PropertyValueSpecification\",\"valueRequired\":true,\"valueName\":\"search_term_string\"}}],\"inLanguage\":\"da-DK\"},{\"@type\":\"Organization\",\"@id\":\"https:\/\/www.truzzer.com\/da\/#organization\",\"name\":\"truzzer\",\"url\":\"https:\/\/www.truzzer.com\/da\/\",\"logo\":{\"@type\":\"ImageObject\",\"inLanguage\":\"da-DK\",\"@id\":\"https:\/\/www.truzzer.com\/da\/#\/schema\/logo\/image\/\",\"url\":\"https:\/\/truzzer.com\/wp-content\/uploads\/2026\/01\/truzzer-logo-black-1.svg\",\"contentUrl\":\"https:\/\/truzzer.com\/wp-content\/uploads\/2026\/01\/truzzer-logo-black-1.svg\",\"width\":938,\"height\":199,\"caption\":\"truzzer\"},\"image\":{\"@id\":\"https:\/\/www.truzzer.com\/da\/#\/schema\/logo\/image\/\"}}]}<\/script>\n<!-- \/ Yoast SEO plugin. -->","yoast_head_json":{"title":"Google Review Card \u201cMinimal\u201d | truzzer","description":"F\u00e5 flere 5-stjernede Google-anmeldelser med Google Review Card \u201cMinimal\u201d fra truzzer. Nem ops\u00e6tning, klar til brug. Bestil nu!","robots":{"index":"index","follow":"follow","max-snippet":"max-snippet:-1","max-image-preview":"max-image-preview:large","max-video-preview":"max-video-preview:-1"},"canonical":"https:\/\/www.truzzer.com\/da\/vare\/google-review-card-minimal\/","og_locale":"da_DK","og_type":"article","og_title":"Google Review Card \u201cMinimal\u201d | truzzer","og_description":"F\u00e5 flere 5-stjernede Google-anmeldelser med Google Review Card \u201cMinimal\u201d fra truzzer. Nem ops\u00e6tning, klar til brug. Bestil nu!","og_url":"https:\/\/www.truzzer.com\/da\/vare\/google-review-card-minimal\/","og_site_name":"truzzer","article_modified_time":"2026-02-13T08:08:09+00:00","og_image":[{"width":1400,"height":1400,"url":"https:\/\/www.truzzer.com\/wp-content\/uploads\/2026\/02\/review-us-on-google-card-minimal-front-qr-code-truzzer-4-von-11-5.jpg","type":"image\/jpeg"}],"twitter_card":"summary_large_image","twitter_misc":{"Estimeret l\u00e6setid":"1 minut"},"schema":{"@context":"https:\/\/schema.org","@graph":[{"@type":"WebPage","@id":"https:\/\/www.truzzer.com\/da\/vare\/google-review-card-minimal\/","url":"https:\/\/www.truzzer.com\/da\/vare\/google-review-card-minimal\/","name":"Google Review Card \u201cMinimal\u201d | truzzer","isPartOf":{"@id":"https:\/\/www.truzzer.com\/da\/#website"},"primaryImageOfPage":{"@id":"https:\/\/www.truzzer.com\/da\/vare\/google-review-card-minimal\/#primaryimage"},"image":{"@id":"https:\/\/www.truzzer.com\/da\/vare\/google-review-card-minimal\/#primaryimage"},"thumbnailUrl":"https:\/\/www.truzzer.com\/wp-content\/uploads\/2026\/02\/review-us-on-google-card-minimal-front-qr-code-truzzer-4-von-11-5.jpg","datePublished":"2026-02-01T20:07:39+00:00","dateModified":"2026-02-13T08:08:09+00:00","description":"F\u00e5 flere 5-stjernede Google-anmeldelser med Google Review Card \u201cMinimal\u201d fra truzzer. Nem ops\u00e6tning, klar til brug. Bestil nu!","breadcrumb":{"@id":"https:\/\/www.truzzer.com\/da\/vare\/google-review-card-minimal\/#breadcrumb"},"inLanguage":"da-DK","potentialAction":[{"@type":"ReadAction","target":["https:\/\/www.truzzer.com\/da\/vare\/google-review-card-minimal\/"]}]},{"@type":"ImageObject","inLanguage":"da-DK","@id":"https:\/\/www.truzzer.com\/da\/vare\/google-review-card-minimal\/#primaryimage","url":"https:\/\/www.truzzer.com\/wp-content\/uploads\/2026\/02\/review-us-on-google-card-minimal-front-qr-code-truzzer-4-von-11-5.jpg","contentUrl":"https:\/\/www.truzzer.com\/wp-content\/uploads\/2026\/02\/review-us-on-google-card-minimal-front-qr-code-truzzer-4-von-11-5.jpg","width":1400,"height":1400},{"@type":"BreadcrumbList","@id":"https:\/\/www.truzzer.com\/da\/vare\/google-review-card-minimal\/#breadcrumb","itemListElement":[{"@type":"ListItem","position":1,"name":"Home","item":"https:\/\/www.truzzer.com\/da\/"},{"@type":"ListItem","position":2,"name":"Butik","item":"https:\/\/www.truzzer.com\/da\/shop\/"},{"@type":"ListItem","position":3,"name":"Google anmeldelseskort &#8220;Minimal&#8221;"}]},{"@type":"WebSite","@id":"https:\/\/www.truzzer.com\/da\/#website","url":"https:\/\/www.truzzer.com\/da\/","name":"truzzer","description":"Experts for customer trust","publisher":{"@id":"https:\/\/www.truzzer.com\/da\/#organization"},"potentialAction":[{"@type":"SearchAction","target":{"@type":"EntryPoint","urlTemplate":"https:\/\/www.truzzer.com\/da\/?s={search_term_string}"},"query-input":{"@type":"PropertyValueSpecification","valueRequired":true,"valueName":"search_term_string"}}],"inLanguage":"da-DK"},{"@type":"Organization","@id":"https:\/\/www.truzzer.com\/da\/#organization","name":"truzzer","url":"https:\/\/www.truzzer.com\/da\/","logo":{"@type":"ImageObject","inLanguage":"da-DK","@id":"https:\/\/www.truzzer.com\/da\/#\/schema\/logo\/image\/","url":"https:\/\/truzzer.com\/wp-content\/uploads\/2026\/01\/truzzer-logo-black-1.svg","contentUrl":"https:\/\/truzzer.com\/wp-content\/uploads\/2026\/01\/truzzer-logo-black-1.svg","width":938,"height":199,"caption":"truzzer"},"image":{"@id":"https:\/\/www.truzzer.com\/da\/#\/schema\/logo\/image\/"}}]}},"tiered_pricing_type":"fixed","tiered_pricing_fixed_rules":[],"tiered_pricing_product_settings":{"layout":"default","base_unit_name":{"singular":null,"plural":null},"default_variation":null},"tiered_pricing_minimum_quantity":null,"tiered_pricing_roles_data":[],"tiered_pricing_percentage_rules":[],"tiered_pricing_maximum_quantity":null,"tiered_pricing_quantity_step":null,"_links":{"self":[{"href":"https:\/\/www.truzzer.com\/da\/wp-json\/wp\/v2\/product\/94035","targetHints":{"allow":["GET"]}}],"collection":[{"href":"https:\/\/www.truzzer.com\/da\/wp-json\/wp\/v2\/product"}],"about":[{"href":"https:\/\/www.truzzer.com\/da\/wp-json\/wp\/v2\/types\/product"}],"replies":[{"embeddable":true,"href":"https:\/\/www.truzzer.com\/da\/wp-json\/wp\/v2\/comments?post=94035"}],"wp:featuredmedia":[{"embeddable":true,"href":"https:\/\/www.truzzer.com\/da\/wp-json\/wp\/v2\/media\/94036"}],"wp:attachment":[{"href":"https:\/\/www.truzzer.com\/da\/wp-json\/wp\/v2\/media?parent=94035"}],"wp:term":[{"taxonomy":"product_brand","embeddable":true,"href":"https:\/\/www.truzzer.com\/da\/wp-json\/wp\/v2\/product_brand?post=94035"},{"taxonomy":"product_cat","embeddable":true,"href":"https:\/\/www.truzzer.com\/da\/wp-json\/wp\/v2\/product_cat?post=94035"},{"taxonomy":"product_tag","embeddable":true,"href":"https:\/\/www.truzzer.com\/da\/wp-json\/wp\/v2\/product_tag?post=94035"}],"curies":[{"name":"wp","href":"https:\/\/api.w.org\/{rel}","templated":true}]}}