{"id":94563,"date":"2026-02-01T20:05:18","date_gmt":"2026-02-01T20:05:18","guid":{"rendered":"https:\/\/beta.truzzer.com\/product\/review-us-on-google-sticker-with-qr-code-rectangle-with-google-review-qr-code\/"},"modified":"2026-02-13T08:27:16","modified_gmt":"2026-02-13T08:27:16","slug":"review-us-on-google-sticker-with-qr-code-rectangle-with-google-review-qr-code","status":"publish","type":"product","link":"https:\/\/www.truzzer.com\/da\/vare\/review-us-on-google-sticker-with-qr-code-rectangle-with-google-review-qr-code\/","title":{"rendered":"Anmeld os p\u00e5 Google-klisterm\u00e6rke med QR-koderektangel med Google Gennemg\u00e5 QR-kode"},"content":{"rendered":"<p>Med truzzer Google anmeldelsesm\u00e6rkater med et QR kodelink og dit eget logo kan du hurtigere modtage positive vurderinger fra dine tilfredse kunder direkte i din butik.<\/p>\n<p>I det praktiske og samtidig sl\u00e5ende DIN A6-format g\u00f8r du Google-anmeldelsen h\u00e5ndgribelig for dine kunder.<br \/>\nPlacer klisterm\u00e6rkerne fremtr\u00e6dende i kassen, p\u00e5 hovedd\u00f8ren eller hvor som helst dine kunder kan se klisterm\u00e6rkerne.<\/p>\n<p>Du kan nemt tilpasse Google-anmeldelsesm\u00e6rkaterne med dit logo og tilpasse dem til din virksomhed.<\/p>\n<p>Anmeld os p\u00e5 Google-produkterne er nemme at bruge, som vi gerne vil vise dig nedenfor ved at bruge eksemplet med minimale anmeldelsesklisterm\u00e6rker.<\/p>\n<p>&nbsp;<\/p>\n<h3>Trin 1: Kunden scanner QR-koden<\/h3>\n<p>For at f\u00f8lge dig skal kunden kun scanne QR-koden. Alt du skal g\u00f8re er at holde smartphone-kameraet (ingen ekstra scanner-app n\u00f8dvendig) over produktet.<\/p>\n<p><img decoding=\"async\" src=\"https:\/\/www.truzzer.com\/wp-content\/uploads\/2026\/02\/how-to-use-the-product-truzzer-google.jpg.webp\" width=\"p&gt;\" class=\"alignnone wp-image-22402 size-full\" alt=\"Hand scanning a QR code for Google reviews on a smartphone.\"  > 340&#8243; h\u00f8jde=&#8221;p>300&#8243; \/><\/p>\n<p>Derefter vises en pop-up p\u00e5 sk\u00e6rmen (iPhone), eller en QR-kode vises (Android \/ Google smartphones).<\/p>\n<h3>Trin 2: Kunden g\u00e5r direkte til Google anmeldelsesformularen<\/h3>\n<p>Anmeldelsesformularen \u00e5bnes i smartphones browser, og kunden kan anmelde dig direkte.<\/p>\n<p>Bem\u00e6rk:<br \/>\nBem\u00e6rk, at der kr\u00e6ves en Google My Business-profil for at f\u00e5 Google-anmeldelser.<\/p>\n<p>&nbsp;<\/p>\n","protected":false},"excerpt":{"rendered":"<p>Den selvkl\u00e6bende Anmeld os p\u00e5 Google m\u00e6rkater\/klisterm\u00e6rker passer ind i enhver virksomhed og kl\u00e6ber til enhver plan overflade.<br \/>\nVi opretter og sammenk\u00e6der QR-koden til direkte evaluering p\u00e5 din Google-profil for dig!<br \/>\nVi tager disse oplysninger fra din virksomhedsadresse. Du kan finde mere information om, hvordan klisterm\u00e6rkerne hj\u00e6lper dig her: <a href=\"https:\/\/www.truzzer.com\/product\/bewerten-sie-uns-auf-google-aufkleber-mit-qr-code-rund\/#tab-woodmart_custom_tab\"><\/a><\/p>\n","protected":false},"featured_media":94564,"comment_status":"open","ping_status":"closed","template":"","meta":{"_acf_changed":false,"_yoast_wpseo_focuskw":"Google Anmeldelse Klisterm\u00e6rke","_yoast_wpseo_title":"Review us on Google Sticker with QR code rectan... | truzzer","_yoast_wpseo_metadesc":"Flere Google-anmeldelser med Review us on Google Sticker with QR code rectangle with Google Review QR Code fra truzzer. Nem ops\u00e6tning. Bestil nu!"},"product_brand":[1631],"product_cat":[856,467,466],"product_tag":[],"class_list":{"0":"post-94563","1":"product","2":"type-product","3":"status-publish","4":"has-post-thumbnail","6":"product_brand-google","7":"product_cat-google-anmeldelse-klistermaerker-med-qr-kode","8":"product_cat-qr-kode-klistermaerker","9":"product_cat-qr-kode-produkter","10":"pa_product-type-klistermaerke","11":"pa_shape-rechthoek","12":"pa_technology-qr-kode","14":"first","15":"instock","16":"taxable","17":"shipping-taxable","18":"purchasable","19":"product-type-variable","20":"has-default-attributes"},"acf":[],"yoast_head":"<!-- This site is optimized with the Yoast SEO plugin v27.0 - https:\/\/yoast.com\/product\/yoast-seo-wordpress\/ -->\n<title>Review us on Google Sticker with QR code rectan... | truzzer<\/title>\n<meta name=\"description\" content=\"Flere Google-anmeldelser med Review us on Google Sticker with QR code rectangle with Google Review QR Code fra truzzer. Nem ops\u00e6tning. Bestil nu!\" \/>\n<meta name=\"robots\" content=\"index, follow, max-snippet:-1, max-image-preview:large, max-video-preview:-1\" \/>\n<link rel=\"canonical\" href=\"https:\/\/www.truzzer.com\/da\/vare\/review-us-on-google-sticker-with-qr-code-rectangle-with-google-review-qr-code\/\" \/>\n<meta property=\"og:locale\" content=\"da_DK\" \/>\n<meta property=\"og:type\" content=\"article\" \/>\n<meta property=\"og:title\" content=\"Review us on Google Sticker with QR code rectan... | truzzer\" \/>\n<meta property=\"og:description\" content=\"Flere Google-anmeldelser med Review us on Google Sticker with QR code rectangle with Google Review QR Code fra truzzer. Nem ops\u00e6tning. Bestil nu!\" \/>\n<meta property=\"og:url\" content=\"https:\/\/www.truzzer.com\/da\/vare\/review-us-on-google-sticker-with-qr-code-rectangle-with-google-review-qr-code\/\" \/>\n<meta property=\"og:site_name\" content=\"truzzer\" \/>\n<meta property=\"article:modified_time\" content=\"2026-02-13T08:27:16+00:00\" \/>\n<meta property=\"og:image\" content=\"https:\/\/www.truzzer.com\/wp-content\/uploads\/2026\/02\/fensteraufkleber-3-12-1.png\" \/>\n\t<meta property=\"og:image:width\" content=\"1200\" \/>\n\t<meta property=\"og:image:height\" content=\"1200\" \/>\n\t<meta property=\"og:image:type\" content=\"image\/png\" \/>\n<meta name=\"twitter:card\" content=\"summary_large_image\" \/>\n<meta name=\"twitter:label1\" content=\"Estimeret l\u00e6setid\" \/>\n\t<meta name=\"twitter:data1\" content=\"1 minut\" \/>\n<script type=\"application\/ld+json\" class=\"yoast-schema-graph\">{\"@context\":\"https:\/\/schema.org\",\"@graph\":[{\"@type\":\"WebPage\",\"@id\":\"https:\/\/www.truzzer.com\/da\/vare\/review-us-on-google-sticker-with-qr-code-rectangle-with-google-review-qr-code\/\",\"url\":\"https:\/\/www.truzzer.com\/da\/vare\/review-us-on-google-sticker-with-qr-code-rectangle-with-google-review-qr-code\/\",\"name\":\"Review us on Google Sticker with QR code rectan... | truzzer\",\"isPartOf\":{\"@id\":\"https:\/\/www.truzzer.com\/da\/#website\"},\"primaryImageOfPage\":{\"@id\":\"https:\/\/www.truzzer.com\/da\/vare\/review-us-on-google-sticker-with-qr-code-rectangle-with-google-review-qr-code\/#primaryimage\"},\"image\":{\"@id\":\"https:\/\/www.truzzer.com\/da\/vare\/review-us-on-google-sticker-with-qr-code-rectangle-with-google-review-qr-code\/#primaryimage\"},\"thumbnailUrl\":\"https:\/\/www.truzzer.com\/wp-content\/uploads\/2026\/02\/fensteraufkleber-3-12-1.png\",\"datePublished\":\"2026-02-01T20:05:18+00:00\",\"dateModified\":\"2026-02-13T08:27:16+00:00\",\"description\":\"Flere Google-anmeldelser med Review us on Google Sticker with QR code rectangle with Google Review QR Code fra truzzer. Nem ops\u00e6tning. Bestil nu!\",\"breadcrumb\":{\"@id\":\"https:\/\/www.truzzer.com\/da\/vare\/review-us-on-google-sticker-with-qr-code-rectangle-with-google-review-qr-code\/#breadcrumb\"},\"inLanguage\":\"da-DK\",\"potentialAction\":[{\"@type\":\"ReadAction\",\"target\":[\"https:\/\/www.truzzer.com\/da\/vare\/review-us-on-google-sticker-with-qr-code-rectangle-with-google-review-qr-code\/\"]}]},{\"@type\":\"ImageObject\",\"inLanguage\":\"da-DK\",\"@id\":\"https:\/\/www.truzzer.com\/da\/vare\/review-us-on-google-sticker-with-qr-code-rectangle-with-google-review-qr-code\/#primaryimage\",\"url\":\"https:\/\/www.truzzer.com\/wp-content\/uploads\/2026\/02\/fensteraufkleber-3-12-1.png\",\"contentUrl\":\"https:\/\/www.truzzer.com\/wp-content\/uploads\/2026\/02\/fensteraufkleber-3-12-1.png\",\"width\":1200,\"height\":1200},{\"@type\":\"BreadcrumbList\",\"@id\":\"https:\/\/www.truzzer.com\/da\/vare\/review-us-on-google-sticker-with-qr-code-rectangle-with-google-review-qr-code\/#breadcrumb\",\"itemListElement\":[{\"@type\":\"ListItem\",\"position\":1,\"name\":\"Home\",\"item\":\"https:\/\/www.truzzer.com\/da\/\"},{\"@type\":\"ListItem\",\"position\":2,\"name\":\"Butik\",\"item\":\"https:\/\/www.truzzer.com\/da\/shop\/\"},{\"@type\":\"ListItem\",\"position\":3,\"name\":\"Anmeld os p\u00e5 Google-klisterm\u00e6rke med QR-koderektangel med Google Gennemg\u00e5 QR-kode\"}]},{\"@type\":\"WebSite\",\"@id\":\"https:\/\/www.truzzer.com\/da\/#website\",\"url\":\"https:\/\/www.truzzer.com\/da\/\",\"name\":\"truzzer\",\"description\":\"Experts for customer trust\",\"publisher\":{\"@id\":\"https:\/\/www.truzzer.com\/da\/#organization\"},\"potentialAction\":[{\"@type\":\"SearchAction\",\"target\":{\"@type\":\"EntryPoint\",\"urlTemplate\":\"https:\/\/www.truzzer.com\/da\/?s={search_term_string}\"},\"query-input\":{\"@type\":\"PropertyValueSpecification\",\"valueRequired\":true,\"valueName\":\"search_term_string\"}}],\"inLanguage\":\"da-DK\"},{\"@type\":\"Organization\",\"@id\":\"https:\/\/www.truzzer.com\/da\/#organization\",\"name\":\"truzzer\",\"url\":\"https:\/\/www.truzzer.com\/da\/\",\"logo\":{\"@type\":\"ImageObject\",\"inLanguage\":\"da-DK\",\"@id\":\"https:\/\/www.truzzer.com\/da\/#\/schema\/logo\/image\/\",\"url\":\"https:\/\/truzzer.com\/wp-content\/uploads\/2026\/01\/truzzer-logo-black-1.svg\",\"contentUrl\":\"https:\/\/truzzer.com\/wp-content\/uploads\/2026\/01\/truzzer-logo-black-1.svg\",\"width\":938,\"height\":199,\"caption\":\"truzzer\"},\"image\":{\"@id\":\"https:\/\/www.truzzer.com\/da\/#\/schema\/logo\/image\/\"}}]}<\/script>\n<!-- \/ Yoast SEO plugin. -->","yoast_head_json":{"title":"Review us on Google Sticker with QR code rectan... | truzzer","description":"Flere Google-anmeldelser med Review us on Google Sticker with QR code rectangle with Google Review QR Code fra truzzer. Nem ops\u00e6tning. Bestil nu!","robots":{"index":"index","follow":"follow","max-snippet":"max-snippet:-1","max-image-preview":"max-image-preview:large","max-video-preview":"max-video-preview:-1"},"canonical":"https:\/\/www.truzzer.com\/da\/vare\/review-us-on-google-sticker-with-qr-code-rectangle-with-google-review-qr-code\/","og_locale":"da_DK","og_type":"article","og_title":"Review us on Google Sticker with QR code rectan... | truzzer","og_description":"Flere Google-anmeldelser med Review us on Google Sticker with QR code rectangle with Google Review QR Code fra truzzer. Nem ops\u00e6tning. Bestil nu!","og_url":"https:\/\/www.truzzer.com\/da\/vare\/review-us-on-google-sticker-with-qr-code-rectangle-with-google-review-qr-code\/","og_site_name":"truzzer","article_modified_time":"2026-02-13T08:27:16+00:00","og_image":[{"width":1200,"height":1200,"url":"https:\/\/www.truzzer.com\/wp-content\/uploads\/2026\/02\/fensteraufkleber-3-12-1.png","type":"image\/png"}],"twitter_card":"summary_large_image","twitter_misc":{"Estimeret l\u00e6setid":"1 minut"},"schema":{"@context":"https:\/\/schema.org","@graph":[{"@type":"WebPage","@id":"https:\/\/www.truzzer.com\/da\/vare\/review-us-on-google-sticker-with-qr-code-rectangle-with-google-review-qr-code\/","url":"https:\/\/www.truzzer.com\/da\/vare\/review-us-on-google-sticker-with-qr-code-rectangle-with-google-review-qr-code\/","name":"Review us on Google Sticker with QR code rectan... | truzzer","isPartOf":{"@id":"https:\/\/www.truzzer.com\/da\/#website"},"primaryImageOfPage":{"@id":"https:\/\/www.truzzer.com\/da\/vare\/review-us-on-google-sticker-with-qr-code-rectangle-with-google-review-qr-code\/#primaryimage"},"image":{"@id":"https:\/\/www.truzzer.com\/da\/vare\/review-us-on-google-sticker-with-qr-code-rectangle-with-google-review-qr-code\/#primaryimage"},"thumbnailUrl":"https:\/\/www.truzzer.com\/wp-content\/uploads\/2026\/02\/fensteraufkleber-3-12-1.png","datePublished":"2026-02-01T20:05:18+00:00","dateModified":"2026-02-13T08:27:16+00:00","description":"Flere Google-anmeldelser med Review us on Google Sticker with QR code rectangle with Google Review QR Code fra truzzer. Nem ops\u00e6tning. Bestil nu!","breadcrumb":{"@id":"https:\/\/www.truzzer.com\/da\/vare\/review-us-on-google-sticker-with-qr-code-rectangle-with-google-review-qr-code\/#breadcrumb"},"inLanguage":"da-DK","potentialAction":[{"@type":"ReadAction","target":["https:\/\/www.truzzer.com\/da\/vare\/review-us-on-google-sticker-with-qr-code-rectangle-with-google-review-qr-code\/"]}]},{"@type":"ImageObject","inLanguage":"da-DK","@id":"https:\/\/www.truzzer.com\/da\/vare\/review-us-on-google-sticker-with-qr-code-rectangle-with-google-review-qr-code\/#primaryimage","url":"https:\/\/www.truzzer.com\/wp-content\/uploads\/2026\/02\/fensteraufkleber-3-12-1.png","contentUrl":"https:\/\/www.truzzer.com\/wp-content\/uploads\/2026\/02\/fensteraufkleber-3-12-1.png","width":1200,"height":1200},{"@type":"BreadcrumbList","@id":"https:\/\/www.truzzer.com\/da\/vare\/review-us-on-google-sticker-with-qr-code-rectangle-with-google-review-qr-code\/#breadcrumb","itemListElement":[{"@type":"ListItem","position":1,"name":"Home","item":"https:\/\/www.truzzer.com\/da\/"},{"@type":"ListItem","position":2,"name":"Butik","item":"https:\/\/www.truzzer.com\/da\/shop\/"},{"@type":"ListItem","position":3,"name":"Anmeld os p\u00e5 Google-klisterm\u00e6rke med QR-koderektangel med Google Gennemg\u00e5 QR-kode"}]},{"@type":"WebSite","@id":"https:\/\/www.truzzer.com\/da\/#website","url":"https:\/\/www.truzzer.com\/da\/","name":"truzzer","description":"Experts for customer trust","publisher":{"@id":"https:\/\/www.truzzer.com\/da\/#organization"},"potentialAction":[{"@type":"SearchAction","target":{"@type":"EntryPoint","urlTemplate":"https:\/\/www.truzzer.com\/da\/?s={search_term_string}"},"query-input":{"@type":"PropertyValueSpecification","valueRequired":true,"valueName":"search_term_string"}}],"inLanguage":"da-DK"},{"@type":"Organization","@id":"https:\/\/www.truzzer.com\/da\/#organization","name":"truzzer","url":"https:\/\/www.truzzer.com\/da\/","logo":{"@type":"ImageObject","inLanguage":"da-DK","@id":"https:\/\/www.truzzer.com\/da\/#\/schema\/logo\/image\/","url":"https:\/\/truzzer.com\/wp-content\/uploads\/2026\/01\/truzzer-logo-black-1.svg","contentUrl":"https:\/\/truzzer.com\/wp-content\/uploads\/2026\/01\/truzzer-logo-black-1.svg","width":938,"height":199,"caption":"truzzer"},"image":{"@id":"https:\/\/www.truzzer.com\/da\/#\/schema\/logo\/image\/"}}]}},"tiered_pricing_type":"fixed","tiered_pricing_fixed_rules":[],"tiered_pricing_product_settings":{"layout":"default","base_unit_name":{"singular":null,"plural":null},"default_variation":null},"tiered_pricing_minimum_quantity":null,"tiered_pricing_roles_data":[],"tiered_pricing_percentage_rules":[],"tiered_pricing_maximum_quantity":null,"tiered_pricing_quantity_step":null,"_links":{"self":[{"href":"https:\/\/www.truzzer.com\/da\/wp-json\/wp\/v2\/product\/94563","targetHints":{"allow":["GET"]}}],"collection":[{"href":"https:\/\/www.truzzer.com\/da\/wp-json\/wp\/v2\/product"}],"about":[{"href":"https:\/\/www.truzzer.com\/da\/wp-json\/wp\/v2\/types\/product"}],"replies":[{"embeddable":true,"href":"https:\/\/www.truzzer.com\/da\/wp-json\/wp\/v2\/comments?post=94563"}],"wp:featuredmedia":[{"embeddable":true,"href":"https:\/\/www.truzzer.com\/da\/wp-json\/wp\/v2\/media\/94564"}],"wp:attachment":[{"href":"https:\/\/www.truzzer.com\/da\/wp-json\/wp\/v2\/media?parent=94563"}],"wp:term":[{"taxonomy":"product_brand","embeddable":true,"href":"https:\/\/www.truzzer.com\/da\/wp-json\/wp\/v2\/product_brand?post=94563"},{"taxonomy":"product_cat","embeddable":true,"href":"https:\/\/www.truzzer.com\/da\/wp-json\/wp\/v2\/product_cat?post=94563"},{"taxonomy":"product_tag","embeddable":true,"href":"https:\/\/www.truzzer.com\/da\/wp-json\/wp\/v2\/product_tag?post=94563"}],"curies":[{"name":"wp","href":"https:\/\/api.w.org\/{rel}","templated":true}]}}