{"id":94659,"date":"2026-02-01T20:04:51","date_gmt":"2026-02-01T20:04:51","guid":{"rendered":"https:\/\/beta.truzzer.com\/product\/thank-you-card-with-google-review-qr-code\/"},"modified":"2026-02-13T08:29:48","modified_gmt":"2026-02-13T08:29:48","slug":"thank-you-card-with-google-review-qr-code","status":"publish","type":"product","link":"https:\/\/www.truzzer.com\/da\/vare\/thank-you-card-with-google-review-qr-code\/","title":{"rendered":"Takkort med Google anmeldelse QR kode"},"content":{"rendered":"<h2>Sig tak, og f\u00e5 flere Google-anmeldelser fra kunder<\/h2>\n<p>Med <strong>truzzer takkekort med QR-kode til Google anmeldelser<\/strong> kan du hurtigere modtage positive anmeldelser fra dine tilfredse kunder og forbedre dit image og omd\u00f8mme.<br \/>\nDerudover \u00f8ger du b\u00e5ndet til din virksomhed og din SEO-placering gennem de positive ratings.<\/p>\n<p>I det praktiske DIN A6-postkort-format takker du dine kunder og g\u00f8r onlinevurderingen h\u00e5ndgribelig.<br \/>\nL\u00e6g truzzer Google takkekortene i dine kunders indk\u00f8bsposer, giv dem til regningen, send dem med dine produkter eller l\u00e6g dem p\u00e5 bordene i restauranten. <strong>Udf\u00f8rt<\/strong>.<\/p>\n<p>QR-koden f\u00f8rer kunder direkte til din Google-bed\u00f8mmelse UDEN at skulle s\u00f8ge efter dig p\u00e5 Google f\u00f8rst. S\u00e5dan forhindrer du spring i Google-vurderingen.<\/p>\n<p>Du kan nemt tilpasse de anbefalede takkekort med QR-kode til Google-bed\u00f8mmelser med dit logo og tilpasse dem til din virksomhed.<\/p>\n","protected":false},"excerpt":{"rendered":"<p>Sig tak, og f\u00e5 flere Google anmeldelser! \u2013 Ideel til onlinebutikker!<\/p>\n<p>Med truzzer takkekort med QR kodelink til den direkte Google anmeldelse, tilbyder vi dig muligheden for at f\u00e5 flere bed\u00f8mmelser p\u00e5 Google hurtigere og nemmere. Ikke mere at sp\u00f8rge og bede om anmeldelser. Du skal blot aflevere kortet og nemt modtage Google-bed\u00f8mmelser fra kunder.<\/p>\n<p>Takkekortene er meget kundevenlige og g\u00f8r Google-vurderingen h\u00e5ndgribelig for dine kunder<br \/>\nDu skal blot give kortene til dine kunder, vise dem i butikken eller l\u00e6gge dem i din indk\u00f8bspose.<br \/>\nDine kunder er glade for p\u00e5sk\u00f8nnelsen, se anmodningen om at vurdere dig og skal kun holde smartphone-kameraet over QR-koden, og de kan bed\u00f8mme dig direkte.<\/p>\n<p>Kortene er personliggjort med dit logo p\u00e5 for- og bagsiden, og QR-koden f\u00f8rer direkte til din anmeldelsesformular p\u00e5 Google.<br \/>\nVi vil oprette og linke QR-koden til direkte evaluering p\u00e5 din Google-profil for dig!<br \/>\nVi tager disse oplysninger fra din virksomhedsadresse.<\/p>\n","protected":false},"featured_media":94660,"comment_status":"open","ping_status":"closed","template":"","meta":{"_acf_changed":false,"_yoast_wpseo_focuskw":"Google Anmeldelse Visitkort","_yoast_wpseo_title":"Thank you card with Google review QR code | truzzer","_yoast_wpseo_metadesc":"F\u00e5 flere 5-stjernede Google-anmeldelser med Thank you card with Google review QR code fra truzzer. Nem ops\u00e6tning, klar til brug. Bestil nu!"},"product_brand":[1631],"product_cat":[733,732,731,734,466],"product_tag":[],"class_list":{"0":"post-94659","1":"product","2":"type-product","3":"status-publish","4":"has-post-thumbnail","6":"product_brand-google","7":"product_cat-google-anmeldelse-anmeldelseskort-med-qr-kode","8":"product_cat-google-anmeldelse-kort","9":"product_cat-google-anmeldelse-produkter","10":"product_cat-qr-kode-kort","11":"product_cat-qr-kode-produkter","12":"pa_industry-bureau-radgivning","13":"pa_industry-ejendom-goed","14":"pa_industry-lokale-diensten","15":"pa_material-karton","16":"pa_placement-balie-receptie","17":"pa_placement-brochure","18":"pa_placement-portemonnee-persoonlijk","19":"pa_product-type-kaarten","20":"pa_shape-rechthoek","21":"pa_technology-qr-code","22":"pa_technology-qr-kode","24":"first","25":"instock","26":"taxable","27":"shipping-taxable","28":"purchasable","29":"product-type-simple"},"acf":[],"yoast_head":"<!-- This site is optimized with the Yoast SEO plugin v27.0 - https:\/\/yoast.com\/product\/yoast-seo-wordpress\/ -->\n<title>Thank you card with Google review QR code | truzzer<\/title>\n<meta name=\"description\" content=\"F\u00e5 flere 5-stjernede Google-anmeldelser med Thank you card with Google review QR code fra truzzer. Nem ops\u00e6tning, klar til brug. Bestil nu!\" \/>\n<meta name=\"robots\" content=\"index, follow, max-snippet:-1, max-image-preview:large, max-video-preview:-1\" \/>\n<link rel=\"canonical\" href=\"https:\/\/www.truzzer.com\/da\/vare\/thank-you-card-with-google-review-qr-code\/\" \/>\n<meta property=\"og:locale\" content=\"da_DK\" \/>\n<meta property=\"og:type\" content=\"article\" \/>\n<meta property=\"og:title\" content=\"Thank you card with Google review QR code | truzzer\" \/>\n<meta property=\"og:description\" content=\"F\u00e5 flere 5-stjernede Google-anmeldelser med Thank you card with Google review QR code fra truzzer. Nem ops\u00e6tning, klar til brug. Bestil nu!\" \/>\n<meta property=\"og:url\" content=\"https:\/\/www.truzzer.com\/da\/vare\/thank-you-card-with-google-review-qr-code\/\" \/>\n<meta property=\"og:site_name\" content=\"truzzer\" \/>\n<meta property=\"article:modified_time\" content=\"2026-02-13T08:29:48+00:00\" \/>\n<meta property=\"og:image\" content=\"https:\/\/www.truzzer.com\/wp-content\/uploads\/2026\/02\/thank-you-card-purchase-google-review-front-1-1.jpg\" \/>\n\t<meta property=\"og:image:width\" content=\"1400\" \/>\n\t<meta property=\"og:image:height\" content=\"1400\" \/>\n\t<meta property=\"og:image:type\" content=\"image\/jpeg\" \/>\n<meta name=\"twitter:card\" content=\"summary_large_image\" \/>\n<meta name=\"twitter:label1\" content=\"Estimeret l\u00e6setid\" \/>\n\t<meta name=\"twitter:data1\" content=\"1 minut\" \/>\n<script type=\"application\/ld+json\" class=\"yoast-schema-graph\">{\"@context\":\"https:\/\/schema.org\",\"@graph\":[{\"@type\":\"WebPage\",\"@id\":\"https:\/\/www.truzzer.com\/da\/vare\/thank-you-card-with-google-review-qr-code\/\",\"url\":\"https:\/\/www.truzzer.com\/da\/vare\/thank-you-card-with-google-review-qr-code\/\",\"name\":\"Thank you card with Google review QR code | truzzer\",\"isPartOf\":{\"@id\":\"https:\/\/www.truzzer.com\/da\/#website\"},\"primaryImageOfPage\":{\"@id\":\"https:\/\/www.truzzer.com\/da\/vare\/thank-you-card-with-google-review-qr-code\/#primaryimage\"},\"image\":{\"@id\":\"https:\/\/www.truzzer.com\/da\/vare\/thank-you-card-with-google-review-qr-code\/#primaryimage\"},\"thumbnailUrl\":\"https:\/\/www.truzzer.com\/wp-content\/uploads\/2026\/02\/thank-you-card-purchase-google-review-front-1-1.jpg\",\"datePublished\":\"2026-02-01T20:04:51+00:00\",\"dateModified\":\"2026-02-13T08:29:48+00:00\",\"description\":\"F\u00e5 flere 5-stjernede Google-anmeldelser med Thank you card with Google review QR code fra truzzer. Nem ops\u00e6tning, klar til brug. Bestil nu!\",\"breadcrumb\":{\"@id\":\"https:\/\/www.truzzer.com\/da\/vare\/thank-you-card-with-google-review-qr-code\/#breadcrumb\"},\"inLanguage\":\"da-DK\",\"potentialAction\":[{\"@type\":\"ReadAction\",\"target\":[\"https:\/\/www.truzzer.com\/da\/vare\/thank-you-card-with-google-review-qr-code\/\"]}]},{\"@type\":\"ImageObject\",\"inLanguage\":\"da-DK\",\"@id\":\"https:\/\/www.truzzer.com\/da\/vare\/thank-you-card-with-google-review-qr-code\/#primaryimage\",\"url\":\"https:\/\/www.truzzer.com\/wp-content\/uploads\/2026\/02\/thank-you-card-purchase-google-review-front-1-1.jpg\",\"contentUrl\":\"https:\/\/www.truzzer.com\/wp-content\/uploads\/2026\/02\/thank-you-card-purchase-google-review-front-1-1.jpg\",\"width\":1400,\"height\":1400},{\"@type\":\"BreadcrumbList\",\"@id\":\"https:\/\/www.truzzer.com\/da\/vare\/thank-you-card-with-google-review-qr-code\/#breadcrumb\",\"itemListElement\":[{\"@type\":\"ListItem\",\"position\":1,\"name\":\"Home\",\"item\":\"https:\/\/www.truzzer.com\/da\/\"},{\"@type\":\"ListItem\",\"position\":2,\"name\":\"Butik\",\"item\":\"https:\/\/www.truzzer.com\/da\/shop\/\"},{\"@type\":\"ListItem\",\"position\":3,\"name\":\"Takkort med Google anmeldelse QR kode\"}]},{\"@type\":\"WebSite\",\"@id\":\"https:\/\/www.truzzer.com\/da\/#website\",\"url\":\"https:\/\/www.truzzer.com\/da\/\",\"name\":\"truzzer\",\"description\":\"Experts for customer trust\",\"publisher\":{\"@id\":\"https:\/\/www.truzzer.com\/da\/#organization\"},\"potentialAction\":[{\"@type\":\"SearchAction\",\"target\":{\"@type\":\"EntryPoint\",\"urlTemplate\":\"https:\/\/www.truzzer.com\/da\/?s={search_term_string}\"},\"query-input\":{\"@type\":\"PropertyValueSpecification\",\"valueRequired\":true,\"valueName\":\"search_term_string\"}}],\"inLanguage\":\"da-DK\"},{\"@type\":\"Organization\",\"@id\":\"https:\/\/www.truzzer.com\/da\/#organization\",\"name\":\"truzzer\",\"url\":\"https:\/\/www.truzzer.com\/da\/\",\"logo\":{\"@type\":\"ImageObject\",\"inLanguage\":\"da-DK\",\"@id\":\"https:\/\/www.truzzer.com\/da\/#\/schema\/logo\/image\/\",\"url\":\"https:\/\/truzzer.com\/wp-content\/uploads\/2026\/01\/truzzer-logo-black-1.svg\",\"contentUrl\":\"https:\/\/truzzer.com\/wp-content\/uploads\/2026\/01\/truzzer-logo-black-1.svg\",\"width\":938,\"height\":199,\"caption\":\"truzzer\"},\"image\":{\"@id\":\"https:\/\/www.truzzer.com\/da\/#\/schema\/logo\/image\/\"}}]}<\/script>\n<!-- \/ Yoast SEO plugin. -->","yoast_head_json":{"title":"Thank you card with Google review QR code | truzzer","description":"F\u00e5 flere 5-stjernede Google-anmeldelser med Thank you card with Google review QR code fra truzzer. Nem ops\u00e6tning, klar til brug. Bestil nu!","robots":{"index":"index","follow":"follow","max-snippet":"max-snippet:-1","max-image-preview":"max-image-preview:large","max-video-preview":"max-video-preview:-1"},"canonical":"https:\/\/www.truzzer.com\/da\/vare\/thank-you-card-with-google-review-qr-code\/","og_locale":"da_DK","og_type":"article","og_title":"Thank you card with Google review QR code | truzzer","og_description":"F\u00e5 flere 5-stjernede Google-anmeldelser med Thank you card with Google review QR code fra truzzer. Nem ops\u00e6tning, klar til brug. Bestil nu!","og_url":"https:\/\/www.truzzer.com\/da\/vare\/thank-you-card-with-google-review-qr-code\/","og_site_name":"truzzer","article_modified_time":"2026-02-13T08:29:48+00:00","og_image":[{"width":1400,"height":1400,"url":"https:\/\/www.truzzer.com\/wp-content\/uploads\/2026\/02\/thank-you-card-purchase-google-review-front-1-1.jpg","type":"image\/jpeg"}],"twitter_card":"summary_large_image","twitter_misc":{"Estimeret l\u00e6setid":"1 minut"},"schema":{"@context":"https:\/\/schema.org","@graph":[{"@type":"WebPage","@id":"https:\/\/www.truzzer.com\/da\/vare\/thank-you-card-with-google-review-qr-code\/","url":"https:\/\/www.truzzer.com\/da\/vare\/thank-you-card-with-google-review-qr-code\/","name":"Thank you card with Google review QR code | truzzer","isPartOf":{"@id":"https:\/\/www.truzzer.com\/da\/#website"},"primaryImageOfPage":{"@id":"https:\/\/www.truzzer.com\/da\/vare\/thank-you-card-with-google-review-qr-code\/#primaryimage"},"image":{"@id":"https:\/\/www.truzzer.com\/da\/vare\/thank-you-card-with-google-review-qr-code\/#primaryimage"},"thumbnailUrl":"https:\/\/www.truzzer.com\/wp-content\/uploads\/2026\/02\/thank-you-card-purchase-google-review-front-1-1.jpg","datePublished":"2026-02-01T20:04:51+00:00","dateModified":"2026-02-13T08:29:48+00:00","description":"F\u00e5 flere 5-stjernede Google-anmeldelser med Thank you card with Google review QR code fra truzzer. Nem ops\u00e6tning, klar til brug. Bestil nu!","breadcrumb":{"@id":"https:\/\/www.truzzer.com\/da\/vare\/thank-you-card-with-google-review-qr-code\/#breadcrumb"},"inLanguage":"da-DK","potentialAction":[{"@type":"ReadAction","target":["https:\/\/www.truzzer.com\/da\/vare\/thank-you-card-with-google-review-qr-code\/"]}]},{"@type":"ImageObject","inLanguage":"da-DK","@id":"https:\/\/www.truzzer.com\/da\/vare\/thank-you-card-with-google-review-qr-code\/#primaryimage","url":"https:\/\/www.truzzer.com\/wp-content\/uploads\/2026\/02\/thank-you-card-purchase-google-review-front-1-1.jpg","contentUrl":"https:\/\/www.truzzer.com\/wp-content\/uploads\/2026\/02\/thank-you-card-purchase-google-review-front-1-1.jpg","width":1400,"height":1400},{"@type":"BreadcrumbList","@id":"https:\/\/www.truzzer.com\/da\/vare\/thank-you-card-with-google-review-qr-code\/#breadcrumb","itemListElement":[{"@type":"ListItem","position":1,"name":"Home","item":"https:\/\/www.truzzer.com\/da\/"},{"@type":"ListItem","position":2,"name":"Butik","item":"https:\/\/www.truzzer.com\/da\/shop\/"},{"@type":"ListItem","position":3,"name":"Takkort med Google anmeldelse QR kode"}]},{"@type":"WebSite","@id":"https:\/\/www.truzzer.com\/da\/#website","url":"https:\/\/www.truzzer.com\/da\/","name":"truzzer","description":"Experts for customer trust","publisher":{"@id":"https:\/\/www.truzzer.com\/da\/#organization"},"potentialAction":[{"@type":"SearchAction","target":{"@type":"EntryPoint","urlTemplate":"https:\/\/www.truzzer.com\/da\/?s={search_term_string}"},"query-input":{"@type":"PropertyValueSpecification","valueRequired":true,"valueName":"search_term_string"}}],"inLanguage":"da-DK"},{"@type":"Organization","@id":"https:\/\/www.truzzer.com\/da\/#organization","name":"truzzer","url":"https:\/\/www.truzzer.com\/da\/","logo":{"@type":"ImageObject","inLanguage":"da-DK","@id":"https:\/\/www.truzzer.com\/da\/#\/schema\/logo\/image\/","url":"https:\/\/truzzer.com\/wp-content\/uploads\/2026\/01\/truzzer-logo-black-1.svg","contentUrl":"https:\/\/truzzer.com\/wp-content\/uploads\/2026\/01\/truzzer-logo-black-1.svg","width":938,"height":199,"caption":"truzzer"},"image":{"@id":"https:\/\/www.truzzer.com\/da\/#\/schema\/logo\/image\/"}}]}},"tiered_pricing_type":"fixed","tiered_pricing_fixed_rules":[],"tiered_pricing_product_settings":{"layout":"default","base_unit_name":{"singular":null,"plural":null},"default_variation":null},"tiered_pricing_minimum_quantity":null,"tiered_pricing_roles_data":[],"tiered_pricing_percentage_rules":[],"tiered_pricing_maximum_quantity":null,"tiered_pricing_quantity_step":null,"_links":{"self":[{"href":"https:\/\/www.truzzer.com\/da\/wp-json\/wp\/v2\/product\/94659","targetHints":{"allow":["GET"]}}],"collection":[{"href":"https:\/\/www.truzzer.com\/da\/wp-json\/wp\/v2\/product"}],"about":[{"href":"https:\/\/www.truzzer.com\/da\/wp-json\/wp\/v2\/types\/product"}],"replies":[{"embeddable":true,"href":"https:\/\/www.truzzer.com\/da\/wp-json\/wp\/v2\/comments?post=94659"}],"wp:featuredmedia":[{"embeddable":true,"href":"https:\/\/www.truzzer.com\/da\/wp-json\/wp\/v2\/media\/94660"}],"wp:attachment":[{"href":"https:\/\/www.truzzer.com\/da\/wp-json\/wp\/v2\/media?parent=94659"}],"wp:term":[{"taxonomy":"product_brand","embeddable":true,"href":"https:\/\/www.truzzer.com\/da\/wp-json\/wp\/v2\/product_brand?post=94659"},{"taxonomy":"product_cat","embeddable":true,"href":"https:\/\/www.truzzer.com\/da\/wp-json\/wp\/v2\/product_cat?post=94659"},{"taxonomy":"product_tag","embeddable":true,"href":"https:\/\/www.truzzer.com\/da\/wp-json\/wp\/v2\/product_tag?post=94659"}],"curies":[{"name":"wp","href":"https:\/\/api.w.org\/{rel}","templated":true}]}}