{"id":105379,"date":"2026-02-13T23:08:51","date_gmt":"2026-02-13T23:08:51","guid":{"rendered":"https:\/\/beta.truzzer.com\/google-mi-perfil-de-negocios-optimizacion\/"},"modified":"2026-02-13T23:08:51","modified_gmt":"2026-02-13T23:08:51","slug":"google-mi-perfil-de-negocios-optimizacion","status":"publish","type":"page","link":"https:\/\/www.truzzer.com\/es\/google-mi-perfil-de-negocios-optimizacion\/","title":{"rendered":"Google Mi Perfil de Negocios Optimizaci\u00f3n"},"content":{"rendered":"<div data-elementor-type=\"wp-page\" data-elementor-id=\"60203\" class=\"elementor elementor-60203\" data-elementor-post-type=\"page\">\n<section class=\"elementor-section elementor-top-section elementor-element elementor-element-a4e1b45 elementor-section-stretched elementor-section-content-middle elementor-reverse-mobile elementor-section-boxed elementor-section-height-default elementor-section-height-default\" data-id=\"a4e1b45\" data-element_type=\"section\" data-settings=\"{&quot;stretch_section&quot;:&quot;section-stretched&quot;,&quot;background_background&quot;:&quot;classic&quot;}\">\n<div class=\"elementor-background-overlay\"><\/div>\n<div class=\"elementor-container elementor-column-gap-default\">\n<div class=\"elementor-column elementor-col-50 elementor-top-column elementor-element elementor-element-fdfbbaa\" data-id=\"fdfbbaa\" data-element_type=\"column\">\n<div class=\"elementor-widget-wrap elementor-element-populated\">\n<div class=\"elementor-element elementor-element-24ee5af wd-width-100 elementor-widget elementor-widget-wd_title\" data-id=\"24ee5af\" data-element_type=\"widget\" data-widget_type=\"wd_title.default\">\n<div class=\"elementor-widget-container\">\n<div class=\"title-wrapper wd-set-mb reset-last-child wd-title-color-default wd-title-style-default wd-title-size-default text-left\">\n<div class=\"title-subtitle subtitle-color-default subtitle-style-default wd-fontsize-xs\">\n\t\t\t\t\tEl impulso de SEO local para tu negocio\t\t\t\t<\/div>\n<div class=\"liner-continer\">\n<h1 class=\"woodmart-title-container title wd-fontsize-l\">Optimizaci\u00f3n del perfil de Google My Business<\/h1>\n<\/p><\/div>\n<div class=\"title-after_title reset-last-child wd-fontsize-xs\">\n<p>Impulsa tu \u00e9xito en Google con un perfil de Google My Business optimizado por expertos.<\/p>\n<\/p><\/div>\n<\/p><\/div>\n<\/p><\/div>\n<\/p><\/div>\n<div class=\"elementor-element elementor-element-3f10c1c elementor-widget elementor-widget-wd_button\" data-id=\"3f10c1c\" data-element_type=\"widget\" data-widget_type=\"wd_button.default\">\n<div class=\"elementor-widget-container\">\n<div class=\"wd-button-wrapper text-left wd-smooth-scroll\" data-smooth-time=\"100\" data-smooth-offset=\"100\">\n\t\t\t<a class=\"btn btn-style-default btn-shape-round btn-size-small btn-icon-pos-right\" href=\"#first\" style=\"--btn-color:#fff;\"><br \/>\n\t\t\t\t<span class=\"wd-btn-text\" data-elementor-setting-key=\"text\"><br \/>\n\t\t\t\t\tComienza ahora\t\t\t\t<\/span><\/p>\n<p>\t\t\t\t\t\t\t<\/a>\n\t\t<\/div>\n<\/p><\/div>\n<\/p><\/div>\n<\/p><\/div>\n<\/p><\/div>\n<div class=\"elementor-column elementor-col-50 elementor-top-column elementor-element elementor-element-5909ca8\" data-id=\"5909ca8\" data-element_type=\"column\" data-settings=\"{&quot;background_background&quot;:&quot;classic&quot;}\">\n<div class=\"elementor-widget-wrap elementor-element-populated\">\n<div class=\"elementor-background-overlay\"><\/div>\n<div class=\"elementor-element elementor-element-2b9c849 elementor-widget elementor-widget-image\" data-id=\"2b9c849\" data-element_type=\"widget\" data-settings=\"{&quot;_animation_mobile&quot;:&quot;wd-anim-slide-from-right&quot;}\" data-widget_type=\"image.default\">\n<div class=\"elementor-widget-container\">\n\t\t\t\t\t\t\t\t\t\t\t\t\t\t\t<img loading=\"lazy\" decoding=\"async\" width=\"500\" height=\"666\" src=\"https:\/\/truzzer.com\/wp-content\/uploads\/2026\/02\/google-my-business-profil-optimierung-truzzer-png.webp\" class=\"attachment-large size-large wp-image-59231\" alt=\"\" srcset=\"https:\/\/truzzer.com\/wp-content\/uploads\/2026\/02\/google-my-business-profil-optimierung-truzzer-png.webp 500w, https:\/\/www.truzzer.com\/wp-content\/uploads\/2024\/11\/google-my-business-profil-optimierung-truzzer-225x300.webp 225w, https:\/\/www.truzzer.com\/wp-content\/uploads\/2024\/11\/google-my-business-profil-optimierung-truzzer-150x200.webp 150w\" sizes=\"auto, (max-width: 500px) 100vw, 500px\" \/>\t\t\t\t\t\t\t\t\t\t\t\t\t\t\t<\/div>\n<\/p><\/div>\n<\/p><\/div>\n<\/p><\/div>\n<\/p><\/div>\n<\/section>\n<section class=\"elementor-section elementor-top-section elementor-element elementor-element-7fc75b6 wd-section-stretch elementor-section-boxed elementor-section-height-default elementor-section-height-default\" data-id=\"7fc75b6\" data-element_type=\"section\" data-settings=\"{&quot;background_background&quot;:&quot;classic&quot;}\">\n<div class=\"elementor-container elementor-column-gap-default\">\n<div class=\"elementor-column elementor-col-100 elementor-top-column elementor-element elementor-element-428ee97\" data-id=\"428ee97\" data-element_type=\"column\">\n<div class=\"elementor-widget-wrap elementor-element-populated\">\n<div class=\"elementor-element elementor-element-e46e5db text-center color-scheme-inherit elementor-widget elementor-widget-text-editor\" data-id=\"e46e5db\" data-element_type=\"widget\" data-widget_type=\"text-editor.default\">\n<div class=\"elementor-widget-container\">\n<p style=\"text-align: center;\">Estos clientes conf\u00edan en Truzzer.<\/p>\n<\/p><\/div>\n<\/p><\/div>\n<div class=\"elementor-element elementor-element-f63158a elementor-widget elementor-widget-image-carousel\" data-id=\"f63158a\" data-element_type=\"widget\" data-settings=\"{&quot;slides_to_show&quot;:&quot;5&quot;,&quot;navigation&quot;:&quot;none&quot;,&quot;slides_to_show_mobile&quot;:&quot;4&quot;,&quot;autoplay&quot;:&quot;yes&quot;,&quot;pause_on_hover&quot;:&quot;yes&quot;,&quot;pause_on_interaction&quot;:&quot;yes&quot;,&quot;autoplay_speed&quot;:5000,&quot;infinite&quot;:&quot;yes&quot;,&quot;speed&quot;:500}\" data-widget_type=\"image-carousel.default\">\n<div class=\"elementor-widget-container\">\n<div class=\"elementor-image-carousel-wrapper swiper\" role=\"region\" aria-roledescription=\"carousel\" aria-label=\"Image Carousel\" dir=\"ltr\">\n<div class=\"elementor-image-carousel swiper-wrapper\" aria-live=\"off\">\n<div class=\"swiper-slide\" role=\"group\" aria-roledescription=\"slide\" aria-label=\"1 of 5\">\n<figure class=\"swiper-slide-inner\"><img decoding=\"async\" class=\"swiper-slide-image\" src=\"https:\/\/truzzer.com\/wp-content\/uploads\/2026\/02\/ALLIANZ-qur74iu2f34660tzflo20yewuda8tfllhkzcxp1p4w.png\" alt=\"ALLIANZ.png\" \/><\/figure>\n<\/div>\n<div class=\"swiper-slide\" role=\"group\" aria-roledescription=\"slide\" aria-label=\"2 of 5\">\n<figure class=\"swiper-slide-inner\"><img src=\"https:\/\/truzzer.com\/wp-content\/uploads\/2026\/02\/mcdonalds-qur75a3dxa5hipqe0fg8j9ja2jjw0nlt9bwfupxa4g.png\" class=\"swiper-slide-image\" alt=\"Truzzer logo displayed on the website header for brand recognition.\" decoding=\"async\"  > <\/figure>\n<\/div>\n<div class=\"swiper-slide\" role=\"group\" aria-roledescription=\"slide\" aria-label=\"3 of 5\">\n<figure class=\"swiper-slide-inner\"><img decoding=\"async\" class=\"swiper-slide-image\" src=\"https:\/\/truzzer.com\/wp-content\/uploads\/2026\/02\/stroeer-qur74d71a2wg8d26cj8alzu5a221j8z7gt2g21a268.png\" alt=\"stroeer.png\" \/><\/figure>\n<\/div>\n<div class=\"swiper-slide\" role=\"group\" aria-roledescription=\"slide\" aria-label=\"4 of 5\">\n<figure class=\"swiper-slide-inner\"><img src=\"https:\/\/truzzer.com\/wp-content\/uploads\/2026\/02\/sparkasse-qur747k052oqapad9gsj719dpqtu92ctg15j6dif7k.png\" class=\"swiper-slide-image\" alt=\"Truzzer logo, showcasing the innovative sports technology platform for athletes and teams.\" decoding=\"async\"  > <\/figure>\n<\/div>\n<div class=\"swiper-slide\" role=\"group\" aria-roledescription=\"slide\" aria-label=\"5 of 5\">\n<figure class=\"swiper-slide-inner\"><img src=\"https:\/\/truzzer.com\/wp-content\/uploads\/2026\/02\/rewe-qur75cwwhs9chjmajyo48qtnup5znqx09puwajt3ls.png\" class=\"swiper-slide-image\" alt=\"Truzzer logo, showcasing a modern digital marketing platform for enhanced online engagement and anal.\" decoding=\"async\"  > <\/figure>\n<\/div><\/div>\n<\/p><\/div>\n<\/p><\/div>\n<\/p><\/div>\n<\/p><\/div>\n<\/p><\/div>\n<\/p><\/div>\n<\/section>\n<section class=\"wd-negative-gap elementor-section elementor-top-section elementor-element elementor-element-2a2292c first elementor-section-boxed elementor-section-height-default elementor-section-height-default\" data-id=\"2a2292c\" data-element_type=\"section\">\n<div class=\"elementor-container elementor-column-gap-default\">\n<div class=\"elementor-column elementor-col-100 elementor-top-column elementor-element elementor-element-5f4e8b9\" data-id=\"5f4e8b9\" data-element_type=\"column\">\n<div class=\"elementor-widget-wrap elementor-element-populated \n\n","protected":false},"excerpt":{"rendered":"<p>El impulso de SEO local para tu negocio Optimizaci\u00f3n del perfil de Google My Business Impulsa tu \u00e9xito en Google<\/p>\n","protected":false},"author":1,"featured_media":0,"parent":0,"menu_order":0,"comment_status":"closed","ping_status":"closed","template":"","meta":{"_acf_changed":false,"_yoast_wpseo_focuskw":"","_yoast_wpseo_title":"","_yoast_wpseo_metadesc":"","footnotes":""},"class_list":["post-105379","page","type-page","status-publish","hentry"],"acf":[],"yoast_head":"<!-- This site is optimized with the Yoast SEO plugin v27.0 - https:\/\/yoast.com\/product\/yoast-seo-wordpress\/ -->\n<title>Google Mi Perfil de Negocios Optimizaci\u00f3n | truzzer<\/title>\n<meta name=\"robots\" content=\"index, follow, max-snippet:-1, max-image-preview:large, max-video-preview:-1\" \/>\n<link rel=\"canonical\" href=\"https:\/\/www.truzzer.com\/es\/google-mi-perfil-de-negocios-optimizacion\/\" \/>\n<meta property=\"og:locale\" content=\"es_ES\" \/>\n<meta property=\"og:type\" content=\"article\" \/>\n<meta property=\"og:title\" content=\"Google Mi Perfil de Negocios Optimizaci\u00f3n | truzzer\" \/>\n<meta property=\"og:description\" content=\"El impulso de SEO local para tu negocio Optimizaci\u00f3n del perfil de Google My Business Impulsa tu \u00e9xito en Google\" \/>\n<meta property=\"og:url\" content=\"https:\/\/www.truzzer.com\/es\/google-mi-perfil-de-negocios-optimizacion\/\" \/>\n<meta property=\"og:site_name\" content=\"truzzer\" \/>\n<meta property=\"og:image\" content=\"https:\/\/truzzer.com\/wp-content\/uploads\/2026\/02\/google-my-business-profil-optimierung-truzzer-png.webp\" \/>\n<meta name=\"twitter:card\" content=\"summary_large_image\" \/>\n<script type=\"application\/ld+json\" class=\"yoast-schema-graph\">{\"@context\":\"https:\/\/schema.org\",\"@graph\":[{\"@type\":\"WebPage\",\"@id\":\"https:\/\/www.truzzer.com\/es\/google-mi-perfil-de-negocios-optimizacion\/\",\"url\":\"https:\/\/www.truzzer.com\/es\/google-mi-perfil-de-negocios-optimizacion\/\",\"name\":\"Google Mi Perfil de Negocios Optimizaci\u00f3n | truzzer\",\"isPartOf\":{\"@id\":\"https:\/\/www.truzzer.com\/es\/#website\"},\"primaryImageOfPage\":{\"@id\":\"https:\/\/www.truzzer.com\/es\/google-mi-perfil-de-negocios-optimizacion\/#primaryimage\"},\"image\":{\"@id\":\"https:\/\/www.truzzer.com\/es\/google-mi-perfil-de-negocios-optimizacion\/#primaryimage\"},\"thumbnailUrl\":\"https:\/\/truzzer.com\/wp-content\/uploads\/2026\/02\/google-my-business-profil-optimierung-truzzer-png.webp\",\"datePublished\":\"2026-02-13T23:08:51+00:00\",\"breadcrumb\":{\"@id\":\"https:\/\/www.truzzer.com\/es\/google-mi-perfil-de-negocios-optimizacion\/#breadcrumb\"},\"inLanguage\":\"es\",\"potentialAction\":[{\"@type\":\"ReadAction\",\"target\":[\"https:\/\/www.truzzer.com\/es\/google-mi-perfil-de-negocios-optimizacion\/\"]}]},{\"@type\":\"ImageObject\",\"inLanguage\":\"es\",\"@id\":\"https:\/\/www.truzzer.com\/es\/google-mi-perfil-de-negocios-optimizacion\/#primaryimage\",\"url\":\"https:\/\/truzzer.com\/wp-content\/uploads\/2026\/02\/google-my-business-profil-optimierung-truzzer-png.webp\",\"contentUrl\":\"https:\/\/truzzer.com\/wp-content\/uploads\/2026\/02\/google-my-business-profil-optimierung-truzzer-png.webp\"},{\"@type\":\"BreadcrumbList\",\"@id\":\"https:\/\/www.truzzer.com\/es\/google-mi-perfil-de-negocios-optimizacion\/#breadcrumb\",\"itemListElement\":[{\"@type\":\"ListItem\",\"position\":1,\"name\":\"Home\",\"item\":\"https:\/\/www.truzzer.com\/es\/\"},{\"@type\":\"ListItem\",\"position\":2,\"name\":\"Google Mi Perfil de Negocios Optimizaci\u00f3n\"}]},{\"@type\":\"WebSite\",\"@id\":\"https:\/\/www.truzzer.com\/es\/#website\",\"url\":\"https:\/\/www.truzzer.com\/es\/\",\"name\":\"truzzer\",\"description\":\"Experts for customer trust\",\"publisher\":{\"@id\":\"https:\/\/www.truzzer.com\/es\/#organization\"},\"potentialAction\":[{\"@type\":\"SearchAction\",\"target\":{\"@type\":\"EntryPoint\",\"urlTemplate\":\"https:\/\/www.truzzer.com\/es\/?s={search_term_string}\"},\"query-input\":{\"@type\":\"PropertyValueSpecification\",\"valueRequired\":true,\"valueName\":\"search_term_string\"}}],\"inLanguage\":\"es\"},{\"@type\":\"Organization\",\"@id\":\"https:\/\/www.truzzer.com\/es\/#organization\",\"name\":\"truzzer\",\"url\":\"https:\/\/www.truzzer.com\/es\/\",\"logo\":{\"@type\":\"ImageObject\",\"inLanguage\":\"es\",\"@id\":\"https:\/\/www.truzzer.com\/es\/#\/schema\/logo\/image\/\",\"url\":\"https:\/\/truzzer.com\/wp-content\/uploads\/2026\/01\/truzzer-logo-black-1.svg\",\"contentUrl\":\"https:\/\/truzzer.com\/wp-content\/uploads\/2026\/01\/truzzer-logo-black-1.svg\",\"width\":938,\"height\":199,\"caption\":\"truzzer\"},\"image\":{\"@id\":\"https:\/\/www.truzzer.com\/es\/#\/schema\/logo\/image\/\"}}]}<\/script>\n<!-- \/ Yoast SEO plugin. -->","yoast_head_json":{"title":"Google Mi Perfil de Negocios Optimizaci\u00f3n | truzzer","robots":{"index":"index","follow":"follow","max-snippet":"max-snippet:-1","max-image-preview":"max-image-preview:large","max-video-preview":"max-video-preview:-1"},"canonical":"https:\/\/www.truzzer.com\/es\/google-mi-perfil-de-negocios-optimizacion\/","og_locale":"es_ES","og_type":"article","og_title":"Google Mi Perfil de Negocios Optimizaci\u00f3n | truzzer","og_description":"El impulso de SEO local para tu negocio Optimizaci\u00f3n del perfil de Google My Business Impulsa tu \u00e9xito en Google","og_url":"https:\/\/www.truzzer.com\/es\/google-mi-perfil-de-negocios-optimizacion\/","og_site_name":"truzzer","og_image":[{"url":"https:\/\/truzzer.com\/wp-content\/uploads\/2026\/02\/google-my-business-profil-optimierung-truzzer-png.webp","type":"","width":"","height":""}],"twitter_card":"summary_large_image","schema":{"@context":"https:\/\/schema.org","@graph":[{"@type":"WebPage","@id":"https:\/\/www.truzzer.com\/es\/google-mi-perfil-de-negocios-optimizacion\/","url":"https:\/\/www.truzzer.com\/es\/google-mi-perfil-de-negocios-optimizacion\/","name":"Google Mi Perfil de Negocios Optimizaci\u00f3n | truzzer","isPartOf":{"@id":"https:\/\/www.truzzer.com\/es\/#website"},"primaryImageOfPage":{"@id":"https:\/\/www.truzzer.com\/es\/google-mi-perfil-de-negocios-optimizacion\/#primaryimage"},"image":{"@id":"https:\/\/www.truzzer.com\/es\/google-mi-perfil-de-negocios-optimizacion\/#primaryimage"},"thumbnailUrl":"https:\/\/truzzer.com\/wp-content\/uploads\/2026\/02\/google-my-business-profil-optimierung-truzzer-png.webp","datePublished":"2026-02-13T23:08:51+00:00","breadcrumb":{"@id":"https:\/\/www.truzzer.com\/es\/google-mi-perfil-de-negocios-optimizacion\/#breadcrumb"},"inLanguage":"es","potentialAction":[{"@type":"ReadAction","target":["https:\/\/www.truzzer.com\/es\/google-mi-perfil-de-negocios-optimizacion\/"]}]},{"@type":"ImageObject","inLanguage":"es","@id":"https:\/\/www.truzzer.com\/es\/google-mi-perfil-de-negocios-optimizacion\/#primaryimage","url":"https:\/\/truzzer.com\/wp-content\/uploads\/2026\/02\/google-my-business-profil-optimierung-truzzer-png.webp","contentUrl":"https:\/\/truzzer.com\/wp-content\/uploads\/2026\/02\/google-my-business-profil-optimierung-truzzer-png.webp"},{"@type":"BreadcrumbList","@id":"https:\/\/www.truzzer.com\/es\/google-mi-perfil-de-negocios-optimizacion\/#breadcrumb","itemListElement":[{"@type":"ListItem","position":1,"name":"Home","item":"https:\/\/www.truzzer.com\/es\/"},{"@type":"ListItem","position":2,"name":"Google Mi Perfil de Negocios Optimizaci\u00f3n"}]},{"@type":"WebSite","@id":"https:\/\/www.truzzer.com\/es\/#website","url":"https:\/\/www.truzzer.com\/es\/","name":"truzzer","description":"Experts for customer trust","publisher":{"@id":"https:\/\/www.truzzer.com\/es\/#organization"},"potentialAction":[{"@type":"SearchAction","target":{"@type":"EntryPoint","urlTemplate":"https:\/\/www.truzzer.com\/es\/?s={search_term_string}"},"query-input":{"@type":"PropertyValueSpecification","valueRequired":true,"valueName":"search_term_string"}}],"inLanguage":"es"},{"@type":"Organization","@id":"https:\/\/www.truzzer.com\/es\/#organization","name":"truzzer","url":"https:\/\/www.truzzer.com\/es\/","logo":{"@type":"ImageObject","inLanguage":"es","@id":"https:\/\/www.truzzer.com\/es\/#\/schema\/logo\/image\/","url":"https:\/\/truzzer.com\/wp-content\/uploads\/2026\/01\/truzzer-logo-black-1.svg","contentUrl":"https:\/\/truzzer.com\/wp-content\/uploads\/2026\/01\/truzzer-logo-black-1.svg","width":938,"height":199,"caption":"truzzer"},"image":{"@id":"https:\/\/www.truzzer.com\/es\/#\/schema\/logo\/image\/"}}]}},"_links":{"self":[{"href":"https:\/\/www.truzzer.com\/es\/wp-json\/wp\/v2\/pages\/105379","targetHints":{"allow":["GET"]}}],"collection":[{"href":"https:\/\/www.truzzer.com\/es\/wp-json\/wp\/v2\/pages"}],"about":[{"href":"https:\/\/www.truzzer.com\/es\/wp-json\/wp\/v2\/types\/page"}],"author":[{"embeddable":true,"href":"https:\/\/www.truzzer.com\/es\/wp-json\/wp\/v2\/users\/1"}],"replies":[{"embeddable":true,"href":"https:\/\/www.truzzer.com\/es\/wp-json\/wp\/v2\/comments?post=105379"}],"version-history":[{"count":0,"href":"https:\/\/www.truzzer.com\/es\/wp-json\/wp\/v2\/pages\/105379\/revisions"}],"wp:attachment":[{"href":"https:\/\/www.truzzer.com\/es\/wp-json\/wp\/v2\/media?parent=105379"}],"curies":[{"name":"wp","href":"https:\/\/api.w.org\/{rel}","templated":true}]}}