{"id":91193,"date":"2026-01-28T10:25:43","date_gmt":"2026-01-28T10:25:43","guid":{"rendered":"https:\/\/beta.truzzer.com\/carrito\/"},"modified":"2026-02-09T16:41:17","modified_gmt":"2026-02-09T16:41:17","slug":"carrito","status":"publish","type":"page","link":"https:\/\/www.truzzer.com\/es\/carrito\/","title":{"rendered":"Carrito"},"content":{"rendered":"\n<div data-block-name=\"woocommerce\/cart\" class=\"wp-block-woocommerce-cart alignwide is-loading\">\n<div data-block-name=\"woocommerce\/filled-cart-block\" class=\"wp-block-woocommerce-filled-cart-block\">\n<div data-block-name=\"woocommerce\/cart-items-block\" class=\"wp-block-woocommerce-cart-items-block\">\n<div data-block-name=\"woocommerce\/cart-line-items-block\" class=\"wp-block-woocommerce-cart-line-items-block\"><\/div>\n\n\n<\/div>\n\n\n\n\n<div data-block-name=\"woocommerce\/cart-totals-block\" class=\"wp-block-woocommerce-cart-totals-block\">\n<div data-block-name=\"woocommerce\/cart-order-summary-block\" class=\"wp-block-woocommerce-cart-order-summary-block\">\n<div data-block-name=\"woocommerce\/cart-order-summary-heading-block\" class=\"wp-block-woocommerce-cart-order-summary-heading-block\"><\/div><div data-block-name=\"woocommerce\/cart-order-summary-coupon-form-block\" class=\"wp-block-woocommerce-cart-order-summary-coupon-form-block\"><\/div><div data-block-name=\"woocommerce\/cart-order-summary-totals-block\" class=\"wp-block-woocommerce-cart-order-summary-totals-block\">\n<div data-block-name=\"woocommerce\/cart-order-summary-subtotal-block\" class=\"wp-block-woocommerce-cart-order-summary-subtotal-block\"><\/div>\n<div data-block-name=\"woocommerce\/cart-order-summary-discount-block\" class=\"wp-block-woocommerce-cart-order-summary-discount-block\"><\/div>\n<div data-block-name=\"woocommerce\/cart-order-summary-fee-block\" class=\"wp-block-woocommerce-cart-order-summary-fee-block\"><\/div>\n<div data-block-name=\"woocommerce\/cart-order-summary-shipping-block\" class=\"wp-block-woocommerce-cart-order-summary-shipping-block\"><\/div>\n<div data-block-name=\"woocommerce\/cart-order-summary-taxes-block\" class=\"wp-block-woocommerce-cart-order-summary-taxes-block\"><\/div><\/div>\n<\/div>\n\n\n\n<div data-block-name=\"woocommerce\/cart-express-payment-block\" class=\"wp-block-woocommerce-cart-express-payment-block\"><\/div>\n\n\n\n<div data-block-name=\"woocommerce\/proceed-to-checkout-block\" class=\"wp-block-woocommerce-proceed-to-checkout-block\"><\/div>\n\n\n\n<div data-block-name=\"woocommerce\/cart-accepted-payment-methods-block\" class=\"wp-block-woocommerce-cart-accepted-payment-methods-block\"><\/div>\n<\/div>\n<\/div>\n\n\n\n<div data-block-name=\"woocommerce\/empty-cart-block\" class=\"wp-block-woocommerce-empty-cart-block\">\n<h2 class=\"wp-block-heading has-text-align-center with-empty-cart-icon wc-block-cart__empty-cart__title\">Your cart is currently empty!<\/h2>\n\n\n\n<hr class=\"wp-block-separator has-alpha-channel-opacity is-style-dots\"\/>\n\n\n\n<h2 class=\"wp-block-heading has-text-align-center\">New in store<\/h2>\n\n\n<div data-block-name=\"woocommerce\/product-new\" data-columns=\"4\" data-rows=\"1\" class=\"wc-block-grid wp-block-product-new wp-block-woocommerce-product-new wc-block-product-new has-4-columns\"><ul class=\"wc-block-grid__products\"><li class=\"wc-block-grid__product\"><span class=\"gtm4wp_productdata\" style=\"display:none; visibility:hidden;\" data-gtm4wp_product_data=\"{&quot;internal_id&quot;:102674,&quot;item_id&quot;:&quot;SKU-100146-EN&quot;,&quot;item_name&quot;:&quot;Google Revisi\\u00f3n QR C\\u00f3digo Tarjeta de visita Tel\\u00e9fono&quot;,&quot;sku&quot;:&quot;SKU-100146-EN&quot;,&quot;price&quot;:0.15,&quot;stocklevel&quot;:999,&quot;stockstatus&quot;:&quot;instock&quot;,&quot;google_business_vertical&quot;:&quot;custom&quot;,&quot;item_category&quot;:&quot;Rese\\u00f1a de Google Productos&quot;,&quot;item_category2&quot;:&quot;Rese\\u00f1a de Google Tarjetas de visita&quot;,&quot;item_category3&quot;:&quot;Rese\\u00f1a de Google Tarjetas de visita con c\\u00f3digo QR&quot;,&quot;id&quot;:&quot;SKU-100146-EN&quot;,&quot;item_brand&quot;:&quot;Google&quot;,&quot;productlink&quot;:&quot;https:\\\/\\\/www.truzzer.com\\\/es\\\/producto\\\/google-anmeldelse-qr-kode-visittkorttelefon\\\/&quot;,&quot;item_list_name&quot;:&quot;Lista general de productos&quot;,&quot;index&quot;:0,&quot;product_type&quot;:&quot;simple&quot;}\"><\/span>\n\t\t\t\t<a href=\"https:\/\/www.truzzer.com\/es\/producto\/google-anmeldelse-qr-kode-visittkorttelefon\/\" class=\"wc-block-grid__product-link\">\n\t\t\t\t\t\n\t\t\t\t\t<div class=\"wc-block-grid__product-image\"><img decoding=\"async\" width=\"300\" height=\"300\" src=\"https:\/\/www.truzzer.com\/wp-content\/uploads\/2026\/02\/Google-Bewertung-QR-Code-VIsitenkarte-Phone-2-empfehlio-3-en-300x300.jpg\" class=\"attachment-woocommerce_thumbnail size-woocommerce_thumbnail\" alt=\"Google Revisi\u00f3n QR C\u00f3digo Tarjeta de visita Tel\u00e9fono\" srcset=\"https:\/\/www.truzzer.com\/wp-content\/uploads\/2026\/02\/Google-Bewertung-QR-Code-VIsitenkarte-Phone-2-empfehlio-3-en-300x300.jpg 300w, https:\/\/www.truzzer.com\/wp-content\/uploads\/2026\/02\/Google-Bewertung-QR-Code-VIsitenkarte-Phone-2-empfehlio-3-en-150x150.jpg 150w, https:\/\/www.truzzer.com\/wp-content\/uploads\/2026\/02\/Google-Bewertung-QR-Code-VIsitenkarte-Phone-2-empfehlio-3-en-768x768.jpg 768w, https:\/\/www.truzzer.com\/wp-content\/uploads\/2026\/02\/Google-Bewertung-QR-Code-VIsitenkarte-Phone-2-empfehlio-3-en-600x600.jpg 600w, https:\/\/www.truzzer.com\/wp-content\/uploads\/2026\/02\/Google-Bewertung-QR-Code-VIsitenkarte-Phone-2-empfehlio-3-en.jpg 1024w\" sizes=\"(max-width: 300px) 100vw, 300px\" \/><\/div>\n\t\t\t\t\t<div class=\"wc-block-grid__product-title\">Google Revisi\u00f3n QR C\u00f3digo Tarjeta de visita Tel\u00e9fono<\/div>\n\t\t\t\t<\/a>\n\t\t\t\t<div class=\"wc-block-grid__product-price price\">\t\t<span class=\"tiered-pricing-dynamic-price-wrapper\" data-display-context=\"shop-loop\" data-price-type=\"dynamic\" data-product-id=\"102674\" data-parent-id=\"102674\">\n\t\t\t<span class=\"woocommerce-Price-amount amount\">0,15&nbsp;<span class=\"woocommerce-Price-currencySymbol\">&euro;<\/span><\/span> <small class=\"woocommerce-price-suffix\">inc. Vat<\/small><\/span><br>\t\t<small data-consider-sale-price=\"yes\" data-product-id=\"102674\" data-parent-id=\"102674\" class=\"tiered-pricing-you-save tiered-pricing-you-save--hidden\" style=\"color: #ff0000\">You save <span class=\"tiered-pricing-you-save__total\"><\/span>\t\t<\/small>\n\t\t<\/div>\n\t\t\t\t\n\t\t\t\t<div class=\"wp-block-button wc-block-grid__product-add-to-cart\"><a href=\"\/es\/wp-json\/wp\/v2\/pages\/91193?add-to-cart=102674\" aria-label=\"A\u00f1adir al carrito: &ldquo;Google Revisi\u00f3n QR C\u00f3digo Tarjeta de visita Tel\u00e9fono&rdquo;\" data-quantity=\"1\" data-product_id=\"102674\" data-product_sku=\"SKU-100146-EN\" data-price=\"0.15\" rel=\"nofollow\" class=\"wp-block-button__link  add_to_cart_button ajax_add_to_cart\">A\u00f1adir al carrito<\/a><\/div>\n\t\t\t<\/li><li class=\"wc-block-grid__product\"><span class=\"gtm4wp_productdata\" style=\"display:none; visibility:hidden;\" data-gtm4wp_product_data=\"{&quot;internal_id&quot;:102706,&quot;item_id&quot;:&quot;SKU-100145-EN&quot;,&quot;item_name&quot;:&quot;Google Revisi\\u00f3n QR C\\u00f3digo Tarjeta de visita est\\u00e1ndar&quot;,&quot;sku&quot;:&quot;SKU-100145-EN&quot;,&quot;price&quot;:0.15,&quot;stocklevel&quot;:999,&quot;stockstatus&quot;:&quot;instock&quot;,&quot;google_business_vertical&quot;:&quot;custom&quot;,&quot;item_category&quot;:&quot;Rese\\u00f1a de Google Productos&quot;,&quot;item_category2&quot;:&quot;Rese\\u00f1a de Google Tarjetas de visita&quot;,&quot;item_category3&quot;:&quot;Rese\\u00f1a de Google Tarjetas de visita con c\\u00f3digo QR&quot;,&quot;id&quot;:&quot;SKU-100145-EN&quot;,&quot;item_brand&quot;:&quot;Google&quot;,&quot;productlink&quot;:&quot;https:\\\/\\\/www.truzzer.com\\\/es\\\/producto\\\/google-review-qr-code-business-card-standard\\\/&quot;,&quot;item_list_name&quot;:&quot;Lista general de productos&quot;,&quot;index&quot;:0,&quot;product_type&quot;:&quot;simple&quot;}\"><\/span>\n\t\t\t\t<a href=\"https:\/\/www.truzzer.com\/es\/producto\/google-review-qr-code-business-card-standard\/\" class=\"wc-block-grid__product-link\">\n\t\t\t\t\t\n\t\t\t\t\t<div class=\"wc-block-grid__product-image\"><img decoding=\"async\" width=\"300\" height=\"300\" src=\"https:\/\/www.truzzer.com\/wp-content\/uploads\/2026\/02\/Google-Bewertung-QR-Code-VIsitenkarte-Standard-2-empfehlio-1-en-300x300.jpg\" class=\"attachment-woocommerce_thumbnail size-woocommerce_thumbnail\" alt=\"Google Revisi\u00f3n QR C\u00f3digo Tarjeta de visita est\u00e1ndar\" srcset=\"https:\/\/www.truzzer.com\/wp-content\/uploads\/2026\/02\/Google-Bewertung-QR-Code-VIsitenkarte-Standard-2-empfehlio-1-en-300x300.jpg 300w, https:\/\/www.truzzer.com\/wp-content\/uploads\/2026\/02\/Google-Bewertung-QR-Code-VIsitenkarte-Standard-2-empfehlio-1-en-150x150.jpg 150w, https:\/\/www.truzzer.com\/wp-content\/uploads\/2026\/02\/Google-Bewertung-QR-Code-VIsitenkarte-Standard-2-empfehlio-1-en-768x768.jpg 768w, https:\/\/www.truzzer.com\/wp-content\/uploads\/2026\/02\/Google-Bewertung-QR-Code-VIsitenkarte-Standard-2-empfehlio-1-en-600x600.jpg 600w, https:\/\/www.truzzer.com\/wp-content\/uploads\/2026\/02\/Google-Bewertung-QR-Code-VIsitenkarte-Standard-2-empfehlio-1-en.jpg 1024w\" sizes=\"(max-width: 300px) 100vw, 300px\" \/><\/div>\n\t\t\t\t\t<div class=\"wc-block-grid__product-title\">Google Revisi\u00f3n QR C\u00f3digo Tarjeta de visita est\u00e1ndar<\/div>\n\t\t\t\t<\/a>\n\t\t\t\t<div class=\"wc-block-grid__product-price price\">\t\t<span class=\"tiered-pricing-dynamic-price-wrapper\" data-display-context=\"shop-loop\" data-price-type=\"dynamic\" data-product-id=\"102706\" data-parent-id=\"102706\">\n\t\t\t<span class=\"woocommerce-Price-amount amount\">0,15&nbsp;<span class=\"woocommerce-Price-currencySymbol\">&euro;<\/span><\/span> <small class=\"woocommerce-price-suffix\">inc. Vat<\/small><\/span><br>\t\t<small data-consider-sale-price=\"yes\" data-product-id=\"102706\" data-parent-id=\"102706\" class=\"tiered-pricing-you-save tiered-pricing-you-save--hidden\" style=\"color: #ff0000\">You save <span class=\"tiered-pricing-you-save__total\"><\/span>\t\t<\/small>\n\t\t<\/div>\n\t\t\t\t\n\t\t\t\t<div class=\"wp-block-button wc-block-grid__product-add-to-cart\"><a href=\"\/es\/wp-json\/wp\/v2\/pages\/91193?add-to-cart=102706\" aria-label=\"A\u00f1adir al carrito: &ldquo;Google Revisi\u00f3n QR C\u00f3digo Tarjeta de visita est\u00e1ndar&rdquo;\" data-quantity=\"1\" data-product_id=\"102706\" data-product_sku=\"SKU-100145-EN\" data-price=\"0.15\" rel=\"nofollow\" class=\"wp-block-button__link  add_to_cart_button ajax_add_to_cart\">A\u00f1adir al carrito<\/a><\/div>\n\t\t\t<\/li><li class=\"wc-block-grid__product\"><span class=\"gtm4wp_productdata\" style=\"display:none; visibility:hidden;\" data-gtm4wp_product_data=\"{&quot;internal_id&quot;:102557,&quot;item_id&quot;:&quot;SKU-100143-EN&quot;,&quot;item_name&quot;:&quot;Google Revisi\\u00f3n QR C\\u00f3digo Tarjeta de visita Est\\u00e1ndar Pro&quot;,&quot;sku&quot;:&quot;SKU-100143-EN&quot;,&quot;price&quot;:0.15,&quot;stocklevel&quot;:999,&quot;stockstatus&quot;:&quot;instock&quot;,&quot;google_business_vertical&quot;:&quot;custom&quot;,&quot;item_category&quot;:&quot;Rese\\u00f1a de Google Productos&quot;,&quot;item_category2&quot;:&quot;Rese\\u00f1a de Google Tarjetas de visita&quot;,&quot;item_category3&quot;:&quot;Rese\\u00f1a de Google Tarjetas de visita con c\\u00f3digo QR&quot;,&quot;id&quot;:&quot;SKU-100143-EN&quot;,&quot;item_brand&quot;:&quot;Google&quot;,&quot;productlink&quot;:&quot;https:\\\/\\\/www.truzzer.com\\\/es\\\/producto\\\/google-review-qr-code-visittkort-standard-pro\\\/&quot;,&quot;item_list_name&quot;:&quot;Lista general de productos&quot;,&quot;index&quot;:0,&quot;product_type&quot;:&quot;simple&quot;}\"><\/span>\n\t\t\t\t<a href=\"https:\/\/www.truzzer.com\/es\/producto\/google-review-qr-code-visittkort-standard-pro\/\" class=\"wc-block-grid__product-link\">\n\t\t\t\t\t\n\t\t\t\t\t<div class=\"wc-block-grid__product-image\"><img decoding=\"async\" width=\"300\" height=\"300\" src=\"https:\/\/www.truzzer.com\/wp-content\/uploads\/2026\/02\/Google-Bewertung-QR-Code-VIsitenkarte-Pro-3-empfehlio-2-en-300x300.jpg\" class=\"attachment-woocommerce_thumbnail size-woocommerce_thumbnail\" alt=\"Google Revisi\u00f3n QR C\u00f3digo Tarjeta de visita Est\u00e1ndar Pro\" srcset=\"https:\/\/www.truzzer.com\/wp-content\/uploads\/2026\/02\/Google-Bewertung-QR-Code-VIsitenkarte-Pro-3-empfehlio-2-en-300x300.jpg 300w, https:\/\/www.truzzer.com\/wp-content\/uploads\/2026\/02\/Google-Bewertung-QR-Code-VIsitenkarte-Pro-3-empfehlio-2-en-150x150.jpg 150w, https:\/\/www.truzzer.com\/wp-content\/uploads\/2026\/02\/Google-Bewertung-QR-Code-VIsitenkarte-Pro-3-empfehlio-2-en-768x768.jpg 768w, https:\/\/www.truzzer.com\/wp-content\/uploads\/2026\/02\/Google-Bewertung-QR-Code-VIsitenkarte-Pro-3-empfehlio-2-en-600x600.jpg 600w, https:\/\/www.truzzer.com\/wp-content\/uploads\/2026\/02\/Google-Bewertung-QR-Code-VIsitenkarte-Pro-3-empfehlio-2-en.jpg 1024w\" sizes=\"(max-width: 300px) 100vw, 300px\" \/><\/div>\n\t\t\t\t\t<div class=\"wc-block-grid__product-title\">Google Revisi\u00f3n QR C\u00f3digo Tarjeta de visita Est\u00e1ndar Pro<\/div>\n\t\t\t\t<\/a>\n\t\t\t\t<div class=\"wc-block-grid__product-price price\">\t\t<span class=\"tiered-pricing-dynamic-price-wrapper\" data-display-context=\"shop-loop\" data-price-type=\"dynamic\" data-product-id=\"102557\" data-parent-id=\"102557\">\n\t\t\t<span class=\"woocommerce-Price-amount amount\">0,15&nbsp;<span class=\"woocommerce-Price-currencySymbol\">&euro;<\/span><\/span> <small class=\"woocommerce-price-suffix\">inc. Vat<\/small><\/span><br>\t\t<small data-consider-sale-price=\"yes\" data-product-id=\"102557\" data-parent-id=\"102557\" class=\"tiered-pricing-you-save tiered-pricing-you-save--hidden\" style=\"color: #ff0000\">You save <span class=\"tiered-pricing-you-save__total\"><\/span>\t\t<\/small>\n\t\t<\/div>\n\t\t\t\t\n\t\t\t\t<div class=\"wp-block-button wc-block-grid__product-add-to-cart\"><a href=\"\/es\/wp-json\/wp\/v2\/pages\/91193?add-to-cart=102557\" aria-label=\"A\u00f1adir al carrito: &ldquo;Google Revisi\u00f3n QR C\u00f3digo Tarjeta de visita Est\u00e1ndar Pro&rdquo;\" data-quantity=\"1\" data-product_id=\"102557\" data-product_sku=\"SKU-100143-EN\" data-price=\"0.15\" rel=\"nofollow\" class=\"wp-block-button__link  add_to_cart_button ajax_add_to_cart\">A\u00f1adir al carrito<\/a><\/div>\n\t\t\t<\/li><li class=\"wc-block-grid__product\"><span class=\"gtm4wp_productdata\" style=\"display:none; visibility:hidden;\" data-gtm4wp_product_data=\"{&quot;internal_id&quot;:102609,&quot;item_id&quot;:&quot;SKU-100142-EN&quot;,&quot;item_name&quot;:&quot;TikTok Seguidor QR Rollo de etiquetas adhesivas con c\\u00f3digo: mayor alcance con las pegatinas QR&quot;,&quot;sku&quot;:&quot;SKU-100142-EN&quot;,&quot;price&quot;:1.19,&quot;stocklevel&quot;:999,&quot;stockstatus&quot;:&quot;instock&quot;,&quot;google_business_vertical&quot;:&quot;custom&quot;,&quot;item_category&quot;:&quot;Seguidores de TikTok Productos&quot;,&quot;item_category2&quot;:&quot;TikTok Pegatinas&quot;,&quot;id&quot;:&quot;SKU-100142-EN&quot;,&quot;item_brand&quot;:&quot;TikTok&quot;,&quot;productlink&quot;:&quot;https:\\\/\\\/www.truzzer.com\\\/es\\\/producto\\\/tiktok-follower-qr-code-sticker-label-roll-mer-rekkevidde-med-qr-klistremerker\\\/&quot;,&quot;item_list_name&quot;:&quot;Lista general de productos&quot;,&quot;index&quot;:0,&quot;product_type&quot;:&quot;variable&quot;}\"><\/span>\n\t\t\t\t<a href=\"https:\/\/www.truzzer.com\/es\/producto\/tiktok-follower-qr-code-sticker-label-roll-mer-rekkevidde-med-qr-klistremerker\/\" class=\"wc-block-grid__product-link\">\n\t\t\t\t\t\n\t\t\t\t\t<div class=\"wc-block-grid__product-image\"><img decoding=\"async\" width=\"300\" height=\"300\" src=\"https:\/\/www.truzzer.com\/wp-content\/uploads\/2026\/02\/tiktok-sticker-roll-3-2-300x300.jpg\" class=\"attachment-woocommerce_thumbnail size-woocommerce_thumbnail\" alt=\"TikTok Seguidor QR Rollo de etiquetas adhesivas con c\u00f3digo: mayor alcance con las pegatinas QR\" srcset=\"https:\/\/www.truzzer.com\/wp-content\/uploads\/2026\/02\/tiktok-sticker-roll-3-2-300x300.jpg 300w, https:\/\/www.truzzer.com\/wp-content\/uploads\/2026\/02\/tiktok-sticker-roll-3-2-1024x1024.jpg 1024w, https:\/\/www.truzzer.com\/wp-content\/uploads\/2026\/02\/tiktok-sticker-roll-3-2-150x150.jpg 150w, https:\/\/www.truzzer.com\/wp-content\/uploads\/2026\/02\/tiktok-sticker-roll-3-2-768x768.jpg 768w, https:\/\/www.truzzer.com\/wp-content\/uploads\/2026\/02\/tiktok-sticker-roll-3-2-600x600.jpg 600w, https:\/\/www.truzzer.com\/wp-content\/uploads\/2026\/02\/tiktok-sticker-roll-3-2.jpg 1400w\" sizes=\"(max-width: 300px) 100vw, 300px\" \/><\/div>\n\t\t\t\t\t<div class=\"wc-block-grid__product-title\">TikTok Seguidor QR Rollo de etiquetas adhesivas con c\u00f3digo: mayor alcance con las pegatinas QR<\/div>\n\t\t\t\t<\/a>\n\t\t\t\t<div class=\"wc-block-grid__product-price price\">\t\t<span class=\"tiered-pricing-dynamic-price-wrapper tiered-pricing-dynamic-price-wrapper--variable\" data-display-context=\"shop-loop\" data-price-type=\"dynamic\" data-product-id=\"102609\" data-parent-id=\"102609\">\n\t\t\t<span class=\"woocommerce-Price-amount amount\" aria-hidden=\"true\">1,19&nbsp;<span class=\"woocommerce-Price-currencySymbol\">&euro;<\/span><\/span> <span aria-hidden=\"true\">&#8211;<\/span> <span class=\"woocommerce-Price-amount amount\" aria-hidden=\"true\">1,34&nbsp;<span class=\"woocommerce-Price-currencySymbol\">&euro;<\/span><\/span><span class=\"screen-reader-text\">Rango de precios: desde 1,19&nbsp;&euro; hasta 1,34&nbsp;&euro;<\/span> <small class=\"woocommerce-price-suffix\">inc. Vat<\/small><\/span><br>\t\t<small data-consider-sale-price=\"yes\" data-product-id=\"102609\" data-parent-id=\"102609\" class=\"tiered-pricing-you-save tiered-pricing-you-save--hidden\" style=\"color: #ff0000\">You save <span class=\"tiered-pricing-you-save__total\"><\/span>\t\t<\/small>\n\t\t<\/div>\n\t\t\t\t\n\t\t\t\t<div class=\"wp-block-button wc-block-grid__product-add-to-cart\"><a href=\"https:\/\/www.truzzer.com\/es\/producto\/tiktok-follower-qr-code-sticker-label-roll-mer-rekkevidde-med-qr-klistremerker\/\" aria-label=\"Elige las opciones para &ldquo;TikTok Seguidor QR Rollo de etiquetas adhesivas con c\u00f3digo: mayor alcance con las pegatinas QR&rdquo;\" data-quantity=\"1\" data-product_id=\"102609\" data-product_sku=\"SKU-100142-EN\" data-price=\"1.19\" rel=\"nofollow\" class=\"wp-block-button__link  add_to_cart_button\">Seleccionar opciones<\/a><\/div>\n\t\t\t<\/li><\/ul><\/div><\/div>\n<\/div>\n","protected":false},"excerpt":{"rendered":"","protected":false},"author":1,"featured_media":0,"parent":0,"menu_order":0,"comment_status":"closed","ping_status":"closed","template":"","meta":{"_acf_changed":false,"_yoast_wpseo_focuskw":"","_yoast_wpseo_title":"","_yoast_wpseo_metadesc":"","footnotes":""},"class_list":["post-91193","page","type-page","status-publish","hentry"],"acf":[],"yoast_head":"<!-- This site is optimized with the Yoast SEO plugin v27.0 - https:\/\/yoast.com\/product\/yoast-seo-wordpress\/ -->\n<title>Carrito | truzzer<\/title>\n<meta name=\"robots\" content=\"index, follow, max-snippet:-1, max-image-preview:large, max-video-preview:-1\" \/>\n<link rel=\"canonical\" href=\"https:\/\/www.truzzer.com\/es\/carrito\/\" \/>\n<meta property=\"og:locale\" content=\"es_ES\" \/>\n<meta property=\"og:type\" content=\"article\" \/>\n<meta property=\"og:title\" content=\"Carrito | truzzer\" \/>\n<meta property=\"og:url\" content=\"https:\/\/www.truzzer.com\/es\/carrito\/\" \/>\n<meta property=\"og:site_name\" content=\"truzzer\" \/>\n<meta property=\"article:modified_time\" content=\"2026-02-09T16:41:17+00:00\" \/>\n<meta name=\"twitter:card\" content=\"summary_large_image\" \/>\n<script type=\"application\/ld+json\" class=\"yoast-schema-graph\">{\"@context\":\"https:\/\/schema.org\",\"@graph\":[{\"@type\":\"WebPage\",\"@id\":\"https:\/\/www.truzzer.com\/es\/carrito\/\",\"url\":\"https:\/\/www.truzzer.com\/es\/carrito\/\",\"name\":\"Carrito | truzzer\",\"isPartOf\":{\"@id\":\"https:\/\/www.truzzer.com\/es\/#website\"},\"datePublished\":\"2026-01-28T10:25:43+00:00\",\"dateModified\":\"2026-02-09T16:41:17+00:00\",\"breadcrumb\":{\"@id\":\"https:\/\/www.truzzer.com\/es\/carrito\/#breadcrumb\"},\"inLanguage\":\"es\",\"potentialAction\":[{\"@type\":\"ReadAction\",\"target\":[\"https:\/\/www.truzzer.com\/es\/carrito\/\"]}]},{\"@type\":\"BreadcrumbList\",\"@id\":\"https:\/\/www.truzzer.com\/es\/carrito\/#breadcrumb\",\"itemListElement\":[{\"@type\":\"ListItem\",\"position\":1,\"name\":\"Home\",\"item\":\"https:\/\/www.truzzer.com\/es\/\"},{\"@type\":\"ListItem\",\"position\":2,\"name\":\"Carrito\"}]},{\"@type\":\"WebSite\",\"@id\":\"https:\/\/www.truzzer.com\/es\/#website\",\"url\":\"https:\/\/www.truzzer.com\/es\/\",\"name\":\"truzzer\",\"description\":\"Experts for customer trust\",\"publisher\":{\"@id\":\"https:\/\/www.truzzer.com\/es\/#organization\"},\"potentialAction\":[{\"@type\":\"SearchAction\",\"target\":{\"@type\":\"EntryPoint\",\"urlTemplate\":\"https:\/\/www.truzzer.com\/es\/?s={search_term_string}\"},\"query-input\":{\"@type\":\"PropertyValueSpecification\",\"valueRequired\":true,\"valueName\":\"search_term_string\"}}],\"inLanguage\":\"es\"},{\"@type\":\"Organization\",\"@id\":\"https:\/\/www.truzzer.com\/es\/#organization\",\"name\":\"truzzer\",\"url\":\"https:\/\/www.truzzer.com\/es\/\",\"logo\":{\"@type\":\"ImageObject\",\"inLanguage\":\"es\",\"@id\":\"https:\/\/www.truzzer.com\/es\/#\/schema\/logo\/image\/\",\"url\":\"https:\/\/truzzer.com\/wp-content\/uploads\/2026\/01\/truzzer-logo-black-1.svg\",\"contentUrl\":\"https:\/\/truzzer.com\/wp-content\/uploads\/2026\/01\/truzzer-logo-black-1.svg\",\"width\":938,\"height\":199,\"caption\":\"truzzer\"},\"image\":{\"@id\":\"https:\/\/www.truzzer.com\/es\/#\/schema\/logo\/image\/\"}}]}<\/script>\n<!-- \/ Yoast SEO plugin. -->","yoast_head_json":{"title":"Carrito | truzzer","robots":{"index":"index","follow":"follow","max-snippet":"max-snippet:-1","max-image-preview":"max-image-preview:large","max-video-preview":"max-video-preview:-1"},"canonical":"https:\/\/www.truzzer.com\/es\/carrito\/","og_locale":"es_ES","og_type":"article","og_title":"Carrito | truzzer","og_url":"https:\/\/www.truzzer.com\/es\/carrito\/","og_site_name":"truzzer","article_modified_time":"2026-02-09T16:41:17+00:00","twitter_card":"summary_large_image","schema":{"@context":"https:\/\/schema.org","@graph":[{"@type":"WebPage","@id":"https:\/\/www.truzzer.com\/es\/carrito\/","url":"https:\/\/www.truzzer.com\/es\/carrito\/","name":"Carrito | truzzer","isPartOf":{"@id":"https:\/\/www.truzzer.com\/es\/#website"},"datePublished":"2026-01-28T10:25:43+00:00","dateModified":"2026-02-09T16:41:17+00:00","breadcrumb":{"@id":"https:\/\/www.truzzer.com\/es\/carrito\/#breadcrumb"},"inLanguage":"es","potentialAction":[{"@type":"ReadAction","target":["https:\/\/www.truzzer.com\/es\/carrito\/"]}]},{"@type":"BreadcrumbList","@id":"https:\/\/www.truzzer.com\/es\/carrito\/#breadcrumb","itemListElement":[{"@type":"ListItem","position":1,"name":"Home","item":"https:\/\/www.truzzer.com\/es\/"},{"@type":"ListItem","position":2,"name":"Carrito"}]},{"@type":"WebSite","@id":"https:\/\/www.truzzer.com\/es\/#website","url":"https:\/\/www.truzzer.com\/es\/","name":"truzzer","description":"Experts for customer trust","publisher":{"@id":"https:\/\/www.truzzer.com\/es\/#organization"},"potentialAction":[{"@type":"SearchAction","target":{"@type":"EntryPoint","urlTemplate":"https:\/\/www.truzzer.com\/es\/?s={search_term_string}"},"query-input":{"@type":"PropertyValueSpecification","valueRequired":true,"valueName":"search_term_string"}}],"inLanguage":"es"},{"@type":"Organization","@id":"https:\/\/www.truzzer.com\/es\/#organization","name":"truzzer","url":"https:\/\/www.truzzer.com\/es\/","logo":{"@type":"ImageObject","inLanguage":"es","@id":"https:\/\/www.truzzer.com\/es\/#\/schema\/logo\/image\/","url":"https:\/\/truzzer.com\/wp-content\/uploads\/2026\/01\/truzzer-logo-black-1.svg","contentUrl":"https:\/\/truzzer.com\/wp-content\/uploads\/2026\/01\/truzzer-logo-black-1.svg","width":938,"height":199,"caption":"truzzer"},"image":{"@id":"https:\/\/www.truzzer.com\/es\/#\/schema\/logo\/image\/"}}]}},"_links":{"self":[{"href":"https:\/\/www.truzzer.com\/es\/wp-json\/wp\/v2\/pages\/91193","targetHints":{"allow":["GET"]}}],"collection":[{"href":"https:\/\/www.truzzer.com\/es\/wp-json\/wp\/v2\/pages"}],"about":[{"href":"https:\/\/www.truzzer.com\/es\/wp-json\/wp\/v2\/types\/page"}],"author":[{"embeddable":true,"href":"https:\/\/www.truzzer.com\/es\/wp-json\/wp\/v2\/users\/1"}],"replies":[{"embeddable":true,"href":"https:\/\/www.truzzer.com\/es\/wp-json\/wp\/v2\/comments?post=91193"}],"version-history":[{"count":0,"href":"https:\/\/www.truzzer.com\/es\/wp-json\/wp\/v2\/pages\/91193\/revisions"}],"wp:attachment":[{"href":"https:\/\/www.truzzer.com\/es\/wp-json\/wp\/v2\/media?parent=91193"}],"curies":[{"name":"wp","href":"https:\/\/api.w.org\/{rel}","templated":true}]}}