{"id":92375,"date":"2026-02-07T13:33:41","date_gmt":"2026-02-07T13:33:41","guid":{"rendered":"https:\/\/beta.truzzer.com\/winkel-per-branche\/"},"modified":"2026-02-13T07:58:06","modified_gmt":"2026-02-13T07:58:06","slug":"winkel-per-branche","status":"publish","type":"page","link":"https:\/\/www.truzzer.com\/es\/winkel-per-branche\/","title":{"rendered":"Winkel por sucursal"},"content":{"rendered":"<p>\u00ab`html<\/p>\n<div data-elementor-type=\"wp-page\" data-elementor-id=\"90172\" class=\"elementor elementor-90172\">\n<section class=\"elementor-section elementor-top-section elementor-element elementor-element-429620b7 wd-section-stretch more elementor-section-boxed elementor-section-height-default elementor-section-height-default\" data-id=\"429620b7\" data-element_type=\"secci\u00f3n\" data-e-type=\"secci\u00f3n\" configuraci\u00f3n de datos=\"{&quot;fondo_fondo&quot;:&quot;cl\u00e1sico&quot;}\">\n<div class=\"elementor-contenedor elementor-columna-gap-default\">\n<div class=\"elementor-column elementor-col-100 elementor-top-column elementor-element elementor-element-4f7e2c3b\" data-id=\"4f7e2c3b\" data-element_type=\"columna\" data-e-type=\"columna\">\n<div class=\"elementor-widget-wrap elementor-elemento-poblado\">\n<div class=\"elementor-element elementor-element-cbbde5b elementor-widget elementor-widget-html\" data-id=\"cbbde5b\" data-element_type=\"widget\" data-e-type=\"widget\" data-widget_type=\"html.default\">\n                        <link rel=\"stylesheet\" id=\"elementor-post-556-css\" href=\"https:\/\/truzzer.com\/wp-content\/uploads\/elementor\/css\/post-556.css?ver=1770465796\" type=\"text\/css\" media=\"all\">\n<div data-elementor-type=\"wp-post\" data-elementor-id=\"556\" class=\"elementor elementor-556\">\n<div class=\"elementor-element elementor-element-5c1be5d wd-section-stretch blk-logos e-flex e-con-boxed e-con e-parent\" data-id=\"5c1be5d\" data-element_type=\"contenedor\" data-e-type=\"contenedor\" data-settings=\"{&quot;fondo_fondo&quot;:&quot;cl\u00e1sico&quot;}\">\n<div class=\"e-con-inner\">\n<div class=\"elementor-element elementor-element-3523d70e e-con-full e-flex e-con e-child\" data-id=\"3523d70e\" data-element_type=\"contenedor\" data-e-type=\"contenedor\">\n<div class=\"elementor-element elementor-element-43d1da47 centro de texto elementor-hidden-tablet elementor-hidden-mobile color-scheme-heredar elementor-widget elementor-widget-text-editor\" data-id=\"43d1da47\" data-element_type=\"widget\" data-e-type=\"widget\" data-widget_type=\"text-editor.default\">\n<p style=\"text-align: center;\">M\u00e1s de 20.000 camas fueron utilizadas con \u00e9xito con los productos de truzzer om hun zakelijke groei te stimuleren. \u2013\u00a0<span style=\"color: #67f5f5;\">#timetojointhem.<\/span><\/p>\n<\/p><\/div>\n<div class=\"elementor-element elementor-element-63293f96 elementor-widget elementor-widget-image-carrusel\" data-id=\"63293f96\" data-element_type=\"widget\" data-e-type=\"widget\" configuraci\u00f3n de datos=\"{&quot;slides_to_show\":&quot;5&quot;,&quot;navegaci\u00f3n&quot;:&quot;ninguna&quot;,&quot;slides_to_show_mobile&quot;:&quot;4&quot;,&quot;reproducci\u00f3n autom\u00e1tica&quot;:&quot;s\u00ed&quot;,&#038; \"pause_on_hover\": \"s\u00ed\", \"pause_on_interaction\": \"s\u00ed\", \"autoplay_speed\": 5000, \"infinito\": \"s\u00ed\", \"velocidad\": 500}\" data-widget_type=\"imagen-carrusel.default\">\n<div class=\"elementor-image-carousel-wrapper swiper\" role=\"region\" aria-roledescription=\"carrusel\" aria-label=\"Bild Karussell\" dir=\"ltr\">\n<div class=\"elementor-image-carrusel swiper-wrapper\" aria-live=\"off\">\n<div class=\"swiper-slide\" role=\"group\" aria-roledescription=\"slide\" aria-label=\"1 de 6\">\n<figure class=\"swiper-slide-inner\"><img decoding=\"async\" class=\"swiper-slide-image\" src=\"https:\/\/truzzer.com\/wp-content\/uploads\/elementor\/thumbs\/LOreal_logo.svg-rilxshi8uxl3jzru85df842ax6szf0ei0j329sa9v2.png\" alt=\"LOreal_logo.svg.png\" \/><\/figure>\n<\/div>\n<div class=\"swiper-slide\" role=\"group\" aria-roledescription=\"slide\" aria-label=\"2 de 6\">\n<figure class=\"swiper-slide-inner\"><img decoding=\"async\" class=\"swiper-slide-image\" src=\"https:\/\/truzzer.com\/wp-content\/uploads\/elementor\/thumbs\/sparkasse-rilxsgkeo3jt8dt7dmysnmaubsxm7baroefksibog0.png\" alt=\"sparkasse.png\" \/><\/figure>\n<\/div>\n<div class=\"swiper-slide\" role=\"group\" aria-roledescription=\"slide\" aria-label=\"3 de 6\">\n<figure class=\"swiper-slide-inner\"><img decoding=\"async\" class=\"swiper-slide-image\" src=\"https:\/\/truzzer.com\/wp-content\/uploads\/elementor\/thumbs\/rewe-rilxsgkeo3jt8dt7dmysnmaubsxm7baroefksibog0.png\" alt=\"rewe.png\" \/><\/figure>\n<\/div>\n<div class=\"swiper-slide\" role=\"group\" aria-roledescription=\"slide\" aria-label=\"4 de 6\">\n<figure class=\"swiper-slide-inner\"><img decoding=\"async\" class=\"swiper-slide-image\" src=\"https:\/\/truzzer.com\/wp-content\/uploads\/elementor\/thumbs\/stroeer-rilxsgkeo3jt8dt7dmysnmaubsxm7baroefksibog0.png\" alt=\"stroeer.png\" \/><\/figure>\n<\/div>\n<div class=\"swiper-slide\" role=\"group\" aria-roledescription=\"slide\" aria-label=\"5 de 6\">\n<figure class=\"swiper-slide-inner\"><img decoding=\"async\" class=\"swiper-slide-image\" src=\"https:\/\/truzzer.com\/wp-content\/uploads\/elementor\/thumbs\/ALLIANZ-rilxsfmkh9iiwrukj4k634jdqf28zm71c9s3b8d2m8.png\" alt=\"ALLIANZ.png\" \/><\/figure>\n<\/div>\n<div class=\"swiper-slide\" role=\"group\" aria-roledescription=\"slide\" aria-label=\"6 de 6\">\n<figure class=\"swiper-slide-inner\"><img decoding=\"async\" class=\"swiper-slide-image\" src=\"https:\/\/truzzer.com\/wp-content\/uploads\/elementor\/thumbs\/mcdonalds-rilxsfmkh9iiwrukj4k634jdqf28zm71c9s3b8d2m8.png\" alt=\"mcdonalds.png\" \/><\/figure>\n<\/div><\/div>\n<\/p><\/div>\n<\/p><\/div>\n<\/p><\/div>\n<\/p><\/div>\n<\/p><\/div>\n<\/p><\/div>\n<\/p><\/div>\n<\/p><\/div>\n<\/p><\/div>\n<\/p><\/div>\n<p>    <\/secci\u00f3n><\/p>\n<section class=\"wd-negative-gap elementor-section elementor-top-section elementor-element elementor-element-6058ff90 elementor-section-boxed elementor-section-height-default elementor-section-height-default\" data-id=\"6058ff90\" data-element_type=\"secci\u00f3n\" data-e-type=\"secci\u00f3n\">\n<div class=\"elementor-contenedor elementor-columna-gap-default\">\n<div class=\"elementor-column elementor-col-25 elementor-top-column elementor-element elementor-element-5ba41241\" data-id=\"5ba41241\" data-element_type=\"columna\" data-e-type=\"columna\">\n<div class=\"elementor-widget-wrap elementor-elemento-poblado\">\n<div class=\"elementor-element elementor-element-a023ba0 wd-width-100 elementor-widget elementor-widget-wd_title\" data-id=\"a023ba0\" data-element_type=\"widget\" data-e-type=\"widget\" data-widget_type=\"wd_title.default\">\n<div class=\"elementor-widget-contenedor\">\n<div class=\"title-wrapper wd-set-mb reset-last-child wd-title-color-default wd-title-style-default wd-title-size-default text-center\">\n<div class=\"liner-continer\">\n<h2 class=\"woodmart-title-container title wd-fontsize-l\">Waarom truzzer?<\/h2>\n<\/p><\/div>\n<\/p><\/div>\n<\/p><\/div>\n<\/p><\/div>\n<\/p><\/div>\n<\/p><\/div>\n<div class=\"elementor-column elementor-col-50 elementor-top-column elementor-element elementor-element-31695dfc\" data-id=\"31695dfc\" data-element_type=\"columna\" data-e-type=\"columna\">\n<div class=\"elementor-widget-wrap elementor-elemento-poblado\">\n<div class=\"elementor-element elementor-element-5db688e6 text-center color-scheme-heredar elementor-widget elementor-widget-text-editor\" data-id=\"5db688e6\" data-element_type=\"widget\" data-e-type=\"widget\" data-widget_type=\"text-editor.default\">\n<p>truzzer es una pieza clave incorporada y combinada con NFC-, QR- y software gebaseerde klantinteractieoplossingen en la regi\u00f3n DACH.<\/p>\n<\/p><\/div>\n<\/p><\/div>\n<\/p><\/div>\n<div class=\"elementor-column elementor-col-25 elementor-top-column elementor-element elementor-element-74ba5c1f\" data-id=\"74ba5c1f\" data-element_type=\"columna\" data-e-type=\"columna\">\n<div class=\"elementor-widget-wrap elementor-elemento-poblado\">\n<div class=\"elementor-element elementor-element-19e8cf70 elementor-widget elementor-widget-wd_button\" data-id=\"19e8cf70\" data-element_type=\"widget\" data-e-type=\"widget\" data-widget_type=\"wd_button.default\">\n<div class=\"elementor-widget-contenedor\">\n<div class=\"wd-button-wrapper text-center wd-smooth-scroll\" datos-smooth-time=\"100\" datos-smooth-offset=\"100\">\n                                <a class=\"btn btn-style-bordered btn-shape-semi-round btn-size-small btn-icon-pos-right\" href=\"#more\" style=\"--btn-color-hover:#fff;\"><br \/>\n                                    <span class=\"wd-btn-text\" elemento-de-datos-setting-key=\"texto\"><br \/>\n                                    <\/span><br \/>\n                                    <span class=\"wd-btn-icon\"><br \/>\n                                        <svg class=\"wd-icon e-font-icon-svg e-fas-long-arrow-alt-down\" viewBox=\"0 0 256 512\" xmlns=\"https:\/\/www.w3.org\/2000\/svg\"><path d=\"M168 345.941V44c0-6.627-5.373-12-12-12h-56c-6.627 0-12 5.373-12 12v301.941H41.941c-21.382 0-32.09 25.851-16.971 40.971l86.059 86.059c9.373 9.373 24.569 9.373 33.941 0l86.059-86.059c15.119-15.119 4.411-40.971-16.971-40.971H168z\"><\/path><\/svg><br \/>\n                                    <\/span><br \/>\n                                <\/a>\n                            <\/div>\n<\/p><\/div>\n<\/p><\/div>\n<\/p><\/div>\n<\/p><\/div>\n<\/p><\/div>\n<p>    <\/secci\u00f3n>\n<\/div>\n","protected":false},"excerpt":{"rendered":"<p>\u00bfQuieres saber truzzer? truzzer es una pieza clave que se activa y se combina con NFC-, QR- y softwaregebaseerde klantinteractieoplossingen en de<\/p>\n","protected":false},"author":2,"featured_media":0,"parent":0,"menu_order":0,"comment_status":"closed","ping_status":"closed","template":"","meta":{"_acf_changed":false,"_yoast_wpseo_focuskw":"","_yoast_wpseo_title":"","_yoast_wpseo_metadesc":"","footnotes":""},"class_list":["post-92375","page","type-page","status-publish","hentry"],"acf":[],"yoast_head":"<!-- This site is optimized with the Yoast SEO plugin v27.0 - https:\/\/yoast.com\/product\/yoast-seo-wordpress\/ -->\n<title>Winkel por sucursal | truzzer<\/title>\n<meta name=\"robots\" content=\"index, follow, max-snippet:-1, max-image-preview:large, max-video-preview:-1\" \/>\n<link rel=\"canonical\" href=\"https:\/\/www.truzzer.com\/es\/winkel-per-branche\/\" \/>\n<meta property=\"og:locale\" content=\"es_ES\" \/>\n<meta property=\"og:type\" content=\"article\" \/>\n<meta property=\"og:title\" content=\"Winkel por sucursal | truzzer\" \/>\n<meta property=\"og:description\" content=\"\u00bfQuieres saber truzzer? truzzer es una pieza clave que se activa y se combina con NFC-, QR- y softwaregebaseerde klantinteractieoplossingen en de\" \/>\n<meta property=\"og:url\" content=\"https:\/\/www.truzzer.com\/es\/winkel-per-branche\/\" \/>\n<meta property=\"og:site_name\" content=\"truzzer\" \/>\n<meta property=\"article:modified_time\" content=\"2026-02-13T07:58:06+00:00\" \/>\n<meta property=\"og:image\" content=\"https:\/\/truzzer.com\/wp-content\/uploads\/elementor\/thumbs\/LOreal_logo.svg-rilxshi8uxl3jzru85df842ax6szf0ei0j329sa9v2.png\" \/>\n<meta name=\"twitter:card\" content=\"summary_large_image\" \/>\n<script type=\"application\/ld+json\" class=\"yoast-schema-graph\">{\"@context\":\"https:\/\/schema.org\",\"@graph\":[{\"@type\":\"WebPage\",\"@id\":\"https:\/\/www.truzzer.com\/es\/winkel-per-branche\/\",\"url\":\"https:\/\/www.truzzer.com\/es\/winkel-per-branche\/\",\"name\":\"Winkel por sucursal | truzzer\",\"isPartOf\":{\"@id\":\"https:\/\/www.truzzer.com\/es\/#website\"},\"primaryImageOfPage\":{\"@id\":\"https:\/\/www.truzzer.com\/es\/winkel-per-branche\/#primaryimage\"},\"image\":{\"@id\":\"https:\/\/www.truzzer.com\/es\/winkel-per-branche\/#primaryimage\"},\"thumbnailUrl\":\"https:\/\/truzzer.com\/wp-content\/uploads\/elementor\/thumbs\/LOreal_logo.svg-rilxshi8uxl3jzru85df842ax6szf0ei0j329sa9v2.png\",\"datePublished\":\"2026-02-07T13:33:41+00:00\",\"dateModified\":\"2026-02-13T07:58:06+00:00\",\"breadcrumb\":{\"@id\":\"https:\/\/www.truzzer.com\/es\/winkel-per-branche\/#breadcrumb\"},\"inLanguage\":\"es\",\"potentialAction\":[{\"@type\":\"ReadAction\",\"target\":[\"https:\/\/www.truzzer.com\/es\/winkel-per-branche\/\"]}]},{\"@type\":\"ImageObject\",\"inLanguage\":\"es\",\"@id\":\"https:\/\/www.truzzer.com\/es\/winkel-per-branche\/#primaryimage\",\"url\":\"https:\/\/truzzer.com\/wp-content\/uploads\/elementor\/thumbs\/LOreal_logo.svg-rilxshi8uxl3jzru85df842ax6szf0ei0j329sa9v2.png\",\"contentUrl\":\"https:\/\/truzzer.com\/wp-content\/uploads\/elementor\/thumbs\/LOreal_logo.svg-rilxshi8uxl3jzru85df842ax6szf0ei0j329sa9v2.png\"},{\"@type\":\"BreadcrumbList\",\"@id\":\"https:\/\/www.truzzer.com\/es\/winkel-per-branche\/#breadcrumb\",\"itemListElement\":[{\"@type\":\"ListItem\",\"position\":1,\"name\":\"Home\",\"item\":\"https:\/\/www.truzzer.com\/es\/\"},{\"@type\":\"ListItem\",\"position\":2,\"name\":\"Winkel por sucursal\"}]},{\"@type\":\"WebSite\",\"@id\":\"https:\/\/www.truzzer.com\/es\/#website\",\"url\":\"https:\/\/www.truzzer.com\/es\/\",\"name\":\"truzzer\",\"description\":\"Experts for customer trust\",\"publisher\":{\"@id\":\"https:\/\/www.truzzer.com\/es\/#organization\"},\"potentialAction\":[{\"@type\":\"SearchAction\",\"target\":{\"@type\":\"EntryPoint\",\"urlTemplate\":\"https:\/\/www.truzzer.com\/es\/?s={search_term_string}\"},\"query-input\":{\"@type\":\"PropertyValueSpecification\",\"valueRequired\":true,\"valueName\":\"search_term_string\"}}],\"inLanguage\":\"es\"},{\"@type\":\"Organization\",\"@id\":\"https:\/\/www.truzzer.com\/es\/#organization\",\"name\":\"truzzer\",\"url\":\"https:\/\/www.truzzer.com\/es\/\",\"logo\":{\"@type\":\"ImageObject\",\"inLanguage\":\"es\",\"@id\":\"https:\/\/www.truzzer.com\/es\/#\/schema\/logo\/image\/\",\"url\":\"https:\/\/truzzer.com\/wp-content\/uploads\/2026\/01\/truzzer-logo-black-1.svg\",\"contentUrl\":\"https:\/\/truzzer.com\/wp-content\/uploads\/2026\/01\/truzzer-logo-black-1.svg\",\"width\":938,\"height\":199,\"caption\":\"truzzer\"},\"image\":{\"@id\":\"https:\/\/www.truzzer.com\/es\/#\/schema\/logo\/image\/\"}}]}<\/script>\n<!-- \/ Yoast SEO plugin. -->","yoast_head_json":{"title":"Winkel por sucursal | truzzer","robots":{"index":"index","follow":"follow","max-snippet":"max-snippet:-1","max-image-preview":"max-image-preview:large","max-video-preview":"max-video-preview:-1"},"canonical":"https:\/\/www.truzzer.com\/es\/winkel-per-branche\/","og_locale":"es_ES","og_type":"article","og_title":"Winkel por sucursal | truzzer","og_description":"\u00bfQuieres saber truzzer? truzzer es una pieza clave que se activa y se combina con NFC-, QR- y softwaregebaseerde klantinteractieoplossingen en de","og_url":"https:\/\/www.truzzer.com\/es\/winkel-per-branche\/","og_site_name":"truzzer","article_modified_time":"2026-02-13T07:58:06+00:00","og_image":[{"url":"https:\/\/truzzer.com\/wp-content\/uploads\/elementor\/thumbs\/LOreal_logo.svg-rilxshi8uxl3jzru85df842ax6szf0ei0j329sa9v2.png","type":"","width":"","height":""}],"twitter_card":"summary_large_image","schema":{"@context":"https:\/\/schema.org","@graph":[{"@type":"WebPage","@id":"https:\/\/www.truzzer.com\/es\/winkel-per-branche\/","url":"https:\/\/www.truzzer.com\/es\/winkel-per-branche\/","name":"Winkel por sucursal | truzzer","isPartOf":{"@id":"https:\/\/www.truzzer.com\/es\/#website"},"primaryImageOfPage":{"@id":"https:\/\/www.truzzer.com\/es\/winkel-per-branche\/#primaryimage"},"image":{"@id":"https:\/\/www.truzzer.com\/es\/winkel-per-branche\/#primaryimage"},"thumbnailUrl":"https:\/\/truzzer.com\/wp-content\/uploads\/elementor\/thumbs\/LOreal_logo.svg-rilxshi8uxl3jzru85df842ax6szf0ei0j329sa9v2.png","datePublished":"2026-02-07T13:33:41+00:00","dateModified":"2026-02-13T07:58:06+00:00","breadcrumb":{"@id":"https:\/\/www.truzzer.com\/es\/winkel-per-branche\/#breadcrumb"},"inLanguage":"es","potentialAction":[{"@type":"ReadAction","target":["https:\/\/www.truzzer.com\/es\/winkel-per-branche\/"]}]},{"@type":"ImageObject","inLanguage":"es","@id":"https:\/\/www.truzzer.com\/es\/winkel-per-branche\/#primaryimage","url":"https:\/\/truzzer.com\/wp-content\/uploads\/elementor\/thumbs\/LOreal_logo.svg-rilxshi8uxl3jzru85df842ax6szf0ei0j329sa9v2.png","contentUrl":"https:\/\/truzzer.com\/wp-content\/uploads\/elementor\/thumbs\/LOreal_logo.svg-rilxshi8uxl3jzru85df842ax6szf0ei0j329sa9v2.png"},{"@type":"BreadcrumbList","@id":"https:\/\/www.truzzer.com\/es\/winkel-per-branche\/#breadcrumb","itemListElement":[{"@type":"ListItem","position":1,"name":"Home","item":"https:\/\/www.truzzer.com\/es\/"},{"@type":"ListItem","position":2,"name":"Winkel por sucursal"}]},{"@type":"WebSite","@id":"https:\/\/www.truzzer.com\/es\/#website","url":"https:\/\/www.truzzer.com\/es\/","name":"truzzer","description":"Experts for customer trust","publisher":{"@id":"https:\/\/www.truzzer.com\/es\/#organization"},"potentialAction":[{"@type":"SearchAction","target":{"@type":"EntryPoint","urlTemplate":"https:\/\/www.truzzer.com\/es\/?s={search_term_string}"},"query-input":{"@type":"PropertyValueSpecification","valueRequired":true,"valueName":"search_term_string"}}],"inLanguage":"es"},{"@type":"Organization","@id":"https:\/\/www.truzzer.com\/es\/#organization","name":"truzzer","url":"https:\/\/www.truzzer.com\/es\/","logo":{"@type":"ImageObject","inLanguage":"es","@id":"https:\/\/www.truzzer.com\/es\/#\/schema\/logo\/image\/","url":"https:\/\/truzzer.com\/wp-content\/uploads\/2026\/01\/truzzer-logo-black-1.svg","contentUrl":"https:\/\/truzzer.com\/wp-content\/uploads\/2026\/01\/truzzer-logo-black-1.svg","width":938,"height":199,"caption":"truzzer"},"image":{"@id":"https:\/\/www.truzzer.com\/es\/#\/schema\/logo\/image\/"}}]}},"_links":{"self":[{"href":"https:\/\/www.truzzer.com\/es\/wp-json\/wp\/v2\/pages\/92375","targetHints":{"allow":["GET"]}}],"collection":[{"href":"https:\/\/www.truzzer.com\/es\/wp-json\/wp\/v2\/pages"}],"about":[{"href":"https:\/\/www.truzzer.com\/es\/wp-json\/wp\/v2\/types\/page"}],"author":[{"embeddable":true,"href":"https:\/\/www.truzzer.com\/es\/wp-json\/wp\/v2\/users\/2"}],"replies":[{"embeddable":true,"href":"https:\/\/www.truzzer.com\/es\/wp-json\/wp\/v2\/comments?post=92375"}],"version-history":[{"count":0,"href":"https:\/\/www.truzzer.com\/es\/wp-json\/wp\/v2\/pages\/92375\/revisions"}],"wp:attachment":[{"href":"https:\/\/www.truzzer.com\/es\/wp-json\/wp\/v2\/media?parent=92375"}],"curies":[{"name":"wp","href":"https:\/\/api.w.org\/{rel}","templated":true}]}}