{"id":97268,"date":"2026-02-04T15:43:35","date_gmt":"2026-02-04T15:43:35","guid":{"rendered":"https:\/\/beta.truzzer.com\/legal-information\/"},"modified":"2026-02-13T08:22:12","modified_gmt":"2026-02-13T08:22:12","slug":"legal-information","status":"publish","type":"page","link":"https:\/\/www.truzzer.com\/es\/legal-information\/","title":{"rendered":"Informaci\u00f3n Legal"},"content":{"rendered":"<article class=\"entrada-contenido post-22029 tipo de p\u00e1gina-estado de p\u00e1gina-publicaci\u00f3n hentry\" id=\"post-22029\">\n<p><strong>\u00a0<\/strong><\/p>\n<p>truzzer.com, un producto de eKomi Inc.<\/p>\n<p>9100 Wilshire Boulevard, #725 E<br \/>\nBeverly Hills, CA 90210<\/p>\n<p><strong>N\u00famero de identificaci\u00f3n del empleador 46-3575280\u00a0 <\/strong><\/p>\n<h4><strong>Contacto:<\/strong><\/h4>\n<p>Tel\u00e9fono:<\/p>\n<p>NL: +31 0137009709<\/p>\n<p>EE.UU.: +1 844-356-6487<br \/>\nTI: +39 800727483<br \/>\nFR: +33-185149756<br \/>\nReino Unido: +49 030 2000 444 999<br \/>\nES: +34 911238286<\/p>\n<p>(Las preguntas ser\u00e1n respondidas dentro de las 24 horas)<\/p>\n<p>Fax: +49 030 2000 444 998<\/p>\n<p>Correo electr\u00f3nico: <a class=\"__cf_email__\" data-cfemail=\"a2cac7cececde2d6d0d7d8d8c7d08cc1cdcf\" href=\"\/cdn-cgi\/l\/email-protection\">[correo electr\u00f3nico protegido]<\/a><\/p>\n<p>De conformidad con el art\u00edculo 36 de la Ley alemana de resoluci\u00f3n de litigios en materia de consumo (Verbraucherstreitbeilegungsgesetz), estamos obligados a informarle sobre la plataforma europea de resoluci\u00f3n de litigios en l\u00ednea (plataforma ODR) proporcionada por la Comisi\u00f3n Europea, que se puede encontrar en:<\/p>\n<p>https:\/\/ec.europa.eu\/consumers\/odr.<\/p>\n<p>eKomi Holding GmbH no participa en procedimientos en esta plataforma ni en otros procedimientos de resoluci\u00f3n de disputas llevados a cabo por un organismo de arbitraje, ni est\u00e1 obligado a hacerlo.<\/p>\n<p><\/art\u00edculo><\/p>\n","protected":false},"excerpt":{"rendered":"<p>\u00a0 truzzer.com, un producto de eKomi Inc. 9100 Wilshire Boulevard, #725 E Beverly Hills, CA 90210 N\u00famero de identificaci\u00f3n del<\/p>\n","protected":false},"author":1,"featured_media":0,"parent":0,"menu_order":0,"comment_status":"closed","ping_status":"closed","template":"","meta":{"_acf_changed":false,"_yoast_wpseo_focuskw":"","_yoast_wpseo_title":"","_yoast_wpseo_metadesc":"","footnotes":""},"class_list":["post-97268","page","type-page","status-publish","hentry"],"acf":[],"yoast_head":"<!-- This site is optimized with the Yoast SEO plugin v27.0 - https:\/\/yoast.com\/product\/yoast-seo-wordpress\/ -->\n<title>Informaci\u00f3n Legal | truzzer<\/title>\n<meta name=\"robots\" content=\"index, follow, max-snippet:-1, max-image-preview:large, max-video-preview:-1\" \/>\n<link rel=\"canonical\" href=\"https:\/\/www.truzzer.com\/es\/legal-information\/\" \/>\n<meta property=\"og:locale\" content=\"es_ES\" \/>\n<meta property=\"og:type\" content=\"article\" \/>\n<meta property=\"og:title\" content=\"Informaci\u00f3n Legal | truzzer\" \/>\n<meta property=\"og:description\" content=\"\u00a0 truzzer.com, un producto de eKomi Inc. 9100 Wilshire Boulevard, #725 E Beverly Hills, CA 90210 N\u00famero de identificaci\u00f3n del\" \/>\n<meta property=\"og:url\" content=\"https:\/\/www.truzzer.com\/es\/legal-information\/\" \/>\n<meta property=\"og:site_name\" content=\"truzzer\" \/>\n<meta property=\"article:modified_time\" content=\"2026-02-13T08:22:12+00:00\" \/>\n<meta name=\"twitter:card\" content=\"summary_large_image\" \/>\n<meta name=\"twitter:label1\" content=\"Tiempo de lectura\" \/>\n\t<meta name=\"twitter:data1\" content=\"1 minuto\" \/>\n<script type=\"application\/ld+json\" class=\"yoast-schema-graph\">{\"@context\":\"https:\/\/schema.org\",\"@graph\":[{\"@type\":\"WebPage\",\"@id\":\"https:\/\/www.truzzer.com\/es\/legal-information\/\",\"url\":\"https:\/\/www.truzzer.com\/es\/legal-information\/\",\"name\":\"Informaci\u00f3n Legal | truzzer\",\"isPartOf\":{\"@id\":\"https:\/\/www.truzzer.com\/es\/#website\"},\"datePublished\":\"2026-02-04T15:43:35+00:00\",\"dateModified\":\"2026-02-13T08:22:12+00:00\",\"breadcrumb\":{\"@id\":\"https:\/\/www.truzzer.com\/es\/legal-information\/#breadcrumb\"},\"inLanguage\":\"es\",\"potentialAction\":[{\"@type\":\"ReadAction\",\"target\":[\"https:\/\/www.truzzer.com\/es\/legal-information\/\"]}]},{\"@type\":\"BreadcrumbList\",\"@id\":\"https:\/\/www.truzzer.com\/es\/legal-information\/#breadcrumb\",\"itemListElement\":[{\"@type\":\"ListItem\",\"position\":1,\"name\":\"Home\",\"item\":\"https:\/\/www.truzzer.com\/es\/\"},{\"@type\":\"ListItem\",\"position\":2,\"name\":\"Informaci\u00f3n Legal\"}]},{\"@type\":\"WebSite\",\"@id\":\"https:\/\/www.truzzer.com\/es\/#website\",\"url\":\"https:\/\/www.truzzer.com\/es\/\",\"name\":\"truzzer\",\"description\":\"Experts for customer trust\",\"publisher\":{\"@id\":\"https:\/\/www.truzzer.com\/es\/#organization\"},\"potentialAction\":[{\"@type\":\"SearchAction\",\"target\":{\"@type\":\"EntryPoint\",\"urlTemplate\":\"https:\/\/www.truzzer.com\/es\/?s={search_term_string}\"},\"query-input\":{\"@type\":\"PropertyValueSpecification\",\"valueRequired\":true,\"valueName\":\"search_term_string\"}}],\"inLanguage\":\"es\"},{\"@type\":\"Organization\",\"@id\":\"https:\/\/www.truzzer.com\/es\/#organization\",\"name\":\"truzzer\",\"url\":\"https:\/\/www.truzzer.com\/es\/\",\"logo\":{\"@type\":\"ImageObject\",\"inLanguage\":\"es\",\"@id\":\"https:\/\/www.truzzer.com\/es\/#\/schema\/logo\/image\/\",\"url\":\"https:\/\/truzzer.com\/wp-content\/uploads\/2026\/01\/truzzer-logo-black-1.svg\",\"contentUrl\":\"https:\/\/truzzer.com\/wp-content\/uploads\/2026\/01\/truzzer-logo-black-1.svg\",\"width\":938,\"height\":199,\"caption\":\"truzzer\"},\"image\":{\"@id\":\"https:\/\/www.truzzer.com\/es\/#\/schema\/logo\/image\/\"}}]}<\/script>\n<!-- \/ Yoast SEO plugin. -->","yoast_head_json":{"title":"Informaci\u00f3n Legal | truzzer","robots":{"index":"index","follow":"follow","max-snippet":"max-snippet:-1","max-image-preview":"max-image-preview:large","max-video-preview":"max-video-preview:-1"},"canonical":"https:\/\/www.truzzer.com\/es\/legal-information\/","og_locale":"es_ES","og_type":"article","og_title":"Informaci\u00f3n Legal | truzzer","og_description":"\u00a0 truzzer.com, un producto de eKomi Inc. 9100 Wilshire Boulevard, #725 E Beverly Hills, CA 90210 N\u00famero de identificaci\u00f3n del","og_url":"https:\/\/www.truzzer.com\/es\/legal-information\/","og_site_name":"truzzer","article_modified_time":"2026-02-13T08:22:12+00:00","twitter_card":"summary_large_image","twitter_misc":{"Tiempo de lectura":"1 minuto"},"schema":{"@context":"https:\/\/schema.org","@graph":[{"@type":"WebPage","@id":"https:\/\/www.truzzer.com\/es\/legal-information\/","url":"https:\/\/www.truzzer.com\/es\/legal-information\/","name":"Informaci\u00f3n Legal | truzzer","isPartOf":{"@id":"https:\/\/www.truzzer.com\/es\/#website"},"datePublished":"2026-02-04T15:43:35+00:00","dateModified":"2026-02-13T08:22:12+00:00","breadcrumb":{"@id":"https:\/\/www.truzzer.com\/es\/legal-information\/#breadcrumb"},"inLanguage":"es","potentialAction":[{"@type":"ReadAction","target":["https:\/\/www.truzzer.com\/es\/legal-information\/"]}]},{"@type":"BreadcrumbList","@id":"https:\/\/www.truzzer.com\/es\/legal-information\/#breadcrumb","itemListElement":[{"@type":"ListItem","position":1,"name":"Home","item":"https:\/\/www.truzzer.com\/es\/"},{"@type":"ListItem","position":2,"name":"Informaci\u00f3n Legal"}]},{"@type":"WebSite","@id":"https:\/\/www.truzzer.com\/es\/#website","url":"https:\/\/www.truzzer.com\/es\/","name":"truzzer","description":"Experts for customer trust","publisher":{"@id":"https:\/\/www.truzzer.com\/es\/#organization"},"potentialAction":[{"@type":"SearchAction","target":{"@type":"EntryPoint","urlTemplate":"https:\/\/www.truzzer.com\/es\/?s={search_term_string}"},"query-input":{"@type":"PropertyValueSpecification","valueRequired":true,"valueName":"search_term_string"}}],"inLanguage":"es"},{"@type":"Organization","@id":"https:\/\/www.truzzer.com\/es\/#organization","name":"truzzer","url":"https:\/\/www.truzzer.com\/es\/","logo":{"@type":"ImageObject","inLanguage":"es","@id":"https:\/\/www.truzzer.com\/es\/#\/schema\/logo\/image\/","url":"https:\/\/truzzer.com\/wp-content\/uploads\/2026\/01\/truzzer-logo-black-1.svg","contentUrl":"https:\/\/truzzer.com\/wp-content\/uploads\/2026\/01\/truzzer-logo-black-1.svg","width":938,"height":199,"caption":"truzzer"},"image":{"@id":"https:\/\/www.truzzer.com\/es\/#\/schema\/logo\/image\/"}}]}},"_links":{"self":[{"href":"https:\/\/www.truzzer.com\/es\/wp-json\/wp\/v2\/pages\/97268","targetHints":{"allow":["GET"]}}],"collection":[{"href":"https:\/\/www.truzzer.com\/es\/wp-json\/wp\/v2\/pages"}],"about":[{"href":"https:\/\/www.truzzer.com\/es\/wp-json\/wp\/v2\/types\/page"}],"author":[{"embeddable":true,"href":"https:\/\/www.truzzer.com\/es\/wp-json\/wp\/v2\/users\/1"}],"replies":[{"embeddable":true,"href":"https:\/\/www.truzzer.com\/es\/wp-json\/wp\/v2\/comments?post=97268"}],"version-history":[{"count":0,"href":"https:\/\/www.truzzer.com\/es\/wp-json\/wp\/v2\/pages\/97268\/revisions"}],"wp:attachment":[{"href":"https:\/\/www.truzzer.com\/es\/wp-json\/wp\/v2\/media?parent=97268"}],"curies":[{"name":"wp","href":"https:\/\/api.w.org\/{rel}","templated":true}]}}